{"id":47302,"date":"2024-04-09T10:56:08","date_gmt":"2024-04-09T14:56:08","guid":{"rendered":"https:\/\/www.sisinternational.com\/?page_id=47302"},"modified":"2026-01-26T14:36:43","modified_gmt":"2026-01-26T19:36:43","slug":"marktforschung-fur-schwangerschaftsprodukte","status":"publish","type":"page","link":"https:\/\/www.sisinternational.com\/de\/sachverstand\/marktforschung-fur-schwangerschaftsprodukte\/","title":{"rendered":"Marktforschung f\u00fcr Schwangerschaftsprodukte"},"content":{"rendered":"<h1 class=\"wp-block-heading\">Marktforschung f\u00fcr Schwangerschaftsprodukte<\/h1>\n\n\n\n<figure class=\"gb-block-image gb-block-image-7a3e8c04\"><img loading=\"lazy\" decoding=\"async\" width=\"1456\" height=\"816\" class=\"gb-image gb-image-7a3e8c04\" src=\"https:\/\/www.sisinternational.com\/wp-content\/uploads\/2025\/08\/Pregnancy-4.jpg\" alt=\"SIS International Marktforschung &amp; Strategie\" title=\"Pregnancy (4)\" srcset=\"https:\/\/www.sisinternational.com\/wp-content\/uploads\/2025\/08\/Pregnancy-4.jpg 1456w, https:\/\/www.sisinternational.com\/wp-content\/uploads\/2025\/08\/Pregnancy-4-300x168.jpg 300w, https:\/\/www.sisinternational.com\/wp-content\/uploads\/2025\/08\/Pregnancy-4-1024x574.jpg 1024w, https:\/\/www.sisinternational.com\/wp-content\/uploads\/2025\/08\/Pregnancy-4-768x430.jpg 768w, https:\/\/www.sisinternational.com\/wp-content\/uploads\/2025\/08\/Pregnancy-4-18x10.jpg 18w\" sizes=\"auto, (max-width: 1456px) 100vw, 1456px\"><\/figure>\n\n\n\n<hr class=\"wp-block-separator has-alpha-channel-opacity is-style-dots\"\/>\n\n\n\n<p>Nutzen Unternehmen den st\u00e4ndig wachsenden Markt f\u00fcr Schwangerschaftsprodukte effektiv aus? Werdende Eltern suchen das Beste f\u00fcr ihren Weg in die Elternschaft, daher ist es entscheidend, die Nuancen dieses Marktes zu verstehen. Aus diesem Grund analysiert die Marktforschung f\u00fcr Schwangerschaftsprodukte den Markt, um die Strategien und Erkenntnisse aufzudecken, die Unternehmen ben\u00f6tigen, um in diesem dynamischen Umfeld erfolgreich zu sein.<\/p>\n\n\n\n<h2 class=\"wp-block-heading\">What Is Pregnancy product market research?<\/h2>\n\n\n\n<p>Pregnancy <a href=\"https:\/\/www.sisinternational.com\/de\/kennzeichnung-von-nahrungsmitteln-in-asien\/\" title=\"Kennzeichnung und Ern\u00e4hrungsprodukte in Asien Marktforschung\"  data-wpil-monitor-id=\"2482\">product market research<\/a> analyzes the market dynamics, consumer behaviors, and product preferences within products catering to expectant parents and their newborns. This research studies various facets, including the types of products sought during pregnancy, factors influencing purchasing decisions, preferred distribution channels, and emerging market landscape trends.<\/p>\n\n\n\n<h2 class=\"wp-block-heading\">Warum ist es wichtig?<\/h2>\n\n\n\n<p>Pregnancy <a href=\"https:\/\/www.sisinternational.com\/de\/sachverstand\/branchen\/marktforschung-zur-produktuberlegenheit\/\" title=\"Marktforschung zur Produkt\u00fcberlegenheit\"  data-wpil-monitor-id=\"5785\">product market research<\/a> enables businesses to identify untapped market opportunities and emerging trends within the industry. Companies can pinpoint niche segments by analyzing consumer preferences, market trends, and competitor offerings and develop innovative products and services that address unmet needs. This proactive approach allows businesses to capitalize on market gaps and gain a competitive edge in the crowded pregnancy product market.<\/p>\n\n\n\n<p>Dar\u00fcber hinaus hilft die Durchf\u00fchrung von Marktforschung zu Schwangerschaftsprodukten Unternehmen dabei, ihre Produktentwicklungsbem\u00fchungen zu optimieren, indem sie Einblicke in Verbraucherpr\u00e4ferenzen, Produktmerkmale und Preisstrategien gewinnen. Indem Unternehmen durch Umfragen, Fokusgruppen und Produkttests Feedback von werdenden Eltern sammeln, k\u00f6nnen sie ihr Produktangebot verfeinern, um es besser auf die Erwartungen und Vorlieben der Kunden abzustimmen.<\/p>\n\n\n\n<p>Ebenso liefert die Marktforschung zu Schwangerschaftsprodukten Unternehmen wertvolle Erkenntnisse, die ihre Marketingstrategien und -botschaften beeinflussen. Wenn Unternehmen die Kan\u00e4le und Kontaktpunkte kennen und verstehen, die werdende Eltern nutzen, um Informationen zu sammeln und Kaufentscheidungen zu treffen, k\u00f6nnen sie ihre Marketingbem\u00fchungen so anpassen, dass sie ihre Zielgruppe effektiv erreichen.<\/p>\n\n\n\n<p>In jedem Fall bietet es einige zus\u00e4tzliche Vorteile wie:<\/p>\n\n\n\n<p><strong>Verbrauchereinblicke:<\/strong> Market research gives businesses valuable insights into consumer preferences, behaviors, and trends. By understanding the needs and desires of expectant parents, businesses can tailor their product offerings to meet customer demands and preferences.<\/p>\n\n\n\n<p><strong>Wettbewerbsvorteil:<\/strong> Durch eine gr\u00fcndliche Marktforschung k\u00f6nnen Unternehmen einen Wettbewerbsvorteil erlangen, indem sie Branchentrends und Strategien der Konkurrenz immer einen Schritt voraus sind.<\/p>\n\n\n\n<p><strong>Risikominderung:<\/strong> Marktforschung hilft Unternehmen, die mit der Produktentwicklung und den Marketingbem\u00fchungen verbundenen Risiken zu mindern.<\/p>\n\n\n\n<h2 class=\"wp-block-heading\">Who Uses Pregnancy product market research<\/h2>\n\n\n\n<p>Gesundheitsdienstleister spielen im \u00d6kosystem der Schwangerschaftsprodukte eine Schl\u00fcsselrolle. Diese Fachleute k\u00f6nnen ihren Patientinnen je nach ihren Bed\u00fcrfnissen und Umst\u00e4nden bestimmte Produkte empfehlen und so sicherstellen, dass werdende Eltern auf die Ressourcen und Unterst\u00fctzung zugreifen k\u00f6nnen, die sie f\u00fcr eine gesunde und positive Schwangerschaftserfahrung ben\u00f6tigen.<\/p>\n\n\n\n<p>Einzelh\u00e4ndler und E-Commerce-Plattformen dienen als prim\u00e4re Vertriebskan\u00e4le f\u00fcr Schwangerschaftsprodukte und bieten eine gro\u00dfe Auswahl an Artikeln, um den vielf\u00e4ltigen Bed\u00fcrfnissen werdender Eltern gerecht zu werden. Zu den Einzelh\u00e4ndlern k\u00f6nnen Fachgesch\u00e4fte f\u00fcr Schwangerschaftsprodukte, Kaufh\u00e4user, Apotheken und Online-Marktpl\u00e4tze geh\u00f6ren, die werdenden Eltern bequemen Zugang zu wichtigen Schwangerschaftsprodukten und -ressourcen bieten.<\/p>\n\n\n\n<h2 class=\"wp-block-heading\">Schl\u00fcsselfiguren <\/h2>\n\n\n\n<p>Der Markt f\u00fcr Schwangerschaftsprodukte wird von mehreren Hauptakteuren gepr\u00e4gt, die eine breite Palette an Produkten und Dienstleistungen anbieten, die auf die Bed\u00fcrfnisse werdender Eltern zugeschnitten sind. Zu den Hauptakteuren auf dem Markt f\u00fcr Schwangerschaftsprodukte geh\u00f6ren:<\/p>\n\n\n\n<ul class=\"wp-block-list\">\n<li><strong>Johnson &amp; Johnson:<\/strong> Johnson &amp; Johnson ist ein multinationaler Konzern, der eine breite Palette an Gesundheitsprodukten anbietet, darunter auch schwangerschaftsbezogene Artikel wie pr\u00e4natale Vitamine, Hautpflegeprodukte und Babypflegeprodukte.<\/li>\n\n\n\n<li><strong>Procter &amp; Gamble (P&amp;G):<\/strong> P&amp;G ist ein weiterer wichtiger Akteur auf dem Markt f\u00fcr Schwangerschaftsprodukte und bietet eine Vielzahl von Marken und Produkten f\u00fcr werdende Eltern an. Von Schwangerschaftsbinden und Still-BHs bis hin zu Babyt\u00fcchern und Windelzubeh\u00f6r umfasst das Portfolio von P&amp;G zahlreiche Produkte, die Familien w\u00e4hrend der Schwangerschaft und in der Zeit nach der Geburt unterst\u00fctzen sollen.<\/li>\n\n\n\n<li><strong>Mutterpflege:<\/strong> Mothercare ist ein weltweit t\u00e4tiger Einzelh\u00e4ndler, der sich auf Umstandsmode, Babykleidung, Kinderzimmerm\u00f6bel und andere Schwangerschafts- und Elternartikel spezialisiert hat. Mit einem starken Fokus auf Produktqualit\u00e4t, Sicherheit und Erschwinglichkeit ist Mothercare zu einer Anlaufstelle f\u00fcr werdende Eltern geworden, die hochwertige Schwangerschaftsprodukte suchen.<\/li>\n<\/ul>\n\n\n\n<h2 class=\"wp-block-heading\">Gelegenheiten<\/h2>\n\n\n\n<figure class=\"gb-block-image gb-block-image-a43cc9f0\"><img loading=\"lazy\" decoding=\"async\" width=\"1456\" height=\"816\" class=\"gb-image gb-image-a43cc9f0\" src=\"https:\/\/www.sisinternational.com\/wp-content\/uploads\/2025\/08\/Pregnancy-3.jpg\" alt=\"SIS International Marktforschung &amp; Strategie\" title=\"Pregnancy (3)\" srcset=\"https:\/\/www.sisinternational.com\/wp-content\/uploads\/2025\/08\/Pregnancy-3.jpg 1456w, https:\/\/www.sisinternational.com\/wp-content\/uploads\/2025\/08\/Pregnancy-3-300x168.jpg 300w, https:\/\/www.sisinternational.com\/wp-content\/uploads\/2025\/08\/Pregnancy-3-1024x574.jpg 1024w, https:\/\/www.sisinternational.com\/wp-content\/uploads\/2025\/08\/Pregnancy-3-768x430.jpg 768w, https:\/\/www.sisinternational.com\/wp-content\/uploads\/2025\/08\/Pregnancy-3-18x10.jpg 18w\" sizes=\"auto, (max-width: 1456px) 100vw, 1456px\"><\/figure>\n\n\n\n<p><\/p>\n\n\n\n<p>Der Markt f\u00fcr Schwangerschaftsprodukte bietet viele M\u00f6glichkeiten f\u00fcr Unternehmen, die in diese dynamische Branche einsteigen oder ihre Pr\u00e4senz dort ausbauen m\u00f6chten. Hier sind einige wichtige M\u00f6glichkeiten:<\/p>\n\n\n\n<ul class=\"wp-block-list\">\n<li><strong>Innovative Produktentwicklung:<\/strong> Die sich ver\u00e4ndernden Bed\u00fcrfnisse und Vorlieben werdender Eltern bieten Unternehmen die M\u00f6glichkeit, innovativ zu sein und neue Schwangerschaftsprodukte zu entwickeln, die unerf\u00fcllte Bed\u00fcrfnisse ansprechen oder einzigartige Funktionen und Vorteile bieten. Ob es um die Entwicklung umweltfreundlicher Umstandsmode, die Einf\u00fchrung personalisierter pr\u00e4nataler Nahrungserg\u00e4nzungsmittel oder die Entwicklung intelligenter Babyphones geht \u2013 Unternehmen k\u00f6nnen sich durch innovative L\u00f6sungen, die bei modernen Eltern Anklang finden, von der Masse abheben.<\/li>\n\n\n\n<li><strong>Gesundheits- und Wellnesstrends:<\/strong> Die zunehmende Bedeutung von Gesundheit und Wohlbefinden bei werdenden Eltern er\u00f6ffnet Unternehmen M\u00f6glichkeiten, Schwangerschaftsprodukte zu entwickeln und zu vermarkten, die das ganzheitliche Wohlbefinden f\u00f6rdern und eine gesunde Schwangerschaft unterst\u00fctzen. Von Bio-Hautpflegeprodukten und nat\u00fcrlichen Nahrungserg\u00e4nzungsmitteln bis hin zu Fitnessger\u00e4ten und Wellness-Dienstleistungen k\u00f6nnen Unternehmen gesundheitsbewusste Verbrauchertrends nutzen und ihre Produkte als wesentliche Bestandteile eines gesunden Lebensstils w\u00e4hrend der Schwangerschaft positionieren.<\/li>\n\n\n\n<li><strong>Personalisierung und Anpassung:<\/strong> Werdende Eltern suchen nach personalisierten Erlebnissen und ma\u00dfgeschneiderten L\u00f6sungen, die ihren Bed\u00fcrfnissen und Vorlieben entsprechen. Unternehmen k\u00f6nnen von diesem Trend profitieren, indem sie individuell anpassbare Schwangerschaftsprodukte und -dienstleistungen anbieten, wie etwa personalisierte Umstandsmode, individuell angepasste pr\u00e4natale Vitamine oder ma\u00dfgeschneiderte Babyausstattung.<\/li>\n<\/ul>\n\n\n\n<h2 class=\"wp-block-heading\">The SIS Advantage<\/h2>\n\n\n\n<p><a href=\"https:\/\/www.sisinternational.com\/de\/ostern-und-der-unvermeidliche-schokoladenhase\/\" title=\"Ostermarktforschung\"  data-wpil-monitor-id=\"3622\">SIS International offers specialized pregnancy product market<\/a> research services designed to provide businesses with actionable insights and strategic guidance to navigate the complexities of the pregnancy product market. Here&#8217;s how SIS International&#8217;s research services can help businesses:<\/p>\n\n\n\n<ul class=\"wp-block-list\">\n<li><strong>Ma\u00dfgeschneiderte Forschungsl\u00f6sungen:<\/strong> We work closely with businesses to develop customized research solutions tailored to their objectives, challenges, and target audience. SIS International designs research methodologies that deliver relevant and actionable insights to inform business decision-making in the <a href=\"https:\/\/www.sisinternational.com\/de\/analyse-der-textilindustrie\/\" title=\"Textilmarktforschung\"  data-wpil-monitor-id=\"2051\">pregnancy product<\/a> market.<\/li>\n\n\n\n<li><strong>Umfassende Branchenkenntnisse:<\/strong> With years of experience in <a href=\"https:\/\/www.sisinternational.com\/de\/sachverstand\/branchen\/deep-learning-marktforschung\/\" title=\"Deep Learning Marktforschung\"  data-wpil-monitor-id=\"6125\">Marktforschung<\/a> and a deep understanding of the pregnancy product market, SIS brings industry expertise and insights to every research project. Our team of <a href=\"https:\/\/www.sisinternational.com\/de\/abdeckung\/die-amerikaner\/marktforschung-kanada\/marktforschung-nova-scotia-kanada\/\" title=\"Marktforschung in Nova Scotia\"  data-wpil-monitor-id=\"4632\">researchers<\/a> and analysts possesses specialized knowledge of market trends, consumer behaviors, and competitive dynamics within the pregnancy product industry, enabling businesses to benefit from expert guidance and strategic recommendations that drive success.<\/li>\n\n\n\n<li><strong>Datengesteuerte Erkenntnisse:<\/strong> SIS International verwendet strenge Methoden zur Datenerfassung und -analyse, um Marktdaten, Kundenfeedback und Wettbewerbsinformationen zu sammeln und zu analysieren. Durch den Einsatz fortschrittlicher Analyse- und Statistiktechniken deckt SIS International umsetzbare Erkenntnisse und Trends auf, die es Unternehmen erm\u00f6glichen, fundierte Entscheidungen zu treffen und gezielte Strategien zu entwickeln, um Marktchancen zu nutzen und Herausforderungen auf dem Markt f\u00fcr Schwangerschaftsprodukte zu meistern.<\/li>\n\n\n\n<li><strong>Langfristige Partnerschaften:<\/strong> SIS International pflegt langfristige Partnerschaften mit Kunden und bietet kontinuierliche Unterst\u00fctzung und Zusammenarbeit, um Unternehmen dabei zu helfen, auf dem Markt f\u00fcr Schwangerschaftsprodukte erfolgreich zu sein. Von der anf\u00e4nglichen Forschungsplanung und -durchf\u00fchrung bis hin zur laufenden \u00dcberwachung und Analyse arbeitet SIS International bei jedem Schritt mit Unternehmen zusammen und bietet kontinuierliche Unterst\u00fctzung und Beratung, um ihren Erfolg in der dynamischen und sich entwickelnden Schwangerschaftsproduktbranche sicherzustellen.<\/li>\n<\/ul>\n\n\n\n<p><\/p>","protected":false},"excerpt":{"rendered":"<p>Die Marktforschung f\u00fcr Schwangerschaftsprodukte analysiert den Markt, das Verhalten und die Pr\u00e4ferenzen in Bezug auf Produkte f\u00fcr werdende Eltern und Neugeborene.<\/p>","protected":false},"author":1,"featured_media":64843,"parent":14514,"menu_order":438,"comment_status":"closed","ping_status":"closed","template":"","meta":{"footnotes":""},"class_list":["post-47302","page","type-page","status-publish","has-post-thumbnail"],"_links":{"self":[{"href":"https:\/\/www.sisinternational.com\/de\/wp-json\/wp\/v2\/pages\/47302","targetHints":{"allow":["GET"]}}],"collection":[{"href":"https:\/\/www.sisinternational.com\/de\/wp-json\/wp\/v2\/pages"}],"about":[{"href":"https:\/\/www.sisinternational.com\/de\/wp-json\/wp\/v2\/types\/page"}],"author":[{"embeddable":true,"href":"https:\/\/www.sisinternational.com\/de\/wp-json\/wp\/v2\/users\/1"}],"replies":[{"embeddable":true,"href":"https:\/\/www.sisinternational.com\/de\/wp-json\/wp\/v2\/comments?post=47302"}],"version-history":[{"count":12,"href":"https:\/\/www.sisinternational.com\/de\/wp-json\/wp\/v2\/pages\/47302\/revisions"}],"predecessor-version":[{"id":79743,"href":"https:\/\/www.sisinternational.com\/de\/wp-json\/wp\/v2\/pages\/47302\/revisions\/79743"}],"up":[{"embeddable":true,"href":"https:\/\/www.sisinternational.com\/de\/wp-json\/wp\/v2\/pages\/14514"}],"wp:featuredmedia":[{"embeddable":true,"href":"https:\/\/www.sisinternational.com\/de\/wp-json\/wp\/v2\/media\/64843"}],"wp:attachment":[{"href":"https:\/\/www.sisinternational.com\/de\/wp-json\/wp\/v2\/media?parent=47302"}],"curies":[{"name":"wp","href":"https:\/\/api.w.org\/{rel}","templated":true}]}}