{"id":47298,"date":"2024-04-09T11:20:46","date_gmt":"2024-04-09T15:20:46","guid":{"rendered":"https:\/\/www.sisinternational.com\/?page_id=47298"},"modified":"2026-01-26T19:01:43","modified_gmt":"2026-01-27T00:01:43","slug":"marktforschung-fur-flaschenwasser","status":"publish","type":"page","link":"https:\/\/www.sisinternational.com\/de\/sachverstand\/marktforschung-fur-flaschenwasser\/","title":{"rendered":"Marktforschung f\u00fcr Flaschenwasser"},"content":{"rendered":"<h1 class=\"wp-block-heading\">Marktforschung f\u00fcr Flaschenwasser<\/h1>\n\n\n\n<figure class=\"gb-block-image gb-block-image-913ae9c0\"><img loading=\"lazy\" decoding=\"async\" width=\"1456\" height=\"816\" class=\"gb-image gb-image-913ae9c0\" src=\"https:\/\/www.sisinternational.com\/wp-content\/uploads\/2025\/08\/Bottled-water-2.jpg\" alt=\"SIS International Marktforschung &amp; Strategie\" title=\"Bottled water (2)\" srcset=\"https:\/\/www.sisinternational.com\/wp-content\/uploads\/2025\/08\/Bottled-water-2.jpg 1456w, https:\/\/www.sisinternational.com\/wp-content\/uploads\/2025\/08\/Bottled-water-2-300x168.jpg 300w, https:\/\/www.sisinternational.com\/wp-content\/uploads\/2025\/08\/Bottled-water-2-1024x574.jpg 1024w, https:\/\/www.sisinternational.com\/wp-content\/uploads\/2025\/08\/Bottled-water-2-768x430.jpg 768w, https:\/\/www.sisinternational.com\/wp-content\/uploads\/2025\/08\/Bottled-water-2-18x10.jpg 18w\" sizes=\"auto, (max-width: 1456px) 100vw, 1456px\"><\/figure>\n\n\n\n<hr class=\"wp-block-separator has-alpha-channel-opacity is-style-dots\"\/>\n\n\n\n<p>Durch sorgf\u00e4ltige Marktforschung im Bereich Flaschenwasser liefern die Forscher den Beteiligten umsetzbare Informationen zur Optimierung der Produktentwicklung, der Marketinginitiativen und der allgemeinen Gesch\u00e4ftsleistung innerhalb der Branche.<\/p>\n\n\n\n<h2 class=\"wp-block-heading\">What Is Bottled water market research?<\/h2>\n\n\n\n<p>Bottled water market research analyzes the global bottled water industry, including various aspects such as market trends, consumer behavior, competitive landscape, and regulatory environment. This research involves gathering and analyzing data to uncover valuable insights that can guide business strategies and decision-making processes within the bottled water sector.<\/p>\n\n\n\n<h2 class=\"wp-block-heading\">Warum ist es wichtig?<\/h2>\n\n\n\n<p>Businesses in the bottled <a href=\"https:\/\/www.sisinternational.com\/de\/sachverstand\/branchen\/wassertechnologie-marktforschung\/\" title=\"Marktforschung f\u00fcr Wassertechnologie\"  data-wpil-monitor-id=\"4668\">water industry require market research<\/a> to stay ahead of the curve. It helps them understand shifting consumer demands and tailor their product offerings to effectively meet specific needs and preferences. Moreover, comprehensive market research enables businesses to identify emerging trends and capitalize on new opportunities within the bottled water market.<\/p>\n\n\n\n<p>Dar\u00fcber hinaus liefert die Marktforschung wertvolle Einblicke in die Wettbewerbslandschaft, sodass Unternehmen ihre Position im Vergleich zu den Wettbewerbern einsch\u00e4tzen und Strategien entwickeln k\u00f6nnen, um einen Wettbewerbsvorteil zu erlangen.<\/p>\n\n\n\n<p>In jedem Fall bietet die Durchf\u00fchrung einer gr\u00fcndlichen Marktforschung im Bereich Flaschenwasser mehrere zus\u00e4tzliche Vorteile f\u00fcr Unternehmen der Branche, darunter:<\/p>\n\n\n\n<ul class=\"wp-block-list\">\n<li><strong>Einblick in die Verbraucherpr\u00e4ferenzen:<\/strong> Durch Marktforschung k\u00f6nnen Unternehmen die sich st\u00e4ndig \u00e4ndernden Vorlieben der Verbraucher besser verstehen und Produkte entwickeln, die genau auf die Marktnachfrage abgestimmt sind.<\/li>\n\n\n\n<li><strong>Wettbewerbsanalyse:<\/strong> Durch Marktforschung erhalten Unternehmen wertvolle Einblicke in die Strategien und Taktiken ihrer Wettbewerber.<\/li>\n\n\n\n<li><strong>Identifizierung von Wachstumschancen:<\/strong> Marktanalysen unterst\u00fctzen Unternehmen bei der Identifizierung neuer Trends und unerschlossener Marktsegmente in der Flaschenwasserbranche.<\/li>\n\n\n\n<li><strong>Risikominderung:<\/strong> Durch eine gr\u00fcndliche Marktforschung im Bereich Flaschenwasser k\u00f6nnen Unternehmen die mit Produkteinf\u00fchrungen, Marketingkampagnen und strategischen Initiativen verbundenen Risiken mindern.<\/li>\n<\/ul>\n\n\n\n<h2 class=\"wp-block-heading\">Who Uses Bottled water market research<\/h2>\n\n\n\n<ul class=\"wp-block-list\">\n<li>Bottled Water Manufacturers rely on market research to understand consumer preferences, assess competitive dynamics, and identify growth opportunities. <\/li>\n\n\n\n<li>Einzelh\u00e4ndler nutzen Marktforschung, um Markttrends, Nachfragemuster und Verbraucherpr\u00e4ferenzen zu verstehen. Auf diese Weise k\u00f6nnen sie Produktsortimente, Preisstrategien und Werbeaktivit\u00e4ten optimieren, um den Umsatz zu steigern und die Kundenzufriedenheit zu erh\u00f6hen.<\/li>\n\n\n\n<li>Investoren und Finanzinstitute betreiben Marktforschung, um die finanzielle Tragf\u00e4higkeit und das Wachstumspotenzial von Unternehmen der Mineralwasserbranche zu bewerten. Durch die Analyse von Markttrends, Wettbewerbsdynamik und regulatorischen Entwicklungen k\u00f6nnen Investoren fundierte Entscheidungen hinsichtlich Investitionsm\u00f6glichkeiten, Fusionen, \u00dcbernahmen und Finanzierungsvereinbarungen innerhalb des Sektors treffen.<\/li>\n\n\n\n<li>Government Agencies and Regulatory Bodies use <a href=\"https:\/\/www.sisinternational.com\/de\/sachverstand\/branchen\/marktforschung-der-bundesregierung\/\" title=\"Marktforschung der Bundesregierung\"  data-wpil-monitor-id=\"7197\">Marktforschung<\/a> to monitor industry trends, assess compliance with regulatory requirements, and safeguard public health and safety. <\/li>\n<\/ul>\n\n\n\n<h2 class=\"wp-block-heading\">Wann sollte eine Marktforschung zu Flaschenwasser durchgef\u00fchrt werden?<\/h2>\n\n\n\n<p>Market research in the bottled water industry should be conducted strategically at various stages of business development and in response to specific market conditions. Here are key instances when conducting <a href=\"https:\/\/www.sisinternational.com\/de\/abdeckung\/die-amerikaner\/usa-berichterstattung\/marktforschung-in-key-west-florida\/\" title=\"Marktforschung in Key West, Florida\"  data-wpil-monitor-id=\"7175\">Marktforschung f\u00fcr Flaschenwasser<\/a> is particularly advantageous:<\/p>\n\n\n\n<ul class=\"wp-block-list\">\n<li><strong>Produktentwicklung:<\/strong> Bevor ein neues Mineralwasserprodukt auf den Markt gebracht oder Variationen bestehender Angebote eingef\u00fchrt werden, ist es unerl\u00e4sslich, Marktforschung zu betreiben, um die Verbraucherpr\u00e4ferenzen zu ermitteln, die Nachfrage zu bewerten und m\u00f6gliche Akzeptanzhindernisse zu identifizieren. Das Verst\u00e4ndnis von Markttrends und Verbraucherpr\u00e4ferenzen in einem fr\u00fchen Stadium des Produktentwicklungsprozesses kann Unternehmen dabei helfen, Produktmerkmale, Verpackungsdesigns und Markenstrategien zu verfeinern, um die Marktakzeptanz und Wettbewerbsf\u00e4higkeit zu maximieren.<\/li>\n\n\n\n<li><strong>Markteintritt oder -erweiterung:<\/strong> When considering entering new geographic markets or expanding product lines, companies should conduct market research to assess market size, competitive dynamics, regulatory requirements, and consumer preferences in the target markets. <\/li>\n\n\n\n<li><strong>Wettbewerbsvergleich:<\/strong> Um in der Mineralwasserbranche wettbewerbsf\u00e4hig zu bleiben, ist es unerl\u00e4sslich, die Aktivit\u00e4ten der Konkurrenz regelm\u00e4\u00dfig zu \u00fcberwachen und zu analysieren. Die Durchf\u00fchrung eines Wettbewerbsbenchmarkings durch Marktforschung hilft Unternehmen, die Strategien, Produktangebote, Preistaktiken, Vertriebskan\u00e4le und Marketinginitiativen der Konkurrenz zu verstehen.<\/li>\n\n\n\n<li><strong>Einhaltung gesetzlicher Vorschriften:<\/strong> Die Einhaltung gesetzlicher Vorschriften ist f\u00fcr die Gew\u00e4hrleistung von Produktsicherheit, Qualit\u00e4t und Rechtskonformit\u00e4t in der Mineralwasserindustrie von entscheidender Bedeutung. Durch die Durchf\u00fchrung regulatorischer Recherchen und die \u00dcberwachung von \u00c4nderungen bei Vorschriften, Standards und Kennzeichnungsanforderungen bleiben Unternehmen \u00fcber sich entwickelnde Compliance-Verpflichtungen auf dem Laufenden und k\u00f6nnen regulatorische Herausforderungen proaktiv angehen.<\/li>\n<\/ul>\n\n\n\n<h2 class=\"wp-block-heading\">Schl\u00fcsselfiguren<\/h2>\n\n\n\n<p>Auf dem Markt f\u00fcr Flaschenwasser dominieren mehrere wichtige Akteure die Branchenlandschaft, die jeweils zum Wachstum und zur Wettbewerbsf\u00e4higkeit des Marktes beitragen. Einige bekannte Marken, Unternehmen und Produkte sind:<\/p>\n\n\n\n<ul class=\"wp-block-list\">\n<li><strong>Nestl\u00e9 Waters:<\/strong> Als einer der weltweit f\u00fchrenden Hersteller von Flaschenwasser bietet Nestl\u00e9 Waters ein vielf\u00e4ltiges Markenportfolio, darunter Perrier, Poland Spring und Pure Life.<\/li>\n\n\n\n<li><strong>Die Coca Cola Firma:<\/strong> Mit seinen Tochtermarken wie Dasani und Smartwater ist Coca-Cola ein wichtiger Akteur auf dem Markt f\u00fcr Flaschenwasser.<\/li>\n\n\n\n<li><strong>PepsiCo:<\/strong> Die Marke Aquafina von PepsiCo ist ein bedeutender Akteur auf dem Markt f\u00fcr Flaschenwasser und bekannt f\u00fcr ihr Angebot an gereinigtem Wasser. Mit einem Schwerpunkt auf Nachhaltigkeit und Produktinnovation konkurriert PepsiCo im Flaschenwassersegment intensiv um Marktanteile und um die Nachfrage der Verbraucher nach qualitativ hochwertigen Fl\u00fcssigkeitsoptionen.<\/li>\n\n\n\n<li><strong>Danone:<\/strong> Die Flaschenwassersparte von Danone, zu der Marken wie Evian und Volvic geh\u00f6ren, verf\u00fcgt \u00fcber einen bedeutenden Marktanteil auf dem weltweiten Flaschenwassermarkt.<\/li>\n\n\n\n<li><strong>Suntory Getr\u00e4nke &amp; Lebensmittel:<\/strong> Als einer der f\u00fchrenden Getr\u00e4nkehersteller Japans produziert Suntory Beverage &amp; Food eine Reihe von Flaschenwassermarken, darunter Suntory Tennensui und Iyemon.<\/li>\n<\/ul>\n\n\n\n<h2 class=\"wp-block-heading\">Gelegenheiten<\/h2>\n\n\n\n<figure class=\"gb-block-image gb-block-image-31f82528\"><img loading=\"lazy\" decoding=\"async\" width=\"1456\" height=\"816\" class=\"gb-image gb-image-31f82528\" src=\"https:\/\/www.sisinternational.com\/wp-content\/uploads\/2025\/08\/Bottled-water-6.jpg\" alt=\"SIS International Marktforschung &amp; Strategie\" title=\"Bottled water (6)\" srcset=\"https:\/\/www.sisinternational.com\/wp-content\/uploads\/2025\/08\/Bottled-water-6.jpg 1456w, https:\/\/www.sisinternational.com\/wp-content\/uploads\/2025\/08\/Bottled-water-6-300x168.jpg 300w, https:\/\/www.sisinternational.com\/wp-content\/uploads\/2025\/08\/Bottled-water-6-1024x574.jpg 1024w, https:\/\/www.sisinternational.com\/wp-content\/uploads\/2025\/08\/Bottled-water-6-768x430.jpg 768w, https:\/\/www.sisinternational.com\/wp-content\/uploads\/2025\/08\/Bottled-water-6-18x10.jpg 18w\" sizes=\"auto, (max-width: 1456px) 100vw, 1456px\"><\/figure>\n\n\n\n<p><\/p>\n\n\n\n<p>Im dynamischen Marktumfeld f\u00fcr Flaschenwasser gibt es f\u00fcr Unternehmen mehrere wichtige Chancen, Markttrends, Verbraucherpr\u00e4ferenzen und neue Chancen zu nutzen. Einige der wichtigsten Chancen sind:<\/p>\n\n\n\n<ul class=\"wp-block-list\">\n<li><strong>Gesundheits- und Wellnesstrends:<\/strong> Da Gesundheit und Wellness immer mehr im Mittelpunkt stehen, steigt die Nachfrage nach Flaschenwasserprodukten, die funktionale Vorteile wie eine bessere Fl\u00fcssigkeitszufuhr, Elektrolyt-Erg\u00e4nzung und zus\u00e4tzliche Vitamine oder Mineralien bieten. Unternehmen k\u00f6nnen von diesem Trend profitieren, indem sie innovative Rezepturen entwickeln, die auf spezifische Gesundheitsbed\u00fcrfnisse oder Lebensstilpr\u00e4ferenzen zugeschnitten sind, wie alkalisches Wasser, aromatisiertes Wasser oder mit nat\u00fcrlichen Inhaltsstoffen angereichertes Wasser.<\/li>\n\n\n\n<li><strong>Nachhaltigkeitsinitiativen:<\/strong> Da Umweltbedenken immer st\u00e4rker werden, steigt die Nachfrage nach nachhaltigen Flaschenwasserprodukten, die die Umweltbelastung w\u00e4hrend des gesamten Produktlebenszyklus minimieren. Unternehmen k\u00f6nnen Chancen nutzen, indem sie umweltfreundliche Verpackungsl\u00f6sungen einsetzen, Praktiken zur Wasserverwaltung umsetzen und Recycling- und Umweltschutzinitiativen unterst\u00fctzen.<\/li>\n\n\n\n<li><strong>Premiumisierung und Differenzierung:<\/strong> Der Markt f\u00fcr Flaschenwasser bietet Unternehmen die M\u00f6glichkeit, ihre Produkte durch Premiumstrategien von der Konkurrenz abzuheben. Dazu z\u00e4hlen etwa das Angebot handwerklich hergestellter oder luxuri\u00f6ser Wasserprodukte aus einzigartigen geologischen Standorten oder das Verwenden unverwechselbarer Verpackungsdesigns.<\/li>\n\n\n\n<li><strong>Funktionelle und aromatisierte W\u00e4sser:<\/strong> The growing popularity of functional beverages and flavored waters presents opportunities for businesses to innovate and diversify their product portfolios. <\/li>\n<\/ul>\n\n\n\n<h2 class=\"wp-block-heading\">The SIS Advantage<\/h2>\n\n\n\n<p>Die Marktforschungsdienstleistungen von SIS International f\u00fcr Flaschenwasser sind auf die spezifischen Bed\u00fcrfnisse und Herausforderungen von Unternehmen zugeschnitten, die in der dynamischen Flaschenwasserbranche t\u00e4tig sind. So k\u00f6nnen Unternehmen von der Expertise von SIS International profitieren:<\/p>\n\n\n\n<ul class=\"wp-block-list\">\n<li><strong>Umfassende Markteinblicke:<\/strong> SIS International conducts in-depth market research to provide businesses with comprehensive insights into market trends, consumer preferences, and competitive dynamics within the bottled water industry. <\/li>\n\n\n\n<li><strong>Globale Reichweite und Expertise:<\/strong> Mit einem globalen Netzwerk aus Forschungsexperten und Branchenexperten bieten wir Unternehmen Zugang zu lokalisierten Marktinformationen und Branchenexpertise in verschiedenen geografischen Regionen.<\/li>\n\n\n\n<li><strong>Datengesteuerte Entscheidungsfindung:<\/strong> SIS empowers businesses with data-driven decision-making tools and analytical frameworks that facilitate strategic planning and performance optimization. <\/li>\n\n\n\n<li><strong>Umsetzbare Empfehlungen:<\/strong> SIS International liefert aus seinen Forschungsergebnissen umsetzbare Empfehlungen und strategische Erkenntnisse, die es Unternehmen erm\u00f6glichen, diese Erkenntnisse in konkrete Gesch\u00e4ftsergebnisse umzusetzen.<\/li>\n<\/ul>\n\n\n\n<p><\/p>","protected":false},"excerpt":{"rendered":"<p>Die Marktforschung f\u00fcr Flaschenwasser analysiert die Flaschenwasserindustrie weltweit, einschlie\u00dflich Trends, Verbraucherverhalten, Wettbewerb und Vorschriften.<\/p>","protected":false},"author":1,"featured_media":63904,"parent":14514,"menu_order":439,"comment_status":"closed","ping_status":"closed","template":"","meta":{"footnotes":""},"class_list":["post-47298","page","type-page","status-publish","has-post-thumbnail"],"_links":{"self":[{"href":"https:\/\/www.sisinternational.com\/de\/wp-json\/wp\/v2\/pages\/47298","targetHints":{"allow":["GET"]}}],"collection":[{"href":"https:\/\/www.sisinternational.com\/de\/wp-json\/wp\/v2\/pages"}],"about":[{"href":"https:\/\/www.sisinternational.com\/de\/wp-json\/wp\/v2\/types\/page"}],"author":[{"embeddable":true,"href":"https:\/\/www.sisinternational.com\/de\/wp-json\/wp\/v2\/users\/1"}],"replies":[{"embeddable":true,"href":"https:\/\/www.sisinternational.com\/de\/wp-json\/wp\/v2\/comments?post=47298"}],"version-history":[{"count":12,"href":"https:\/\/www.sisinternational.com\/de\/wp-json\/wp\/v2\/pages\/47298\/revisions"}],"predecessor-version":[{"id":80760,"href":"https:\/\/www.sisinternational.com\/de\/wp-json\/wp\/v2\/pages\/47298\/revisions\/80760"}],"up":[{"embeddable":true,"href":"https:\/\/www.sisinternational.com\/de\/wp-json\/wp\/v2\/pages\/14514"}],"wp:featuredmedia":[{"embeddable":true,"href":"https:\/\/www.sisinternational.com\/de\/wp-json\/wp\/v2\/media\/63904"}],"wp:attachment":[{"href":"https:\/\/www.sisinternational.com\/de\/wp-json\/wp\/v2\/media?parent=47298"}],"curies":[{"name":"wp","href":"https:\/\/api.w.org\/{rel}","templated":true}]}}