{"id":47296,"date":"2024-04-09T11:33:19","date_gmt":"2024-04-09T15:33:19","guid":{"rendered":"https:\/\/www.sisinternational.com\/?page_id=47296"},"modified":"2026-01-25T19:27:49","modified_gmt":"2026-01-26T00:27:49","slug":"qsr-lebensmittelmarktforschung","status":"publish","type":"page","link":"https:\/\/www.sisinternational.com\/de\/losungen\/qsr-lebensmittelmarktforschung\/","title":{"rendered":"QSR Food Marktforschung"},"content":{"rendered":"<h1 class=\"wp-block-heading\">QSR Food Marktforschung<\/h1>\n\n\n\n<figure class=\"gb-block-image gb-block-image-a0db2433\"><img loading=\"lazy\" decoding=\"async\" width=\"1456\" height=\"816\" class=\"gb-image gb-image-a0db2433\" src=\"https:\/\/www.sisinternational.com\/wp-content\/uploads\/2025\/09\/Asian-food-12.jpg\" alt=\"SIS International Marktforschung &amp; Strategie\" title=\"Asian food (12)\" srcset=\"https:\/\/www.sisinternational.com\/wp-content\/uploads\/2025\/09\/Asian-food-12.jpg 1456w, https:\/\/www.sisinternational.com\/wp-content\/uploads\/2025\/09\/Asian-food-12-300x168.jpg 300w, https:\/\/www.sisinternational.com\/wp-content\/uploads\/2025\/09\/Asian-food-12-1024x574.jpg 1024w, https:\/\/www.sisinternational.com\/wp-content\/uploads\/2025\/09\/Asian-food-12-768x430.jpg 768w, https:\/\/www.sisinternational.com\/wp-content\/uploads\/2025\/09\/Asian-food-12-18x10.jpg 18w\" sizes=\"auto, (max-width: 1456px) 100vw, 1456px\"><\/figure>\n\n\n\n<hr class=\"wp-block-separator has-alpha-channel-opacity is-style-dots\"\/>\n\n\n\n<p>In the bustling food industry, quick-service restaurants (QSRs) are pillars of convenience, serving fast and flavorful meals to satisfy busy consumers&#8217; cravings&#8230; But what drives the success of these establishments behind the scenes? These questions underscore the importance of QSR food market research, a strategic tool that illuminates the dynamics of the QSR landscape and guides businesses toward culinary excellence and market dominance.<\/p>\n\n\n\n<h2 class=\"wp-block-heading\">Was ist QSR-Lebensmittelmarktforschung?<\/h2>\n\n\n\n<p>QSR <a href=\"https:\/\/sisaisolutions.com\/ai-in-food-and-beverage\/\" target=\"_blank\" rel=\"noopener\">food market research<\/a> focuses on understanding the dynamics of QSRs and the broader fast-food industry. It encompasses a range of research methodologies aimed at uncovering consumer preferences, market trends, competitive landscapes, and operational insights within the QSR sector.<\/p>\n\n\n\n<p>Ein wichtiger Aspekt dieser Marktforschung ist die Analyse des Verbraucherverhaltens und der Verbraucherpr\u00e4ferenzen. Forscher untersuchen Geschmackspr\u00e4ferenzen, Ern\u00e4hrungstrends, Convenience-Bed\u00fcrfnisse und Ausgabegewohnheiten, um zu verstehen, was Verbraucher dazu bewegt, sich f\u00fcr ein QSR gegen\u00fcber einem anderen zu entscheiden. Durch Einblicke in die Verbraucherpr\u00e4ferenzen k\u00f6nnen QSR-Betreiber ihre Men\u00fcs, Preisstrategien und Marketingbem\u00fchungen besser auf die Bed\u00fcrfnisse und Erwartungen ihrer Zielgruppe abstimmen.<\/p>\n\n\n\n<h2 class=\"wp-block-heading\">Warum ben\u00f6tigen Unternehmen Marktforschung f\u00fcr QSR-Lebensmittel?<\/h2>\n\n\n\n<p>Durch Marktforschung k\u00f6nnen QSR-Betreiber neue M\u00f6glichkeiten erkennen, aufkommende Trends nutzen und ihr Men\u00fcangebot erneuern, um den sich entwickelnden Verbraucheranforderungen gerecht zu werden und so langfristige Relevanz und Rentabilit\u00e4t sicherzustellen.<\/p>\n\n\n\n<p>Dar\u00fcber hinaus liefert diese Marktforschung wertvolle Erkenntnisse zur Betriebseffizienz und Kundenzufriedenheit. Von der Rationalisierung der K\u00fcchenabl\u00e4ufe bis zur Optimierung des Personalbestands k\u00f6nnen QSR-Betreiber die Erkenntnisse der Marktforschung nutzen, um ihre Betriebsabl\u00e4ufe zu optimieren und ihren Kunden einen au\u00dfergew\u00f6hnlichen Service zu bieten.<\/p>\n\n\n\n<p>QSR <a href=\"https:\/\/www.sisinternational.com\/de\/sachverstand\/branchen\/marktforschung-fur-tiefkuhlkost\/\" title=\"Marktforschung f\u00fcr Tiefk\u00fchlkost\" data-wpil-monitor-id=\"3107\">food market research<\/a> also enables businesses to benchmark their performance against competitors, analyzing factors such as menu offerings, pricing strategies, customer service, and brand perception. By identifying strengths, weaknesses, and opportunities for improvement, QSR operators can develop strategies to differentiate themselves, capitalize on market gaps, and gain a competitive edge in the industry.<\/p>\n\n\n\n<h2 class=\"wp-block-heading\">Was sind die Vorteile der Marktforschung f\u00fcr QSR-Lebensmittel?<\/h2>\n\n\n\n<p>QSR <a href=\"https:\/\/www.sisinternational.com\/de\/sachverstand\/branchen\/marktforschung-fur-fast-food-franchises\/\" title=\"Marktforschung f\u00fcr Fast-Food-Franchises\" data-wpil-monitor-id=\"3992\">food market research<\/a> offers businesses several benefits, empowering them to make informed decisions, drive strategic growth, and maintain a competitive edge in the fast-paced world of quick service restaurants. Some key benefits include:<\/p>\n\n\n\n<ul class=\"wp-block-list\">\n<li><strong>Informierte Entscheidungsfindung:<\/strong> Durch die Nutzung der Erkenntnisse aus dieser Marktforschung k\u00f6nnen Unternehmen fundierte Entscheidungen hinsichtlich der Men\u00fcentwicklung, Preisstrategien, Marketingkampagnen und betrieblichen Verbesserungen treffen.<\/li>\n\n\n\n<li><strong>Verbesserte Kundenzufriedenheit:<\/strong> Das Verst\u00e4ndnis der Kundenpr\u00e4ferenzen und -erwartungen ist in der QSR-Branche von gr\u00f6\u00dfter Bedeutung, da sich die Kundenzufriedenheit direkt auf die Loyalit\u00e4t und das Wiederkommen auswirkt. Mithilfe von Marktforschung k\u00f6nnen Unternehmen Feedback sammeln, den Grad der Kundenzufriedenheit ermitteln und Bereiche identifizieren, in denen die Servicequalit\u00e4t, das Men\u00fcangebot und das allgemeine Speiseerlebnis verbessert werden k\u00f6nnen.<\/li>\n\n\n\n<li><strong>Marktdifferenzierung:<\/strong> Mithilfe dieser Marktanalyse k\u00f6nnen Unternehmen Alleinstellungsmerkmale erkennen, aufkommende Trends f\u00fcr sich nutzen und sich von der Konkurrenz abheben.<\/li>\n\n\n\n<li><strong>Betriebseffizienz:<\/strong> Mithilfe der QSR-Lebensmittelmarktanalyse k\u00f6nnen Unternehmen ihre Betriebsabl\u00e4ufe optimieren, Arbeitsabl\u00e4ufe rationalisieren und die Ressourcenzuweisung verbessern, um die Effizienz zu steigern und Kosten zu senken.<\/li>\n\n\n\n<li><strong>Strategisches Wachstum:<\/strong> Mithilfe von Marktforschung k\u00f6nnen Unternehmen strategisches Wachstum vorantreiben und ihre Marktpr\u00e4senz ausbauen. Indem sie ihre Wachstumsstrategien an Verbraucherpr\u00e4ferenzen und Marktdynamik anpassen, k\u00f6nnen Unternehmen in der dynamischen QSR-Branche nachhaltiges Wachstum und langfristigen Erfolg erzielen.<\/li>\n<\/ul>\n\n\n\n<h2 class=\"wp-block-heading\">Wer nutzt QSR-Lebensmittelmarktforschung<\/h2>\n\n\n\n<figure class=\"gb-block-image gb-block-image-57e81931\"><img loading=\"lazy\" decoding=\"async\" width=\"1456\" height=\"816\" class=\"gb-image gb-image-57e81931\" src=\"https:\/\/www.sisinternational.com\/wp-content\/uploads\/2025\/09\/Asian-food-55-1.jpg\" alt=\"SIS International Marktforschung &amp; Strategie\" title=\"Asian food 55 (1)\" srcset=\"https:\/\/www.sisinternational.com\/wp-content\/uploads\/2025\/09\/Asian-food-55-1.jpg 1456w, https:\/\/www.sisinternational.com\/wp-content\/uploads\/2025\/09\/Asian-food-55-1-300x168.jpg 300w, https:\/\/www.sisinternational.com\/wp-content\/uploads\/2025\/09\/Asian-food-55-1-1024x574.jpg 1024w, https:\/\/www.sisinternational.com\/wp-content\/uploads\/2025\/09\/Asian-food-55-1-768x430.jpg 768w, https:\/\/www.sisinternational.com\/wp-content\/uploads\/2025\/09\/Asian-food-55-1-18x10.jpg 18w\" sizes=\"auto, (max-width: 1456px) 100vw, 1456px\"><\/figure>\n\n\n\n<p><\/p>\n\n\n\n<p>QSR-Betreiber verlassen sich auf Marktkenntnisse, um die Verbraucherpr\u00e4ferenzen zu verstehen, Markttrends einzusch\u00e4tzen und strategische Entscheidungen hinsichtlich der Men\u00fcentwicklung, Preisstrategien, betrieblichen Verbesserungen und Marketinginitiativen zu treffen.<\/p>\n\n\n\n<p>Franchise-Inhaber nutzen Markteinblicke, um die Marktnachfrage zu bewerten, Wachstumschancen zu erkennen und ihre Betriebsabl\u00e4ufe zu optimieren, um die Rentabilit\u00e4t zu maximieren. Ob es um die Auswahl neuer Standorte, die Erweiterung des Men\u00fcangebots oder die Umsetzung von Marketingstrategien geht \u2013 Franchise-Inhaber nutzen Marktforschungsdaten, um fundierte Entscheidungen zu treffen und den Erfolg in ihren jeweiligen M\u00e4rkten voranzutreiben.<\/p>\n\n\n\n<p>Investoren und Finanzinstitute nutzen Marktforschung, um Investitionsm\u00f6glichkeiten zu bewerten, die Leistung von QSR-Unternehmen zu beurteilen und fundierte Investitionsentscheidungen zu treffen. Durch die Analyse von Markttrends, Verbraucherpr\u00e4ferenzen und Wettbewerbslandschaften k\u00f6nnen Investoren Chancen mit hohem Potenzial erkennen, Risiken mindern und Kapital strategisch im QSR-Sektor einsetzen.<\/p>\n\n\n\n<p>Branchenverb\u00e4nde und Regulierungsbeh\u00f6rden nutzen Marktforschung, um Branchentrends zu beurteilen, sich f\u00fcr politische Ver\u00e4nderungen einzusetzen und QSR-Betreiber hinsichtlich bew\u00e4hrter Vorgehensweisen und Konformit\u00e4tsanforderungen zu beraten.<\/p>\n\n\n\n<h2 class=\"wp-block-heading\">Wann sollte eine Marktforschung f\u00fcr QSR-Lebensmittel durchgef\u00fchrt werden?<\/h2>\n\n\n\n<p>Timing is crucial when it comes to conducting QSR <a href=\"https:\/\/www.sisinternational.com\/de\/sachverstand\/branchen\/marktforschung-zu-diatnahrung-und-gewichtsverlust\/\" title=\"Marktforschung f\u00fcr Di\u00e4tnahrung und Gewichtsabnahme\" data-wpil-monitor-id=\"5654\">food market research<\/a> to ensure maximum effectiveness and relevance. Here are key considerations for determining when to conduct such research:<\/p>\n\n\n\n<ul class=\"wp-block-list\">\n<li><strong>Men\u00fcentwicklung:<\/strong> QSR-Betreiber sollten w\u00e4hrend der Men\u00fcentwicklungsphase Marktforschung betreiben, um Erkenntnisse \u00fcber Verbraucherpr\u00e4ferenzen, neue Trends und Konkurrenzangebote zu gewinnen. Indem sie verstehen, welche Geschmacksrichtungen, Zutaten und Men\u00fcpunkte bei ihrer Zielgruppe am besten ankommen, k\u00f6nnen QSR-Betreiber Men\u00fcangebote erstellen, die ansprechend und auf die Marktnachfrage abgestimmt sind, und so die Erfolgsaussichten bei der Markteinf\u00fchrung maximieren.<\/li>\n\n\n\n<li><strong>Saisonale Sonderangebote:<\/strong> QSRs f\u00fchren h\u00e4ufig saisonale Werbeaktionen und zeitlich begrenzte Angebote durch, um Kunden anzulocken und den Umsatz zu steigern. Durch das Verst\u00e4ndnis saisonaler Trends und Verbraucherpr\u00e4ferenzen k\u00f6nnen QSRs ihre Werbema\u00dfnahmen optimieren, um die Wirkung zu maximieren und die saisonale Nachfrage zu nutzen.<\/li>\n\n\n\n<li><strong>Kundenbewertung:<\/strong> QSR-Betreiber sollten Marktforschung betreiben, um Kundenfeedback zu sammeln und den Zufriedenheitsgrad regelm\u00e4\u00dfig zu bewerten. Dieses Feedback kann in betriebliche Entscheidungen, Men\u00fcanpassungen und Serviceverbesserungen einflie\u00dfen, um die Kundenzufriedenheit und -treue zu erh\u00f6hen.<\/li>\n<\/ul>\n\n\n\n<h2 class=\"wp-block-heading\">F\u00fchrende Akteure im QSR-Lebensmittelmarkt<\/h2>\n\n\n\n<p>Der Markt f\u00fcr Schnellrestaurants wird von mehreren wichtigen Akteuren dominiert, die die Branchenlandschaft mit ihrer starken Markenpr\u00e4senz, innovativen Angeboten und gro\u00dfen Marktreichweite pr\u00e4gen. Hier sind einige der wichtigsten Akteure auf dem Markt f\u00fcr Schnellrestaurants:<\/p>\n\n\n\n<ul class=\"wp-block-list\">\n<li><strong>MC Donalds:<\/strong> Als eine der gr\u00f6\u00dften und bekanntesten QSR-Ketten weltweit hat McDonald&#039;s gro\u00dfen Einfluss auf die QSR-Branche. McDonald&#039;s ist f\u00fcr seine klassischen Men\u00fcpunkte wie Big Macs, McNuggets und Pommes Frites bekannt und entwickelt sich st\u00e4ndig weiter, um auf dem Markt bestehen zu k\u00f6nnen. Das Unternehmen f\u00fchrt neue Men\u00fcpunkte, digitale Bestelloptionen und Nachhaltigkeitsinitiativen ein, um moderne Verbraucher anzusprechen.<\/li>\n\n\n\n<li><strong>U-Bahn:<\/strong> Subway ist ein bedeutender Akteur in der QSR-Branche und hat sich auf frisch zubereitete Sandwiches und Salate spezialisiert. Mit dem Fokus auf individuelle Anpassung und ges\u00fcndere Optionen hat Subway einen treuen Kundenstamm und ein riesiges Netzwerk von Franchise-Standorten weltweit aufgebaut. Der Schwerpunkt der Marke auf frischen Zutaten und individuell anpassbaren Men\u00fcangeboten hebt sie in der QSR-Landschaft hervor.<\/li>\n\n\n\n<li><strong>Starbucks:<\/strong> Obwohl Starbucks vor allem f\u00fcr seinen Kaffee bekannt ist, hat das Unternehmen sein Angebot um verschiedene Lebensmittel erweitert und ist damit zu einem bedeutenden Akteur auf dem QSR-Lebensmittelmarkt geworden. Starbucks bietet eine Auswahl an Fr\u00fchst\u00fccksbr\u00f6tchen, Geb\u00e4ck und Snacks als Erg\u00e4nzung zu seinem Getr\u00e4nkeangebot an und bedient damit Verbraucher, die viel unterwegs sind und Wert auf Bequemlichkeit und Qualit\u00e4t legen.<\/li>\n\n\n\n<li><strong>Burger King:<\/strong> Burger King ist f\u00fcr seine auf offener Flamme gegrillten Burger und sein Whopper-Sandwich bekannt und damit ein bedeutender Akteur im QSR-Burger-Segment. Die Marke f\u00fchrt h\u00e4ufig zeitlich begrenzte Men\u00fcpunkte und Werbeaktionen ein, um Kunden anzulocken und sich auf dem hart umk\u00e4mpften Burger-Markt von der Konkurrenz abzuheben.<\/li>\n\n\n\n<li><strong>Dominos Pizza:<\/strong> Domino&#039;s Pizza ist ein f\u00fchrender Anbieter im QSR-Pizza-Segment und bekannt f\u00fcr seine Liefer- und Abholdienste. Mit dem Fokus auf digitale Innovation und Kundenfreundlichkeit hat Domino&#039;s massiv in Technologie investiert, um Bestell- und Lieferprozesse zu optimieren und den Kunden ein nahtloses und effizientes Erlebnis zu bieten.<\/li>\n\n\n\n<li><strong>Taco Bell:<\/strong> Taco Bell ist auf Tex-Mex-inspirierte K\u00fcche spezialisiert und bietet eine Auswahl an Tacos, Burritos und anderen mexikanisch inspirierten Men\u00fcgerichten. Taco Bell ist f\u00fcr seine kr\u00e4ftigen Aromen und innovativen Men\u00fckreationen bekannt und spricht viele Kunden an, die nach erschwinglichen und schmackhaften Optionen suchen.<\/li>\n<\/ul>\n\n\n\n<h2 class=\"wp-block-heading\">Wie die QSR-Lebensmittelmarktforschung von SIS International Unternehmen hilft<\/h2>\n\n\n\n<p><a href=\"https:\/\/www.sisinternational.com\/de\/ostern-und-der-unvermeidliche-schokoladenhase\/\" title=\"Ostermarktforschung\" data-wpil-monitor-id=\"3630\">SIS International offers comprehensive QSR food market<\/a> research services that empower businesses to make informed decisions, drive strategic growth, and gain a competitive edge in the dynamic QSR industry. Here&#8217;s how SIS International&#8217;s expertise and capabilities benefit businesses:<\/p>\n\n\n\n<ul class=\"wp-block-list\">\n<li><strong>Ma\u00dfgeschneiderte Forschungsl\u00f6sungen:<\/strong> SIS arbeitet eng mit Kunden zusammen, um deren individuelle Bed\u00fcrfnisse, Ziele und Herausforderungen zu verstehen. Durch die Anpassung von Forschungsl\u00f6sungen an die Anforderungen jedes Kunden stellt SIS sicher, dass die Forschungsbem\u00fchungen kritische Gesch\u00e4ftsfragen ansprechen, umsetzbare Erkenntnisse liefern und greifbare Ergebnisse f\u00fcr QSR-Betreiber erzielen.<\/li>\n\n\n\n<li><strong>Globale Reichweite und Expertise:<\/strong> Dank eines weltweiten Netzwerks aus Forschungsexperten und Branchenkundigen verf\u00fcgt SIS International \u00fcber die Reichweite und das Fachwissen, um Marktforschung im Bereich QSR-Lebensmittel in unterschiedlichsten geografischen M\u00e4rkten durchzuf\u00fchren.<\/li>\n\n\n\n<li><strong>Vielseitige Forschungsmethoden:<\/strong> Unsere Berater verwenden eine Vielzahl von Forschungsmethoden, darunter quantitative Umfragen, qualitative Interviews, Fokusgruppen, ethnografische Forschung und Beobachtungsstudien, um tiefe Einblicke in das Verbraucherverhalten, die Vorlieben und die Markttrends zu gewinnen.<\/li>\n\n\n\n<li><strong>Datengesteuerte Erkenntnisse und Empfehlungen:<\/strong> Die QSR-Lebensmittelmarktforschung von SIS International liefert datengesteuerte Erkenntnisse und umsetzbare Empfehlungen, die es Unternehmen erm\u00f6glichen, fundierte Entscheidungen zu treffen und strategische Ergebnisse zu erzielen.<\/li>\n\n\n\n<li><strong>Kontinuierliche \u00dcberwachung und Analyse:<\/strong> Neben der Durchf\u00fchrung einmaliger Forschungsstudien bietet SIS International auch fortlaufende \u00dcberwachungs- und Analysedienste an, die es Unternehmen erm\u00f6glichen, sich \u00fcber sich entwickelnde Markttrends, Verbraucherpr\u00e4ferenzen und Wettbewerbsdynamiken auf dem Laufenden zu halten. Durch kontinuierliche \u00dcberwachung der wichtigsten Leistungsindikatoren hilft SIS Unternehmen dabei, neue Chancen zu erkennen, Risiken zu mindern und ihre Strategien in Echtzeit anzupassen, um in der schnelllebigen QSR-Branche einen Wettbewerbsvorteil zu behalten.<\/li>\n\n\n\n<li><strong>Strategische Partnerschaften und Zusammenarbeit:<\/strong> SIS International ist ein zuverl\u00e4ssiger Partner und Kooperationspartner f\u00fcr Unternehmen der QSR-Branche und bietet strategische Beratung, Vordenkertum und umsetzbare Erkenntnisse, die den Gesch\u00e4ftserfolg vorantreiben.<\/li>\n<\/ul>","protected":false},"excerpt":{"rendered":"<p>Die Marktforschung f\u00fcr QSR-Lebensmittel nutzt verschiedene Methoden, um Verbraucherpr\u00e4ferenzen, Markttrends, Wettbewerb und betriebliche Erkenntnisse zu ermitteln.<\/p>","protected":false},"author":1,"featured_media":65471,"parent":14457,"menu_order":34,"comment_status":"closed","ping_status":"closed","template":"","meta":{"footnotes":""},"class_list":["post-47296","page","type-page","status-publish","has-post-thumbnail"],"_links":{"self":[{"href":"https:\/\/www.sisinternational.com\/de\/wp-json\/wp\/v2\/pages\/47296","targetHints":{"allow":["GET"]}}],"collection":[{"href":"https:\/\/www.sisinternational.com\/de\/wp-json\/wp\/v2\/pages"}],"about":[{"href":"https:\/\/www.sisinternational.com\/de\/wp-json\/wp\/v2\/types\/page"}],"author":[{"embeddable":true,"href":"https:\/\/www.sisinternational.com\/de\/wp-json\/wp\/v2\/users\/1"}],"replies":[{"embeddable":true,"href":"https:\/\/www.sisinternational.com\/de\/wp-json\/wp\/v2\/comments?post=47296"}],"version-history":[{"count":11,"href":"https:\/\/www.sisinternational.com\/de\/wp-json\/wp\/v2\/pages\/47296\/revisions"}],"predecessor-version":[{"id":79355,"href":"https:\/\/www.sisinternational.com\/de\/wp-json\/wp\/v2\/pages\/47296\/revisions\/79355"}],"up":[{"embeddable":true,"href":"https:\/\/www.sisinternational.com\/de\/wp-json\/wp\/v2\/pages\/14457"}],"wp:featuredmedia":[{"embeddable":true,"href":"https:\/\/www.sisinternational.com\/de\/wp-json\/wp\/v2\/media\/65471"}],"wp:attachment":[{"href":"https:\/\/www.sisinternational.com\/de\/wp-json\/wp\/v2\/media?parent=47296"}],"curies":[{"name":"wp","href":"https:\/\/api.w.org\/{rel}","templated":true}]}}