{"id":47259,"date":"2024-04-09T10:32:57","date_gmt":"2024-04-09T14:32:57","guid":{"rendered":"https:\/\/www.sisinternational.com\/?page_id=47259"},"modified":"2026-01-24T21:02:07","modified_gmt":"2026-01-25T02:02:07","slug":"lebensmittelmarktforschung-in-saudi-arabien","status":"publish","type":"page","link":"https:\/\/www.sisinternational.com\/de\/abdeckung\/marktforschung-mittlerer-osten\/lebensmittelmarktforschung-in-saudi-arabien\/","title":{"rendered":"Lebensmittelmarktforschung in Saudi-Arabien"},"content":{"rendered":"<h1 class=\"wp-block-heading\">Lebensmittelmarktforschung in Saudi-Arabien<\/h1>\n\n\n\n<figure class=\"gb-block-image gb-block-image-03fe48f1\"><img loading=\"lazy\" decoding=\"async\" width=\"1456\" height=\"816\" class=\"gb-image gb-image-03fe48f1\" src=\"https:\/\/www.sisinternational.com\/wp-content\/uploads\/2025\/08\/Saudi-Arabia-33-30.jpg\" alt=\"SIS International Marktforschung &amp; Strategie\" title=\"Saudi Arabia 33 (30)\" srcset=\"https:\/\/www.sisinternational.com\/wp-content\/uploads\/2025\/08\/Saudi-Arabia-33-30.jpg 1456w, https:\/\/www.sisinternational.com\/wp-content\/uploads\/2025\/08\/Saudi-Arabia-33-30-300x168.jpg 300w, https:\/\/www.sisinternational.com\/wp-content\/uploads\/2025\/08\/Saudi-Arabia-33-30-1024x574.jpg 1024w, https:\/\/www.sisinternational.com\/wp-content\/uploads\/2025\/08\/Saudi-Arabia-33-30-768x430.jpg 768w, https:\/\/www.sisinternational.com\/wp-content\/uploads\/2025\/08\/Saudi-Arabia-33-30-18x10.jpg 18w\" sizes=\"auto, (max-width: 1456px) 100vw, 1456px\"><\/figure>\n\n\n\n<p><\/p>\n\n\n\n<hr class=\"wp-block-separator has-alpha-channel-opacity is-style-dots\"\/>\n\n\n\n<h3 class=\"wp-block-heading\">Mithilfe von Marktforschung im Lebensmittelbereich in Saudi-Arabien k\u00f6nnen Unternehmen neue Trends und Chancen erkennen, der Konkurrenz immer einen Schritt voraus sein und neue Marktsegmente erschlie\u00dfen.<\/h3>\n\n\n\n<p>Der Lebensmittelmarkt in Saudi-Arabien bietet ein enormes Wachstums- und Innovationspotenzial. Aus diesem Grund untersucht die Lebensmittelmarktforschung in Saudi-Arabien die aktuelle Situation, die wichtigsten Trends und die Aussichten, um die Chancen und Herausforderungen aufzudecken, denen sich Unternehmen in diesem florierenden Markt gegen\u00fcbersehen.<\/p>\n\n\n\n<h2 class=\"wp-block-heading\">Was ist Lebensmittelmarktforschung in Saudi-Arabien?<\/h2>\n\n\n\n<p><a href=\"https:\/\/sisaisolutions.com\/ai-in-food-and-beverage\/\" target=\"_blank\" rel=\"noopener\">Food market research<\/a> in Saudi Arabia gathers data about the country&#8217;s food industry. Studying factors such as consumer preferences, purchasing habits, and industry regulations, it provides insights into market trends, consumer behavior, and competitive landscapes.<\/p>\n\n\n\n<h2 class=\"wp-block-heading\">Warum ist es wichtig?<\/h2>\n\n\n\n<p>Marktforschung liefert Unternehmen wertvolle Einblicke in Verbraucherpr\u00e4ferenzen, Kaufverhalten und Trends auf dem Lebensmittelmarkt in Saudi-Arabien. Sie hilft Unternehmen dabei, Produkte und Marketingstrategien zu entwickeln, die bei ihrer Zielgruppe Anklang finden.<\/p>\n\n\n\n<p>Essen <a class=\"wpil_keyword_link\" href=\"https:\/\/www.sisinternational.com\/de\/abdeckung\/marktforschung-mittlerer-osten\/marktforschung-in-saudi-arabien\/\" title=\"Marktforschung in Saudi-Arabien\" data-wpil-keyword-link=\"linked\" data-wpil-monitor-id=\"268\">market research in Saudi Arabia<\/a> also enables businesses to understand their competitors&#8217; strategies, market positioning, and offerings. Likewise, this market research helps businesses identify potential risks and challenges in the Saudi Arabian food market, such as regulatory changes or shifting consumer preferences.<\/p>\n\n\n\n<p>Allerdings bietet die Marktforschung f\u00fcr Unternehmen, die auf dem Lebensmittelmarkt in Saudi-Arabien t\u00e4tig sind, mehrere wichtige Vorteile, darunter:<\/p>\n\n\n\n<ul class=\"wp-block-list\">\n<li><strong>Produktentwicklung:<\/strong> Die Analyse der Bed\u00fcrfnisse und Vorlieben saudi-arabischer Verbraucher kann Unternehmen bei der Entwicklung neuer Lebensmittelprodukte helfen.<\/li>\n\n\n\n<li><strong>Zielgerichtetes Marketing:<\/strong> Marktforschung hilft Unternehmen dabei, ihre Marketingstrategien so anzupassen, dass sie ihre Zielgruppe in Saudi-Arabien effektiv erreichen, was zu einer erh\u00f6hten Markenbekanntheit und Kundenbindung f\u00fchrt.<\/li>\n\n\n\n<li><strong>Wettbewerbsvorteil:<\/strong> Indem sie sich \u00fcber die Strategien und Angebote ihrer Konkurrenten informieren, k\u00f6nnen Unternehmen M\u00f6glichkeiten zur Differenzierung erkennen und sich einen Wettbewerbsvorteil auf dem saudi-arabischen Lebensmittelmarkt verschaffen.<\/li>\n\n\n\n<li><strong>Risikominderung:<\/strong> Es unterst\u00fctzt Unternehmen dabei, potenzielle Risiken und Herausforderungen auf dem saudi-arabischen Lebensmittelmarkt zu erkennen und erm\u00f6glicht ihnen die Entwicklung von Strategien zur Minderung dieser Risiken und zum Schutz ihrer Gesch\u00e4ftsinteressen.<\/li>\n\n\n\n<li><strong>Identifizierung von Chancen:<\/strong> Mithilfe von Marktforschung k\u00f6nnen Unternehmen neue Marktchancen und Nischen in Saudi-Arabien erkennen und so von neuen Trends und Verbraucherpr\u00e4ferenzen profitieren.<\/li>\n<\/ul>\n\n\n\n<h2 class=\"wp-block-heading\">Wann sollte man in Saudi-Arabien Marktforschung f\u00fcr Lebensmittel betreiben?<\/h2>\n\n\n\n<figure class=\"gb-block-image gb-block-image-e3090f6a\"><img loading=\"lazy\" decoding=\"async\" width=\"1456\" height=\"816\" class=\"gb-image gb-image-e3090f6a\" src=\"https:\/\/www.sisinternational.com\/wp-content\/uploads\/2025\/08\/Saudi-Arabia-33-27.jpg\" alt=\"SIS International Marktforschung &amp; Strategie\" title=\"Saudi Arabia 33 (27)\" srcset=\"https:\/\/www.sisinternational.com\/wp-content\/uploads\/2025\/08\/Saudi-Arabia-33-27.jpg 1456w, https:\/\/www.sisinternational.com\/wp-content\/uploads\/2025\/08\/Saudi-Arabia-33-27-300x168.jpg 300w, https:\/\/www.sisinternational.com\/wp-content\/uploads\/2025\/08\/Saudi-Arabia-33-27-1024x574.jpg 1024w, https:\/\/www.sisinternational.com\/wp-content\/uploads\/2025\/08\/Saudi-Arabia-33-27-768x430.jpg 768w, https:\/\/www.sisinternational.com\/wp-content\/uploads\/2025\/08\/Saudi-Arabia-33-27-18x10.jpg 18w\" sizes=\"auto, (max-width: 1456px) 100vw, 1456px\"><\/figure>\n\n\n\n<p><\/p>\n\n\n\n<p><a href=\"https:\/\/www.sisinternational.com\/de\/losungen\/qsr-lebensmittelmarktforschung\/\" title=\"QSR Food Marktforschung\" data-wpil-monitor-id=\"2302\">Food market research<\/a> in Saudi Arabia should be conducted at various stages of a business&#8217;s growth and development:<\/p>\n\n\n\n<ul class=\"wp-block-list\">\n<li><strong>Markteintritt:<\/strong> Bevor Unternehmen in den saudi-arabischen Markt eintreten, sollten sie Marktforschung betreiben, um die Verbraucherpr\u00e4ferenzen, Markttrends und die Wettbewerbslandschaft zu verstehen.<\/li>\n\n\n\n<li><strong>Produktentwicklung:<\/strong> Marktforschung ist w\u00e4hrend der Produktentwicklungsphase von entscheidender Bedeutung, um sicherzustellen, dass neue Lebensmittel den Bed\u00fcrfnissen und Vorlieben der saudi-arabischen Verbraucher entsprechen.<\/li>\n\n\n\n<li><strong>Marketing-Kampagnen:<\/strong> Marktforschung kann Unternehmen dabei helfen, gezielte Marketingkampagnen zu entwickeln, die bei ihrer Zielgruppe in Saudi-Arabien Anklang finden.<\/li>\n\n\n\n<li><strong>Wettbewerbsanalyse:<\/strong> Regelm\u00e4\u00dfige Marktforschung hilft Unternehmen, \u00fcber die Strategien und Angebote ihrer Konkurrenten in Saudi-Arabien auf dem Laufenden zu bleiben.<\/li>\n\n\n\n<li><strong>Einhaltung gesetzlicher Vorschriften:<\/strong> Markt <a href=\"https:\/\/www.sisinternational.com\/de\/sachverstand\/branchen\/marktforschung-zur-verkehrssicherheit\/\" title=\"Marktforschung zur Verkehrssicherheit\" data-wpil-monitor-id=\"7151\">Forschung<\/a> can help businesses understand and comply with Saudi Arabia&#8217;s food safety and quality regulations.<\/li>\n\n\n\n<li><strong>Strategische Planung:<\/strong> Marktforschung liefert Unternehmen wertvolle Erkenntnisse f\u00fcr die Entwicklung strategischer Pl\u00e4ne f\u00fcr Wachstum und Expansion in Saudi-Arabien.<\/li>\n<\/ul>\n\n\n\n<h2 class=\"wp-block-heading\">Expected Results from Food Market Research in Saudi Arabia<\/h2>\n\n\n\n<p>From SIS International&#8217;s <a href=\"https:\/\/www.sisinternational.com\/de\/sachverstand\/branchen\/marktforschung-fur-tiefkuhlkost\/\" title=\"Marktforschung f\u00fcr Tiefk\u00fchlkost\" data-wpil-monitor-id=\"3111\">food market research<\/a> in Saudi Arabia, businesses can expect a comprehensive analysis that provides valuable insights and actionable recommendations for the Saudi Arabian food market. Some expected results from the research might include:<\/p>\n\n\n\n<ul class=\"wp-block-list\">\n<li><strong>Analyse der Wettbewerbslandschaft:<\/strong> Eine \u00dcbersicht \u00fcber die wichtigsten Akteure auf dem saudi-arabischen Lebensmittelmarkt, ihre Marktanteile, St\u00e4rken, Schw\u00e4chen und Wettbewerbsstrategien, die es Unternehmen erm\u00f6glicht, ihre Leistung zu vergleichen und Differenzierungsm\u00f6glichkeiten zu erkennen.<\/li>\n\n\n\n<li><strong>Einblicke in Vertriebskan\u00e4le:<\/strong> An analysis of the distribution channels for food products in Saudi Arabia, including supermarkets, hypermarkets, online platforms, and food service channels, to help businesses optimize their distribution strategy.<\/li>\n\n\n\n<li><strong>Preisanalyse:<\/strong> Informationen zu Preisstrategien und Preispunkten auf dem saudi-arabischen Lebensmittelmarkt. So k\u00f6nnen Unternehmen wettbewerbsf\u00e4hige Preise festlegen, die die Rentabilit\u00e4t maximieren und gleichzeitig die lokalen Verbraucher ansprechen.<\/li>\n\n\n\n<li><strong>Regulatorische und Compliance-Anforderungen:<\/strong> Ein \u00dcberblick \u00fcber die regulatorische Landschaft, die den Lebensmittelmarkt in Saudi-Arabien betrifft, einschlie\u00dflich Lebensmittelsicherheit, Kennzeichnung und Importbestimmungen, um die Einhaltung der Vorschriften zu gew\u00e4hrleisten und Risiken zu minimieren.<\/li>\n\n\n\n<li><strong>Kulturelle und religi\u00f6se \u00dcberlegungen:<\/strong> Einblicke in die kulturellen und religi\u00f6sen Faktoren, die den Lebensmittelkonsum in Saudi-Arabien beeinflussen, wie etwa die Halal-Zertifizierung und Ern\u00e4hrungseinschr\u00e4nkungen w\u00e4hrend des Ramadan, um Unternehmen dabei zu helfen, ihre Produkte und Marketingstrategien entsprechend anzupassen.<\/li>\n\n\n\n<li><strong>Gelegenheiten und Herausforderungen:<\/strong> Identifizierung potenzieller Wachstums- und Expansionsm\u00f6glichkeiten sowie der Herausforderungen, denen sich Unternehmen auf dem saudi-arabischen Lebensmittelmarkt stellen m\u00fcssen, wie z. B. ver\u00e4nderte Verbraucherpr\u00e4ferenzen oder regulatorische H\u00fcrden.<\/li>\n\n\n\n<li><strong>Empfehlungen und strategische Erkenntnisse:<\/strong> Basierend auf den Forschungsergebnissen kann SIS International strategische Empfehlungen bereitstellen, die Unternehmen dabei helfen, Chancen zu nutzen, Herausforderungen zu \u00fcberwinden und ihre Ziele auf dem saudi-arabischen Lebensmittelmarkt zu erreichen.<\/li>\n<\/ul>\n\n\n\n<h2 class=\"wp-block-heading\">Schl\u00fcsselfiguren<\/h2>\n\n\n\n<p>Der Lebensmittelmarkt in Saudi-Arabien ist ein dynamischer und wachsender Sektor mit mehreren wichtigen Akteuren in verschiedenen Segmenten wie Milchprodukte, Fleisch, Getr\u00e4nke und verpackte Lebensmittel. Zu den Hauptakteuren auf dem saudi-arabischen Lebensmittelmarkt geh\u00f6ren:<\/p>\n\n\n\n<ul class=\"wp-block-list\">\n<li><strong>Almarai-Unternehmen:<\/strong> Almarai ist eines der gr\u00f6\u00dften Molkereiunternehmen im Nahen Osten und bekannt f\u00fcr sein breites Angebot an Milchprodukten, S\u00e4ften und Backwaren.<\/li>\n\n\n\n<li><strong>Savola-Gruppe:<\/strong> Savola is a leading food company in Saudi Arabia, interested in edible oils, sugar, pasta, and retail (through its subsidiary Panda Retail Company).<\/li>\n\n\n\n<li><strong>Saudi Dairy &amp; Foodstuff Company (SADAFCO):<\/strong> SADAFCO ist ein f\u00fchrender Hersteller von Milchprodukten, darunter Milch, Joghurt und Eiscreme sowie Tomatenmark und Snacks.<\/li>\n\n\n\n<li><strong>Nationale Gesellschaft f\u00fcr landwirtschaftliche Entwicklung (NADEC):<\/strong> NADEC ist ein gro\u00dfes Agrar- und Lebensmittelunternehmen, dessen Produktpalette von Milchprodukten und S\u00e4ften bis hin zu Oliven\u00f6l und Backwaren reicht.<\/li>\n\n\n\n<li><strong>Al Safi Danone:<\/strong> Dieses Unternehmen ist ein Joint Venture zwischen Al Safi und Danone und ist f\u00fcr seine Milchprodukte bekannt, insbesondere Joghurt und andere fermentierte Produkte.<\/li>\n<\/ul>\n\n\n\n<h2 class=\"wp-block-heading\">Gelegenheiten<\/h2>\n\n\n\n<figure class=\"gb-block-image gb-block-image-3c54c0ee\"><img loading=\"lazy\" decoding=\"async\" width=\"1456\" height=\"816\" class=\"gb-image gb-image-3c54c0ee\" src=\"https:\/\/www.sisinternational.com\/wp-content\/uploads\/2025\/08\/Saudi-Arabia-33-26.jpg\" alt=\"SIS International Marktforschung &amp; Strategie\" title=\"Saudi Arabia 33 (26)\" srcset=\"https:\/\/www.sisinternational.com\/wp-content\/uploads\/2025\/08\/Saudi-Arabia-33-26.jpg 1456w, https:\/\/www.sisinternational.com\/wp-content\/uploads\/2025\/08\/Saudi-Arabia-33-26-300x168.jpg 300w, https:\/\/www.sisinternational.com\/wp-content\/uploads\/2025\/08\/Saudi-Arabia-33-26-1024x574.jpg 1024w, https:\/\/www.sisinternational.com\/wp-content\/uploads\/2025\/08\/Saudi-Arabia-33-26-768x430.jpg 768w, https:\/\/www.sisinternational.com\/wp-content\/uploads\/2025\/08\/Saudi-Arabia-33-26-18x10.jpg 18w\" sizes=\"auto, (max-width: 1456px) 100vw, 1456px\"><\/figure>\n\n\n\n<p><\/p>\n\n\n\n<p>The food market in <a href=\"https:\/\/www.sisinternational.com\/de\/eintritt-in-den-lateinamerikanischen-markt\/\" title=\"Eintritt in den lateinamerikanischen Markt\" data-wpil-monitor-id=\"7542\">Saudi-Arabien<\/a> offers several opportunities for businesses looking to enter or expand in the market:<\/p>\n\n\n\n<ul class=\"wp-block-list\">\n<li><strong>Wachsende Bev\u00f6lkerung:<\/strong> Die Bev\u00f6lkerung Saudi-Arabiens w\u00e4chst rasant, was zu einer steigenden Nachfrage nach Nahrungsmitteln f\u00fchrt und Unternehmen die M\u00f6glichkeit bietet, ihre Marktpr\u00e4senz auszubauen.<\/li>\n\n\n\n<li><strong>Ver\u00e4nderte Verbraucherpr\u00e4ferenzen:<\/strong> In Saudi-Arabien verlagern sich die Verbraucherpr\u00e4ferenzen in Richtung ges\u00fcnderer und bequemerer Nahrungsmitteloptionen, was f\u00fcr Unternehmen Chancen bietet, neue Produkte einzuf\u00fchren, die diesen Vorlieben gerecht werden.<\/li>\n\n\n\n<li><strong>Wirtschaftliche Diversifizierung:<\/strong> Saudi-Arabien unternimmt Anstrengungen zur wirtschaftlichen Diversifizierung, die zu erh\u00f6hten Investitionen im Lebensmittel- und Getr\u00e4nkesektor f\u00fchren und Unternehmen M\u00f6glichkeiten f\u00fcr den Markteintritt bieten.<\/li>\n\n\n\n<li><strong>Elektronischer Handel:<\/strong> Durch den Aufstieg des E-Commerce in Saudi-Arabien sind neue Vertriebskan\u00e4le f\u00fcr Lebensmittel entstanden, die es den Unternehmen erm\u00f6glichen, ein breiteres Publikum zu erreichen und ihre Ums\u00e4tze zu steigern.<\/li>\n\n\n\n<li><strong>Regierungsinitiativen:<\/strong> Die saudische Regierung f\u00fchrt verschiedene Initiativen zur Unterst\u00fctzung der Lebensmittelindustrie durch, beispielsweise Programme zur Lebensmittelsicherheit und Investitionsanreize, die den Unternehmen Chancen auf dem Markt er\u00f6ffnen.<\/li>\n<\/ul>\n\n\n\n<h2 class=\"wp-block-heading\">What Makes SIS International a Top Food Market Research in Saudi Arabia<\/h2>\n\n\n\n<p><a href=\"https:\/\/www.linkedin.com\/company\/sisinternationalresearch\/\" target=\"_blank\" rel=\"noopener\">SIS International<\/a> is a global market research and strategic consulting firm that provides various services to help businesses in the food market in Saudi Arabia. Here&#8217;s how their services can be beneficial:<\/p>\n\n\n\n<ul class=\"wp-block-list\">\n<li><strong>Markteintrittsstrategie:<\/strong> SIS International kann Unternehmen im Lebensmittelmarkt bei der Entwicklung wirksamer Markteintrittsstrategien f\u00fcr Saudi-Arabien unterst\u00fctzen, einschlie\u00dflich der Identifizierung von Zielsegmenten, dem Verst\u00e4ndnis von Verbraucherpr\u00e4ferenzen und der Bew\u00e4ltigung gesetzlicher Anforderungen.<\/li>\n\n\n\n<li><strong>Konsumentenforschung:<\/strong> We conduct consumer research to gather insights into Saudi Arabian consumers&#8217; eating habits, preferences, and attitudes toward different food products. This information can help businesses tailor their offerings to meet local tastes and demands.<\/li>\n\n\n\n<li><strong>Wettbewerbsanalyse:<\/strong> SIS bietet eine detaillierte Analyse der Wettbewerber auf dem saudi-arabischen Lebensmittelmarkt, einschlie\u00dflich ihrer Strategien, St\u00e4rken, Schw\u00e4chen und Marktanteile, sodass Unternehmen sich effektiv positionieren k\u00f6nnen.<\/li>\n\n\n\n<li><strong>Lieferkettenanalyse:<\/strong> Unsere Experten helfen Unternehmen dabei, die Dynamik der Lieferkette auf dem saudischen Lebensmittelmarkt zu verstehen, einschlie\u00dflich der Herausforderungen in Bezug auf Beschaffung, Vertrieb und Logistik, um ihre Abl\u00e4ufe zu optimieren und Kosten zu senken.<\/li>\n\n\n\n<li><strong>Entwicklung einer Markenstrategie:<\/strong> SIS International entwickelt Markenstrategien, die bei saudischen Verbrauchern Anklang finden, darunter Markenpositionierung, Messaging und Kommunikationsstrategien.<\/li>\n\n\n\n<li><strong>Produktentwicklung und Innovation:<\/strong> SIS vermittelt Einblicke in neue Lebensmitteltrends und Verbraucherpr\u00e4ferenzen in Saudi-Arabien und unterst\u00fctzt Unternehmen bei der Innovation und Entwicklung neuer Produkte, die dem lokalen Geschmack gerecht werden.<\/li>\n\n\n\n<li><strong>Machbarkeitsstudien f\u00fcr Investitionen:<\/strong> SIS International kann Machbarkeitsstudien durchf\u00fchren, um die Rentabilit\u00e4t von Investitionsprojekten zu beurteilen und potenzielle Risiken und Chancen f\u00fcr Unternehmen zu ermitteln, die in den saudi-arabischen Lebensmittelmarkt investieren m\u00f6chten.<\/li>\n<\/ul>\n\n\n\n<h2 class=\"wp-block-heading\">Unser Standort in New York<\/h2>\n\n\n\n<p>\n\n\n\n<iframe loading=\"lazy\" src=\"https:\/\/www.google.com\/maps\/embed?pb=!1m18!1m12!1m3!1d3022.976188376966!2d-73.99130312499956!3d40.740549471389315!2m3!1f0!2f0!3f0!3m2!1i1024!2i768!4f13.1!3m3!1m2!1s0x89c259a15798c731%3A0xd695d09bdd495f25!2s11%20E%2022nd%20St%20FL%202%2C%20New%20York%2C%20NY%2010010%2C%20USA!5e0!3m2!1sen!2spe!4v1726171763526!5m2!1sen!2spe\" width=\"600\" height=\"450\" allowfullscreen=\"allowfullscreen\" data-mce-fragment=\"1\"><\/iframe>\n\n\n\n<\/p>\n\n\n\n<h3 class=\"wp-block-heading\">11 E 22nd Street, Floor 2, New York, NY 10010 T: +1(212) 505-6805<\/h3>\n\n\n\n<h2 class=\"wp-block-heading\"><span style=\"font-weight: 400;\">\u00dcber SIS International<\/span><\/h2>\n\n\n\n<p><a href=\"https:\/\/www.sisinternational.com\/de\/\"><span style=\"font-weight: 400;\">SIS International<\/span><\/a><span style=\"font-weight: 400;\"> bietet quantitative, qualitative und strategische Forschung an. Wir liefern Daten, Tools, Strategien, Berichte und Erkenntnisse zur Entscheidungsfindung. Wir f\u00fchren auch Interviews, Umfragen, Fokusgruppen und andere Methoden und Ans\u00e4tze der Marktforschung durch.<\/span><a href=\"https:\/\/www.sisinternational.com\/de\/uber-sis-international-research\/contact-sis-international-market-research\/\"><span style=\"font-weight: 400;\"> Kontakt<\/span><\/a><span style=\"font-weight: 400;\"> f\u00fcr Ihr n\u00e4chstes Marktforschungsprojekt.<\/span><\/p>\n\n\n\n<p><\/p>","protected":false},"excerpt":{"rendered":"<p>Die Lebensmittelmarktforschung in Saudi-Arabien umfasst die Erfassung, Analyse und Interpretation von Daten im Zusammenhang mit der Lebensmittelindustrie des Landes.<\/p>","protected":false},"author":1,"featured_media":65112,"parent":36619,"menu_order":20,"comment_status":"closed","ping_status":"closed","template":"","meta":{"footnotes":""},"class_list":["post-47259","page","type-page","status-publish","has-post-thumbnail"],"_links":{"self":[{"href":"https:\/\/www.sisinternational.com\/de\/wp-json\/wp\/v2\/pages\/47259","targetHints":{"allow":["GET"]}}],"collection":[{"href":"https:\/\/www.sisinternational.com\/de\/wp-json\/wp\/v2\/pages"}],"about":[{"href":"https:\/\/www.sisinternational.com\/de\/wp-json\/wp\/v2\/types\/page"}],"author":[{"embeddable":true,"href":"https:\/\/www.sisinternational.com\/de\/wp-json\/wp\/v2\/users\/1"}],"replies":[{"embeddable":true,"href":"https:\/\/www.sisinternational.com\/de\/wp-json\/wp\/v2\/comments?post=47259"}],"version-history":[{"count":16,"href":"https:\/\/www.sisinternational.com\/de\/wp-json\/wp\/v2\/pages\/47259\/revisions"}],"predecessor-version":[{"id":81169,"href":"https:\/\/www.sisinternational.com\/de\/wp-json\/wp\/v2\/pages\/47259\/revisions\/81169"}],"up":[{"embeddable":true,"href":"https:\/\/www.sisinternational.com\/de\/wp-json\/wp\/v2\/pages\/36619"}],"wp:featuredmedia":[{"embeddable":true,"href":"https:\/\/www.sisinternational.com\/de\/wp-json\/wp\/v2\/media\/65112"}],"wp:attachment":[{"href":"https:\/\/www.sisinternational.com\/de\/wp-json\/wp\/v2\/media?parent=47259"}],"curies":[{"name":"wp","href":"https:\/\/api.w.org\/{rel}","templated":true}]}}