{"id":47135,"date":"2024-03-25T12:11:24","date_gmt":"2024-03-25T16:11:24","guid":{"rendered":"https:\/\/www.sisinternational.com\/?page_id=47135"},"modified":"2026-01-27T16:52:21","modified_gmt":"2026-01-27T21:52:21","slug":"end-user-computing-marktforschung-beratung","status":"publish","type":"page","link":"https:\/\/www.sisinternational.com\/de\/sachverstand\/end-user-computing-marktforschung-beratung\/","title":{"rendered":"Marktforschung und Beratung im Bereich End-User Computing"},"content":{"rendered":"<h1 class=\"wp-block-heading\">Marktforschung und Beratung im Bereich End-User Computing<\/h1>\n\n\n\n<figure class=\"gb-block-image gb-block-image-b7498dc1\"><img loading=\"lazy\" decoding=\"async\" width=\"1456\" height=\"816\" class=\"gb-image gb-image-b7498dc1\" src=\"https:\/\/www.sisinternational.com\/wp-content\/uploads\/2025\/08\/Computer-Assisted-Telephone-Interviewing.jpg\" alt=\"SIS International Marktforschung &amp; Strategie\" title=\"Computer Assisted Telephone Interviewing\" srcset=\"https:\/\/www.sisinternational.com\/wp-content\/uploads\/2025\/08\/Computer-Assisted-Telephone-Interviewing.jpg 1456w, https:\/\/www.sisinternational.com\/wp-content\/uploads\/2025\/08\/Computer-Assisted-Telephone-Interviewing-300x168.jpg 300w, https:\/\/www.sisinternational.com\/wp-content\/uploads\/2025\/08\/Computer-Assisted-Telephone-Interviewing-1024x574.jpg 1024w, https:\/\/www.sisinternational.com\/wp-content\/uploads\/2025\/08\/Computer-Assisted-Telephone-Interviewing-768x430.jpg 768w, https:\/\/www.sisinternational.com\/wp-content\/uploads\/2025\/08\/Computer-Assisted-Telephone-Interviewing-18x10.jpg 18w\" sizes=\"auto, (max-width: 1456px) 100vw, 1456px\"><\/figure>\n\n\n\n<hr class=\"wp-block-separator has-alpha-channel-opacity is-style-dots\"\/>\n\n\n\n<p>Das Ziel der Marktforschung und Beratung im Bereich End-User-Computing besteht darin, Unternehmen Erkenntnisse und Strategien zur Optimierung ihrer End-User-Computing-Umgebung zu liefern und sicherzustellen, dass diese ihren Gesamtzielen entspricht und die Produktivit\u00e4t steigert.<\/p>\n\n\n\n<p>As businesses strive to enhance productivity and adapt to changing work environments, understanding and optimizing end-user computing (EUC) becomes increasingly essential\u2026 But, what exactly is EUC? Why is it becoming increasingly important for businesses? At SIS, we conduct end-user <a href=\"https:\/\/www.sisinternational.com\/de\/losungen\/ai-marktforschung-und-strategieberatung\/computer-vision-ki-marktforschung\/\" title=\"Marktforschung f\u00fcr Computer Vision-KI\"  data-wpil-monitor-id=\"2752\">computing market research<\/a> and consulting to help organizations streamline their IT infrastructure and optimize their businesses.<\/p>\n\n\n\n<h2 class=\"wp-block-heading\">Was ist Marktforschung und Beratung im Bereich End-User Computing?<\/h2>\n\n\n\n<p>End-user <a href=\"https:\/\/www.sisinternational.com\/de\/sachverstand\/branchen\/marktforschung-fur-quantencomputer\/\" title=\"Marktforschung f\u00fcr Quantencomputer\"  data-wpil-monitor-id=\"3666\">computing market research<\/a> and consulting focuses on analyzing the technologies and solutions employees use to perform their tasks. This includes desktops, laptops, mobile devices, applications, and virtual desktop infrastructure (VDI).<\/p>\n\n\n\n<p>Die EUC-Marktforschung zielt darauf ab, Einblicke in aktuelle Trends, Benutzerpr\u00e4ferenzen und zuk\u00fcnftige Entwicklungen in der EUC-Landschaft zu geben. Im Gegensatz dazu umfasst die Beratung das Anbieten von Expertenratschl\u00e4gen und Strategien zur Optimierung der EUC-Umgebung, um sicherzustellen, dass sie mit den Unternehmenszielen \u00fcbereinstimmt und die Benutzerproduktivit\u00e4t steigert.<\/p>\n\n\n\n<h2 class=\"wp-block-heading\">Warum ben\u00f6tigen Unternehmen Marktforschung und Beratung im Bereich End-User Computing?<\/h2>\n\n\n\n<p>EUC-Technologien entwickeln sich st\u00e4ndig weiter und Unternehmen m\u00fcssen mit diesen \u00c4nderungen Schritt halten, um sicherzustellen, dass ihre EUC-L\u00f6sungen aktuell und effektiv sind. Deshalb helfen Marktforschung und Beratung Unternehmen, \u00fcber diese Entwicklungen auf dem Laufenden zu bleiben.<\/p>\n\n\n\n<p>Da der Erfolg der EUC-Strategie eines Unternehmens von der Zufriedenheit und Produktivit\u00e4t seiner Endbenutzer abh\u00e4ngt, liefert die EUC-Marktforschung Einblicke in Benutzerpr\u00e4ferenzen und Problembereiche, sodass Unternehmen ihre Computerumgebungen entsprechend anpassen k\u00f6nnen.<\/p>\n\n\n\n<p>Dar\u00fcber hinaus kann eine gut konzipierte EUC-Umgebung die Mitarbeiterzufriedenheit und -produktivit\u00e4t deutlich steigern. Forschung und Beratung k\u00f6nnen dabei helfen, Verbesserungsbereiche zu identifizieren und L\u00f6sungen zu entwerfen und zu implementieren, die eine nahtlose Konnektivit\u00e4t und Zusammenarbeit f\u00fcr Remote-Teams unterst\u00fctzen.<\/p>\n\n\n\n<p>Die Durchf\u00fchrung von EUC-Marktforschung und -Beratung bringt Unternehmen jedoch noch weitere Vorteile, beispielsweise:<\/p>\n\n\n\n<ul class=\"wp-block-list\">\n<li><strong>Verbesserte Produktivit\u00e4t:<\/strong> Durch die Optimierung von EUC-Umgebungen k\u00f6nnen Unternehmen die Produktivit\u00e4t ihrer Mitarbeiter steigern, da die Benutzer Zugriff auf effiziente, zuverl\u00e4ssige und benutzerfreundliche Computerressourcen haben.<\/li>\n\n\n\n<li><strong>Einsparma\u00dfnahmen:<\/strong> Durch Beratung k\u00f6nnen Unternehmen Bereiche identifizieren, in denen sie ihre Kosten senken k\u00f6nnen, etwa durch die Rationalisierung der Betriebsabl\u00e4ufe, die Konsolidierung von Ressourcen oder die Nutzung Cloud-basierter L\u00f6sungen.<\/li>\n\n\n\n<li><strong>Bessere Sicherheit:<\/strong> Unternehmen k\u00f6nnen robuste Sicherheitsma\u00dfnahmen implementieren, potenzielle Schwachstellen beheben und ihre EUC-Infrastruktur vor Cyberbedrohungen sch\u00fctzen.<\/li>\n\n\n\n<li><strong>Unterst\u00fctzung f\u00fcr Remote-Arbeit:<\/strong> End-user <a href=\"https:\/\/www.sisinternational.com\/de\/sachverstand\/branchen\/computergestutzte-telefoninterviews-zur-marktforschung\/\" title=\"Computergest\u00fctzte telefonische Befragung Marktforschung\"  data-wpil-monitor-id=\"5774\">computing market research and consulting can assist<\/a> businesses in developing strategies and solutions that facilitate seamless remote work, ensuring employees remain connected and productive regardless of location.<\/li>\n\n\n\n<li><strong>Zukunftssicherheit:<\/strong> Indem Unternehmen \u00fcber neue Trends und Technologien auf dem Laufenden bleiben, k\u00f6nnen sie sicherstellen, dass sie wettbewerbsf\u00e4hig und anpassungsf\u00e4hig bleiben.<\/li>\n<\/ul>\n\n\n\n<h2 class=\"wp-block-heading\">Wer nutzt Marktforschung und Beratung im Bereich End-User Computing?<\/h2>\n\n\n\n<p>IT-Manager verlassen sich auf die Marktforschung und Beratung von EUC, um fundierte Entscheidungen \u00fcber die Bereitstellung und Verwaltung von Technologiel\u00f6sungen zu treffen, die Endbenutzer unterst\u00fctzen und sicherstellen, dass die IT-Infrastruktur mit den Gesch\u00e4ftszielen \u00fcbereinstimmt.<\/p>\n\n\n\n<p>F\u00fchrungskr\u00e4fte nutzen diese Dienste auch, um die Auswirkungen von EUC auf die allgemeine Unternehmensleistung zu verstehen und Strategien f\u00fcr den Einsatz der Technologie zur Erlangung von Wettbewerbsvorteilen zu entwickeln.<\/p>\n\n\n\n<p>Likewise, HR and Operations Managers use EUC <a href=\"https:\/\/www.sisinternational.com\/de\/losungen\/reise-tourismus-und-gastgewerbeberatung\/destinationsmanagement-beratung\/\" title=\"Destinationsmanagement-Beratung\"  data-wpil-monitor-id=\"7656\">computing market research<\/a> and consulting to ensure that the technology tools and environment provided to employees enhance productivity, collaboration, and job satisfaction.<\/p>\n\n\n\n<p>Dar\u00fcber hinaus nutzen Sicherheitsteams die Beratungsdienste von EUC, um robuste Sicherheitsma\u00dfnahmen zum Schutz vertraulicher Daten und Systeme zu implementieren.<\/p>\n\n\n\n<h2 class=\"wp-block-heading\">Wann sollten Marktforschung und Beratung im Bereich End-User Computing durchgef\u00fchrt werden?<\/h2>\n\n\n\n<p>Ein Unternehmen, das seine Technologieumgebung optimieren m\u00f6chte, muss den richtigen Zeitpunkt f\u00fcr Marktforschung und Beratung im Bereich End-User Computing (EUC) bestimmen. Hier sind einige Szenarien, in denen diese Dienste besonders n\u00fctzlich sind:<\/p>\n\n\n\n<ul class=\"wp-block-list\">\n<li><strong>Planung von Technologie-Upgrades:<\/strong> Vor dem Upgrade oder der Implementierung neuer EUC-Technologien k\u00f6nnen Marktforschung und Beratung wertvolle Einblicke in die neuesten Trends, Technologien und Best Practices liefern.<\/li>\n\n\n\n<li><strong>Betriebserweiterung oder -umstrukturierung:<\/strong> Wenn Unternehmen wachsen oder organisatorische Ver\u00e4nderungen durchlaufen, k\u00f6nnen Marktforschung und Beratung im Bereich End-User-Computing dazu beitragen, dass die Technologieinfrastruktur die sich entwickelnden Bed\u00fcrfnisse und Ziele unterst\u00fctzt.<\/li>\n\n\n\n<li><strong>Behebung von Problemen mit der Benutzerzufriedenheit:<\/strong> Wenn Endbenutzer mit der aktuellen Computerumgebung unzufrieden sind, ist es an der Zeit, Untersuchungen und Beratungen durchzuf\u00fchren, um Schwachstellen zu identifizieren und Verbesserungsstrategien zu entwickeln.<\/li>\n\n\n\n<li><strong>Reaktion auf Sicherheitsbedrohungen:<\/strong> Angesichts neuer Bedrohungen f\u00fcr die Cybersicherheit kann eine Beratung dazu beitragen, die Sicherheitsma\u00dfnahmen des EUC zum Schutz sensibler Daten und Systeme zu st\u00e4rken.<\/li>\n\n\n\n<li><strong>Unterst\u00fctzung der Fernarbeit:<\/strong> Da Remote-Arbeit immer h\u00e4ufiger zum Einsatz kommt, k\u00f6nnen EUC-Marktforschung und -Beratung Unternehmen dabei helfen, wirksame Strategien und Tools zur Unterst\u00fctzung von Remote-Teams zu entwickeln.<\/li>\n<\/ul>\n\n\n\n<h2 class=\"wp-block-heading\">Erwartete Ergebnisse der Marktforschung und Beratung von SIS im Bereich End-User Computing<\/h2>\n\n\n\n<p>Wenn Unternehmen bei der Marktforschung und Beratung zum Thema End-User-Computing mit SIS International zusammenarbeiten, k\u00f6nnen sie mit einer Reihe wertvoller Ergebnisse rechnen, beispielsweise:<\/p>\n\n\n\n<ul class=\"wp-block-list\">\n<li><strong>Strategische Erkenntnisse:<\/strong> SIS bietet tiefe Einblicke in den EUC-Markt und hilft Unternehmen, Trends, Chancen und Herausforderungen zu verstehen und so fundierte strategische Entscheidungen zu treffen.<\/li>\n\n\n\n<li><strong>Ma\u00dfgeschneiderte L\u00f6sungen:<\/strong> Auf der Grundlage gr\u00fcndlicher Untersuchungen und Analysen bietet SIS ma\u00dfgeschneiderte Empfehlungen zur Optimierung von EUC-Umgebungen und -Technologien, um spezifische Gesch\u00e4ftsanforderungen und -ziele zu erf\u00fcllen.<\/li>\n\n\n\n<li><strong>Verbessertes Benutzererlebnis:<\/strong> Indem die Beratung von SIS auf die Bed\u00fcrfnisse und Vorlieben der Benutzer eingeht, verbessert sie deren Zufriedenheit, Produktivit\u00e4t und Einsatz der Technologietools.<\/li>\n\n\n\n<li><strong>Kosteneffizienz:<\/strong> SIS erkennt M\u00f6glichkeiten zur Kosteneinsparung und Ressourcenoptimierung und stellt sicher, dass Unternehmen den gr\u00f6\u00dftm\u00f6glichen Nutzen aus ihren EUC-Investitionen ziehen.<\/li>\n\n\n\n<li><strong>Sicherheitsverbesserungen:<\/strong> SIS bietet Anleitungen zur Implementierung robuster Sicherheitsma\u00dfnahmen zum Schutz vor Bedrohungen und zur Gew\u00e4hrleistung der Einhaltung von Branchenvorschriften.<\/li>\n\n\n\n<li><strong>Zukunftssicherheit:<\/strong> Mit Einblicken in neue Technologien und Trends unterst\u00fctzt SIS Unternehmen dabei, ihre EUC-Strategie zukunftssicher zu machen und so langfristige Wettbewerbsf\u00e4higkeit und Anpassungsf\u00e4higkeit sicherzustellen.<\/li>\n<\/ul>\n\n\n\n<h2 class=\"wp-block-heading\">Schl\u00fcsselindustrien in der Marktforschung und Beratung f\u00fcr End-User-Computing<\/h2>\n\n\n\n<p>Marktforschung und Beratungsdienste im Bereich End-User-Computing sind f\u00fcr eine Vielzahl von Branchen relevant, von denen jede ihre eigenen technologischen Anforderungen und Herausforderungen mit sich bringt. Hier sind einige Schl\u00fcsselbranchen, in denen Marktforschung und Beratung von EUC eine entscheidende Rolle spielen:<\/p>\n\n\n\n<ul class=\"wp-block-list\">\n<li><strong>Gesundheitspflege:<\/strong> In dieser Branche werden EUC-L\u00f6sungen verwendet, um Patientenakten zu verwalten, Termine zu vereinbaren und Telemedizin zu erm\u00f6glichen. Unternehmen wie Epic Systems und Cerner Corporation bieten spezielle Software f\u00fcr Gesundheitsorganisationen an.<\/li>\n\n\n\n<li><strong>Finanzen:<\/strong> Banken und Finanzinstitute verlassen sich bei sicheren Transaktionen, im Kundenbeziehungsmanagement und bei der Risikoanalyse auf EUC. Fintech-Unternehmen wie Square und PayPal bieten innovative EUC-L\u00f6sungen f\u00fcr die Zahlungsabwicklung und Finanzdienstleistungen an.<\/li>\n\n\n\n<li><strong>Herstellung:<\/strong> In diesem Sektor wird EUC f\u00fcr das Supply Chain Management, die Produktionsplanung und die Qualit\u00e4tskontrolle eingesetzt. Softwareanbieter wie SAP und Oracle bieten auf die Anforderungen der Fertigung zugeschnittene Enterprise Resource Planning (ERP)-Systeme an.<\/li>\n\n\n\n<li><strong>Ausbildung:<\/strong> EUC-L\u00f6sungen unterst\u00fctzen Online-Lernplattformen, Studenteninformationssysteme und Verwaltungsaufgaben. Unternehmen wie Blackboard und Canvas bieten spezielle Software f\u00fcr Bildungseinrichtungen an.<\/li>\n<\/ul>\n\n\n\n<h2 class=\"wp-block-heading\">Technologien und Tools in der End-User-Computing-Marktforschung und -Beratung<\/h2>\n\n\n\n<p>Die Endbenutzer-Computerlandschaft entwickelt sich st\u00e4ndig weiter und es entstehen neue Technologien und Tools, die die Produktivit\u00e4t und das Benutzererlebnis verbessern. Hier sind einige Schl\u00fcsseltechnologien und Tools, die in der EUC-Marktforschung und -Beratung eine wichtige Rolle spielen:<\/p>\n\n\n\n<ul class=\"wp-block-list\">\n<li><strong>Virtuelle Desktop-Infrastruktur (VDI):<\/strong> VDI-L\u00f6sungen wie VMware Horizon und Citrix Virtual Apps and Desktops erm\u00f6glichen Benutzern den Zugriff auf virtuelle Desktops von jedem Ger\u00e4t aus und bieten Flexibilit\u00e4t und eine zentrale Verwaltung.<\/li>\n\n\n\n<li><strong>Einheitliches Endpunktmanagement (UEM):<\/strong> UEM-Tools wie Microsoft Endpoint Manager und IBM MaaS360 erm\u00f6glichen Unternehmen die Verwaltung und Sicherung verschiedener Ger\u00e4te, darunter Smartphones, Tablets und Laptops.<\/li>\n\n\n\n<li><strong>Kollaborationsplattformen:<\/strong> Microsoft Teams, Slack und Zoom sind f\u00fcr die Kommunikation und Zusammenarbeit, insbesondere in Remote-Arbeitsumgebungen, unverzichtbar geworden.<\/li>\n\n\n\n<li><strong>Cloud Computing:<\/strong> Cloud-Dienste von Anbietern wie Amazon Web Services (AWS), Microsoft Azure und Google Cloud bieten skalierbare und kosteng\u00fcnstige Ressourcen f\u00fcr EUC, einschlie\u00dflich Speicher, Computing und Anwendungshosting.<\/li>\n\n\n\n<li><strong>Mobile Ger\u00e4teverwaltung (MDM):<\/strong> MDM-L\u00f6sungen wie MobileIron und VMware Workspace ONE unterst\u00fctzen Unternehmen bei der Sicherung und Verwaltung mobiler Ger\u00e4te und gew\u00e4hrleisten die Einhaltung von Unternehmensrichtlinien.<\/li>\n\n\n\n<li><strong>Produktivit\u00e4tssoftware:<\/strong> Office-Suiten wie Microsoft Office 365 und Google Workspace bieten wichtige Tools f\u00fcr die Dokumenterstellung, E-Mail und Zusammenarbeit und erm\u00f6glichen den Benutzern so ein effizientes Arbeiten.<\/li>\n<\/ul>\n\n\n\n<h2 class=\"wp-block-heading\">Gelegenheiten<\/h2>\n\n\n\n<figure class=\"gb-block-image gb-block-image-ae40419a\"><img loading=\"lazy\" decoding=\"async\" width=\"1456\" height=\"816\" class=\"gb-image gb-image-ae40419a\" src=\"https:\/\/www.sisinternational.com\/wp-content\/uploads\/2025\/08\/Computer-Assisted-Telephone-Interviewing-2.jpg\" alt=\"SIS International Marktforschung &amp; Strategie\" title=\"Computer Assisted Telephone Interviewing (2)\" srcset=\"https:\/\/www.sisinternational.com\/wp-content\/uploads\/2025\/08\/Computer-Assisted-Telephone-Interviewing-2.jpg 1456w, https:\/\/www.sisinternational.com\/wp-content\/uploads\/2025\/08\/Computer-Assisted-Telephone-Interviewing-2-300x168.jpg 300w, https:\/\/www.sisinternational.com\/wp-content\/uploads\/2025\/08\/Computer-Assisted-Telephone-Interviewing-2-1024x574.jpg 1024w, https:\/\/www.sisinternational.com\/wp-content\/uploads\/2025\/08\/Computer-Assisted-Telephone-Interviewing-2-768x430.jpg 768w, https:\/\/www.sisinternational.com\/wp-content\/uploads\/2025\/08\/Computer-Assisted-Telephone-Interviewing-2-18x10.jpg 18w\" sizes=\"auto, (max-width: 1456px) 100vw, 1456px\"><\/figure>\n\n\n\n<p><\/p>\n\n\n\n<p>Die EUC-Marktforschungs- und Beratungslandschaft bietet Unternehmen, die ihre Technologiestrategien verbessern m\u00f6chten, zahlreiche Chancen. Hier sind einige der wichtigsten Chancen:<\/p>\n\n\n\n<ul class=\"wp-block-list\">\n<li><strong>Digitale Transformation:<\/strong> Marktforschung und Beratung im Bereich End-User-Computing k\u00f6nnen Unternehmen bei ihren Initiativen zur digitalen Transformation unterst\u00fctzen und sicherstellen, dass Technologieinvestitionen mit den Unternehmenszielen \u00fcbereinstimmen und Innovationen vorantreiben.<\/li>\n\n\n\n<li><strong>Optimierung der Benutzererfahrung:<\/strong> Unternehmen k\u00f6nnen eine ansprechendere und produktivere Computerumgebung schaffen, indem sie sich auf die Bed\u00fcrfnisse und Vorlieben der Endbenutzer konzentrieren und so die Zufriedenheit und Bindung der Mitarbeiter erh\u00f6hen.<\/li>\n\n\n\n<li><strong>Kosteneffizienz:<\/strong> Mithilfe der EUC-Beratung k\u00f6nnen Sie Bereiche identifizieren, in denen Kosten eingespart werden k\u00f6nnen, etwa durch Virtualisierung, Cloud-Einf\u00fchrung oder optimiertes Ger\u00e4temanagement, und so Ihre finanzielle Gesamtleistung verbessern.<\/li>\n<\/ul>\n\n\n\n<h2 class=\"wp-block-heading\">Herausforderungen<\/h2>\n\n\n\n<p>Marktforschung und Beratung im Bereich End-User-Computing bieten zahlreiche Chancen, aber Unternehmen stehen auch vor mehreren Herausforderungen. Hier sind einige der wichtigsten aktuellen Herausforderungen:<\/p>\n\n\n\n<ul class=\"wp-block-list\">\n<li><strong>Komplexit\u00e4t von EUC-Umgebungen:<\/strong> Die Verwaltung einer Vielzahl unterschiedlicher Ger\u00e4te, Anwendungen und Plattformen kann eine komplexe Angelegenheit sein und erfordert spezielle Kenntnisse und Fachkenntnisse, um eine reibungslose Integration und Bedienung zu gew\u00e4hrleisten.<\/li>\n\n\n\n<li><strong>Sicherheits Risikos:<\/strong> Mit der Ausweitung von EUC-Umgebungen, insbesondere durch Remote-Arbeit, m\u00fcssen sich Unternehmen mit erh\u00f6hten Sicherheitsrisiken wie Datenlecks, Malware und unbefugtem Zugriff auseinandersetzen.<\/li>\n\n\n\n<li><strong>Technologie-Obsoleszenz:<\/strong> Der schnelle technologische Fortschritt kann dazu f\u00fchren, dass EUC-L\u00f6sungen schnell veralten. F\u00fcr Unternehmen stellt es eine Herausforderung dar, mit den neuesten Trends und Innovationen Schritt zu halten.<\/li>\n<\/ul>\n\n\n\n<h2 class=\"wp-block-heading\">Wie die Marktforschung und Beratung von SIS International im Bereich End-User Computing Unternehmen hilft<\/h2>\n\n\n\n<p>Die Marktforschungs- und Beratungsdienste von SIS International im Bereich End-User Computing bieten Unternehmen die Einblicke und Anleitung, die sie ben\u00f6tigen, um sich in der Komplexit\u00e4t der EUC-Landschaft zurechtzufinden. So unterst\u00fctzt SIS International Unternehmen bei der Entwicklung oder Einf\u00fchrung dieser Technologien:<\/p>\n\n\n\n<ul class=\"wp-block-list\">\n<li><strong>Strategische Erkenntnisse:<\/strong> Die Experten von SIS bieten tiefgehende Marktforschung an, die Unternehmen ein umfassendes Verst\u00e4ndnis des EUC-Marktes, einschlie\u00dflich Trends, Chancen und Herausforderungen, vermittelt.<\/li>\n\n\n\n<li><strong>Ma\u00dfgeschneiderte Empfehlungen:<\/strong> Basierend auf den Forschungsergebnissen bieten unsere Berater ma\u00dfgeschneiderte Beratungsleistungen an und liefern umsetzbare Empfehlungen zur Optimierung der EUC-Strategien und ihrer Ausrichtung an den Gesch\u00e4ftszielen.<\/li>\n\n\n\n<li><strong>Benutzerzentrierter Ansatz:<\/strong> SIS International legt Wert auf die Bedeutung der Endbenutzererfahrung und unterst\u00fctzt Unternehmen bei der Entwicklung und Implementierung von EUC-L\u00f6sungen, die den Benutzeranforderungen gerecht werden und die Produktivit\u00e4t steigern.<\/li>\n\n\n\n<li><strong>Technologieintegration:<\/strong> SIS unterst\u00fctzt Unternehmen bei der Identifizierung und Integration der am besten geeigneten EUC-Technologien und gew\u00e4hrleistet einen reibungslosen Betrieb und die Kompatibilit\u00e4t mit vorhandenen Systemen.<\/li>\n\n\n\n<li><strong>Sicherheit und Compliance:<\/strong> Mit unserer Fachkompetenz in den Bereichen Cybersicherheit und Einhaltung gesetzlicher Vorschriften unterst\u00fctzen wir Unternehmen bei der Implementierung robuster Sicherheitsma\u00dfnahmen und stellen sicher, dass ihre EUC-Strategien den relevanten Gesetzen und Vorschriften entsprechen.<\/li>\n\n\n\n<li><strong>Kostenmanagement:<\/strong> SIS unterst\u00fctzt Unternehmen dabei, M\u00f6glichkeiten zur Kosteneinsparung zu erkennen und fundierte Investitionsentscheidungen zu treffen, um den Ertrag ihrer EUC-Ausgaben zu maximieren.<\/li>\n<\/ul>\n\n\n\n<p><\/p>","protected":false},"excerpt":{"rendered":"<p>Die Marktforschung und Beratung im Bereich End-User-Computing konzentriert sich auf die Analyse der Technologien und L\u00f6sungen, die Mitarbeiter zur Ausf\u00fchrung ihrer Aufgaben verwenden.<\/p>","protected":false},"author":1,"featured_media":64210,"parent":14514,"menu_order":433,"comment_status":"closed","ping_status":"closed","template":"","meta":{"footnotes":""},"class_list":["post-47135","page","type-page","status-publish","has-post-thumbnail"],"_links":{"self":[{"href":"https:\/\/www.sisinternational.com\/de\/wp-json\/wp\/v2\/pages\/47135","targetHints":{"allow":["GET"]}}],"collection":[{"href":"https:\/\/www.sisinternational.com\/de\/wp-json\/wp\/v2\/pages"}],"about":[{"href":"https:\/\/www.sisinternational.com\/de\/wp-json\/wp\/v2\/types\/page"}],"author":[{"embeddable":true,"href":"https:\/\/www.sisinternational.com\/de\/wp-json\/wp\/v2\/users\/1"}],"replies":[{"embeddable":true,"href":"https:\/\/www.sisinternational.com\/de\/wp-json\/wp\/v2\/comments?post=47135"}],"version-history":[{"count":10,"href":"https:\/\/www.sisinternational.com\/de\/wp-json\/wp\/v2\/pages\/47135\/revisions"}],"predecessor-version":[{"id":81278,"href":"https:\/\/www.sisinternational.com\/de\/wp-json\/wp\/v2\/pages\/47135\/revisions\/81278"}],"up":[{"embeddable":true,"href":"https:\/\/www.sisinternational.com\/de\/wp-json\/wp\/v2\/pages\/14514"}],"wp:featuredmedia":[{"embeddable":true,"href":"https:\/\/www.sisinternational.com\/de\/wp-json\/wp\/v2\/media\/64210"}],"wp:attachment":[{"href":"https:\/\/www.sisinternational.com\/de\/wp-json\/wp\/v2\/media?parent=47135"}],"curies":[{"name":"wp","href":"https:\/\/api.w.org\/{rel}","templated":true}]}}