{"id":47074,"date":"2024-03-21T12:04:27","date_gmt":"2024-03-21T16:04:27","guid":{"rendered":"https:\/\/www.sisinternational.com\/?page_id=47074"},"modified":"2026-01-19T22:12:46","modified_gmt":"2026-01-20T03:12:46","slug":"alteryx-beratung","status":"publish","type":"page","link":"https:\/\/www.sisinternational.com\/de\/sachverstand\/alteryx-beratung\/","title":{"rendered":"Alteryx-Beratung"},"content":{"rendered":"<h1 class=\"wp-block-heading\">Alteryx-Beratung<\/h1>\n\n\n\n<figure class=\"gb-block-image gb-block-image-fa700491\"><img loading=\"lazy\" decoding=\"async\" width=\"1456\" height=\"816\" class=\"gb-image gb-image-fa700491\" src=\"https:\/\/www.sisinternational.com\/wp-content\/uploads\/2025\/08\/Strategy-consulting-6.jpg\" alt=\"SIS International Marktforschung &amp; Strategie\" title=\"Strategy consulting (6)\" srcset=\"https:\/\/www.sisinternational.com\/wp-content\/uploads\/2025\/08\/Strategy-consulting-6.jpg 1456w, https:\/\/www.sisinternational.com\/wp-content\/uploads\/2025\/08\/Strategy-consulting-6-300x168.jpg 300w, https:\/\/www.sisinternational.com\/wp-content\/uploads\/2025\/08\/Strategy-consulting-6-1024x574.jpg 1024w, https:\/\/www.sisinternational.com\/wp-content\/uploads\/2025\/08\/Strategy-consulting-6-768x430.jpg 768w, https:\/\/www.sisinternational.com\/wp-content\/uploads\/2025\/08\/Strategy-consulting-6-18x10.jpg 18w\" sizes=\"auto, (max-width: 1456px) 100vw, 1456px\"><\/figure>\n\n\n\n<hr class=\"wp-block-separator has-alpha-channel-opacity is-style-dots\"\/>\n\n\n\n<p>Mit seinen robusten Funktionen und seiner intuitiven Benutzeroberfl\u00e4che erm\u00f6glicht Alteryx Unternehmen, wertvolle Erkenntnisse aus ihren Daten zu gewinnen und so innovativere Strategien und flexiblere Abl\u00e4ufe zu erm\u00f6glichen. Deshalb erweist sich die Beratung von Alteryx als transformative Kraft, die die Art und Weise revolutioniert, wie Unternehmen die Macht der Daten nutzen, um fundierte Entscheidungen zu treffen.<\/p>\n\n\n\n<h2 class=\"wp-block-heading\">Was ist Alteryx Consulting?<\/h2>\n\n\n\n<p>Bei der Alteryx-Beratung dreht es sich darum, die Alteryx-Plattform zu nutzen, um Unternehmen mit erweiterten Analyse-, Datenaufbereitungs- und Automatisierungsfunktionen auszustatten. Im Kern erm\u00f6glicht Alteryx Unternehmen, ihre Daten-Workflows von der Datenaufnahme und -bereinigung bis hin zur Analyse und Visualisierung innerhalb einer benutzerfreundlichen Plattform zu optimieren.<\/p>\n\n\n\n<p>Die Unterst\u00fctzungsdienste von Alteryx umfassen eine Reihe von Aktivit\u00e4ten, darunter Implementierung, Anpassung, Schulung und fortlaufenden Support. Berater arbeiten eng mit Organisationen zusammen, um deren individuelle Gesch\u00e4ftsanforderungen, Datenherausforderungen und strategische Ziele zu verstehen.<\/p>\n\n\n\n<h2 class=\"wp-block-heading\">Warum brauchen Unternehmen eine Alteryx-Beratung?<\/h2>\n\n\n\n<p>Mit Alteryx k\u00f6nnen Unternehmen Daten aus unterschiedlichen Quellen nahtlos integrieren und f\u00fcr die Analyse vorbereiten. Mit seiner intuitiven Drag-and-Drop-Oberfl\u00e4che und den leistungsstarken Datenmischungsfunktionen optimiert Alteryx den Datenvorbereitungsprozess und spart Unternehmen Zeit und Aufwand. Aus diesem Grund bieten Berater Fachwissen zur Optimierung von Datenworkflows, zur Sicherstellung der Datenqualit\u00e4t und zur Automatisierung sich wiederholender Aufgaben, sodass sich Unternehmen auf das Gewinnen von Erkenntnissen konzentrieren k\u00f6nnen, anstatt sich mit Daten herumzuschlagen.<\/p>\n\n\n\n<p>Additionally, these consulting <a href=\"https:\/\/www.sisinternational.com\/de\/sachverstand\/branchen\/select-service-hotel-marktforschung\/\" title=\"Select Service Hotel Marktforschung\"  data-wpil-monitor-id=\"8979\">services guide businesses on model selection<\/a>, parameter tuning, and validation techniques, helping them derive actionable insights and make informed decisions. It also helps businesses identify opportunities for automation, design efficient workflows, and implement automation solutions that drive productivity and cost savings.<\/p>\n\n\n\n<h2 class=\"wp-block-heading\">Diese Beratungsleistung bringt jedoch noch viele weitere Vorteile mit sich, darunter:<\/h2>\n\n\n\n<ul class=\"wp-block-list\">\n<li><strong>Optimierte Datenprozesse:<\/strong> Durch Beratung k\u00f6nnen Unternehmen ihre Datenprozesse optimieren, von der Datenintegration und -aufbereitung bis hin zur Analyse und Berichterstattung. Berater optimieren Datenworkflows, automatisieren sich wiederholende Aufgaben und stellen die Datenqualit\u00e4t sicher, was zu effizienteren und zuverl\u00e4ssigeren Datenprozessen f\u00fchrt.<\/li>\n\n\n\n<li><strong>Erweiterte Analysefunktionen:<\/strong> Durch Beratung erhalten Unternehmen Zugriff auf erweiterte Analysefunktionen, mit denen sie wertvolle Erkenntnisse aus ihren Daten gewinnen k\u00f6nnen. Berater bieten Fachwissen in pr\u00e4diktiver Modellierung, r\u00e4umlicher Analyse und maschinellem Lernen und erm\u00f6glichen Unternehmen, datengesteuerte Entscheidungen zu treffen und sich einen Wettbewerbsvorteil zu verschaffen.<\/li>\n\n\n\n<li><strong>Verbesserte Entscheidungsfindung:<\/strong> Consulting helps businesses identify trends, patterns, and opportunities in their data, enabling them to optimize operations, mitigate risks, and <a href=\"https:\/\/www.sisinternational.com\/de\/losungen\/fintech-strategieberatung-forschung\/kapitalmarktmarktforschung\/\" title=\"Kapitalmarktforschung\"  data-wpil-monitor-id=\"8976\">capitalize on market<\/a> opportunities.<\/li>\n\n\n\n<li><strong>Einsparma\u00dfnahmen:<\/strong> Mithilfe von Alteryx-Analysen k\u00f6nnen Unternehmen ihre Datenprozesse optimieren und Abl\u00e4ufe rationalisieren, was zu Kosteneinsparungen f\u00fchrt. Unternehmen k\u00f6nnen ihre Betriebskosten senken und Ressourcen effektiver zuweisen, indem sie manuelle Aufgaben automatisieren, Fehler reduzieren und die Effizienz verbessern.<\/li>\n\n\n\n<li><strong>Verbesserte Produktivit\u00e4t:<\/strong> Unternehmen k\u00f6nnen ihre Produktivit\u00e4t steigern, indem sie wiederkehrende Aufgaben automatisieren und ihren Mitarbeitern so wertvolle Zeit verschaffen, sich auf T\u00e4tigkeiten mit h\u00f6herem Wert zu konzentrieren.<\/li>\n<\/ul>\n\n\n\n<h2 class=\"wp-block-heading\">Wer nutzt Alteryx Consulting<\/h2>\n\n\n\n<p>Gro\u00dfe Unternehmen aus verschiedenen Branchen, darunter Finanzen, Einzelhandel, Gesundheitswesen und Fertigung, nutzen Beratung, um ihre Datenprozesse zu optimieren und umsetzbare Erkenntnisse aus ihren Daten zu gewinnen. Mit seiner Skalierbarkeit und Flexibilit\u00e4t erf\u00fcllt Alteryx die komplexen Analyseanforderungen von Unternehmen auf Unternehmensebene und erm\u00f6glicht ihnen, fundierte Entscheidungen zu treffen und das Gesch\u00e4ftswachstum voranzutreiben.<\/p>\n\n\n\n<p>Regierungsbeh\u00f6rden nutzen die Beratung von Alteryx, um die Leistungsf\u00e4higkeit von Daten zu nutzen, um komplexe Herausforderungen zu bew\u00e4ltigen und \u00f6ffentliche Dienste effizienter bereitzustellen. Von der Analyse demografischer Trends bis zur Optimierung der Ressourcenzuweisung erm\u00f6glicht Alteryx Regierungsbeh\u00f6rden, datengesteuerte Entscheidungen zu treffen, die B\u00fcrgern und Gemeinden zugute kommen.<\/p>\n\n\n\n<p>Gemeinn\u00fctzige Organisationen verlassen sich auf Datenanalysen, um Wirkung zu erzielen, Abl\u00e4ufe zu optimieren und die Effektivit\u00e4t ihrer Programme und Dienste zu maximieren. Die Beratungsdienste von Alteryx helfen gemeinn\u00fctzigen Organisationen, ihre Datenbest\u00e4nde zu nutzen, um ihre Beg\u00fcnstigten besser zu verstehen, ihre Spendenbem\u00fchungen zu verbessern und ihre Missionsziele zu erreichen.<\/p>\n\n\n\n<p>Educational Institutions utilize this consulting to support academic research, teach data analytics skills, and empower students with hands-on experience in data analysis. Alteryx provides educators a powerful <a href=\"https:\/\/www.sisinternational.com\/de\/sis-stellt-plattform-fur-datenwissenschaft-und-quantitative-analyse-vor\/\" title=\"SIS stellt Plattform f\u00fcr Data Science und quantitative Analytik vor\"  data-wpil-monitor-id=\"8973\">platform for teaching data analytics<\/a> concepts and techniques, preparing students for careers in data-driven fields.<\/p>\n\n\n\n<h2 class=\"wp-block-heading\">Wann sollte eine Alteryx-Beratung durchgef\u00fchrt werden?<\/h2>\n\n\n\n<p>Die Bestimmung des optimalen Zeitpunkts f\u00fcr die Inanspruchnahme einer Alteryx-Beratung h\u00e4ngt von mehreren Faktoren ab, darunter den spezifischen Anforderungen und Zielen des Unternehmens sowie seiner Bereitschaft, Datenanalysen zu nutzen. Hier sind die wichtigsten \u00dcberlegungen f\u00fcr die Durchf\u00fchrung von Alteryx-Evaluierungen:<\/p>\n\n\n\n<ul class=\"wp-block-list\">\n<li><strong><a href=\"https:\/\/www.sisinternational.com\/de\/losungen\/sis-globales-wachstum\/strategische-planungsberatung\/\" title=\"Strategische Planungsberatung\"  data-wpil-monitor-id=\"8975\">Strategische Planung<\/a> Phase:<\/strong> Unternehmen sollten diese Art der Beratung bereits in der strategischen Planungsphase einer Datenanalyseinitiative in Betracht ziehen. So k\u00f6nnen Berater eng mit den Stakeholdern zusammenarbeiten, um die Ziele, Herausforderungen und Anforderungen des Unternehmens zu verstehen und so den Grundstein f\u00fcr eine erfolgreiche Analytics-Implementierung zu legen.<\/li>\n\n\n\n<li><a href=\"https:\/\/www.sisinternational.com\/de\/losungen\/strategieberatung\/datenanalyse\/\" title=\"Datenanalyse-Unternehmen\"  data-wpil-monitor-id=\"8977\">Data Assessment Stage: Before diving into analytics<\/a> implementation, organizations should comprehensively assess their data assets. Alteryx experts can help organizations evaluate the quality, completeness, and accessibility of their data, identifying any gaps or issues that need to be addressed before proceeding with analytics projects.<\/li>\n\n\n\n<li><strong>Vorbereitung der Implementierung:<\/strong> Wenn sich Unternehmen auf die Implementierung von Alteryx vorbereiten oder ihre bestehende Nutzung erweitern, k\u00f6nnen Beratungsdienste wertvolle Unterst\u00fctzung bei der Einrichtung der Plattform, der Konfiguration von Workflows und der Integration mit anderen Systemen bieten. Berater arbeiten mit IT-Teams und Gesch\u00e4ftsbenutzern zusammen, um einen reibungslosen Implementierungsprozess sicherzustellen und die Effektivit\u00e4t der Plattform zu maximieren.<\/li>\n<\/ul>\n\n\n\n<h2 class=\"wp-block-heading\">Erwartete Ergebnisse von SIS&#039;s Alteryx Consulting<\/h2>\n\n\n\n<p>Die Inanspruchnahme einer Alteryx-Beratung durch SIS International kann f\u00fcr Unternehmen mehrere erwartete Ergebnisse bringen:<\/p>\n\n\n\n<ul class=\"wp-block-list\">\n<li><strong>Verbesserte Effizienz der Datenanalyse:<\/strong> Die Alteryx-Beratungsdienste von SIS International optimieren Datenanalyseprozesse und erm\u00f6glichen Unternehmen, gro\u00dfe Datenmengen effizienter zu analysieren. Durch die Automatisierung manueller Aufgaben und die Optimierung von Arbeitsabl\u00e4ufen k\u00f6nnen Unternehmen den Zeit- und Arbeitsaufwand f\u00fcr die Datenanalyse reduzieren und so Ressourcen f\u00fcr andere strategische Aktivit\u00e4ten freisetzen.<\/li>\n\n\n\n<li><strong>Verbesserte Entscheidungsfindung:<\/strong> Mit den Alteryx-Supportdiensten von SIS International erhalten Unternehmen Zugriff auf erweiterte Analysefunktionen, die es ihnen erm\u00f6glichen, fundiertere und datengesteuerte Entscheidungen zu treffen. Durch die Nutzung der pr\u00e4diktiven Modellierungs- und maschinellen Lerntools von Alteryx k\u00f6nnen Unternehmen wertvolle Erkenntnisse aus ihren Daten gewinnen, die es ihnen erm\u00f6glichen, Trends sicher zu erkennen, Ergebnisse vorherzusagen und strategische Entscheidungen zu treffen.<\/li>\n\n\n\n<li><strong>Kosteneinsparungen und Ressourcenoptimierung:<\/strong> Die Alteryx-Optimierungsdienste von SIS helfen Unternehmen, ihre Datenprozesse zu rationalisieren und die Betriebseffizienz zu verbessern, was zu Kosteneinsparungen f\u00fchrt. Durch die Automatisierung sich wiederholender Aufgaben, die Reduzierung von Fehlern und die Verbesserung der Produktivit\u00e4t k\u00f6nnen Unternehmen ihre Betriebskosten senken und Ressourcen effektiver zuweisen und so den ROI maximieren.<\/li>\n\n\n\n<li><strong>Verbesserter Wettbewerbsvorteil:<\/strong> Durch die Nutzung der Alteryx-Beratungsdienste von SIS International verschaffen sich Unternehmen einen Wettbewerbsvorteil in ihren jeweiligen M\u00e4rkten. Durch die Nutzung der Leistungsf\u00e4higkeit der Datenanalyse k\u00f6nnen Unternehmen Einblicke in Markttrends, Kundenverhalten und Wettbewerbsdynamik gewinnen und so Chancen erkennen und sich von der Konkurrenz abheben.<\/li>\n\n\n\n<li><strong>Skalierbarkeit und Flexibilit\u00e4t:<\/strong> SIS International&#8217;s consulting services provide businesses with scalability and flexibility to adapt to changing business needs and evolving data requirements. Whether businesses analyze large volumes of data or expand into new markets, SIS International&#8217;s consultants help businesses scale their analytics capabilities and ensure they remain <a href=\"https:\/\/www.sisinternational.com\/de\/losungen\/innovation\/agile-marktforschung\/\" title=\"Agile Marktforschung\"  data-wpil-monitor-id=\"8969\">agile and responsive to market<\/a> demands.<\/li>\n<\/ul>\n\n\n\n<h2 class=\"wp-block-heading\">Gelegenheiten<\/h2>\n\n\n\n<p>Unternehmen k\u00f6nnen durch die Nutzung der Beratungsdienste von Alteryx mehrere Chancen nutzen. Zu diesen Chancen geh\u00f6ren:<\/p>\n\n\n\n<ul class=\"wp-block-list\">\n<li><strong>Prozessoptimierung und -automatisierung:<\/strong> Durch Beratung k\u00f6nnen Unternehmen ihre Datenprozesse optimieren und sich wiederholende Aufgaben automatisieren, wodurch Effizienz und Produktivit\u00e4t verbessert werden. Unternehmen k\u00f6nnen Zeit und Ressourcen sparen, indem sie die Arbeitsabl\u00e4ufe bei der Datenaufbereitung, -analyse und -berichterstattung automatisieren, sodass sich die Mitarbeiter auf strategischere Initiativen konzentrieren k\u00f6nnen.<\/li>\n\n\n\n<li><strong>Betriebseffizienz und Kosteneinsparungen:<\/strong> Die Beratung von Alteryx hilft Unternehmen, ihre Betriebseffizienz zu verbessern und Kosten zu senken, indem sie Datenprozesse rationalisieren und manuelle Aufgaben automatisieren. Durch die Optimierung von Arbeitsabl\u00e4ufen und die Beseitigung von Ineffizienzen k\u00f6nnen die Betriebskosten gesenkt, die Produktivit\u00e4t gesteigert und die allgemeine Gesch\u00e4ftsleistung verbessert werden.<\/li>\n\n\n\n<li><strong>Wettbewerbsvorteile und Innovation:<\/strong> By leveraging consulting services, businesses can gain a competitive advantage in their respective <a href=\"https:\/\/www.sisinternational.com\/de\/sachverstand\/branchen\/marktforschung-zur-kohlekraft\/\" title=\"Marktforschung f\u00fcr Kohlekraft\"  data-wpil-monitor-id=\"8978\">markets by harnessing the power<\/a> of data analytics to drive innovation and differentiation. By adopting advanced analytics techniques and staying ahead of emerging trends, businesses can innovate new products and services, enter new markets, and outperform competitors.<\/li>\n<\/ul>\n\n\n\n<h2 class=\"wp-block-heading\">Wie die Beratung von SIS International Unternehmen hilft<\/h2>\n\n\n\n<p>SIS International bietet umfassende Alteryx-Beratungsdienste an, die auf die individuellen Bed\u00fcrfnisse und Ziele von Unternehmen in verschiedenen Branchen zugeschnitten sind. So k\u00f6nnen die Alteryx-Beratungsdienste von SIS International Unternehmen helfen:<\/p>\n\n\n\n<ul class=\"wp-block-list\">\n<li><strong>Kompetenz und Erfahrung:<\/strong> SIS International&#8217;s team of experienced <a href=\"https:\/\/www.sisinternational.com\/de\/sachverstand\/branchen\/data-science-analytik-beratung\/\" title=\"Data Science und Analytics Beratung\"  data-wpil-monitor-id=\"8971\">consultants brings deep expertise in data analytics<\/a>, business intelligence, and Alteryx platform to help businesses leverage advanced analytics capabilities effectively. With extensive experience across industries and business functions, SIS International consultants provide valuable insights and best practices to guide businesses through the analytics lifecycle.<\/li>\n\n\n\n<li><strong>Ma\u00dfgeschneiderte L\u00f6sungen:<\/strong> SIS arbeitet eng mit Unternehmen zusammen, um ihre spezifischen Ziele, Herausforderungen und Anforderungen zu verstehen und ma\u00dfgeschneiderte L\u00f6sungen zu entwickeln, die auf ihre individuellen Bed\u00fcrfnisse zugeschnitten sind. Ganz gleich, ob Unternehmen Datenprozesse optimieren, erweiterte Analysen durchf\u00fchren oder Arbeitsabl\u00e4ufe automatisieren m\u00f6chten \u2013 unsere Berater entwickeln L\u00f6sungen, die ihre spezifischen Anwendungsf\u00e4lle ber\u00fccksichtigen und messbare Ergebnisse liefern.<\/li>\n\n\n\n<li><strong>End-to-End-Unterst\u00fctzung:<\/strong> Wir bieten End-to-End-Support w\u00e4hrend der gesamten Alteryx-Beratungsphase, von der ersten Bewertung und Planung bis hin zu Implementierung, Schulung und fortlaufendem Support. Berater arbeiten eng mit Unternehmen zusammen, um einen nahtlosen \u00dcbergang zur Verwendung von Alteryx f\u00fcr die Datenanalyse zu gew\u00e4hrleisten, und bieten bei Bedarf Schulungen, Anleitungen und Unterst\u00fctzung bei der Fehlerbehebung.<\/li>\n\n\n\n<li><strong>Strategische Partnerschaft:<\/strong> SIS International ist ein strategischer Partner f\u00fcr Unternehmen, der ihnen fortlaufende Unterst\u00fctzung und Beratung bietet, damit sie ihre Datenanalyseziele erreichen. Berater arbeiten eng mit den Gesch\u00e4ftspartnern zusammen, um Analyseinitiativen mit strategischen Zielen in Einklang zu bringen, Verbesserungsm\u00f6glichkeiten zu identifizieren und kontinuierliche Innovation und Optimierung voranzutreiben.<\/li>\n\n\n\n<li><strong>Ergebnisorientierter Ansatz:<\/strong> SIS verfolgt einen ergebnisorientierten Beratungsansatz, der sich auf die Erzielung greifbarer Ergebnisse und eines messbaren ROI f\u00fcr Unternehmen konzentriert. Berater definieren klare Ziele, legen KPIs fest und verfolgen den Fortschritt w\u00e4hrend des gesamten Engagements, um sicherzustellen, dass Unternehmen den maximalen Nutzen aus ihrer Investition in Datenanalyse ziehen.<\/li>\n<\/ul>\n\n\n\n<p><\/p>","protected":false},"excerpt":{"rendered":"<p>Alteryx Consulting nutzt die Alteryx-Plattform, um Unternehmen mit erweiterten Analyse-, Datenaufbereitungs- und Automatisierungsfunktionen auszustatten.<\/p>","protected":false},"author":1,"featured_media":62549,"parent":14514,"menu_order":432,"comment_status":"closed","ping_status":"closed","template":"","meta":{"footnotes":""},"class_list":["post-47074","page","type-page","status-publish","has-post-thumbnail"],"_links":{"self":[{"href":"https:\/\/www.sisinternational.com\/de\/wp-json\/wp\/v2\/pages\/47074","targetHints":{"allow":["GET"]}}],"collection":[{"href":"https:\/\/www.sisinternational.com\/de\/wp-json\/wp\/v2\/pages"}],"about":[{"href":"https:\/\/www.sisinternational.com\/de\/wp-json\/wp\/v2\/types\/page"}],"author":[{"embeddable":true,"href":"https:\/\/www.sisinternational.com\/de\/wp-json\/wp\/v2\/users\/1"}],"replies":[{"embeddable":true,"href":"https:\/\/www.sisinternational.com\/de\/wp-json\/wp\/v2\/comments?post=47074"}],"version-history":[{"count":6,"href":"https:\/\/www.sisinternational.com\/de\/wp-json\/wp\/v2\/pages\/47074\/revisions"}],"predecessor-version":[{"id":81503,"href":"https:\/\/www.sisinternational.com\/de\/wp-json\/wp\/v2\/pages\/47074\/revisions\/81503"}],"up":[{"embeddable":true,"href":"https:\/\/www.sisinternational.com\/de\/wp-json\/wp\/v2\/pages\/14514"}],"wp:featuredmedia":[{"embeddable":true,"href":"https:\/\/www.sisinternational.com\/de\/wp-json\/wp\/v2\/media\/62549"}],"wp:attachment":[{"href":"https:\/\/www.sisinternational.com\/de\/wp-json\/wp\/v2\/media?parent=47074"}],"curies":[{"name":"wp","href":"https:\/\/api.w.org\/{rel}","templated":true}]}}