{"id":47072,"date":"2024-03-21T11:56:26","date_gmt":"2024-03-21T15:56:26","guid":{"rendered":"https:\/\/www.sisinternational.com\/?page_id=47072"},"modified":"2026-01-26T19:01:44","modified_gmt":"2026-01-27T00:01:44","slug":"grenzuberschreitende-zahlungen-marktforschung-strategieberatung","status":"publish","type":"page","link":"https:\/\/www.sisinternational.com\/de\/losungen\/fintech-strategieberatung-forschung\/grenzuberschreitende-zahlungen-marktforschung-strategieberatung\/","title":{"rendered":"Marktforschung und Strategieberatung f\u00fcr grenz\u00fcberschreitende Zahlungen"},"content":{"rendered":"<h1 class=\"wp-block-heading\">Marktforschung und Strategieberatung f\u00fcr grenz\u00fcberschreitende Zahlungen<\/h1>\n\n\n\n<figure class=\"gb-block-image gb-block-image-35528a94\"><img loading=\"lazy\" decoding=\"async\" width=\"1456\" height=\"816\" class=\"gb-image gb-image-35528a94\" src=\"https:\/\/www.sisinternational.com\/wp-content\/uploads\/2025\/08\/Multicultural-Advertising-Services-for-a-Famous-Peer-to-Peer-Payments-Technology-Company.jpg\" alt=\"SIS International Marktforschung &amp; Strategie\" title=\"Multikulturelle Werbedienste f\u00fcr ein bekanntes Unternehmen im Bereich Peer-to-Peer-Zahlungstechnologie\" srcset=\"https:\/\/www.sisinternational.com\/wp-content\/uploads\/2025\/08\/Multicultural-Advertising-Services-for-a-Famous-Peer-to-Peer-Payments-Technology-Company.jpg 1456w, https:\/\/www.sisinternational.com\/wp-content\/uploads\/2025\/08\/Multicultural-Advertising-Services-for-a-Famous-Peer-to-Peer-Payments-Technology-Company-300x168.jpg 300w, https:\/\/www.sisinternational.com\/wp-content\/uploads\/2025\/08\/Multicultural-Advertising-Services-for-a-Famous-Peer-to-Peer-Payments-Technology-Company-1024x574.jpg 1024w, https:\/\/www.sisinternational.com\/wp-content\/uploads\/2025\/08\/Multicultural-Advertising-Services-for-a-Famous-Peer-to-Peer-Payments-Technology-Company-768x430.jpg 768w, https:\/\/www.sisinternational.com\/wp-content\/uploads\/2025\/08\/Multicultural-Advertising-Services-for-a-Famous-Peer-to-Peer-Payments-Technology-Company-18x10.jpg 18w\" sizes=\"auto, (max-width: 1456px) 100vw, 1456px\"><\/figure>\n\n\n\n<p><\/p>\n\n\n\n<hr class=\"wp-block-separator has-alpha-channel-opacity is-style-dots\"\/>\n\n\n\n<p>In einer sich rasch entwickelnden Weltwirtschaft sind grenz\u00fcberschreitende Zahlungen zu einem entscheidenden Bestandteil des internationalen Handels und Gesch\u00e4ftsverkehrs geworden. Und mit der zunehmenden Digitalisierung und der steigenden Nachfrage nach nahtlosen Zahlungsl\u00f6sungen ist die Marktforschung und Strategieberatung im Bereich grenz\u00fcberschreitender Zahlungen wichtiger denn je geworden.<\/p>\n\n\n\n<h2 class=\"wp-block-heading\">Was sind Marktforschung und Strategieberatung f\u00fcr grenz\u00fcberschreitende Zahlungen?<\/h2>\n\n\n\n<p>Cross-border payments market research and strategy consulting involve analyzing and optimizing payment systems and processes across international borders.&nbsp;<\/p>\n\n\n\n<h2 class=\"wp-block-heading\">Warum Unternehmen Marktforschung und Strategieberatung f\u00fcr grenz\u00fcberschreitende Zahlungen ben\u00f6tigen<\/h2>\n\n\n\n<p>Cross-border <a class=\"wpil_keyword_link\" href=\"https:\/\/www.sisinternational.com\/de\/losungen\/fintech-strategieberatung-forschung\/marktforschung-im-zahlungsverkehr\/\"   title=\"Marktforschung im Zahlungsverkehr\" data-wpil-keyword-link=\"linked\"  data-wpil-monitor-id=\"515\">Marktforschung im Zahlungsverkehr<\/a> and strategy consulting help businesses understand the regulatory environment in different regions and develop compliance strategies tailored to their needs. Likewise, businesses must optimize payment processes to minimize costs and maximize efficiency. Cross-border payments market research identifies cost-saving opportunities, such as leveraging alternative payment methods or negotiating better terms with financial institutions, to optimize cost efficiency in cross-border transactions.<\/p>\n\n\n\n<p>Furthermore, cross-border <a href=\"https:\/\/www.sisinternational.com\/de\/losungen\/fintech-strategieberatung-forschung\/beratung-zu-zahlungstresoren\/\" title=\"Beratung zu Zahlungsvaulting\"  data-wpil-monitor-id=\"4807\">payments market research and strategy consulting<\/a> provide insights into payment preferences and behaviors in different regions, helping businesses tailor their payment offerings to local market needs and preferences, thereby facilitating global expansion.<\/p>\n\n\n\n<p>In any case, cross-border payments <a href=\"https:\/\/www.sisinternational.com\/de\/sachverstand\/branchen\/bootsversicherungsmarktforschung-und-strategieberatung\/\" title=\"Marktforschung und Strategieberatung f\u00fcr Bootsversicherungen\"  data-wpil-monitor-id=\"5026\">market research and strategy consulting<\/a> offer a range of benefits to businesses seeking to optimize their cross-border payment processes, including:<\/p>\n\n\n\n<ul class=\"wp-block-list\">\n<li><strong>Einsparma\u00dfnahmen:<\/strong> Es unterst\u00fctzt Unternehmen dabei, M\u00f6glichkeiten zur Kosteneinsparung zu erkennen, etwa durch die Optimierung von W\u00e4hrungsumrechnungskursen, die Minimierung von Transaktionsgeb\u00fchren und die Reduzierung von Compliance-bezogenen Kosten.<\/li>\n\n\n\n<li><strong>Risikominderung:<\/strong> Mithilfe dieser Marktforschung k\u00f6nnen Unternehmen Risiken wie W\u00e4hrungsschwankungen, Betrug und Probleme bei der Einhaltung gesetzlicher Vorschriften erkennen und bewerten.<\/li>\n\n\n\n<li><a href=\"https:\/\/www.sisinternational.com\/de\/sachverstand\/branchen\/baumarkt-marktforschung\/\" title=\"Marktforschung f\u00fcr Baum\u00e4rkte und Heimwerkerbedarf\"  data-wpil-monitor-id=\"7069\">Improved Compliance: Market research<\/a> gives businesses insights into regulatory frameworks and compliance best practices in different jurisdictions.&nbsp;<\/li>\n\n\n\n<li><strong>Kundenzufriedenheit:<\/strong> Cross-border payments market <a href=\"https:\/\/www.sisinternational.com\/de\/what-to-expect-in-your-first-year-entering-a-new-market-5-essential-strategies\/\" title=\"What to Expect in Your First Year Entering a New Market: 5 Essential Strategies\"  data-wpil-monitor-id=\"1087\">research and strategy consulting<\/a> helps businesses understand customer preferences and expectations regarding cross-border payments.<\/li>\n\n\n\n<li><strong>Wettbewerbsvorteil:<\/strong> Cross-border payments market <a href=\"https:\/\/www.sisinternational.com\/de\/so-setzen-sie-ihre-expansion-in-den-schwellenmarkten-in-dieser-rezession-fort\/\" title=\"So setzen Sie Ihre Expansion in den Schwellenm\u00e4rkten trotz der Rezession fort\"  data-wpil-monitor-id=\"2158\">research and strategy consulting<\/a> enables businesses to identify emerging trends, customer preferences, and technological advancements in cross-border payments.<\/li>\n<\/ul>\n\n\n\n<h2 class=\"wp-block-heading\">Wer nutzt Marktforschung und Strategieberatung f\u00fcr grenz\u00fcberschreitende Zahlungen?<\/h2>\n\n\n\n<figure class=\"gb-block-image gb-block-image-a45c1f08\"><img loading=\"lazy\" decoding=\"async\" width=\"1456\" height=\"816\" class=\"gb-image gb-image-a45c1f08\" src=\"https:\/\/www.sisinternational.com\/wp-content\/uploads\/2025\/08\/Strategy-consulting-3.jpg\" alt=\"SIS International Marktforschung &amp; Strategie\" title=\"Strategy consulting (3)\" srcset=\"https:\/\/www.sisinternational.com\/wp-content\/uploads\/2025\/08\/Strategy-consulting-3.jpg 1456w, https:\/\/www.sisinternational.com\/wp-content\/uploads\/2025\/08\/Strategy-consulting-3-300x168.jpg 300w, https:\/\/www.sisinternational.com\/wp-content\/uploads\/2025\/08\/Strategy-consulting-3-1024x574.jpg 1024w, https:\/\/www.sisinternational.com\/wp-content\/uploads\/2025\/08\/Strategy-consulting-3-768x430.jpg 768w, https:\/\/www.sisinternational.com\/wp-content\/uploads\/2025\/08\/Strategy-consulting-3-18x10.jpg 18w\" sizes=\"auto, (max-width: 1456px) 100vw, 1456px\"><\/figure>\n\n\n\n<p><\/p>\n\n\n\n<p>Financial Institutions leverage cross-border payments market research and <a href=\"https:\/\/www.sisinternational.com\/de\/smartphone\/\" title=\"Smartphone-Marktforschung\"  data-wpil-monitor-id=\"2893\">strategy consulting to develop innovative payment solutions<\/a>, improve operational efficiency, and comply with regulatory requirements.&nbsp;<\/p>\n\n\n\n<p>E-commerce Platforms rely on efficient cross-border payment systems to facilitate transactions with customers worldwide. Cross-border payments <a href=\"https:\/\/www.sisinternational.com\/de\/sachverstand\/branchen\/e-commerce-marktforschung\/\" title=\"E-Commerce Marktforschung\"  data-wpil-monitor-id=\"6785\">market research helps e-commerce<\/a> platforms understand payment preferences, consumer behavior, and regulatory nuances in different regions.<\/p>\n\n\n\n<p>Moreover, Global Enterprises require sophisticated cross-border payment solutions to manage international transactions efficiently. These solutions enable global enterprises to identify cost-effective payment methods, minimize currency exchange risks, and streamline treasury management processes.<\/p>\n\n\n\n<p>Cross-border payments <a href=\"https:\/\/www.sisinternational.com\/de\/sachverstand\/branchen\/marktforschung-der-bundesregierung\/\" title=\"Marktforschung der Bundesregierung\"  data-wpil-monitor-id=\"7201\">market research government<\/a> agencies also monitor market trends, assess regulatory compliance, and identify potential risks in the cross-border payment ecosystem. Government agencies can develop effective regulatory frameworks and promote a secure and efficient <a href=\"https:\/\/www.sisinternational.com\/de\/sachverstand\/branchen\/sicherheitsmarktforschung\/\" title=\"Sicherheitsmarktforschung\"  data-wpil-monitor-id=\"6996\">cross-border payment<\/a> environment by collaborating with industry stakeholders and leveraging research insights.<\/p>\n\n\n\n<h2 class=\"wp-block-heading\">Erwartete Ergebnisse der Marktforschung und Strategieberatung f\u00fcr grenz\u00fcberschreitende Zahlungen von SIS<\/h2>\n\n\n\n<p>SIS International <a href=\"https:\/\/www.sisinternational.com\/de\/sis-strategy-consulting-2\/\" title=\"SIS Strategy Consulting\u00a0\"  data-wpil-monitor-id=\"2774\">cross-border payments market research and strategy<\/a> consulting services are designed to deliver tangible results and drive business success. Here are the expected outcomes businesses can anticipate from partnering with SIS International:<\/p>\n\n\n\n<ul class=\"wp-block-list\">\n<li><strong>Verbessertes Marktverst\u00e4ndnis:<\/strong> Through comprehensive cross-border payments market <a href=\"https:\/\/www.sisinternational.com\/de\/losungen\/strategieberatung\/strategie-forschung-unternehmer\/\" title=\"Strategieforschung f\u00fcr Unternehmer\"  data-wpil-monitor-id=\"6955\">research and strategy<\/a> consulting, businesses gain a deeper understanding of cross-border payment trends, regulatory requirements, and customer preferences. SIS provides actionable insights that enable businesses to make informed decisions and develop strategies that resonate with target markets.<\/li>\n\n\n\n<li><strong>Optimierte Zahlungsl\u00f6sungen:<\/strong> SIS helps businesses identify opportunities to optimize cross-border payment processes, reduce costs, and improve efficiency.&nbsp;<\/li>\n\n\n\n<li><strong>Geminderte Risiken:<\/strong> SIS International assists businesses in identifying and mitigating risks associated with cross-border payments, including currency fluctuations, fraud, and regulatory compliance issues.&nbsp;<\/li>\n\n\n\n<li><strong>Verbesserte Compliance:<\/strong> Compliance is paramount in the ever-changing regulatory landscape governing cross-border payments. SIS helps businesses stay informed about regulatory requirements and develop robust compliance frameworks.&nbsp;<\/li>\n\n\n\n<li><strong>Verbesserter Wettbewerbsvorteil:<\/strong> Businesses can gain a competitive edge in the global marketplace by leveraging SIS International\u2019s <a href=\"https:\/\/www.sisinternational.com\/de\/soziale-medien-in-kleinen-unternehmen\/\" title=\"Social-Media-Strategien f\u00fcr kleine Unternehmen\"  data-wpil-monitor-id=\"2214\">cross-border payments market research and strategy<\/a> consulting services. Our experts provide insights into emerging trends, customer preferences, and technological advancements, enabling businesses to differentiate themselves from competitors and capitalize on new opportunities.<\/li>\n<\/ul>\n\n\n\n<h2 class=\"wp-block-heading\">Leading Players in the Cross-Border Payments Market<\/h2>\n\n\n\n<p>In the dynamic landscape of cross-border payments, several key players drive innovation, shape industry trends, and provide essential services to businesses and consumers worldwide. Here are some leading players in the x-border payments market:<\/p>\n\n\n\n<ul class=\"wp-block-list\">\n<li><strong>PayPal:<\/strong> Als eine der weltweit gr\u00f6\u00dften Online-Zahlungsplattformen erm\u00f6glicht PayPal grenz\u00fcberschreitende Transaktionen f\u00fcr Millionen von Benutzern und Unternehmen weltweit. Mit seiner benutzerfreundlichen Oberfl\u00e4che, der sicheren Zahlungsabwicklung und seinem umfangreichen Netzwerk an H\u00e4ndlern und Kunden ist PayPal ein dominanter Akteur auf dem Markt f\u00fcr grenz\u00fcberschreitende Zahlungen.<\/li>\n\n\n\n<li><strong>Visa:<\/strong> Als weltweit f\u00fchrendes Unternehmen f\u00fcr Zahlungstechnologie bietet Visa sichere, zuverl\u00e4ssige und bequeme Zahlungsl\u00f6sungen f\u00fcr Unternehmen und Verbraucher weltweit. \u00dcber sein Netzwerk aus Finanzinstituten und H\u00e4ndlern erm\u00f6glicht Visa grenz\u00fcberschreitende Transaktionen \u00fcber verschiedene Kan\u00e4le, darunter Kreditkarten, Debitkarten und digitale Geldb\u00f6rsen.<\/li>\n\n\n\n<li><strong>MasterCard:<\/strong> Mastercard is another major player in the x-border payments market, offering various payment solutions for businesses, consumers, and financial institutions. Mastercard&#8217;s extensive global network and innovative payment technologies facilitate seamless cross-border transactions and help enterprises to expand their international reach.<\/li>\n\n\n\n<li><strong>Western Union:<\/strong> Western Union ist ein vertrauensw\u00fcrdiger Anbieter von grenz\u00fcberschreitenden Geldtransferdiensten, der es Privatpersonen und Unternehmen erm\u00f6glicht, weltweit Geld zu senden und zu empfangen. Mit seinen zahlreichen Vertriebsstandorten und seinem digitalen Plattformnetzwerk bietet Western Union seinen Kunden weltweit bequeme und leicht zug\u00e4ngliche \u00dcberweisungsdienste.<\/li>\n\n\n\n<li><strong>SCHNELL:<\/strong> Die Society for Worldwide Interbank Financial Telecommunication (SWIFT) ist ein globales Nachrichtennetzwerk, das grenz\u00fcberschreitende Zahlungen zwischen Finanzinstituten erleichtert. SWIFT bietet sichere und standardisierte Kommunikationsprotokolle f\u00fcr Banken und andere Finanzinstitute, um Zahlungsanweisungen auszutauschen und Transaktionen effizient abzuwickeln.<\/li>\n<\/ul>\n\n\n\n<h2 class=\"wp-block-heading\">Gelegenheiten<\/h2>\n\n\n\n<p>The cross-border payments market presents numerous opportunities for businesses to leverage market research and <a href=\"https:\/\/www.sisinternational.com\/de\/losungen\/ai-marktforschung-und-strategieberatung\/beratungsunternehmen-fur-wachstumsstrategien\/\" title=\"Beratungsunternehmen f\u00fcr Wachstumsstrategien\"  data-wpil-monitor-id=\"1718\">strategy consulting to drive growth<\/a> and innovation. Here are some key opportunities:<\/p>\n\n\n\n<ul class=\"wp-block-list\">\n<li><strong>Markterweiterung:<\/strong> Businesses can use cross-border payments market research to identify new markets and opportunities for expansion.&nbsp;<\/li>\n\n\n\n<li><strong>Produktinnovation:<\/strong> Die Marktforschung f\u00fcr grenz\u00fcberschreitende Zahlungen liefert wertvolle Einblicke in neue Trends, Technologien und Kundenpr\u00e4ferenzen in der globalen Zahlungslandschaft. Unternehmen k\u00f6nnen diese Erkenntnisse nutzen, um Innovationen zu entwickeln und neue Zahlungsprodukte und -dienste zu entwickeln, die den sich entwickelnden Kundenbed\u00fcrfnissen und -pr\u00e4ferenzen gerecht werden und so eine Differenzierung und einen Wettbewerbsvorteil erm\u00f6glichen.<\/li>\n\n\n\n<li><strong>Partnerschaftsm\u00f6glichkeiten:<\/strong> Die Zusammenarbeit mit anderen Akteuren im \u00d6kosystem des grenz\u00fcberschreitenden Zahlungsverkehrs kann die F\u00e4higkeiten und Reichweite von Unternehmen verbessern. Marktforschung im Bereich des grenz\u00fcberschreitenden Zahlungsverkehrs hilft Unternehmen dabei, potenzielle Partner zu identifizieren, ihre St\u00e4rken und Schw\u00e4chen einzusch\u00e4tzen und f\u00fcr beide Seiten vorteilhafte Partnerschaften auszuhandeln, um ihre Marktpr\u00e4senz und ihr Angebot zu erweitern.<\/li>\n\n\n\n<li><strong>Kostenoptimierung:<\/strong> Durch Marktforschung zu grenz\u00fcberschreitenden Zahlungen k\u00f6nnen Unternehmen M\u00f6glichkeiten aufdecken, ihre Zahlungsprozesse zu optimieren und Transaktionskosten zu senken. Unternehmen k\u00f6nnen ihr Gesch\u00e4ftsergebnis verbessern und ihre Rentabilit\u00e4t steigern, indem sie Ineffizienzen identifizieren, Arbeitsabl\u00e4ufe optimieren und kosteng\u00fcnstige Zahlungsl\u00f6sungen nutzen.<\/li>\n<\/ul>\n\n\n\n<h2 class=\"wp-block-heading\">Wie die Dienste von SIS International Unternehmen bei grenz\u00fcberschreitenden Zahlungen unterst\u00fctzen<\/h2>\n\n\n\n<p><a href=\"https:\/\/www.linkedin.com\/company\/sisinternationalresearch\/posts\/?feedView=all\" target=\"_blank\" rel=\"noopener\">SIS International<\/a> offers cross-border payments market research and strategy consulting services tailored to address the unique needs and challenges businesses face in the cross-border payments market. Here&#8217;s how SIS International can help businesses navigate the complexities of cross-border payments:<\/p>\n\n\n\n<ul class=\"wp-block-list\">\n<li><strong>Umfassende Marktforschung:<\/strong> SIS International conducts in-depth market research to provide businesses with valuable insights into cross-border payment trends, regulatory developments, and customer preferences.&nbsp;<\/li>\n\n\n\n<li><strong>Unterst\u00fctzung bei der Einhaltung gesetzlicher Vorschriften:<\/strong> With its expertise in global regulatory environments, SIS International assists businesses in navigating complex regulatory requirements in cross-border payments.&nbsp;<\/li>\n\n\n\n<li><strong>Risikomanagement-L\u00f6sungen:<\/strong> Die Berater von SIS helfen Unternehmen dabei, die mit grenz\u00fcberschreitenden Zahlungen verbundenen Risiken, darunter W\u00e4hrungsschwankungen, Betrug und Sicherheitsbedrohungen, zu identifizieren und zu mindern. Durch Risikobewertung und -minderungsstrategien hilft SIS International Unternehmen dabei, ihr Verm\u00f6gen zu sch\u00fctzen und sich vor potenziellen Verlusten zu sch\u00fctzen.<\/li>\n\n\n\n<li><strong>Strategische Beratungsleistungen:<\/strong> SIS International provides strategic consulting services to help companies optimize their cross-border payment processes, reduce costs, and enhance operational efficiency.&nbsp;<\/li>\n\n\n\n<li><strong>Verbesserung des Kundenerlebnisses:<\/strong> SIS International helps businesses improve their customers&#8217; cross-border payment experience by identifying pain points and areas for improvement. Through customer research and feedback analysis, SIS International assists businesses in designing personalized and user-friendly payment solutions that enhance customer satisfaction and loyalty.<\/li>\n<\/ul>\n\n\n\n<h2 class=\"wp-block-heading\">Unser Standort in New York<\/h2>\n\n\n\n<p>\n\n\n\n<iframe loading=\"lazy\" src=\"https:\/\/www.google.com\/maps\/embed?pb=!1m18!1m12!1m3!1d3022.976188376966!2d-73.99130312499956!3d40.740549471389315!2m3!1f0!2f0!3f0!3m2!1i1024!2i768!4f13.1!3m3!1m2!1s0x89c259a15798c731%3A0xd695d09bdd495f25!2s11%20E%2022nd%20St%20FL%202%2C%20New%20York%2C%20NY%2010010%2C%20USA!5e0!3m2!1sen!2spe!4v1726171763526!5m2!1sen!2spe\" width=\"600\" height=\"450\" allowfullscreen=\"allowfullscreen\" data-mce-fragment=\"1\"><\/iframe>\n\n\n\n<\/p>\n\n\n\n<h3 class=\"wp-block-heading\">11 E 22nd Street, Floor 2, New York, NY 10010 T: +1(212) 505-6805<\/h3>\n\n\n\n<hr class=\"wp-block-separator has-alpha-channel-opacity\"\/>\n\n\n\n<h2 class=\"wp-block-heading\"><span style=\"font-weight: 400;\">\u00dcber SIS International<\/span><\/h2>\n\n\n\n<p><a href=\"https:\/\/www.sisinternational.com\/de\/\"><span style=\"font-weight: 400;\">SIS International<\/span><\/a><span style=\"font-weight: 400;\"> bietet quantitative, qualitative und strategische Forschung an. Wir liefern Daten, Tools, Strategien, Berichte und Erkenntnisse zur Entscheidungsfindung. Wir f\u00fchren auch Interviews, Umfragen, Fokusgruppen und andere Methoden und Ans\u00e4tze der Marktforschung durch.<\/span><a href=\"https:\/\/www.sisinternational.com\/de\/uber-sis-international-research\/contact-sis-international-market-research\/\"><span style=\"font-weight: 400;\"> Kontakt<\/span><\/a><span style=\"font-weight: 400;\"> f\u00fcr Ihr n\u00e4chstes Marktforschungsprojekt.<\/span><\/p>\n\n\n\n<p><\/p>","protected":false},"excerpt":{"rendered":"<p>Bei der Marktforschung und Strategieberatung f\u00fcr grenz\u00fcberschreitende Zahlungen geht es um die Optimierung grenz\u00fcberschreitender Zahlungssysteme und -prozesse.<\/p>","protected":false},"author":1,"featured_media":64890,"parent":27462,"menu_order":87,"comment_status":"closed","ping_status":"closed","template":"","meta":{"_uag_custom_page_level_css":"","footnotes":""},"class_list":["post-47072","page","type-page","status-publish","has-post-thumbnail"],"uagb_featured_image_src":{"full":["https:\/\/www.sisinternational.com\/wp-content\/uploads\/2025\/08\/Multicultural-Advertising-Services-for-a-Famous-Peer-to-Peer-Payments-Technology-Company.jpg",1456,816,false],"thumbnail":["https:\/\/www.sisinternational.com\/wp-content\/uploads\/2025\/08\/Multicultural-Advertising-Services-for-a-Famous-Peer-to-Peer-Payments-Technology-Company-150x150.jpg",150,150,true],"medium":["https:\/\/www.sisinternational.com\/wp-content\/uploads\/2025\/08\/Multicultural-Advertising-Services-for-a-Famous-Peer-to-Peer-Payments-Technology-Company-300x168.jpg",300,168,true],"medium_large":["https:\/\/www.sisinternational.com\/wp-content\/uploads\/2025\/08\/Multicultural-Advertising-Services-for-a-Famous-Peer-to-Peer-Payments-Technology-Company-768x430.jpg",768,430,true],"large":["https:\/\/www.sisinternational.com\/wp-content\/uploads\/2025\/08\/Multicultural-Advertising-Services-for-a-Famous-Peer-to-Peer-Payments-Technology-Company-1024x574.jpg",1024,574,true],"1536x1536":["https:\/\/www.sisinternational.com\/wp-content\/uploads\/2025\/08\/Multicultural-Advertising-Services-for-a-Famous-Peer-to-Peer-Payments-Technology-Company.jpg",1456,816,false],"2048x2048":["https:\/\/www.sisinternational.com\/wp-content\/uploads\/2025\/08\/Multicultural-Advertising-Services-for-a-Famous-Peer-to-Peer-Payments-Technology-Company.jpg",1456,816,false],"trp-custom-language-flag":["https:\/\/www.sisinternational.com\/wp-content\/uploads\/2025\/08\/Multicultural-Advertising-Services-for-a-Famous-Peer-to-Peer-Payments-Technology-Company-18x10.jpg",18,10,true]},"uagb_author_info":{"display_name":"Ruth Stanat","author_link":"https:\/\/www.sisinternational.com\/de\/author\/expert\/"},"uagb_comment_info":0,"uagb_excerpt":"Cross-border payments market research and strategy consulting involve optimizing cross-border payment systems and processes.","_links":{"self":[{"href":"https:\/\/www.sisinternational.com\/de\/wp-json\/wp\/v2\/pages\/47072","targetHints":{"allow":["GET"]}}],"collection":[{"href":"https:\/\/www.sisinternational.com\/de\/wp-json\/wp\/v2\/pages"}],"about":[{"href":"https:\/\/www.sisinternational.com\/de\/wp-json\/wp\/v2\/types\/page"}],"author":[{"embeddable":true,"href":"https:\/\/www.sisinternational.com\/de\/wp-json\/wp\/v2\/users\/1"}],"replies":[{"embeddable":true,"href":"https:\/\/www.sisinternational.com\/de\/wp-json\/wp\/v2\/comments?post=47072"}],"version-history":[{"count":21,"href":"https:\/\/www.sisinternational.com\/de\/wp-json\/wp\/v2\/pages\/47072\/revisions"}],"predecessor-version":[{"id":80764,"href":"https:\/\/www.sisinternational.com\/de\/wp-json\/wp\/v2\/pages\/47072\/revisions\/80764"}],"up":[{"embeddable":true,"href":"https:\/\/www.sisinternational.com\/de\/wp-json\/wp\/v2\/pages\/27462"}],"wp:featuredmedia":[{"embeddable":true,"href":"https:\/\/www.sisinternational.com\/de\/wp-json\/wp\/v2\/media\/64890"}],"wp:attachment":[{"href":"https:\/\/www.sisinternational.com\/de\/wp-json\/wp\/v2\/media?parent=47072"}],"curies":[{"name":"wp","href":"https:\/\/api.w.org\/{rel}","templated":true}]}}