{"id":47069,"date":"2024-03-21T11:55:58","date_gmt":"2024-03-21T15:55:58","guid":{"rendered":"https:\/\/www.sisinternational.com\/?page_id=47069"},"modified":"2026-01-27T16:44:17","modified_gmt":"2026-01-27T21:44:17","slug":"beratung-zu-endverbraucher-marktforschungsstrategien","status":"publish","type":"page","link":"https:\/\/www.sisinternational.com\/de\/losungen\/strategieberatung\/beratung-zu-endverbraucher-marktforschungsstrategien\/","title":{"rendered":"Endbenutzer-Marktforschung und Strategieberatung"},"content":{"rendered":"<h1 class=\"wp-block-heading\">Endbenutzer-Marktforschung und Strategieberatung<\/h1>\n\n\n\n<figure class=\"gb-block-image gb-block-image-e3d9711c\"><img loading=\"lazy\" decoding=\"async\" width=\"1456\" height=\"816\" class=\"gb-image gb-image-e3d9711c\" src=\"https:\/\/www.sisinternational.com\/wp-content\/uploads\/2025\/08\/Strategy-consulting-4.jpg\" alt=\"SIS International Marktforschung &amp; Strategie\" title=\"Strategy consulting (4)\" srcset=\"https:\/\/www.sisinternational.com\/wp-content\/uploads\/2025\/08\/Strategy-consulting-4.jpg 1456w, https:\/\/www.sisinternational.com\/wp-content\/uploads\/2025\/08\/Strategy-consulting-4-300x168.jpg 300w, https:\/\/www.sisinternational.com\/wp-content\/uploads\/2025\/08\/Strategy-consulting-4-1024x574.jpg 1024w, https:\/\/www.sisinternational.com\/wp-content\/uploads\/2025\/08\/Strategy-consulting-4-768x430.jpg 768w, https:\/\/www.sisinternational.com\/wp-content\/uploads\/2025\/08\/Strategy-consulting-4-18x10.jpg 18w\" sizes=\"auto, (max-width: 1456px) 100vw, 1456px\"><\/figure>\n\n\n\n<hr class=\"wp-block-separator has-alpha-channel-opacity is-style-dots\"\/>\n\n\n\n<p>Richten Unternehmen ihre Strategien wirklich am Puls ihrer Endverbraucher aus? Das Verst\u00e4ndnis der Bedeutung umfassender Endverbrauchermarktforschung und strategischer Beratung ist f\u00fcr nachhaltigen Erfolg von Vorteil und unverzichtbar geworden. Es kann den Unterschied zwischen einer erfolgreichen Gesch\u00e4ftsinitiative, die beim Markt Anklang findet, und einem gescheiterten Gesch\u00e4ftsplan ohne klare Zielgruppe ausmachen.<\/p>\n\n\n\n<h2 class=\"wp-block-heading\">Was ist Endbenutzermarktforschung und Strategieberatung?<\/h2>\n\n\n\n<p>End <a class=\"wpil_keyword_link\" href=\"https:\/\/www.sisinternational.com\/de\/losungen\/branding-und-kundenforschungslosungen\/usability-tests-benutzer-ux-forschung\/\"   title=\"Benutzermarktforschung und Usability-Tests\" data-wpil-keyword-link=\"linked\"  data-wpil-monitor-id=\"516\">user market research<\/a> and strategy consulting is a multidimensional approach to gain deep insights into consumers&#8217; or end users&#8217; behavior, preferences, and needs. It involves meticulous data collection, analysis, and interpretation to unveil market trends, consumer sentiment, and competitive landscapes. This process is about gathering statistics and understanding the underlying motivations and psychological triggers that drive consumer decision-making.<\/p>\n\n\n\n<h2 class=\"wp-block-heading\">Warum ben\u00f6tigen Unternehmen Endbenutzer-Marktforschung und Strategieberatung?<\/h2>\n\n\n\n<p>Durch das Verst\u00e4ndnis des Endverbrauchermarktes k\u00f6nnen Unternehmen Ver\u00e4nderungen der Verbraucherpr\u00e4ferenzen vorhersehen und ihre Strategien entsprechend anpassen. Indem sie Trends und Verbraucheranforderungen immer einen Schritt voraus sind, k\u00f6nnen sich Unternehmen als Branchenf\u00fchrer positionieren und einen Wettbewerbsvorteil erlangen. Dar\u00fcber hinaus erm\u00f6glicht die Endverbrauchermarktforschung Unternehmen, ihre Marketingbem\u00fchungen zu verfeinern, die Produktentwicklung zu optimieren und die allgemeine Kundenzufriedenheit zu steigern, was zu gr\u00f6\u00dferer Loyalit\u00e4t und Folgegesch\u00e4ften f\u00fchrt.<\/p>\n\n\n\n<p>However, end user market research and <a href=\"https:\/\/www.sisinternational.com\/de\/nachhaltigkeitsstrategien-fur-unternehmen-eine-fallstudie-von-siemens\/\" title=\"Nachhaltigkeitsstrategien f\u00fcr Unternehmen: Eine Siemens-Fallstudie\"  data-wpil-monitor-id=\"1741\">Strategieberatung<\/a> offer a multitude of benefits to businesses striving for sustainable growth and market dominance, including:<\/p>\n\n\n\n<ul class=\"wp-block-list\">\n<li><strong>Informierte Entscheidungsfindung:<\/strong> Durch ein tiefes Verst\u00e4ndnis des Verbraucherverhaltens und der Marktdynamik k\u00f6nnen Unternehmen fundierte Entscheidungen hinsichtlich der Produktentwicklung, Marketingstrategien und Ressourcenzuweisung treffen.<\/li>\n\n\n\n<li><strong>Wettbewerbsvorteil:<\/strong> Mit Einblicken in die Verbraucherpr\u00e4ferenzen und Markttrends k\u00f6nnen Unternehmen ihre Nase vorn behalten, indem sie innovativ sind und einzigartige Wertangebote unterbreiten, die bei ihrer Zielgruppe Anklang finden.<\/li>\n\n\n\n<li><strong>Risikominderung:<\/strong> End user market <a href=\"https:\/\/www.sisinternational.com\/de\/what-to-expect-in-your-first-year-entering-a-new-market-5-essential-strategies\/\" title=\"What to Expect in Your First Year Entering a New Market: 5 Essential Strategies\"  data-wpil-monitor-id=\"1092\">research and strategy consulting<\/a> allows businesses to mitigate risks associated with launching new products or entering new markets. Companies can minimize the likelihood of costly failures by understanding consumer preferences and potential market barriers.<\/li>\n\n\n\n<li><strong>Verbesserte Kundenzufriedenheit:<\/strong> Indem Unternehmen ihre Produkte und Dienstleistungen an die Bed\u00fcrfnisse und Vorlieben der Endbenutzer anpassen, k\u00f6nnen sie ein besseres Kundenerlebnis bieten und so Loyalit\u00e4t und positive Markenassoziationen f\u00f6rdern.<\/li>\n\n\n\n<li><strong>Optimierte Marketingbem\u00fchungen:<\/strong> Zielgerichtete Marketingkampagnen auf der Grundlage umfassender Marktforschung k\u00f6nnen zu h\u00f6heren Konversionsraten und einem verbesserten Return on Investment (ROI) f\u00fchren.<\/li>\n\n\n\n<li><strong>Anpassungsf\u00e4higkeit und Agilit\u00e4t:<\/strong> Wenn Unternehmen die Stimmung der Verbraucher und die Markttrends im Blick haben, k\u00f6nnen sie sich schnell an Ver\u00e4nderungen im Wettbewerbsumfeld, im regulatorischen Umfeld oder im Verbraucherverhalten anpassen.<\/li>\n<\/ul>\n\n\n\n<h2 class=\"wp-block-heading\">Kritische Erfolgsfaktoren f\u00fcr eine erfolgreiche Endverbrauchermarktforschung und Strategieberatung<\/h2>\n\n\n\n<figure class=\"gb-block-image gb-block-image-74c6907b\"><img loading=\"lazy\" decoding=\"async\" width=\"1456\" height=\"816\" class=\"gb-image gb-image-74c6907b\" src=\"https:\/\/www.sisinternational.com\/wp-content\/uploads\/2025\/08\/Strategy-consulting-2.jpg\" alt=\"SIS International Marktforschung &amp; Strategie\" title=\"Strategy consulting (2)\" srcset=\"https:\/\/www.sisinternational.com\/wp-content\/uploads\/2025\/08\/Strategy-consulting-2.jpg 1456w, https:\/\/www.sisinternational.com\/wp-content\/uploads\/2025\/08\/Strategy-consulting-2-300x168.jpg 300w, https:\/\/www.sisinternational.com\/wp-content\/uploads\/2025\/08\/Strategy-consulting-2-1024x574.jpg 1024w, https:\/\/www.sisinternational.com\/wp-content\/uploads\/2025\/08\/Strategy-consulting-2-768x430.jpg 768w, https:\/\/www.sisinternational.com\/wp-content\/uploads\/2025\/08\/Strategy-consulting-2-18x10.jpg 18w\" sizes=\"auto, (max-width: 1456px) 100vw, 1456px\"><\/figure>\n\n\n\n<p><\/p>\n\n\n\n<p>Successfully executing end user market <a href=\"https:\/\/www.sisinternational.com\/de\/losungen\/strategieberatung\/strategie-forschung-unternehmer\/\" title=\"Strategieforschung f\u00fcr Unternehmer\"  data-wpil-monitor-id=\"6956\">research and strategy<\/a> consulting requires attention to several essential factors that can significantly impact the outcomes. Here are some key elements to consider:<\/p>\n\n\n\n<ul class=\"wp-block-list\">\n<li><strong>Qualit\u00e4tsdatenerfassung:<\/strong> F\u00fcr den Erfolg der Forschungsinitiative ist es von gr\u00f6\u00dfter Bedeutung, die Qualit\u00e4t und Zuverl\u00e4ssigkeit der erfassten Daten sicherzustellen. Dies erfordert sorgf\u00e4ltige Planung, strenge Verfahren zur Datenerfassung und Qualit\u00e4tssicherungsma\u00dfnahmen, um Fehler und Verzerrungen zu minimieren, die die Integrit\u00e4t der Ergebnisse beeintr\u00e4chtigen k\u00f6nnten.<\/li>\n\n\n\n<li><strong>Expertenanalyse und -interpretation:<\/strong> Um aussagekr\u00e4ftige Erkenntnisse und umsetzbare Empfehlungen zu gewinnen, sind eine gr\u00fcndliche Analyse und Interpretation der Forschungsergebnisse durch erfahrene Fachleute unerl\u00e4sslich. Fachwissen in Datenanalyse, Marktdynamik und Branchentrends erm\u00f6glicht es Beratern, verborgene Muster aufzudecken, neue Chancen zu identifizieren und fundierte strategische Empfehlungen abzugeben.<\/li>\n\n\n\n<li><strong>Zusammenarbeit und Kommunikation:<\/strong> Eine effektive Zusammenarbeit und Kommunikation zwischen allen Beteiligten, einschlie\u00dflich Unternehmensleitern, Forschern und Beratern, ist entscheidend, um w\u00e4hrend des gesamten Forschungsprozesses \u00dcbereinstimmung und Zustimmung sicherzustellen. Transparente Kommunikation erleichtert den Ideenaustausch, f\u00f6rdert Kreativit\u00e4t und erh\u00f6ht die Wahrscheinlichkeit erfolgreicher Ergebnisse.<\/li>\n\n\n\n<li><strong>Iterativer Ansatz:<\/strong> Angesichts der Tatsache, dass sich die Marktdynamik st\u00e4ndig weiterentwickelt, erm\u00f6glicht ein iterativer Ansatz bei der Endverbrauchermarktforschung Unternehmen, ihre Strategien an sich \u00e4ndernde Marktbedingungen und Verbraucherpr\u00e4ferenzen anzupassen. Die regelm\u00e4\u00dfige \u00dcberpr\u00fcfung und Aktualisierung der Forschungsergebnisse stellt sicher, dass strategische Entscheidungen relevant und effektiv bleiben.<\/li>\n<\/ul>\n\n\n\n<h2 class=\"wp-block-heading\">Erwartete Ergebnisse aus der Endbenutzermarktforschung und Strategieberatung von SIS International<\/h2>\n\n\n\n<p>SIS offers comprehensive <a href=\"https:\/\/www.sisinternational.com\/de\/sis-strategy-consulting-2\/\" title=\"SIS Strategy Consulting\u00a0\"  data-wpil-monitor-id=\"2777\">end user market research and strategy<\/a> consulting services designed to deliver actionable insights and drive business success. Here are some expected results businesses can anticipate from partnering with SIS International:<\/p>\n\n\n\n<ul class=\"wp-block-list\">\n<li><strong>Tiefgreifendes Verst\u00e4ndnis der Zielgruppe:<\/strong> SIS International&#8217;s research methodologies delve deep into consumer behavior, preferences, and motivations, providing businesses with a comprehensive understanding of their target audience. <\/li>\n\n\n\n<li><strong>Wettbewerbsintelligenz:<\/strong> Our research capabilities extend beyond understanding the target audience to include comprehensive competitive analysis. <\/li>\n\n\n\n<li><strong>Strategische Empfehlungen:<\/strong> SIS nutzt seine Expertise in Marktforschung und Strategieberatung und liefert strategische Empfehlungen, die auf die individuellen Bed\u00fcrfnisse und Ziele jedes Kunden zugeschnitten sind. Ob es um die Optimierung von Produktangeboten, die Verfeinerung von Marketingstrategien oder die Erkundung neuer Marktchancen geht, SIS International liefert umsetzbare Erkenntnisse, um das Unternehmenswachstum voranzutreiben.<\/li>\n\n\n\n<li><strong>Langfristiger Erfolg:<\/strong> Durch eine Partnerschaft mit SIS gewinnen Unternehmen einen vertrauensw\u00fcrdigen Berater und strategischen Partner, der sich f\u00fcr ihren langfristigen Erfolg einsetzt. Mit dem Schwerpunkt auf dem Aufbau dauerhafter Beziehungen und der Schaffung von Mehrwert hilft SIS International Unternehmen, ihre Ziele zu erreichen und ihr Wachstum in einem sich st\u00e4ndig ver\u00e4ndernden Marktumfeld aufrechtzuerhalten.<\/li>\n<\/ul>\n\n\n\n<h2 class=\"wp-block-heading\">M\u00f6glichkeiten in der Endbenutzermarktforschung und Strategieberatung f\u00fcr Unternehmen<\/h2>\n\n\n\n<p>Exploring the opportunities presented by end user market research and <a href=\"https:\/\/www.sisinternational.com\/de\/soziale-medien-in-kleinen-unternehmen\/\" title=\"Social-Media-Strategien f\u00fcr kleine Unternehmen\"  data-wpil-monitor-id=\"7534\">Strategieberatung<\/a> can unlock significant growth potential for businesses across various sectors. Here are some key opportunities to consider:<\/p>\n\n\n\n<ul class=\"wp-block-list\">\n<li><strong>Identifizierung unerschlossener M\u00e4rkte:<\/strong> Durch umfassende Marktforschung k\u00f6nnen Unternehmen unerschlossene Marktsegmente oder Nischenchancen identifizieren, die zu ihren F\u00e4higkeiten und Angeboten passen.<\/li>\n\n\n\n<li><strong>Anpassen von Produkten und Diensten:<\/strong> Mithilfe von Endbenutzermarktforschung k\u00f6nnen Unternehmen ihre Produkte und Dienstleistungen an die spezifischen Bed\u00fcrfnisse und Vorlieben ihrer Zielgruppe anpassen.<\/li>\n\n\n\n<li><strong>Optimierung von Preisstrategien:<\/strong> Um Preisstrategien zu optimieren, ist es wichtig, die Wertvorstellungen und Zahlungsbereitschaften der Verbraucher zu verstehen.<\/li>\n\n\n\n<li><strong>Den Trends immer einen Schritt voraus:<\/strong> Um in sich rasch entwickelnden M\u00e4rkten wettbewerbsf\u00e4hig zu bleiben, ist es unerl\u00e4sslich, die Nase vorn zu haben. Mithilfe von Endverbrauchermarktforschung k\u00f6nnen Unternehmen Ver\u00e4nderungen im Verbraucherverhalten, neue Markttrends und disruptive Technologien vorhersehen. So k\u00f6nnen sie ihre Strategien proaktiv anpassen und neue Chancen nutzen.<\/li>\n<\/ul>\n\n\n\n<h2 class=\"wp-block-heading\">Wie SIS Internationals Endnutzermarktforschung und Strategieberatung Unternehmen helfen<\/h2>\n\n\n\n<p>Die Endverbrauchermarktforschungs- und Strategieberatungsdienste von SIS International sind auf die vielf\u00e4ltigen Bed\u00fcrfnisse von Unternehmen aller Branchen zugeschnitten. So kann SIS International Unternehmen dabei helfen, ihre Ziele zu erreichen:<\/p>\n\n\n\n<ul class=\"wp-block-list\">\n<li><strong>Comprehensive <a href=\"https:\/\/www.sisinternational.com\/de\/sachverstand\/branchen\/mrna-marktforschung\/\" title=\"mRNA-Marktforschung\"  data-wpil-monitor-id=\"4643\">Forschung<\/a> Expertise:<\/strong> SIS International verf\u00fcgt \u00fcber jahrzehntelange Erfahrung in der Marktforschung und bietet eine umfassende Palette an Forschungsmethoden, die auf die individuellen Bed\u00fcrfnisse und Ziele jedes Kunden zugeschnitten sind. Von qualitativen Forschungsmethoden wie Fokusgruppen und ausf\u00fchrlichen Interviews bis hin zu quantitativen Ans\u00e4tzen wie Umfragen und Datenanalysen liefert SIS International umsetzbare Erkenntnisse, die fundierte Entscheidungen erm\u00f6glichen.<\/li>\n\n\n\n<li><strong>Branchenspezifische Einblicke:<\/strong> Die Experten von SIS verf\u00fcgen \u00fcber umfassende Kenntnisse und Kenntnisse in verschiedenen Branchen, darunter Einzelhandel, Technologie, Gesundheitswesen, Finanzen, Automobil und mehr. Dank dieser branchenspezifischen Expertise kann SIS International ma\u00dfgeschneiderte Erkenntnisse und strategische Empfehlungen liefern, die auf die individuellen Herausforderungen und Chancen jedes Kunden eingehen.<\/li>\n\n\n\n<li><strong>Globale Reichweite und lokale Expertise:<\/strong> <a href=\"https:\/\/www.sisinternational.com\/de\/sis-ny-office-feiert-tausendste-gebaudevermietung\/\" title=\"SIS-B\u00fcro in New York feiert tausendste Raummiete\"  data-wpil-monitor-id=\"4491\">SIS<\/a> International offers unparalleled access to diverse markets and consumer segments worldwide with a global network of offices and partners spanning six continents. Our local expertise ensures that clients receive relevant and actionable insights regardless of location.<\/li>\n\n\n\n<li><strong>Datengesteuerte Entscheidungsunterst\u00fctzung:<\/strong> SIS combines rigorous data collection and analysis with strategic consulting expertise to provide clients with actionable recommendations that drive business success. <\/li>\n\n\n\n<li><strong>Kooperativen Ansatz:<\/strong> We take a collaborative approach to client engagement, working closely with stakeholders to understand their business objectives, challenges, and constraints. <\/li>\n<\/ul>\n\n\n\n<p><\/p>","protected":false},"excerpt":{"rendered":"<p>Endbenutzermarktforschung und Strategieberatung ist ein vielschichtiger Ansatz zum Verst\u00e4ndnis des Verhaltens, der Vorlieben und Bed\u00fcrfnisse von Verbrauchern oder Benutzern.<\/p>","protected":false},"author":1,"featured_media":62547,"parent":14567,"menu_order":47,"comment_status":"closed","ping_status":"closed","template":"","meta":{"footnotes":""},"class_list":["post-47069","page","type-page","status-publish","has-post-thumbnail"],"_links":{"self":[{"href":"https:\/\/www.sisinternational.com\/de\/wp-json\/wp\/v2\/pages\/47069","targetHints":{"allow":["GET"]}}],"collection":[{"href":"https:\/\/www.sisinternational.com\/de\/wp-json\/wp\/v2\/pages"}],"about":[{"href":"https:\/\/www.sisinternational.com\/de\/wp-json\/wp\/v2\/types\/page"}],"author":[{"embeddable":true,"href":"https:\/\/www.sisinternational.com\/de\/wp-json\/wp\/v2\/users\/1"}],"replies":[{"embeddable":true,"href":"https:\/\/www.sisinternational.com\/de\/wp-json\/wp\/v2\/comments?post=47069"}],"version-history":[{"count":17,"href":"https:\/\/www.sisinternational.com\/de\/wp-json\/wp\/v2\/pages\/47069\/revisions"}],"predecessor-version":[{"id":81160,"href":"https:\/\/www.sisinternational.com\/de\/wp-json\/wp\/v2\/pages\/47069\/revisions\/81160"}],"up":[{"embeddable":true,"href":"https:\/\/www.sisinternational.com\/de\/wp-json\/wp\/v2\/pages\/14567"}],"wp:featuredmedia":[{"embeddable":true,"href":"https:\/\/www.sisinternational.com\/de\/wp-json\/wp\/v2\/media\/62547"}],"wp:attachment":[{"href":"https:\/\/www.sisinternational.com\/de\/wp-json\/wp\/v2\/media?parent=47069"}],"curies":[{"name":"wp","href":"https:\/\/api.w.org\/{rel}","templated":true}]}}