{"id":46999,"date":"2024-03-20T00:45:51","date_gmt":"2024-03-20T04:45:51","guid":{"rendered":"https:\/\/www.sisinternational.com\/?page_id=46999"},"modified":"2026-01-26T17:28:49","modified_gmt":"2026-01-26T22:28:49","slug":"virtuelle-karten-marktforschung-strategieberatung","status":"publish","type":"page","link":"https:\/\/www.sisinternational.com\/de\/losungen\/fintech-strategieberatung-forschung\/virtuelle-karten-marktforschung-strategieberatung\/","title":{"rendered":"Marktforschung und Strategieberatung f\u00fcr virtuelle Karten"},"content":{"rendered":"<h1 class=\"wp-block-heading\">Marktforschung und Strategieberatung f\u00fcr virtuelle Karten<\/h1>\n\n\n\n<figure class=\"gb-block-image gb-block-image-a96d0e51\"><img loading=\"lazy\" decoding=\"async\" width=\"1456\" height=\"816\" class=\"gb-image gb-image-a96d0e51\" src=\"https:\/\/www.sisinternational.com\/wp-content\/uploads\/2025\/09\/Credit-card-3.jpg\" alt=\"SIS International Marktforschung &amp; Strategie\" title=\"Credit card (3)\" srcset=\"https:\/\/www.sisinternational.com\/wp-content\/uploads\/2025\/09\/Credit-card-3.jpg 1456w, https:\/\/www.sisinternational.com\/wp-content\/uploads\/2025\/09\/Credit-card-3-300x168.jpg 300w, https:\/\/www.sisinternational.com\/wp-content\/uploads\/2025\/09\/Credit-card-3-1024x574.jpg 1024w, https:\/\/www.sisinternational.com\/wp-content\/uploads\/2025\/09\/Credit-card-3-768x430.jpg 768w, https:\/\/www.sisinternational.com\/wp-content\/uploads\/2025\/09\/Credit-card-3-18x10.jpg 18w\" sizes=\"auto, (max-width: 1456px) 100vw, 1456px\"><\/figure>\n\n\n\n<hr class=\"wp-block-separator has-alpha-channel-opacity is-style-dots\"\/>\n\n\n\n<p>The emergence of virtual cards has marked a significant evolution in the financial ecosystem, revolutionizing transactions\u2026 But, how can businesses leverage the burgeoning virtual cards market to streamline operations, enhance security, and unlock new revenue streams? Virtual cards market research and strategy consulting help businesses understand this market with in-depth insights to make informed decisions and succeed despite the ever-increasing competition.<\/p>\n\n\n\n<h2 class=\"wp-block-heading\">Was ist Marktforschung und Strategieberatung f\u00fcr virtuelle Karten?<\/h2>\n\n\n\n<p>Die Marktforschung und Strategieberatung f\u00fcr virtuelle Karten analysiert die virtuelle Kartenbranche und konzentriert sich dabei auf Markttrends, Kundenverhalten, Wettbewerbsumfeld und technologische Fortschritte. Diese Forschung gibt Unternehmen wichtige Einblicke in die Einf\u00fchrung, Nutzung und Auswirkung virtueller Karten in verschiedenen Sektoren und erm\u00f6glicht ihnen die Entwicklung von Strategien, die mit der Marktdynamik und den Erwartungen der Verbraucher \u00fcbereinstimmen.<\/p>\n\n\n\n<p>Ziel ist es, die Faktoren zu verstehen, die das Wachstum virtueller Karten vorantreiben, wie etwa die gestiegene Nachfrage nach sicheren Online-Transaktionen, die Bequemlichkeit der sofortigen Ausgabe und die Integration virtueller Karten in L\u00f6sungen zur Verwaltung von Unternehmensausgaben. Diese Marktanalyse untersucht auch die Herausforderungen und Hindernisse bei der Einf\u00fchrung, darunter regulatorische Bedenken, Marktbewusstsein und Anforderungen an die technologische Infrastruktur.<\/p>\n\n\n\n<h2 class=\"wp-block-heading\">Warum ben\u00f6tigen Unternehmen Marktforschung und Strategieberatung zu virtuellen Karten?<\/h2>\n\n\n\n<p>Erstens k\u00f6nnen Unternehmen durch das Verst\u00e4ndnis des Marktes f\u00fcr virtuelle Karten neue Trends und Verbraucherpr\u00e4ferenzen erkennen. Dieses Wissen ist entscheidend f\u00fcr die Entwicklung von Produkten, die den sich entwickelnden Bed\u00fcrfnissen von Verbrauchern und Unternehmen gleicherma\u00dfen gerecht werden.<\/p>\n\n\n\n<p>Adopting virtual cards comes with challenges, including regulatory compliance, technological integration, and market education. Thus, virtual cards <a class=\"wpil_keyword_link\" href=\"https:\/\/www.sisinternational.com\/de\/sachverstand\/kunden\/\"   title=\"Unsere Kunden\" data-wpil-keyword-link=\"linked\"  data-wpil-monitor-id=\"557\">Marktforschung<\/a> and strategy consulting help businesses navigate these hurdles, ensuring their virtual card offerings comply with regulatory standards and seamlessly integrate with users&#8217; existing financial ecosystems. This support is crucial for fostering adoption and ensuring a smooth user experience.<\/p>\n\n\n\n<p>Furthermore, a secure and efficient cross-border payment solution becomes imperative as businesses expand globally. Virtual cards market research and strategy consulting can provide insights into regional market dynamics and regulatory environments, assisting companies in tailoring their offerings to meet the specific needs of international markets. This global perspective is essential for businesses aiming to capitalize on the opportunities presented by the global digital economy.<\/p>\n\n\n\n<h2 class=\"wp-block-heading\">Was sind die Vorteile der Marktforschung und Strategieberatung f\u00fcr virtuelle Karten?<\/h2>\n\n\n\n<figure class=\"gb-block-image gb-block-image-05bda1fd\"><img loading=\"lazy\" decoding=\"async\" width=\"1456\" height=\"816\" class=\"gb-image gb-image-05bda1fd\" src=\"https:\/\/www.sisinternational.com\/wp-content\/uploads\/2025\/09\/Credit-card-2.jpg\" alt=\"SIS International Marktforschung &amp; Strategie\" title=\"Credit card (2)\" srcset=\"https:\/\/www.sisinternational.com\/wp-content\/uploads\/2025\/09\/Credit-card-2.jpg 1456w, https:\/\/www.sisinternational.com\/wp-content\/uploads\/2025\/09\/Credit-card-2-300x168.jpg 300w, https:\/\/www.sisinternational.com\/wp-content\/uploads\/2025\/09\/Credit-card-2-1024x574.jpg 1024w, https:\/\/www.sisinternational.com\/wp-content\/uploads\/2025\/09\/Credit-card-2-768x430.jpg 768w, https:\/\/www.sisinternational.com\/wp-content\/uploads\/2025\/09\/Credit-card-2-18x10.jpg 18w\" sizes=\"auto, (max-width: 1456px) 100vw, 1456px\"><\/figure>\n\n\n\n<p><\/p>\n\n\n\n<p>Die Einf\u00fchrung virtueller Karten im Finanz\u00f6kosystem bietet viele Vorteile \u2013 und Marktforschung und Strategieberatung f\u00fcr virtuelle Karten erschlie\u00dfen diese Vorteile f\u00fcr Unternehmen. Die Erkenntnisse und strategischen Leitlinien aus einer spezialisierten Beratung k\u00f6nnen die Herangehensweise von Unternehmen an ihre Finanzgesch\u00e4fte ver\u00e4ndern und sicherstellen, dass sie mit den aktuellen Markttrends im Einklang stehen und f\u00fcr zuk\u00fcnftiges Wachstum und Innovation aufgestellt sind.<\/p>\n\n\n\n<ul class=\"wp-block-list\">\n<li><strong>Enhanced <\/strong><a href=\"https:\/\/www.sisinternational.com\/de\/sachverstand\/branchen\/sicherheitsmarktforschung\/\" title=\"Sicherheitsmarktforschung\"  data-wpil-monitor-id=\"6533\">Security Measures: Virtual cards market research<\/a> and strategy consulting can help businesses understand the latest fraud prevention technologies. These insights enable companies to implement more secure payment solutions, reducing the risk of fraud and unauthorized transactions.<\/li>\n\n\n\n<li><strong>Betriebseffizienz:<\/strong> Virtual cards streamline managing corporate expenses, payments, and reimbursements. Through market research, businesses can identify the most efficient and user-friendly virtual card solutions that integrate seamlessly with their existing financial systems. Strategy consultants can then guide the implementation of these solutions, optimizing operational workflows, and improving overall efficiency.<\/li>\n\n\n\n<li><strong>Kostenreduzierung:<\/strong> By leveraging virtual cards, businesses can significantly reduce transaction costs and eliminate many fees associated with traditional payment methods. Strategy consulting can provide a roadmap for maximizing these cost savings, advising on the best practices for deploying virtual cards to reduce overhead while maintaining high transaction security and compliance standards.<\/li>\n\n\n\n<li><strong>Innovation und Produktentwicklung:<\/strong> The insights gained from <a href=\"https:\/\/www.sisinternational.com\/de\/losungen\/reise-tourismus-und-gastgewerbeberatung\/tourismusentwicklungsberatung\/\" title=\"Tourismusentwicklungsberatung\"  data-wpil-monitor-id=\"7120\">virtual cards market research and strategy<\/a> consulting can inspire innovation, driving the development of new features and functionalities for virtual card products. Strategy consultants are crucial in translating these insights into actionable product development strategies, ensuring that new offerings are innovative and aligned with market needs and business objectives.<\/li>\n<\/ul>\n\n\n\n<h2 class=\"wp-block-heading\">Erwartete Ergebnisse aus der Marktforschung und Strategieberatung f\u00fcr virtuelle Karten von SIS<\/h2>\n\n\n\n<p>Engaging with SIS for virtual cards market <a href=\"https:\/\/www.sisinternational.com\/de\/direktmarketing\/\" title=\"Was ist Direktmarketing?\"  data-wpil-monitor-id=\"2239\">research and strategy consulting<\/a> yields comprehensive outcomes that provide businesses with the necessary insights and strategic direction to navigate the virtual cards marketplace effectively. Here are the expected results from such a collaboration:<\/p>\n\n\n\n<ul class=\"wp-block-list\">\n<li><strong>Markteinblick und Wettbewerbsanalyse:<\/strong> Clients can expect to gain a deep understanding of the virtual cards market landscape, including current trends, customer preferences, and growth opportunities.\u00a0<\/li>\n\n\n\n<li><strong>Strategien zur Risikobewertung und Risikominderung:<\/strong> SIS\u2019s virtual cards market research and strategy consulting identify potential risks associated with entering or expanding within the virtual cards market. Following this assessment, SIS delivers tailored strategies to mitigate these risks, ensuring a smooth and compliant market approach.<\/li>\n\n\n\n<li><strong>Anleitung f\u00fcr Innovation und Produktentwicklung:<\/strong> Based on market needs and emerging trends, SIS offers insights into innovation opportunities for virtual card products.\u00a0<\/li>\n\n\n\n<li><strong>Kundensegmentierungs- und Targeting-Strategien:<\/strong> Die Marktforschung und Strategieberatung zu virtuellen Karten von SIS erm\u00f6glicht eine detaillierte Kundensegmentierung und versetzt Unternehmen in die Lage, ihre Marketing- und Produktentwicklungsbem\u00fchungen auf bestimmte Kundengruppen auszurichten und so Attraktivit\u00e4t und Akzeptanz zu maximieren.<\/li>\n\n\n\n<li><strong>Einhaltung gesetzlicher Vorschriften und bew\u00e4hrte Vorgehensweisen:<\/strong> Navigating the complex regulatory environment of financial services is paramount. SIS offers insights into regulatory considerations specific to virtual cards, advises on compliance best practices, and helps businesses effectively navigate these requirements.<\/li>\n\n\n\n<li><strong>M\u00f6glichkeiten f\u00fcr Partnerschaften und Zusammenarbeit:<\/strong> Another outcome of SIS&#8217;s consulting services is identifying potential partners in the ecosystem, such as fintech companies, banks, or payment processors. These partnerships can provide technical expertise, expand product offerings, or enhance market reach.<\/li>\n<\/ul>\n\n\n\n<h2 class=\"wp-block-heading\">Hauptakteure auf dem Markt f\u00fcr virtuelle Karten<\/h2>\n\n\n\n<figure class=\"gb-block-image gb-block-image-dbcf4eb3\"><img loading=\"lazy\" decoding=\"async\" width=\"1456\" height=\"816\" class=\"gb-image gb-image-dbcf4eb3\" src=\"https:\/\/www.sisinternational.com\/wp-content\/uploads\/2025\/09\/Credit-card-1.jpg\" alt=\"SIS International Marktforschung &amp; Strategie\" title=\"Credit card (1)\" srcset=\"https:\/\/www.sisinternational.com\/wp-content\/uploads\/2025\/09\/Credit-card-1.jpg 1456w, https:\/\/www.sisinternational.com\/wp-content\/uploads\/2025\/09\/Credit-card-1-300x168.jpg 300w, https:\/\/www.sisinternational.com\/wp-content\/uploads\/2025\/09\/Credit-card-1-1024x574.jpg 1024w, https:\/\/www.sisinternational.com\/wp-content\/uploads\/2025\/09\/Credit-card-1-768x430.jpg 768w, https:\/\/www.sisinternational.com\/wp-content\/uploads\/2025\/09\/Credit-card-1-18x10.jpg 18w\" sizes=\"auto, (max-width: 1456px) 100vw, 1456px\"><\/figure>\n\n\n\n<p><\/p>\n\n\n\n<p>The virtual cards market is dynamic and competitive, with various players shaping the landscape. These companies are at the forefront of developing and offering virtual card solutions, each contributing unique features and capabilities to meet the diverse needs of consumers and businesses. Understanding the main players in this market is crucial for businesses looking to leverage virtual cards for payments, expense management, and security enhancements.<\/p>\n\n\n\n<ul class=\"wp-block-list\">\n<li><strong>Finanzinstitute und Kartennetzwerke:<\/strong> Visa and Mastercard, two of the world&#8217;s leading card networks, have been instrumental in the widespread adoption of virtual cards. They offer robust virtual card solutions utilized by banks and financial institutions globally.\u00a0<\/li>\n\n\n\n<li><strong>Fintech-Unternehmen:<\/strong> Fintech companies have been pivotal in innovating and democratizing access to virtual card technology. Revolut and N26 are notable examples, offering digital banking services that include virtual cards as a key feature.\u00a0<\/li>\n\n\n\n<li><strong>Zahlungsabwickler:<\/strong> Zahlungsabwickler wie Stripe und Square haben virtuelle Kartendienste in ihre umfassenderen Zahlungsl\u00f6sungen integriert. Diese Unternehmen bieten virtuelle Karten in erster Linie Gesch\u00e4ftskunden an, damit diese ihre Unternehmensausgaben verwalten und Zahlungsprozesse effizient automatisieren k\u00f6nnen.<\/li>\n<\/ul>\n\n\n\n<h2 class=\"wp-block-heading\">Gelegenheiten<\/h2>\n\n\n\n<p>The virtual cards market has been experiencing significant growth, driven by the increasing demand for secure and convenient payment solutions. This growth presents various opportunities for <a href=\"https:\/\/www.sisinternational.com\/de\/losungen\/ai-marktforschung-und-strategieberatung\/beratungsunternehmen-fur-wachstumsstrategien\/\" title=\"Beratungsunternehmen f\u00fcr Wachstumsstrategien\"  data-wpil-monitor-id=\"1705\">market research and strategy consulting<\/a> firms. Here are some key areas where these firms can contribute:<\/p>\n\n\n\n<ul class=\"wp-block-list\">\n<li><strong>Einblicke in Vorschriften und Compliance:<\/strong> Der Markt f\u00fcr virtuelle Karten unterliegt verschiedenen Vorschriften, wie etwa Anti-Geldw\u00e4sche- (AML) und Know-Your-Customer- (KYC)-Anforderungen. Strategieberater k\u00f6nnen Unternehmen dabei helfen, diese Vorschriften zu verstehen und die Einhaltung sicherzustellen.<\/li>\n\n\n\n<li><strong>Innovation und Produktentwicklung:<\/strong> Market research can identify emerging trends and technologies in the virtual cards space, such as integrating virtual cards with mobile wallets or using blockchain technology.\u00a0<\/li>\n\n\n\n<li><strong>M\u00f6glichkeiten f\u00fcr Partnerschaften und Zusammenarbeit:<\/strong> Strategy consultants can identify potential partnership opportunities with financial institutions, technology providers, and other virtual card ecosystem stakeholders.\u00a0<\/li>\n\n\n\n<li><strong>Markteintritts- und Expansionsstrategien:<\/strong> Unternehmen, die in den Markt f\u00fcr virtuelle Karten einsteigen oder ihre Pr\u00e4senz ausbauen m\u00f6chten, k\u00f6nnen durch Marktforschung und Strategieberatung Einblicke in Marktchancen, Markteintrittsbarrieren und Wachstumsstrategien gewinnen.<\/li>\n<\/ul>\n\n\n\n<h2 class=\"wp-block-heading\">Herausforderungen<\/h2>\n\n\n\n<p><\/p>\n\n\n\n<p>While offering numerous opportunities, the virtual cards market also presents several challenges for market research and strategy consulting. Here are some key challenges:<\/p>\n\n\n\n<ul class=\"wp-block-list\">\n<li><strong>Einhaltung gesetzlicher Vorschriften:<\/strong> The virtual cards market is heavily regulated, with varying rules across jurisdictions. Keeping abreast of these regulations and ensuring that strategies are compliant can be challenging.<\/li>\n\n\n\n<li><strong>Integration mit bestehenden Systemen:<\/strong> Integration with existing payment systems and infrastructure can be a significant hurdle for businesses adopting virtual card solutions. Strategy consultants need to consider these integration challenges when advising clients.<\/li>\n\n\n\n<li><strong>Interoperabilit\u00e4t und Standardisierung:<\/strong> Ensuring interoperability between virtual card systems and standards can be challenging. Research and consulting must consider technical and operational aspects of interoperability to provide effective solutions.<\/li>\n\n\n\n<li><strong>Zuk\u00fcnftige Trends und Unsicherheiten:<\/strong> Aufgrund des rasanten technologischen Wandels und der sich ver\u00e4ndernden Verbraucherpr\u00e4ferenzen ist die Vorhersage zuk\u00fcnftiger Trends auf dem Markt f\u00fcr virtuelle Karten eine Herausforderung.<\/li>\n<\/ul>\n\n\n\n<h2 class=\"wp-block-heading\">Unser Standort in New York<\/h2>\n\n\n\n<p>  <iframe loading=\"lazy\" src=\"https:\/\/www.google.com\/maps\/embed?pb=!1m18!1m12!1m3!1d3022.976188376966!2d-73.99130312499956!3d40.740549471389315!2m3!1f0!2f0!3f0!3m2!1i1024!2i768!4f13.1!3m3!1m2!1s0x89c259a15798c731%3A0xd695d09bdd495f25!2s11%20E%2022nd%20St%20FL%202%2C%20New%20York%2C%20NY%2010010%2C%20USA!5e0!3m2!1sen!2spe!4v1726171763526!5m2!1sen!2spe\" width=\"600\" height=\"450\" allowfullscreen=\"allowfullscreen\" data-mce-fragment=\"1\"><\/iframe>  <\/p>\n\n\n\n<h3 class=\"wp-block-heading\">11 E 22nd Street, Floor 2, New York, NY 10010 T: +1(212) 505-6805<\/h3>\n\n\n\n<hr class=\"wp-block-separator has-alpha-channel-opacity\"\/>\n\n\n\n<h2 class=\"wp-block-heading\"><span style=\"font-weight: 400;\">\u00dcber SIS International<\/span><\/h2>\n\n\n\n<p><a href=\"https:\/\/www.sisinternational.com\/de\/\"><span style=\"font-weight: 400;\">SIS International<\/span><\/a><span style=\"font-weight: 400;\"> bietet quantitative, qualitative und strategische Forschung an. Wir liefern Daten, Tools, Strategien, Berichte und Erkenntnisse zur Entscheidungsfindung. Wir f\u00fchren auch Interviews, Umfragen, Fokusgruppen und andere Methoden und Ans\u00e4tze der Marktforschung durch.<\/span><a href=\"https:\/\/www.sisinternational.com\/de\/uber-sis-international-research\/contact-sis-international-market-research\/\"><span style=\"font-weight: 400;\"> Kontakt<\/span><\/a><span style=\"font-weight: 400;\"> f\u00fcr Ihr n\u00e4chstes Marktforschungsprojekt.<\/span><\/p>\n\n\n\n<p><\/p>","protected":false},"excerpt":{"rendered":"<p>Die Marktforschung und Strategieberatung f\u00fcr virtuelle Karten analysiert Trends, Kundenverhalten, Wettbewerb und Technologie auf dem Markt f\u00fcr virtuelle Karten.<\/p>","protected":false},"author":1,"featured_media":68144,"parent":27462,"menu_order":79,"comment_status":"closed","ping_status":"closed","template":"","meta":{"footnotes":""},"class_list":["post-46999","page","type-page","status-publish","has-post-thumbnail"],"_links":{"self":[{"href":"https:\/\/www.sisinternational.com\/de\/wp-json\/wp\/v2\/pages\/46999","targetHints":{"allow":["GET"]}}],"collection":[{"href":"https:\/\/www.sisinternational.com\/de\/wp-json\/wp\/v2\/pages"}],"about":[{"href":"https:\/\/www.sisinternational.com\/de\/wp-json\/wp\/v2\/types\/page"}],"author":[{"embeddable":true,"href":"https:\/\/www.sisinternational.com\/de\/wp-json\/wp\/v2\/users\/1"}],"replies":[{"embeddable":true,"href":"https:\/\/www.sisinternational.com\/de\/wp-json\/wp\/v2\/comments?post=46999"}],"version-history":[{"count":10,"href":"https:\/\/www.sisinternational.com\/de\/wp-json\/wp\/v2\/pages\/46999\/revisions"}],"predecessor-version":[{"id":80684,"href":"https:\/\/www.sisinternational.com\/de\/wp-json\/wp\/v2\/pages\/46999\/revisions\/80684"}],"up":[{"embeddable":true,"href":"https:\/\/www.sisinternational.com\/de\/wp-json\/wp\/v2\/pages\/27462"}],"wp:featuredmedia":[{"embeddable":true,"href":"https:\/\/www.sisinternational.com\/de\/wp-json\/wp\/v2\/media\/68144"}],"wp:attachment":[{"href":"https:\/\/www.sisinternational.com\/de\/wp-json\/wp\/v2\/media?parent=46999"}],"curies":[{"name":"wp","href":"https:\/\/api.w.org\/{rel}","templated":true}]}}