{"id":46997,"date":"2024-03-20T00:28:49","date_gmt":"2024-03-20T04:28:49","guid":{"rendered":"https:\/\/www.sisinternational.com\/?page_id=46997"},"modified":"2026-03-25T20:19:14","modified_gmt":"2026-03-26T00:19:14","slug":"fusionen-ubernahmen-due-diligence-recherche","status":"publish","type":"page","link":"https:\/\/www.sisinternational.com\/de\/losungen\/fusionen-ubernahmen-due-diligence-recherche\/","title":{"rendered":"Fusionen und \u00dcbernahmen - Due-Diligence-Pr\u00fcfung"},"content":{"rendered":"<h1 class=\"wp-block-heading\">Fusionen und \u00dcbernahmen - Due-Diligence-Pr\u00fcfung<\/h1>\n\n\n\n<figure class=\"gb-block-image gb-block-image-7420f231\"><img loading=\"lazy\" decoding=\"async\" width=\"1456\" height=\"816\" class=\"gb-image gb-image-7420f231\" src=\"https:\/\/www.sisinternational.com\/wp-content\/uploads\/2025\/08\/B2B-2-5.jpg\" alt=\"SIS International Marktforschung &amp; Strategie\" title=\"B2B 2 (5)\" srcset=\"https:\/\/www.sisinternational.com\/wp-content\/uploads\/2025\/08\/B2B-2-5.jpg 1456w, https:\/\/www.sisinternational.com\/wp-content\/uploads\/2025\/08\/B2B-2-5-300x168.jpg 300w, https:\/\/www.sisinternational.com\/wp-content\/uploads\/2025\/08\/B2B-2-5-1024x574.jpg 1024w, https:\/\/www.sisinternational.com\/wp-content\/uploads\/2025\/08\/B2B-2-5-768x430.jpg 768w, https:\/\/www.sisinternational.com\/wp-content\/uploads\/2025\/08\/B2B-2-5-18x10.jpg 18w\" sizes=\"auto, (max-width: 1456px) 100vw, 1456px\"><\/figure>\n\n\n\n<p><\/p>\n\n\n\n<hr class=\"wp-block-separator has-alpha-channel-opacity is-style-dots\"\/>\n\n\n\n<p>In einer Zeit, in der strategische Allianzen und Unternehmensexpansionen allt\u00e4glich sind, legt die Due-Diligence-Pr\u00fcfung von Fusionen und \u00dcbernahmen den Grundstein f\u00fcr erfolgreiche Fusionen und \u00dcbernahmen. Doch welche Rolle spielt diese Pr\u00fcfung genau und warum ist sie f\u00fcr Unternehmen von entscheidender Bedeutung?<\/p>\n\n\n\n<h2 class=\"wp-block-heading\">Verstehen von Fusionen und \u00dcbernahmen Due-Diligence-Recherche<\/h2>\n\n\n\n<p>Die Due-Diligence-Pr\u00fcfung bei Fusionen und \u00dcbernahmen ist ein umfassender Bewertungsprozess, der jeder Unternehmensfusion oder -\u00fcbernahme vorausgeht. Diese Untersuchung befasst sich eingehend mit den operativen, finanziellen, rechtlichen und strategischen Aspekten des Zielunternehmens und zielt darauf ab, alle potenziellen Risiken oder Verbindlichkeiten aufzudecken, die den Erfolg des Gesch\u00e4fts beeintr\u00e4chtigen k\u00f6nnten. Die sorgf\u00e4ltige Art dieser Untersuchung stellt sicher, dass die \u00fcbernehmenden Unternehmen umfassend \u00fcber ihre potenziellen Investitionen informiert sind und fundierte Entscheidungen treffen k\u00f6nnen.<\/p>\n\n\n\n<p>The process involves thoroughly examining the target company&#8217;s financial statements, legal contracts, operational processes, and market positioning. <a href=\"https:\/\/www.sisinternational.com\/de\/losungen\/strategieberatung\/identifizierung-von-fusions-und-ubernahmezielen\/\" title=\"Fusions- und \u00dcbernahmeforschung\"  data-wpil-monitor-id=\"6945\">Mergers and acquisitions due diligence research<\/a> not only assesses the current health and viability of the business but also projects its future performance within the context of the acquiring company&#8217;s strategic goals.<\/p>\n\n\n\n<h2 class=\"wp-block-heading\">Warum ben\u00f6tigen Unternehmen Due-Diligence-Pr\u00fcfungen bei Fusionen und \u00dcbernahmen?<\/h2>\n\n\n\n<p>Die Due-Diligence-Pr\u00fcfung bei Fusionen und \u00dcbernahmen mindert das Risiko. Durch die Offenlegung der finanziellen, rechtlichen, betrieblichen und strategischen Dimensionen des Zielunternehmens k\u00f6nnen Unternehmen potenzielle Warnsignale oder Dealbreaker identifizieren, die den Erfolg der Transaktion gef\u00e4hrden k\u00f6nnten.<\/p>\n\n\n\n<p>Dar\u00fcber hinaus erleichtert diese Untersuchung einen reibungsloseren Integrationsprozess nach der \u00dcbernahme. Das Verst\u00e4ndnis der kulturellen, betrieblichen und strategischen Nuancen des Zielunternehmens erm\u00f6glicht es den \u00fcbernehmenden Unternehmen, umfassende Integrationspl\u00e4ne zu entwickeln, die St\u00f6rungen minimieren und die Realisierung von Synergien beschleunigen. Diese Vorarbeiten sind entscheidend f\u00fcr die Aufrechterhaltung der Gesch\u00e4ftskontinuit\u00e4t, der Mitarbeitermoral und der Kundenzufriedenheit w\u00e4hrend der \u00dcbergangsphase.<\/p>\n\n\n\n<p>Dar\u00fcber hinaus erm\u00f6glicht es Unternehmen, ihr Zielunternehmen genau zu bewerten. Indem sie sich eingehend mit der finanziellen Gesundheit, den Wachstumsaussichten und der Marktpositionierung des Unternehmens befassen, k\u00f6nnen K\u00e4ufer eine faire und realistische Bewertung ermitteln, die sowohl den aktuellen Wert als auch das zuk\u00fcnftige Potenzial widerspiegelt. Diese finanziellen Einblicke sind entscheidend f\u00fcr die Strukturierung eines Deals, der beiden Parteien einen fairen Wert bietet und den langfristigen Erfolg des fusionierten Unternehmens unterst\u00fctzt.<\/p>\n\n\n\n<h2 class=\"wp-block-heading\">Wer nutzt Due-Diligence-Recherchen bei Fusionen und \u00dcbernahmen?<\/h2>\n\n\n\n<p>Unternehmensleiter verlassen sich auf Due-Diligence-Recherchen, um fundierte Entscheidungen hinsichtlich m\u00f6glicher Fusionen oder \u00dcbernahmen zu treffen. Diese Recherchen verschaffen ihnen ein umfassendes Verst\u00e4ndnis der finanziellen Gesundheit, der betrieblichen Effizienz und der strategischen Positionierung des Zielunternehmens. Sie k\u00f6nnen damit beurteilen, wie gut das potenzielle Gesch\u00e4ft mit ihrer Unternehmensstrategie und ihren Wachstumszielen \u00fcbereinstimmt.<\/p>\n\n\n\n<p>Auch Investmentbanker nutzen diese Recherche als Eckpfeiler ihrer Beratungsleistungen. Ob sie nun den K\u00e4ufer oder den Verk\u00e4ufer vertreten, Investmentbanker analysieren die Ergebnisse der Due Diligence, um bei der Gestaltung der Transaktion, der Bewertung und Verhandlungsstrategien zu beraten und sicherzustellen, dass ihre Kunden fundierte Anlageentscheidungen treffen.<\/p>\n\n\n\n<p>Eine weitere wichtige Nutzergruppe sind Private-Equity-Investoren. Da sie sich auf die Maximierung der Kapitalrendite konzentrieren, sind diese Investoren auf eine gr\u00fcndliche Due Diligence angewiesen, um den wahren Wert potenzieller \u00dcbernahmeziele aufzudecken. Diese Recherche hilft ihnen, M\u00f6glichkeiten zur Wertsch\u00f6pfung zu erkennen, Risiken einzusch\u00e4tzen und das Potenzial f\u00fcr betriebliche Verbesserungen und strategisches Wachstum nach der \u00dcbernahme zu ermitteln.<\/p>\n\n\n\n<p>Dar\u00fcber hinaus nutzen Rechtsberater Due-Diligence-Recherchen bei Fusionen und \u00dcbernahmen, um etwaige rechtliche Verbindlichkeiten, vertragliche Verpflichtungen oder regulatorische Probleme im Zusammenhang mit dem Zielunternehmen zu ermitteln. Diese Informationen sind von entscheidender Bedeutung f\u00fcr die Bewertung rechtlicher Risiken, die Gew\u00e4hrleistung der Einhaltung relevanter Gesetze und Vorschriften sowie die Beratung der Kunden zu den rechtlichen Aspekten der Transaktion.<\/p>\n\n\n\n<h2 class=\"wp-block-heading\">Erwartete Ergebnisse der Due-Diligence-Studie von SIS zu Fusionen und \u00dcbernahmen<\/h2>\n\n\n\n<figure class=\"gb-block-image gb-block-image-f1a6353b\"><img loading=\"lazy\" decoding=\"async\" width=\"1456\" height=\"816\" class=\"gb-image gb-image-f1a6353b\" src=\"https:\/\/www.sisinternational.com\/wp-content\/uploads\/2025\/08\/Global-4.jpg\" alt=\"SIS International Marktforschung &amp; Strategie\" title=\"Global (4)\" srcset=\"https:\/\/www.sisinternational.com\/wp-content\/uploads\/2025\/08\/Global-4.jpg 1456w, https:\/\/www.sisinternational.com\/wp-content\/uploads\/2025\/08\/Global-4-300x168.jpg 300w, https:\/\/www.sisinternational.com\/wp-content\/uploads\/2025\/08\/Global-4-1024x574.jpg 1024w, https:\/\/www.sisinternational.com\/wp-content\/uploads\/2025\/08\/Global-4-768x430.jpg 768w, https:\/\/www.sisinternational.com\/wp-content\/uploads\/2025\/08\/Global-4-18x10.jpg 18w\" sizes=\"auto, (max-width: 1456px) 100vw, 1456px\"><\/figure>\n\n\n\n<p><\/p>\n\n\n\n<p>Wenn Kunden SIS International mit Due-Diligence-Recherchen zu Fusionen und \u00dcbernahmen beauftragen, k\u00f6nnen sie mit einer umfassenden Reihe von Ergebnissen rechnen, die die Vielschichtigkeit potenzieller M&amp;A-Transaktionen beleuchten. Der Ansatz von SIS stellt sicher, dass Unternehmen mit dem erforderlichen Fachwissen ausgestattet sind, um die Komplexit\u00e4t von Fusionen und \u00dcbernahmen zu meistern, was letztlich strategische Entscheidungen steuert und erfolgreiche Integrationen erm\u00f6glicht.<\/p>\n\n\n\n<ul class=\"wp-block-list\">\n<li><strong>Umfassende Finanzanalyse:<\/strong> Eine detaillierte Untersuchung der finanziellen Gesundheit des Zielunternehmens ist der Kern der Due Diligence von SIS. Kunden k\u00f6nnen Einblicke in die Einnahmequellen, Rentabilit\u00e4t, Cashflow-Stabilit\u00e4t und finanziellen Verbindlichkeiten des Unternehmens erwarten. Diese Analyse deckt die finanzielle Robustheit des Zielunternehmens auf und hebt alle Problembereiche hervor, die den Wert der Transaktion beeintr\u00e4chtigen k\u00f6nnten.<\/li>\n\n\n\n<li><strong>\u00dcberpr\u00fcfung der betrieblichen Effizienz:<\/strong> SIS befasst sich mit den operativen Aspekten des Zielunternehmens und bewertet dessen Effizienz, Skalierbarkeit und technologische Infrastruktur. Diese \u00dcberpr\u00fcfung identifiziert operative St\u00e4rken und Schw\u00e4chen und zeigt deutlich die F\u00e4higkeit des Unternehmens zur Integration und zum Wachstum innerhalb des Betriebs des \u00fcbernehmenden Unternehmens.<\/li>\n\n\n\n<li><strong>Bewertung der Einhaltung gesetzlicher und beh\u00f6rdlicher Vorschriften:<\/strong> Bei M&amp;A-Transaktionen ist es entscheidend, die rechtlichen Rahmenbedingungen zu verstehen. Die Recherchen von SIS pr\u00fcfen gr\u00fcndlich, ob das Zielunternehmen die relevanten Gesetze und Vorschriften, Rechte am geistigen Eigentum, vertragliche Verpflichtungen und potenziellen Prozessrisiken einh\u00e4lt. Dadurch wird sichergestellt, dass die Kunden die rechtlichen Aspekte kennen, die sich auf das Gesch\u00e4ft auswirken k\u00f6nnten.<\/li>\n\n\n\n<li><strong>Analyse der strategischen Eignung und des Synergiepotenzials:<\/strong> \u00dcber die finanziellen und operativen Kennzahlen hinaus bewertet SIS, wie gut das Zielunternehmen mit den strategischen Zielen des Kunden \u00fcbereinstimmt, und identifiziert potenzielle Synergien. Diese Analyse bietet einen Plan f\u00fcr die Integration des Zielunternehmens und die Maximierung des Werts des kombinierten Unternehmens.<\/li>\n\n\n\n<li><strong>\u00dcberblick \u00fcber Markt und Wettbewerbslandschaft:<\/strong> SIS bietet einen detaillierten Einblick in die Marktpositionierung, das Wettbewerbsumfeld und die Branchentrends des Zielunternehmens. Diese breitere Marktperspektive hilft den Kunden, das Wachstumspotenzial und den Wettbewerbsvorteil des Zielunternehmens im breiteren Branchenumfeld zu verstehen.<\/li>\n<\/ul>\n\n\n\n<h2 class=\"wp-block-heading\">Gelegenheiten<\/h2>\n\n\n\n<p>Mergers and acquisitions due diligence <a class=\"wpil_keyword_link\" href=\"https:\/\/www.sisinternational.com\/de\/losungen\/\"   title=\"L\u00f6sungen\" data-wpil-keyword-link=\"linked\"  data-wpil-monitor-id=\"558\">Marktforschung<\/a> offers several opportunities for businesses, including:<\/p>\n\n\n\n<ul class=\"wp-block-list\">\n<li><strong>Wertidentifikation:<\/strong> Due-Diligence-Recherchen k\u00f6nnen verborgene Werte im Zielunternehmen aufdecken, wie etwa nicht ausgelastete Verm\u00f6genswerte, unerschlossene M\u00e4rkte oder innovative Technologien. Dies kann dem \u00fcbernehmenden Unternehmen helfen, Synergien und Wachstumschancen zu erkennen, die m\u00f6glicherweise nicht sofort ersichtlich sind.<\/li>\n\n\n\n<li><strong>Strategische Ausrichtung:<\/strong> Die Untersuchung der strategischen Ziele, der Unternehmenskultur und der Betriebsabl\u00e4ufe des Zielunternehmens kann dabei helfen, die Kompatibilit\u00e4t zwischen den beiden Unternehmen zu beurteilen. Dies ist von entscheidender Bedeutung f\u00fcr eine erfolgreiche Integration und das Erreichen langfristiger strategischer Ziele.<\/li>\n\n\n\n<li><strong>Einhaltung gesetzlicher Vorschriften:<\/strong> Bei der Due Diligence wird die Einhaltung relevanter Vorschriften und Branchenstandards \u00fcberpr\u00fcft. Dies ist wichtig, um rechtliche und regulatorische Probleme zu vermeiden, die nach der \u00dcbernahme auftreten k\u00f6nnten.<\/li>\n\n\n\n<li><a href=\"https:\/\/www.sisinternational.com\/de\/abdeckung\/marktforschung-asien\/marktforschung-in-taiwan\/\" title=\"Marktforschung in Taiwan\"  data-wpil-monitor-id=\"5644\">Market Positioning: Researching<\/a> the target company&#8217;s market position, competitive landscape, and industry trends can provide insights into how the acquisition will impact the acquirer&#8217;s market standing.<\/li>\n\n\n\n<li><strong>Technologie und geistiges Eigentum:<\/strong> Die Bewertung der Technologiewerte und des geistigen Eigentums des Zielunternehmens kann M\u00f6glichkeiten f\u00fcr Innovation und Differenzierung aufzeigen. Dies ist insbesondere in technologieorientierten Branchen wichtig, in denen geistiges Eigentum ein wichtiger Werttreiber sein kann.<\/li>\n<\/ul>\n\n\n\n<h2 class=\"wp-block-heading\">Herausforderungen<\/h2>\n\n\n\n<p>Die Due-Diligence-Pr\u00fcfung bei Fusionen und \u00dcbernahmen stellt Unternehmen vor mehrere Herausforderungen. Hier sind einige h\u00e4ufige Probleme:<\/p>\n\n\n\n<ul class=\"wp-block-list\">\n<li><strong>Informationsasymmetrie:<\/strong> Das Zielunternehmen h\u00e4lt m\u00f6glicherweise Informationen zur\u00fcck oder stellt unvollst\u00e4ndige Daten bereit, was zu einem falschen Verst\u00e4ndnis seines Werts, seiner Risiken und Chancen f\u00fchrt. Die Gew\u00e4hrleistung von Transparenz und Zugang zu relevanten Informationen ist eine gro\u00dfe Herausforderung.<\/li>\n\n\n\n<li><strong>Komplexit\u00e4t des Zielunternehmens:<\/strong> Gr\u00f6\u00dfere oder komplexere Zielunternehmen k\u00f6nnen bei der Due Diligence erhebliche Herausforderungen darstellen. Das Verst\u00e4ndnis komplexer Finanzstrukturen, unterschiedlicher Gesch\u00e4ftseinheiten und globaler Gesch\u00e4ftst\u00e4tigkeiten erfordert Fachwissen und Ressourcen.<\/li>\n\n\n\n<li><strong>Bewertungsdiskrepanzen:<\/strong> Die Sch\u00e4tzung des fairen Wertes des Zielunternehmens erfordert Annahmen und Beurteilungen, die zu Abweichungen zwischen dem wahrgenommenen und dem tats\u00e4chlichen Wert f\u00fchren k\u00f6nnen. Dies kann sich auf den Verhandlungsprozess und den Erfolg der \u00dcbernahme auswirken.<\/li>\n\n\n\n<li><strong>Cybersicherheitsrisiken:<\/strong> Im heutigen digitalen Zeitalter ist die Bewertung der Cybersicherheitslage des Zielunternehmens von entscheidender Bedeutung. Die Identifizierung von Schwachstellen und potenziellen Verbindlichkeiten im Zusammenhang mit Datenverletzungen oder Cyberbedrohungen wird zu einer wachsenden Herausforderung.<\/li>\n\n\n\n<li><strong>Umwelt- und Sozialthemen:<\/strong> Umwelthaftung und soziale Verantwortung k\u00f6nnen erhebliche finanzielle Auswirkungen und Auswirkungen auf den Ruf haben. Die Due Diligence muss diese Aspekte ber\u00fccksichtigen, um nachhaltige und verantwortungsvolle Gesch\u00e4ftspraktiken sicherzustellen.<\/li>\n<\/ul>\n\n\n\n<h2 class=\"wp-block-heading\">Wie die Due-Diligence-Studie von SIS International zu Fusionen und \u00dcbernahmen Unternehmen hilft<\/h2>\n\n\n\n<p>Die Due-Diligence-Recherche von SIS International zu Fusionen und \u00dcbernahmen verschafft Unternehmen einen entscheidenden Vorteil bei der Bew\u00e4ltigung von M&amp;A-Transaktionen. Durch die Nutzung umfassender Erfahrung, eines globalen Ressourcennetzwerks und eines multidisziplin\u00e4ren Ansatzes stattet SIS seine Kunden mit den umfassenden Erkenntnissen und der strategischen Beratung aus, die sie ben\u00f6tigen, um fundierte Entscheidungen zu treffen und erfolgreiche Ergebnisse zu erzielen. So profitieren Unternehmen, die M&amp;A-Aktivit\u00e4ten durchf\u00fchren, von der Expertise von SIS International in der Due-Diligence-Recherche.<\/p>\n\n\n\n<ul class=\"wp-block-list\">\n<li><strong>Detaillierte Finanzanalysen und Bewertungseinblicke:<\/strong> Die sorgf\u00e4ltige Finanzanalyse von SIS International deckt die wahre finanzielle Gesundheit des Zielunternehmens auf und offenbart zugrunde liegende Risiken und Chancen, die sich auf die Bewertung und die Gestaltung des Gesch\u00e4fts auswirken. Diese gr\u00fcndliche Finanzpr\u00fcfung stellt sicher, dass Unternehmen einen fairen Preis f\u00fcr ihre \u00dcbernahmen zahlen, und mindert das Risiko einer \u00dcberbewertung und einer daraus resultierenden finanziellen Unterperformance.<\/li>\n\n\n\n<li><strong>Identifizierung betrieblicher Effizienz und Synergien:<\/strong> Durch operative Due Diligence identifiziert SIS International Bereiche, in denen betriebliche Effizienz und Synergien realisiert werden k\u00f6nnen, und bietet einen klaren Plan f\u00fcr die Integration und Wertsch\u00f6pfung nach der Fusion. Diese Analyse hilft Unternehmen zu verstehen, wie sie ihre Betriebe am besten zusammenf\u00fchren, Prozesse optimieren und Kosteneinsparungen erzielen k\u00f6nnen, um so Rentabilit\u00e4t und Wachstum zu steigern.<\/li>\n\n\n\n<li><strong>Risikomanagement und -minimierung:<\/strong> Die Identifizierung potenzieller Risiken \u2013 seien sie finanzieller, rechtlicher, operativer oder strategischer Natur \u2013 ist ein Eckpfeiler der Due-Diligence-Dienstleistungen von SIS International. \u00dcber die blo\u00dfe Identifizierung hinaus bietet SIS umsetzbare Strategien zur Risikominderung, die es Unternehmen erm\u00f6glichen, potenzielle Probleme anzugehen, bevor sie problematisch werden, und so den Erfolg der Transaktion sicherzustellen.<\/li>\n\n\n\n<li><strong>Strategische Passung und Marktpositionierung:<\/strong> SIS International beurteilt die strategische \u00dcbereinstimmung zwischen dem \u00fcbernehmenden Unternehmen und dem Zielunternehmen und stellt sicher, dass eine \u00dcbereinstimmung mit den langfristigen strategischen Zielen besteht. Dar\u00fcber hinaus bieten die Marktforschungskapazit\u00e4ten des Unternehmens Einblicke in Markttrends, Wettbewerbspositionen und Wachstumschancen und unterst\u00fctzen so strategische Entscheidungen und Strategien zur Integration nach der Fusion.<\/li>\n<\/ul>\n\n\n\n<h2 class=\"wp-block-heading\">Unser Standort in New York<\/h2>\n\n\n\n<p>\n\n\n\n<iframe loading=\"lazy\" src=\"https:\/\/www.google.com\/maps\/embed?pb=!1m18!1m12!1m3!1d3022.976188376966!2d-73.99130312499956!3d40.740549471389315!2m3!1f0!2f0!3f0!3m2!1i1024!2i768!4f13.1!3m3!1m2!1s0x89c259a15798c731%3A0xd695d09bdd495f25!2s11%20E%2022nd%20St%20FL%202%2C%20New%20York%2C%20NY%2010010%2C%20USA!5e0!3m2!1sen!2spe!4v1726171763526!5m2!1sen!2spe\" width=\"600\" height=\"450\" allowfullscreen=\"allowfullscreen\" data-mce-fragment=\"1\"><\/iframe>\n\n\n\n<\/p>\n\n\n\n<h3 class=\"wp-block-heading\">11 E 22nd Street, Floor 2, New York, NY 10010 T: +1(212) 505-6805<\/h3>\n\n\n\n<hr class=\"wp-block-separator has-alpha-channel-opacity\"\/>\n\n\n\n<h2 class=\"wp-block-heading\"><span style=\"font-weight: 400;\">\u00dcber SIS International<\/span><\/h2>\n\n\n\n<p><a href=\"https:\/\/www.sisinternational.com\/de\/\"><span style=\"font-weight: 400;\">SIS International<\/span><\/a><span style=\"font-weight: 400;\"> bietet quantitative, qualitative und strategische Forschung an. Wir liefern Daten, Tools, Strategien, Berichte und Erkenntnisse zur Entscheidungsfindung. Wir f\u00fchren auch Interviews, Umfragen, Fokusgruppen und andere Methoden und Ans\u00e4tze der Marktforschung durch.<\/span><a href=\"https:\/\/www.sisinternational.com\/de\/uber-sis-international-research\/contact-sis-international-market-research\/\"><span style=\"font-weight: 400;\"> Kontakt<\/span><\/a><span style=\"font-weight: 400;\"> f\u00fcr Ihr n\u00e4chstes Marktforschungsprojekt.<\/span><\/p>\n\n\n\n<p><\/p>\n\n\n\n<p>&nbsp;<\/p>\n\n\n\n<p>&nbsp;<\/p>","protected":false},"excerpt":{"rendered":"<p>Ziel der Due-Diligence-Pr\u00fcfung bei Fusionen und \u00dcbernahmen ist die Identifizierung potenzieller Risiken und Verbindlichkeiten, die den Erfolg der Transaktion beeintr\u00e4chtigen k\u00f6nnten.<\/p>","protected":false},"author":1,"featured_media":62376,"parent":14457,"menu_order":33,"comment_status":"closed","ping_status":"closed","template":"","meta":{"footnotes":""},"class_list":["post-46997","page","type-page","status-publish","has-post-thumbnail"],"_links":{"self":[{"href":"https:\/\/www.sisinternational.com\/de\/wp-json\/wp\/v2\/pages\/46997","targetHints":{"allow":["GET"]}}],"collection":[{"href":"https:\/\/www.sisinternational.com\/de\/wp-json\/wp\/v2\/pages"}],"about":[{"href":"https:\/\/www.sisinternational.com\/de\/wp-json\/wp\/v2\/types\/page"}],"author":[{"embeddable":true,"href":"https:\/\/www.sisinternational.com\/de\/wp-json\/wp\/v2\/users\/1"}],"replies":[{"embeddable":true,"href":"https:\/\/www.sisinternational.com\/de\/wp-json\/wp\/v2\/comments?post=46997"}],"version-history":[{"count":18,"href":"https:\/\/www.sisinternational.com\/de\/wp-json\/wp\/v2\/pages\/46997\/revisions"}],"predecessor-version":[{"id":85103,"href":"https:\/\/www.sisinternational.com\/de\/wp-json\/wp\/v2\/pages\/46997\/revisions\/85103"}],"up":[{"embeddable":true,"href":"https:\/\/www.sisinternational.com\/de\/wp-json\/wp\/v2\/pages\/14457"}],"wp:featuredmedia":[{"embeddable":true,"href":"https:\/\/www.sisinternational.com\/de\/wp-json\/wp\/v2\/media\/62376"}],"wp:attachment":[{"href":"https:\/\/www.sisinternational.com\/de\/wp-json\/wp\/v2\/media?parent=46997"}],"curies":[{"name":"wp","href":"https:\/\/api.w.org\/{rel}","templated":true}]}}