{"id":46995,"date":"2024-03-20T00:26:29","date_gmt":"2024-03-20T04:26:29","guid":{"rendered":"https:\/\/www.sisinternational.com\/?page_id=46995"},"modified":"2026-01-26T18:57:32","modified_gmt":"2026-01-26T23:57:32","slug":"marktforschung-auf-online-autoplattformen","status":"publish","type":"page","link":"https:\/\/www.sisinternational.com\/de\/sachverstand\/marktforschung-auf-online-autoplattformen\/","title":{"rendered":"Online-Marktforschung f\u00fcr Autoplattformen"},"content":{"rendered":"<h1 class=\"wp-block-heading\">Online-Marktforschung f\u00fcr Autoplattformen<\/h1>\n\n\n\n<figure class=\"gb-block-image gb-block-image-b8c5adb6\"><img loading=\"lazy\" decoding=\"async\" width=\"1456\" height=\"816\" class=\"gb-image gb-image-b8c5adb6\" src=\"https:\/\/www.sisinternational.com\/wp-content\/uploads\/2025\/09\/Car-show-car-clinic-5.jpg\" alt=\"SIS International Marktforschung &amp; Strategie\" title=\"Car show car clinic (5)\" srcset=\"https:\/\/www.sisinternational.com\/wp-content\/uploads\/2025\/09\/Car-show-car-clinic-5.jpg 1456w, https:\/\/www.sisinternational.com\/wp-content\/uploads\/2025\/09\/Car-show-car-clinic-5-300x168.jpg 300w, https:\/\/www.sisinternational.com\/wp-content\/uploads\/2025\/09\/Car-show-car-clinic-5-1024x574.jpg 1024w, https:\/\/www.sisinternational.com\/wp-content\/uploads\/2025\/09\/Car-show-car-clinic-5-768x430.jpg 768w, https:\/\/www.sisinternational.com\/wp-content\/uploads\/2025\/09\/Car-show-car-clinic-5-18x10.jpg 18w\" sizes=\"auto, (max-width: 1456px) 100vw, 1456px\"><\/figure>\n\n\n\n<p><\/p>\n\n\n\n<hr class=\"wp-block-separator has-alpha-channel-opacity is-style-dots\"\/>\n\n\n\n<p>Die digitale Revolution hat die Marktreichweite der Automobilunternehmen erweitert und den Verbrauchern einen beispiellosen Zugang zu zahlreichen Optionen verschafft, die ihnen alle zur Verf\u00fcgung stehen. Doch was treibt diesen aufstrebenden Sektor an und wie nutzen Unternehmen Online-Autoplattformen, um der Konkurrenz einen Schritt voraus zu sein? Durch Marktforschung zu Online-Autoplattformen k\u00f6nnen Unternehmen die Erfolgsfaktoren und Kundenerwartungen verstehen, um Wachstum und Rentabilit\u00e4t voranzutreiben.<\/p>\n\n\n\n<h2 class=\"wp-block-heading\">What is Online car platform market research?<\/h2>\n\n\n\n<p>Durch die Online-Marktforschung zu Autoplattformen k\u00f6nnen Unternehmen die Dynamik dieses digitalen Marktplatzes besser verstehen und erhalten Einblicke in Verbraucherpr\u00e4ferenzen, Markttrends und Wettbewerbslandschaften.<\/p>\n\n\n\n<p>It enables businesses to tap into a wealth of data about consumer behavior, preferences, and purchasing patterns. Moreover, this <a class=\"wpil_keyword_link\" href=\"https:\/\/www.sisinternational.com\/de\/home-2\/\"   title=\"Home Mock up for Ruth\" data-wpil-keyword-link=\"linked\"  data-wpil-monitor-id=\"559\">Marktforschung<\/a> assists businesses in understanding the effectiveness of their digital marketing strategies to gauge the impact of advertising campaigns, promotional offers, and other marketing tactics.<\/p>\n\n\n\n<h2 class=\"wp-block-heading\">What are the benefits of Online car platform market research?<\/h2>\n\n\n\n<p>The benefits of conducting online <a href=\"https:\/\/www.sisinternational.com\/de\/marktforschung-fur-vernetzte-fahrzeuge\/\" title=\"Marktforschung f\u00fcr vernetzte Fahrzeuge\"  data-wpil-monitor-id=\"2046\">car platform market research<\/a> in this innovative sector are numerous, extending beyond simple consumer insights to drive strategic decision-making and competitive advantage.<\/p>\n\n\n\n<ul class=\"wp-block-list\">\n<li><a href=\"https:\/\/www.sisinternational.com\/de\/sachverstand\/branchen\/marktforschung-fur-online-lebensmittellieferungen\/\" title=\"Marktforschung f\u00fcr Online-Lebensmittellieferungen\"  data-wpil-monitor-id=\"5675\">Online car platform market research<\/a> provides invaluable data that helps businesses understand the market landscape, consumer preferences, and emerging trends. This insight is crucial for developing a platform that meets and exceeds consumer expectations, ensuring a seamless and engaging user experience.<\/li>\n\n\n\n<li>Sie bietet die M\u00f6glichkeit, Marktchancen zu erkennen und zu nutzen. In der schnelllebigen digitalen Welt k\u00f6nnen Trends schnell entstehen und sich weiterentwickeln. Diese Marktanalyse h\u00e4lt Unternehmen an der Spitze der Innovation und erm\u00f6glicht es ihnen, neue Trends vor ihren Konkurrenten zu erkennen und zu nutzen.<\/li>\n\n\n\n<li>In einem \u00fcberf\u00fcllten Markt ist es von gr\u00f6\u00dfter Bedeutung, sich abzuheben. Erkenntnisse aus der Marktforschung k\u00f6nnen zu einzigartigen Wertangeboten f\u00fchren, die die Plattform von ihren Mitbewerbern abheben.<\/li>\n\n\n\n<li><a href=\"https:\/\/www.sisinternational.com\/de\/sachverstand\/branchen\/marktforschung-fur-online-dating-apps\/\" title=\"Marktforschung f\u00fcr Online-Dating-Apps\"  data-wpil-monitor-id=\"5930\">Online car platform market research<\/a> facilitates continuous improvement. Regular <a href=\"https:\/\/www.sisinternational.com\/de\/losungen\/innovation\/agile-marktforschung\/\" title=\"Agile Marktforschung\"  data-wpil-monitor-id=\"6119\">market research enables businesses to stay agile<\/a>, adapting to new technologies, changing consumer behaviors, and market dynamics.<\/li>\n<\/ul>\n\n\n\n<h2 class=\"wp-block-heading\">Competitors in this market<\/h2>\n\n\n\n<figure class=\"gb-block-image gb-block-image-dfdb7dc0\"><img loading=\"lazy\" decoding=\"async\" width=\"1456\" height=\"816\" class=\"gb-image gb-image-dfdb7dc0\" src=\"https:\/\/www.sisinternational.com\/wp-content\/uploads\/2025\/09\/Car-show-car-clinic-8.jpg\" alt=\"SIS International Marktforschung &amp; Strategie\" title=\"Car show car clinic (8)\" srcset=\"https:\/\/www.sisinternational.com\/wp-content\/uploads\/2025\/09\/Car-show-car-clinic-8.jpg 1456w, https:\/\/www.sisinternational.com\/wp-content\/uploads\/2025\/09\/Car-show-car-clinic-8-300x168.jpg 300w, https:\/\/www.sisinternational.com\/wp-content\/uploads\/2025\/09\/Car-show-car-clinic-8-1024x574.jpg 1024w, https:\/\/www.sisinternational.com\/wp-content\/uploads\/2025\/09\/Car-show-car-clinic-8-768x430.jpg 768w, https:\/\/www.sisinternational.com\/wp-content\/uploads\/2025\/09\/Car-show-car-clinic-8-18x10.jpg 18w\" sizes=\"auto, (max-width: 1456px) 100vw, 1456px\"><\/figure>\n\n\n\n<p><\/p>\n\n\n\n<p>Der Markt f\u00fcr Online-Autoplattformen ist ein dynamisches und wettbewerbsintensives Umfeld mit einer Mischung aus etablierten Giganten und innovativen Newcomern. Wenn Sie wissen, wer die Hauptakteure sind, erhalten Sie Einblicke in die Wettbewerbsdynamik und Innovationstrends der Branche.<\/p>\n\n\n\n<ul class=\"wp-block-list\">\n<li>AutoTrader ist eine altgediente Online-Plattform f\u00fcr den Autokauf und -verkauf, die sich seit Jahren an die Bed\u00fcrfnisse der Verbraucher und den technologischen Fortschritt anpasst und weiterentwickelt. Die umfassenden Fahrzeuglisten, detaillierten Fahrzeugbewertungen und die benutzerfreundliche Oberfl\u00e4che machen sie zu einer Anlaufstelle f\u00fcr K\u00e4ufer und Verk\u00e4ufer gleicherma\u00dfen.<\/li>\n\n\n\n<li>CarGurus verfolgt einen datengesteuerten Ansatz f\u00fcr den Online-Automarkt und bietet detaillierte Analyse- und Preistools, mit denen Benutzer die besten Angebote finden k\u00f6nnen. Der Schwerpunkt auf Transparenz und Wert f\u00fcr K\u00e4ufer und Verk\u00e4ufer hebt das Unternehmen aus der \u00fcberf\u00fcllten Online-Automobilbranche hervor.<\/li>\n\n\n\n<li>Cars.com is another significant player, known for its extensive listings and powerful search tools that cater to a wide range of consumer preferences. Its investment in mobile technology and digital marketing tools has solidified its presence among tech-savvy <a href=\"https:\/\/www.sisinternational.com\/de\/sachverstand\/branchen\/marktforschung-zur-kauferabsicht\/\" title=\"Marktforschung zur K\u00e4uferabsicht\"  data-wpil-monitor-id=\"7178\">car<\/a> buyers and sellers.<\/li>\n\n\n\n<li>Bring a Trailer hat sich eine Nische geschaffen, indem es sich an Enthusiasten und Sammler richtet und eine kuratierte Auswahl an seltenen, klassischen und hochwertigen Fahrzeugen anbietet, begleitet von einer leidenschaftlichen Benutzercommunity.<\/li>\n\n\n\n<li>Carvana hat den traditionellen Autokaufprozess revolutioniert, indem es ein komplett online verf\u00fcgbares Kauferlebnis mit Lieferung nach Hause anbietet. Der innovative Einsatz von Abholstationen im Automatenstil und das Kundenerlebnis machen das Unternehmen zu einer beliebten Wahl bei j\u00fcngeren, digital gepr\u00e4gten Verbrauchern.<\/li>\n<\/ul>\n\n\n\n<h2 class=\"wp-block-heading\">What Makes SIS International a Top Online Car Platform Market Research Provider?<\/h2>\n\n\n\n<p>In the fast-paced and competitive world of online car platforms, SIS International offers comprehensive online car <a href=\"https:\/\/www.sisinternational.com\/de\/sachverstand\/branchen\/automobilmarktforschung\/statische-vs-dynamische-autokliniken\/\" title=\"Market Research Methods for Automotive Research &#8211; Static vs Dynamic Car Clinics\"  data-wpil-monitor-id=\"1543\">platform market research<\/a> services that empower businesses to navigate the complexities of the digital automotive marketplace confidently. By leveraging deep industry expertise and cutting-edge analytical tools, SIS provides actionable insights that help businesses make informed strategic decisions, optimize their offerings, and achieve sustainable growth.<\/p>\n\n\n\n<ul class=\"wp-block-list\">\n<li><strong>Strategische Entscheidungsfindung:<\/strong> Die Marktforschung von SIS International vermittelt Unternehmen ein tiefes Verst\u00e4ndnis des Marktes f\u00fcr Online-Autoplattformen, einschlie\u00dflich Verbraucherverhalten, Vorlieben und aufkommender Trends. Diese unsch\u00e4tzbaren Erkenntnisse unterst\u00fctzen die strategische Entscheidungsfindung und erm\u00f6glichen es Unternehmen, ihre Produktentwicklung, Marketingstrategien und Gesch\u00e4ftsmodelle an die Marktanforderungen und -chancen anzupassen.<\/li>\n\n\n\n<li><strong>Wettbewerbsanalyse:<\/strong> SIS bietet detaillierte Analysen der Wettbewerber, einschlie\u00dflich ihrer St\u00e4rken, Schw\u00e4chen, Marktpositionierung und Strategien. Unternehmen k\u00f6nnen damit einzigartige Wertangebote identifizieren, sich von der Konkurrenz abheben und Marktanteile gewinnen.<\/li>\n\n\n\n<li><strong>Innovation und Produktentwicklung:<\/strong> Die Marktforschung von SIS f\u00fcr Online-Autoplattformen erkennt diese Trends fr\u00fchzeitig und bietet Unternehmen eine Grundlage f\u00fcr Innovation und Produktentwicklung. Dieser zukunftsorientierte Ansatz stellt sicher, dass Unternehmen immer einen Schritt voraus sind und innovative Funktionen und Dienste anbieten, die den zuk\u00fcnftigen Bed\u00fcrfnissen der Verbraucher gerecht werden.<\/li>\n\n\n\n<li><strong>Marketing und Markenpositionierung:<\/strong> Effektives Marketing und eine effektive Markenpositionierung sind der Schl\u00fcssel zur Gewinnung und Bindung von Nutzern auf Online-Autoplattformen. Die Berater von SIS gewinnen Erkenntnisse \u00fcber die effektivsten Marketingkan\u00e4le, -botschaften und -strategien und helfen Unternehmen dabei, gezielte Kampagnen zu entwickeln, die bei ihrem Publikum Anklang finden und eine starke, erkennbare Marke aufzubauen.<\/li>\n<\/ul>\n\n\n\n<h2 class=\"wp-block-heading\">Unser Standort in New York<\/h2>\n\n\n\n<p>\n\n\n\n<iframe loading=\"lazy\" src=\"https:\/\/www.google.com\/maps\/embed?pb=!1m18!1m12!1m3!1d3022.976188376966!2d-73.99130312499956!3d40.740549471389315!2m3!1f0!2f0!3f0!3m2!1i1024!2i768!4f13.1!3m3!1m2!1s0x89c259a15798c731%3A0xd695d09bdd495f25!2s11%20E%2022nd%20St%20FL%202%2C%20New%20York%2C%20NY%2010010%2C%20USA!5e0!3m2!1sen!2spe!4v1726171763526!5m2!1sen!2spe\" width=\"600\" height=\"450\" allowfullscreen=\"allowfullscreen\" data-mce-fragment=\"1\"><\/iframe>\n\n\n\n<\/p>\n\n\n\n<h3 class=\"wp-block-heading\">11 E 22nd Street, Floor 2, New York, NY 10010 T: +1(212) 505-6805<\/h3>\n\n\n\n<hr class=\"wp-block-separator has-alpha-channel-opacity\"\/>\n\n\n\n<h2 class=\"wp-block-heading\"><span style=\"font-weight: 400;\">\u00dcber SIS International<\/span><\/h2>\n\n\n\n<p><a href=\"https:\/\/www.sisinternational.com\/de\/\"><span style=\"font-weight: 400;\">SIS International<\/span><\/a><span style=\"font-weight: 400;\"> bietet quantitative, qualitative und strategische Forschung an. Wir liefern Daten, Tools, Strategien, Berichte und Erkenntnisse zur Entscheidungsfindung. Wir f\u00fchren auch Interviews, Umfragen, Fokusgruppen und andere Methoden und Ans\u00e4tze der Marktforschung durch.<\/span><a href=\"https:\/\/www.sisinternational.com\/de\/uber-sis-international-research\/contact-sis-international-market-research\/\"><span style=\"font-weight: 400;\"> Kontakt<\/span><\/a><span style=\"font-weight: 400;\"> f\u00fcr Ihr n\u00e4chstes Marktforschungsprojekt.<\/span><\/p>\n\n\n\n<p><\/p>","protected":false},"excerpt":{"rendered":"<p>Die Marktforschung f\u00fcr Online-Autoplattformen hilft Automobilunternehmen dabei, den digitalen Marktplatz zu verstehen, indem sie Verbrauchereinblicke und Trends liefert.<\/p>","protected":false},"author":1,"featured_media":66809,"parent":14514,"menu_order":430,"comment_status":"closed","ping_status":"closed","template":"","meta":{"footnotes":""},"class_list":["post-46995","page","type-page","status-publish","has-post-thumbnail"],"_links":{"self":[{"href":"https:\/\/www.sisinternational.com\/de\/wp-json\/wp\/v2\/pages\/46995","targetHints":{"allow":["GET"]}}],"collection":[{"href":"https:\/\/www.sisinternational.com\/de\/wp-json\/wp\/v2\/pages"}],"about":[{"href":"https:\/\/www.sisinternational.com\/de\/wp-json\/wp\/v2\/types\/page"}],"author":[{"embeddable":true,"href":"https:\/\/www.sisinternational.com\/de\/wp-json\/wp\/v2\/users\/1"}],"replies":[{"embeddable":true,"href":"https:\/\/www.sisinternational.com\/de\/wp-json\/wp\/v2\/comments?post=46995"}],"version-history":[{"count":15,"href":"https:\/\/www.sisinternational.com\/de\/wp-json\/wp\/v2\/pages\/46995\/revisions"}],"predecessor-version":[{"id":80740,"href":"https:\/\/www.sisinternational.com\/de\/wp-json\/wp\/v2\/pages\/46995\/revisions\/80740"}],"up":[{"embeddable":true,"href":"https:\/\/www.sisinternational.com\/de\/wp-json\/wp\/v2\/pages\/14514"}],"wp:featuredmedia":[{"embeddable":true,"href":"https:\/\/www.sisinternational.com\/de\/wp-json\/wp\/v2\/media\/66809"}],"wp:attachment":[{"href":"https:\/\/www.sisinternational.com\/de\/wp-json\/wp\/v2\/media?parent=46995"}],"curies":[{"name":"wp","href":"https:\/\/api.w.org\/{rel}","templated":true}]}}