{"id":46984,"date":"2024-03-19T23:46:56","date_gmt":"2024-03-20T03:46:56","guid":{"rendered":"https:\/\/www.sisinternational.com\/?page_id=46984"},"modified":"2026-01-27T16:44:16","modified_gmt":"2026-01-27T21:44:16","slug":"marktforschungsberatung-fur-den-antriebsstrang","status":"publish","type":"page","link":"https:\/\/www.sisinternational.com\/de\/sachverstand\/marktforschungsberatung-fur-den-antriebsstrang\/","title":{"rendered":"Marktforschung und Beratung zum Antriebsstrang"},"content":{"rendered":"<h1 class=\"wp-block-heading\">Marktforschung und Beratung zum Antriebsstrang<\/h1>\n\n\n\n<figure class=\"gb-block-image gb-block-image-1ab4b53e\"><img loading=\"lazy\" decoding=\"async\" width=\"1456\" height=\"816\" class=\"gb-image gb-image-1ab4b53e\" src=\"https:\/\/www.sisinternational.com\/wp-content\/uploads\/2025\/08\/Power-train-5.jpg\" alt=\"SIS International Marktforschung &amp; Strategie\" title=\"Power train (5)\" srcset=\"https:\/\/www.sisinternational.com\/wp-content\/uploads\/2025\/08\/Power-train-5.jpg 1456w, https:\/\/www.sisinternational.com\/wp-content\/uploads\/2025\/08\/Power-train-5-300x168.jpg 300w, https:\/\/www.sisinternational.com\/wp-content\/uploads\/2025\/08\/Power-train-5-1024x574.jpg 1024w, https:\/\/www.sisinternational.com\/wp-content\/uploads\/2025\/08\/Power-train-5-768x430.jpg 768w, https:\/\/www.sisinternational.com\/wp-content\/uploads\/2025\/08\/Power-train-5-18x10.jpg 18w\" sizes=\"auto, (max-width: 1456px) 100vw, 1456px\"><\/figure>\n\n\n\n<hr class=\"wp-block-separator has-alpha-channel-opacity is-style-dots\"\/>\n\n\n\n<p>In einer sich wandelnden Automobillandschaft, in der Umweltvorschriften und Verbraucherpr\u00e4ferenzen zu einem deutlichen Wandel hin zur Elektrifizierung f\u00fchren, sind Marktforschung und Beratung im Bereich Antriebsstr\u00e4nge zu unverzichtbaren Werkzeugen geworden.<\/p>\n\n\n\n<h2 class=\"wp-block-heading\">What Is Powertrain market research? <\/h2>\n\n\n\n<p>Marktforschung und Beratung im Bereich Antriebsstr\u00e4nge bieten Erkenntnisse, die zu Verbesserungen bei Fahrzeugleistung, Kraftstoffeffizienz und Emissionsreduzierung f\u00fchren. Dieser spezialisierte Forschungsbereich beleuchtet aktuelle Markttrends und technologische Fortschritte und prognostiziert zuk\u00fcnftige Entwicklungen, sodass Unternehmen in einem hart umk\u00e4mpften Sektor die Nase vorn behalten.<\/p>\n\n\n\n<h2 class=\"wp-block-heading\">Warum ist es wichtig? <\/h2>\n\n\n\n<p>Powertrain <a class=\"wpil_keyword_link\" href=\"https:\/\/www.sisinternational.com\/de\/veroffentlichungen\/\"   title=\"Ver\u00f6ffentlichungen\" data-wpil-keyword-link=\"linked\"  data-wpil-monitor-id=\"565\">Marktforschung<\/a> and consulting comprehensively analyze the components that drive the automotive industry forward. This includes engines, transmissions, electric motors, batteries, and the software that controls these elements.<\/p>\n\n\n\n<p>Furthermore, this market research and consulting facilitate a deeper understanding of the competitive dynamics within the <a href=\"https:\/\/www.sisinternational.com\/de\/globaler-markt-fur-automobilsensoren\/\" title=\"Marktforschung f\u00fcr Automobilsensoren\"  data-wpil-monitor-id=\"7532\">Automobilindustrie<\/a> industry. Through analysis of market leaders, emerging players, and technological innovations, businesses can benchmark their offerings and identify opportunities for differentiation and growth.<\/p>\n\n\n\n<p>Additionally, powertrain market research and consulting help businesses develop powertrain solutions that meet consumer demands. Insights into consumer trends enable companies to prioritize research and development efforts, ensuring their products resonate with market expectations and drive sales. It also allows businesses to keep pace with these technological changes, identifying opportunities for innovation and differentiation. <\/p>\n\n\n\n<h2 class=\"wp-block-heading\">Its Benefits<\/h2>\n\n\n\n<p>Die Marktforschung und Beratung im Bereich Antriebsstr\u00e4nge verschafft Unternehmen im Automobilsektor einen Wettbewerbsvorteil und erm\u00f6glicht es ihnen, sich in der sich schnell ver\u00e4ndernden Landschaft souver\u00e4n zurechtzufinden. Die Erkenntnisse aus dieser spezialisierten Forschung bilden eine solide Grundlage f\u00fcr strategische Entscheidungen, treiben Innovationen voran und f\u00f6rdern nachhaltiges Wachstum.<\/p>\n\n\n\n<ul class=\"wp-block-list\">\n<li><strong>Verbesserte strategische Entscheidungsfindung:<\/strong> Marktforschung und Beratung im Bereich Antriebsstr\u00e4nge bieten Entscheidungstr\u00e4gern datengest\u00fctzte Einblicke in die aktuellen und zuk\u00fcnftigen Trends der Automobilindustrie. Dieses umfassende Verst\u00e4ndnis erleichtert die Entwicklung fundierter Strategien, die sich an den sich entwickelnden Marktanforderungen, technologischen Fortschritten und regulatorischen Rahmenbedingungen orientieren.<\/li>\n\n\n\n<li><strong>Innovation und Produktentwicklung:<\/strong> Diese Marktforschung identifiziert neue Technologien und Verbraucherpr\u00e4ferenzen und dient der Entwicklung neuer und verbesserter Antriebsl\u00f6sungen, die die Markterwartungen erf\u00fcllen oder \u00fcbertreffen.<\/li>\n\n\n\n<li><strong>Marktpositionierung und Wettbewerbsvorteile:<\/strong> Marktforschung und -beratung bieten detaillierte Analysen der Wettbewerber, einschlie\u00dflich ihrer St\u00e4rken, Schw\u00e4chen und strategischen Schritte. Diese Informationen erm\u00f6glichen es Unternehmen, Alleinstellungsmerkmale zu identifizieren und Positionierungsstrategien zu entwickeln, die ihre Vorteile hervorheben und ihre Wettbewerbsposition auf dem Markt verbessern.<\/li>\n\n\n\n<li><strong>Identifizierung von Partnerschafts- und Kooperationsm\u00f6glichkeiten:<\/strong> Da die Automobilindustrie auf Elektrifizierung und intelligente Mobilit\u00e4tsl\u00f6sungen setzt, wird die Zusammenarbeit immer wichtiger. Marktforschung und Beratung zum Antriebsstrang k\u00f6nnen potenzielle Partnerschaftsm\u00f6glichkeiten mit Technologieanbietern, Zulieferern und Forschungseinrichtungen aufdecken.<\/li>\n<\/ul>\n\n\n\n<h2 class=\"wp-block-heading\">When to Conduct Powertrain Market Research <\/h2>\n\n\n\n<p>F\u00fcr Unternehmen in der Automobilindustrie ist es entscheidend, den optimalen Zeitpunkt f\u00fcr die Durchf\u00fchrung von Marktforschung und Beratung zum Antriebsstrang zu kennen, um deren volle Vorteile nutzen zu k\u00f6nnen. Dieser strategische Zeitpunkt kann Produktentwicklungszyklen, Markteintrittsstrategien und die Wettbewerbsposition erheblich beeinflussen.<\/p>\n\n\n\n<ul class=\"wp-block-list\">\n<li><strong>Vor der Entwicklung neuer Produkte:<\/strong> Before developing a new powertrain system or component, conducting market research is essential. This early-stage <a href=\"https:\/\/www.sisinternational.com\/de\/analyse-der-textilindustrie\/\" title=\"Textilmarktforschung\"  data-wpil-monitor-id=\"2071\">research helps identify current market<\/a> needs, emerging trends, and potential technological advancements.<\/li>\n\n\n\n<li><strong>Als Reaktion auf technologische Ver\u00e4nderungen:<\/strong> Der Automobilantriebssektor unterliegt raschen technologischen Ver\u00e4nderungen, wie beispielsweise der Umstellung auf Elektrifizierung und Hybridisierung. Unternehmen sollten bei bedeutenden technologischen Ver\u00e4nderungen Marktforschung betreiben, um die Auswirkungen auf ihre Produktlinien zu bewerten und Innovationsm\u00f6glichkeiten zu identifizieren.<\/li>\n\n\n\n<li><strong>Folgende regulatorischen \u00c4nderungen:<\/strong> Gesetzliche \u00c4nderungen, insbesondere im Zusammenhang mit Emissions- und Kraftstoffeffizienzstandards, wirken sich erheblich auf Antriebstechnologien aus. Unternehmen m\u00fcssen nach solchen \u00c4nderungen Marktforschung und Beratung betreiben, um ihre Auswirkungen zu verstehen und ihre Produktstrategien entsprechend anzupassen.<\/li>\n<\/ul>\n\n\n\n<h2 class=\"wp-block-heading\">The SIS Advantage<\/h2>\n\n\n\n<p>Wenn Unternehmen SIS International mit Marktforschung und Beratung zu Antriebsstr\u00e4ngen beauftragen, k\u00f6nnen sie mit einer Reihe strategischer Ergebnisse rechnen, die ihre Position in der Automobilindustrie st\u00e4rken. Diese Ergebnisse sind darauf ausgerichtet, nicht nur unmittelbare Marktherausforderungen anzugehen, sondern auch langfristige Chancen zu nutzen. Das k\u00f6nnen Unternehmen erwarten:<\/p>\n\n\n\n<figure class=\"gb-block-image gb-block-image-c66fc5a8\"><img loading=\"lazy\" decoding=\"async\" width=\"1456\" height=\"816\" class=\"gb-image gb-image-c66fc5a8\" src=\"https:\/\/www.sisinternational.com\/wp-content\/uploads\/2025\/08\/Power-train-2.jpg\" alt=\"SIS International Marktforschung &amp; Strategie\" title=\"Power train (2)\" srcset=\"https:\/\/www.sisinternational.com\/wp-content\/uploads\/2025\/08\/Power-train-2.jpg 1456w, https:\/\/www.sisinternational.com\/wp-content\/uploads\/2025\/08\/Power-train-2-300x168.jpg 300w, https:\/\/www.sisinternational.com\/wp-content\/uploads\/2025\/08\/Power-train-2-1024x574.jpg 1024w, https:\/\/www.sisinternational.com\/wp-content\/uploads\/2025\/08\/Power-train-2-768x430.jpg 768w, https:\/\/www.sisinternational.com\/wp-content\/uploads\/2025\/08\/Power-train-2-18x10.jpg 18w\" sizes=\"auto, (max-width: 1456px) 100vw, 1456px\"><\/figure>\n\n\n\n<p><\/p>\n\n\n\n<ul class=\"wp-block-list\">\n<li><strong>Comprehensive <\/strong><a href=\"https:\/\/www.sisinternational.com\/de\/krankentransport\/\" title=\"Marktforschung f\u00fcr Krankentransporte\"  data-wpil-monitor-id=\"2088\">Market Insights: SIS\u2019s research<\/a> provides an extensive analysis of the powertrain market, covering trends, consumer preferences, technological advancements, and regulatory landscapes. This depth of insight ensures businesses have a holistic understanding of the environment in which they operate, allowing for more nuanced and informed strategic planning.<\/li>\n\n\n\n<li><strong>Innovationspfade:<\/strong> Durch sorgf\u00e4ltige Forschung und Beratung identifiziert SIS neue Technologien und Innovationen im Antriebssektor, die Unternehmen nutzen k\u00f6nnen. Diese Erkenntnisse k\u00f6nnen zur Entwicklung bahnbrechender Produkte und Dienstleistungen f\u00fchren, die den sich entwickelnden Marktanforderungen gerecht werden und Unternehmen von ihren Mitbewerbern abheben.<\/li>\n\n\n\n<li><strong>Wettbewerbsstrategien:<\/strong> Mithilfe der detaillierten Wettbewerbsanalyse von SIS k\u00f6nnen Unternehmen ihre Position im Vergleich zu ihren wichtigsten Konkurrenten verstehen und erhalten Einblicke in die Strategien, St\u00e4rken und Schw\u00e4chen der Wettbewerber. Dieses Wissen ist von entscheidender Bedeutung f\u00fcr die Entwicklung differenzierter Strategien, die einzigartige Gesch\u00e4ftsst\u00e4rken und Marktchancen nutzen.<\/li>\n\n\n\n<li><strong>Einhaltung gesetzlicher Vorschriften:<\/strong> SIS f\u00fchrt durch die komplexen regulatorischen Anforderungen f\u00fcr Antriebstechnologien und hilft Unternehmen, regulatorische \u00c4nderungen vorherzusehen und sich darauf einzustellen. Dieser proaktive Ansatz gew\u00e4hrleistet die Einhaltung von Vorschriften und verringert das Risiko kostspieliger Strafen oder Reputationssch\u00e4den.<\/li>\n\n\n\n<li><strong>Aufgedeckte Partnerschafts- und Investitionsm\u00f6glichkeiten:<\/strong> Schlie\u00dflich kann die Marktforschung von SIS potenzielle Partnerschafts- und Investitionsm\u00f6glichkeiten aufzeigen, die Wachstum und Innovation beschleunigen k\u00f6nnen. Unternehmen k\u00f6nnen Kooperationen anstreben, die ihr Angebot und ihre Marktpr\u00e4senz verbessern, indem sie Unternehmen mit erg\u00e4nzenden Technologien oder F\u00e4higkeiten identifizieren.<\/li>\n<\/ul>\n\n\n\n<h2 class=\"wp-block-heading\">Branchen<\/h2>\n\n\n\n<p>Der Antriebsstrangsektor ist f\u00fcr viele Branchen von zentraler Bedeutung. Seine Fortschritte und Innovationen pr\u00e4gen die Zukunft von Mobilit\u00e4t und Transport. Hier sind einige Branchen, die sich hinsichtlich Entwicklung, Wettbewerbsf\u00e4higkeit und Nachhaltigkeit auf Marktforschung und Beratung zum Antriebsstrang verlassen.<\/p>\n\n\n\n<ul class=\"wp-block-list\">\n<li><strong>Automobilbau:<\/strong> Automobilhersteller nutzen Forschungs- und Beratungsdienste, um Motoren, Getriebe und elektrische Antriebseinheiten zu entwickeln und zu verbessern. Unternehmen wie Toyota, Volkswagen und Tesla suchen st\u00e4ndig nach M\u00f6glichkeiten, den Kraftstoffverbrauch zu senken, die Emissionen zu reduzieren und die Leistung zu verbessern. Dabei verlassen sie sich bei ihren Produktentwicklungsstrategien auf Markteinblicke.<\/li>\n\n\n\n<li><strong>Nutzfahrzeuge und Schwermaschinen:<\/strong> Auch Hersteller von Nutzfahrzeugen und Schwermaschinen, darunter Unternehmen wie Volvo, Caterpillar und John Deere, sind auf Fortschritte in der Antriebstechnologie angewiesen. Dieser Sektor konzentriert sich auf die Maximierung von Effizienz, Haltbarkeit und Zuverl\u00e4ssigkeit, um den hohen Anforderungen von Bau, Landwirtschaft und Transportdienstleistungen gerecht zu werden.<\/li>\n\n\n\n<li><strong>Hersteller von Elektrofahrzeugen (EV) und Hybriden:<\/strong> The rapid growth of the EV and hybrid <a href=\"https:\/\/www.sisinternational.com\/de\/sachverstand\/marktforschung-fur-massenchemikalien\/\" title=\"Marktforschung f\u00fcr Massenchemikalien\"  data-wpil-monitor-id=\"2123\">markets has underscored the importance of powertrain<\/a> research in developing efficient battery systems, electric motors, and integrated control software.<\/li>\n\n\n\n<li><strong>Luft-und Raumfahrtindustrie:<\/strong> Obwohl es nicht sofort ersichtlich ist, erforscht die Luft- und Raumfahrtindustrie, darunter Unternehmen wie Boeing und Airbus, zunehmend elektrische Antriebssysteme f\u00fcr Flugzeuge. Die Antriebsforschung in diesem Sektor konzentriert sich auf die Entwicklung leichter, hocheffizienter Motoren und Leistungselektronik, die den besonderen Anforderungen der Luftfahrt gerecht werden k\u00f6nnen.<\/li>\n\n\n\n<li><strong>Marine-Bereich:<\/strong> Schiffsbauer und Hersteller von Schiffsantriebssystemen betreiben ebenfalls Marktforschung im Bereich Antriebssysteme und suchen nach M\u00f6glichkeiten, die Umweltauswirkungen des Seeverkehrs zu reduzieren. Unternehmen wie Rolls-Royce Marine und W\u00e4rtsil\u00e4 erforschen Elektrifizierung, Hybridsysteme und alternative Kraftstoffe, um kommerzielle und Freizeitschiffe nachhaltiger anzutreiben.<\/li>\n<\/ul>\n\n\n\n<h2 class=\"wp-block-heading\">Why SIS?<\/h2>\n\n\n\n<p>SIS bietet umfassende Einblicke und Analysen, die Unternehmen auf folgende Weise helfen k\u00f6nnen:<\/p>\n\n\n\n<ul class=\"wp-block-list\">\n<li><strong>Marktverst\u00e4ndnis:<\/strong> Die Berater von SIS International helfen Unternehmen, den aktuellen Stand des Antriebsmarktes zu verstehen, einschlie\u00dflich Trends, Nachfragetreibern und Kundenpr\u00e4ferenzen. Diese Informationen sind entscheidend f\u00fcr fundierte Entscheidungen \u00fcber Produktentwicklung und Marketingstrategien.<\/li>\n\n\n\n<li><strong>Wettbewerbsanalyse:<\/strong> Das Unternehmen gew\u00e4hrt Einblicke in die Wettbewerbslandschaft und hilft Unternehmen dabei, ihre wichtigsten Wettbewerber zu identifizieren, deren Strategien zu verstehen und M\u00f6glichkeiten zur Differenzierung ihrer Angebote zu finden.<\/li>\n\n\n\n<li><strong>Technologietrends:<\/strong> Da die Automobilindustrie insbesondere im Bereich Elektrifizierung und Hybridtechnologien erhebliche Ver\u00e4nderungen durchl\u00e4uft, unterst\u00fctzt SIS Unternehmen dabei, an der Spitze zu bleiben, indem es neue Technologien und Markttrends identifiziert.<\/li>\n\n\n\n<li><strong>Regulatorische Einblicke:<\/strong> Wir erstellen Analysen zu regulatorischen Trends und deren Auswirkungen auf den Antriebsstrangmarkt und unterst\u00fctzen Unternehmen dabei, sich im komplexen regulatorischen Umfeld zurechtzufinden und ihre Compliance-Vorgaben zu planen.<\/li>\n\n\n\n<li><strong>Produktentwicklung:<\/strong> Die Erkenntnisse unserer Experten k\u00f6nnen in Entscheidungen zur Produktentwicklung einflie\u00dfen und Unternehmen dabei helfen, Antriebsstrangl\u00f6sungen zu entwickeln, die den Marktanforderungen und Kundenerwartungen entsprechen.<\/li>\n\n\n\n<li><strong>Markteintritt und Expansion:<\/strong> For businesses looking to enter new markets or expand their presence, SIS International&#8217;s <a href=\"https:\/\/www.sisinternational.com\/de\/losungen\/b2b2c-marktforschung\/\" title=\"B2B2C-Marktforschung\"  data-wpil-monitor-id=\"2137\">research can provide valuable insights into market<\/a> potential, entry barriers, and local competition.<\/li>\n\n\n\n<li><strong>Optimierung der Lieferkette:<\/strong> Wir k\u00f6nnen Unternehmen bei der Optimierung ihrer Lieferkette unterst\u00fctzen, indem wir wichtige Lieferanten identifizieren, Kostenstrukturen analysieren und Risiken bewerten.<\/li>\n<\/ul>\n\n\n\n<p><\/p>","protected":false},"excerpt":{"rendered":"<p>Die Marktforschung und Beratung zum Antriebsstrang analysiert umfassend die Komponenten, die die Automobilindustrie vorantreiben.<\/p>","protected":false},"author":1,"featured_media":64834,"parent":14514,"menu_order":429,"comment_status":"closed","ping_status":"closed","template":"","meta":{"footnotes":""},"class_list":["post-46984","page","type-page","status-publish","has-post-thumbnail"],"_links":{"self":[{"href":"https:\/\/www.sisinternational.com\/de\/wp-json\/wp\/v2\/pages\/46984","targetHints":{"allow":["GET"]}}],"collection":[{"href":"https:\/\/www.sisinternational.com\/de\/wp-json\/wp\/v2\/pages"}],"about":[{"href":"https:\/\/www.sisinternational.com\/de\/wp-json\/wp\/v2\/types\/page"}],"author":[{"embeddable":true,"href":"https:\/\/www.sisinternational.com\/de\/wp-json\/wp\/v2\/users\/1"}],"replies":[{"embeddable":true,"href":"https:\/\/www.sisinternational.com\/de\/wp-json\/wp\/v2\/comments?post=46984"}],"version-history":[{"count":13,"href":"https:\/\/www.sisinternational.com\/de\/wp-json\/wp\/v2\/pages\/46984\/revisions"}],"predecessor-version":[{"id":81158,"href":"https:\/\/www.sisinternational.com\/de\/wp-json\/wp\/v2\/pages\/46984\/revisions\/81158"}],"up":[{"embeddable":true,"href":"https:\/\/www.sisinternational.com\/de\/wp-json\/wp\/v2\/pages\/14514"}],"wp:featuredmedia":[{"embeddable":true,"href":"https:\/\/www.sisinternational.com\/de\/wp-json\/wp\/v2\/media\/64834"}],"wp:attachment":[{"href":"https:\/\/www.sisinternational.com\/de\/wp-json\/wp\/v2\/media?parent=46984"}],"curies":[{"name":"wp","href":"https:\/\/api.w.org\/{rel}","templated":true}]}}