{"id":46981,"date":"2024-03-19T23:45:21","date_gmt":"2024-03-20T03:45:21","guid":{"rendered":"https:\/\/www.sisinternational.com\/?page_id=46981"},"modified":"2026-03-12T12:48:53","modified_gmt":"2026-03-12T16:48:53","slug":"marktforschung-fur-die-notfallversorgung","status":"publish","type":"page","link":"https:\/\/www.sisinternational.com\/de\/losungen\/marktforschung-im-gesundheitswesen-2\/marktforschung-fur-die-notfallversorgung\/","title":{"rendered":"Marktforschung f\u00fcr die Notfallversorgung"},"content":{"rendered":"<h1 class=\"wp-block-heading\">Marktforschung f\u00fcr die Notfallversorgung<\/h1>\n\n\n\n<figure class=\"gb-block-image gb-block-image-6f28a32a\"><img loading=\"lazy\" decoding=\"async\" width=\"1456\" height=\"816\" class=\"gb-image gb-image-6f28a32a\" src=\"https:\/\/www.sisinternational.com\/wp-content\/uploads\/2025\/08\/Hospitan-urgent-care-4.jpg\" alt=\"SIS International Marktforschung &amp; Strategie\" title=\"Hospita\u00f1 urgent care (4)\" srcset=\"https:\/\/www.sisinternational.com\/wp-content\/uploads\/2025\/08\/Hospitan-urgent-care-4.jpg 1456w, https:\/\/www.sisinternational.com\/wp-content\/uploads\/2025\/08\/Hospitan-urgent-care-4-300x168.jpg 300w, https:\/\/www.sisinternational.com\/wp-content\/uploads\/2025\/08\/Hospitan-urgent-care-4-1024x574.jpg 1024w, https:\/\/www.sisinternational.com\/wp-content\/uploads\/2025\/08\/Hospitan-urgent-care-4-768x430.jpg 768w, https:\/\/www.sisinternational.com\/wp-content\/uploads\/2025\/08\/Hospitan-urgent-care-4-18x10.jpg 18w\" sizes=\"auto, (max-width: 1456px) 100vw, 1456px\"><\/figure>\n\n\n\n<hr class=\"wp-block-separator has-alpha-channel-opacity is-style-dots\"\/>\n\n\n\n<p>Marktforschung im Bereich Notfallversorgung ist f\u00fcr die strategische Planung und Investition im Gesundheitssektor von entscheidender Bedeutung. Sie erm\u00f6glicht es den Beteiligten, neue Trends wie die Integration von Telemedizindiensten zu erkennen und die Reaktion des Marktes auf Innovationen in der Gesundheitsversorgung zu beurteilen.<\/p>\n\n\n\n<h2 class=\"wp-block-heading\">What Is Urgent care market research?<\/h2>\n\n\n\n<p>Urgent care market research is an analytical process designed to gather, analyze, and interpret data related to the urgent care industry. It delves into various sector aspects, including patient demographics, service demand patterns, competitive landscape, and operational challenges. <\/p>\n\n\n\n<h2 class=\"wp-block-heading\">Warum ist es wichtig? <\/h2>\n\n\n\n<p>Patients increasingly opt for urgent care centers over traditional primary care physicians or hospital emergency rooms for non-life-threatening conditions due to shorter wait times and lower costs. Urgent care <a class=\"wpil_keyword_link\" href=\"https:\/\/www.sisinternational.com\/de\/\"   title=\"Startseite\" data-wpil-keyword-link=\"linked\"  data-wpil-monitor-id=\"566\">Marktforschung<\/a> helps businesses understand these shifting preferences and adapt their services to meet consumer demands effectively.<\/p>\n\n\n\n<p>Dar\u00fcber hinaus ist die Branche der Notfallversorgung zunehmend mit neuen Akteuren ges\u00e4ttigt, die auf den Markt dr\u00e4ngen. Daher ist es f\u00fcr bestehende Zentren unerl\u00e4sslich, sich von der Konkurrenz abzuheben. Durch umfassende Marktforschung k\u00f6nnen Unternehmen Einblicke in Wettbewerbsstrategien, Markttrends und bew\u00e4hrte Verfahren gewinnen. Diese Informationen erm\u00f6glichen es Anbietern von Notfallversorgung, ihre Betriebsmodelle zu verfeinern, die Patientenerfahrung zu verbessern und innovative Dienstleistungen zu implementieren, die sie von der Konkurrenz abheben.<\/p>\n\n\n\n<p>Moreover, regulatory changes and healthcare reforms are continuously shaping the operational landscape of urgent care centers. This <a href=\"https:\/\/www.sisinternational.com\/de\/abdeckung\/marktforschung-afrika\/marktforschung-in-mauretanien-afrika\/\" title=\"Marktforschung in Mauretanien, Afrika \u2013 ein \u00dcberblick\"  data-wpil-monitor-id=\"5303\">market research provides a detailed overview<\/a> of the regulatory environment, helping businesses navigate legal requirements and leverage policy changes.<\/p>\n\n\n\n<h2 class=\"wp-block-heading\">Additional Benefits of Urgent Care Market Research<\/h2>\n\n\n\n<ul class=\"wp-block-list\">\n<li><strong>Informierte strategische Planung:<\/strong> Durch Marktforschung erhalten Unternehmen wichtige Daten \u00fcber Markttrends, Verbraucherpr\u00e4ferenzen und Wettbewerbslandschaften. Diese F\u00fclle an Informationen bildet die Grundlage f\u00fcr strategische Planung. Sie erm\u00f6glicht es Notfallzentren, ihre Dienstleistungen an die Marktnachfrage anzupassen, zuk\u00fcnftige Trends vorherzusehen und sich strategisch innerhalb der Branche zu positionieren.<\/li>\n\n\n\n<li><strong>Verbessertes Patientenerlebnis:<\/strong> Research helps identify what patients value most in their healthcare experiences, from shorter waiting times and convenient locations to digital health services and transparent pricing. <\/li>\n\n\n\n<li><strong>Betriebseffizienz:<\/strong> Through market research, businesses can gain insights into operational best practices, innovative service delivery models, and <a class=\"wpil_keyword_link\" href=\"https:\/\/www.sisinternational.com\/de\/losungen\/technologische-innovation\/\"   title=\"SIS Technology &amp; Innovation Solutions\" data-wpil-keyword-link=\"linked\"  data-wpil-monitor-id=\"567\">technology solutions<\/a> that streamline processes. This knowledge can lead to the implementation of more efficient workflows, reduced operational costs, and improved patient throughput.<\/li>\n\n\n\n<li><strong>Wettbewerbsdifferenzierung:<\/strong> Durch Marktanalysen erhalten Sie ein umfassendes Verst\u00e4ndnis der Wettbewerbslandschaft, einschlie\u00dflich der St\u00e4rken und Schw\u00e4chen konkurrierender Zentren, ihrer Serviceangebote und Marketingstrategien. Mit diesen Informationen k\u00f6nnen Notfallzentren einzigartige Wertangebote, innovative Dienstleistungen und gezielte Marketingkampagnen entwickeln, die sie von der Konkurrenz abheben, mehr Patienten anziehen und eine starke Marktpr\u00e4senz aufbauen.<\/li>\n\n\n\n<li><strong>Risikomanagement:<\/strong> Urgent <a href=\"https:\/\/www.sisinternational.com\/de\/sachverstand\/branchen\/marktforschung-zur-wundversorgung\/\" title=\"Marktforschung zur Wundversorgung\"  data-wpil-monitor-id=\"3158\">care market research<\/a> helps identify risks early, allowing businesses to implement strategies to mitigate their impact. Urgent care centers can navigate challenges more effectively by staying informed and agile, ensuring long-term sustainability and growth.<\/li>\n<\/ul>\n\n\n\n<h2 class=\"wp-block-heading\">Who Uses Urgent care market research<\/h2>\n\n\n\n<p>Healthcare Providers use <a href=\"https:\/\/www.sisinternational.com\/de\/sachverstand\/branchen\/demographie-marktforschung\/\" title=\"Demografische Marktforschung\"  data-wpil-monitor-id=\"3242\">market research to understand patient demographics<\/a>, preferences, and behaviors. Additionally, understanding the competitive landscape helps these providers position themselves strategically in the market, enhancing their marketing efforts and service offerings to attract and retain patients.<\/p>\n\n\n\n<p>Der Sektor der Notfallversorgung hat auch gro\u00dfes Interesse von Investoren geweckt, die nach Wachstumsm\u00f6glichkeiten im Gesundheitswesen suchen. Sie verlassen sich auf diese Forschung, um die Rentabilit\u00e4t potenzieller Investitionen zu beurteilen, Markttrends zu verstehen und leistungsstarke Zentren mit Expansions- oder \u00dcbernahmepotenzial zu identifizieren.<\/p>\n\n\n\n<p>Furthermore, government agencies and <a href=\"https:\/\/www.sisinternational.com\/de\/welt-autismus-tag\/\" title=\"Marktforschungsstudien zum Thema Autismus\"  data-wpil-monitor-id=\"2094\">healthcare regulatory bodies use urgent care market<\/a> research to inform policy development and healthcare planning. Research insights help identify gaps in healthcare services, understand the role of urgent care centers in the broader healthcare system, and assess the impact of regulatory changes on the sector.<\/p>\n\n\n\n<h2 class=\"wp-block-heading\">The SIS Advantage<\/h2>\n\n\n\n<figure class=\"gb-block-image gb-block-image-d48de8a6\"><img loading=\"lazy\" decoding=\"async\" width=\"1456\" height=\"816\" class=\"gb-image gb-image-d48de8a6\" src=\"https:\/\/www.sisinternational.com\/wp-content\/uploads\/2025\/08\/Hospitan-urgent-care-5.jpg\" alt=\"SIS International Marktforschung &amp; Strategie\" title=\"Hospita\u00f1 urgent care (5)\" srcset=\"https:\/\/www.sisinternational.com\/wp-content\/uploads\/2025\/08\/Hospitan-urgent-care-5.jpg 1456w, https:\/\/www.sisinternational.com\/wp-content\/uploads\/2025\/08\/Hospitan-urgent-care-5-300x168.jpg 300w, https:\/\/www.sisinternational.com\/wp-content\/uploads\/2025\/08\/Hospitan-urgent-care-5-1024x574.jpg 1024w, https:\/\/www.sisinternational.com\/wp-content\/uploads\/2025\/08\/Hospitan-urgent-care-5-768x430.jpg 768w, https:\/\/www.sisinternational.com\/wp-content\/uploads\/2025\/08\/Hospitan-urgent-care-5-18x10.jpg 18w\" sizes=\"auto, (max-width: 1456px) 100vw, 1456px\"><\/figure>\n\n\n\n<p><\/p>\n\n\n\n<p>When engaging in urgent <a href=\"https:\/\/www.sisinternational.com\/de\/sachverstand\/branchen\/marktforschung-fur-heimtierpflege\/\" title=\"Marktforschung f\u00fcr Heimtierpflege\"  data-wpil-monitor-id=\"6304\">care market research<\/a> with SIS International, healthcare providers and stakeholders can anticipate impactful outcomes that enhance strategic decision-making and operational excellence. SIS&#8217;s comprehensive approach to market research delivers in-depth insights and actionable recommendations, guiding urgent care centers toward achieving their business objectives. Here are some expected results from leveraging SIS&#8217;s expertise:<\/p>\n\n\n\n<ul class=\"wp-block-list\">\n<li><strong>Tiefgreifendes Verst\u00e4ndnis der Marktlandschaft:<\/strong> SIS\u2019s urgent care market research provides a detailed analysis of the market environment, including patient demographics, consumer behavior, and competitive analysis. <\/li>\n\n\n\n<li><strong>Identifizierung von Wachstumschancen:<\/strong> SIS deckt potenzielle Expansions- und Wachstumschancen im Bereich der Notfallversorgung auf. Dazu k\u00f6nnen Erkenntnisse \u00fcber unterversorgte geografische Gebiete, sich entwickelnde Patientenbed\u00fcrfnisse oder neue Serviceangebote geh\u00f6ren, die den sich entwickelnden Anforderungen der Gesundheitskonsumenten gerecht werden. Mit diesen Informationen k\u00f6nnen Anbieter von Notfallversorgung ihre Expansion strategisch planen, ihre Dienstleistungen diversifizieren und neue Marktsegmente erobern.<\/li>\n\n\n\n<li><strong>Empfehlungen zur betrieblichen Effizienz:<\/strong> Die Marktforschung von SIS geht \u00fcber die Marktdynamik hinaus und untersucht auch die betrieblichen Aspekte von Notfallzentren. Das Ergebnis sind gezielte Empfehlungen zur Steigerung der Betriebseffizienz, Verk\u00fcrzung der Wartezeiten und Verbesserung des allgemeinen Patientenerlebnisses, was zu h\u00f6herer Zufriedenheit und Loyalit\u00e4t f\u00fchrt.<\/li>\n\n\n\n<li><strong>Strategische Marketingeinblicke:<\/strong> Understanding how to reach and communicate with target patients effectively is crucial for the success of urgent care centers. SIS provides strategic marketing insights, identifying the most effective channels, messages, and strategies for patient engagement. <\/li>\n<\/ul>\n\n\n\n<h2 class=\"wp-block-heading\">Gelegenheiten<\/h2>\n\n\n\n<p>Der Sektor der Notfallversorgung bietet eine F\u00fclle von M\u00f6glichkeiten f\u00fcr Unternehmen, die ihre Dienstleistungen im Gesundheitswesen erneuern, erweitern und verbessern m\u00f6chten. Hier gibt es mehrere Schl\u00fcsselbereiche, in denen Unternehmen Marktforschung nutzen k\u00f6nnen, um Chancen im Markt der Notfallversorgung zu identifizieren und zu nutzen.<\/p>\n\n\n\n<ul class=\"wp-block-list\">\n<li><strong>Expansion in neue geografische Gebiete:<\/strong> One of the most significant opportunities is the expansion into new geographic locations. <\/li>\n\n\n\n<li><strong>Einf\u00fchrung fortschrittlicher Technologien:<\/strong> Die Technologieintegration im Gesundheitswesen schreitet rasch voran und bietet neue M\u00f6glichkeiten zur Verbesserung der Patientenversorgung und der Betriebseffizienz. Marktforschung hilft Unternehmen dabei, technologische Trends und Patientenpr\u00e4ferenzen f\u00fcr digitale Gesundheitsl\u00f6sungen wie Telemedizin, Online-Terminvereinbarung und elektronische Gesundheitsakten zu identifizieren.<\/li>\n\n\n\n<li><strong>Servicediversifizierung:<\/strong> Das Verst\u00e4ndnis der Patientenbed\u00fcrfnisse und Marktl\u00fccken ist entscheidend f\u00fcr die Diversifizierung der von Notfallzentren angebotenen Dienstleistungen. Marktanalysen k\u00f6nnen ungedeckte Patientenbed\u00fcrfnisse oder Bereiche mit hoher Nachfrage aufdecken, wie z. B. arbeitsmedizinische Dienste, spezialisierte Kinderpflege oder integrierte psychiatrische Dienste.<\/li>\n\n\n\n<li><strong>Partnerschaften und Kooperationen:<\/strong> Collaborating with other healthcare providers, technology companies, or community organizations presents another opportunity for urgent care centers to enhance their services and extend their reach. <\/li>\n<\/ul>\n\n\n\n<p><\/p>","protected":false},"excerpt":{"rendered":"<p>Bei der Marktforschung zur Notfallversorgung handelt es sich um einen analytischen Prozess, der darauf abzielt, Daten im Zusammenhang mit der Notfallversorgungsbranche zu sammeln, zu analysieren und zu interpretieren.<\/p>","protected":false},"author":1,"featured_media":63571,"parent":11294,"menu_order":428,"comment_status":"closed","ping_status":"closed","template":"","meta":{"footnotes":""},"class_list":["post-46981","page","type-page","status-publish","has-post-thumbnail"],"_links":{"self":[{"href":"https:\/\/www.sisinternational.com\/de\/wp-json\/wp\/v2\/pages\/46981","targetHints":{"allow":["GET"]}}],"collection":[{"href":"https:\/\/www.sisinternational.com\/de\/wp-json\/wp\/v2\/pages"}],"about":[{"href":"https:\/\/www.sisinternational.com\/de\/wp-json\/wp\/v2\/types\/page"}],"author":[{"embeddable":true,"href":"https:\/\/www.sisinternational.com\/de\/wp-json\/wp\/v2\/users\/1"}],"replies":[{"embeddable":true,"href":"https:\/\/www.sisinternational.com\/de\/wp-json\/wp\/v2\/comments?post=46981"}],"version-history":[{"count":14,"href":"https:\/\/www.sisinternational.com\/de\/wp-json\/wp\/v2\/pages\/46981\/revisions"}],"predecessor-version":[{"id":79887,"href":"https:\/\/www.sisinternational.com\/de\/wp-json\/wp\/v2\/pages\/46981\/revisions\/79887"}],"up":[{"embeddable":true,"href":"https:\/\/www.sisinternational.com\/de\/wp-json\/wp\/v2\/pages\/11294"}],"wp:featuredmedia":[{"embeddable":true,"href":"https:\/\/www.sisinternational.com\/de\/wp-json\/wp\/v2\/media\/63571"}],"wp:attachment":[{"href":"https:\/\/www.sisinternational.com\/de\/wp-json\/wp\/v2\/media?parent=46981"}],"curies":[{"name":"wp","href":"https:\/\/api.w.org\/{rel}","templated":true}]}}