{"id":46977,"date":"2024-03-19T23:39:49","date_gmt":"2024-03-20T03:39:49","guid":{"rendered":"https:\/\/www.sisinternational.com\/?page_id=46977"},"modified":"2026-01-27T16:52:26","modified_gmt":"2026-01-27T21:52:26","slug":"digitale-identitat-marktforschung-strategieberatung","status":"publish","type":"page","link":"https:\/\/www.sisinternational.com\/de\/sachverstand\/digitale-identitat-marktforschung-strategieberatung\/","title":{"rendered":"Marktforschung und Strategieberatung f\u00fcr digitale Identit\u00e4ten"},"content":{"rendered":"<h1 class=\"wp-block-heading\">Marktforschung und Strategieberatung f\u00fcr digitale Identit\u00e4ten<\/h1>\n\n\n\n<figure class=\"gb-block-image gb-block-image-02458e57\"><img loading=\"lazy\" decoding=\"async\" width=\"1456\" height=\"816\" class=\"gb-image gb-image-02458e57\" src=\"https:\/\/www.sisinternational.com\/wp-content\/uploads\/2025\/08\/Cibersecurity-security-8.jpg\" alt=\"SIS International Marktforschung &amp; Strategie\" title=\"Cibersecurity security (8)\" srcset=\"https:\/\/www.sisinternational.com\/wp-content\/uploads\/2025\/08\/Cibersecurity-security-8.jpg 1456w, https:\/\/www.sisinternational.com\/wp-content\/uploads\/2025\/08\/Cibersecurity-security-8-300x168.jpg 300w, https:\/\/www.sisinternational.com\/wp-content\/uploads\/2025\/08\/Cibersecurity-security-8-1024x574.jpg 1024w, https:\/\/www.sisinternational.com\/wp-content\/uploads\/2025\/08\/Cibersecurity-security-8-768x430.jpg 768w, https:\/\/www.sisinternational.com\/wp-content\/uploads\/2025\/08\/Cibersecurity-security-8-18x10.jpg 18w\" sizes=\"auto, (max-width: 1456px) 100vw, 1456px\"><\/figure>\n\n\n\n<p><\/p>\n\n\n\n<hr class=\"wp-block-separator has-alpha-channel-opacity is-style-dots\"\/>\n\n\n\n<p>Marktforschung und Strategieberatung zur digitalen Identit\u00e4t unterst\u00fctzen Unternehmen bei der Identifizierung der Technologien, Plattformen und Best Practices, die zur Optimierung ihres digitalen Identit\u00e4tsmanagements eingesetzt werden k\u00f6nnen.<\/p>\n\n\n\n<p>Diese Marktforschung und Strategieberatung hilft Unternehmen dabei, sich in der komplexen Landschaft der digitalen Transformation zurechtzufinden und bietet ihnen die Erkenntnisse und die strategische Ausrichtung, die sie ben\u00f6tigen, um das volle Potenzial digitaler Identit\u00e4ten auszusch\u00f6pfen.<\/p>\n\n\n\n<h2 class=\"wp-block-heading\">Was ist Marktforschung und Strategieberatung zur digitalen Identit\u00e4t?<\/h2>\n\n\n\n<p>Die Marktforschung und Strategieberatung im Bereich digitale Identit\u00e4t umfasst umfassende Analyse- und Beratungsleistungen, die sich auf das Verst\u00e4ndnis der Dynamik digitaler Identit\u00e4ten auf dem Markt konzentrieren, um Trends, Verhaltensweisen und Pr\u00e4ferenzen im Zusammenhang mit der Verwendung digitaler Identit\u00e4ten aufzudecken. Dar\u00fcber hinaus bietet die strategische Beratung Unternehmen Unterst\u00fctzung bei der Nutzung dieser Informationen zu ihrem Wettbewerbsvorteil.<\/p>\n\n\n\n<h2 class=\"wp-block-heading\">Kritische Erfolgsfaktoren f\u00fcr eine erfolgreiche digitale Identit\u00e4tsstrategie<\/h2>\n\n\n\n<p>Developing and implementing a successful <a href=\"https:\/\/www.sisinternational.com\/de\/strategieberatung-fur-digitale-disruption\/\" title=\"Strategieberatung f\u00fcr digitale Disruption\"  data-wpil-monitor-id=\"2559\">digital identity strategy<\/a> requires more than technical know-how; it demands a thorough understanding of market dynamics, user expectations, and regulatory requirements.<\/p>\n\n\n\n<ul class=\"wp-block-list\">\n<li><strong>Comprehensive <a class=\"wpil_keyword_link\" href=\"https:\/\/www.sisinternational.com\/de\/\"   title=\"Startseite\" data-wpil-keyword-link=\"linked\"  data-wpil-monitor-id=\"568\">Marktforschung<\/a>:<\/strong> Durch Marktforschung zur digitalen Identit\u00e4t erhalten Unternehmen ein detailliertes Verst\u00e4ndnis des Marktes, einschlie\u00dflich Kundenbed\u00fcrfnissen, Wettbewerbsstrategien und m\u00f6glichen regulatorischen \u00c4nderungen. Dieses Wissen ist entscheidend f\u00fcr die Entwicklung einer digitalen Identit\u00e4tsl\u00f6sung, die heute relevant ist und sich an zuk\u00fcnftige Ver\u00e4nderungen im digitalen \u00d6kosystem anpassen l\u00e4sst.<\/li>\n\n\n\n<li><strong>Benutzerzentriertes Design:<\/strong> Digital identity systems must be intuitive, accessible, and secure for users, ensuring a seamless and positive experience. This requires a deep understanding of user behavior and preferences, often gleaned from targeted market research. <a class=\"wpil_keyword_link\" href=\"https:\/\/www.sisinternational.com\/de\/losungen\/strategieberatung\/\"   title=\"Strategieberatung\" data-wpil-keyword-link=\"linked\"  data-wpil-monitor-id=\"569\">Strategy consulting<\/a> can translate these insights into design principles, ensuring the digital identity solution enhances user engagement and trust.<\/li>\n\n\n\n<li><strong>Einhaltung gesetzlicher Vorschriften und Flexibilit\u00e4t:<\/strong> As digital identity regulations evolve, businesses must remain agile, adapting their solutions to comply with new legal requirements. This <a href=\"https:\/\/www.sisinternational.com\/de\/losungen\/innovation\/agile-marktforschung\/\" title=\"Agile Marktforschung\"  data-wpil-monitor-id=\"6126\">agility is underpinned by continuous market research<\/a> and strategic foresight, ensuring businesses can pivot as needed without compromising on security or user experience.<\/li>\n<\/ul>\n\n\n\n<h2 class=\"wp-block-heading\">Erwartete Ergebnisse der Marktforschung und Strategieberatung zur digitalen Identit\u00e4t von SIS<\/h2>\n\n\n\n<figure class=\"gb-block-image gb-block-image-ea5e82ec\"><img loading=\"lazy\" decoding=\"async\" width=\"1456\" height=\"816\" class=\"gb-image gb-image-ea5e82ec\" src=\"https:\/\/www.sisinternational.com\/wp-content\/uploads\/2025\/08\/Cibersecurity-security-7.jpg\" alt=\"SIS International Marktforschung &amp; Strategie\" title=\"Cibersecurity security (7)\" srcset=\"https:\/\/www.sisinternational.com\/wp-content\/uploads\/2025\/08\/Cibersecurity-security-7.jpg 1456w, https:\/\/www.sisinternational.com\/wp-content\/uploads\/2025\/08\/Cibersecurity-security-7-300x168.jpg 300w, https:\/\/www.sisinternational.com\/wp-content\/uploads\/2025\/08\/Cibersecurity-security-7-1024x574.jpg 1024w, https:\/\/www.sisinternational.com\/wp-content\/uploads\/2025\/08\/Cibersecurity-security-7-768x430.jpg 768w, https:\/\/www.sisinternational.com\/wp-content\/uploads\/2025\/08\/Cibersecurity-security-7-18x10.jpg 18w\" sizes=\"auto, (max-width: 1456px) 100vw, 1456px\"><\/figure>\n\n\n\n<p><\/p>\n\n\n\n<p>Embarking on digital identity market <a class=\"wpil_keyword_link\" href=\"https:\/\/www.sisinternational.com\/de\/home-2\/\"   title=\"Home Mock up for Ruth\" data-wpil-keyword-link=\"linked\"  data-wpil-monitor-id=\"570\">research and strategy<\/a> consulting with SIS offers businesses a transformative opportunity. Through these services, companies can expect tangible outcomes that elevate their digital identity initiatives and align these efforts with broader business goals.<\/p>\n\n\n\n<ul class=\"wp-block-list\">\n<li><strong>Erweiterte Sicherheitsprotokolle:<\/strong> Die Expertise von SIS International erm\u00f6glicht es Unternehmen, ihre digitalen Identit\u00e4tssysteme gegen neue Bedrohungen und Schwachstellen zu wappnen. Durch die Integration modernster Sicherheitstechnologien und -praktiken k\u00f6nnen Unternehmen ihre digitalen Verm\u00f6genswerte und Benutzerdaten effektiver sch\u00fctzen und so das Vertrauen ihrer Kunden st\u00e4rken.<\/li>\n\n\n\n<li><strong>Verbesserte Benutzererfahrung:<\/strong> Das Verst\u00e4ndnis der Feinheiten des Nutzerverhaltens und der Pr\u00e4ferenzen erm\u00f6glicht die Entwicklung und Implementierung digitaler Identit\u00e4tsl\u00f6sungen, die nicht nur sicher, sondern auch benutzerfreundlich und intuitiv sind. Die strategischen Erkenntnisse von SIS International helfen Unternehmen dabei, die Benutzererfahrung zu optimieren, Reibungsverluste zu reduzieren und die Zufriedenheit zu steigern.<\/li>\n\n\n\n<li><strong>Einhaltung gesetzlicher Vorschriften und Risikominderung:<\/strong> Mit der Beratung von SIS International wird es schlanker und effektiver. Sich in der komplexen regulatorischen Landschaft digitaler Identit\u00e4ten zurechtzufinden, ist eine Herausforderung. Mit fachkundiger Beratung k\u00f6nnen Unternehmen jedoch sicherstellen, dass ihre L\u00f6sungen den aktuellen Standards entsprechen und gleichzeitig flexibel genug sind, um sich an zuk\u00fcnftige \u00c4nderungen anzupassen.<\/li>\n\n\n\n<li><strong>Betriebseffizienz und Skalierbarkeit:<\/strong> <a href=\"https:\/\/www.sisinternational.com\/de\/digitaler-werbemarkt\/\" title=\"Marketing und Werbung im digitalen Zeitalter\"  data-wpil-monitor-id=\"1817\">Digital identity market<\/a> research and strategy consulting ensure that digital identity management catalyzes operational improvements, facilitating growth and scalability. Businesses can achieve greater agility and responsiveness in the marketplace by optimizing processes and enabling smoother expansions.<\/li>\n<\/ul>\n\n\n\n<h2 class=\"wp-block-heading\">Schl\u00fcsselindustrien im Markt f\u00fcr digitale Identit\u00e4ten<\/h2>\n\n\n\n<p>Der <a href=\"https:\/\/www.sisinternational.com\/de\/sachverstand\/branchen\/digitale-persona-marktforschung\/\" title=\"Marktforschung f\u00fcr digitale Personen\"  data-wpil-monitor-id=\"6232\">digital identity market<\/a> plays a pivotal role across various industries, driving innovation, enhancing security, and improving customer experiences. As companies within these sectors strive to adapt to the digital era, the need for robust digital identity solutions becomes increasingly critical.<\/p>\n\n\n\n<ul class=\"wp-block-list\">\n<li><strong>Finanzdienstleistungen:<\/strong> Im Banken- und Finanzsektor ist die digitale Identit\u00e4ts\u00fcberpr\u00fcfung f\u00fcr Sicherheit, Betrugspr\u00e4vention und Einhaltung gesetzlicher Vorschriften unverzichtbar. Unternehmen wie HSBC und JPMorgan Chase investieren in fortschrittliche digitale Identit\u00e4tstechnologien, um Online-Transaktionen und Kundeninteraktionen abzusichern. Produkte wie biometrische Authentifizierung und Blockchain-basierte Identit\u00e4tssysteme werden zum Standard und bieten Kunden sichere und bequeme M\u00f6glichkeiten, auf Finanzdienstleistungen zuzugreifen.<\/li>\n\n\n\n<li><strong>Gesundheitspflege:<\/strong> Der Gesundheitssektor nutzt digitale Identit\u00e4ten, um den Datenschutz von Patienten zu gew\u00e4hrleisten, Verwaltungsprozesse zu optimieren und Telemedizindienste zu erm\u00f6glichen. Mayo Clinic und Kaiser Permanente sind Beispiele f\u00fcr Gesundheitsdienstleister, die digitale Identit\u00e4tsl\u00f6sungen verwenden, um Patientenakten zu sch\u00fctzen und eine personalisierte Betreuung zu bieten.<\/li>\n\n\n\n<li><strong>Einzelhandel und E-Commerce:<\/strong> <a href=\"https:\/\/www.sisinternational.com\/de\/digitale-transformation-im-bauwesen\/\" title=\"Digitale Transformation im Bauwesen\"  data-wpil-monitor-id=\"2792\">Digital identity verification is transforming<\/a> the retail and e-commerce industry by enhancing customer experiences and reducing fraud. Companies like Amazon and Alibaba use digital identities to personalize shopping experiences, streamline checkout processes, and protect against identity theft.<\/li>\n\n\n\n<li><strong>Regierungsdienstleistungen:<\/strong> Regierungen auf der ganzen Welt f\u00fchren digitale Identit\u00e4ten ein, um die Dienstleistungen f\u00fcr B\u00fcrger zu verbessern, die Sicherheit zu erh\u00f6hen und den Papierkram zu reduzieren. Initiativen wie Estlands e-Residency und Indiens Aadhaar-System veranschaulichen, wie digitale Identit\u00e4ten den Zugang zu \u00f6ffentlichen Diensten, Wahlen und Sozialleistungen erleichtern.<\/li>\n\n\n\n<li><strong>Technologie und Telekommunikation:<\/strong> Im Technologie- und Telekommunikationssektor ist die digitale Identit\u00e4t von grundlegender Bedeutung f\u00fcr die Verwaltung des Benutzerzugriffs, den Schutz von Daten und die Bereitstellung von Onlinediensten. Unternehmen wie Google und Verizon verwenden digitale Identit\u00e4tsl\u00f6sungen, um Benutzerkonten zu sichern, Ger\u00e4te zu authentifizieren und Dienste zu personalisieren. Technologien wie die Zwei-Faktor-Authentifizierung (2FA) und digitale Zertifikate sind wichtige Tools, um Sicherheit und Vertrauen in der digitalen Landschaft zu gew\u00e4hrleisten.<\/li>\n<\/ul>\n\n\n\n<h2 class=\"wp-block-heading\">Wie die Marktforschung und Strategieberatung zur digitalen Identit\u00e4t von SIS International Unternehmen hilft<\/h2>\n\n\n\n<p>SIS International&#8217;s digital identity market research and strategy <a class=\"wpil_keyword_link\" href=\"https:\/\/www.sisinternational.com\/de\/losungen\/\"   title=\"L\u00f6sungen\" data-wpil-keyword-link=\"linked\"  data-wpil-monitor-id=\"571\">Beratungsleistungen<\/a> offer businesses a comprehensive suite of solutions to navigate the complexities of the digital identity landscape. By leveraging deep industry insights and strategic expertise, SIS International helps companies harness the full potential of digital identity technologies, ensuring they achieve competitive advantage, operational excellence, and enhanced customer engagement. Here\u2019s how SIS International&#8217;s services empower businesses in the digital age.<\/p>\n\n\n\n<ul class=\"wp-block-list\">\n<li><strong>Strategische Markteinblicke:<\/strong> SIS bietet umfassende Marktforschung, die Trends, Chancen und Herausforderungen auf dem Markt f\u00fcr digitale Identit\u00e4ten aufdeckt. Diese Informationen erm\u00f6glichen es Unternehmen, fundierte Entscheidungen zu treffen und ihre Strategien f\u00fcr digitale Identit\u00e4ten an die Marktdynamik und die Erwartungen der Verbraucher anzupassen. Durch Expertenanalysen k\u00f6nnen Unternehmen zuk\u00fcnftige Entwicklungen vorhersehen und sich als Vorreiter bei der Einf\u00fchrung innovativer L\u00f6sungen f\u00fcr digitale Identit\u00e4ten positionieren.<\/li>\n\n\n\n<li><strong>Ma\u00dfgeschneiderte Strategieentwicklung:<\/strong> Da jedes Unternehmen einzigartige Bed\u00fcrfnisse und Ziele hat, bieten die Experten von SIS International ma\u00dfgeschneiderte Strategieberatungsdienste an. Diese Dienste sind darauf ausgelegt, ma\u00dfgeschneiderte Strategien f\u00fcr die digitale Identit\u00e4t zu entwickeln, die mit den allgemeinen Gesch\u00e4ftszielen, der technologischen Infrastruktur und den Kundenanforderungen des Unternehmens \u00fcbereinstimmen.<\/li>\n\n\n\n<li><strong>Operative Exzellenz und Effizienz:<\/strong> SIS International&#8217;s consulting services help businesses achieve operational efficiencies by streamlining <a href=\"https:\/\/www.sisinternational.com\/de\/losungen\/reise-tourismus-und-gastgewerbeberatung\/destinationsmanagement-beratung\/\" title=\"Destinationsmanagement-Beratung\"  data-wpil-monitor-id=\"7660\">digital identity<\/a> management processes. <\/li>\n\n\n\n<li><strong>Risikomanagement und Compliance:<\/strong> SIS provides strategic insights into compliance requirements and best practices for managing digital identity risks. <\/li>\n<\/ul>","protected":false},"excerpt":{"rendered":"<p>Marktforschungs- und Strategieberatungsdienste f\u00fcr digitale Identit\u00e4ten bieten detaillierte Analysen und Beratung zum Markt f\u00fcr digitale Identit\u00e4ten.<\/p>","protected":false},"author":1,"featured_media":64043,"parent":14514,"menu_order":427,"comment_status":"closed","ping_status":"closed","template":"","meta":{"footnotes":""},"class_list":["post-46977","page","type-page","status-publish","has-post-thumbnail"],"_links":{"self":[{"href":"https:\/\/www.sisinternational.com\/de\/wp-json\/wp\/v2\/pages\/46977","targetHints":{"allow":["GET"]}}],"collection":[{"href":"https:\/\/www.sisinternational.com\/de\/wp-json\/wp\/v2\/pages"}],"about":[{"href":"https:\/\/www.sisinternational.com\/de\/wp-json\/wp\/v2\/types\/page"}],"author":[{"embeddable":true,"href":"https:\/\/www.sisinternational.com\/de\/wp-json\/wp\/v2\/users\/1"}],"replies":[{"embeddable":true,"href":"https:\/\/www.sisinternational.com\/de\/wp-json\/wp\/v2\/comments?post=46977"}],"version-history":[{"count":13,"href":"https:\/\/www.sisinternational.com\/de\/wp-json\/wp\/v2\/pages\/46977\/revisions"}],"predecessor-version":[{"id":81283,"href":"https:\/\/www.sisinternational.com\/de\/wp-json\/wp\/v2\/pages\/46977\/revisions\/81283"}],"up":[{"embeddable":true,"href":"https:\/\/www.sisinternational.com\/de\/wp-json\/wp\/v2\/pages\/14514"}],"wp:featuredmedia":[{"embeddable":true,"href":"https:\/\/www.sisinternational.com\/de\/wp-json\/wp\/v2\/media\/64043"}],"wp:attachment":[{"href":"https:\/\/www.sisinternational.com\/de\/wp-json\/wp\/v2\/media?parent=46977"}],"curies":[{"name":"wp","href":"https:\/\/api.w.org\/{rel}","templated":true}]}}