{"id":46975,"date":"2024-03-19T16:23:45","date_gmt":"2024-03-19T20:23:45","guid":{"rendered":"https:\/\/www.sisinternational.com\/?page_id=46975"},"modified":"2025-10-15T20:29:33","modified_gmt":"2025-10-16T00:29:33","slug":"marktforschung-zu-abgebrochenen-warenkorben","status":"publish","type":"page","link":"https:\/\/www.sisinternational.com\/de\/sachverstand\/marktforschung-zu-abgebrochenen-warenkorben\/","title":{"rendered":"Marktforschung zu abgebrochenen Warenk\u00f6rben"},"content":{"rendered":"<h1 class=\"wp-block-heading\">Marktforschung zu abgebrochenen Warenk\u00f6rben<\/h1>\n\n\n\n<figure class=\"gb-block-image gb-block-image-291a06d8\"><img loading=\"lazy\" decoding=\"async\" width=\"1456\" height=\"816\" class=\"gb-image gb-image-291a06d8\" src=\"https:\/\/www.sisinternational.com\/wp-content\/uploads\/2025\/08\/Cart-abandonment-1.jpg\" alt=\"SIS International Marktforschung &amp; Strategie\" title=\"Cart abandonment (1)\" srcset=\"https:\/\/www.sisinternational.com\/wp-content\/uploads\/2025\/08\/Cart-abandonment-1.jpg 1456w, https:\/\/www.sisinternational.com\/wp-content\/uploads\/2025\/08\/Cart-abandonment-1-300x168.jpg 300w, https:\/\/www.sisinternational.com\/wp-content\/uploads\/2025\/08\/Cart-abandonment-1-1024x574.jpg 1024w, https:\/\/www.sisinternational.com\/wp-content\/uploads\/2025\/08\/Cart-abandonment-1-768x430.jpg 768w, https:\/\/www.sisinternational.com\/wp-content\/uploads\/2025\/08\/Cart-abandonment-1-18x10.jpg 18w\" sizes=\"auto, (max-width: 1456px) 100vw, 1456px\"><\/figure>\n\n\n\n<hr class=\"wp-block-separator has-alpha-channel-opacity is-style-dots\"\/>\n\n\n\n<p>Durch Marktforschung zum Thema \u201eWarenkorbabbruch\u201c gewinnen E-Commerce-Unternehmen die n\u00f6tigen Erkenntnisse, um das Online-Einkaufserlebnis zu verbessern, die Abbruchrate zu senken und die Gesamtumwandlungsrate zu erh\u00f6hen.<\/p>\n\n\n\n<p>Warum verlassen so viele Verbraucher ihren Einkaufswagen, ohne den Einkauf abzuschlie\u00dfen, und was k\u00f6nnen Unternehmen tun, um dieses Problem zu l\u00f6sen? Die Marktforschung zu abgebrochenen Einkaufswagen ist ein Spezialgebiet, das sich mit der Aufkl\u00e4rung der Komplexit\u00e4t hinter den Entscheidungsprozessen der Verbraucher besch\u00e4ftigt und Strategien zur Verbesserung der Konversionsraten entwickelt.<\/p>\n\n\n\n<h2 class=\"wp-block-heading\">Was ist Marktforschung zum Thema Warenkorbabbruch?<\/h2>\n\n\n\n<p>Die Marktforschung zum Thema Warenkorbabbruch zielt darauf ab, zu verstehen, warum K\u00e4ufer Artikel in ihren Online-Einkaufswagen legen, die Site dann aber verlassen, ohne den Einkauf abzuschlie\u00dfen. Diese Forschung befasst sich mit verschiedenen Aspekten des Online-Einkaufserlebnisses, von der Website-Navigation und dem Bezahlvorgang bis hin zu Preistransparenz und Zahlungsoptionen, um Hindernisse zu identifizieren, die zum Warenkorbabbruch f\u00fchren.<\/p>\n\n\n\n<p>Ein wichtiger Aspekt der Marktforschung zu abgebrochenen Eink\u00e4ufen ist die Identifizierung von Mustern und Trends, die zu h\u00f6heren Abbruchraten beitragen. Faktoren wie unerwartete Versandkosten, komplizierte Bezahlvorg\u00e4nge und Bedenken hinsichtlich der Zahlungssicherheit werden h\u00e4ufig als Gr\u00fcnde f\u00fcr den Kaufabbruch genannt.<\/p>\n\n\n\n<h2 class=\"wp-block-heading\">Warum ben\u00f6tigen Unternehmen Marktforschung zum Thema abgebrochene Warenk\u00f6rbe?<\/h2>\n\n\n\n<p>Der Abbruch von Einkaufswagen bedeutet f\u00fcr Unternehmen einen direkten Verlust potenzieller Einnahmen. Jeder abgebrochene Einkaufswagen ist eine verpasste Verkaufsm\u00f6glichkeit, und zusammengenommen k\u00f6nnen diese verpassten Gelegenheiten erhebliche finanzielle Auswirkungen haben. Durch eine umfassende Analyse der Gr\u00fcnde f\u00fcr den Abbruch von Einkaufswagen k\u00f6nnen Unternehmen gezielte Ma\u00dfnahmen ergreifen, um verlorene Verk\u00e4ufe zur\u00fcckzugewinnen und so ihren Gewinn zu steigern.<\/p>\n\n\n\n<p>Zweitens k\u00f6nnen hohe Abbruchraten auf zugrunde liegende Probleme mit der E-Commerce-Plattform oder dem Einkaufserlebnis hinweisen. Marktforschung zu abgebrochenen Eink\u00e4ufen erm\u00f6glicht es Unternehmen, diese Schwachstellen zu identifizieren und anzugehen, das Benutzererlebnis zu verbessern und die Loyalit\u00e4t der K\u00e4ufer zu f\u00f6rdern.<\/p>\n\n\n\n<p>Dar\u00fcber hinaus erm\u00f6glichen die Erkenntnisse aus dieser Untersuchung Unternehmen, ihre Marketing- und Retargeting-Strategien effektiver anzupassen. Wenn Unternehmen die spezifischen Faktoren verstehen, die zum Abbruch des Einkaufs f\u00fchren, k\u00f6nnen sie personalisierte Mitteilungen erstellen, um Kunden zu ermutigen, zur\u00fcckzukehren und ihre Eink\u00e4ufe abzuschlie\u00dfen. Dieser gezielte Ansatz verbessert die Konversionsraten und unterstreicht das Engagement der Marke, die Kundenbed\u00fcrfnisse zu erf\u00fcllen.<\/p>\n\n\n\n<h2 class=\"wp-block-heading\">Vorteile der Marktforschung zu abgebrochenen Warenk\u00f6rben<\/h2>\n\n\n\n<p>Die Marktforschung zu abgebrochenen Warenk\u00f6rben bietet E-Commerce-Unternehmen mehrere Vorteile, um das Online-Einkaufserlebnis zu verbessern und die Verkaufsumwandlungsraten zu steigern. Indem sie den Gr\u00fcnden auf den Grund gehen, warum potenzielle Kunden den Kauf ohne Abschluss abbrechen, k\u00f6nnen Unternehmen umsetzbare Erkenntnisse gewinnen, die zu strategischen Verbesserungen auf ihren digitalen Plattformen f\u00fchren.<\/p>\n\n\n\n<ul class=\"wp-block-list\">\n<li><strong>Verbesserter Checkout-Prozess:<\/strong> Einer der Hauptvorteile der Marktforschung zu abgebrochenen Eink\u00e4ufen besteht darin, Probleme im Checkout-Prozess zu identifizieren und zu beheben. H\u00e4ufige Hindernisse wie komplizierte Navigation, \u00fcberm\u00e4\u00dfig viele Formularfelder oder unklare Versandkosten k\u00f6nnen Kunden an der letzten H\u00fcrde abschrecken.<\/li>\n\n\n\n<li><strong>Verbessertes Kundenerlebnis:<\/strong> Every aspect is scrutinized for potential improvements from website design and <a href=\"https:\/\/www.sisinternational.com\/de\/losungen\/geschmackstest\/produkttestdienste-in-new-york\/\" title=\"Produkttestdienste in New York\"  data-wpil-monitor-id=\"8945\">Produkt<\/a> presentation to payment security and customer service. Businesses can use these insights to create a more engaging and user-friendly e-commerce environment that retains customers and attracts new ones through positive word-of-mouth.<\/li>\n\n\n\n<li><strong>Effektive Wiederherstellungsstrategien:<\/strong> Personalisierte E-Mail-Kampagnen, rechtzeitige Erinnerungen und Sonderangebote, die auf Personen abzielen, die ihren Einkauf abgebrochen haben, k\u00f6nnen diese dazu ermutigen, den Kauf erneut abzuschlie\u00dfen. Marktforschung liefert die notwendigen Daten, um diese Ma\u00dfnahmen anzupassen und sie f\u00fcr Kunden relevanter und attraktiver zu machen.<\/li>\n\n\n\n<li><strong>H\u00f6here Konversionsraten:<\/strong> Unternehmen k\u00f6nnen ihre Konversionsraten deutlich steigern, indem sie \u00c4nderungen auf Grundlage von Marktforschungsergebnissen vornehmen. Dies wirkt sich direkt auf den Umsatz aus und verbessert die Gesamteffizienz von Marketing- und Vertriebsbem\u00fchungen. Dadurch wird sichergestellt, dass der Verkehr auf der Website mit gr\u00f6\u00dferer Wahrscheinlichkeit zu abgeschlossenen Verk\u00e4ufen f\u00fchrt.<\/li>\n\n\n\n<li><strong>Wettbewerbsvorteil:<\/strong> Diese Studie gibt Unternehmen das Wissen, um ein herausragendes Einkaufserlebnis zu bieten. Indem sie auf die spezifischen Bed\u00fcrfnisse und Probleme ihrer Kunden eingehen, k\u00f6nnen Unternehmen einen treuen Kundenstamm und einen starken Markenruf aufbauen, die Schl\u00fcsselkomponenten f\u00fcr langfristigen Erfolg sind.<\/li>\n<\/ul>\n\n\n\n<h2 class=\"wp-block-heading\">Wer nutzt Marktforschung zu abgebrochenen Warenk\u00f6rben?<\/h2>\n\n\n\n<p>An vorderster Front stehen E-Commerce-Unternehmen, die eine breite Palette von Branchen vom Einzelhandel bis zum Dienstleistungssektor abdecken. Diese Unternehmen sind direkt von der Abbruchrate von Einkaufsvorg\u00e4ngen betroffen und haben daher ein begr\u00fcndetes Interesse daran, die zugrunde liegenden Ursachen zu verstehen. In diesen E-Commerce-Unternehmen nutzen Marketingteams die Untersuchung von Einkaufsabbr\u00fcchen, um ihre Strategien zu optimieren. Erkenntnisse dar\u00fcber, warum Kunden ihre Einkaufsvorg\u00e4nge abbrechen, dienen der Entwicklung gezielter Marketingkampagnen, einschlie\u00dflich E-Mail-Retargeting, personalisierter Angebote und verbesserter Produktempfehlungen, um Kunden zum Abschluss ihrer Eink\u00e4ufe zur\u00fcckzuholen.<\/p>\n\n\n\n<p>Dar\u00fcber hinaus verlassen sich UX\/UI-Designer auf Forschungsergebnisse, um intuitivere und ansprechendere Online-Shopping-Umgebungen zu schaffen. Wenn Designer die Customer Journey und die Reibungspunkte auf dem Weg verstehen, k\u00f6nnen sie Websites und Apps erstellen, die einen reibungslosen Kaufprozess erm\u00f6glichen und die Gr\u00fcnde f\u00fcr einen Kaufabbruch minimieren.<\/p>\n\n\n\n<p>Likewise, specialists focused on customer experience use this research to <a href=\"https:\/\/www.sisinternational.com\/de\/losungen\/branding-und-kundenforschungslosungen\/abbildung-der-customer-journey\/\" title=\"Kundenreise-Mapping\"  data-wpil-monitor-id=\"8947\">map out the entire customer journey<\/a>, identifying not just points of friction but also opportunities to delight customers. Insights from cart abandonment studies can inform strategies to enhance customer support, improve product information, and ensure transparency in pricing and shipping\u2014factors that significantly influence the buying decision.<\/p>\n\n\n\n<p>Additionally, e-commerce platform developers use <a href=\"https:\/\/www.sisinternational.com\/de\/losungen\/branding-und-kundenforschungslosungen\/usability-tests-benutzer-ux-forschung\/\" title=\"Benutzermarktforschung und Usability-Tests\"  data-wpil-monitor-id=\"8949\">market research to build better user<\/a> tools and features. This includes integrated analytics, optimized checkout modules, and enhanced security features that address common reasons for cart abandonment. By incorporating these insights into their platform development, they can offer more robust solutions to e-commerce businesses.<\/p>\n\n\n\n<h2 class=\"wp-block-heading\">Wann sollte eine Marktforschung zu abgebrochenen Warenk\u00f6rben durchgef\u00fchrt werden?<\/h2>\n\n\n\n<p>Die Bestimmung des optimalen Zeitpunkts f\u00fcr die Durchf\u00fchrung einer Marktforschung zu abgebrochenen Warenk\u00f6rben ist f\u00fcr E-Commerce-Unternehmen von entscheidender Bedeutung, die ihre Vorteile maximieren und Probleme, die ihre Konversionsraten beeinflussen, strategisch angehen m\u00f6chten. Einige Indikatoren sind:<\/p>\n\n\n\n<ul class=\"wp-block-list\">\n<li><strong>Nach Website- oder Plattform-Updates:<\/strong> Nach der Implementierung wesentlicher \u00c4nderungen oder Aktualisierungen an E-Commerce-Websites oder -Plattformen ist es wichtig, die Auswirkungen auf das Kundenverhalten und die Abbruchrate von Eink\u00e4ufen zu messen. Diese Aktualisierungen k\u00f6nnen \u00dcberarbeitungen des Checkout-Prozesses, Neugestaltungen der Website oder die Einf\u00fchrung neuer Zahlungsoptionen umfassen.<\/li>\n\n\n\n<li><strong>Saisonale oder werbebedingte Spitzen:<\/strong> E-Commerce-Unternehmen erleben w\u00e4hrend saisonaler Spitzenzeiten oder Aktionszeitr\u00e4ume h\u00e4ufig Schwankungen im Datenverkehr und Verkaufsvolumen. Diese Zeiten eignen sich ideal f\u00fcr die Untersuchung von Kaufabbr\u00fcchen, da das h\u00f6here Aktivit\u00e4tsvolumen eine F\u00fclle von Daten dar\u00fcber liefern kann, wie unterschiedliche Faktoren die Kaufentscheidungen der Verbraucher unter unterschiedlichen Bedingungen beeinflussen. Die gewonnenen Erkenntnisse k\u00f6nnen als Grundlage f\u00fcr Strategien zur Leistungsoptimierung w\u00e4hrend zuk\u00fcnftiger Spitzenzeiten dienen.<\/li>\n\n\n\n<li><strong>\u00dcberdurchschnittlich hohe Abbruchraten:<\/strong> Wenn Analysen darauf hinweisen, dass Ihre Abbruchraten steigen oder deutlich \u00fcber den Branchen-Benchmarks liegen, ist das ein klares Signal, der Sache auf den Grund zu gehen. Marktforschung kann die spezifischen Probleme aufdecken, die zu diesem Trend f\u00fchren, unabh\u00e4ngig davon, ob sie mit der Benutzererfahrung, Preisstrategien oder externen Faktoren zusammenh\u00e4ngen.<\/li>\n\n\n\n<li><strong>Regelm\u00e4\u00dfige Leistungsbeurteilungen:<\/strong> \u00dcber diese speziellen Szenarien hinaus ist es f\u00fcr Unternehmen von Vorteil, regelm\u00e4\u00dfig, etwa halbj\u00e4hrlich oder j\u00e4hrlich, Marktforschung zum Thema Kaufabbr\u00fcche durchzuf\u00fchren. Dieses kontinuierliche Engagement hilft Unternehmen, den \u00dcberblick \u00fcber sich \u00e4nderndes Verbraucherverhalten, technologische Fortschritte und Wettbewerbsdynamik zu behalten und sicherzustellen, dass sie bei der Optimierung ihrer E-Commerce-Strategien proaktiv bleiben.<\/li>\n<\/ul>\n\n\n\n<h2 class=\"wp-block-heading\">Kritische Erfolgsfaktoren<\/h2>\n\n\n\n<figure class=\"gb-block-image gb-block-image-25ac8c42\"><img loading=\"lazy\" decoding=\"async\" width=\"1456\" height=\"816\" class=\"gb-image gb-image-25ac8c42\" src=\"https:\/\/www.sisinternational.com\/wp-content\/uploads\/2025\/08\/Cart-abandonment-4.jpg\" alt=\"SIS International Marktforschung &amp; Strategie\" title=\"Cart abandonment (4)\" srcset=\"https:\/\/www.sisinternational.com\/wp-content\/uploads\/2025\/08\/Cart-abandonment-4.jpg 1456w, https:\/\/www.sisinternational.com\/wp-content\/uploads\/2025\/08\/Cart-abandonment-4-300x168.jpg 300w, https:\/\/www.sisinternational.com\/wp-content\/uploads\/2025\/08\/Cart-abandonment-4-1024x574.jpg 1024w, https:\/\/www.sisinternational.com\/wp-content\/uploads\/2025\/08\/Cart-abandonment-4-768x430.jpg 768w, https:\/\/www.sisinternational.com\/wp-content\/uploads\/2025\/08\/Cart-abandonment-4-18x10.jpg 18w\" sizes=\"auto, (max-width: 1456px) 100vw, 1456px\"><\/figure>\n\n\n\n<p><\/p>\n\n\n\n<p>Damit Marktforschung zu abgebrochenen Warenk\u00f6rben einem E-Commerce-Unternehmen wirklich n\u00fctzt, m\u00fcssen bestimmte kritische Erfolgsfaktoren sorgf\u00e4ltig beachtet werden. Diese Faktoren stellen sicher, dass die Forschung aufschlussreich und umsetzbar ist und das Kundenerlebnis sowie die Konversionsraten verbessert.<\/p>\n\n\n\n<ul class=\"wp-block-list\">\n<li><strong>Comprehensive <\/strong><a href=\"https:\/\/www.sisinternational.com\/de\/sachverstand\/branchen\/datenerhebung-marktforschung\/\" title=\"Datenerhebung Marktforschung\"  data-wpil-monitor-id=\"8942\">Data Collection: Successful market research<\/a> begins with comprehensive data covering shopping journeys. This includes quantitative data from analytics tools on when and where cart abandonment occurs and qualitative insights from customer surveys and feedback to understand the &#8216;why&#8217; behind the behavior.<\/li>\n\n\n\n<li><strong>Segmentierung und Personalisierung:<\/strong> Nicht alle Kunden sind gleich und die Gr\u00fcnde f\u00fcr den Abbruch des Kaufvorgangs k\u00f6nnen sehr unterschiedlich sein. Die Segmentierung Ihrer Zielgruppe nach demografischen Merkmalen, Verhalten oder Kaufhistorie kann differenziertere Einblicke in Kundengruppen liefern.<\/li>\n\n\n\n<li><strong>Optimierung der Benutzererfahrung (UX):<\/strong> Die Forschung sollte direkt in UX-Verbesserungen m\u00fcnden und sich auf die Vereinfachung des Bezahlvorgangs, die Verbesserung der Website-Navigation und die Sicherstellung klarer und transparenter Preis- und Versandinformationen konzentrieren.<\/li>\n\n\n\n<li><strong>Testen und Iteration:<\/strong> Die Implementierung von \u00c4nderungen auf Grundlage von Marktforschungsergebnissen ist nur der Anfang. F\u00fcr den langfristigen Erfolg ist es entscheidend, diese \u00c4nderungen kontinuierlich zu testen, ihre Auswirkungen auf die Abbruchrate von Eink\u00e4ufen zu messen und sie auf Grundlage der Ergebnisse zu iterieren.<\/li>\n<\/ul>\n\n\n\n<h2 class=\"wp-block-heading\">Erwartete Ergebnisse der Marktforschung von SIS zum Thema Warenkorbabbruch<\/h2>\n\n\n\n<p>Die strategische Anwendung der Erkenntnisse aus dieser Forschung f\u00fchrt zu mehreren bedeutenden Ergebnissen, die die allgemeine Gesch\u00e4ftsleistung und die Kundenzufriedenheit verbessern. Das k\u00f6nnen Unternehmen erwarten:<\/p>\n\n\n\n<ul class=\"wp-block-list\">\n<li><strong>Reduzierte Warenkorb-Abbruchrate:<\/strong> Durch die Beseitigung der im Rahmen der Studie ermittelten spezifischen Probleme und Hindernisse k\u00f6nnen Unternehmen die Einkaufs- und Bezahlvorg\u00e4nge optimieren und so den Kaufabschluss f\u00fcr Kunden einfacher und attraktiver gestalten.<\/li>\n\n\n\n<li><strong>H\u00f6here Konversionsraten:<\/strong> Als direkte Folge einer geringeren Zahl abgebrochener Warenk\u00f6rbe k\u00f6nnen Unternehmen mit einer Steigerung ihrer Konversionsraten rechnen. Verbesserungen der Benutzererfahrung auf der Grundlage von Forschungserkenntnissen tragen direkt dazu bei, mehr Besucher in K\u00e4ufer umzuwandeln, den Umsatz zu steigern und den Return on Investment f\u00fcr Marketing- und Website-Entwicklungsbem\u00fchungen zu verbessern.<\/li>\n\n\n\n<li><strong>Verbessertes Kundenerlebnis:<\/strong> Die Umsetzung von \u00c4nderungen auf Grundlage von Marktforschung zu abgebrochenen Warenk\u00f6rben f\u00fchrt zu einem intuitiveren, reibungsloseren und zufriedenstellenderen Einkaufserlebnis. Dies wirkt sich auf den unmittelbaren Umsatz aus und schafft langfristige Kundenbindung, da K\u00e4ufer eher zu einer Website zur\u00fcckkehren, die einen angenehmen und problemlosen Einkaufsprozess bietet.<\/li>\n\n\n\n<li><strong>Wettbewerbsvorteil:<\/strong> Unternehmen k\u00f6nnen sich in der \u00fcberf\u00fcllten E-Commerce-Landschaft einen Wettbewerbsvorteil verschaffen, indem sie das Problem des Kaufabbruchs effektiv angehen. Ein reibungsloserer Checkout-Prozess, personalisierte Einkaufserlebnisse und proaktive Strategien zur Kundenbindung k\u00f6nnen ein Unternehmen von seinen Mitbewerbern abheben, mehr Kunden anziehen und die Markentreue f\u00f6rdern.<\/li>\n\n\n\n<li><strong>Finanzielles Wachstum und Stabilit\u00e4t:<\/strong> Der kumulative Effekt der Bek\u00e4mpfung von Kaufabbr\u00fcchen ist finanzielles Wachstum und Stabilit\u00e4t. Durch die Wiederherstellung verlorener Verk\u00e4ufe, die Optimierung der Marketingausgaben und die F\u00f6rderung der Kundentreue k\u00f6nnen Unternehmen h\u00f6here Ums\u00e4tze, eine bessere finanzielle Gesundheit und eine st\u00e4rkere Position f\u00fcr zuk\u00fcnftiges Wachstum und Expansion erzielen.<\/li>\n<\/ul>\n\n\n\n<h2 class=\"wp-block-heading\">Hauptakteure auf dem Markt f\u00fcr L\u00f6sungen zur Vermeidung von Einkaufswagenabbr\u00fcchen<\/h2>\n\n\n\n<p>Der Markt f\u00fcr L\u00f6sungen gegen abgebrochene Eink\u00e4ufe ist dynamisch und umfasst eine Reihe von Akteuren, die unterschiedliche Strategien und Technologien zur Eind\u00e4mmung des Problems abgebrochener Eink\u00e4ufe anbieten. Diese Hauptakteure reichen von spezialisierten Softwareanbietern bis hin zu umfassenden E-Commerce-Plattformen. Jeder von ihnen bietet einzigartige Tools und Erkenntnisse, die das Online-Einkaufserlebnis verbessern und die Konversionsraten steigern sollen. Hier ist ein \u00dcberblick \u00fcber die Arten der wichtigsten Akteure auf diesem Markt:<\/p>\n\n\n\n<ul class=\"wp-block-list\">\n<li><strong>Anbieter von E-Commerce-Plattformen:<\/strong> Giganten wie Shopify, Magento und BigCommerce bieten integrierte Funktionen oder Add-ons, die speziell f\u00fcr die Bek\u00e4mpfung von Warenkorbabbr\u00fcchen entwickelt wurden. Diese Plattformen bieten Unternehmen die Infrastruktur f\u00fcr Onlineshops sowie Tools zur Warenkorbwiederherstellung wie automatische E-Mail-Erinnerungen und gezielte Rabattangebote, um K\u00e4ufer zur\u00fcckzulocken.<\/li>\n\n\n\n<li><strong>Unternehmen f\u00fcr E-Mail-Marketing-Software:<\/strong> Anbieter wie Mailchimp und Klaviyo bieten robuste E-Mail-Marketingl\u00f6sungen, darunter Kampagnen zur Wiederherstellung abgebrochener Warenk\u00f6rbe. Mit diesen Tools k\u00f6nnen Unternehmen automatisch personalisierte E-Mails an Kunden senden, die Artikel in ihrem Warenkorb gelassen haben. Dabei werden Vorlagen und Analysen genutzt, um den Zeitpunkt und Inhalt der Nachrichten f\u00fcr eine maximale Wirkung zu optimieren.<\/li>\n\n\n\n<li><strong>Plattformen f\u00fcr Personalisierung und Kundenbindung:<\/strong> Unternehmen wie OptinMonster und Crazy Egg sind darauf spezialisiert, personalisierte Web-Erlebnisse zu schaffen, um die Abbruchrate von Einkaufsvorg\u00e4ngen zu reduzieren. Diese Plattformen bieten L\u00f6sungen wie Exit-Intent-Popups, On-Site-Retargeting und Analysen des Nutzerverhaltens, um Kunden in entscheidenden Momenten anzusprechen und sie zum Abschluss ihrer Eink\u00e4ufe zu bewegen.<\/li>\n\n\n\n<li><strong>Analyse- und User Experience (UX)-Tools:<\/strong> Google Analytics, Hotjar und VWO sind entscheidend, um die User Journey zu verstehen und herauszufinden, wo und warum der Kauf abgebrochen wird. Sie bieten detaillierte Analysen der Benutzerinteraktionen, Heatmaps und Conversion-Funnel-Analysen und helfen Unternehmen, Reibungspunkte zu identifizieren und den Checkout zu optimieren.<\/li>\n\n\n\n<li><strong>Anbieter von Zahlungsl\u00f6sungen:<\/strong> Da Kaufabbr\u00fcche h\u00e4ufig auf Zahlungsprobleme zur\u00fcckzuf\u00fchren sind, spielen Unternehmen wie PayPal, Stripe und Square eine entscheidende Rolle bei der Bereitstellung reibungsloser Zahlungserlebnisse.<\/li>\n<\/ul>\n\n\n\n<h2 class=\"wp-block-heading\">Wie die Marktforschung von SIS International zu abgebrochenen Eink\u00e4ufen Unternehmen hilft<\/h2>\n\n\n\n<p><a href=\"https:\/\/www.sisinternational.com\/de\/ostern-und-der-unvermeidliche-schokoladenhase\/\" title=\"Ostermarktforschung\"  data-wpil-monitor-id=\"8935\">SIS&#8217;s market research<\/a> offers e-commerce businesses a strategic edge by providing deep insights into the reasons behind cart abandonment and identifying effective strategies for mitigating this challenge. By leveraging SIS International\u2019s expertise, businesses can harness the power of data-driven decisions to optimize their online shopping experiences, <a href=\"https:\/\/www.sisinternational.com\/de\/verbesserung-der-kundenbeziehungen\/\" title=\"So steigern Sie die Kundenzufriedenheit und begeistern unzufriedene Kunden\"  data-wpil-monitor-id=\"8936\">improve customer satisfaction<\/a>, and boost conversion rates. Here&#8217;s how SIS International&#8217;s market research can help businesses utilize cart abandonment <a href=\"https:\/\/www.sisinternational.com\/de\/smart-home-marktforschung\/\" title=\"Smart Home Marktforschung\"  data-wpil-monitor-id=\"8937\">L\u00f6sungen<\/a> effectively:<\/p>\n\n\n\n<ul class=\"wp-block-list\">\n<li><strong>Ma\u00dfgeschneiderte Strategieentwicklung:<\/strong> We help businesses develop targeted strategies to tackle cart abandonment by identifying the most significant factors leading to abandonment on their specific platforms. <\/li>\n\n\n\n<li><strong>Optimierung der Customer Journey:<\/strong> Durch detaillierte Analysen des Kundenverhaltens und -feedbacks liefern die Experten von SIS Einblicke in die Customer Journey und identifizieren Reibungspunkte und Abbruchstellen. Unternehmen k\u00f6nnen diese Einblicke nutzen, um den Checkout-Prozess zu optimieren, die Navigation zu vereinfachen und ein nahtloses Einkaufserlebnis zu gew\u00e4hrleisten, das die Kunden bis zum Abschluss des Einkaufs fesselt.<\/li>\n\n\n\n<li><strong>Verbesserte Personalisierung und Engagement:<\/strong> Unternehmen k\u00f6nnen personalisiertere und ansprechendere Wiederherstellungsstrategien entwickeln, indem sie die vielf\u00e4ltigen Gr\u00fcnde f\u00fcr das Verlassen des Einkaufswagens verstehen. Die Forschung von SIS unterst\u00fctzt die Entwicklung gezielter E-Mail-Kampagnen, personalisierter Angebote und dynamischer Inhalte, die bei Kunden Anklang finden und sie dazu ermutigen, ihren Einkaufswagen erneut zu besuchen und ihre Eink\u00e4ufe abzuschlie\u00dfen.<\/li>\n\n\n\n<li><strong>Benchmarking und Wettbewerbsanalyse:<\/strong> Our consultants offer benchmarking services that allow businesses to compare cart abandonment rates and recovery <a href=\"https:\/\/www.sisinternational.com\/de\/die-notwendigkeit-von-wettbewerbsinformationen-in-dieser-rezession\/\" title=\"Die Notwendigkeit von Competitive Intelligence in einer Rezession\"  data-wpil-monitor-id=\"8940\">strategies<\/a> against industry standards and competitors. This comparative analysis helps companies identify areas for improvement and adopt best practices to enhance their competitive stance.<\/li>\n<\/ul>\n\n\n\n<p><\/p>","protected":false},"excerpt":{"rendered":"<p>Die Marktforschung zum Thema \u201eWarenkorbabbruch\u201c analysiert, warum K\u00e4ufer ihren Online-Einkaufswagen verlassen, ohne ihn abzuschlie\u00dfen.<\/p>","protected":false},"author":1,"featured_media":63941,"parent":14514,"menu_order":425,"comment_status":"closed","ping_status":"closed","template":"","meta":{"footnotes":""},"class_list":["post-46975","page","type-page","status-publish","has-post-thumbnail"],"_links":{"self":[{"href":"https:\/\/www.sisinternational.com\/de\/wp-json\/wp\/v2\/pages\/46975","targetHints":{"allow":["GET"]}}],"collection":[{"href":"https:\/\/www.sisinternational.com\/de\/wp-json\/wp\/v2\/pages"}],"about":[{"href":"https:\/\/www.sisinternational.com\/de\/wp-json\/wp\/v2\/types\/page"}],"author":[{"embeddable":true,"href":"https:\/\/www.sisinternational.com\/de\/wp-json\/wp\/v2\/users\/1"}],"replies":[{"embeddable":true,"href":"https:\/\/www.sisinternational.com\/de\/wp-json\/wp\/v2\/comments?post=46975"}],"version-history":[{"count":8,"href":"https:\/\/www.sisinternational.com\/de\/wp-json\/wp\/v2\/pages\/46975\/revisions"}],"predecessor-version":[{"id":81500,"href":"https:\/\/www.sisinternational.com\/de\/wp-json\/wp\/v2\/pages\/46975\/revisions\/81500"}],"up":[{"embeddable":true,"href":"https:\/\/www.sisinternational.com\/de\/wp-json\/wp\/v2\/pages\/14514"}],"wp:featuredmedia":[{"embeddable":true,"href":"https:\/\/www.sisinternational.com\/de\/wp-json\/wp\/v2\/media\/63941"}],"wp:attachment":[{"href":"https:\/\/www.sisinternational.com\/de\/wp-json\/wp\/v2\/media?parent=46975"}],"curies":[{"name":"wp","href":"https:\/\/api.w.org\/{rel}","templated":true}]}}