{"id":46965,"date":"2024-03-19T16:27:00","date_gmt":"2024-03-19T20:27:00","guid":{"rendered":"https:\/\/www.sisinternational.com\/?page_id=46965"},"modified":"2026-01-26T18:54:05","modified_gmt":"2026-01-26T23:54:05","slug":"risiko-ki-beratung","status":"publish","type":"page","link":"https:\/\/www.sisinternational.com\/de\/losungen\/ai-marktforschung-und-strategieberatung\/risiko-ki-beratung\/","title":{"rendered":"Risiko-KI-Beratung"},"content":{"rendered":"<h1 class=\"wp-block-heading\">Risiko-KI-Beratung<\/h1>\n\n\n\n<figure class=\"gb-block-image gb-block-image-2b3beb2a\"><img loading=\"lazy\" decoding=\"async\" width=\"1456\" height=\"816\" class=\"gb-image gb-image-2b3beb2a\" src=\"https:\/\/www.sisinternational.com\/wp-content\/uploads\/2025\/09\/Quantitative-research-22.jpg\" alt=\"SIS International Marktforschung &amp; Strategie\" title=\"Quantitative research (22)\" srcset=\"https:\/\/www.sisinternational.com\/wp-content\/uploads\/2025\/09\/Quantitative-research-22.jpg 1456w, https:\/\/www.sisinternational.com\/wp-content\/uploads\/2025\/09\/Quantitative-research-22-300x168.jpg 300w, https:\/\/www.sisinternational.com\/wp-content\/uploads\/2025\/09\/Quantitative-research-22-1024x574.jpg 1024w, https:\/\/www.sisinternational.com\/wp-content\/uploads\/2025\/09\/Quantitative-research-22-768x430.jpg 768w, https:\/\/www.sisinternational.com\/wp-content\/uploads\/2025\/09\/Quantitative-research-22-18x10.jpg 18w\" sizes=\"auto, (max-width: 1456px) 100vw, 1456px\"><\/figure>\n\n\n\n<hr class=\"wp-block-separator has-alpha-channel-opacity is-style-dots\"\/>\n\n\n\n<p>Die Risiko-KI-Beratung nutzt die M\u00f6glichkeiten der KI, um tiefere Einblicke, pr\u00e4diktive Analysen und automatisierte L\u00f6sungen f\u00fcr das Risikomanagement bereitzustellen. So k\u00f6nnen Unternehmen Risiken vorhersehen, bevor sie eintreten, ihre Entscheidungsprozesse optimieren und ihre allgemeine Belastbarkeit verbessern.<\/p>\n\n\n\n<p class=\"p1\">In der komplexen Gesch\u00e4ftswelt ist effektives Risikomanagement ein Muss \u2013 und Risk AI Consulting ist ein revolution\u00e4rer Ansatz, der k\u00fcnstliche Intelligenz mit Risikomanagement-Expertise kombiniert. Dieses innovative Feld ver\u00e4ndert die Art und Weise, wie Unternehmen potenzielle Bedrohungen identifizieren, bewerten und darauf reagieren, und erm\u00f6glicht es ihnen, in einer sich st\u00e4ndig ver\u00e4ndernden Landschaft die Nase vorn zu behalten.<\/p>\n\n\n\n<h2 class=\"wp-block-heading\">Was ist Risk-AI-Beratung?<\/h2>\n\n\n\n<p>This consulting uses artificial intelligence technologies, such as machine learning, natural language processing, and predictive analytics, to identify, assess, and mitigate risks in various business contexts. <\/p>\n\n\n\n<p>Im Kern geht es bei der Risiko-KI-Beratung darum, den traditionellen Risikomanagementprozess mithilfe von Daten und Automatisierung zu verbessern. K\u00fcnstliche Intelligenz-Algorithmen k\u00f6nnen riesige Datenmengen aus mehreren Quellen analysieren und Muster und Trends erkennen, die auf neu entstehende Risiken hinweisen k\u00f6nnen.<\/p>\n\n\n\n<h2 class=\"wp-block-heading\">Warum ben\u00f6tigen Unternehmen eine Risiko-KI-Beratung?<\/h2>\n\n\n\n<figure class=\"gb-block-image gb-block-image-8aa2c04a\"><img loading=\"lazy\" decoding=\"async\" width=\"1456\" height=\"816\" class=\"gb-image gb-image-8aa2c04a\" src=\"https:\/\/www.sisinternational.com\/wp-content\/uploads\/2025\/09\/Research-11.jpg\" alt=\"SIS International Marktforschung &amp; Strategie\" title=\"Research (11)\" srcset=\"https:\/\/www.sisinternational.com\/wp-content\/uploads\/2025\/09\/Research-11.jpg 1456w, https:\/\/www.sisinternational.com\/wp-content\/uploads\/2025\/09\/Research-11-300x168.jpg 300w, https:\/\/www.sisinternational.com\/wp-content\/uploads\/2025\/09\/Research-11-1024x574.jpg 1024w, https:\/\/www.sisinternational.com\/wp-content\/uploads\/2025\/09\/Research-11-768x430.jpg 768w, https:\/\/www.sisinternational.com\/wp-content\/uploads\/2025\/09\/Research-11-18x10.jpg 18w\" sizes=\"auto, (max-width: 1456px) 100vw, 1456px\"><\/figure>\n\n\n\n<p><\/p>\n\n\n\n<p>Mithilfe der pr\u00e4diktiven Analysefunktionen der KI k\u00f6nnen Unternehmen potenzielle Risiken vorhersehen, bevor sie eintreten. Diese Vorausschau erm\u00f6glicht es ihnen, vorbeugende Ma\u00dfnahmen zu ergreifen und so die Wahrscheinlichkeit negativer Auswirkungen auf ihren Betrieb zu verringern.<\/p>\n\n\n\n<p>Unternehmen, die sich auf Risiko-KI-Beratung spezialisieren, k\u00f6nnen sich einen Wettbewerbsvorteil verschaffen, indem sie widerstandsf\u00e4higer und anpassungsf\u00e4higer gegen\u00fcber Marktver\u00e4nderungen werden. Durch proaktives Risikomanagement k\u00f6nnen sie auch in unsicheren Zeiten Stabilit\u00e4t bewahren und wachsen.<\/p>\n\n\n\n<p>Dar\u00fcber hinaus unterliegen viele Branchen strengen regulatorischen Anforderungen in Bezug auf das Risikomanagement. Risk-AI-Beratung kann Unternehmen dabei helfen, die Einhaltung dieser Anforderungen sicherzustellen, indem sie genaue und aktuelle Risikobewertungen bereitstellt und Compliance-bezogene Prozesse automatisiert. Sie bietet jedoch noch viele weitere Vorteile, darunter:<\/p>\n\n\n\n<ul class=\"wp-block-list\">\n<li><strong>Echtzeit\u00fcberwachung:<\/strong> Durch Beratung k\u00f6nnen Bedrohungen kontinuierlich \u00fcberwacht werden. Durch den Einsatz von Algorithmen der k\u00fcnstlichen Intelligenz k\u00f6nnen Unternehmen neu auftretende Risiken in Echtzeit erkennen und darauf reagieren und so ihre potenziellen Auswirkungen minimieren.<\/li>\n\n\n\n<li><strong>Pr\u00e4diktive Analytik:<\/strong> Einer der gr\u00f6\u00dften Vorteile der Risiko-KI-Beratung ist die F\u00e4higkeit, zuk\u00fcnftige Risiken vorherzusagen. Predictive Analytics kann Trends und Muster in Daten erkennen, sodass Unternehmen potenzielle Bedrohungen vorhersehen und sich darauf vorbereiten k\u00f6nnen.<\/li>\n\n\n\n<li><strong>Automatisierung von Risikoprozessen:<\/strong> KI kann verschiedene Aufgaben des Risikomanagements automatisieren, wie etwa Datenerfassung, -analyse und -berichterstattung. Diese Automatisierung verringert die Wahrscheinlichkeit menschlicher Fehler und setzt wertvolle Ressourcen f\u00fcr andere strategische Aktivit\u00e4ten frei.<\/li>\n\n\n\n<li><strong>Verbesserte Entscheidungsfindung:<\/strong> Mit den Erkenntnissen dieses Beratungsdienstes k\u00f6nnen Unternehmen fundiertere Entscheidungen hinsichtlich ihrer Risikominderungsstrategien treffen. Dies f\u00fchrt zu einem effektiveren Risikomanagement und insgesamt besseren Gesch\u00e4ftsergebnissen.<\/li>\n\n\n\n<li><strong>Ma\u00dfgeschneiderte L\u00f6sungen:<\/strong> Die Risk AI-Beratung kann an die Bed\u00fcrfnisse und das Risikoprofil jedes Unternehmens angepasst werden. Diese Anpassung stellt sicher, dass die Risikomanagementstrategien mit den Zielen und betrieblichen Anforderungen des Unternehmens \u00fcbereinstimmen.<\/li>\n<\/ul>\n\n\n\n<h2 class=\"wp-block-heading\">Wer nutzt Risk AI Consulting<\/h2>\n\n\n\n<p>Banken, Versicherungsunternehmen und Investmentfirmen nutzen diese Beratung, um Finanzrisiken zu verwalten, Betrug aufzudecken, die Kreditw\u00fcrdigkeit zu beurteilen und die Einhaltung gesetzlicher Vorschriften sicherzustellen.<\/p>\n\n\n\n<p>Dar\u00fcber hinaus nutzen Gesundheitsdienstleister die Risiko-KI-Beratung f\u00fcr die Sicherheit von Patientendaten, die Einhaltung gesetzlicher Vorschriften und pr\u00e4diktive Analysen f\u00fcr Krankheitsausbr\u00fcche und Behandlungsergebnisse. Ebenso nutzen Einzelh\u00e4ndler und E-Commerce-Unternehmen diesen Service, um Lieferkettenrisiken zu verwalten, Betrug vorzubeugen und das Kundenerlebnis durch personalisierte Risikobewertungen zu verbessern.<\/p>\n\n\n\n<p>Dar\u00fcber hinaus nutzen Fertigungsunternehmen Risikomanagement-KI-Beratung f\u00fcr vorausschauende Wartung, Qualit\u00e4tskontrolle und die Bew\u00e4ltigung von Lieferkettenunterbrechungen.<\/p>\n\n\n\n<h2 class=\"wp-block-heading\">Wann sollte eine Risiko-KI-Beratung durchgef\u00fchrt werden?<\/h2>\n\n\n\n<p>Beratung ist keine einmalige Aktivit\u00e4t, sondern ein fortlaufender Prozess, der in die allgemeine Risikomanagementstrategie eines Unternehmens integriert werden sollte. Hier sind einige Szenarien, in denen die Durchf\u00fchrung einer Risiko-KI-Beratung besonders wichtig ist:<\/p>\n\n\n\n<ul class=\"wp-block-list\">\n<li><strong>W\u00e4hrend der strategischen Planung:<\/strong> Beim Festlegen langfristiger Ziele und Strategien k\u00f6nnen Unternehmen potenzielle Risiken identifizieren, die ihre Ziele beeintr\u00e4chtigen k\u00f6nnten. Auf diese Weise k\u00f6nnen proaktive Ma\u00dfnahmen zur Risikominderung in den Planungsprozess integriert werden.<\/li>\n\n\n\n<li><strong>Vor der Einf\u00fchrung neuer Produkte oder Dienstleistungen:<\/strong> Dieser Service kann dabei helfen, vor der Einf\u00fchrung neuer Angebote potenzielle Risiken im Zusammenhang mit dem Markteintritt, der Lieferkette, der Einhaltung gesetzlicher Vorschriften usw. zu erkennen.<\/li>\n\n\n\n<li><strong>Nach einem gr\u00f6\u00dferen Vorfall oder einer Krise:<\/strong> Nach einem schwerwiegenden Ereignis wie einer Datenpanne, einer Naturkatastrophe oder einem wirtschaftlichen Abschwung ist eine Beratung zum Thema KI-Risiken unerl\u00e4sslich, um die Auswirkungen einzusch\u00e4tzen, zu verstehen, was schiefgelaufen ist, und Strategien zur Verhinderung \u00e4hnlicher Vorf\u00e4lle zu entwickeln.<\/li>\n\n\n\n<li><strong>Bei der Expansion in neue M\u00e4rkte:<\/strong> Der Eintritt in neue geografische oder sektorale M\u00e4rkte ist mit Risiken verbunden. Dieser Service kann Einblicke in die besonderen Herausforderungen des neuen Marktes bieten und Unternehmen dabei helfen, geeignete Strategien zur Risikominderung zu entwickeln.<\/li>\n<\/ul>\n\n\n\n<h2 class=\"wp-block-heading\">Gelegenheiten<\/h2>\n\n\n\n<figure class=\"gb-block-image gb-block-image-77d240af\"><img loading=\"lazy\" decoding=\"async\" width=\"1456\" height=\"816\" class=\"gb-image gb-image-77d240af\" src=\"https:\/\/www.sisinternational.com\/wp-content\/uploads\/2025\/09\/Quantitative-research-1d4-2.jpg\" alt=\"SIS International Marktforschung &amp; Strategie\" title=\"Quantitative research (1d4) (2)\" srcset=\"https:\/\/www.sisinternational.com\/wp-content\/uploads\/2025\/09\/Quantitative-research-1d4-2.jpg 1456w, https:\/\/www.sisinternational.com\/wp-content\/uploads\/2025\/09\/Quantitative-research-1d4-2-300x168.jpg 300w, https:\/\/www.sisinternational.com\/wp-content\/uploads\/2025\/09\/Quantitative-research-1d4-2-1024x574.jpg 1024w, https:\/\/www.sisinternational.com\/wp-content\/uploads\/2025\/09\/Quantitative-research-1d4-2-768x430.jpg 768w, https:\/\/www.sisinternational.com\/wp-content\/uploads\/2025\/09\/Quantitative-research-1d4-2-18x10.jpg 18w\" sizes=\"auto, (max-width: 1456px) 100vw, 1456px\"><\/figure>\n\n\n\n<p><\/p>\n\n\n\n<p>Risk AI-Beratung bietet Unternehmen eine Reihe von M\u00f6glichkeiten, ihre Risikomanagementpraktiken zu verbessern und das Wachstum voranzutreiben. Hier sind einige Schl\u00fcsselbereiche, von denen Unternehmen profitieren k\u00f6nnen:<\/p>\n\n\n\n<ul class=\"wp-block-list\">\n<li><strong>Personalisiertes Risikomanagement:<\/strong> Mithilfe k\u00fcnstlicher Intelligenz k\u00f6nnen Risikomanagementstrategien an die spezifischen Bed\u00fcrfnisse und Risikoprofile einzelner Unternehmen angepasst werden. Dieser personalisierte Ansatz f\u00fchrt zu einer effektiveren Risikominderung und einer h\u00f6heren Widerstandsf\u00e4higkeit.<\/li>\n\n\n\n<li><strong>Kostenreduzierung:<\/strong> Durch die Automatisierung von Risikomanagementprozessen und die Verringerung des Bedarfs an manuellen Eingriffen kann die Risiko-KI-Beratung Unternehmen dabei helfen, Betriebskosten zu senken und Ressourcen effizienter zuzuweisen.<\/li>\n\n\n\n<li><strong>Verbesserte Einhaltung gesetzlicher Vorschriften:<\/strong> KI-gesteuerte Risikomanagementsysteme k\u00f6nnen Unternehmen dabei helfen, die sich st\u00e4ndig \u00e4ndernden Vorschriften einzuhalten, indem sie sich automatisch an neue Anforderungen anpassen und sicherstellen, dass alle Compliance-Ma\u00dfnahmen vorhanden sind.<\/li>\n\n\n\n<li><strong>Verbesserte Entscheidungsfindung:<\/strong> Unternehmen k\u00f6nnen fundiertere Entscheidungen bez\u00fcglich ihrer Risikomanagementstrategien treffen, was zu besseren Ergebnissen und einer geringeren Risikobelastung f\u00fchrt.<\/li>\n\n\n\n<li><strong>Wettbewerbsvorteil:<\/strong> Durch die Einbeziehung von Risk-AI-Beratung k\u00f6nnen sich Unternehmen als f\u00fchrende Anbieter im Risikomanagement positionieren, sich einen Wettbewerbsvorteil in ihrer Branche verschaffen und das Vertrauen der Stakeholder gewinnen.<\/li>\n<\/ul>\n\n\n\n<h2 class=\"wp-block-heading\">Herausforderungen<\/h2>\n\n\n\n<p>Die Risiko-KI-Beratung bringt auch besondere Herausforderungen mit sich, denen sich Unternehmen stellen m\u00fcssen. Hier sind einige der wichtigsten Herausforderungen:<\/p>\n\n\n\n<ul class=\"wp-block-list\">\n<li><strong>Datenschutz und Sicherheit:<\/strong> Da die Beratung in hohem Ma\u00dfe auf Daten angewiesen ist, ist die Gew\u00e4hrleistung der Vertraulichkeit und Sicherheit dieser Daten ein wichtiges Anliegen. Unternehmen m\u00fcssen robuste Sicherheitsma\u00dfnahmen implementieren, um vertrauliche Informationen vor Verst\u00f6\u00dfen und unbefugtem Zugriff zu sch\u00fctzen.<\/li>\n\n\n\n<li><strong>Integrationskomplexit\u00e4t:<\/strong> Die Integration von KI-Technologien in Risikomanagementsysteme kann komplex sein. Unternehmen m\u00fcssen die Kompatibilit\u00e4t und den reibungslosen Betrieb verschiedener Systeme und Technologien sicherstellen.<\/li>\n\n\n\n<li><strong>Qualifikationsl\u00fccke:<\/strong> There may be a skills gap in the workforce, with a lack of expertise in AI technologies and risk management. Investing in training and development is essential to build the necessary capabilities for effective <a href=\"https:\/\/www.sisinternational.com\/de\/losungen\/reise-tourismus-und-gastgewerbeberatung\/tourismusentwicklungsberatung\/\" title=\"Tourismusentwicklungsberatung\"  data-wpil-monitor-id=\"7125\">risk AI consulting<\/a>.<\/li>\n\n\n\n<li><strong>Ethische \u00dcberlegungen:<\/strong> Der Einsatz von KI im Risikomanagement wirft ethische Fragen auf, etwa hinsichtlich der Voreingenommenheit von KI-Algorithmen und der m\u00f6glichen Auswirkungen auf die Besch\u00e4ftigung. Unternehmen m\u00fcssen sich mit diesen ethischen \u00dcberlegungen auseinandersetzen, um einen verantwortungsvollen Einsatz k\u00fcnstlicher Intelligenz sicherzustellen.<\/li>\n\n\n\n<li><strong>Widerstand zur Aenderung:<\/strong> Innerhalb der Organisation kann es Widerstand gegen Ver\u00e4nderungen geben, und die Mitarbeiter z\u00f6gern, neue KI-gesteuerte Prozesse zu \u00fcbernehmen. Ein effektives \u00c4nderungsmanagement ist entscheidend, um diese Herausforderung zu meistern und eine erfolgreiche Implementierung sicherzustellen.<\/li>\n<\/ul>\n\n\n\n<h2 class=\"wp-block-heading\">Wie die Risk AI-Beratung von SIS International Unternehmen hilft<\/h2>\n\n\n\n<p>Die Risiko-KI-Beratungsdienste von SIS International bieten Unternehmen einen umfassenden Ansatz zum Risikomanagement mithilfe fortschrittlicher KI-Technologien. So profitieren Unternehmen von den L\u00f6sungen von SIS International:<\/p>\n\n\n\n<ul class=\"wp-block-list\">\n<li><strong>Ma\u00dfgeschneiderte Risikobewertungen:<\/strong> SIS International bietet ma\u00dfgeschneiderte Risikobewertungen an, die KI nutzen, um spezifische, f\u00fcr das Unternehmen relevante Risikofaktoren zu analysieren. Dies gew\u00e4hrleistet ein genaueres und umfassenderes Verst\u00e4ndnis potenzieller Bedrohungen.<\/li>\n\n\n\n<li><strong>Pr\u00e4diktive Risikoanalyse:<\/strong> Durch pr\u00e4diktive Analysen unterst\u00fctzt SIS International Unternehmen dabei, zuk\u00fcnftige Risiken vorherzusehen und proaktiv Ma\u00dfnahmen zu ergreifen, um potenzielle Auswirkungen zu mildern oder zu vermeiden.<\/li>\n\n\n\n<li><strong>Automatisiertes Risikomonitoring:<\/strong> Zu den Beratungsleistungen von SIS International im Bereich Risiko-KI geh\u00f6rt die Implementierung automatisierter Systeme zur kontinuierlichen \u00dcberwachung, um sicherzustellen, dass neu auftretende Risiken in Echtzeit erkannt und angegangen werden.<\/li>\n\n\n\n<li><strong>Strategisches Risikomanagement:<\/strong> Unsere Berater bieten strategische Beratung zur Integration von KI in bestehende Risikomanagementrahmen und unterst\u00fctzen Unternehmen dabei, ihre Entscheidungsprozesse und allgemeinen Risikomanagementstrategien zu verbessern.<\/li>\n\n\n\n<li><strong>Unterst\u00fctzung bei der Einhaltung gesetzlicher Vorschriften:<\/strong> Dank unserer Fachkompetenz im Bereich regulatorischer Anforderungen stellt SIS sicher, dass die Beratungsl\u00f6sungen von Unternehmen im Bereich Risikomanagement-KI den relevanten Gesetzen und Vorschriften entsprechen, wodurch das Risiko rechtlicher Probleme verringert wird.<\/li>\n\n\n\n<li><strong>Schulung und Support:<\/strong> SIS International bietet Unternehmen Schulungen und Support an und hilft ihnen dabei, interne Kompetenzen f\u00fcr das Risikomanagement mithilfe von KI-Beratungsl\u00f6sungen aufzubauen und deren effektive Nutzung im Laufe der Zeit sicherzustellen.<\/li>\n\n\n\n<li><strong>Laufende Evaluierung:<\/strong> Our experts conduct regular evaluations of the <a href=\"https:\/\/www.sisinternational.com\/de\/losungen\/sis-globales-wachstum\/strategische-beschaffung-2\/\" title=\"Fachm\u00e4nnische Beschaffungsl\u00f6sungen\"  data-wpil-monitor-id=\"6377\">risk AI consulting<\/a> solutions to assess their performance and make necessary adjustments, ensuring that they continue to meet the evolving needs of the business.<\/li>\n<\/ul>\n\n\n\n<h1 class=\"wp-block-heading\">\u00dcber SIS International<\/h1>\n\n\n\n<p>SIS International offers Quantitative, Qualitative, and Strategy Research. We provide data, tools, strategies, reports and insights for decision-making. We conduct interviews, surveys, focus groups and many other <a class=\"wpil_keyword_link\" href=\"https:\/\/www.sisinternational.com\/de\/\"   title=\"Startseite\" data-wpil-keyword-link=\"linked\"  data-wpil-monitor-id=\"580\">Marktforschung<\/a> methods and approaches. <a class=\"wpil_keyword_link\" href=\"https:\/\/www.sisinternational.com\/de\/kontaktieren-sie-sis-international-market-research\/\"   title=\"Kontaktiere uns\" data-wpil-keyword-link=\"linked\"  data-wpil-monitor-id=\"581\">Kontakt<\/a> us for your next Market Research project.<\/p>\n\n\n\n<p><\/p>","protected":false},"excerpt":{"rendered":"<p>Die Risiko-KI-Beratung nutzt KI-Technologien, um Risiken in verschiedenen Gesch\u00e4ftskontexten zu identifizieren, zu bewerten und zu mindern.<\/p>","protected":false},"author":1,"featured_media":67035,"parent":44406,"menu_order":74,"comment_status":"closed","ping_status":"closed","template":"","meta":{"footnotes":""},"class_list":["post-46965","page","type-page","status-publish","has-post-thumbnail"],"_links":{"self":[{"href":"https:\/\/www.sisinternational.com\/de\/wp-json\/wp\/v2\/pages\/46965","targetHints":{"allow":["GET"]}}],"collection":[{"href":"https:\/\/www.sisinternational.com\/de\/wp-json\/wp\/v2\/pages"}],"about":[{"href":"https:\/\/www.sisinternational.com\/de\/wp-json\/wp\/v2\/types\/page"}],"author":[{"embeddable":true,"href":"https:\/\/www.sisinternational.com\/de\/wp-json\/wp\/v2\/users\/1"}],"replies":[{"embeddable":true,"href":"https:\/\/www.sisinternational.com\/de\/wp-json\/wp\/v2\/comments?post=46965"}],"version-history":[{"count":10,"href":"https:\/\/www.sisinternational.com\/de\/wp-json\/wp\/v2\/pages\/46965\/revisions"}],"predecessor-version":[{"id":80688,"href":"https:\/\/www.sisinternational.com\/de\/wp-json\/wp\/v2\/pages\/46965\/revisions\/80688"}],"up":[{"embeddable":true,"href":"https:\/\/www.sisinternational.com\/de\/wp-json\/wp\/v2\/pages\/44406"}],"wp:featuredmedia":[{"embeddable":true,"href":"https:\/\/www.sisinternational.com\/de\/wp-json\/wp\/v2\/media\/67035"}],"wp:attachment":[{"href":"https:\/\/www.sisinternational.com\/de\/wp-json\/wp\/v2\/media?parent=46965"}],"curies":[{"name":"wp","href":"https:\/\/api.w.org\/{rel}","templated":true}]}}