{"id":46896,"date":"2024-03-17T00:36:33","date_gmt":"2024-03-17T04:36:33","guid":{"rendered":"https:\/\/www.sisinternational.com\/?page_id=46896"},"modified":"2026-01-24T21:08:41","modified_gmt":"2026-01-25T02:08:41","slug":"patientenmonitoring-marktforschung-strategieberatung","status":"publish","type":"page","link":"https:\/\/www.sisinternational.com\/de\/losungen\/strategieberatung\/patientenmonitoring-marktforschung-strategieberatung\/","title":{"rendered":"Medical Device Consulting"},"content":{"rendered":"<h1 class=\"wp-block-heading\">Medical Device Consulting<\/h1>\n\n\n\n<figure class=\"gb-block-image gb-block-image-a63f5d2f\"><img loading=\"lazy\" decoding=\"async\" width=\"1456\" height=\"816\" class=\"gb-image gb-image-a63f5d2f\" src=\"https:\/\/www.sisinternational.com\/wp-content\/uploads\/2025\/08\/Healthcare-2.jpg\" alt=\"SIS International Marktforschung &amp; Strategie\" title=\"Healthcare (2)\" srcset=\"https:\/\/www.sisinternational.com\/wp-content\/uploads\/2025\/08\/Healthcare-2.jpg 1456w, https:\/\/www.sisinternational.com\/wp-content\/uploads\/2025\/08\/Healthcare-2-300x168.jpg 300w, https:\/\/www.sisinternational.com\/wp-content\/uploads\/2025\/08\/Healthcare-2-1024x574.jpg 1024w, https:\/\/www.sisinternational.com\/wp-content\/uploads\/2025\/08\/Healthcare-2-768x430.jpg 768w, https:\/\/www.sisinternational.com\/wp-content\/uploads\/2025\/08\/Healthcare-2-18x10.jpg 18w\" sizes=\"auto, (max-width: 1456px) 100vw, 1456px\"><\/figure>\n\n\n\n<hr class=\"wp-block-separator has-alpha-channel-opacity is-style-dots\"\/>\n\n\n\n<p>Wie k\u00f6nnen Unternehmen die Leistungsf\u00e4higkeit der Patienten\u00fcberwachung nutzen, um Innovationen voranzutreiben, die Patientenversorgung zu verbessern und in einem zunehmend wettbewerbsorientierten Markt die Nase vorn zu behalten? Von tragbaren Ger\u00e4ten bis hin zu Fern\u00fcberwachungsl\u00f6sungen bietet die Patienten\u00fcberwachung Unternehmen, die ihr Potenzial aussch\u00f6pfen m\u00f6chten, eine F\u00fclle von M\u00f6glichkeiten \u2013 und deshalb helfen Marktforschung und Strategieberatung zur Patienten\u00fcberwachung Unternehmen, die Nase vorn zu behalten, zu wachsen und sich in einem wettbewerbsorientierten Markt von der Konkurrenz abzuheben.<\/p>\n\n\n\n<h2 class=\"wp-block-heading\">What Is Medical Device Consulting? Why Is It Important?<\/h2>\n\n\n\n<p>Medical Device Consulting aims at maximizing the effectiveness of patient monitoring technologies and practices. It delves into understanding the current landscape of patient monitoring technologies, including wearable devices, remote monitoring systems, and telehealth platforms. <\/p>\n\n\n\n<p> But, it brings many other benefits for businesses, including:<\/p>\n\n\n\n<ul class=\"wp-block-list\">\n<li><strong>Informierte Entscheidungsfindung:<\/strong> <a href=\"https:\/\/www.sisinternational.com\/de\/sachverstand\/branchen\/marktforschung-fur-medizinische-gerate\/\" title=\"Marktforschung f\u00fcr medizinische Ger\u00e4te\"  data-wpil-monitor-id=\"3177\">Medical Device Consulting<\/a> provides healthcare organizations with valuable insights into market trends, patient preferences, and technological advancements.<\/li>\n\n\n\n<li><strong>Verbesserte Patientenversorgung:<\/strong> Technologien zur Patienten\u00fcberwachung erm\u00f6glichen es Gesundheitsdienstleistern, die Vitalfunktionen, Symptome und den Gesundheitszustand von Patienten in Echtzeit zu \u00fcberwachen. So k\u00f6nnen Komplikationen fr\u00fchzeitig erkannt und rechtzeitig eingegriffen werden.<\/li>\n\n\n\n<li><strong>Betriebseffizienz:<\/strong> It helps healthcare organizations optimize their patient monitoring workflows, streamline processes, and leverage <a href=\"https:\/\/www.sisinternational.com\/de\/losungen\/ai-marktforschung-und-strategieberatung\/technologie-industrie-automatisierung-kunstliche-intelligenz-beratung\/\" title=\"Beratung zur Automatisierung der Technologiebranche und zu k\u00fcnstlicher Intelligenz\"  data-wpil-monitor-id=\"10211\">automation and digital technologies<\/a> to drive operational efficiency.<\/li>\n\n\n\n<li><strong>Einhaltung gesetzlicher Vorschriften:<\/strong> Organisationen im Gesundheitswesen arbeiten in einem stark regulierten Umfeld und die Patienten\u00fcberwachungsanalyse tr\u00e4gt dazu bei, die Einhaltung gesetzlicher Anforderungen sicherzustellen.<\/li>\n<\/ul>\n\n\n\n<h2 class=\"wp-block-heading\">When to Conduct Medical Device Consulting<\/h2>\n\n\n\n<p>Determining the right timing for Medical Device Consulting is essential for maximizing its effectiveness and impact \u2013 and here are some key factors to consider:<\/p>\n\n\n\n<ul class=\"wp-block-list\">\n<li><strong>Einf\u00fchrung neuer Technologien:<\/strong> When healthcare organizations are considering the introduction of new patient monitoring technologies or solutions, it&#8217;s a good time to conduct market <a class=\"wpil_keyword_link\" href=\"https:\/\/www.sisinternational.com\/de\/\"   title=\"Startseite\" data-wpil-keyword-link=\"linked\"  data-wpil-monitor-id=\"583\">research and strategy<\/a> consulting. <\/li>\n\n\n\n<li><strong>Erweiterung der Patienten\u00fcberwachungsdienste:<\/strong> As healthcare organizations expand their patient monitoring services to new specialties, settings, or patient populations, it&#8217;s important to <a href=\"https:\/\/www.sisinternational.com\/de\/how-to-conduct-effective-quantitative-market-research\/\" title=\"How to Conduct Effective Quantitative Market Research\"  data-wpil-monitor-id=\"10189\">conduct market research<\/a> to understand the specific needs and preferences of these target audiences. Strategy <a href=\"https:\/\/www.sisinternational.com\/de\/losungen\/strategieberatung\/strategieentwicklung-umsetzungsberatung\/\" title=\"Strategieentwicklung und Umsetzungsberatung\"  data-wpil-monitor-id=\"10202\">consulting can then help organizations develop<\/a> tailored strategies for effectively delivering patient monitoring services in these new areas.<\/li>\n\n\n\n<li><strong>Regulatorische \u00c4nderungen oder Compliance-Anforderungen:<\/strong> \u00c4nderungen der gesetzlichen Anforderungen oder Compliance-Standards im Zusammenhang mit der Patienten\u00fcberwachung k\u00f6nnen erhebliche Auswirkungen auf Gesundheitsorganisationen haben. Marktforschung und Strategieberatung k\u00f6nnen Organisationen dabei helfen, die Auswirkungen dieser \u00c4nderungen zu verstehen, ihren aktuellen Compliance-Status zu bewerten und Strategien zur Erreichung und Aufrechterhaltung der Compliance zu entwickeln.<\/li>\n\n\n\n<li><strong>Initiativen zur Leistungsverbesserung:<\/strong> Wenn Gesundheitsorganisationen die Leistung ihrer Patienten\u00fcberwachungsprogramme verbessern m\u00f6chten, k\u00f6nnen Marktforschung und Strategieberatung wertvolle Erkenntnisse \u00fcber Verbesserungsbereiche liefern.<\/li>\n\n\n\n<li><strong>Bewertung der Wettbewerber:<\/strong> Keeping a pulse on competitors&#8217; patient monitoring initiatives and strategies is <a href=\"https:\/\/www.sisinternational.com\/de\/what-to-expect-in-your-first-year-entering-a-new-market-5-essential-strategies\/\" title=\"What to Expect in Your First Year Entering a New Market: 5 Essential Strategies\"  data-wpil-monitor-id=\"10209\">essential<\/a> for staying competitive in the healthcare market. <\/li>\n<\/ul>\n\n\n\n<h2 class=\"wp-block-heading\">Expected Results from SIS\u2019s Medical Device Consulting<\/h2>\n\n\n\n<figure class=\"gb-block-image gb-block-image-40603e4c\"><img loading=\"lazy\" decoding=\"async\" width=\"1456\" height=\"816\" class=\"gb-image gb-image-40603e4c\" src=\"https:\/\/www.sisinternational.com\/wp-content\/uploads\/2025\/08\/Healthcare-6.jpg\" alt=\"SIS International Marktforschung &amp; Strategie\" title=\"Healthcare (6)\" srcset=\"https:\/\/www.sisinternational.com\/wp-content\/uploads\/2025\/08\/Healthcare-6.jpg 1456w, https:\/\/www.sisinternational.com\/wp-content\/uploads\/2025\/08\/Healthcare-6-300x168.jpg 300w, https:\/\/www.sisinternational.com\/wp-content\/uploads\/2025\/08\/Healthcare-6-1024x574.jpg 1024w, https:\/\/www.sisinternational.com\/wp-content\/uploads\/2025\/08\/Healthcare-6-768x430.jpg 768w, https:\/\/www.sisinternational.com\/wp-content\/uploads\/2025\/08\/Healthcare-6-18x10.jpg 18w\" sizes=\"auto, (max-width: 1456px) 100vw, 1456px\"><\/figure>\n\n\n\n<p><\/p>\n\n\n\n<p>Durch Marktforschung und Strategieberatung k\u00f6nnen Gesundheitsorganisationen, die die Patientenversorgung und Effizienz verbessern m\u00f6chten, eine Reihe positiver Ergebnisse erwarten:<\/p>\n\n\n\n<ul class=\"wp-block-list\">\n<li><strong>Betriebseffizienz:<\/strong> Through market research and strategy consulting, healthcare organizations can identify opportunities for streamlining processes, reducing costs, and improving resource utilization in their patient monitoring programs. <\/li>\n\n\n\n<li><strong>Wettbewerbsvorteil:<\/strong> By staying abreast of market trends, technological advancements, and competitor strategies, <a href=\"https:\/\/www.sisinternational.com\/de\/organherstellung-mit-3d-druckern\/\" title=\"Marktforschung zur Organherstellung und zum 3D-Druck\"  data-wpil-monitor-id=\"10186\">healthcare organizations<\/a> can maintain a competitive edge in the patient monitoring market. <\/li>\n\n\n\n<li><strong>Einhaltung gesetzlicher Vorschriften:<\/strong> Gesundheitsorganisationen arbeiten in einem stark regulierten Umfeld. Marktforschung und Strategieberatung helfen dabei, die Einhaltung gesetzlicher Vorschriften sicherzustellen. Berater geben Hilfestellung bei der Navigation durch komplexe regulatorische Rahmenbedingungen, implementieren Best Practices f\u00fcr Datensicherheit und Datenschutz und gew\u00e4hrleisten die Einhaltung von Branchenstandards und -richtlinien.<\/li>\n<\/ul>\n\n\n\n<h2 class=\"wp-block-heading\">Hauptakteure auf dem Markt f\u00fcr Patienten\u00fcberwachung<\/h2>\n\n\n\n<p>Im sich rasch entwickelnden Bereich der Patienten\u00fcberwachung treiben mehrere wichtige Akteure Innovationen voran und pr\u00e4gen die Branche. Diese Unternehmen bieten eine breite Palette an L\u00f6sungen und Technologien zur Patienten\u00fcberwachung an, die den unterschiedlichen Anforderungen von Gesundheitsorganisationen weltweit gerecht werden.<\/p>\n\n\n\n<ul class=\"wp-block-list\">\n<li><strong>Philips Healthcare:<\/strong> Philips Healthcare ist ein weltweit f\u00fchrendes Unternehmen in der Gesundheitstechnologie und bietet ein umfassendes Portfolio an Patienten\u00fcberwachungsl\u00f6sungen, darunter Bettmonitore, tragbare Ger\u00e4te und Fern\u00fcberwachungsplattformen.<\/li>\n\n\n\n<li><strong>Medtronic:<\/strong> Medtronic is a leading medical device company that offers a range of patient monitoring solutions, including cardiac monitors, respiratory monitors, and glucose monitoring systems. <\/li>\n\n\n\n<li><strong>GE Healthcare:<\/strong> GE Healthcare ist ein bedeutender Akteur auf dem Markt der Patienten\u00fcberwachung und bietet eine breite Palette von \u00dcberwachungsl\u00f6sungen f\u00fcr die Intensivpflege, An\u00e4sthesie und perioperative Versorgung.<\/li>\n\n\n\n<li><strong>Siemens Healthineers:<\/strong> Siemens Healthineers bietet ein umfassendes Portfolio an Patienten\u00fcberwachungsl\u00f6sungen, darunter Multiparametermonitore, Telemetriesysteme und zentrale \u00dcberwachungsstationen. Die Produkte des Unternehmens sind auf die vielf\u00e4ltigen Anforderungen von Gesundheitsorganisationen von kleinen Kliniken bis hin zu gro\u00dfen Krankenh\u00e4usern zugeschnitten und f\u00fcr ihre Zuverl\u00e4ssigkeit, Genauigkeit und Interoperabilit\u00e4t bekannt.<\/li>\n\n\n\n<li><strong>Nihon Kohden:<\/strong> Nihon Kohden ist ein weltweit f\u00fchrender Anbieter von L\u00f6sungen zur Patienten\u00fcberwachung und -diagnose und bietet ein umfassendes Sortiment an Monitoren, Sensoren und Zubeh\u00f6r f\u00fcr Anwendungen zur \u00dcberwachung am Krankenbett und zur Fern\u00fcberwachung.<\/li>\n<\/ul>\n\n\n\n<h2 class=\"wp-block-heading\">How SIS International\u2019s Medical Device Consulting Helps Businesses<\/h2>\n\n\n\n<p>Bei SIS International wissen wir, wie wichtig die Patienten\u00fcberwachung in der modernen Gesundheitsversorgung ist. Unser Ansatz bei der Marktforschung und Strategieberatung zur Patienten\u00fcberwachung basiert auf einem tiefen Verst\u00e4ndnis der Gesundheitsbranche, modernsten Forschungsmethoden und dem Engagement, umsetzbare Erkenntnisse zu liefern, die zu Ergebnissen f\u00fchren. So gehen wir bei der Marktforschung und Strategieberatung zur Patienten\u00fcberwachung vor:<\/p>\n\n\n\n<ul class=\"wp-block-list\">\n<li><strong>Umfassende Marktanalyse:<\/strong> We begin by conducting a comprehensive analysis of the patient monitoring market landscape, including market size, growth trends, competitive dynamics, and regulatory environment. <\/li>\n\n\n\n<li><strong>Ma\u00dfgeschneiderte Forschungsl\u00f6sungen:<\/strong> We work closely with our clients to develop customized research solutions tailored to their specific needs and objectives. Whether it&#8217;s exploring market trends, evaluating new technologies, or understanding patient preferences, our research methodologies are designed to provide <a href=\"https:\/\/www.sisinternational.com\/de\/b2b\/\" title=\"Cost-Effective and Actionable Insights to Drive Your Next Strategic Move\"  data-wpil-monitor-id=\"10195\">actionable insights that inform strategic<\/a> decision-making and drive business success.<\/li>\n\n\n\n<li><strong>Strategische Planung und Umsetzung:<\/strong> Building on the <a href=\"https:\/\/www.sisinternational.com\/de\/sis-fallstudie-zu-store-insights-weltweit\/\" title=\"Einblicke in die Kundenerfahrung im Gesch\u00e4ft \u2013 Fallstudie zur Marktforschung\"  data-wpil-monitor-id=\"10198\">insights gained from our market research<\/a>, we collaborate with our clients to develop strategic plans and implementation strategies for patient monitoring initiatives. From identifying target <a href=\"https:\/\/www.sisinternational.com\/de\/sachverstand\/lebenslaufe\/marktforschung-fur-korperpflegeprodukte\/\" title=\"Marktforschung f\u00fcr K\u00f6rperpflegeprodukte\"  data-wpil-monitor-id=\"10206\">markets and customer segments to defining product<\/a> positioning and go-to-market strategies, we help our clients develop a roadmap for success in the competitive patient monitoring landscape.<\/li>\n\n\n\n<li><strong>Kontinuierliche \u00dcberwachung und Optimierung:<\/strong> Unser Engagement f\u00fcr den Erfolg unserer Kunden endet nicht mit der Bereitstellung von Forschungsergebnissen und strategischen Empfehlungen. Wir bieten fortlaufende Unterst\u00fctzung und Beratung, um unseren Kunden dabei zu helfen, die Komplexit\u00e4t des Patienten\u00fcberwachungsmarktes zu meistern, die Marktdynamik zu \u00fcberwachen und ihre Strategien im Laufe der Zeit zu optimieren.<\/li>\n<\/ul>\n\n\n\n<p><\/p>","protected":false},"excerpt":{"rendered":"<p>Die Marktforschung und Strategieberatung zur Patienten\u00fcberwachung zielen darauf ab, die Wirksamkeit der Patienten\u00fcberwachung zu maximieren.<\/p>","protected":false},"author":1,"featured_media":62420,"parent":14567,"menu_order":46,"comment_status":"closed","ping_status":"closed","template":"","meta":{"footnotes":""},"class_list":["post-46896","page","type-page","status-publish","has-post-thumbnail"],"_links":{"self":[{"href":"https:\/\/www.sisinternational.com\/de\/wp-json\/wp\/v2\/pages\/46896","targetHints":{"allow":["GET"]}}],"collection":[{"href":"https:\/\/www.sisinternational.com\/de\/wp-json\/wp\/v2\/pages"}],"about":[{"href":"https:\/\/www.sisinternational.com\/de\/wp-json\/wp\/v2\/types\/page"}],"author":[{"embeddable":true,"href":"https:\/\/www.sisinternational.com\/de\/wp-json\/wp\/v2\/users\/1"}],"replies":[{"embeddable":true,"href":"https:\/\/www.sisinternational.com\/de\/wp-json\/wp\/v2\/comments?post=46896"}],"version-history":[{"count":12,"href":"https:\/\/www.sisinternational.com\/de\/wp-json\/wp\/v2\/pages\/46896\/revisions"}],"predecessor-version":[{"id":81687,"href":"https:\/\/www.sisinternational.com\/de\/wp-json\/wp\/v2\/pages\/46896\/revisions\/81687"}],"up":[{"embeddable":true,"href":"https:\/\/www.sisinternational.com\/de\/wp-json\/wp\/v2\/pages\/14567"}],"wp:featuredmedia":[{"embeddable":true,"href":"https:\/\/www.sisinternational.com\/de\/wp-json\/wp\/v2\/media\/62420"}],"wp:attachment":[{"href":"https:\/\/www.sisinternational.com\/de\/wp-json\/wp\/v2\/media?parent=46896"}],"curies":[{"name":"wp","href":"https:\/\/api.w.org\/{rel}","templated":true}]}}