{"id":46878,"date":"2024-03-17T00:56:43","date_gmt":"2024-03-17T04:56:43","guid":{"rendered":"https:\/\/www.sisinternational.com\/?page_id=46878"},"modified":"2026-01-26T18:20:09","modified_gmt":"2026-01-26T23:20:09","slug":"einzelhandel-pop-up-store-erlebnismarketing-beratung","status":"publish","type":"page","link":"https:\/\/www.sisinternational.com\/de\/sachverstand\/einzelhandel-pop-up-store-erlebnismarketing-beratung\/","title":{"rendered":"Einzelhandel Pop-up-Store Erlebnismarketing-Beratung"},"content":{"rendered":"<h1 class=\"wp-block-heading\">Einzelhandel Pop-up-Store Erlebnismarketing-Beratung<\/h1>\n\n\n\n<figure class=\"gb-block-image gb-block-image-4cab37e4\"><img loading=\"lazy\" decoding=\"async\" width=\"1456\" height=\"816\" class=\"gb-image gb-image-4cab37e4\" src=\"https:\/\/www.sisinternational.com\/wp-content\/uploads\/2025\/08\/Retail-22.jpg\" alt=\"SIS International Marktforschung &amp; Strategie\" title=\"Retail (22)\" srcset=\"https:\/\/www.sisinternational.com\/wp-content\/uploads\/2025\/08\/Retail-22.jpg 1456w, https:\/\/www.sisinternational.com\/wp-content\/uploads\/2025\/08\/Retail-22-300x168.jpg 300w, https:\/\/www.sisinternational.com\/wp-content\/uploads\/2025\/08\/Retail-22-1024x574.jpg 1024w, https:\/\/www.sisinternational.com\/wp-content\/uploads\/2025\/08\/Retail-22-768x430.jpg 768w, https:\/\/www.sisinternational.com\/wp-content\/uploads\/2025\/08\/Retail-22-18x10.jpg 18w\" sizes=\"auto, (max-width: 1456px) 100vw, 1456px\"><\/figure>\n\n\n\n<hr class=\"wp-block-separator has-alpha-channel-opacity is-style-dots\"\/>\n\n\n\n<p>In the dynamic retail landscape, consumer expectations are constantly evolving, and consumers are more selective than ever. That\u2019s why retail popup store experiential marketing consulting has become a powerful tool for brands to engage with their audience in meaningful ways\u2026 But, what exactly is retail popup store experiential marketing consulting?<\/p>\n\n\n\n<h2 class=\"wp-block-heading\">What Is Retail popup store experiential marketing consulting?<\/h2>\n\n\n\n<p>Retail popup store experiential marketing consulting involves the strategic planning, execution, and optimization of temporary retail spaces designed to create immersive brand experiences for consumers. These popup stores, often set up in high-traffic locations for a limited duration, aim to captivate consumers&#8217; attention, foster <a class=\"wpil_keyword_link\" href=\"https:\/\/www.sisinternational.com\/de\/aufbau-emotionaler-verbindungen-in-der-kosmetik-und-unsere-forschungsergebnisse\/\"   title=\"Emotionale Verbindungen in der Kosmetik aufbauen\" data-wpil-keyword-link=\"linked\"  data-wpil-monitor-id=\"586\">emotional connections<\/a>, and drive engagement through interactive and memorable experiences.<\/p>\n\n\n\n<h2 class=\"wp-block-heading\">Warum ist es wichtig?<\/h2>\n\n\n\n<p>This consulting combines the principles of experiential <a href=\"https:\/\/www.sisinternational.com\/de\/losungen\/reise-tourismus-und-gastgewerbeberatung\/marketingberatung-fur-das-gastgewerbe\/\" title=\"Marketingberatung f\u00fcr das Gastgewerbe\"  data-wpil-monitor-id=\"3012\">Marketing<\/a> with strategic consulting expertise to deliver impactful campaigns that align with clients&#8217; brand objectives and consumer preferences. By leveraging consumer insights, market trends, and innovative technologies, consultants collaborate with brands to conceptualize, design, and execute popup experiences that drive foot traffic, increase brand awareness, and boost sales.<\/p>\n\n\n\n<p>Popup-Store-Erlebnisse bieten Unternehmen die einzigartige M\u00f6glichkeit, ihre Produkte zu pr\u00e4sentieren, ihre Markengeschichte zu erz\u00e4hlen und in einer kontrollierten Umgebung direkt mit Verbrauchern in Kontakt zu treten. Durch Erlebnismarketing-Beratung k\u00f6nnen Unternehmen die emotionalen, sensorischen und sozialen Aspekte des Verbraucherverhaltens nutzen und Momente schaffen, die nachhallen und zum Handeln anregen. Ein Popup-Erlebnis kann f\u00fcr Begeisterung bei einem Markenevent sorgen, eine saisonale Kollektion bewerben oder Begeisterung f\u00fcr die Einf\u00fchrung eines neuen Produkts wecken.<\/p>\n\n\n\n<h2 class=\"wp-block-heading\">Advantages of Retail popup store experiential marketing consulting<\/h2>\n\n\n\n<figure class=\"gb-block-image gb-block-image-ac91d23f\"><img loading=\"lazy\" decoding=\"async\" width=\"1456\" height=\"816\" class=\"gb-image gb-image-ac91d23f\" src=\"https:\/\/www.sisinternational.com\/wp-content\/uploads\/2025\/08\/Retail-12.jpg\" alt=\"SIS International Marktforschung &amp; Strategie\" title=\"Retail (12)\" srcset=\"https:\/\/www.sisinternational.com\/wp-content\/uploads\/2025\/08\/Retail-12.jpg 1456w, https:\/\/www.sisinternational.com\/wp-content\/uploads\/2025\/08\/Retail-12-300x168.jpg 300w, https:\/\/www.sisinternational.com\/wp-content\/uploads\/2025\/08\/Retail-12-1024x574.jpg 1024w, https:\/\/www.sisinternational.com\/wp-content\/uploads\/2025\/08\/Retail-12-768x430.jpg 768w, https:\/\/www.sisinternational.com\/wp-content\/uploads\/2025\/08\/Retail-12-18x10.jpg 18w\" sizes=\"auto, (max-width: 1456px) 100vw, 1456px\"><\/figure>\n\n\n\n<p><\/p>\n\n\n\n<p>Die Erlebnismarketingberatung f\u00fcr Pop-up-Stores im Einzelhandel bietet Unternehmen einen strategischen Rahmen f\u00fcr die Schaffung umfassender Markenerlebnisse, die das Publikum fesseln, Konversionen f\u00f6rdern und das Unternehmenswachstum in einem zunehmend wettbewerbsorientierten Markt vorantreiben. Sie bringt jedoch noch viele weitere Vorteile f\u00fcr Unternehmen mit sich, darunter:<\/p>\n\n\n\n<ul class=\"wp-block-list\">\n<li><strong>Verbesserte Markensichtbarkeit:<\/strong> Indem sie einzigartige und unvergessliche Erlebnisse schaffen, lenken Pop-up-Stores die Aufmerksamkeit auf die Marke und erh\u00f6hen ihre Sichtbarkeit auf dem Markt.<\/li>\n\n\n\n<li><strong>Engagement und Interaktion:<\/strong> Popup-Erlebnisse bieten M\u00f6glichkeiten zur direkten Einbindung und Interaktion mit Verbrauchern und erm\u00f6glichen Unternehmen, Beziehungen aufzubauen und Loyalit\u00e4t zu f\u00f6rdern.<\/li>\n\n\n\n<li><strong>Produktpr\u00e4sentation und -einf\u00fchrung:<\/strong> Pop-up-Stores eignen sich ideal f\u00fcr die Pr\u00e4sentation von Produkten und die Einf\u00fchrung neuer Angebote. Unternehmen k\u00f6nnen Pop-up-Aktivierungen nutzen, um neue Kollektionen vorzustellen, Produkteigenschaften zu demonstrieren und es Verbrauchern zu erm\u00f6glichen, die Marke aus erster Hand kennenzulernen.<\/li>\n\n\n\n<li><strong>Markttests und Feedback:<\/strong> Pop-up-Stores im Einzelhandel erm\u00f6glichen es Unternehmen, Markttests in Echtzeit durchzuf\u00fchren und in einer kontrollierten Umgebung Verbraucherfeedback zu sammeln.<\/li>\n\n\n\n<li><strong>Markendifferenzierung:<\/strong> Popup-Erlebnisse bieten Marken die M\u00f6glichkeit, sich von der Konkurrenz abzuheben und auf einem \u00fcberf\u00fcllten Markt hervorzustechen.<\/li>\n<\/ul>\n\n\n\n<h2 class=\"wp-block-heading\">Who Uses Retail popup store experiential marketing consulting<\/h2>\n\n\n\n<p>Fashion and Apparel brands leverage <a href=\"https:\/\/www.sisinternational.com\/de\/sachverstand\/branchen\/marktforschung-fur-regenbekleidung\/\" title=\"Marktforschung f\u00fcr Regenbekleidung\"  data-wpil-monitor-id=\"6843\">retail popup store experiential<\/a> marketing consulting to launch new collections, host fashion shows, and engage directly with consumers in immersive environments. Popup activations allow fashion brands to showcase their latest designs, connect with trend-conscious shoppers, and create buzz around their brands.<\/p>\n\n\n\n<p>Beauty and Cosmetics companies utilize <a href=\"https:\/\/www.sisinternational.com\/de\/sachverstand\/branchen\/kosmetikmarktforschung\/\" title=\"Kosmetikmarktforschung\"  data-wpil-monitor-id=\"6725\">retail popup store experiential<\/a> marketing consulting to provide hands-on product demonstrations, offer personalized consultations, and create experiential installations that showcase their products. Popup activations enable beauty brands to engage with consumers personally, educate them about skincare and makeup techniques, and drive product trials and purchases<\/p>\n\n\n\n<p>Technology and Electronics <a href=\"https:\/\/www.sisinternational.com\/de\/thin-slicing-im-marketing-eine-uberprufung-von-blink\/\" title=\"Thin-Slicing im Marketing: Buchbesprechung von \u201eBlink\u201c\"  data-wpil-monitor-id=\"1611\">brands also capitalize on retail popup store<\/a> experiential marketing consulting to showcase their latest gadgets, host product demos, and create interactive experiences that highlight the capabilities of their devices. Popup activations allow tech brands to engage tech-savvy consumers, generate excitement around product launches, and drive pre-orders and sales.<\/p>\n\n\n\n<p>Lebensmittel- und Getr\u00e4nkeunternehmen nutzen Beratung, um umfassende kulinarische Erlebnisse zu schaffen, Verkostungsveranstaltungen zu veranstalten und neue Lebensmittel- und Getr\u00e4nkeprodukte auf den Markt zu bringen. Popup-Aktivierungen erm\u00f6glichen es Lebensmittelmarken, mit Feinschmeckern in Kontakt zu treten, ihr kulinarisches Fachwissen zu pr\u00e4sentieren und das Ausprobieren und Kaufen ihrer Produkte zu f\u00f6rdern.<\/p>\n\n\n\n<p>Lifestyle- und Wellness-Marken nutzen diese Beratung, um Wellness-Retreats zu schaffen, Fitnesskurse zu veranstalten und Wellness-Workshops anzubieten, die ihre Produkte und Dienstleistungen bewerben. Popup-Aktivierungen erm\u00f6glichen es Lifestyle-Marken, gesundheitsbewusste Verbraucher anzusprechen, sie \u00fcber ganzheitliche Wellness-Praktiken aufzukl\u00e4ren und Markentreue und -werbung zu f\u00f6rdern.<\/p>\n\n\n\n<p>Entertainment and Media companies utilize retail popup store experiential marketing consulting to promote <a class=\"wpil_keyword_link\" href=\"https:\/\/www.sisinternational.com\/de\/sachverstand\/branchen\/tv-film-marktforschung\/\"   title=\"Marktforschung f\u00fcr Fernsehen, Kino und Film\" data-wpil-keyword-link=\"linked\"  data-wpil-monitor-id=\"587\">movie<\/a> releases, host celebrity meet-and-greets, and create immersive experiences that bring their content to life. Popup activations allow entertainment brands to engage with fans, generate excitement around upcoming releases, and drive ticket sales and subscriptions.<\/p>\n\n\n\n<h2 class=\"wp-block-heading\">Expected results of Retail popup store experiential marketing consulting<\/h2>\n\n\n\n<p>Um mit der Erlebnismarketingberatung f\u00fcr Pop-up-Stores im Einzelhandel erfolgreich zu sein, sind sorgf\u00e4ltige Planung, strategische Umsetzung und Liebe zum Detail erforderlich. Hier sind einige wichtige Erfolgsfaktoren, die Sie ber\u00fccksichtigen sollten:<\/p>\n\n\n\n<ul class=\"wp-block-list\">\n<li><strong>Strategische Standortauswahl:<\/strong> Die Wahl des richtigen Standorts f\u00fcr einen Pop-up-Store ist entscheidend, um den Kundenverkehr und die Sichtbarkeit zu maximieren. Strategische Standorte wie stark frequentierte Einkaufsviertel, Veranstaltungsorte oder kulturelle Zentren k\u00f6nnen die Zielgruppe anziehen und das Engagement f\u00f6rdern. Berater f\u00fcr Erlebnismarketing analysieren Kundenverkehrsmuster, demografische Daten der Verbraucher und die Pr\u00e4senz der Konkurrenz, um optimale Standorte f\u00fcr Pop-up-Aktivierungen zu identifizieren.<\/li>\n\n\n\n<li><strong>\u00dcberzeugendes Brand Storytelling:<\/strong> Effective storytelling is key to creating immersive brand experiences that resonate with consumers. Experiential marketing consultants work closely with brands to develop compelling narratives communicating the brand&#8217;s values, heritage, and unique selling points. <\/li>\n\n\n\n<li><strong>Spannendes Erlebnisdesign:<\/strong> The design and <a href=\"https:\/\/www.sisinternational.com\/de\/losungen\/branding-und-kundenforschungslosungen\/ladenlayout-forschung\/\" title=\"Ladenlayout-Forschung\"  data-wpil-monitor-id=\"6494\">layout of a popup store<\/a> play a crucial role in capturing consumers&#8217; attention and fostering engagement. Experiential marketing consultants collaborate with brands to design immersive experiences that stimulate the senses, encourage exploration, and drive interaction. From interactive displays and multimedia installations to sensory elements and gamification, experience design is tailored to evoke emotions and create memorable moments.<\/li>\n\n\n\n<li><strong>Nahtlose Integration der Technologie:<\/strong> Die Integration von Technologie in Popup-Aktivierungen verbessert Interaktivit\u00e4t, Personalisierung und Engagement. Berater f\u00fcr Erlebnismarketing nutzen verschiedene Technologien wie Augmented Reality (AR), Virtual Reality (VR), interaktive Kioske und mobile Apps, um das Kundenerlebnis zu verbessern.<\/li>\n\n\n\n<li><strong>Zusammenarbeit und Partnerschaften:<\/strong> Die Zusammenarbeit mit relevanten Partnern, Influencern und Stakeholdern kann die Reichweite und Wirkung von Popup-Aktivierungen verst\u00e4rken. Berater f\u00fcr Erlebnismarketing erleichtern Partnerschaften mit erg\u00e4nzenden Marken, lokalen Influencern und Eventorganisatoren, um die Reichweite von Popup-Erlebnissen zu erweitern und bestehende Communities anzusprechen.<\/li>\n<\/ul>\n\n\n\n<h2 class=\"wp-block-heading\">Der Vorteil von SIS International<\/h2>\n\n\n\n<p>Eine Beratung von SIS International zum Thema Erlebnismarketing f\u00fcr Pop-up-Stores verspricht f\u00fcr Unternehmen mehrere wirkungsvolle Ergebnisse, beispielsweise:<\/p>\n\n\n\n<ul class=\"wp-block-list\">\n<li><strong>Verbessertes Engagement und Interaktion mit den Verbrauchern:<\/strong> Durch Erlebnismarketing-Beratung schaffen wir M\u00f6glichkeiten f\u00fcr eine sinnvolle Einbindung und Interaktion mit Verbrauchern in Ihrem Pop-up-Store. Von interaktiven Displays und Produktdemonstrationen bis hin zu personalisierten Aktivierungen und Live-Events f\u00f6rdern wir Verbindungen \u00fcber Transaktionen hinaus und bauen Beziehungen und Loyalit\u00e4t bei Ihrem Publikum auf.<\/li>\n\n\n\n<li><strong>Positive Markenwahrnehmung und Loyalit\u00e4t:<\/strong> Unser Fokus auf Storytelling, Erlebnisdesign und Markenimmersion f\u00f6rdert eine positive Markenwahrnehmung und emotionale Bindungen zu den Verbrauchern. Wir steigern Markenaffinit\u00e4t und -treue, indem wir Pop-up-Erlebnisse an den Werten und der Identit\u00e4t Ihrer Marke ausrichten und so zu wiederholten Besuchen, Weiterempfehlungen und langfristigen Kundenbeziehungen f\u00fchren.<\/li>\n\n\n\n<li><strong>Messbarer ROI und Erkenntnisse:<\/strong> Wir bieten umfassende Analysen und Berichte, um den Erfolg und die Wirkung Ihrer Popup-Aktivierungen zu messen. Wir verfolgen wichtige Leistungsindikatoren wie Kundenverkehr, Engagement-Metriken und Verkaufsums\u00e4tze durch datengesteuerte Einblicke und Optimierung und liefern wertvolle Erkenntnisse f\u00fcr zuk\u00fcnftige Marketingstrategien und -initiativen.<\/li>\n\n\n\n<li><strong>Strategische Partnerschaften und Kooperationen:<\/strong> Mithilfe unseres umfangreichen Netzwerks und unserer Expertise erm\u00f6glichen wir strategische Partnerschaften und Kooperationen mit relevanten Stakeholdern, Influencern und Marken. Indem wir Ihre Reichweite erweitern und bestehende Communities nutzen, verst\u00e4rken wir die Wirkung und Effektivit\u00e4t Ihrer Popup-Aktivierungen und sorgen so f\u00fcr mehr Markensichtbarkeit, Engagement und Umsatz.<\/li>\n\n\n\n<li><strong>Innovative und technologiegetriebene Erfahrungen:<\/strong> Unser Fokus auf Innovation und Technologie erm\u00f6glicht es uns, innovative und immersive Erlebnisse zu schaffen, die Verbraucher fesseln und inspirieren. Durch die Integration von Augmented Reality, Virtual Reality und interaktiven Displays entstehen futuristische und einpr\u00e4gsame Umgebungen, die Ihre Marke von der Masse abheben und die Kundenbindung f\u00f6rdern.<\/li>\n<\/ul>\n\n\n\n<h2 class=\"wp-block-heading\">Tech in Retail popup store experiential marketing consulting<\/h2>\n\n\n\n<figure class=\"gb-block-image gb-block-image-f48cf583\"><img loading=\"lazy\" decoding=\"async\" width=\"1456\" height=\"816\" class=\"gb-image gb-image-f48cf583\" src=\"https:\/\/www.sisinternational.com\/wp-content\/uploads\/2025\/08\/Retail-25.jpg\" alt=\"SIS International Marktforschung &amp; Strategie\" title=\"Retail (25)\" srcset=\"https:\/\/www.sisinternational.com\/wp-content\/uploads\/2025\/08\/Retail-25.jpg 1456w, https:\/\/www.sisinternational.com\/wp-content\/uploads\/2025\/08\/Retail-25-300x168.jpg 300w, https:\/\/www.sisinternational.com\/wp-content\/uploads\/2025\/08\/Retail-25-1024x574.jpg 1024w, https:\/\/www.sisinternational.com\/wp-content\/uploads\/2025\/08\/Retail-25-768x430.jpg 768w, https:\/\/www.sisinternational.com\/wp-content\/uploads\/2025\/08\/Retail-25-18x10.jpg 18w\" sizes=\"auto, (max-width: 1456px) 100vw, 1456px\"><\/figure>\n\n\n\n<p><\/p>\n\n\n\n<p>Innovative technologies are crucial in enhancing the effectiveness and impact of <a href=\"https:\/\/www.sisinternational.com\/de\/verbesserung-der-marktdurchdringung-durch-einen-umfassenden-marketingplan\/\" title=\"Verbesserung der Marktdurchdringung durch einen umfassenden Marketingplan\"  data-wpil-monitor-id=\"6546\">retail popup store experiential<\/a> marketing consulting. Here are some key technologies and tools used in this domain:<\/p>\n\n\n\n<ul class=\"wp-block-list\">\n<li><strong>Erweiterte Realit\u00e4t (AR):<\/strong> AR technology creates immersive and interactive experiences in popup stores. <\/li>\n\n\n\n<li><strong>Virtuelle Realit\u00e4t (VR):<\/strong> VR technology transports consumers to virtual environments within popup stores. <\/li>\n\n\n\n<li><strong>Interaktive Kioske und Displays:<\/strong> Interaktive Kioske und Displays werden eingesetzt, um Verbraucher anzusprechen und ihnen relevante Informationen, Produktdetails und interaktive Erlebnisse zu bieten. Diese interaktiven Elemente regen zum Entdecken an, informieren Verbraucher \u00fcber Produkte und Dienstleistungen und f\u00f6rdern die Interaktion, was zu mehr Markenbindung und Kundenzufriedenheit f\u00fchrt.<\/li>\n\n\n\n<li><strong>Mobile Apps und digitale Plattformen:<\/strong> Mobile apps and digital platforms are leveraged to extend the reach of popup activations beyond the physical store. <\/li>\n\n\n\n<li><strong>RFID- und NFC-Technologie:<\/strong> RFID (Radio Frequency Identification) and NFC (Near Field Communication) technology enable seamless interactions between physical products and digital content. <\/li>\n<\/ul>\n\n\n\n<h2 class=\"wp-block-heading\">Gelegenheiten<\/h2>\n\n\n\n<p>Durch die Beratung zu Erlebnismarketing f\u00fcr Pop-up-Stores im Einzelhandel ergeben sich f\u00fcr Unternehmen mehrere wichtige Chancen, das Markenwachstum, die Kundenbindung und den Gesch\u00e4ftserfolg voranzutreiben:<\/p>\n\n\n\n<ul class=\"wp-block-list\">\n<li><strong>Direktes Engagement und Feedback der Verbraucher:<\/strong> Popup stores enable brands to engage directly with consumers in a meaningful way. <\/li>\n\n\n\n<li><strong>Markterweiterung und Tests:<\/strong> Popup activations allow brands to test new markets and expand their reach. <\/li>\n\n\n\n<li><strong>E-Commerce-Integration und Omnichannel-Erlebnis:<\/strong> Popup-Aktivierungen k\u00f6nnen Online- und Offline-Kan\u00e4le verbinden und Verbrauchern ein nahtloses Omnichannel-Erlebnis bieten.<\/li>\n<\/ul>\n\n\n\n<h2 class=\"wp-block-heading\">Herausforderungen<\/h2>\n\n\n\n<p>Bei SIS International basiert unser Ansatz zur Erlebnismarketingberatung f\u00fcr Pop-up-Stores im Einzelhandel auf strategischer Planung, Kreativit\u00e4t und Innovation. So gehen wir jedes Projekt an:<\/p>\n\n\n\n<ul class=\"wp-block-list\">\n<li><strong>Strategische Planung:<\/strong> We begin by conducting in-depth market research and analysis to understand the target audience, competitive landscape, and industry trends. <\/li>\n\n\n\n<li><strong>Kreative Konzeptentwicklung:<\/strong> Unser Team aus erfahrenen Kreativen und Designern arbeitet eng mit Kunden zusammen, um kreative Konzepte zu entwickeln, die mit den Markenzielen \u00fcbereinstimmen und bei der Zielgruppe Anklang finden. Von Storytelling und Themen bis hin zu immersiven Erlebnissen und interaktiven Elementen erwecken wir Ideen zum Leben, die Verbraucher fesseln und begeistern.<\/li>\n\n\n\n<li><strong>Technologieintegration:<\/strong> Unter Nutzung der neuesten Technologien und Tools integrieren wir innovative L\u00f6sungen wie AR, VR, interaktive Displays und mobile Apps in Popup-Aktivierungen, um das Engagement zu steigern und die Interaktion zu f\u00f6rdern. Unsere Technologieexperten sorgen f\u00fcr eine nahtlose Integration und optimale Leistung, um umfassende und unvergessliche Erlebnisse zu bieten.<\/li>\n\n\n\n<li><strong>Durchf\u00fchrung und Umsetzung:<\/strong> Mit viel Liebe zum Detail f\u00fchren wir Popup-Aktivierungen mit Pr\u00e4zision und Professionalit\u00e4t durch. Von der Logistik und Einrichtung bis hin zur Personalbesetzung und Verwaltung k\u00fcmmern wir uns um jeden Implementierungsaspekt, um eine reibungslose und erfolgreiche Veranstaltung zu gew\u00e4hrleisten.<\/li>\n\n\n\n<li><strong>Messung und Optimierung:<\/strong> W\u00e4hrend der Popup-Aktivierung verfolgen wir Key Performance Indicators (KPIs) und sammeln Daten zum Verbraucherverhalten, zu Engagement-Metriken und zur Verkaufsleistung. Dieser datengesteuerte Ansatz erm\u00f6glicht es uns, die Wirksamkeit unserer Strategien zu messen und Taktiken in Echtzeit zu optimieren, um den ROI zu maximieren und Gesch\u00e4ftsziele zu erreichen.<\/li>\n<\/ul>\n\n\n\n<p><\/p>","protected":false},"excerpt":{"rendered":"<p>Die Erlebnismarketingberatung f\u00fcr Pop-up-Stores im Einzelhandel umfasst die strategische Planung, Umsetzung und Optimierung tempor\u00e4rer Einzelhandelsfl\u00e4chen.<\/p>","protected":false},"author":1,"featured_media":62497,"parent":14514,"menu_order":423,"comment_status":"closed","ping_status":"closed","template":"","meta":{"footnotes":""},"class_list":["post-46878","page","type-page","status-publish","has-post-thumbnail"],"_links":{"self":[{"href":"https:\/\/www.sisinternational.com\/de\/wp-json\/wp\/v2\/pages\/46878","targetHints":{"allow":["GET"]}}],"collection":[{"href":"https:\/\/www.sisinternational.com\/de\/wp-json\/wp\/v2\/pages"}],"about":[{"href":"https:\/\/www.sisinternational.com\/de\/wp-json\/wp\/v2\/types\/page"}],"author":[{"embeddable":true,"href":"https:\/\/www.sisinternational.com\/de\/wp-json\/wp\/v2\/users\/1"}],"replies":[{"embeddable":true,"href":"https:\/\/www.sisinternational.com\/de\/wp-json\/wp\/v2\/comments?post=46878"}],"version-history":[{"count":16,"href":"https:\/\/www.sisinternational.com\/de\/wp-json\/wp\/v2\/pages\/46878\/revisions"}],"predecessor-version":[{"id":80419,"href":"https:\/\/www.sisinternational.com\/de\/wp-json\/wp\/v2\/pages\/46878\/revisions\/80419"}],"up":[{"embeddable":true,"href":"https:\/\/www.sisinternational.com\/de\/wp-json\/wp\/v2\/pages\/14514"}],"wp:featuredmedia":[{"embeddable":true,"href":"https:\/\/www.sisinternational.com\/de\/wp-json\/wp\/v2\/media\/62497"}],"wp:attachment":[{"href":"https:\/\/www.sisinternational.com\/de\/wp-json\/wp\/v2\/media?parent=46878"}],"curies":[{"name":"wp","href":"https:\/\/api.w.org\/{rel}","templated":true}]}}