{"id":46875,"date":"2024-03-17T01:00:45","date_gmt":"2024-03-17T05:00:45","guid":{"rendered":"https:\/\/www.sisinternational.com\/?page_id=46875"},"modified":"2026-01-27T15:20:05","modified_gmt":"2026-01-27T20:20:05","slug":"d2c-lebensmittelmarktforschung","status":"publish","type":"page","link":"https:\/\/www.sisinternational.com\/de\/sachverstand\/d2c-lebensmittelmarktforschung\/","title":{"rendered":"D2C-Lebensmittelmarktforschung"},"content":{"rendered":"<h1 class=\"wp-block-heading\">D2C-Lebensmittelmarktforschung<\/h1>\n\n\n\n<figure class=\"gb-block-image gb-block-image-f5edb84d\"><img loading=\"lazy\" decoding=\"async\" width=\"1456\" height=\"816\" class=\"gb-image gb-image-f5edb84d\" src=\"https:\/\/www.sisinternational.com\/wp-content\/uploads\/2025\/08\/Organic-food-3.jpg\" alt=\"SIS International Marktforschung &amp; Strategie\" title=\"Organic food (3)\" srcset=\"https:\/\/www.sisinternational.com\/wp-content\/uploads\/2025\/08\/Organic-food-3.jpg 1456w, https:\/\/www.sisinternational.com\/wp-content\/uploads\/2025\/08\/Organic-food-3-300x168.jpg 300w, https:\/\/www.sisinternational.com\/wp-content\/uploads\/2025\/08\/Organic-food-3-1024x574.jpg 1024w, https:\/\/www.sisinternational.com\/wp-content\/uploads\/2025\/08\/Organic-food-3-768x430.jpg 768w, https:\/\/www.sisinternational.com\/wp-content\/uploads\/2025\/08\/Organic-food-3-18x10.jpg 18w\" sizes=\"auto, (max-width: 1456px) 100vw, 1456px\"><\/figure>\n\n\n\n<hr class=\"wp-block-separator has-alpha-channel-opacity is-style-dots\"\/>\n\n\n\n<p>In der sich st\u00e4ndig weiterentwickelnden Landschaft des Verbraucherverhaltens suchen Unternehmen st\u00e4ndig nach M\u00f6glichkeiten, sich ver\u00e4ndernde Trends zu verstehen und sich an sie anzupassen. Ein Trend, der in den letzten Jahren deutlich an Bedeutung gewonnen hat, ist der Direct-to-Consumer-Ansatz (D2C) im Lebensmittelmarkt. Da die digitale Revolution die Art und Weise ver\u00e4ndert, wie Verbraucher lebensnotwendige Dinge einkaufen, erweist sich die D2C-Lebensmittelmarktforschung als wichtiges Instrument f\u00fcr Unternehmen, die der Entwicklung immer einen Schritt voraus sein und den sich entwickelnden Verbraucheranforderungen gerecht werden m\u00f6chten.<\/p>\n\n\n\n<h2 class=\"wp-block-heading\">Was ist D2C-Lebensmittelmarktforschung?<\/h2>\n\n\n\n<p>D2C grocery <a href=\"https:\/\/www.sisinternational.com\/de\/taylor-universitat\/\" title=\"Marktforschungsstudie zum Universit\u00e4tscurriculum\"  data-wpil-monitor-id=\"7261\">market research involves systematically studying<\/a> and analyzing consumer behavior, preferences, and trends within the direct-to-consumer grocery sector. It delves into understanding how consumers interact with D2C grocery brands, purchasing habits, product preferences, delivery methods, and overall satisfaction levels. By leveraging various research methodologies, including surveys, interviews, data analytics, and observational studies, businesses gain valuable insights into the intricacies of the D2C grocery market landscape.<\/p>\n\n\n\n<h2 class=\"wp-block-heading\">Warum brauchen Unternehmen D2C-Marktforschung im Lebensmittelbereich?<\/h2>\n\n\n\n<p>D2C-Lebensmittelmarktforschung liefert Unternehmen wertvolle Einblicke in die Verbraucherpr\u00e4ferenzen, wie z. B. Produktauswahl, Verpackungspr\u00e4ferenzen und Liefererwartungen. Das Verst\u00e4ndnis dieser Pr\u00e4ferenzen erm\u00f6glicht es Unternehmen, ihre Angebote an die spezifischen Bed\u00fcrfnisse und W\u00fcnsche ihrer Zielgruppe anzupassen.<\/p>\n\n\n\n<p>Dar\u00fcber hinaus erm\u00f6glicht diese Marktforschung Unternehmen, \u00fcber Branchentrends, Wettbewerbsstrategien und sich entwickelnde Verbraucherpr\u00e4ferenzen auf dem Laufenden zu bleiben. Mit diesem Wissen k\u00f6nnen Unternehmen innovative Strategien entwickeln, um sich von der Konkurrenz abzuheben und eine einzigartige Position auf dem Markt zu erarbeiten. Ebenso k\u00f6nnen Unternehmen durch Forschung die effektivsten Kan\u00e4le, Botschaften und Werbetaktiken identifizieren, um ihre Zielgruppe zu erreichen.<\/p>\n\n\n\n<p>Dar\u00fcber hinaus liefert die Marktforschung wertvolles Feedback zu bestehenden Produkten und Einblicke in unerf\u00fcllte Verbraucherbed\u00fcrfnisse. Unternehmen k\u00f6nnen bestehende Produkte verbessern, neue Angebote entwickeln und Innovationen einf\u00fchren, um den Verbraucherpr\u00e4ferenzen und Markttrends immer einen Schritt voraus zu sein. Sie bringt jedoch noch viele weitere Vorteile f\u00fcr Unternehmen mit sich, darunter:<\/p>\n\n\n\n<ul class=\"wp-block-list\">\n<li><strong>Informierte Entscheidungsfindung:<\/strong> Durch die Durchf\u00fchrung von Marktforschung k\u00f6nnen Unternehmen umsetzbare Erkenntnisse gewinnen, die ihre strategischen Entscheidungsprozesse unterst\u00fctzen.<\/li>\n\n\n\n<li><strong>Zielgerichtetes Marketing:<\/strong> Mithilfe von Marktforschung k\u00f6nnen Unternehmen ihre Zielgruppe segmentieren, Nachrichten personalisieren und gezielte Kampagnen durchf\u00fchren, die bei den Verbrauchern Anklang finden und so letztendlich zu mehr Engagement und Konversionsraten f\u00fchren.<\/li>\n\n\n\n<li><strong>Verbesserte Produktentwicklung:<\/strong> Marktforschung liefert wertvolles Feedback zu bestehenden Produkten und identifiziert Innovationsm\u00f6glichkeiten.<\/li>\n\n\n\n<li><strong>Wettbewerbsvorteil:<\/strong> Auf einem \u00fcberf\u00fcllten Markt ist Differenzierung der Schl\u00fcssel. Mithilfe von D2C-Lebensmittelanalysen k\u00f6nnen Unternehmen der Konkurrenz einen Schritt voraus sein, indem sie Marktl\u00fccken identifizieren, die Strategien der Konkurrenz verstehen und unerf\u00fcllte Verbraucherbed\u00fcrfnisse aufdecken.<\/li>\n\n\n\n<li><strong>Verbesserte Kundenzufriedenheit:<\/strong> By prioritizing customer feedback and insights gained through <a href=\"https:\/\/www.sisinternational.com\/de\/sachverstand\/branchen\/baumarkt-marktforschung\/\" title=\"Marktforschung f\u00fcr Baum\u00e4rkte und Heimwerkerbedarf\"  data-wpil-monitor-id=\"5924\">D2C grocery market research<\/a>, businesses can enhance the overall customer experience.<\/li>\n<\/ul>\n\n\n\n<h2 class=\"wp-block-heading\">Wer nutzt D2C-Lebensmittelmarktforschung<\/h2>\n\n\n\n<p>Eine Vielzahl von Interessenvertretern innerhalb der Lebensmittelbranche nutzt die D2C-Lebensmittelmarktforschung, um ihre Strategien und Entscheidungsprozesse zu verbessern. Hier ist ein genauerer Blick darauf, wer von dieser Art der Forschung profitiert:<\/p>\n\n\n\n<ul class=\"wp-block-list\">\n<li><strong>Lebensmittelmarken und -hersteller:<\/strong> Unternehmen, die Lebensmittel produzieren und direkt an Verbraucher vertreiben, sind auf Marktforschung angewiesen, um die Vorlieben der Verbraucher zu verstehen, das Produktangebot zu optimieren und das allgemeine Kundenerlebnis zu verbessern.<\/li>\n\n\n\n<li><strong>Einzelh\u00e4ndler und E-Commerce-Plattformen:<\/strong> Traditional retailers and online platforms that sell <a href=\"https:\/\/www.sisinternational.com\/de\/asiatischer-einzelhandelsmarkt\/\" title=\"Asiatische Einzelhandelsmarktforschung\"  data-wpil-monitor-id=\"2680\">groceries also utilize D2C grocery market research<\/a> to stay ahead of the curve. By understanding shifting consumer preferences and shopping habits, retailers can tailor their product assortments, pricing strategies, and promotional efforts to meet their target audience&#8217;s needs better.<\/li>\n\n\n\n<li><strong>Marketingagenturen und Berater:<\/strong> Auf die Lebensmittelbranche spezialisierte Marketingagenturen und Berater f\u00fchren h\u00e4ufig Marktforschung im Auftrag ihrer Kunden durch. Sie helfen Unternehmen dabei, datengesteuerte Marketingstrategien zu entwickeln, Wachstumschancen zu erkennen und die Markenpositionierung in wettbewerbsintensiven M\u00e4rkten zu optimieren, indem sie Einblicke in das Verbraucherverhalten und die Marktdynamik liefern.<\/li>\n\n\n\n<li><strong>Investoren und Finanzanalysten:<\/strong> Investoren und Finanzanalysten beobachten die Lebensmittelbranche genau und verlassen sich auf D2C-Lebensmittelmarktforschung, um Investitionsm\u00f6glichkeiten zu bewerten und die Leistung der in diesem Sektor t\u00e4tigen Unternehmen zu beurteilen. Forschungserkenntnisse zu Verbrauchertrends, Marktdynamik und Wettbewerbslandschaften flie\u00dfen in Investitionsentscheidungen, Portfoliomanagementstrategien und Finanzprognosen ein.<\/li>\n\n\n\n<li><strong>Industrieverb\u00e4nde und Handelsorganisationen:<\/strong> Branchenverb\u00e4nde und Handelsorganisationen spielen eine wichtige Rolle bei der Unterst\u00fctzung und Vertretung der Interessen der Stakeholder im Lebensmittelsektor. Diese Organisationen beauftragen oder f\u00fchren h\u00e4ufig Marktforschung durch, um wertvolle Einblicke in die Branche zu erhalten, sich f\u00fcr politische Ver\u00e4nderungen einzusetzen und den Wissensaustausch zwischen den Mitgliedern zu erleichtern.<\/li>\n<\/ul>\n\n\n\n<h2 class=\"wp-block-heading\">Erwartete Ergebnisse unserer D2C-Lebensmittelmarktforschung<\/h2>\n\n\n\n<figure class=\"gb-block-image gb-block-image-886c451b\"><img loading=\"lazy\" decoding=\"async\" width=\"1456\" height=\"816\" class=\"gb-image gb-image-886c451b\" src=\"https:\/\/www.sisinternational.com\/wp-content\/uploads\/2025\/08\/Organic-food-1.jpg\" alt=\"SIS International Marktforschung &amp; Strategie\" title=\"Organic food (1)\" srcset=\"https:\/\/www.sisinternational.com\/wp-content\/uploads\/2025\/08\/Organic-food-1.jpg 1456w, https:\/\/www.sisinternational.com\/wp-content\/uploads\/2025\/08\/Organic-food-1-300x168.jpg 300w, https:\/\/www.sisinternational.com\/wp-content\/uploads\/2025\/08\/Organic-food-1-1024x574.jpg 1024w, https:\/\/www.sisinternational.com\/wp-content\/uploads\/2025\/08\/Organic-food-1-768x430.jpg 768w, https:\/\/www.sisinternational.com\/wp-content\/uploads\/2025\/08\/Organic-food-1-18x10.jpg 18w\" sizes=\"auto, (max-width: 1456px) 100vw, 1456px\"><\/figure>\n\n\n\n<p><\/p>\n\n\n\n<p>Businesses can anticipate several key outcomes from conducting <a href=\"https:\/\/www.sisinternational.com\/de\/abdeckung\/die-amerikaner\/usa-berichterstattung\/marktforschung-in-key-west-florida\/\" title=\"Marktforschung in Key West, Florida\"  data-wpil-monitor-id=\"7176\">D2C grocery market research<\/a>, each contributing to informed decision-making and strategic planning. Here are the expected results:<\/p>\n\n\n\n<ul class=\"wp-block-list\">\n<li><strong>Verbesserte Produktentwicklung:<\/strong> D2C-Lebensmittelmarktforschung liefert wertvolle Einblicke in die Verbraucherpr\u00e4ferenzen und erm\u00f6glicht es Unternehmen, bestehende Produkte zu verbessern und neue Angebote zu entwickeln, die bei ihrer Zielgruppe Anklang finden. Unternehmen k\u00f6nnen Produkte schaffen, die die Erwartungen der Kunden erf\u00fcllen oder \u00fcbertreffen, indem sie Verbraucherfeedback und Markttrends in die Produktentwicklung einbeziehen.<\/li>\n\n\n\n<li><strong>Wettbewerbsvorteil:<\/strong> Mit umsetzbaren Erkenntnissen aus der D2C-Lebensmittelmarktforschung verschaffen sich Unternehmen einen Wettbewerbsvorteil. Dazu geh\u00f6rt, der Konkurrenz einen Schritt voraus zu sein und Markttrends vorherzusehen. Unternehmen k\u00f6nnen sich als Branchenf\u00fchrer positionieren, Marktanteile gewinnen und eine langfristige Kundenbindung aufbauen.<\/li>\n\n\n\n<li><strong>Optimierte Betriebseffizienz:<\/strong> Forschungsergebnisse helfen Unternehmen, ihre Betriebsabl\u00e4ufe zu rationalisieren und Ressourcen zu optimieren, um den Bed\u00fcrfnissen und Vorlieben der Verbraucher besser gerecht zu werden. Ob es um die Verbesserung der Lieferkettenlogistik, die Optimierung des Bestandsmanagements oder die Verbesserung der Lieferprozesse geht \u2013 betriebliche Effizienzgewinne tragen zu einer h\u00f6heren Kundenzufriedenheit und Kosteneinsparungen bei.<\/li>\n\n\n\n<li><strong>Datengesteuerte Entscheidungsfindung:<\/strong> D2C-Lebensmittelmarktforschung erm\u00f6glicht es Unternehmen, datenbasierte Entscheidungen zu treffen, die durch solide Beweise und Erkenntnisse gest\u00fctzt werden. Indem sie Forschungsergebnisse zur strategischen Planung, Ressourcenzuweisung und Unternehmensinvestitionen nutzen, k\u00f6nnen Unternehmen Risiken sicher minimieren und Wachstumschancen nutzen.<\/li>\n<\/ul>\n\n\n\n<h2 class=\"wp-block-heading\">Gelegenheiten<\/h2>\n\n\n\n<p>In der sich st\u00e4ndig weiterentwickelnden Landschaft des D2C-Lebensmittelhandels haben Unternehmen viele M\u00f6glichkeiten, Marktforschung zu ihrem strategischen Vorteil zu nutzen. Hier sind einige wichtige M\u00f6glichkeiten:<\/p>\n\n\n\n<ul class=\"wp-block-list\">\n<li><strong>Produktinnovation:<\/strong> Research insights can inform product development and innovation strategies in the <a href=\"https:\/\/www.sisinternational.com\/de\/krankentransport\/\" title=\"Marktforschung f\u00fcr Krankentransporte\"  data-wpil-monitor-id=\"2105\">D2C grocery<\/a> market. Businesses can identify emerging trends, gaps in the market, and unmet consumer needs to develop new products or refine existing ones.<\/li>\n\n\n\n<li><a href=\"https:\/\/www.sisinternational.com\/de\/sachverstand\/marktforschung-fur-massenchemikalien\/\" title=\"Marktforschung f\u00fcr Massenchemikalien\"  data-wpil-monitor-id=\"2128\">Market Expansion: Research<\/a> can provide valuable market intelligence and identify growth opportunities for businesses looking to expand their presence in the D2C grocery market.<\/li>\n\n\n\n<li><a href=\"https:\/\/www.sisinternational.com\/de\/thin-slicing-im-marketing-eine-uberprufung-von-blink\/\" title=\"Thin-Slicing im Marketing: Buchbesprechung von \u201eBlink\u201c\"  data-wpil-monitor-id=\"1627\"><strong>Markenpositionierung:<\/strong> Research insights can inform brand positioning strategies in the D2C grocery<\/a> market, helping businesses differentiate themselves and build stronger consumer connections. By understanding consumer perceptions, values, and preferences, businesses can develop authentic brand identities and messaging that resonate with their target audience.<\/li>\n\n\n\n<li><strong>Verbesserung des Kundenerlebnisses:<\/strong> Research can uncover opportunities to enhance the customer experience in the <a href=\"https:\/\/www.sisinternational.com\/de\/losungen\/b2b2c-marktforschung\/\" title=\"B2B2C-Marktforschung\"  data-wpil-monitor-id=\"2143\">D2C grocery<\/a> market, from improving website usability to streamlining the checkout process.<\/li>\n<\/ul>\n\n\n\n<h2 class=\"wp-block-heading\">Herausforderungen<\/h2>\n\n\n\n<p>W\u00e4hrend die D2C-Marktforschung im Lebensmittelbereich zahlreiche Chancen bietet, stehen Unternehmen bei der Navigation durch diese komplexe Landschaft auch vor mehreren Herausforderungen \u2013 und hier sind einige kritische Herausforderungen, die es zu bew\u00e4ltigen gilt:<\/p>\n\n\n\n<ul class=\"wp-block-list\">\n<li><strong>Fragmentiertes Verbraucherverhalten:<\/strong> Der D2C-Lebensmittelmarkt umfasst verschiedene Verbrauchersegmente mit unterschiedlichen Vorlieben, Verhaltensweisen und Einkaufsgewohnheiten. Das Verst\u00e4ndnis und die Segmentierung dieser fragmentierten Verbraucherbasis kann eine Herausforderung sein und erfordert von Unternehmen den Einsatz ausgefeilter Forschungsmethoden und Analysen.<\/li>\n\n\n\n<li><strong>Kanalverbreitung:<\/strong> Angesichts der zunehmenden Verbreitung digitaler Kan\u00e4le und Plattformen im D2C-Lebensmittelmarkt kann es eine Herausforderung sein, Verbraucher \u00fcber mehrere Kontaktpunkte hinweg effektiv zu erreichen und anzusprechen. Unternehmen m\u00fcssen sich in einem zunehmend \u00fcberf\u00fcllten Marktumfeld zurechtfinden, ihre Omnichannel-Strategien optimieren und ihre Ressourcen strategisch zuweisen.<\/li>\n\n\n\n<li><strong>Schnelle Marktver\u00e4nderungen:<\/strong> Der D2C-Lebensmittelmarkt ist durch schnelle Ver\u00e4nderungen der Verbraucherpr\u00e4ferenzen, technologische Fortschritte und Wettbewerbsdynamik gekennzeichnet. Unternehmen m\u00fcssen flexibel bleiben und auf neue Trends reagieren, indem sie Echtzeitdaten und Erkenntnisse nutzen, um ihre Strategien anzupassen und immer einen Schritt voraus zu sein.<\/li>\n\n\n\n<li><strong>Wettbewerbsintensit\u00e4t:<\/strong> Der D2C-Lebensmittelmarkt ist hart umk\u00e4mpft, zahlreiche Akteure buhlen um Marktanteile und die Aufmerksamkeit der Verbraucher. Unternehmen sind einem starken Wettbewerb durch traditionelle Einzelh\u00e4ndler und digitale Disruptoren ausgesetzt und m\u00fcssen sich daher durch Innovation, Kundenerfahrung und Markenpositionierung differenzieren.<\/li>\n<\/ul>\n\n\n\n<h2 class=\"wp-block-heading\">Wie die D2C-Lebensmittelmarktforschung von SIS International Unternehmen hilft<\/h2>\n\n\n\n<p>SIS International stands out as a leader in providing comprehensive D2C grocery <a class=\"wpil_keyword_link\" href=\"https:\/\/www.sisinternational.com\/de\/losungen\/\"   title=\"L\u00f6sungen\" data-wpil-keyword-link=\"linked\"  data-wpil-monitor-id=\"588\">market research solutions<\/a> tailored to the unique needs of businesses. Here&#8217;s what sets us apart:<\/p>\n\n\n\n<ul class=\"wp-block-list\">\n<li><strong>Globale Expertise:<\/strong> Dank unserer globalen Pr\u00e4senz auf mehreren Kontinenten und in mehreren Regionen verf\u00fcgen wir \u00fcber umfassende Kenntnisse der lokalen M\u00e4rkte, kulturellen Nuancen und regulatorischen Rahmenbedingungen. Dank unseres umfangreichen Netzwerks an Forschungsexperten k\u00f6nnen wir relevante, umsetzbare und kultursensible Erkenntnisse liefern.<\/li>\n\n\n\n<li><strong>Branchenspezialisierung:<\/strong> Wir sind spezialisiert auf Marktforschung in verschiedenen Branchen, darunter auch im D2C-Lebensmittelmarkt. Unser Team aus Branchenexperten bringt tiefgreifendes Fachwissen und Erfahrung in jedes Projekt ein und stellt sicher, dass unsere Forschungsl\u00f6sungen auf die einzigartigen Herausforderungen und Chancen zugeschnitten sind, denen sich Unternehmen im Lebensmittelsektor gegen\u00fcbersehen.<\/li>\n\n\n\n<li><strong>Innovative Methoden:<\/strong> Wir nutzen modernste Forschungsmethoden, fortschrittliche Analysen und technologiebasierte L\u00f6sungen, um unseren Kunden umsetzbare Erkenntnisse zu liefern. Von qualitativen Fokusgruppen bis hin zu quantitativen Umfragen und Social-Media-Monitoring verwenden wir vielf\u00e4ltige Methoden, um verborgene Trends und Chancen im D2C-Lebensmittelmarkt aufzudecken.<\/li>\n\n\n\n<li><strong>Kundenorientierter Ansatz:<\/strong> Bei SIS International legen wir gr\u00f6\u00dften Wert auf die Kundenzufriedenheit und streben danach, bei jedem Projekt die Erwartungen zu \u00fcbertreffen. Unser kooperativer Ansatz beinhaltet eine enge Zusammenarbeit mit den Kunden w\u00e4hrend des gesamten Forschungsprozesses, vom Projektbeginn bis zum Endergebnis, um sicherzustellen, dass die \u00dcbereinstimmung mit ihren Zielen, Vorgaben und Erwartungen sichergestellt ist.<\/li>\n\n\n\n<li><strong>Qualit\u00e4tsversprechen:<\/strong> Qualit\u00e4t steht bei allem, was wir bei SIS International tun, an erster Stelle. Wir halten uns an strenge Qualit\u00e4tssicherungsprozesse und bew\u00e4hrte Branchenpraktiken, um die Genauigkeit, Zuverl\u00e4ssigkeit und G\u00fcltigkeit unserer Forschungsergebnisse sicherzustellen. Unser Engagement f\u00fcr Qualit\u00e4t stellt sicher, dass unsere Kunden den von uns bereitgestellten Erkenntnissen vertrauen k\u00f6nnen, um ihre wichtigen Gesch\u00e4ftsentscheidungen zu treffen.<\/li>\n<\/ul>","protected":false},"excerpt":{"rendered":"<p>Die D2C-Marktforschung im Lebensmittelbereich liefert wertvolle Erkenntnisse zu Verbraucherpr\u00e4ferenzen, Produkt- und Verpackungsauswahl sowie Liefererwartungen.<\/p>","protected":false},"author":1,"featured_media":63999,"parent":14514,"menu_order":424,"comment_status":"closed","ping_status":"closed","template":"","meta":{"footnotes":""},"class_list":["post-46875","page","type-page","status-publish","has-post-thumbnail"],"_links":{"self":[{"href":"https:\/\/www.sisinternational.com\/de\/wp-json\/wp\/v2\/pages\/46875","targetHints":{"allow":["GET"]}}],"collection":[{"href":"https:\/\/www.sisinternational.com\/de\/wp-json\/wp\/v2\/pages"}],"about":[{"href":"https:\/\/www.sisinternational.com\/de\/wp-json\/wp\/v2\/types\/page"}],"author":[{"embeddable":true,"href":"https:\/\/www.sisinternational.com\/de\/wp-json\/wp\/v2\/users\/1"}],"replies":[{"embeddable":true,"href":"https:\/\/www.sisinternational.com\/de\/wp-json\/wp\/v2\/comments?post=46875"}],"version-history":[{"count":16,"href":"https:\/\/www.sisinternational.com\/de\/wp-json\/wp\/v2\/pages\/46875\/revisions"}],"predecessor-version":[{"id":80909,"href":"https:\/\/www.sisinternational.com\/de\/wp-json\/wp\/v2\/pages\/46875\/revisions\/80909"}],"up":[{"embeddable":true,"href":"https:\/\/www.sisinternational.com\/de\/wp-json\/wp\/v2\/pages\/14514"}],"wp:featuredmedia":[{"embeddable":true,"href":"https:\/\/www.sisinternational.com\/de\/wp-json\/wp\/v2\/media\/63999"}],"wp:attachment":[{"href":"https:\/\/www.sisinternational.com\/de\/wp-json\/wp\/v2\/media?parent=46875"}],"curies":[{"name":"wp","href":"https:\/\/api.w.org\/{rel}","templated":true}]}}