{"id":46834,"date":"2024-03-14T16:54:14","date_gmt":"2024-03-14T20:54:14","guid":{"rendered":"https:\/\/www.sisinternational.com\/?page_id=46834"},"modified":"2026-01-26T18:00:00","modified_gmt":"2026-01-26T23:00:00","slug":"marktforschung-zur-geschaftstransformation","status":"publish","type":"page","link":"https:\/\/www.sisinternational.com\/de\/losungen\/marktforschung-zur-geschaftstransformation\/","title":{"rendered":"Business Transformation Marktforschung"},"content":{"rendered":"<h1 class=\"wp-block-heading p1\">Business Transformation Marktforschung<\/h1>\n\n\n\n<figure class=\"gb-block-image gb-block-image-3771b415\"><img loading=\"lazy\" decoding=\"async\" width=\"1024\" height=\"574\" class=\"gb-image gb-image-3771b415\" src=\"https:\/\/www.sisinternational.com\/wp-content\/uploads\/2025\/08\/Global-1-2-1024x574.jpg\" alt=\"SIS International Marktforschung &amp; Strategie\" title=\"Global 1 (2)\" srcset=\"https:\/\/www.sisinternational.com\/wp-content\/uploads\/2025\/08\/Global-1-2-1024x574.jpg 1024w, https:\/\/www.sisinternational.com\/wp-content\/uploads\/2025\/08\/Global-1-2-300x168.jpg 300w, https:\/\/www.sisinternational.com\/wp-content\/uploads\/2025\/08\/Global-1-2-768x430.jpg 768w, https:\/\/www.sisinternational.com\/wp-content\/uploads\/2025\/08\/Global-1-2-18x10.jpg 18w, https:\/\/www.sisinternational.com\/wp-content\/uploads\/2025\/08\/Global-1-2.jpg 1456w\" sizes=\"auto, (max-width: 1024px) 100vw, 1024px\"><\/figure>\n\n\n\n<p><\/p>\n\n\n\n<hr class=\"wp-block-separator has-alpha-channel-opacity is-style-dots\"\/>\n\n\n\n<p>In einer sich rasch entwickelnden Gesch\u00e4ftslandschaft ist Anpassung eine entscheidende Voraussetzung f\u00fcr das \u00dcberleben \u2013 und Marktforschung zur Gesch\u00e4ftstransformation hilft Unternehmen, inmitten des Wandels erfolgreich zu sein \u2026 Wie k\u00f6nnen Unternehmen also die Macht der Daten und Erkenntnisse nutzen, um erfolgreiche Transformationen voranzutreiben und als Branchenf\u00fchrer hervorzugehen? Die Reise beginnt mit dem Verst\u00e4ndnis der Essenz der Marktforschung zur Gesch\u00e4ftstransformation.<\/p>\n\n\n\n<h2 class=\"wp-block-heading\">Was ist Marktforschung zur Gesch\u00e4ftstransformation?\u201c<\/h2>\n\n\n\n<p>Business transformation market research systematically examines market dynamics, industry trends, and organizational capabilities to drive strategic change initiatives. It involves gathering comprehensive data and insights to inform decision-making processes to reshape business models, processes, and strategies. This <a href=\"https:\/\/www.sisinternational.com\/de\/sachverstand\/marktforschung-fur-massenchemikalien\/\" title=\"Marktforschung f\u00fcr Massenchemikalien\"  data-wpil-monitor-id=\"2133\">research goes beyond traditional market<\/a> analysis, focusing on the holistic transformation of an organization to adapt to changing market conditions, technological advancements, and customer expectations.<\/p>\n\n\n\n<h2 class=\"wp-block-heading\">Bedeutung der Marktforschung zur Gesch\u00e4ftstransformation<\/h2>\n\n\n\n<p><a href=\"https:\/\/www.sisinternational.com\/de\/valentinstag-so-kann-ihr-unternehmen-die-liebe-spuren\/\" title=\"Marktforschung zum Valentinstag: So kann Ihr Unternehmen die Liebe sp\u00fcren\"  data-wpil-monitor-id=\"3574\">Business transformation market research<\/a> enables organizations to anticipate market shifts, technological advancements, and emerging trends, empowering them to adapt proactively and stay ahead of the curve. <\/p>\n\n\n\n<p>Dar\u00fcber hinaus hilft diese Marktforschung Unternehmen dabei, potenzielle Risiken und Herausforderungen fr\u00fchzeitig zu erkennen, sodass sie Notfallpl\u00e4ne entwickeln und potenzielle Fallstricke vermeiden k\u00f6nnen. Ebenso bildet die Marktforschung die Grundlage f\u00fcr Innovationen und erm\u00f6glicht es Unternehmen, einzigartige Wertangebote zu entwickeln und einen Wettbewerbsvorteil auf dem Markt zu wahren.<\/p>\n\n\n\n<p>Es bietet Unternehmen jedoch noch viele weitere Vorteile, darunter:<\/p>\n\n\n\n<ul class=\"wp-block-list\">\n<li><strong>Informierte Entscheidungsfindung:<\/strong> <a href=\"https:\/\/www.sisinternational.com\/de\/widerstandsfahigkeit-von-unternehmen-coronavirus\/\" title=\"Business Resilience Marktforschung in Covid\"  data-wpil-monitor-id=\"3624\">Business transformation market research<\/a> provides organizations with valuable insights into market trends, customer preferences, and competitive landscapes.<\/li>\n\n\n\n<li><strong>Enhanced <\/strong><a href=\"https:\/\/www.sisinternational.com\/de\/losungen\/innovation\/agile-marktforschung\/\" title=\"Agile Marktforschung\"  data-wpil-monitor-id=\"6135\">Agility and Adaptability: Through continuous market research<\/a>, organizations can stay agile and adaptable in response to changing market conditions and emerging opportunities.<\/li>\n\n\n\n<li><strong>Optimierte Ressourcenzuweisung:<\/strong> Eine wirksame Gesch\u00e4ftstransformation erfordert eine strategische Ressourcenzuweisung, darunter Finanzkapital, Humankapital und technologische Infrastruktur.<\/li>\n\n\n\n<li><strong>Verbessertes Kundenerlebnis:<\/strong> Mithilfe dieser Marktforschung k\u00f6nnen Unternehmen die Bed\u00fcrfnisse, Vorlieben und Schwachstellen ihrer Kunden verstehen.<\/li>\n\n\n\n<li><strong><a class=\"wpil_keyword_link\" href=\"https:\/\/www.sisinternational.com\/de\/entwicklung-eines-nachhaltigen-wettbewerbsvorteils\/\"   title=\"Entwicklung eines nachhaltigen Wettbewerbsvorteils\" data-wpil-keyword-link=\"linked\"  data-wpil-monitor-id=\"590\">Sustainable Competitive Advantage<\/a>:<\/strong> Durch Marktkenntnisse vorangetriebene Initiativen zur Gesch\u00e4ftstransformation erm\u00f6glichen es Unternehmen, sich von der Konkurrenz abzuheben, wirksamer zu innovieren und Marktanteile zu gewinnen.<\/li>\n<\/ul>\n\n\n\n<h2 class=\"wp-block-heading\">Wer nutzt Marktforschung zur Gesch\u00e4ftstransformation?<\/h2>\n\n\n\n<figure class=\"gb-block-image gb-block-image-9680f9da\"><img loading=\"lazy\" decoding=\"async\" width=\"1456\" height=\"816\" class=\"gb-image gb-image-9680f9da\" src=\"https:\/\/www.sisinternational.com\/wp-content\/uploads\/2025\/08\/Global-7.jpg\" alt=\"SIS International Marktforschung &amp; Strategie\" title=\"Global (7)\" srcset=\"https:\/\/www.sisinternational.com\/wp-content\/uploads\/2025\/08\/Global-7.jpg 1456w, https:\/\/www.sisinternational.com\/wp-content\/uploads\/2025\/08\/Global-7-300x168.jpg 300w, https:\/\/www.sisinternational.com\/wp-content\/uploads\/2025\/08\/Global-7-1024x574.jpg 1024w, https:\/\/www.sisinternational.com\/wp-content\/uploads\/2025\/08\/Global-7-768x430.jpg 768w, https:\/\/www.sisinternational.com\/wp-content\/uploads\/2025\/08\/Global-7-18x10.jpg 18w\" sizes=\"auto, (max-width: 1456px) 100vw, 1456px\"><\/figure>\n\n\n\n<p><\/p>\n\n\n\n<p>F\u00fchrungskr\u00e4fte und Manager verlassen sich bei der Festlegung der strategischen Ausrichtung, der Definition von Gesch\u00e4ftszielen und der Priorisierung von Transformationsinitiativen auf Marktforschung. F\u00fchrungskr\u00e4fte k\u00f6nnen fundierte Entscheidungen treffen, die das Unternehmenswachstum und die Wettbewerbsf\u00e4higkeit f\u00f6rdern, indem sie Markttrends, Wettbewerbsdynamik und Kundenbed\u00fcrfnisse verstehen.<\/p>\n\n\n\n<p>Dar\u00fcber hinaus nutzen Unternehmensanalysten und -strategen die Marktforschung zur Gesch\u00e4ftstransformation, um M\u00f6glichkeiten f\u00fcr Wachstum, Innovation und betriebliche Verbesserungen zu identifizieren und so wertvolle Erkenntnisse f\u00fcr die strategische Planung und Entscheidungsfindung zu gewinnen.<\/p>\n\n\n\n<p>Marketing- und Produktentwicklungsteams nutzen diese Marktforschung auch, um Kundenbed\u00fcrfnisse, -pr\u00e4ferenzen und -schwachstellen zu identifizieren. Durch das Verst\u00e4ndnis von Markttrends und Verbraucherverhalten k\u00f6nnen diese Teams Produkte und Dienstleistungen entwickeln und auf den Markt bringen, die bei den Zielgruppen Anklang finden und so Umsatzwachstum und Marktanteilsausweitung f\u00f6rdern.<\/p>\n\n\n\n<p>Similarly, Human Resources and Organizational Development Teams utilize <a href=\"https:\/\/www.sisinternational.com\/de\/sachverstand\/branchen\/marktforschung-zu-naturlichen-ressourcen\/\" title=\"Marktforschung f\u00fcr nat\u00fcrliche Ressourcen\"  data-wpil-monitor-id=\"4740\">Marktforschung zur Gesch\u00e4ftstransformation<\/a> to drive cultural change, talent development, and employee engagement initiatives.<\/p>\n\n\n\n<h2 class=\"wp-block-heading\">Wann sollte eine Marktforschung zur Gesch\u00e4ftstransformation durchgef\u00fchrt werden?<\/h2>\n\n\n\n<p>Um die Wirksamkeit und Wirkung dieser Forschung zu maximieren, ist es entscheidend, den optimalen Zeitpunkt f\u00fcr deren Durchf\u00fchrung zu bestimmen. Dabei sind mehrere Faktoren zu ber\u00fccksichtigen:<\/p>\n\n\n\n<ul class=\"wp-block-list\">\n<li><strong>Ereignisse ausl\u00f6sen:<\/strong> Ausl\u00f6sende Ereignisse wie Fusionen, \u00dcbernahmen, F\u00fchrungswechsel oder \u00c4nderungen der Branchenvorschriften k\u00f6nnen Marktforschung erforderlich machen. Diese Ereignisse k\u00f6nnen M\u00f6glichkeiten f\u00fcr eine organisatorische Neuausrichtung, Innovation oder Wachstum bieten, sodass die Durchf\u00fchrung von Marktforschung und die Unterst\u00fctzung strategischer Entscheidungen unabdingbar sind.<\/li>\n\n\n\n<li><strong>Marktst\u00f6rungen:<\/strong> Rapid market conditions, technological advancements, or competitive landscapes may necessitate market research. Organizations should monitor <a href=\"https:\/\/www.sisinternational.com\/de\/losungen\/b2b2c-marktforschung\/\" title=\"B2B2C-Marktforschung\"  data-wpil-monitor-id=\"2147\">market disruptions closely and conduct research<\/a> to assess the potential impact on their business models, processes, and strategies.<\/li>\n\n\n\n<li><strong>Leistungsbeurteilungen:<\/strong> Conducting business transformation market research as part of regular performance reviews enables organizations to evaluate the effectiveness of existing <a href=\"https:\/\/www.sisinternational.com\/de\/so-konnen-sie-ihr-geschaft-ausbauen\/\" title=\"So k\u00f6nnen Sie Ihr Gesch\u00e4ft ausbauen\"  data-wpil-monitor-id=\"1960\">strategies<\/a> and identify areas for improvement. By analyzing market trends, competitive dynamics, and customer feedback, organizations can identify opportunities to enhance performance and drive continuous improvement.<\/li>\n<\/ul>\n\n\n\n<h2 class=\"wp-block-heading\">Erwartete Ergebnisse unserer Marktforschung<\/h2>\n\n\n\n<p>Die Marktforschung zur Gesch\u00e4ftstransformation bringt positive Ergebnisse f\u00fcr Unternehmen, die strategische Ver\u00e4nderungen und Innovationen vorantreiben m\u00f6chten. Hier sind einige der erwarteten Ergebnisse:<\/p>\n\n\n\n<ul class=\"wp-block-list\">\n<li><strong>Identifizierung von Wachstumschancen:<\/strong> Mithilfe von Marktforschung zur Gesch\u00e4ftstransformation k\u00f6nnen Unternehmen neue Marktchancen, aufkommende Trends und unerschlossene Kundensegmente erkennen.<\/li>\n\n\n\n<li><strong>Verbesserte Betriebseffizienz:<\/strong> Durch Marktforschung k\u00f6nnen Unternehmen Ineffizienzen, Engp\u00e4sse und Verbesserungsbereiche in ihren Betriebsabl\u00e4ufen identifizieren. Unternehmen k\u00f6nnen die Betriebseffizienz steigern, Kosten senken und die Gesamtleistung verbessern, indem sie Prozesse optimieren, Arbeitsabl\u00e4ufe rationalisieren und Technologiel\u00f6sungen nutzen.<\/li>\n\n\n\n<li><strong>Gest\u00e4rkter Wettbewerbsvorteil:<\/strong> Durch die Nutzung der Erkenntnisse aus dieser Marktforschung k\u00f6nnen sich Unternehmen von der Konkurrenz abheben und ihren Wettbewerbsvorteil ausbauen. Dies kann die Entwicklung einzigartiger Wertangebote, die Verbesserung des Kundenerlebnisses oder die Nutzung von Technologien zur Umw\u00e4lzung traditioneller Gesch\u00e4ftsmodelle umfassen.<\/li>\n<\/ul>\n\n\n\n<h2 class=\"wp-block-heading\">Technologien und Tools in der Business Transformation Marktforschung<\/h2>\n\n\n\n<p>In der Marktforschung zur Gesch\u00e4ftstransformation ist der Einsatz fortschrittlicher Technologien und Tools von entscheidender Bedeutung, um umsetzbare Erkenntnisse zu gewinnen und fundierte Entscheidungen zu treffen. Hier sind einige wichtige Technologien und Tools, bei deren Implementierung wir Unternehmen unterst\u00fctzen:<\/p>\n\n\n\n<ul class=\"wp-block-list\">\n<li><strong>Big Data-Analyseplattformen:<\/strong> Big Data-Analyseplattformen wie Amazon Web Services (AWS) erm\u00f6glichen es Unternehmen, riesige Datenmengen aus verschiedenen Quellen zu verarbeiten und zu analysieren.<\/li>\n\n\n\n<li><strong>Tools f\u00fcr Business Intelligence (BI):<\/strong> Business Intelligence-Tools wie Tableau und Microsoft Power BI erm\u00f6glichen es Unternehmen, Daten zu visualisieren und zu untersuchen und Rohdaten in umsetzbare Erkenntnisse umzuwandeln. Diese Tools bieten interaktive Dashboards, Berichte und Datenvisualisierungsfunktionen, mit denen Benutzer tiefere Einblicke in Markttrends, Kundenverhalten und Wettbewerbslandschaften gewinnen k\u00f6nnen.<\/li>\n\n\n\n<li><strong>Customer Relationship Management (CRM)-Systeme:<\/strong> CRM systems such as Salesforce, Microsoft Dynamics 365, and HubSpot offer organizations a centralized platform for managing customer interactions and relationships. These systems provide valuable insights into customer preferences, purchasing behavior, and engagement patterns, enabling organizations to effectively tailor their <a href=\"https:\/\/www.sisinternational.com\/de\/analysis-b2b\/\" title=\"What Business Leaders Need to Know Right Now\"  data-wpil-monitor-id=\"838\">business transformation strategies to meet customer needs<\/a>.<\/li>\n\n\n\n<li><strong>Markt <a href=\"https:\/\/www.sisinternational.com\/de\/sachverstand\/primare-kundenspezifische-forschung-2\/\" title=\"Prim\u00e4re Marktforschung\"  data-wpil-monitor-id=\"6713\">Forschung<\/a> Tools:<\/strong> Marktforschungstools wie Qualtrics erleichtern das Sammeln und Analysieren prim\u00e4rer Marktforschungsdaten. Mit diesen Tools k\u00f6nnen Unternehmen Kundenfeedback sammeln, Umfragen und Interviews durchf\u00fchren und Einblicke in Markttrends, Pr\u00e4ferenzen und Wahrnehmungen gewinnen.<\/li>\n<\/ul>\n\n\n\n<h2 class=\"wp-block-heading\">Wie die Marktforschung von SIS International zur Gesch\u00e4ftstransformation Unternehmen hilft<\/h2>\n\n\n\n<figure class=\"gb-block-image gb-block-image-2b2fc145\"><img loading=\"lazy\" decoding=\"async\" width=\"1456\" height=\"816\" class=\"gb-image gb-image-2b2fc145\" src=\"https:\/\/www.sisinternational.com\/wp-content\/uploads\/2025\/08\/Global-5.jpg\" alt=\"SIS International Marktforschung &amp; Strategie\" title=\"Global (5)\" srcset=\"https:\/\/www.sisinternational.com\/wp-content\/uploads\/2025\/08\/Global-5.jpg 1456w, https:\/\/www.sisinternational.com\/wp-content\/uploads\/2025\/08\/Global-5-300x168.jpg 300w, https:\/\/www.sisinternational.com\/wp-content\/uploads\/2025\/08\/Global-5-1024x574.jpg 1024w, https:\/\/www.sisinternational.com\/wp-content\/uploads\/2025\/08\/Global-5-768x430.jpg 768w, https:\/\/www.sisinternational.com\/wp-content\/uploads\/2025\/08\/Global-5-18x10.jpg 18w\" sizes=\"auto, (max-width: 1456px) 100vw, 1456px\"><\/figure>\n\n\n\n<p><\/p>\n\n\n\n<p>The SIS approach to business transformation <a href=\"https:\/\/www.sisinternational.com\/de\/sachverstand\/branchen\/marktforschung-fur-strukturierte-verkabelung\/\" title=\"Marktforschung f\u00fcr strukturierte Verkabelung\"  data-wpil-monitor-id=\"5746\">market research emphasizes a comprehensive and structured<\/a> methodology for driving successful transformation initiatives. Here&#8217;s how each component of the SIS contributes to effective market research:<\/p>\n\n\n\n<ul class=\"wp-block-list\">\n<li><strong>Strategisch:<\/strong> Der strategische Aspekt des SIS-Ansatzes besteht darin, Marktforschungsbem\u00fchungen an \u00fcbergeordneten Gesch\u00e4ftszielen auszurichten. Wir helfen Unternehmen dabei, strategische Priorit\u00e4ten f\u00fcr ihre Transformationsinitiativen zu definieren und stellen sicher, dass die Forschungsbem\u00fchungen die wichtigsten Herausforderungen, Chancen und Marktdynamiken ber\u00fccksichtigen.<\/li>\n\n\n\n<li><strong>Aufschlussreich:<\/strong> Die aufschlussreiche Komponente des SIS-Ansatzes betont die Bedeutung der Gewinnung umsetzbarer Erkenntnisse aus Marktforschungsdaten. Durch den Einsatz fortschrittlicher Analysetechniken k\u00f6nnen Unternehmen aussagekr\u00e4ftige Muster, Trends und Korrelationen in ihren Datens\u00e4tzen aufdecken, sodass sie fundierte Entscheidungen treffen und strategische Transformationsinitiativen vorantreiben k\u00f6nnen.<\/li>\n\n\n\n<li><strong>Systematisch:<\/strong> Der systematische Ansatz der SIS-Methodik beinhaltet die Implementierung strukturierter Prozesse und Arbeitsabl\u00e4ufe zur Durchf\u00fchrung von Marktforschung. Unsere Experten unterst\u00fctzen Organisationen bei der Festlegung klarer Rollen, Verantwortlichkeiten und Zeitpl\u00e4ne f\u00fcr Forschungsaktivit\u00e4ten und stellen sicher, dass Datenerfassung, -analyse und -implementierung systematisch und effizient durchgef\u00fchrt werden.<\/li>\n<\/ul>\n\n\n\n<h2 class=\"wp-block-heading\">Gelegenheiten<\/h2>\n\n\n\n<p>Die Marktforschung zur Gesch\u00e4ftstransformation bietet Unternehmen zahlreiche M\u00f6glichkeiten, strategische Ver\u00e4nderungen, Innovationen und Wachstum voranzutreiben. Hier sind einige der wichtigsten M\u00f6glichkeiten:<\/p>\n\n\n\n<ul class=\"wp-block-list\">\n<li><strong>Identifizierung von Markttrends:<\/strong> Unternehmen k\u00f6nnen damit neue Markttrends, technologische Fortschritte und Kundenpr\u00e4ferenzen erkennen.<\/li>\n\n\n\n<li><strong>Optimierung von Gesch\u00e4ftsprozessen:<\/strong> Durch Marktforschung k\u00f6nnen Unternehmen Erkenntnisse \u00fcber Ineffizienzen, Engp\u00e4sse und Verbesserungsbereiche in ihren Gesch\u00e4ftsprozessen gewinnen.<\/li>\n\n\n\n<li><strong>Innovation und Differenzierung:<\/strong> Marktforschung erleichtert Innovation und Differenzierung, indem sie Unternehmen ein tieferes Verst\u00e4ndnis von Marktl\u00fccken, unerf\u00fcllten Bed\u00fcrfnissen und aufkommenden Trends vermittelt.<\/li>\n<\/ul>\n\n\n\n<h2 class=\"wp-block-heading\">Herausforderungen<\/h2>\n\n\n\n<figure class=\"gb-block-image gb-block-image-9e2257b9\"><img decoding=\"async\" class=\"gb-image gb-image-9e2257b9\" src=\"https:\/\/www.sisinternational.com\/wp-content\/uploads\/2025\/07\/AI-and-global-research-41.jpg\" alt=\"SIS International Marktforschung &amp; Strategie\" title=\"AI and global research (41)\"><\/figure>\n\n\n\n<p><\/p>\n\n\n\n<p>Trotz der zahlreichen M\u00f6glichkeiten dieser Marktforschung k\u00f6nnen Organisationen bei ihrer Umsetzung und Durchf\u00fchrung auf mehrere Herausforderungen sto\u00dfen. Hier sind einige der wichtigsten Herausforderungen:<\/p>\n\n\n\n<ul class=\"wp-block-list\">\n<li><strong>Datenkomplexit\u00e4t und -qualit\u00e4t:<\/strong> Die Verwaltung und Analyse gro\u00dfer Datenmengen aus unterschiedlichen Quellen kann eine Herausforderung sein. Datenqualit\u00e4t, Genauigkeit und Integrit\u00e4t sind f\u00fcr aussagekr\u00e4ftige Erkenntnisse aus der Marktforschung von entscheidender Bedeutung. Unternehmen ben\u00f6tigen m\u00f6glicherweise Hilfe bei der Datenverwaltung, -integration und Bereinigungsprozessen, was zu potenziellen Ungenauigkeiten und Verzerrungen bei der Analyse f\u00fchren kann.<\/li>\n\n\n\n<li><strong>Ressourcenbeschr\u00e4nkungen:<\/strong> Die Durchf\u00fchrung umfassender Marktforschung erfordert erhebliche Investitionen in Zeit, Geld und Personal. Insbesondere kleine und mittelgro\u00dfe Unternehmen ben\u00f6tigen m\u00f6glicherweise mehr Ressourcen und Fachwissen, um robuste Marktforschungsinitiativen durchzuf\u00fchren. Begrenzte Budgets, Personal und technologische Infrastruktur k\u00f6nnen die Wirksamkeit von Marktforschungsbem\u00fchungen beeintr\u00e4chtigen.<\/li>\n\n\n\n<li><strong>Geschwindigkeit der Ver\u00e4nderung:<\/strong> The pace of change in today&#8217;s business environment is rapid and relentless. Market dynamics, consumer preferences, and competitive landscapes evolve quickly, making it challenging for organizations to keep pace. <a href=\"https:\/\/www.sisinternational.com\/de\/die-auswirkungen-der-nigerianischen-marktkultur-auf-das-geschaft\/\" title=\"Der nigerianische Markt: Der Einfluss der Kultur auf das Gesch\u00e4ft\"  data-wpil-monitor-id=\"4368\">Business Transformation Marktforschung<\/a> must be conducted in real-time or near-real-time to effectively capture and respond to shifting market trends.<\/li>\n\n\n\n<li><strong>Widerstand zur Aenderung:<\/strong> Der organisatorische Widerstand gegen Ver\u00e4nderungen kann eine erhebliche H\u00fcrde f\u00fcr effektive Marktforschungs- und Gesch\u00e4ftstransformationsinitiativen darstellen. Mitarbeiter sind m\u00f6glicherweise zur\u00fcckhaltend, neue Technologien, Prozesse oder Arbeitsmethoden anzunehmen, weil sie Arbeitsplatzunsicherheit oder eine Unterbrechung etablierter Routinen bef\u00fcrchten. Um den Widerstand gegen Ver\u00e4nderungen zu \u00fcberwinden, sind effektive Change-Management-Strategien und ein starkes Engagement der F\u00fchrung erforderlich.<\/li>\n\n\n\n<li><strong>Bedenken hinsichtlich Datenschutz und Sicherheit:<\/strong> Das Sammeln und Analysieren von Kundendaten wirft Datenschutz- und Sicherheitsbedenken auf, insbesondere angesichts strenger gesetzlicher Anforderungen wie DSGVO und CCPA. Unternehmen m\u00fcssen die Einhaltung der Datenschutzbestimmungen sicherstellen und robuste Sicherheitsma\u00dfnahmen implementieren, um Kundeninformationen zu sch\u00fctzen und das Vertrauen aufrechtzuerhalten.<\/li>\n<\/ul>\n\n\n<h2>Unser Standort in New York<\/h2>\n<p><!-- \/wp:post-content --> <!-- wp:html --> <iframe loading=\"lazy\" src=\"https:\/\/www.google.com\/maps\/embed?pb=!1m18!1m12!1m3!1d3022.976188376966!2d-73.99130312499956!3d40.740549471389315!2m3!1f0!2f0!3f0!3m2!1i1024!2i768!4f13.1!3m3!1m2!1s0x89c259a15798c731%3A0xd695d09bdd495f25!2s11%20E%2022nd%20St%20FL%202%2C%20New%20York%2C%20NY%2010010%2C%20USA!5e0!3m2!1sen!2spe!4v1726171763526!5m2!1sen!2spe\" width=\"600\" height=\"450\" allowfullscreen=\"allowfullscreen\" data-mce-fragment=\"1\"><\/iframe> <!-- \/wp:html --> <!-- wp:paragraph --><\/p>\n<h3 class=\"wp-block-heading\">11 E 22nd Street, Floor 2, New York, NY 10010 T: +1(212) 505-6805<\/h3>\n<hr \/>\n<h2><span style=\"font-weight: 400;\">\u00dcber SIS International<\/span><\/h2>\n<p><a href=\"https:\/\/www.sisinternational.com\/de\/\"><span style=\"font-weight: 400;\">SIS International<\/span><\/a><span style=\"font-weight: 400;\"> bietet quantitative, qualitative und strategische Forschung an. Wir liefern Daten, Tools, Strategien, Berichte und Erkenntnisse zur Entscheidungsfindung. Wir f\u00fchren auch Interviews, Umfragen, Fokusgruppen und andere Methoden und Ans\u00e4tze der Marktforschung durch.<\/span><a href=\"https:\/\/www.sisinternational.com\/de\/uber-sis-international-research\/contact-sis-international-market-research\/\"><span style=\"font-weight: 400;\"> Kontakt<\/span><\/a><span style=\"font-weight: 400;\"> f\u00fcr Ihr n\u00e4chstes Marktforschungsprojekt.<\/span><\/p>\n<\/p>","protected":false},"excerpt":{"rendered":"<p>Die Marktforschung zur Unternehmensumwandlung analysiert Markttrends und organisatorische F\u00e4higkeiten, um den strategischen Wandel voranzutreiben.<\/p>","protected":false},"author":1,"featured_media":62408,"parent":14457,"menu_order":31,"comment_status":"closed","ping_status":"closed","template":"","meta":{"footnotes":""},"class_list":["post-46834","page","type-page","status-publish","has-post-thumbnail"],"_links":{"self":[{"href":"https:\/\/www.sisinternational.com\/de\/wp-json\/wp\/v2\/pages\/46834","targetHints":{"allow":["GET"]}}],"collection":[{"href":"https:\/\/www.sisinternational.com\/de\/wp-json\/wp\/v2\/pages"}],"about":[{"href":"https:\/\/www.sisinternational.com\/de\/wp-json\/wp\/v2\/types\/page"}],"author":[{"embeddable":true,"href":"https:\/\/www.sisinternational.com\/de\/wp-json\/wp\/v2\/users\/1"}],"replies":[{"embeddable":true,"href":"https:\/\/www.sisinternational.com\/de\/wp-json\/wp\/v2\/comments?post=46834"}],"version-history":[{"count":21,"href":"https:\/\/www.sisinternational.com\/de\/wp-json\/wp\/v2\/pages\/46834\/revisions"}],"predecessor-version":[{"id":80293,"href":"https:\/\/www.sisinternational.com\/de\/wp-json\/wp\/v2\/pages\/46834\/revisions\/80293"}],"up":[{"embeddable":true,"href":"https:\/\/www.sisinternational.com\/de\/wp-json\/wp\/v2\/pages\/14457"}],"wp:featuredmedia":[{"embeddable":true,"href":"https:\/\/www.sisinternational.com\/de\/wp-json\/wp\/v2\/media\/62408"}],"wp:attachment":[{"href":"https:\/\/www.sisinternational.com\/de\/wp-json\/wp\/v2\/media?parent=46834"}],"curies":[{"name":"wp","href":"https:\/\/api.w.org\/{rel}","templated":true}]}}