{"id":46822,"date":"2024-03-13T21:47:47","date_gmt":"2024-03-14T01:47:47","guid":{"rendered":"https:\/\/www.sisinternational.com\/?page_id=46822"},"modified":"2026-03-24T21:56:25","modified_gmt":"2026-03-25T01:56:25","slug":"marktforschung-zum-customer-lifetime-value","status":"publish","type":"page","link":"https:\/\/www.sisinternational.com\/de\/losungen\/einblicke-der-kunden\/marktforschung-zum-customer-lifetime-value\/","title":{"rendered":"Customer Lifetime Value Marktforschung"},"content":{"rendered":"<h1 class=\"gb-headline gb-headline-e9df2675 gb-headline-text\">Customer Lifetime Value Marktforschung<\/h1>\n\n\n\n<figure class=\"gb-block-image gb-block-image-fbf41046\"><img loading=\"lazy\" decoding=\"async\" width=\"1456\" height=\"816\" class=\"gb-image gb-image-fbf41046\" src=\"https:\/\/www.sisinternational.com\/wp-content\/uploads\/2025\/08\/Customer-goods-1.jpg\" alt=\"SIS International Marktforschung &amp; Strategie\" title=\"Customer goods (1)\" srcset=\"https:\/\/www.sisinternational.com\/wp-content\/uploads\/2025\/08\/Customer-goods-1.jpg 1456w, https:\/\/www.sisinternational.com\/wp-content\/uploads\/2025\/08\/Customer-goods-1-300x168.jpg 300w, https:\/\/www.sisinternational.com\/wp-content\/uploads\/2025\/08\/Customer-goods-1-1024x574.jpg 1024w, https:\/\/www.sisinternational.com\/wp-content\/uploads\/2025\/08\/Customer-goods-1-768x430.jpg 768w, https:\/\/www.sisinternational.com\/wp-content\/uploads\/2025\/08\/Customer-goods-1-18x10.jpg 18w\" sizes=\"auto, (max-width: 1456px) 100vw, 1456px\"><\/figure>\n\n\n\n<p><\/p>\n\n\n\n<hr class=\"wp-block-separator has-alpha-channel-opacity is-style-dots\"\/>\n\n\n\n<p>Are businesses truly maximizing the potential of their customer relationships? How can they ensure long-term profitability in an increasingly competitive landscape? These questions emphasize the critical importance of customer lifetime value market research, a strategic tool that delves deep into understanding the value of a customer throughout their relationship with a brand.<\/p>\n\n\n\n<h2 class=\"wp-block-heading\">So&#8230; What Is Customer Lifetime Value Market Research?<\/h2>\n\n\n\n<p>Customer lifetime value market research is a comprehensive analysis that calculates the total value a customer brings to a business throughout their relationship. It assesses the immediate revenue generated from a customer and the potential for future purchases, loyalty, and referrals.&nbsp;<\/p>\n\n\n\n<h2 class=\"wp-block-heading\">Warum Unternehmen Marktforschung zum Customer Lifetime Value ben\u00f6tigen<\/h2>\n\n\n\n<p>Customer lifetime value market research provides the necessary framework for businesses to make data-driven decisions prioritizing customer retention and lifetime value. Organizations can tailor their offerings and experiences to foster loyalty and drive repeat purchases by understanding customers&#8217; unique needs, preferences, and behaviors.<\/p>\n\n\n\n<p>Dar\u00fcber hinaus k\u00f6nnen Unternehmen Ressourcen effizient einsetzen, indem sie hochwertige Kundensegmente identifizieren und Marketingbudgets entsprechend zuteilen. Dar\u00fcber hinaus erm\u00f6glicht diese Marktforschung Unternehmen, Preisstrategien zu verfeinern, Produktangebote zu optimieren und den Kundenservice zu verbessern, was letztlich die allgemeine Wettbewerbsf\u00e4higkeit auf dem Markt steigert.<\/p>\n\n\n\n<p>Es bietet Unternehmen jedoch noch viele weitere Vorteile, darunter:<\/p>\n\n\n\n<ul class=\"wp-block-list\">\n<li><strong>Optimierte Marketingstrategien:<\/strong> Customer lifetime value market research allows businesses to tailor their marketing efforts more effectively by targeting high-value customer segments with personalized messaging and offers.<\/li>\n\n\n\n<li><strong>Verbesserte Kundenbindung:<\/strong> Wenn Unternehmen die treibenden Kr\u00e4fte hinter Kundentreue und -zufriedenheit verstehen, k\u00f6nnen sie Probleme proaktiv angehen, Bed\u00fcrfnisse vorhersehen und au\u00dfergew\u00f6hnliche Erlebnisse bieten, die langfristige Beziehungen f\u00f6rdern.<\/li>\n\n\n\n<li><strong>Verbesserte Umsatzprognose:<\/strong> Die Analyse des Customer Lifetime Value gibt Unternehmen wertvolle Einblicke in zuk\u00fcnftige Einnahmequellen und erm\u00f6glicht genauere Prognosen und Budgetplanungen. Durch die Vorhersage des Customer Lifetime Value k\u00f6nnen Unternehmen fundierte Entscheidungen hinsichtlich Ressourcenzuweisung, Preisstrategien und Investitionsm\u00f6glichkeiten treffen.<\/li>\n\n\n\n<li><strong>Verbesserte Cross-Selling- und Up-Selling-M\u00f6glichkeiten:<\/strong> Erkenntnisse aus der Marktforschung offenbaren M\u00f6glichkeiten zum Cross-Selling und Up-Selling durch die Identifizierung erg\u00e4nzender Produkte oder Dienstleistungen, die bei hochwertigen Kunden Anklang finden.<\/li>\n<\/ul>\n\n\n\n<h2 class=\"wp-block-heading\">Wann sollte eine Marktforschung \u00fcber den Customer Lifetime Value durchgef\u00fchrt werden?<\/h2>\n\n\n\n<p>Um die Wirksamkeit und Wirkung einer Marktforschung zum Customer Lifetime Value zu maximieren, ist es entscheidend, den optimalen Zeitpunkt f\u00fcr die Durchf\u00fchrung dieser Studie zu bestimmen. Dabei sind mehrere Faktoren zu ber\u00fccksichtigen:<\/p>\n\n\n\n<ul class=\"wp-block-list\">\n<li><strong>Fr\u00fches Stadium der Gesch\u00e4ftsentwicklung:<\/strong> Conducting market research early in business development allows organizations to establish a solid foundation for understanding customer value and loyalty.<\/li>\n\n\n\n<li><strong>Strategische Wendepunkte:<\/strong> Businesses should consider conducting customer lifetime value <a href=\"https:\/\/www.sisinternational.com\/de\/what-is-a-value-proposition-canvas-the-game-changing-framework-that-prevents-product-failures\/\" title=\"What Is a Value Proposition Canvas? &#091;The Game-Changing Framework That Prevents Product Failures&#093;\"  data-wpil-monitor-id=\"1454\">Marktforschung<\/a> during strategic inflection points such as major product launches, mergers and acquisitions, or significant shifts in business strategy.<\/li>\n\n\n\n<li><strong>Kunde <\/strong><a href=\"https:\/\/www.sisinternational.com\/de\/losungen\/branding-und-kundenforschungslosungen\/lebenszyklusverwaltung\/\" title=\"Lebenszyklus-Marktforschung\"  data-wpil-monitor-id=\"2966\">Lifecycle Stages: Market research<\/a> can be conducted at various stages of the customer lifecycle, including acquisition, onboarding, retention, and reactivation. Businesses can tailor their engagement strategies to address specific needs, enhance customer experiences, and maximize lifetime value.<\/li>\n<\/ul>\n\n\n\n<h2 class=\"wp-block-heading\">Kritische Erfolgsfaktoren f\u00fcr eine erfolgreiche Customer Lifetime Value Marktforschung<\/h2>\n\n\n\n<p>Successful customer lifetime value analysis implementation hinges on several key factors that organizations must prioritize and address. Here are the critical success factors:<\/p>\n\n\n\n<ul class=\"wp-block-list\">\n<li><strong>Datenqualit\u00e4t und Integration:<\/strong> Accurate and comprehensive data is paramount for <a href=\"https:\/\/www.sisinternational.com\/de\/losungen\/ai-marktforschung-und-strategieberatung\/datenwissenschaft-ki-marktforschung\/\" title=\"Data Science KI-Marktforschung\"  data-wpil-monitor-id=\"2415\">Marktforschung zum Customer Lifetime Value<\/a>. Organizations must ensure data integrity, consistency, and accessibility across various sources and touchpoints.<\/li>\n\n\n\n<li><strong>Funktions\u00fcbergreifende Zusammenarbeit:<\/strong> Diese Marktforschung erfordert die Zusammenarbeit verschiedener Abteilungen, darunter Marketing, Vertrieb, Finanzen und IT. Die abteilungs\u00fcbergreifende Abstimmung stellt sicher, dass Erkenntnisse zum Customer Lifetime Value in strategische Planungsprozesse und betriebliche Arbeitsabl\u00e4ufe integriert werden, um koh\u00e4rente kundenorientierte Initiativen voranzutreiben und die Wirkung von Customer Lifetime Value-Strategien zu maximieren.<\/li>\n\n\n\n<li><strong>Kontinuierliche \u00dcberwachung und Optimierung:<\/strong> Die Marktforschung zum Customer Lifetime Value ist kein einmaliges Unterfangen, sondern ein fortlaufender Prozess, der kontinuierlich \u00fcberwacht und optimiert werden muss. Unternehmen sollten KPIs, Kennzahlen und Leistungsbenchmarks festlegen, um die Wirksamkeit von Customer Lifetime Value-Strategien im Laufe der Zeit zu verfolgen.<\/li>\n<\/ul>\n\n\n\n<h2 class=\"wp-block-heading\">Technologien und Tools in der Customer Lifetime Value-Marktforschung<\/h2>\n\n\n\n<figure class=\"gb-block-image gb-block-image-fc5463fa\"><img loading=\"lazy\" decoding=\"async\" width=\"1456\" height=\"816\" class=\"gb-image gb-image-fc5463fa\" src=\"https:\/\/www.sisinternational.com\/wp-content\/uploads\/2025\/08\/Customer-shopping-3.jpg\" alt=\"SIS International Marktforschung &amp; Strategie\" title=\"Customer shopping (3)\" srcset=\"https:\/\/www.sisinternational.com\/wp-content\/uploads\/2025\/08\/Customer-shopping-3.jpg 1456w, https:\/\/www.sisinternational.com\/wp-content\/uploads\/2025\/08\/Customer-shopping-3-300x168.jpg 300w, https:\/\/www.sisinternational.com\/wp-content\/uploads\/2025\/08\/Customer-shopping-3-1024x574.jpg 1024w, https:\/\/www.sisinternational.com\/wp-content\/uploads\/2025\/08\/Customer-shopping-3-768x430.jpg 768w, https:\/\/www.sisinternational.com\/wp-content\/uploads\/2025\/08\/Customer-shopping-3-18x10.jpg 18w\" sizes=\"auto, (max-width: 1456px) 100vw, 1456px\"><\/figure>\n\n\n\n<p><\/p>\n\n\n\n<p>In der Marktforschung zum Customer Lifetime Value ist der Einsatz fortschrittlicher Technologien und Tools unerl\u00e4sslich, um aus komplexen Datens\u00e4tzen umsetzbare Erkenntnisse zu gewinnen und fundierte Entscheidungen zu treffen. Hier sind einige wichtige Technologien und Tools, die in dieser Marktforschung verwendet werden:<\/p>\n\n\n\n<ul class=\"wp-block-list\">\n<li><strong>Customer Relationship Management (CRM)-Systeme:<\/strong> CRM-Systeme dienen als zentrales Repository f\u00fcr Kundendaten und erm\u00f6glichen es Unternehmen, Kundeninteraktionen \u00fcber mehrere Kontaktpunkte hinweg zu erfassen, zu speichern und zu analysieren. Unternehmen k\u00f6nnen das Kundenverhalten und die Kundenpr\u00e4ferenzen umfassend einsehen, indem sie CRM-Daten mit der Analyse des Customer Lifetime Value integrieren und so gezielte Marketingkampagnen und personalisierte Kundenerlebnisse erm\u00f6glichen.<\/li>\n\n\n\n<li><strong>Datenanalyseplattformen:<\/strong> Datenanalyseplattformen wie Tableau, Power BI und Google Analytics bieten robuste Funktionen f\u00fcr Datenvisualisierung, Berichterstellung und pr\u00e4diktive Modellierung. Diese Plattformen erm\u00f6glichen es Unternehmen, Muster, Trends und Korrelationen in ihren Daten zu erkennen, was genauere Berechnungen des Customer Lifetime Value und umsetzbare Erkenntnisse erm\u00f6glicht.<\/li>\n\n\n\n<li><strong>Plattformen f\u00fcr Kundenfeedback und Umfragen:<\/strong> Das Sammeln von direktem Kundenfeedback durch Umfragen und Feedback-Plattformen wie SurveyMonkey und Qualtrics liefert wertvolle Einblicke in Kundenzufriedenheit, Pr\u00e4ferenzen und Problembereiche. Durch die Integration von Kundenfeedbackdaten in die Analyse des Customer Lifetime Value k\u00f6nnen Unternehmen proaktiv auf Kundenbed\u00fcrfnisse eingehen, ihr Produktangebot erweitern und das allgemeine Kundenerlebnis verbessern.<\/li>\n<\/ul>\n\n\n\n<h2 class=\"wp-block-heading\">Gelegenheiten<\/h2>\n\n\n\n<p>Der Customer Lifetime Value bietet Unternehmen zahlreiche M\u00f6glichkeiten, ihre Wettbewerbsf\u00e4higkeit und Rentabilit\u00e4t zu steigern. Hier sind einige wichtige M\u00f6glichkeiten:<\/p>\n\n\n\n<ul class=\"wp-block-list\">\n<li><strong>Gezielte Marketingkampagnen:<\/strong> With customer lifetime value insights, businesses can identify high-value customer segments and target them with tailored marketing campaigns.&nbsp;<\/li>\n\n\n\n<li><strong>Optimierte Produkt- und Serviceangebote:<\/strong> Understanding customer lifetime value allows businesses to optimize their product and service offerings to better meet customer needs and preferences. Organizations can increase customer satisfaction and loyalty by aligning offerings with high-value customer segments while maximizing profitability.<\/li>\n\n\n\n<li><strong>Effiziente Ressourcenzuweisung:<\/strong> Marktforschung zum Customer Lifetime Value hilft Unternehmen, Ressourcen effizienter einzusetzen, indem sie sich auf Initiativen konzentrieren, die den h\u00f6chsten Ertrag bringen. Unternehmen k\u00f6nnen Marketingausgaben, Vertriebsbem\u00fchungen und Betriebsinvestitionen optimieren, um die Rentabilit\u00e4t zu maximieren, indem sie die wertvollsten Kunden und Kan\u00e4le identifizieren.<\/li>\n<\/ul>\n\n\n\n<h2 class=\"wp-block-heading\">Herausforderungen<\/h2>\n\n\n\n<figure class=\"gb-block-image gb-block-image-42811f0b\"><img loading=\"lazy\" decoding=\"async\" width=\"1456\" height=\"816\" class=\"gb-image gb-image-42811f0b\" src=\"https:\/\/www.sisinternational.com\/wp-content\/uploads\/2025\/08\/Digital-Customer-Experience-1.jpg\" alt=\"SIS International Marktforschung &amp; Strategie\" title=\"Digital Customer Experience (1)\" srcset=\"https:\/\/www.sisinternational.com\/wp-content\/uploads\/2025\/08\/Digital-Customer-Experience-1.jpg 1456w, https:\/\/www.sisinternational.com\/wp-content\/uploads\/2025\/08\/Digital-Customer-Experience-1-300x168.jpg 300w, https:\/\/www.sisinternational.com\/wp-content\/uploads\/2025\/08\/Digital-Customer-Experience-1-1024x574.jpg 1024w, https:\/\/www.sisinternational.com\/wp-content\/uploads\/2025\/08\/Digital-Customer-Experience-1-768x430.jpg 768w, https:\/\/www.sisinternational.com\/wp-content\/uploads\/2025\/08\/Digital-Customer-Experience-1-18x10.jpg 18w\" sizes=\"auto, (max-width: 1456px) 100vw, 1456px\"><\/figure>\n\n\n\n<p><\/p>\n\n\n\n<p>Obwohl der Customer Lifetime Value erhebliche Chancen bietet, stehen Unternehmen bei der Implementierung und Umsetzung vor mehreren Herausforderungen. Hier sind einige der wichtigsten Herausforderungen:<\/p>\n\n\n\n<ul class=\"wp-block-list\">\n<li><strong>Komplexit\u00e4t der Analyse:<\/strong> Analyzing customer lifetime value involves complex statistical modeling and predictive analytics techniques. Many businesses lack the internal expertise and resources to effectively perform sophisticated customer lifetime value analyses. Outsourcing to third-party analytics firms or investing in training and development programs can help address this challenge.<\/li>\n\n\n\n<li><strong>Organisatorische Silos:<\/strong> Marktforschung zum Customer Lifetime Value erfordert abteilungs\u00fcbergreifende Zusammenarbeit und Abstimmung zwischen verschiedenen Abteilungen, darunter Marketing, Vertrieb, Finanzen und IT. Allerdings k\u00f6nnen organisatorische Silos und Kompetenzk\u00e4mpfe die Zusammenarbeit behindern und die effektive Umsetzung von Customer Lifetime Value-Initiativen behindern. Um diese Herausforderung zu meistern, ist es unerl\u00e4sslich, Silos aufzubrechen und eine Kultur der Zusammenarbeit zu f\u00f6rdern.<\/li>\n\n\n\n<li><strong>Bedenken hinsichtlich Datenschutz und Datensicherheit:<\/strong> Das Sammeln und Analysieren von Kundendaten wirft Fragen hinsichtlich Datenschutz und Datensicherheit auf, insbesondere angesichts strenger gesetzlicher Anforderungen wie der DSGVO und des CCPA. Unternehmen m\u00fcssen die Einhaltung der Datenschutzbestimmungen sicherstellen und robuste Sicherheitsma\u00dfnahmen implementieren, um Kundeninformationen zu sch\u00fctzen und das Vertrauen aufrechtzuerhalten.<\/li>\n<\/ul>\n\n\n\n<h2 class=\"wp-block-heading\">Wie die Customer Lifetime Value-Marktforschung von SIS International Unternehmen hilft<\/h2>\n\n\n\n<p>Der <a href=\"https:\/\/www.sisinternational.com\/de\/gedenktag\/\" title=\"Marktforschung zum Memorial Day\"  data-wpil-monitor-id=\"2035\">SIS&#8217;s approach to customer lifetime value market<\/a> research provides businesses with critical insights for fostering long-term customer relationships and maximizing profitability. This perspective is crucial for several reasons:<\/p>\n\n\n\n<ul class=\"wp-block-list\">\n<li><strong>Strategische Entscheidungsfindung:<\/strong> <a href=\"https:\/\/www.linkedin.com\/company\/sisinternationalresearch\/\" target=\"_blank\" rel=\"noopener\">SIS International<\/a>&#8216;s customer lifetime value market research equips businesses with the data to make informed strategic decisions.<\/li>\n\n\n\n<li><strong>Kundenbindung und Treue:<\/strong> Mithilfe der Customer Lifetime Value-Forschung k\u00f6nnen Unternehmen die Faktoren identifizieren, die Kundentreue und -bindung f\u00f6rdern. Wenn Unternehmen verstehen, was Kunden dazu bringt, wiederzukommen, k\u00f6nnen sie ihre Angebote und Kundenservicestrategien verfeinern und so die Wahrscheinlichkeit erh\u00f6hen, wertvolle Kunden l\u00e4nger zu binden.<\/li>\n\n\n\n<li><strong>Optimierte Marketingausgaben:<\/strong> Through customer lifetime value analysis, SIS International helps businesses determine the most effective ways to invest their marketing dollars.<\/li>\n\n\n\n<li><strong style=\"background-color: var(--base-3); color: var(--contrast-2);\">Personalisierung und Targeting:<\/strong><span style=\"background-color: var(--base-3); color: var(--contrast-2);\"><span style=\"background-color: var(--base-3); color: var(--contrast-2);\"> <a href=\"https:\/\/www.sisinternational.com\/de\/financial-services-consulting\/financial-services-customer-satisfaction\/\" title=\"Financial Services Customer Satisfaction\" data-wpil-monitor-id=\"7506\">Customer lifetime value<\/a> insights enable businesses to personalize their interactions and tailor their products or services to meet their most valuable customers&#8217; specific needs and preferences.<\/span><\/span><\/li>\n\n\n\n<li><strong>Prognosen f\u00fcr zuk\u00fcnftige Ums\u00e4tze:<\/strong> Wenn Unternehmen den Lebenszeitwert ihrer Kunden kennen, k\u00f6nnen sie genauere Vorhersagen \u00fcber zuk\u00fcnftige Ums\u00e4tze treffen. Diese Erkenntnisse sind f\u00fcr die langfristige Planung von entscheidender Bedeutung und helfen Unternehmen, realistische Wachstumsziele festzulegen.<\/li>\n<\/ul>\n\n\n\n<h2 class=\"wp-block-heading\">Unser Standort in New York<\/h2>\n\n\n\n<p>\n\n\n\n<iframe loading=\"lazy\" src=\"https:\/\/www.google.com\/maps\/embed?pb=!1m18!1m12!1m3!1d3022.976188376966!2d-73.99130312499956!3d40.740549471389315!2m3!1f0!2f0!3f0!3m2!1i1024!2i768!4f13.1!3m3!1m2!1s0x89c259a15798c731%3A0xd695d09bdd495f25!2s11%20E%2022nd%20St%20FL%202%2C%20New%20York%2C%20NY%2010010%2C%20USA!5e0!3m2!1sen!2spe!4v1726171763526!5m2!1sen!2spe\" width=\"600\" height=\"450\" allowfullscreen=\"allowfullscreen\" data-mce-fragment=\"1\"><\/iframe>\n\n\n\n<\/p>\n\n\n\n<h3 class=\"wp-block-heading\">11 E 22nd Street, Floor 2, New York, NY 10010 T: +1(212) 505-6805<\/h3>\n\n\n\n<hr class=\"wp-block-separator has-alpha-channel-opacity\"\/>\n\n\n\n<h2 class=\"wp-block-heading\"><span style=\"font-weight: 400;\">\u00dcber SIS International<\/span><\/h2>\n\n\n\n<p><a href=\"https:\/\/www.sisinternational.com\/de\/\"><span style=\"font-weight: 400;\">SIS International<\/span><\/a><span style=\"font-weight: 400;\"> bietet quantitative, qualitative und strategische Forschung an. Wir liefern Daten, Tools, Strategien, Berichte und Erkenntnisse zur Entscheidungsfindung. Wir f\u00fchren auch Interviews, Umfragen, Fokusgruppen und andere Methoden und Ans\u00e4tze der Marktforschung durch.<\/span><a href=\"https:\/\/www.sisinternational.com\/de\/uber-sis-international-research\/contact-sis-international-market-research\/\"><span style=\"font-weight: 400;\"> Kontakt<\/span><\/a><span style=\"font-weight: 400;\"> f\u00fcr Ihr n\u00e4chstes Marktforschungsprojekt.<\/span><\/p>\n\n\n\n<p><\/p>","protected":false},"excerpt":{"rendered":"<p>Die Marktforschung zum Customer Lifetime Value misst den Gesamtwert, den ein Kunde einem Unternehmen im Laufe seines Lebens bringt.<\/p>","protected":false},"author":1,"featured_media":64757,"parent":50194,"menu_order":28,"comment_status":"closed","ping_status":"closed","template":"","meta":{"footnotes":""},"class_list":["post-46822","page","type-page","status-publish","has-post-thumbnail"],"_links":{"self":[{"href":"https:\/\/www.sisinternational.com\/de\/wp-json\/wp\/v2\/pages\/46822","targetHints":{"allow":["GET"]}}],"collection":[{"href":"https:\/\/www.sisinternational.com\/de\/wp-json\/wp\/v2\/pages"}],"about":[{"href":"https:\/\/www.sisinternational.com\/de\/wp-json\/wp\/v2\/types\/page"}],"author":[{"embeddable":true,"href":"https:\/\/www.sisinternational.com\/de\/wp-json\/wp\/v2\/users\/1"}],"replies":[{"embeddable":true,"href":"https:\/\/www.sisinternational.com\/de\/wp-json\/wp\/v2\/comments?post=46822"}],"version-history":[{"count":17,"href":"https:\/\/www.sisinternational.com\/de\/wp-json\/wp\/v2\/pages\/46822\/revisions"}],"predecessor-version":[{"id":81132,"href":"https:\/\/www.sisinternational.com\/de\/wp-json\/wp\/v2\/pages\/46822\/revisions\/81132"}],"up":[{"embeddable":true,"href":"https:\/\/www.sisinternational.com\/de\/wp-json\/wp\/v2\/pages\/50194"}],"wp:featuredmedia":[{"embeddable":true,"href":"https:\/\/www.sisinternational.com\/de\/wp-json\/wp\/v2\/media\/64757"}],"wp:attachment":[{"href":"https:\/\/www.sisinternational.com\/de\/wp-json\/wp\/v2\/media?parent=46822"}],"curies":[{"name":"wp","href":"https:\/\/api.w.org\/{rel}","templated":true}]}}