{"id":46782,"date":"2024-03-12T20:25:16","date_gmt":"2024-03-13T00:25:16","guid":{"rendered":"https:\/\/www.sisinternational.com\/?page_id=46782"},"modified":"2026-03-16T23:51:06","modified_gmt":"2026-03-17T03:51:06","slug":"beratung-zur-kundengewinnung-im-finanzdienstleistungsbereich","status":"publish","type":"page","link":"https:\/\/www.sisinternational.com\/de\/losungen\/strategieberatung\/financial-services-consulting\/beratung-zur-kundengewinnung-im-finanzdienstleistungsbereich\/","title":{"rendered":"Beratung zur Kundengewinnung im Finanzdienstleistungsbereich"},"content":{"rendered":"<h1 class=\"wp-block-heading\">Beratung zur Kundengewinnung im Finanzdienstleistungsbereich<\/h1>\n\n\n\n<figure class=\"gb-block-image gb-block-image-82750702\"><img loading=\"lazy\" decoding=\"async\" width=\"1456\" height=\"816\" class=\"gb-image gb-image-82750702\" src=\"https:\/\/www.sisinternational.com\/wp-content\/uploads\/2025\/08\/Finance-1.jpg\" alt=\"SIS International Marktforschung &amp; Strategie\" title=\"Finance (1)\" srcset=\"https:\/\/www.sisinternational.com\/wp-content\/uploads\/2025\/08\/Finance-1.jpg 1456w, https:\/\/www.sisinternational.com\/wp-content\/uploads\/2025\/08\/Finance-1-300x168.jpg 300w, https:\/\/www.sisinternational.com\/wp-content\/uploads\/2025\/08\/Finance-1-1024x574.jpg 1024w, https:\/\/www.sisinternational.com\/wp-content\/uploads\/2025\/08\/Finance-1-768x430.jpg 768w, https:\/\/www.sisinternational.com\/wp-content\/uploads\/2025\/08\/Finance-1-18x10.jpg 18w\" sizes=\"auto, (max-width: 1456px) 100vw, 1456px\"><\/figure>\n\n\n\n<p><\/p>\n\n\n\n<hr class=\"wp-block-separator has-alpha-channel-opacity\"\/>\n\n\n\n<p>Im hart umk\u00e4mpften Markt der Finanzdienstleistungen ist die Kundenakquise f\u00fcr Wachstum und Nachhaltigkeit von entscheidender Bedeutung. Die Kundenakquiseberatung f\u00fcr Finanzdienstleistungen bietet strategische Einblicke und umsetzbare L\u00f6sungen, um wertvolle Kunden zu gewinnen und zu halten. Sie bietet einen Fahrplan, der Unternehmen durch die Komplexit\u00e4t des Marktes f\u00fchrt und ihnen hilft, Strategien zu entwickeln, die bei ihrer Zielgruppe Anklang finden.<\/p>\n\n\n\n<h2 class=\"wp-block-heading\">Was ist Kundenakquiseberatung im Finanzdienstleistungsbereich?<\/h2>\n\n\n\n<p>Financial services customer acquisition consulting focuses on developing and implementing strategies to attract and retain clients in the financial services sector.&nbsp;<\/p>\n\n\n\n<p>The role of <a href=\"https:\/\/www.sisinternational.com\/de\/financial-services-consulting\/\" title=\"Financial Services Consulting\"  data-wpil-monitor-id=\"2963\">Beratung zur Kundengewinnung im Finanzdienstleistungsbereich<\/a> extends beyond strategy formulation. Consultants also assist in the execution of these strategies, providing guidance on marketing campaigns, digital initiatives, and sales tactics. They work closely with financial institutions to ensure that customer acquisition efforts are cohesive, targeted, and measurable, ultimately driving growth and enhancing the firm&#8217;s market position.<\/p>\n\n\n\n<h2 class=\"wp-block-heading\">Warum ben\u00f6tigen Unternehmen Beratung zur Kundengewinnung im Finanzdienstleistungsbereich?<\/h2>\n\n\n\n<p>Complex regulations, evolving market dynamics, and intense competition characterize the financial services industry. that-s why consulting services provide the expertise and insights needed to navigate these complexities effectively and help businesses stay ahead of technological trends, integrating innovative solutions into their acquisition efforts.<\/p>\n\n\n\n<p>It offers a range of benefits that can significantly enhance a firm&#8217;s ability to attract and retain clients. Some key advantages include:<\/p>\n\n\n\n<ul class=\"wp-block-list\">\n<li><strong>Strategische Erkenntnisse:<\/strong> Consultants provide valuable insights into market trends, consumer behavior, and competitive dynamics, enabling firms to develop informed and effective acquisition strategies.<\/li>\n\n\n\n<li><strong>Marketing-Optimierung:<\/strong> Berater unterst\u00fctzen bei der Verfeinerung von Marketingstrategien und -kan\u00e4len und sorgen daf\u00fcr, dass Unternehmen ihr Wertversprechen effektiv kommunizieren und ihre Zielgruppe erreichen.<\/li>\n\n\n\n<li><strong>Verbesserung des Kundenerlebnisses:<\/strong> Indem sie Empfehlungen zur Verbesserung der Customer Journey geben, unterst\u00fctzen Berater Unternehmen dabei, ein nahtloses und ansprechendes Erlebnis zu schaffen, das die Kundengewinnung und -bindung f\u00f6rdert.<\/li>\n<\/ul>\n\n\n\n<h2 class=\"wp-block-heading\">Erwartete Ergebnisse unserer Beratung zur Kundengewinnung im Finanzdienstleistungsbereich<\/h2>\n\n\n\n<p>When engaging in consulting with <a class=\"wpil_keyword_link\" href=\"https:\/\/www.sisinternational.com\/de\/uber-sis-international-research\/\"   title=\"\u00dcber uns\" data-wpil-keyword-link=\"linked\"  data-wpil-monitor-id=\"594\">SIS International Forschung<\/a>, clients can expect the following outcomes:<\/p>\n\n\n\n<ul class=\"wp-block-list\">\n<li><strong>Erweiterter Kundenstamm:<\/strong> Durch gezielte Strategien und wirksames Marketing sollten Unternehmen eine messbare Steigerung ihrer Kundengewinnungsraten verzeichnen k\u00f6nnen.<\/li>\n\n\n\n<li><strong>Verbesserte Markenbekanntheit:<\/strong> Die Beratungsbem\u00fchungen zielen darauf ab, die Sichtbarkeit und den Ruf des Unternehmens auf dem Markt zu steigern und mehr potenzielle Kunden zu gewinnen.<\/li>\n\n\n\n<li><strong>Verbesserter Marketing-ROI:<\/strong> Durch die Optimierung von Marketingkampagnen und -kan\u00e4len k\u00f6nnen Unternehmen mit einer h\u00f6heren Kapitalrendite ihrer Marketingausgaben rechnen.<\/li>\n\n\n\n<li><strong>Datengesteuerte Erkenntnisse:<\/strong> Kunden erhalten wertvolle Einblicke in das Kundenverhalten und die Kundenpr\u00e4ferenzen und k\u00f6nnen so fundiertere Entscheidungen treffen.<\/li>\n\n\n\n<li><strong>Wettbewerbsvorteil:<\/strong> Mit innovativen Strategien und einem kundenorientierten Ansatz k\u00f6nnen sich Unternehmen von der Konkurrenz abheben und gr\u00f6\u00dfere Marktanteile gewinnen.<\/li>\n<\/ul>\n\n\n\n<h2 class=\"wp-block-heading\">Gelegenheiten und Herausforderungen<\/h2>\n\n\n\n<figure class=\"gb-block-image gb-block-image-e264adca\"><img loading=\"lazy\" decoding=\"async\" width=\"1456\" height=\"816\" class=\"gb-image gb-image-e264adca\" src=\"https:\/\/www.sisinternational.com\/wp-content\/uploads\/2025\/08\/Finance-13.jpg\" alt=\"SIS International Marktforschung &amp; Strategie\" title=\"Finance (13)\" srcset=\"https:\/\/www.sisinternational.com\/wp-content\/uploads\/2025\/08\/Finance-13.jpg 1456w, https:\/\/www.sisinternational.com\/wp-content\/uploads\/2025\/08\/Finance-13-300x168.jpg 300w, https:\/\/www.sisinternational.com\/wp-content\/uploads\/2025\/08\/Finance-13-1024x574.jpg 1024w, https:\/\/www.sisinternational.com\/wp-content\/uploads\/2025\/08\/Finance-13-768x430.jpg 768w, https:\/\/www.sisinternational.com\/wp-content\/uploads\/2025\/08\/Finance-13-18x10.jpg 18w\" sizes=\"auto, (max-width: 1456px) 100vw, 1456px\"><\/figure>\n\n\n\n<p><\/p>\n\n\n\n<h3 class=\"wp-block-heading\">Gelegenheiten<\/h3>\n\n\n\n<p>The field of financial <a href=\"https:\/\/www.sisinternational.com\/de\/losungen\/reise-tourismus-und-gastgewerbeberatung\/concierge-service-beratung\/\" title=\"Concierge-Dienstleistungen Beratung\"  data-wpil-monitor-id=\"4681\">services customer acquisition consulting<\/a> presents several opportunities for businesses to enhance their growth and competitiveness:<\/p>\n\n\n\n<ul class=\"wp-block-list\">\n<li>\n<ul class=\"wp-block-list\">\n<li><strong>Markterweiterung:<\/strong> Beratungsleistungen k\u00f6nnen Unternehmen dabei helfen, neue M\u00e4rkte zu identifizieren und zu erschlie\u00dfen, ihren Kundenstamm zu erweitern und ihren Marktanteil zu steigern.<\/li>\n\n\n\n<li><strong>Digitale Transformation:<\/strong> Angesichts der rasanten Weiterentwicklung digitaler Technologien k\u00f6nnen Beratungsdienste Unternehmen dabei unterst\u00fctzen, digitale Kan\u00e4le und Tools wirksamer zu nutzen, um Kunden zu gewinnen und zu binden.<\/li>\n\n\n\n<li><strong>Produktinnovation:<\/strong> Beratungsdienste k\u00f6nnen Einblicke in die Bed\u00fcrfnisse und Vorlieben der Kunden bieten und es Unternehmen erm\u00f6glichen, innovative Produkte und Dienste zu entwickeln, die den sich entwickelnden Marktanforderungen gerecht werden.<\/li>\n\n\n\n<li><strong><a class=\"wpil_keyword_link\" href=\"https:\/\/www.sisinternational.com\/de\/losungen\/einblicke-der-kunden\/\"   title=\"Einblicke der Kunden\" data-wpil-keyword-link=\"linked\"  data-wpil-monitor-id=\"593\">Einblicke der Kunden<\/a>:<\/strong> Durch Datenanalyse und Marktforschung k\u00f6nnen Beratungsdienste tiefe Einblicke in das Kundenverhalten bieten, sodass Unternehmen ihre Marketingstrategien f\u00fcr eine maximale Wirkung anpassen k\u00f6nnen.<\/li>\n\n\n\n<li><strong>Einhaltung gesetzlicher Vorschriften:<\/strong> Beratungsdienste k\u00f6nnen Unternehmen dabei unterst\u00fctzen, sich in der komplexen Regulierungslandschaft der Finanzdienstleistungsbranche zurechtzufinden und sicherzustellen, dass ihre Strategien zur Kundengewinnung konform und effektiv sind.<\/li>\n<\/ul>\n<\/li>\n<\/ul>\n\n\n\n<h3 class=\"wp-block-heading\">Herausforderungen<\/h3>\n\n\n\n<p>Die Beratung zur Kundenakquise im Finanzsektor bietet zwar gro\u00dfe Chancen, die Unternehmen stehen in diesem Bereich jedoch auch vor mehreren Herausforderungen, darunter:<\/p>\n\n\n\n<ul class=\"wp-block-list\">\n<li>\n<ul class=\"wp-block-list\">\n<li><strong>Regulatorische Einschr\u00e4nkungen:<\/strong> Die Navigation durch das komplexe regulatorische Umfeld der Finanzdienstleistungsbranche kann bei der Kundengewinnung eine gro\u00dfe Herausforderung darstellen.<\/li>\n\n\n\n<li><strong>Datenschutz und Sicherheit:<\/strong> Insbesondere angesichts der zunehmenden Bedrohung durch Cyberangriffe ist es von entscheidender Bedeutung, den Datenschutz und die Sicherheit der Kundendaten zu gew\u00e4hrleisten.<\/li>\n\n\n\n<li><strong>Schnelle technologische Ver\u00e4nderungen:<\/strong> Mit dem rasanten technologischen Fortschritt Schritt zu halten und ihn in die Akquisitionsstrategien zu integrieren, kann f\u00fcr Unternehmen schwierig sein.<\/li>\n\n\n\n<li><strong>Intensiver Wettbewerb:<\/strong> Aufgrund des hohen Wettbewerbsdrucks in der Finanzdienstleistungsbranche ist es eine Herausforderung, sich hervorzuheben und Kunden zu gewinnen.<\/li>\n\n\n\n<li><strong>Ver\u00e4nderte Kundenerwartungen:<\/strong> Um den sich st\u00e4ndig \u00e4ndernden Erwartungen technisch versierter Verbraucher gerecht zu werden, sind kontinuierliche Innovation und Anpassung erforderlich.<\/li>\n<\/ul>\n<\/li>\n<\/ul>\n\n\n\n<h2 class=\"wp-block-heading\">Perspektiven der Kundenakquiseberatung im Finanzdienstleistungsbereich<\/h2>\n\n\n\n<figure class=\"gb-block-image gb-block-image-c71cac11\"><img loading=\"lazy\" decoding=\"async\" width=\"1456\" height=\"816\" class=\"gb-image gb-image-c71cac11\" src=\"https:\/\/www.sisinternational.com\/wp-content\/uploads\/2025\/08\/Finance-8.jpg\" alt=\"SIS International Marktforschung &amp; Strategie\" title=\"Finance (8)\" srcset=\"https:\/\/www.sisinternational.com\/wp-content\/uploads\/2025\/08\/Finance-8.jpg 1456w, https:\/\/www.sisinternational.com\/wp-content\/uploads\/2025\/08\/Finance-8-300x168.jpg 300w, https:\/\/www.sisinternational.com\/wp-content\/uploads\/2025\/08\/Finance-8-1024x574.jpg 1024w, https:\/\/www.sisinternational.com\/wp-content\/uploads\/2025\/08\/Finance-8-768x430.jpg 768w, https:\/\/www.sisinternational.com\/wp-content\/uploads\/2025\/08\/Finance-8-18x10.jpg 18w\" sizes=\"auto, (max-width: 1456px) 100vw, 1456px\"><\/figure>\n\n\n\n<p><\/p>\n\n\n\n<p>Die Aussichten dieser Beratung sind im gegenw\u00e4rtigen dynamischen Marktumfeld gleicherma\u00dfen vielversprechend und unverzichtbar \u2013 und hier sind einige der wichtigsten Aussichten und Chancen in diesem Bereich:<\/p>\n\n\n\n<ul class=\"wp-block-list\">\n<li><strong>Digitale Transformation:<\/strong> The ongoing digital transformation in the <a href=\"https:\/\/www.sisinternational.com\/de\/financial-services-consulting\/financial-services-customer-satisfaction\/\" title=\"Financial Services Customer Satisfaction\"  data-wpil-monitor-id=\"947\">financial services sector presents significant opportunities for customer<\/a> acquisition consulting. Consultants can assist institutions in leveraging digital channels and technologies (such as AI, machine learning, and blockchain) to enhance customer experience, streamline onboarding processes, and attract a digitally-savvy clientele.<\/li>\n\n\n\n<li><strong>Datengesteuerte Strategien:<\/strong> Angesichts der explosionsartigen Zunahme an Daten im digitalen Zeitalter k\u00f6nnen Berater Finanzdienstleistern dabei helfen, datengesteuerte Strategien zur Kundengewinnung umzusetzen. Dazu geh\u00f6rt die Nutzung von Analysen, um Markttrends, Kundenverhalten und -pr\u00e4ferenzen zu verstehen. Dies erm\u00f6glicht gezieltere und personalisiertere Marketingma\u00dfnahmen, die die Akquisitionsraten verbessern.<\/li>\n\n\n\n<li><strong>Innovation und Entwicklung neuer Produkte:<\/strong> Consultants can assist financial institutions in innovating and developing new products and services that meet the changing needs of consumers. It can include everything from digital banking solutions to sustainable finance products, which can attract new segments of customers and differentiate firms in a crowded market.<\/li>\n\n\n\n<li><strong>Markterweiterung und -segmentierung:<\/strong> Die Kundenakquiseberatung kann Finanzdienstleistungsunternehmen dabei helfen, neue M\u00e4rkte zu identifizieren und zu erschlie\u00dfen, egal ob geographisch oder demografisch. Berater k\u00f6nnen Marktanalysen, Segmentierungsstrategien und ma\u00dfgeschneiderte Marketingans\u00e4tze anbieten, um Kunden in diesen neuen Segmenten zu gewinnen.<\/li>\n\n\n\n<li><strong>Optimierung des Kundenerlebnisses:<\/strong> Die Verbesserung des Kundenerlebnisses ist der Schl\u00fcssel zur Kundengewinnung und -bindung. Berater k\u00f6nnen Finanzinstituten dabei helfen, die Customer Journey abzubilden, Schwachstellen zu identifizieren und Verbesserungen umzusetzen, die das Kundenerlebnis verbessern und so die Akquisitionsraten steigern.<\/li>\n\n\n\n<li><strong>Partnerschaften und Kooperationen:<\/strong> Es gibt einen wachsenden Trend, dass Finanzinstitute Partnerschaften mit Fintech-Unternehmen und anderen nicht-traditionellen Akteuren eingehen. Berater k\u00f6nnen diese Partnerschaften f\u00f6rdern, Dienstleistungen und Reichweite erweitern und durch innovative Angebote neue Kunden gewinnen.<\/li>\n<\/ul>\n\n\n\n<h2 class=\"wp-block-heading\">Wie die Kundenakquiseberatung von SIS International im Finanzdienstleistungsbereich Unternehmen hilft<\/h2>\n\n\n\n<p>Bei <a href=\"https:\/\/www.linkedin.com\/company\/sisinternationalresearch\/\" target=\"_blank\" rel=\"noopener\">SIS International<\/a>, our approach to financial services customer acquisition consulting sets us apart in several key ways:<\/p>\n\n\n\n<ul class=\"wp-block-list\">\n<li><strong>Umfassende Branchenkenntnisse:<\/strong> Dank ihrer langj\u00e4hrigen Erfahrung in der Finanzdienstleistungsbranche verf\u00fcgen unsere Berater \u00fcber ein tiefes Verst\u00e4ndnis der Marktdynamik, des regulatorischen Umfelds und des Kundenverhaltens. Dies erm\u00f6glicht es uns, strategische Einblicke und innovative L\u00f6sungen bereitzustellen.<\/li>\n\n\n\n<li><strong>Datengesteuerter Ansatz:<\/strong> Wir nutzen fortschrittliche Analyse- und Forschungsmethoden zum Sammeln und Analysieren von Daten und liefern unseren Kunden umsetzbare Erkenntnisse, die eine fundierte Entscheidungsfindung und wirksame Strategien zur Kundengewinnung erm\u00f6glichen.<\/li>\n\n\n\n<li><strong>Ma\u00dfgeschneiderte L\u00f6sungen:<\/strong> Wir wissen, dass jeder Kunde einzigartig ist. Daher passen wir unsere Beratungsleistungen an seine spezifischen Bed\u00fcrfnisse und Ziele an. So stellen wir sicher, dass unsere L\u00f6sungen relevant, wirkungsvoll und nachhaltig sind.<\/li>\n\n\n\n<li><strong>Globale Reichweite:<\/strong> Mit einem globalen Netzwerk aus Niederlassungen und Forschungseinrichtungen k\u00f6nnen wir Kunden auf der ganzen Welt unterst\u00fctzen und ihnen Zugang zu internationalen M\u00e4rkten und Chancen verschaffen.<\/li>\n\n\n\n<li><strong>Engagement f\u00fcr Spitzenleistungen:<\/strong> Wir streben danach, bei allem, was wir tun, Spitzenleistungen zu erbringen \u2013 von der Qualit\u00e4t unserer Forschung bis hin zur Professionalit\u00e4t unserer Berater. So stellen wir sicher, dass unsere Kunden Service und Mehrwert auf h\u00f6chstem Niveau erhalten.<\/li>\n<\/ul>\n\n\n\n<h2 class=\"wp-block-heading\">Unser Standort in New York<\/h2>\n\n\n\n<p>  <iframe loading=\"lazy\" src=\"https:\/\/www.google.com\/maps\/embed?pb=!1m18!1m12!1m3!1d3022.976188376966!2d-73.99130312499956!3d40.740549471389315!2m3!1f0!2f0!3f0!3m2!1i1024!2i768!4f13.1!3m3!1m2!1s0x89c259a15798c731%3A0xd695d09bdd495f25!2s11%20E%2022nd%20St%20FL%202%2C%20New%20York%2C%20NY%2010010%2C%20USA!5e0!3m2!1sen!2spe!4v1726171763526!5m2!1sen!2spe\" width=\"600\" height=\"450\" allowfullscreen=\"allowfullscreen\" data-mce-fragment=\"1\"><\/iframe>  <\/p>\n\n\n\n<h3 class=\"wp-block-heading\">11 E 22nd Street, Floor 2, New York, NY 10010 T: +1(212) 505-6805<\/h3>\n\n\n\n<hr class=\"wp-block-separator has-alpha-channel-opacity\"\/>\n\n\n\n<h2 class=\"wp-block-heading\"><strong>\u00dcber SIS International<\/strong><\/h2>\n\n\n\n<p><a href=\"https:\/\/www.sisinternational.com\/de\/\"><span style=\"font-weight: 400;\">SIS International<\/span><\/a><span style=\"font-weight: 400;\"> bietet quantitative, qualitative und strategische Forschung an. Wir liefern Daten, Tools, Strategien, Berichte und Erkenntnisse zur Entscheidungsfindung. Wir f\u00fchren auch Interviews, Umfragen, Fokusgruppen und andere Methoden und Ans\u00e4tze der Marktforschung durch.<\/span><a href=\"https:\/\/www.sisinternational.com\/de\/uber-sis-international-research\/contact-sis-international-market-research\/\"><span style=\"font-weight: 400;\"> Kontakt<\/span><\/a><span style=\"font-weight: 400;\"> f\u00fcr Ihr n\u00e4chstes Marktforschungsprojekt.<\/span><\/p>\n\n\n\n<p><span style=\"font-weight: 400;\">&nbsp;<\/span><\/p>","protected":false},"excerpt":{"rendered":"<p>Die Kundenakquiseberatung f\u00fcr Finanzdienstleistungen konzentriert sich auf die Entwicklung von Strategien zur Gewinnung und Bindung von Kunden im Finanzsektor.<\/p>","protected":false},"author":1,"featured_media":62812,"parent":55793,"menu_order":73,"comment_status":"closed","ping_status":"closed","template":"","meta":{"footnotes":""},"class_list":["post-46782","page","type-page","status-publish","has-post-thumbnail"],"_links":{"self":[{"href":"https:\/\/www.sisinternational.com\/de\/wp-json\/wp\/v2\/pages\/46782","targetHints":{"allow":["GET"]}}],"collection":[{"href":"https:\/\/www.sisinternational.com\/de\/wp-json\/wp\/v2\/pages"}],"about":[{"href":"https:\/\/www.sisinternational.com\/de\/wp-json\/wp\/v2\/types\/page"}],"author":[{"embeddable":true,"href":"https:\/\/www.sisinternational.com\/de\/wp-json\/wp\/v2\/users\/1"}],"replies":[{"embeddable":true,"href":"https:\/\/www.sisinternational.com\/de\/wp-json\/wp\/v2\/comments?post=46782"}],"version-history":[{"count":12,"href":"https:\/\/www.sisinternational.com\/de\/wp-json\/wp\/v2\/pages\/46782\/revisions"}],"predecessor-version":[{"id":78658,"href":"https:\/\/www.sisinternational.com\/de\/wp-json\/wp\/v2\/pages\/46782\/revisions\/78658"}],"up":[{"embeddable":true,"href":"https:\/\/www.sisinternational.com\/de\/wp-json\/wp\/v2\/pages\/55793"}],"wp:featuredmedia":[{"embeddable":true,"href":"https:\/\/www.sisinternational.com\/de\/wp-json\/wp\/v2\/media\/62812"}],"wp:attachment":[{"href":"https:\/\/www.sisinternational.com\/de\/wp-json\/wp\/v2\/media?parent=46782"}],"curies":[{"name":"wp","href":"https:\/\/api.w.org\/{rel}","templated":true}]}}