{"id":46763,"date":"2024-03-12T21:01:10","date_gmt":"2024-03-13T01:01:10","guid":{"rendered":"https:\/\/www.sisinternational.com\/?page_id=46763"},"modified":"2026-01-25T18:22:04","modified_gmt":"2026-01-25T23:22:04","slug":"beratung-zur-ki-automatisierung-in-der-lieferkette","status":"publish","type":"page","link":"https:\/\/www.sisinternational.com\/de\/losungen\/ai-marktforschung-und-strategieberatung\/beratung-zur-ki-automatisierung-in-der-lieferkette\/","title":{"rendered":"Beratung zur KI-Automatisierung in der Lieferkette"},"content":{"rendered":"<h1 class=\"wp-block-heading\">Beratung zur KI-Automatisierung in der Lieferkette<\/h1>\n\n\n\n<figure class=\"gb-block-image gb-block-image-0b42d04a\"><img loading=\"lazy\" decoding=\"async\" width=\"1456\" height=\"816\" class=\"gb-image gb-image-0b42d04a\" src=\"https:\/\/www.sisinternational.com\/wp-content\/uploads\/2025\/08\/Logisticv-5.jpg\" alt=\"SIS International Marktforschung &amp; Strategie\" title=\"Logisticv (5)\" srcset=\"https:\/\/www.sisinternational.com\/wp-content\/uploads\/2025\/08\/Logisticv-5.jpg 1456w, https:\/\/www.sisinternational.com\/wp-content\/uploads\/2025\/08\/Logisticv-5-300x168.jpg 300w, https:\/\/www.sisinternational.com\/wp-content\/uploads\/2025\/08\/Logisticv-5-1024x574.jpg 1024w, https:\/\/www.sisinternational.com\/wp-content\/uploads\/2025\/08\/Logisticv-5-768x430.jpg 768w, https:\/\/www.sisinternational.com\/wp-content\/uploads\/2025\/08\/Logisticv-5-18x10.jpg 18w\" sizes=\"auto, (max-width: 1456px) 100vw, 1456px\"><\/figure>\n\n\n\n<hr class=\"wp-block-separator has-alpha-channel-opacity is-style-dots\"\/>\n\n\n\n<p>Um in der heutigen schnelllebigen Gesch\u00e4ftswelt die Nase vorn zu behalten, ist mehr als nur Effizienz erforderlich \u2013 es bedarf strategischer Innovation. Aus diesem Grund steht die Beratung zur KI-Automatisierung der Lieferkette an vorderster Front dieser Entwicklung und revolutioniert die Art und Weise, wie Unternehmen ihre Betriebsabl\u00e4ufe verwalten.<\/p>\n\n\n\n<h2 class=\"wp-block-heading\">What Is Supply chain AI automation consulting?<\/h2>\n\n\n\n<p>Die Beratung zur KI-Automatisierung in der Lieferkette nutzt k\u00fcnstliche Intelligenz (KI) und Automatisierungstechnologien, um die Effizienz und Effektivit\u00e4t von Lieferkettenabl\u00e4ufen zu verbessern. Sie umfasst eine Reihe von L\u00f6sungen, darunter pr\u00e4diktive Analysen, robotergest\u00fctzte Prozessautomatisierung (RPA) und maschinelles Lernen, um verschiedene Aspekte der Lieferkette zu optimieren, wie z. B. Bestandsverwaltung, Bedarfsprognose und Logistik.<\/p>\n\n\n\n<h2 class=\"wp-block-heading\">Warum ist es wichtig?<\/h2>\n\n\n\n<p>Einer der Hauptvorteile der Beratung zur KI-Automatisierung in der Lieferkette ist ihre F\u00e4higkeit, die Entscheidungsfindung durch datengesteuerte Erkenntnisse zu verbessern. Durch die Analyse riesiger Datenmengen in Echtzeit k\u00f6nnen KI-Algorithmen Muster und Trends erkennen, die Menschen m\u00f6glicherweise \u00fcbersehen, sodass Unternehmen fundiertere und zeitnahere Entscheidungen treffen k\u00f6nnen.<\/p>\n\n\n\n<p>Furthermore, AI automation can significantly improve operational efficiency by automating repetitive tasks and processes, freeing human resources to focus on more strategic activities. Another compelling reason businesses invest in supply chain AI automation consulting is its potential to drive innovation. <\/p>\n\n\n\n<p>Eine Beratung zur KI-Automatisierung der Lieferkette sollte durchgef\u00fchrt werden, wenn ein Unternehmen Folgendes erreichen m\u00f6chte:<\/p>\n\n\n\n<ul class=\"wp-block-list\">\n<li><strong>Prozessoptimierung:<\/strong> Die Implementierung einer KI-Automatisierung kann dazu beitragen, Lieferkettenprozesse zu rationalisieren und zu optimieren, Ineffizienzen zu reduzieren und die Gesamtleistung zu verbessern.<\/li>\n\n\n\n<li><strong>Kostenreduzierung:<\/strong> Durch KI-Automatisierung k\u00f6nnen Arbeitskosten gesenkt, Fehler minimiert und die Ressourcennutzung verbessert werden, was zu erheblichen Kosteneinsparungen f\u00fchrt.<\/li>\n\n\n\n<li><strong>Verbesserte Entscheidungsfindung:<\/strong> KI-Automatisierung kann Unternehmen dabei helfen, fundiertere und datengesteuertere Entscheidungen zu treffen, Risiken zu reduzieren und Ergebnisse zu verbessern.<\/li>\n\n\n\n<li><strong>Verbessertes Kundenerlebnis:<\/strong> KI-Automatisierung kann Unternehmen dabei helfen, die Produktverf\u00fcgbarkeit, Lieferzeiten und die allgemeine Kundenzufriedenheit zu verbessern, was zu einem besseren Kundenerlebnis f\u00fchrt.<\/li>\n\n\n\n<li><strong>Wettbewerbsvorteil:<\/strong> Durch die Implementierung einer KI-Automatisierung k\u00f6nnen Unternehmen der Konkurrenz einen Schritt voraus sein, da sie schneller auf sich \u00e4ndernde Marktbedingungen und Kundenanforderungen reagieren k\u00f6nnen.<\/li>\n<\/ul>\n\n\n\n<h2 class=\"wp-block-heading\">Schl\u00fcsselbranchen in der Beratung zur KI-Automatisierung in der Lieferkette<\/h2>\n\n\n\n<p>Fertigung: Hersteller k\u00f6nnen KI-Automatisierung nutzen, um Produktionsprozesse zu optimieren, die Qualit\u00e4tskontrolle zu verbessern und Kosten zu senken.<\/p>\n\n\n\n<ul class=\"wp-block-list\">\n<li><strong>Einzelhandel:<\/strong> Einzelh\u00e4ndler k\u00f6nnen KI-Automatisierung nutzen, um die Bestandsverwaltung zu verbessern, Preisstrategien zu optimieren und das Kundenerlebnis zu personalisieren.<\/li>\n\n\n\n<li><strong>Logistik und Transport:<\/strong> <a href=\"https:\/\/www.sisinternational.com\/de\/losungen\/ai-marktforschung-und-strategieberatung\/versand-logistik-automatisierung-ki-beratung\/\" title=\"Versand- und Logistikautomatisierung und KI-Beratung\"  data-wpil-monitor-id=\"4403\">Logistics companies can use AI automation<\/a> to optimize route planning, reduce fuel costs, and improve delivery times.<\/li>\n\n\n\n<li><strong>Gesundheitspflege:<\/strong> Gesundheitsdienstleister k\u00f6nnen die KI-Automatisierung nutzen, um Verwaltungsprozesse zu optimieren, die Patientenversorgung zu verbessern und die medizinische Forschung voranzutreiben.<\/li>\n\n\n\n<li><strong>Finanzen:<\/strong> Finanzinstitute k\u00f6nnen KI-Automatisierung nutzen, um Routineaufgaben zu automatisieren, das Risikomanagement zu verbessern und den Kundenservice zu optimieren.<\/li>\n\n\n\n<li><strong>Telekommunikation:<\/strong> Unternehmen k\u00f6nnen KI-Automatisierung nutzen, um den Netzwerkbetrieb zu optimieren, den Kundenservice zu verbessern und neue Dienste zu entwickeln.<br><strong>Energie<\/strong>: <a href=\"https:\/\/www.sisinternational.com\/de\/prozessautomatisierungssysteme-in-den-usa\/\" title=\"Beratung zur Automatisierungsstrategie\"  data-wpil-monitor-id=\"2706\">Energy companies can use AI automation<\/a> to optimize energy production and distribution, reduce costs, and improve environmental sustainability.<\/li>\n<\/ul>\n\n\n\n<h2 class=\"wp-block-heading\">Hauptakteure in der KI-Automatisierung der Lieferkette<\/h2>\n\n\n\n<p>Die Landschaft der KI-Automatisierung in der Lieferkette ist dynamisch und entwickelt sich rasch weiter. Es gibt zahlreiche Akteure, von Start-ups bis hin zu etablierten Technologiegiganten. Diese Unternehmen erweitern die Grenzen der M\u00f6glichkeiten, wie KI Abl\u00e4ufe rationalisieren, die Effizienz verbessern und die Kosten innerhalb der Lieferkette senken kann.<\/p>\n\n\n\n<ul class=\"wp-block-list\">\n<li><strong>IBM:<\/strong> Mit seiner Watson-Plattform bietet IBM KI-L\u00f6sungen zur Verbesserung des Supply Chain Managements, darunter pr\u00e4diktive Analysen, Bedarfsprognosen und Bestandsoptimierung.<\/li>\n\n\n\n<li><strong>SAFT:<\/strong> SAP&#8217;s Integrated Business Planning (IBP) for Supply Chain uses AI and machine learning to improve planning processes, including demand sensing, response, and supply planning, and inventory optimization.<\/li>\n\n\n\n<li><strong>GrauOrange:<\/strong> GreyOrange bietet KI-gest\u00fctzte Roboterl\u00f6sungen zur Automatisierung der Auftragsabwicklung und verbessert den Lagerbetrieb mit autonomen mobilen Robotern und Echtzeit-Entscheidungssystemen.<\/li>\n\n\n\n<li><strong>Projekt44:<\/strong> Project44 ist auf Transparenz in der Lieferkette spezialisiert und nutzt KI, um Echtzeit-Tracking und pr\u00e4diktive Versandanalysen anzubieten und so Unternehmen dabei zu helfen, Risiken zu mindern und Ausnahmen zu verwalten.<\/li>\n<\/ul>\n\n\n\n<h2 class=\"wp-block-heading\">Chancen und Herausforderungen in der Beratung zur KI-Automatisierung in der Lieferkette<\/h2>\n\n\n\n<figure class=\"gb-block-image gb-block-image-f795b6ff\"><img loading=\"lazy\" decoding=\"async\" width=\"1456\" height=\"816\" class=\"gb-image gb-image-f795b6ff\" src=\"https:\/\/www.sisinternational.com\/wp-content\/uploads\/2025\/08\/Logisticv-2.jpg\" alt=\"SIS International Marktforschung &amp; Strategie\" title=\"Logisticv (2)\" srcset=\"https:\/\/www.sisinternational.com\/wp-content\/uploads\/2025\/08\/Logisticv-2.jpg 1456w, https:\/\/www.sisinternational.com\/wp-content\/uploads\/2025\/08\/Logisticv-2-300x168.jpg 300w, https:\/\/www.sisinternational.com\/wp-content\/uploads\/2025\/08\/Logisticv-2-1024x574.jpg 1024w, https:\/\/www.sisinternational.com\/wp-content\/uploads\/2025\/08\/Logisticv-2-768x430.jpg 768w, https:\/\/www.sisinternational.com\/wp-content\/uploads\/2025\/08\/Logisticv-2-18x10.jpg 18w\" sizes=\"auto, (max-width: 1456px) 100vw, 1456px\"><\/figure>\n\n\n\n<p><\/p>\n\n\n\n<p>The integration of AI in supply chain operations has opened a vast landscape of opportunities and challenges for <a href=\"https:\/\/www.sisinternational.com\/de\/losungen\/ai-marktforschung-und-strategieberatung\/konsumguterservices-automatisierung-ki-beratung\/\" title=\"Beratung zu Automatisierung von Konsumg\u00fctern und Dienstleistungen sowie k\u00fcnstlicher Intelligenz\"  data-wpil-monitor-id=\"3886\">consulting services specializing in AI automation<\/a>. Let&#8217;s explore the opportunities and challenges in this rapidly evolving field.<\/p>\n\n\n\n<h3 class=\"wp-block-heading\">Gelegenheiten<\/h3>\n\n\n\n<p><strong>Beratung zur digitalen Transformation:<\/strong> Wenn Unternehmen ihre Lieferketten digitalisieren m\u00f6chten, k\u00f6nnen Berater wertvolle Einblicke in die strategische Anwendung von KI zur Verbesserung von Effizienz, Transparenz und Belastbarkeit bieten. Dies umfasst alles von pr\u00e4diktiver Analytik zur Bedarfsprognose bis hin zur Robotik im Lagermanagement.<\/p>\n\n\n\n<p><strong>Custom <a href=\"https:\/\/www.sisinternational.com\/de\/whitepaper-wo-steht-zuerst-die-nachfrage-oder-das-angebot\/\" title=\"Whitepaper: Was kommt zuerst: Nachfrage oder Angebot?\"  data-wpil-monitor-id=\"4793\">AI<\/a> Solution Development:<\/strong> Es besteht eine wachsende Nachfrage nach ma\u00dfgeschneiderten KI-L\u00f6sungen, die spezifische Herausforderungen innerhalb der Lieferkette eines Unternehmens bew\u00e4ltigen.<br>Integrationsdienste: Eine wichtige Chance liegt darin, Unternehmen dabei zu helfen, KI-Technologien in ihre vorhandene IT-Infrastruktur und Lieferkettensysteme zu integrieren.<\/p>\n\n\n\n<p><strong>Nachhaltigkeit und ethische Lieferketten:<\/strong> KI kann Lieferketten deutlich nachhaltiger und ethischer gestalten, indem sie Routen optimiert, um den CO2-Aussto\u00df zu reduzieren, oder Lieferanten auf die Einhaltung von Arbeits- und Umweltstandards \u00fcberwacht. Berater k\u00f6nnen Unternehmen dabei unterst\u00fctzen, KI f\u00fcr diese Zwecke zu nutzen.<\/p>\n\n\n\n<h3 class=\"wp-block-heading\">Herausforderungen<\/h3>\n\n\n\n<ul class=\"wp-block-list\">\n<li><strong>Komplexit\u00e4t von Supply-Chain-Netzwerken:<\/strong> Lieferketten k\u00f6nnen unglaublich komplex sein, mehrere L\u00e4nder umfassen und zahlreiche Interessengruppen einbeziehen. Die Entwicklung von KI-L\u00f6sungen, die diese Komplexit\u00e4t bew\u00e4ltigen und konkrete Vorteile bieten, ist eine gro\u00dfe Herausforderung.<\/li>\n\n\n\n<li><strong>Datenqualit\u00e4t und -verf\u00fcgbarkeit:<\/strong> KI- und maschinelle Lernmodelle erfordern gro\u00dfe Mengen qualitativ hochwertiger Daten. In vielen Lieferketten sind die Daten isoliert, veraltet oder von schlechter Qualit\u00e4t, was eine effektive KI-Implementierung vor Herausforderungen stellt.<\/li>\n\n\n\n<li><strong>Qualifikationsl\u00fccke:<\/strong> Es besteht eine erhebliche Qualifikationsl\u00fccke auf dem Markt, da es an Fachkr\u00e4ften mangelt, die \u00fcber Supply-Chain-Expertise und ein tiefes Verst\u00e4ndnis von KI-Technologien verf\u00fcgen. Beratungsunternehmen ben\u00f6tigen m\u00f6glicherweise Unterst\u00fctzung bei der Rekrutierung und Bindung von Talenten, die diese L\u00fccke schlie\u00dfen k\u00f6nnen.<\/li>\n\n\n\n<li><strong>Skalierbarkeit und Flexibilit\u00e4t:<\/strong> Lieferketten sind dynamisch, und Nachfragemuster, Liefernetzwerke und regulatorische Rahmenbedingungen entwickeln sich st\u00e4ndig weiter. Die Entwicklung von KI-L\u00f6sungen, die skalierbar und flexibel genug sind, um sich an diese Ver\u00e4nderungen anzupassen, ist eine Herausforderung.<\/li>\n\n\n\n<li><strong>Sicherheits- und Datenschutzbedenken:<\/strong> Der Einsatz von KI in Lieferketten wirft erhebliche Sicherheits- und Datenschutzbedenken auf, insbesondere im Hinblick auf sensible Daten. Berater m\u00fcssen diese Probleme sorgf\u00e4ltig angehen und die Einhaltung von Vorschriften wie der DSGVO sicherstellen sowie sich vor Cyberbedrohungen sch\u00fctzen.<\/li>\n<\/ul>\n\n\n\n<h2 class=\"wp-block-heading\">Zukunftsaussichten der Beratung zur Supply Chain-KI-Automatisierung f\u00fcr Unternehmen<\/h2>\n\n\n\n<p>The future of supply chain AI automation consulting looks promising, with continued technological advancements and increasing adoption by businesses. Some key trends and developments expected to shape the future of <a href=\"https:\/\/www.sisinternational.com\/de\/losungen\/reise-tourismus-und-gastgewerbeberatung\/tourismusentwicklungsberatung\/\" title=\"Tourismusentwicklungsberatung\"  data-wpil-monitor-id=\"3807\">supply chain AI automation consulting<\/a> enthalten:<\/p>\n\n\n\n<ul class=\"wp-block-list\">\n<li><strong>IoT-Integration:<\/strong> Durch die Integration von IoT-Ger\u00e4ten in die KI-Automatisierung k\u00f6nnen Unternehmen Echtzeitdaten von verschiedenen Punkten der Lieferkette erfassen, die Transparenz verbessern und proaktive Entscheidungen erm\u00f6glichen.<\/li>\n\n\n\n<li><strong>Blockchain f\u00fcr Transparenz in der Lieferkette:<\/strong> Die Blockchain-Technologie wird in zunehmendem Ma\u00dfe f\u00fcr Transparenz und R\u00fcckverfolgbarkeit in Lieferketten sorgen und so die Authentizit\u00e4t und Integrit\u00e4t von Transaktionen und Aufzeichnungen sicherstellen.<\/li>\n\n\n\n<li><strong>Erweiterung der Robotic Process Automation (RPA):<\/strong> RPA wird seine Pr\u00e4senz in Lieferkettenabl\u00e4ufen weiter ausbauen, indem es wiederkehrende Aufgaben automatisiert und die Betriebseffizienz verbessert.<\/li>\n\n\n\n<li><strong>Fokus auf Nachhaltigkeit:<\/strong> Durch KI-Automatisierung k\u00f6nnen Unternehmen ihre Lieferketten im Hinblick auf Nachhaltigkeit optimieren, Abfall reduzieren und die Umweltbelastung minimieren.<\/li>\n<\/ul>\n\n\n\n<h2 class=\"wp-block-heading\">Wie die Supply Chain AI Automation Consulting von SIS International Unternehmen hilft<\/h2>\n\n\n\n<p>SIS International&#8217;s supply chain AI automation consulting services help businesses navigate the complexities of implementing AI within their supply chain operations. <\/p>\n\n\n\n<ul class=\"wp-block-list\">\n<li><strong>Entwicklung kundenspezifischer KI-Strategien:<\/strong> SIS International kann Unternehmen dabei helfen, eine ma\u00dfgeschneiderte KI-Strategie zu entwickeln, die auf ihre spezifischen Herausforderungen und Ziele in der Lieferkette abgestimmt ist. Diese strategische Roadmap identifiziert Schl\u00fcsselbereiche f\u00fcr die KI-Integration, wie beispielsweise Bedarfsprognosen, Bestandsverwaltung und Logistikoptimierung.<\/li>\n\n\n\n<li><strong>Technologieintegration und -bereitstellung:<\/strong> Unsere Berater verf\u00fcgen \u00fcber Fachwissen bei der Auswahl und nahtlosen Integration von KI-Technologien in bestehende Systeme. Dazu geh\u00f6rt die Unterst\u00fctzung beim Einsatz von Robotern in Lagern, bei der Implementierung von KI f\u00fcr pr\u00e4diktive Analysen und bei der Nutzung von IoT-Ger\u00e4ten f\u00fcr die Echtzeitverfolgung.<\/li>\n\n\n\n<li><strong>Datengesteuerte Erkenntnisse:<\/strong> Indem SIS International die Leistungsf\u00e4higkeit der KI zur Datenanalyse nutzt, liefert es Unternehmen umsetzbare Erkenntnisse. Dies erm\u00f6glicht eine bessere Entscheidungsfindung hinsichtlich Bedarfsprognosen, Lieferkettenplanung und Risikomanagement.<\/li>\n\n\n\n<li><strong>Pr\u00e4diktive Analytik:<\/strong> Die Beratungsdienste von SIS nutzen KI f\u00fcr pr\u00e4diktive Analysen, sodass Unternehmen Markttrends, Nachfrageschwankungen und potenzielle Lieferkettenunterbrechungen vorhersehen k\u00f6nnen. Diese Vorausschau unterst\u00fctzt proaktive statt reaktive Entscheidungsfindung.<\/li>\n\n\n\n<li><strong>Mitarbeiterschulung und \u00c4nderungsmanagement:<\/strong> Die Implementierung von KI in Lieferkettenabl\u00e4ufen erfordert h\u00e4ufig einen Kulturwandel innerhalb der Organisation. SIS International bietet Schulungen und Support an, um sicherzustellen, dass Mitarbeiter auf allen Ebenen die neuen Technologien verstehen und annehmen.<\/li>\n<\/ul>\n\n\n\n<p><\/p>","protected":false},"excerpt":{"rendered":"<p>Die Beratung zur KI-Automatisierung der Lieferkette nutzt KI und Automatisierung, um die Abl\u00e4ufe in der Lieferkette zu verbessern und zu optimieren.<\/p>","protected":false},"author":1,"featured_media":63704,"parent":44406,"menu_order":73,"comment_status":"closed","ping_status":"closed","template":"","meta":{"footnotes":""},"class_list":["post-46763","page","type-page","status-publish","has-post-thumbnail"],"_links":{"self":[{"href":"https:\/\/www.sisinternational.com\/de\/wp-json\/wp\/v2\/pages\/46763","targetHints":{"allow":["GET"]}}],"collection":[{"href":"https:\/\/www.sisinternational.com\/de\/wp-json\/wp\/v2\/pages"}],"about":[{"href":"https:\/\/www.sisinternational.com\/de\/wp-json\/wp\/v2\/types\/page"}],"author":[{"embeddable":true,"href":"https:\/\/www.sisinternational.com\/de\/wp-json\/wp\/v2\/users\/1"}],"replies":[{"embeddable":true,"href":"https:\/\/www.sisinternational.com\/de\/wp-json\/wp\/v2\/comments?post=46763"}],"version-history":[{"count":12,"href":"https:\/\/www.sisinternational.com\/de\/wp-json\/wp\/v2\/pages\/46763\/revisions"}],"predecessor-version":[{"id":78752,"href":"https:\/\/www.sisinternational.com\/de\/wp-json\/wp\/v2\/pages\/46763\/revisions\/78752"}],"up":[{"embeddable":true,"href":"https:\/\/www.sisinternational.com\/de\/wp-json\/wp\/v2\/pages\/44406"}],"wp:featuredmedia":[{"embeddable":true,"href":"https:\/\/www.sisinternational.com\/de\/wp-json\/wp\/v2\/media\/63704"}],"wp:attachment":[{"href":"https:\/\/www.sisinternational.com\/de\/wp-json\/wp\/v2\/media?parent=46763"}],"curies":[{"name":"wp","href":"https:\/\/api.w.org\/{rel}","templated":true}]}}