{"id":46673,"date":"2024-03-01T20:26:56","date_gmt":"2024-03-02T01:26:56","guid":{"rendered":"https:\/\/www.sisinternational.com\/?page_id=46673"},"modified":"2026-01-26T18:08:34","modified_gmt":"2026-01-26T23:08:34","slug":"bootsversicherungsmarktforschung-und-strategieberatung","status":"publish","type":"page","link":"https:\/\/www.sisinternational.com\/de\/sachverstand\/bootsversicherungsmarktforschung-und-strategieberatung\/","title":{"rendered":"Marktforschung und Strategieberatung f\u00fcr Bootsversicherungen"},"content":{"rendered":"<h1 class=\"wp-block-heading\">Marktforschung und Strategieberatung f\u00fcr Bootsversicherungen<\/h1>\n\n\n\n<figure class=\"gb-block-image gb-block-image-c56a78f0\"><img loading=\"lazy\" decoding=\"async\" width=\"1456\" height=\"816\" class=\"gb-image gb-image-c56a78f0\" src=\"https:\/\/www.sisinternational.com\/wp-content\/uploads\/2025\/10\/Boat-Insurance-3.jpg\" alt=\"SIS International Marktforschung &amp; Strategie\" title=\"Boat Insurance (3)\" srcset=\"https:\/\/www.sisinternational.com\/wp-content\/uploads\/2025\/10\/Boat-Insurance-3.jpg 1456w, https:\/\/www.sisinternational.com\/wp-content\/uploads\/2025\/10\/Boat-Insurance-3-300x168.jpg 300w, https:\/\/www.sisinternational.com\/wp-content\/uploads\/2025\/10\/Boat-Insurance-3-1024x574.jpg 1024w, https:\/\/www.sisinternational.com\/wp-content\/uploads\/2025\/10\/Boat-Insurance-3-768x430.jpg 768w, https:\/\/www.sisinternational.com\/wp-content\/uploads\/2025\/10\/Boat-Insurance-3-18x10.jpg 18w\" sizes=\"auto, (max-width: 1456px) 100vw, 1456px\"><\/figure>\n\n\n\n<p><\/p>\n\n\n\n<p>Da die Bootsbranche in eine Zukunft segelt, die von fortschrittlichen Technologien, Umweltaspekten und sich entwickelnden Eigent\u00fcmerbed\u00fcrfnissen gepr\u00e4gt ist, ist es nicht nur vorteilhaft, sondern unerl\u00e4sslich, die Feinheiten der Bootsversicherung zu verstehen. Hier verankern sich Marktforschung und Strategieberatung f\u00fcr Bootsversicherungen als strategische Notwendigkeiten, die die Beteiligten durch die Komplexit\u00e4t der Versicherung von Schiffen gegen die unvorhersehbaren Gezeiten von Risiken und Chancen f\u00fchren.<\/p>\n\n\n\n<h2 class=\"wp-block-heading\">Marktforschung und Strategieberatung f\u00fcr Bootsversicherungen verstehen<\/h2>\n\n\n\n<p>Die Marktforschung und Strategieberatung f\u00fcr Bootsversicherungen befasst sich mit den Anforderungen und Risiken, die mit der Versicherung verschiedener Arten von Wasserfahrzeugen verbunden sind, um Versicherungsunternehmen, Bootsherstellern, Jachthafenbetreibern und anderen Beteiligten dabei zu helfen, sich in den komplexen Gew\u00e4ssern des Bootsversicherungsmarktes zurechtzufinden. Ziel ist es, Einblicke in Verbraucherverhalten, Branchentrends, Risikofaktoren und Wettbewerbsdynamik zu geben, damit Unternehmen fundierte Entscheidungen treffen und Strategien entwickeln k\u00f6nnen, die ihr Angebot, ihre Wettbewerbsf\u00e4higkeit und ihre Marktposition verbessern.<\/p>\n\n\n\n<h2 class=\"wp-block-heading\">Bedeutung der Marktforschung und Strategieberatung f\u00fcr Bootsversicherungen<\/h2>\n\n\n\n<figure class=\"gb-block-image gb-block-image-a0098b70\"><img loading=\"lazy\" decoding=\"async\" width=\"1456\" height=\"816\" class=\"gb-image gb-image-a0098b70\" src=\"https:\/\/www.sisinternational.com\/wp-content\/uploads\/2025\/10\/Boat-Insurance-2.jpg\" alt=\"SIS International Marktforschung &amp; Strategie\" title=\"Boat Insurance (2)\" srcset=\"https:\/\/www.sisinternational.com\/wp-content\/uploads\/2025\/10\/Boat-Insurance-2.jpg 1456w, https:\/\/www.sisinternational.com\/wp-content\/uploads\/2025\/10\/Boat-Insurance-2-300x168.jpg 300w, https:\/\/www.sisinternational.com\/wp-content\/uploads\/2025\/10\/Boat-Insurance-2-1024x574.jpg 1024w, https:\/\/www.sisinternational.com\/wp-content\/uploads\/2025\/10\/Boat-Insurance-2-768x430.jpg 768w, https:\/\/www.sisinternational.com\/wp-content\/uploads\/2025\/10\/Boat-Insurance-2-18x10.jpg 18w\" sizes=\"auto, (max-width: 1456px) 100vw, 1456px\"><\/figure>\n\n\n\n<p><\/p>\n\n\n\n<p>Boat <a href=\"https:\/\/www.sisinternational.com\/de\/sachverstand\/branchen\/gebaudeversicherung-marktforschung-strategieberatung\/\" title=\"Building Insurance Market Research\"  data-wpil-monitor-id=\"5013\">insurance market research<\/a> helps businesses identify and assess these risks, providing insights into the types of coverage needed to mitigate them effectively. It enhances risk management efforts by guiding businesses in developing tailored insurance policies and risk mitigation strategies that align with their risk tolerance and operational objectives.<\/p>\n\n\n\n<p>Additionally, boat <a href=\"https:\/\/www.sisinternational.com\/de\/sachverstand\/branchen\/marktforschung-fur-sach-und-unfallversicherungen\/\" title=\"Marktforschung f\u00fcr Sach- und Unfallversicherungen\"  data-wpil-monitor-id=\"5203\">insurance market research<\/a> and strategy consulting help businesses stay abreast of regulatory requirements, ensuring compliance with applicable laws and regulations. By understanding the regulatory environment, businesses can avoid potential pitfalls and legal challenges while ensuring their insurance policies provide adequate coverage and protection.<\/p>\n\n\n\n<p>Diese Marktforschung und Beratung hilft Unternehmen auch dabei, Marktl\u00fccken, Kundenbed\u00fcrfnisse und M\u00f6glichkeiten zur Wettbewerbspositionierung zu identifizieren. Anschlie\u00dfend hilft sie bei der Entwicklung ma\u00dfgeschneiderter Marketingstrategien und Produktangebote, die Unternehmen von der Konkurrenz abheben. Diese Marktforschung und Beratung bringt Unternehmen jedoch noch weitere Vorteile, darunter:<\/p>\n\n\n\n<ul class=\"wp-block-list\">\n<li><strong>Informierte Entscheidungsfindung:<\/strong> Durch Marktforschung und Strategieberatung im Bereich Bootsversicherungen erhalten Unternehmen umfassende Einblicke in Markttrends, Kundenpr\u00e4ferenzen und Wettbewerbsdynamik.<\/li>\n\n\n\n<li><strong>Marktdifferenzierung:<\/strong> Boat insurance market research helps businesses identify market gaps and opportunities for differentiation, whether through innovative coverage options, specialized services, or unique value propositions. <a href=\"https:\/\/www.sisinternational.com\/de\/direktmarketing\/\" title=\"Was ist Direktmarketing?\"  data-wpil-monitor-id=\"2240\">Strategy consulting<\/a> assists in developing and implementing tailored marketing strategies and product offerings that resonate with target customers and set businesses apart from competitors.<\/li>\n\n\n\n<li><strong>Kundenzufriedenheit:<\/strong> Marktforschung im Bereich Bootsversicherungen hilft Unternehmen, Kundenpr\u00e4ferenzen, Problembereiche und Zufriedenheitsniveaus zu verstehen, sodass sie ihre Versicherungsprodukte und -dienstleistungen optimal an die Kundenbed\u00fcrfnisse anpassen k\u00f6nnen. Strategieberatung steigert die Kundenzufriedenheit zus\u00e4tzlich, indem sie Kundenkontaktpunkte optimiert, Schadensabwicklungsprozesse rationalisiert und personalisierten Service und Support bietet.<\/li>\n<\/ul>\n\n\n\n<h2 class=\"wp-block-heading\">Wann ist eine Marktforschung und Strategieberatung zur Bootsversicherung sinnvoll?<\/h2>\n\n\n\n<p>Bei der Marktforschung und Strategieberatung f\u00fcr Bootsversicherungen ist das Timing entscheidend. Hier sind einige wichtige \u00dcberlegungen:<\/p>\n\n\n\n<p><strong>Markteintritt oder -erweiterung:<\/strong> For businesses looking to enter the boat insurance market or expand their presence, conducting market research and <a href=\"https:\/\/www.sisinternational.com\/de\/losungen\/strategieberatung\/szenarioplanung\/\" title=\"Szenarioplanung Strategieberatung\"  data-wpil-monitor-id=\"6763\">strategy consulting early in the planning<\/a> process is essential. This allows businesses to assess market dynamics, regulatory requirements, and competitive landscapes, enabling them to develop effective market entry or expansion strategies.<\/p>\n\n\n\n<p><strong>Produktentwicklung:<\/strong> Bei der Einf\u00fchrung neuer oder der Verbesserung bestehender Bootsversicherungsprodukte kann die Marktforschung wertvolle Erkenntnisse \u00fcber Kundenbed\u00fcrfnisse, -pr\u00e4ferenzen und Marktl\u00fccken liefern. Eine Strategieberatung kann Unternehmen dabei helfen, diese Erkenntnisse in innovative Produktmerkmale, Preisstrategien und Vertriebskan\u00e4le umzusetzen, die bei der Zielgruppe Anklang finden und die Akzeptanz f\u00f6rdern.<\/p>\n\n\n\n<p><strong>Strategische Planung:<\/strong> Regularly conducting <a href=\"https:\/\/www.sisinternational.com\/de\/losungen\/sis-globales-wachstum\/strategische-planungsberatung\/\" title=\"Strategische Planungsberatung\"  data-wpil-monitor-id=\"6387\">boat insurance market research and strategy<\/a> consulting as part of strategic planning processes ensures that businesses stay abreast of evolving market trends, customer preferences, and competitive dynamics. This enables businesses to adjust their strategies, priorities, and tactics accordingly, ensuring they remain agile and responsive in changing market conditions.<\/p>\n\n\n\n<h2 class=\"wp-block-heading\">Der SIS-Ansatz f\u00fcr Marktforschung und Strategieberatung<\/h2>\n\n\n\n<figure class=\"gb-block-image gb-block-image-e00ee40c\"><img loading=\"lazy\" decoding=\"async\" width=\"1456\" height=\"816\" class=\"gb-image gb-image-e00ee40c\" src=\"https:\/\/www.sisinternational.com\/wp-content\/uploads\/2025\/10\/Boat-Insurance-1.jpg\" alt=\"SIS International Marktforschung &amp; Strategie\" title=\"Boat Insurance (1)\" srcset=\"https:\/\/www.sisinternational.com\/wp-content\/uploads\/2025\/10\/Boat-Insurance-1.jpg 1456w, https:\/\/www.sisinternational.com\/wp-content\/uploads\/2025\/10\/Boat-Insurance-1-300x168.jpg 300w, https:\/\/www.sisinternational.com\/wp-content\/uploads\/2025\/10\/Boat-Insurance-1-1024x574.jpg 1024w, https:\/\/www.sisinternational.com\/wp-content\/uploads\/2025\/10\/Boat-Insurance-1-768x430.jpg 768w, https:\/\/www.sisinternational.com\/wp-content\/uploads\/2025\/10\/Boat-Insurance-1-18x10.jpg 18w\" sizes=\"auto, (max-width: 1456px) 100vw, 1456px\"><\/figure>\n\n\n\n<p><\/p>\n\n\n\n<p>Bei SIS verfolgen wir einen umfassenden und kundenorientierten Ansatz f\u00fcr die Marktforschung und Strategieberatung im Bereich Bootsversicherungen. Unser Ansatz ist darauf ausgerichtet, umsetzbare Erkenntnisse und strategische Empfehlungen zu liefern, die den Gesch\u00e4ftserfolg im Bereich der Schiffsversicherung vorantreiben. Und so gehen wir vor:<\/p>\n\n\n\n<ul class=\"wp-block-list\">\n<li><strong>Umfassende Analyse:<\/strong> We begin by conducting a thorough market analysis, leveraging primary and secondary <a href=\"https:\/\/www.sisinternational.com\/de\/marktforschung-in-hongkong\/\" title=\"Marktforschung in Hongkong\"  data-wpil-monitor-id=\"2454\">research methods to gather insights into market<\/a> trends, customer preferences, and competitive dynamics within the boat insurance industry. This analysis forms the foundation of our strategic recommendations and ensures that our clients deeply understand the market landscape.<\/li>\n\n\n\n<li><strong>Ma\u00dfgeschneiderte L\u00f6sungen:<\/strong> Wir wissen, dass jeder Kunde einzigartige Ziele, Herausforderungen und M\u00f6glichkeiten hat. Wir passen unsere L\u00f6sungen an die Bed\u00fcrfnisse und Ziele jedes Kunden an. Ob es um die Entwicklung eines neuen Versicherungsprodukts, die Optimierung von Preisstrategien oder die Verbesserung des Kundendienstes geht, wir arbeiten eng mit unseren Kunden zusammen, um gemeinsam ma\u00dfgeschneiderte L\u00f6sungen zu entwickeln, die greifbare Ergebnisse erzielen.<\/li>\n\n\n\n<li><strong>Kooperativen Ansatz:<\/strong> Zusammenarbeit steht im Mittelpunkt unseres Ansatzes. Wir glauben an eine enge Zusammenarbeit mit unseren Kunden w\u00e4hrend des gesamten Engagementprozesses und f\u00f6rdern offene Kommunikation und Zusammenarbeit, um eine \u00dcbereinstimmung mit ihren strategischen Priorit\u00e4ten und Zielen sicherzustellen. Die enge Zusammenarbeit mit unseren Kunden stellt sicher, dass unsere L\u00f6sungen praktisch, umsetzbar und auf ihre Gesch\u00e4ftsziele abgestimmt sind.<\/li>\n\n\n\n<li><strong>Datengesteuerte Erkenntnisse:<\/strong> Wir legen gro\u00dfen Wert auf datengesteuerte Entscheidungsfindung und nutzen fortschrittliche Analyse- und Datenvisualisierungstechniken, um aus komplexen Datens\u00e4tzen umsetzbare Erkenntnisse zu gewinnen. Unsere Analysten und Berater sind erfahren in der Interpretation von Daten, der Erkennung von Mustern und der Aufdeckung umsetzbarer Erkenntnisse, die strategische Entscheidungsfindung unterst\u00fctzen und den Gesch\u00e4ftserfolg vorantreiben.<\/li>\n\n\n\n<li><strong>St\u00e4ndige Verbesserung:<\/strong> Wir sind der kontinuierlichen Verbesserung verpflichtet und bem\u00fchen uns, \u00fcber neue Trends, Technologien und Best Practices in der Bootsversicherungsbranche auf dem Laufenden zu bleiben. Durch Investitionen in kontinuierliches Lernen und berufliche Weiterentwicklung stellen wir sicher, dass unser Team an der Spitze der Branchenentwicklungen bleibt und unseren Kunden die aktuellsten Erkenntnisse und Empfehlungen bieten kann.<\/li>\n<\/ul>","protected":false},"excerpt":{"rendered":"<p>Die Marktforschung und Strategieberatung f\u00fcr Bootsversicherungen befasst sich mit Risiken und Bed\u00fcrfnissen von Versicherungsunternehmen, Herstellern und Yachthafenbetreibern.<\/p>","protected":false},"author":1,"featured_media":71915,"parent":14514,"menu_order":419,"comment_status":"closed","ping_status":"closed","template":"","meta":{"footnotes":""},"class_list":["post-46673","page","type-page","status-publish","has-post-thumbnail"],"_links":{"self":[{"href":"https:\/\/www.sisinternational.com\/de\/wp-json\/wp\/v2\/pages\/46673","targetHints":{"allow":["GET"]}}],"collection":[{"href":"https:\/\/www.sisinternational.com\/de\/wp-json\/wp\/v2\/pages"}],"about":[{"href":"https:\/\/www.sisinternational.com\/de\/wp-json\/wp\/v2\/types\/page"}],"author":[{"embeddable":true,"href":"https:\/\/www.sisinternational.com\/de\/wp-json\/wp\/v2\/users\/1"}],"replies":[{"embeddable":true,"href":"https:\/\/www.sisinternational.com\/de\/wp-json\/wp\/v2\/comments?post=46673"}],"version-history":[{"count":11,"href":"https:\/\/www.sisinternational.com\/de\/wp-json\/wp\/v2\/pages\/46673\/revisions"}],"predecessor-version":[{"id":80342,"href":"https:\/\/www.sisinternational.com\/de\/wp-json\/wp\/v2\/pages\/46673\/revisions\/80342"}],"up":[{"embeddable":true,"href":"https:\/\/www.sisinternational.com\/de\/wp-json\/wp\/v2\/pages\/14514"}],"wp:featuredmedia":[{"embeddable":true,"href":"https:\/\/www.sisinternational.com\/de\/wp-json\/wp\/v2\/media\/71915"}],"wp:attachment":[{"href":"https:\/\/www.sisinternational.com\/de\/wp-json\/wp\/v2\/media?parent=46673"}],"curies":[{"name":"wp","href":"https:\/\/api.w.org\/{rel}","templated":true}]}}