{"id":46616,"date":"2024-03-01T11:47:49","date_gmt":"2024-03-01T16:47:49","guid":{"rendered":"https:\/\/www.sisinternational.com\/?page_id=46616"},"modified":"2026-01-22T22:28:26","modified_gmt":"2026-01-23T03:28:26","slug":"dei-kommunikationsberatung","status":"publish","type":"page","link":"https:\/\/www.sisinternational.com\/de\/sachverstand\/dei-kommunikationsberatung\/","title":{"rendered":"DEI-Kommunikationsberatung"},"content":{"rendered":"<h1 class=\"wp-block-heading\">DEI-Kommunikationsberatung<\/h1>\n\n\n\n<figure class=\"gb-block-image gb-block-image-a5d62075\"><img loading=\"lazy\" decoding=\"async\" width=\"1456\" height=\"816\" class=\"gb-image gb-image-a5d62075\" src=\"https:\/\/www.sisinternational.com\/wp-content\/uploads\/2025\/10\/DEI-Communications-2.jpg\" alt=\"SIS International Marktforschung &amp; Strategie\" title=\"DEI Communications (2)\" srcset=\"https:\/\/www.sisinternational.com\/wp-content\/uploads\/2025\/10\/DEI-Communications-2.jpg 1456w, https:\/\/www.sisinternational.com\/wp-content\/uploads\/2025\/10\/DEI-Communications-2-300x168.jpg 300w, https:\/\/www.sisinternational.com\/wp-content\/uploads\/2025\/10\/DEI-Communications-2-1024x574.jpg 1024w, https:\/\/www.sisinternational.com\/wp-content\/uploads\/2025\/10\/DEI-Communications-2-768x430.jpg 768w, https:\/\/www.sisinternational.com\/wp-content\/uploads\/2025\/10\/DEI-Communications-2-18x10.jpg 18w\" sizes=\"auto, (max-width: 1456px) 100vw, 1456px\"><\/figure>\n\n\n\n<p><\/p>\n\n\n\n<p>Spricht Ihre Organisation die Sprache der Vielfalt, Gleichberechtigung und Inklusion (DEI)? DEI-Kommunikationsberatung hilft dabei, das Engagement eines Unternehmens f\u00fcr DEI zu artikulieren und sicherzustellen, dass dieses Engagement in allen Kommunikationskan\u00e4len widergespiegelt wird und bei Mitarbeitern, Kunden und Stakeholdern gleicherma\u00dfen Anklang findet. Durch fachkundige Beratung k\u00f6nnen Unternehmen ihre DEI-Bestrebungen in greifbare Narrative umsetzen und eine Kultur der Inklusion f\u00f6rdern, die ihre Marke aufwertet und mit den Werten eines zunehmend vielf\u00e4ltigen und bewussten Publikums \u00fcbereinstimmt.<\/p>\n\n\n\n<h2 class=\"wp-block-heading\">Was ist DEI-Kommunikationsberatung?<\/h2>\n\n\n\n<p>Die DEI-Kommunikationsberatung unterst\u00fctzt Organisationen dabei, ihre Initiativen und Verpflichtungen in Bezug auf Vielfalt, Gerechtigkeit und Inklusion einem internen und externen Publikum wirksam zu kommunizieren.<\/p>\n\n\n\n<p>Dar\u00fcber hinaus umfasst die DEI-Kommunikationsberatung kontinuierliches Zuh\u00f6ren, Feedback und Anpassung. Sie erkennt die dynamische Natur der DEI-Arbeit und die Bedeutung einer sich weiterentwickelnden Kommunikation an, um fortlaufendes Lernen, Herausforderungen und Erfolge im DEI-Bereich widerzuspiegeln. Auf diese Weise hilft sie Organisationen, Glaubw\u00fcrdigkeit und Vertrauen bei den Stakeholdern aufzubauen und zeigt ein echtes Engagement f\u00fcr die F\u00f6rderung eines integrativen und gerechten Umfelds.<\/p>\n\n\n\n<h2 class=\"wp-block-heading\">Warum brauchen Unternehmen DEI-Kommunikationsberatung?<\/h2>\n\n\n\n<p>Bei vielen Organisationen besteht eine L\u00fccke zwischen ihren erkl\u00e4rten DEI-Werten und der Realit\u00e4t ihrer Praktiken und Kommunikation. DEI-Kommunikationsberatung hilft, diese L\u00fccke zu schlie\u00dfen und sicherzustellen, dass das Engagement einer Organisation f\u00fcr Vielfalt, Gleichberechtigung und Inklusion klar artikuliert und in ihren Abl\u00e4ufen und ihrer Kommunikation widergespiegelt wird. Eine effektive DEI-Kommunikation schafft Vertrauen und Glaubw\u00fcrdigkeit, indem sie Transparenz und Verantwortlichkeit demonstriert und zeigt, dass ein Unternehmen aktiv substanzielle \u00c4nderungen vornimmt.<\/p>\n\n\n\n<p>Dar\u00fcber hinaus hilft die DEI-Kommunikationsberatung Unternehmen dabei, ihre DEI-Erfolge und -Initiativen auf eine Weise zu kommunizieren, die bei unterschiedlichen Zielgruppen Anklang findet und diese einbezieht, und das Unternehmen so als Vorreiter in Sachen Unternehmensverantwortung zu positionieren. Schlecht kommunizierte DEI-Bem\u00fchungen k\u00f6nnen zu Missverst\u00e4ndnissen, Gegenreaktionen oder dem Vorwurf des performativen Verb\u00fcndetentums f\u00fchren.<\/p>\n\n\n\n<p>DEI-Kommunikationsberatung kann Unternehmen auch dabei helfen, ihre Kultur der Inklusion zu pr\u00e4sentieren, was sie zu einem bevorzugten Arbeitgeber f\u00fcr Personen macht, die ein unterst\u00fctzendes und gerechtes Arbeitsumfeld suchen. Es bietet Unternehmen jedoch noch viele weitere Vorteile, darunter:<\/p>\n\n\n\n<ul class=\"wp-block-list\">\n<li><strong>Verbessertes Vertrauen und Loyalit\u00e4t der Stakeholder:<\/strong> By communicating DEI initiatives and achievements transparently and authentically, organizations can <a href=\"https:\/\/www.sisinternational.com\/de\/b2b-customer-experience-the-ultimate-guide-to-building-loyalty-that-lasts\/\" title=\"B2B Customer Experience: The Ultimate Guide to Building Loyalty That Lasts\"  data-wpil-monitor-id=\"8987\">build trust and loyalty<\/a> among stakeholders, including employees, customers, and the wider community. This trust is foundational for long-term relationships and sustained brand support.<\/li>\n\n\n\n<li><strong>H\u00f6heres Engagement und Zufriedenheit der Mitarbeiter:<\/strong> Eine DEI-Kommunikationsberatung kann Unternehmen dabei helfen, ihre DEI-Richtlinien und -Programme intern besser zu vermitteln, was zu mehr Engagement und Arbeitszufriedenheit der Mitarbeiter f\u00fchrt.<\/li>\n\n\n\n<li><strong>Gewinnung und Bindung vielf\u00e4ltiger Talente:<\/strong> Eine klare und \u00fcberzeugende DEI-Erz\u00e4hlung kann ein Unternehmen f\u00fcr einen vielf\u00e4ltigen Talentpool attraktiver machen. Eine effektive Kommunikation einer integrativen Kultur und gleichberechtigter Chancen kann dazu beitragen, Mitarbeiter mit unterschiedlichen Perspektiven und F\u00e4higkeiten zu gewinnen und zu halten.<\/li>\n\n\n\n<li><strong>Minderung des Risikos von Missverst\u00e4ndnissen und negativen Reaktionen:<\/strong> Mit fachkundiger Anleitung k\u00f6nnen Organisationen die Komplexit\u00e4t der DEI-Kommunikation bew\u00e4ltigen und das Risiko von Fehlkommunikation, Missverst\u00e4ndnissen und m\u00f6glichen negativen Reaktionen verringern. Dadurch wird sichergestellt, dass DEI-Bem\u00fchungen positiv aufgenommen werden und zum Ruf der Organisation beitragen.<\/li>\n\n\n\n<li><strong>Wirkliche Ver\u00e4nderungen und soziale Auswirkungen vorantreiben:<\/strong> \u00dcber die unmittelbaren organisatorischen Vorteile hinaus tr\u00e4gt eine effektive DEI-Kommunikationsberatung zu einem breiteren gesellschaftlichen Wandel bei. Indem sie sich \u00f6ffentlich zu DEI bekennen und dar\u00fcber kommunizieren, k\u00f6nnen Organisationen ihre Branchen, M\u00e4rkte und Gemeinschaften beeinflussen und so Inklusion und Gerechtigkeit in gr\u00f6\u00dferem Ma\u00dfstab f\u00f6rdern.<\/li>\n<\/ul>\n\n\n\n<h2 class=\"wp-block-heading\">Wer nutzt DEI-Kommunikationsberatung?<\/h2>\n\n\n\n<figure class=\"gb-block-image gb-block-image-a8d055cc\"><img loading=\"lazy\" decoding=\"async\" width=\"1456\" height=\"816\" class=\"gb-image gb-image-a8d055cc\" src=\"https:\/\/www.sisinternational.com\/wp-content\/uploads\/2025\/10\/DEI-Communications-3.jpg\" alt=\"SIS International Marktforschung &amp; Strategie\" title=\"DEI Communications (3)\" srcset=\"https:\/\/www.sisinternational.com\/wp-content\/uploads\/2025\/10\/DEI-Communications-3.jpg 1456w, https:\/\/www.sisinternational.com\/wp-content\/uploads\/2025\/10\/DEI-Communications-3-300x168.jpg 300w, https:\/\/www.sisinternational.com\/wp-content\/uploads\/2025\/10\/DEI-Communications-3-1024x574.jpg 1024w, https:\/\/www.sisinternational.com\/wp-content\/uploads\/2025\/10\/DEI-Communications-3-768x430.jpg 768w, https:\/\/www.sisinternational.com\/wp-content\/uploads\/2025\/10\/DEI-Communications-3-18x10.jpg 18w\" sizes=\"auto, (max-width: 1456px) 100vw, 1456px\"><\/figure>\n\n\n\n<p><\/p>\n\n\n\n<p>Viele Gro\u00dfkonzerne und Unternehmen aus allen Branchen engagieren DEI-Kommunikationsberater, um ihre DEI-Initiativen zu artikulieren und zu verst\u00e4rken. Diese Organisationen haben oft komplexe Strukturen und sind global pr\u00e4sent. Sie ben\u00f6tigen ausgefeilte Strategien, um sicherzustellen, dass ihre DEI-Botschaften in verschiedenen Kulturen und Regionen Anklang finden.<\/p>\n\n\n\n<p>Kleine und mittlere Unternehmen legen gleicherma\u00dfen Wert darauf, ihre DEI-Bem\u00fchungen herauszustellen. DEI-Kommunikationsberatung kann diesen Unternehmen dabei helfen, wirkungsvolle DEI-Narrative zu entwickeln, die mit ihren Markenwerten \u00fcbereinstimmen und bei ihren Stakeholdern, darunter lokalen Gemeinschaften, Kunden und Mitarbeitern, Anklang finden.<\/p>\n\n\n\n<p>Dar\u00fcber hinaus nutzen gemeinn\u00fctzige Organisationen, die sich auf soziale Gerechtigkeit, Gemeindeentwicklung und andere Anliegen konzentrieren, h\u00e4ufig DEI-Kommunikationsberatung, um ihre Missionen und die DEI-Prinzipien, die ihrer Arbeit zugrunde liegen, effektiv zu vermitteln. Eine klare und \u00fcberzeugende DEI-Kommunikation kann die Glaubw\u00fcrdigkeit dieser Organisationen erh\u00f6hen, Unterst\u00fctzung gewinnen und zum Handeln mobilisieren.<\/p>\n\n\n\n<p>Bildungseinrichtungen engagieren auch DEI-Kommunikationsberater, um ihr Engagement f\u00fcr die Schaffung integrativer Bildungsumgebungen zu kommunizieren. Eine effektive DEI-Kommunikation kann dazu beitragen, eine vielf\u00e4ltige Studentenschaft, Fakult\u00e4t und Mitarbeiter anzuziehen und gleichzeitig eine integrative Kultur zu f\u00f6rdern.<\/p>\n\n\n\n<p>Additionally, Government Agencies use DEI communications consulting to ensure their policies, programs, and <a href=\"https:\/\/www.sisinternational.com\/de\/sachverstand\/branchen\/marktforschung-fur-kommunikationsdienstleistungen\/\" title=\"Marktforschung f\u00fcr Kommunikationsdienste\"  data-wpil-monitor-id=\"8983\">services are communicated<\/a> to reflect their commitment to equity and inclusion. This is crucial for building trust within diverse communities and ensuring public initiatives are accessible and equitable.<\/p>\n\n\n\n<h2 class=\"wp-block-heading\">Kritische Erfolgsfaktoren f\u00fcr eine erfolgreiche DEI-Kommunikationsberatung<\/h2>\n\n\n\n<p>Damit die DEI-Kommunikationsberatung erfolgreich ist und sinnvolle Ergebnisse liefert, m\u00fcssen bestimmte kritische Erfolgsfaktoren ber\u00fccksichtigt und in den Beratungsprozess integriert werden. Diese Faktoren stellen sicher, dass DEI-Kommunikationsstrategien das Engagement einer Organisation f\u00fcr Vielfalt, Gleichberechtigung und Inklusion wirksam vermitteln und eine Kultur f\u00f6rdern, die diese Werte verk\u00f6rpert.<\/p>\n\n\n\n<ul class=\"wp-block-list\">\n<li><strong>Authentizit\u00e4t in Nachrichten:<\/strong> Organisationen m\u00fcssen sicherstellen, dass ihre DEI-Botschaften ihre Werte, Initiativen und Fortschritte tats\u00e4chlich widerspiegeln. Dies erfordert ein tiefes Engagement f\u00fcr DEI, das \u00fcber oberfl\u00e4chliche Kommunikation hinausgeht und die kommunizierten Botschaften durch Ma\u00dfnahmen und Richtlinien untermauert.<\/li>\n\n\n\n<li><strong>Transparenz und Verantwortlichkeit:<\/strong> Organisationen m\u00fcssen ihre DEI-Ziele, Erfolge und Verbesserungsbereiche transparent machen. Diese Offenheit f\u00f6rdert Vertrauen und Verantwortlichkeit und erm\u00f6glicht es den Stakeholdern, das Engagement der Organisation f\u00fcr konkrete Fortschritte im Bereich DEI zu erkennen.<\/li>\n\n\n\n<li><strong>Kulturelle Kompetenz:<\/strong> Das Verst\u00e4ndnis und der Respekt f\u00fcr die unterschiedlichen Kulturen innerhalb und au\u00dferhalb der Organisation sind von entscheidender Bedeutung. DEI-Kommunikation sollte kulturkompetent sein und die unterschiedlichen Perspektiven und Erfahrungen aller Personen anerkennen und wertsch\u00e4tzen. Dies erfordert kontinuierliche Weiterbildung und Sensibilit\u00e4t f\u00fcr kulturelle Nuancen in der Kommunikation.<\/li>\n\n\n\n<li><strong>Konsistenz \u00fcber alle Kan\u00e4le hinweg:<\/strong> DEI-Botschaften sollten \u00fcber alle Kommunikationskan\u00e4le hinweg konsistent sein, einschlie\u00dflich interner Kommunikation, Marketingmaterialien, Social Media und PR-Ma\u00dfnahmen. Konsistenz unterstreicht das Engagement der Organisation f\u00fcr DEI und stellt sicher, dass alle Beteiligten die gleiche Botschaft erhalten.<\/li>\n\n\n\n<li><strong>Anpassungsf\u00e4higkeit und Reaktionsf\u00e4higkeit:<\/strong> Der DEI-Bereich ist dynamisch und das Verst\u00e4ndnis f\u00fcr bew\u00e4hrte Verfahren entwickelt sich weiter. Erfolgreiche DEI-Kommunikationsberatung erfordert Anpassungsf\u00e4higkeit und Reaktionsf\u00e4higkeit auf neue Informationen, gesellschaftliche Ver\u00e4nderungen und Stakeholder-Feedback, um sicherzustellen, dass DEI-Strategien relevant und effektiv bleiben.<\/li>\n<\/ul>\n\n\n\n<h2 class=\"wp-block-heading\">Der SIS-Ansatz zur DEI-Kommunikationsberatung<\/h2>\n\n\n\n<figure class=\"gb-block-image gb-block-image-b0adb794\"><img loading=\"lazy\" decoding=\"async\" width=\"1456\" height=\"816\" class=\"gb-image gb-image-b0adb794\" src=\"https:\/\/www.sisinternational.com\/wp-content\/uploads\/2025\/10\/DEI-Communications-4.jpg\" alt=\"SIS International Marktforschung &amp; Strategie\" title=\"DEI Communications (4)\" srcset=\"https:\/\/www.sisinternational.com\/wp-content\/uploads\/2025\/10\/DEI-Communications-4.jpg 1456w, https:\/\/www.sisinternational.com\/wp-content\/uploads\/2025\/10\/DEI-Communications-4-300x168.jpg 300w, https:\/\/www.sisinternational.com\/wp-content\/uploads\/2025\/10\/DEI-Communications-4-1024x574.jpg 1024w, https:\/\/www.sisinternational.com\/wp-content\/uploads\/2025\/10\/DEI-Communications-4-768x430.jpg 768w, https:\/\/www.sisinternational.com\/wp-content\/uploads\/2025\/10\/DEI-Communications-4-18x10.jpg 18w\" sizes=\"auto, (max-width: 1456px) 100vw, 1456px\"><\/figure>\n\n\n\n<p><\/p>\n\n\n\n<p>Der SIS-Ansatz zur DEI-Kommunikationsberatung ist umfassend, strategisch und einf\u00fchlsam. SIS ist sich bewusst, dass eine effektive DEI-Kommunikation eine Kultur der Inklusivit\u00e4t und des Respekts f\u00f6rdert.<\/p>\n\n\n\n<ul class=\"wp-block-list\">\n<li><strong>Holistic <\/strong><a href=\"https:\/\/www.sisinternational.com\/de\/sis-strategy-consulting-2\/\" title=\"SIS Strategy Consulting\u00a0\"  data-wpil-monitor-id=\"8986\">Strategy Development: SIS<\/a> begins with a holistic assessment of an organization&#8217;s current DEI stance, communications practices, and culture. This involves understanding the organization\u2019s DEI goals, the diversity of its workforce, and the needs of its stakeholders. From there, SIS <a href=\"https:\/\/www.sisinternational.com\/de\/losungen\/strategieberatung\/strategieentwicklung-umsetzungsberatung\/\" title=\"Strategieentwicklung und Umsetzungsberatung\"  data-wpil-monitor-id=\"8985\">develops a comprehensive DEI communications strategy<\/a> that aligns with the organization&#8217;s overall mission and objectives.<\/li>\n\n\n\n<li><strong>Stakeholderzentrierte Kommunikation:<\/strong> SIS ist sich der Bedeutung der Einbindung verschiedener Interessengruppen bewusst und legt daher gro\u00dfen Wert auf die Entwicklung von Kommunikationspl\u00e4nen, die auf die Interessen der Interessengruppen zugeschnitten sind. Dadurch wird sichergestellt, dass die Botschaften bei allen Zielgruppen Anklang finden und f\u00fcr alle zug\u00e4nglich sind, darunter Mitarbeiter, Kunden, Partner und die Community.<\/li>\n\n\n\n<li><strong>Authentisches und transparentes Messaging:<\/strong> SIS unterst\u00fctzt Organisationen bei der Formulierung authentischer und transparenter DEI-Botschaften. Dabei geht es darum, echte Erfolge hervorzuheben, Verbesserungsbereiche zu erkennen und konkrete Schritte zu skizzieren, die die Organisation unternimmt, um ihre DEI-Ziele voranzutreiben. Authentizit\u00e4t und Transparenz sind der Schl\u00fcssel zum Aufbau von Vertrauen und Glaubw\u00fcrdigkeit.<\/li>\n\n\n\n<li><strong>Kontinuierliches Zuh\u00f6ren und Feedback:<\/strong> Der SIS-Ansatz umfasst kontinuierliche Anh\u00f6rungs- und Feedbackmechanismen der Stakeholder. Diese Feedbackschleife erm\u00f6glicht die Anpassung von DEI-Kommunikationsstrategien auf der Grundlage der Reaktionen der Stakeholder und stellt sicher, dass die Kommunikation relevant und wirkungsvoll bleibt.<\/li>\n\n\n\n<li><strong>Engagement und Schulung von F\u00fchrungskr\u00e4ften:<\/strong> SIS betont die entscheidende Rolle der F\u00fchrung in der DEI-Kommunikation. Dazu geh\u00f6rt die Schulung von F\u00fchrungskr\u00e4ften in effektiven DEI-Kommunikations- und Engagementstrategien sowie die Sicherstellung, dass die F\u00fchrung sich sichtbar f\u00fcr DEI-Bem\u00fchungen engagiert und aktiv daran beteiligt.<\/li>\n\n\n\n<li><strong>Messung und Berichterstattung:<\/strong> SIS legt klare Messgr\u00f6\u00dfen und Benchmarks zur Messung der Wirksamkeit von DEI-Kommunikation fest. Auf diese Weise k\u00f6nnen Organisationen Fortschritte verfolgen, \u00fcber Ergebnisse berichten und datengesteuerte Anpassungen an ihren DEI-Kommunikationsstrategien vornehmen.<\/li>\n\n\n\n<li><strong>Engagement f\u00fcr Inklusivit\u00e4t und kulturelle Kompetenz:<\/strong> SIS legt gro\u00dfen Wert auf Inklusivit\u00e4t und kulturelle Kompetenz. Die Berater verf\u00fcgen \u00fcber umfangreiche Erfahrung im Umgang mit kulturellen Nuancen und Empfindlichkeiten und stellen sicher, dass die DEI-Kommunikation respektvoll ist und unterschiedliche Perspektiven ber\u00fccksichtigt.<\/li>\n\n\n\n<li><strong>Langfristige Partnerschaft und Unterst\u00fctzung:<\/strong> Schlie\u00dflich betrachtet SIS seine Beratungsdienste als den Beginn einer langfristigen Partnerschaft. SIS bietet Organisationen kontinuierliche Unterst\u00fctzung und Beratung bei der Umsetzung ihrer DEI-Kommunikationsstrategien, der Anpassung an neue Herausforderungen und der Weiterentwicklung ihrer DEI-Bem\u00fchungen.<\/li>\n<\/ul>\n\n\n\n<h2 class=\"wp-block-heading\">M\u00f6glichkeiten in der DEI-Kommunikationsberatung f\u00fcr Unternehmen<\/h2>\n\n\n\n<p>Die Einbindung einer DEI-Kommunikationsberatung er\u00f6ffnet Unternehmen zahlreiche M\u00f6glichkeiten, ihre Unternehmenskultur zu st\u00e4rken, ihren Markenruf zu verbessern und ein integrativeres Umfeld zu schaffen. Hier sind einige wichtige M\u00f6glichkeiten, die die DEI-Kommunikationsberatung Unternehmen bietet:<\/p>\n\n\n\n<ul class=\"wp-block-list\">\n<li><strong>F\u00fchrungsqualit\u00e4ten im Bereich DEI demonstrieren:<\/strong> Durch eine effektive DEI-Kommunikation k\u00f6nnen sich Unternehmen als Vorreiter in Sachen Vielfalt, Gleichberechtigung und Inklusion positionieren. Diese F\u00fchrungsrolle kann einen Standard in ihrer Branche setzen und Kollegen und Wettbewerber dazu bewegen, DEI in ihren Gesch\u00e4ftst\u00e4tigkeiten und ihrer Kommunikation Priorit\u00e4t einzur\u00e4umen.<\/li>\n\n\n\n<li><strong>Vielf\u00e4ltige Talente anziehen:<\/strong> Unternehmen k\u00f6nnen vielf\u00e4ltige Bewerber anziehen, indem sie ihr Engagement f\u00fcr DEI klar zum Ausdruck bringen. Eine starke DEI-Marke spricht potenzielle Mitarbeiter an, die nach integrativen Arbeitspl\u00e4tzen suchen, die Vielfalt sch\u00e4tzen und faire Wachstums- und Entwicklungsm\u00f6glichkeiten bieten.<\/li>\n\n\n\n<li><strong>Steigerung des Mitarbeiterengagements:<\/strong> Eine effektive DEI-Kommunikation kann das Engagement der Mitarbeiter deutlich steigern. Mitarbeiter, deren Identit\u00e4t und Werte sich in den DEI-Bem\u00fchungen und -Kommunikationen ihres Unternehmens widerspiegeln, f\u00fchlen sich eher wertgesch\u00e4tzt und f\u00fchlen sich ihrer Organisation verpflichtet.<\/li>\n\n\n\n<li><strong>Vertrauen bei Investoren aufbauen:<\/strong> Investors increasingly seek businesses aligning with their values, including a commitment to DEI. By effectively communicating DEI initiatives and successes, businesses can build trust and loyalty with investors, <a href=\"https:\/\/www.sisinternational.com\/de\/losungen\/branding-und-kundenforschungslosungen\/markendifferenzierung-marktforschung\/\" title=\"Marktforschung zur Markendifferenzierung\"  data-wpil-monitor-id=\"8984\">differentiating themselves in the market<\/a>.<\/li>\n\n\n\n<li><strong>Expanding <\/strong><a href=\"https:\/\/www.sisinternational.com\/de\/veroffentlichungen\/skalierbare-geschaftsmarktforschung-7-moglichkeiten-zum-aufbau-eines-skalierbaren-geschafts\/\" title=\"Marktforschung f\u00fcr skalierbare Unternehmen: 7 M\u00f6glichkeiten zum Aufbau eines skalierbaren Unternehmens\"  data-wpil-monitor-id=\"8980\">Market Reach: Businesses<\/a> that effectively communicate their DEI efforts can appeal to broader, more diverse markets. <a href=\"https:\/\/www.sisinternational.com\/de\/sachverstand\/branchen\/diversitat-gleichberechtigung-inklusion-marktforschung\/\" title=\"Marktforschung zu Diversit\u00e4t, Gerechtigkeit und Inklusion\"  data-wpil-monitor-id=\"8982\">Inclusivity in communications ensures that marketing<\/a> messages resonate with a wide range of demographics, expanding the business\u2019s reach and potential customer base.<\/li>\n\n\n\n<li><strong>Verbesserung des Risikomanagements:<\/strong> DEI communications consulting helps businesses navigate the complexities of discussing diversity and inclusion topics, reducing the risk of missteps that could lead to reputational damage. Effective <a href=\"https:\/\/www.sisinternational.com\/de\/losungen\/strategieberatung\/\" title=\"Strategieberatung\"  data-wpil-monitor-id=\"8981\">consulting provides the tools and strategies<\/a> to communicate with sensitivity and awareness, mitigating potential risks.<\/li>\n<\/ul>\n\n\n\n<h2 class=\"wp-block-heading\">Herausforderungen der DEI-Kommunikationsberatung f\u00fcr Unternehmen<\/h2>\n\n\n\n<figure class=\"gb-block-image gb-block-image-6aacaf47\"><img loading=\"lazy\" decoding=\"async\" width=\"1456\" height=\"816\" class=\"gb-image gb-image-6aacaf47\" src=\"https:\/\/www.sisinternational.com\/wp-content\/uploads\/2025\/10\/DEI-Communications-1.jpg\" alt=\"SIS International Marktforschung &amp; Strategie\" title=\"DEI Communications (1)\" srcset=\"https:\/\/www.sisinternational.com\/wp-content\/uploads\/2025\/10\/DEI-Communications-1.jpg 1456w, https:\/\/www.sisinternational.com\/wp-content\/uploads\/2025\/10\/DEI-Communications-1-300x168.jpg 300w, https:\/\/www.sisinternational.com\/wp-content\/uploads\/2025\/10\/DEI-Communications-1-1024x574.jpg 1024w, https:\/\/www.sisinternational.com\/wp-content\/uploads\/2025\/10\/DEI-Communications-1-768x430.jpg 768w, https:\/\/www.sisinternational.com\/wp-content\/uploads\/2025\/10\/DEI-Communications-1-18x10.jpg 18w\" sizes=\"auto, (max-width: 1456px) 100vw, 1456px\"><\/figure>\n\n\n\n<p><\/p>\n\n\n\n<p>W\u00e4hrend die DEI-Kommunikationsberatung Unternehmen erhebliche M\u00f6glichkeiten bietet, ihre Bem\u00fchungen um Vielfalt, Gleichberechtigung und Inklusion zu verbessern, k\u00f6nnen mehrere Herausforderungen auftreten. Die erfolgreiche Bew\u00e4ltigung dieser Herausforderungen stellt sicher, dass DEI-Kommunikationsstrategien authentisch und wirkungsvoll sind und zu sinnvollen Ver\u00e4nderungen beitragen.<\/p>\n\n\n\n<ul class=\"wp-block-list\">\n<li><strong>Sicherstellung der Authentizit\u00e4t:<\/strong> Eine der gr\u00f6\u00dften Herausforderungen besteht darin, sicherzustellen, dass die DEI-Kommunikation authentisch ist und echtes Engagement und Handeln widerspiegelt. Unternehmen m\u00fcssen performative Aussagen ohne inhaltliche Untermauerung vermeiden, da diese das Vertrauen untergraben und dem Ruf schaden k\u00f6nnen.<\/li>\n\n\n\n<li><strong>Breite Anziehungskraft mit Spezifit\u00e4t in Einklang bringen:<\/strong> Es kann schwierig sein, Botschaften zu verfassen, die bei einem vielf\u00e4ltigen Publikum Anklang finden und gleichzeitig spezifische DEI-Probleme und -Ziele ansprechen. Unternehmen m\u00fcssen einen Ausgleich zwischen einer breiten Ansprache und der Ber\u00fccksichtigung der einzigartigen Erfahrungen und Bed\u00fcrfnisse verschiedener Gruppen finden.<\/li>\n\n\n\n<li><strong>\u00dcberwindung interner Widerst\u00e4nde:<\/strong> Die Einleitung und Aufrechterhaltung von DEI-Bem\u00fchungen, einschlie\u00dflich der Kommunikation, kann manchmal auf organisatorischen Widerstand sto\u00dfen. Um Skepsis oder Widerstand zu \u00fcberwinden, sind F\u00fchrungsengagement, Aufkl\u00e4rung und die Demonstration des Werts von DEI f\u00fcr alle Beteiligten erforderlich.<\/li>\n\n\n\n<li><strong>Mit sich entwickelnden Gespr\u00e4chen Schritt halten:<\/strong> Der Diskurs um DEI ist dynamisch, gesellschaftliches Verst\u00e4ndnis und Sprache entwickeln sich rasch weiter. Unternehmen m\u00fcssen informiert und anpassungsf\u00e4hig bleiben, um sicherzustellen, dass ihre DEI-Kommunikation relevant und respektvoll bleibt.<\/li>\n\n\n\n<li><strong>Wirkung messen:<\/strong> Die Quantifizierung der Auswirkungen von DEI-Kommunikationsbem\u00fchungen kann eine Herausforderung sein. Unternehmen m\u00fcssen klare Messgr\u00f6\u00dfen und Methoden entwickeln, um die Wirksamkeit ihrer Kommunikation bei der Erreichung von DEI-Zielen zu bewerten und bei Bedarf Anpassungen vorzunehmen.<\/li>\n\n\n\n<li><strong>Navigieren mit Empfindlichkeiten:<\/strong> DEI-Themen k\u00f6nnen heikel sein und Fehltritte in der Kommunikation k\u00f6nnen zu Missverst\u00e4ndnissen oder Gegenreaktionen f\u00fchren. Es ist wichtig, sicherzustellen, dass die Kommunikation durchdacht, gut informiert und unterschiedlichen Perspektiven Rechnung tr\u00e4gt.<\/li>\n<\/ul>\n\n\n\n<p><\/p>","protected":false},"excerpt":{"rendered":"<p>Die DEI-Kommunikationsberatung unterst\u00fctzt Organisationen wirksam bei ihren Initiativen und Verpflichtungen hinsichtlich Vielfalt, Gerechtigkeit und Inklusion.<\/p>","protected":false},"author":1,"featured_media":71936,"parent":14514,"menu_order":416,"comment_status":"closed","ping_status":"closed","template":"","meta":{"footnotes":""},"class_list":["post-46616","page","type-page","status-publish","has-post-thumbnail"],"_links":{"self":[{"href":"https:\/\/www.sisinternational.com\/de\/wp-json\/wp\/v2\/pages\/46616","targetHints":{"allow":["GET"]}}],"collection":[{"href":"https:\/\/www.sisinternational.com\/de\/wp-json\/wp\/v2\/pages"}],"about":[{"href":"https:\/\/www.sisinternational.com\/de\/wp-json\/wp\/v2\/types\/page"}],"author":[{"embeddable":true,"href":"https:\/\/www.sisinternational.com\/de\/wp-json\/wp\/v2\/users\/1"}],"replies":[{"embeddable":true,"href":"https:\/\/www.sisinternational.com\/de\/wp-json\/wp\/v2\/comments?post=46616"}],"version-history":[{"count":7,"href":"https:\/\/www.sisinternational.com\/de\/wp-json\/wp\/v2\/pages\/46616\/revisions"}],"predecessor-version":[{"id":81506,"href":"https:\/\/www.sisinternational.com\/de\/wp-json\/wp\/v2\/pages\/46616\/revisions\/81506"}],"up":[{"embeddable":true,"href":"https:\/\/www.sisinternational.com\/de\/wp-json\/wp\/v2\/pages\/14514"}],"wp:featuredmedia":[{"embeddable":true,"href":"https:\/\/www.sisinternational.com\/de\/wp-json\/wp\/v2\/media\/71936"}],"wp:attachment":[{"href":"https:\/\/www.sisinternational.com\/de\/wp-json\/wp\/v2\/media?parent=46616"}],"curies":[{"name":"wp","href":"https:\/\/api.w.org\/{rel}","templated":true}]}}