{"id":46613,"date":"2024-03-01T11:50:07","date_gmt":"2024-03-01T16:50:07","guid":{"rendered":"https:\/\/www.sisinternational.com\/?page_id=46613"},"modified":"2025-10-23T00:07:55","modified_gmt":"2025-10-23T04:07:55","slug":"beratung-zur-nachhaltigkeitskommunikation","status":"publish","type":"page","link":"https:\/\/www.sisinternational.com\/de\/losungen\/strategieberatung\/beratung-zur-nachhaltigkeitskommunikation\/","title":{"rendered":"Beratung zur Nachhaltigkeitskommunikation"},"content":{"rendered":"<h1 class=\"wp-block-heading\">Beratung zur Nachhaltigkeitskommunikation<\/h1>\n\n\n\n<figure class=\"gb-block-image gb-block-image-8e8b7825\"><img loading=\"lazy\" decoding=\"async\" width=\"1456\" height=\"816\" class=\"gb-image gb-image-8e8b7825\" src=\"https:\/\/www.sisinternational.com\/wp-content\/uploads\/2025\/08\/Sustainability-3-1.jpg\" alt=\"SIS International Marktforschung &amp; Strategie\" title=\"Sustainability (3)\" srcset=\"https:\/\/www.sisinternational.com\/wp-content\/uploads\/2025\/08\/Sustainability-3-1.jpg 1456w, https:\/\/www.sisinternational.com\/wp-content\/uploads\/2025\/08\/Sustainability-3-1-300x168.jpg 300w, https:\/\/www.sisinternational.com\/wp-content\/uploads\/2025\/08\/Sustainability-3-1-1024x574.jpg 1024w, https:\/\/www.sisinternational.com\/wp-content\/uploads\/2025\/08\/Sustainability-3-1-768x430.jpg 768w, https:\/\/www.sisinternational.com\/wp-content\/uploads\/2025\/08\/Sustainability-3-1-18x10.jpg 18w\" sizes=\"auto, (max-width: 1456px) 100vw, 1456px\"><\/figure>\n\n\n\n<p><\/p>\n\n\n\n<p>Kommuniziert Ihr Unternehmen sein Engagement f\u00fcr Nachhaltigkeit effektiv? Die Beratung zur Nachhaltigkeitskommunikation erweist sich als entscheidender Verb\u00fcndeter f\u00fcr Unternehmen, die sich in diesem komplexen Umfeld zurechtfinden wollen \u2013 und durch fachkundige Beratung k\u00f6nnen Unternehmen ihre Nachhaltigkeitsnarrative mit ihren Taten in Einklang bringen und so sicherstellen, dass ihre Botschaft ihr Zielpublikum erreicht und Vertrauen und Loyalit\u00e4t in einem zunehmend umweltbewussten Markt f\u00f6rdert.<\/p>\n\n\n\n<h2 class=\"wp-block-heading\">Was ist Nachhaltigkeitskommunikationsberatung?<\/h2>\n\n\n\n<p>Die Beratung zur Nachhaltigkeitskommunikation unterst\u00fctzt Unternehmen dabei, ihre Nachhaltigkeitsinitiativen, -ziele und -erfolge ihrer Zielgruppe effektiv zu vermitteln. Diese Beratung kombiniert Umweltwissenschaften, \u00d6ffentlichkeitsarbeit und Marketing-Know-how, um \u00fcberzeugende Darstellungen zu erstellen, die das Engagement eines Unternehmens f\u00fcr nachhaltige Praktiken hervorheben.<\/p>\n\n\n\n<p>Berater in diesem Bereich arbeiten eng mit Unternehmen zusammen, um wichtige Nachhaltigkeitserfolge und zuk\u00fcnftige Ziele zu identifizieren und eine Kommunikationsstrategie zu entwickeln, die diese Elemente der \u00d6ffentlichkeit wirksam vermittelt. Der Prozess umfasst die Ausarbeitung von Botschaften f\u00fcr verschiedene Plattformen, von j\u00e4hrlichen Nachhaltigkeitsberichten bis hin zu Social-Media-Kampagnen, die alle darauf abzielen, den Ruf des Unternehmens als Vorreiter in Sachen Nachhaltigkeit zu st\u00e4rken.<\/p>\n\n\n\n<h2 class=\"wp-block-heading\">Warum brauchen Unternehmen eine Beratung zur Nachhaltigkeitskommunikation?<\/h2>\n\n\n\n<p>Verbraucher sind zunehmend geneigt, Unternehmen zu unterst\u00fctzen, die sich zu nachhaltigen Praktiken bekennen und diese Bem\u00fchungen auch transparent kommunizieren. Daher erm\u00f6glicht eine Beratung zur Nachhaltigkeitskommunikation Unternehmen, diese Erwartungen zu erf\u00fcllen, indem sie klare, authentische Botschaften entwickeln, die bei umweltbewussten Verbrauchern Anklang finden.<\/p>\n\n\n\n<p>Zweitens entwickelt sich die regulatorische Landschaft rasant, da immer mehr Regierungen und internationale Organisationen strenge Anforderungen an die Nachhaltigkeitsberichterstattung stellen. Um sich in diesem komplexen regulatorischen Umfeld zurechtzufinden, ist ein strategischer Ansatz f\u00fcr die Nachhaltigkeitskommunikation erforderlich, der sicherstellt, dass Unternehmen diese Vorschriften einhalten und sie nutzen, um ihre Marktposition zu verbessern.<\/p>\n\n\n\n<p>Dar\u00fcber hinaus ist eine Beratung zur Nachhaltigkeitskommunikation unerl\u00e4sslich, um die mit Greenwashing verbundenen Risiken zu mindern. Da sich Verbraucher immer besser mit Umweltthemen auskennen, werden sie auch skeptischer gegen\u00fcber unbegr\u00fcndeten Behauptungen. Unternehmen ben\u00f6tigen fachkundige Beratung, um sicherzustellen, dass ihre Nachhaltigkeitskommunikation auf echten, wirkungsvollen Ma\u00dfnahmen beruht und Vertrauen und Glaubw\u00fcrdigkeit bei ihrem Publikum schafft.<\/p>\n\n\n\n<h2 class=\"wp-block-heading\">Welche Vorteile bietet eine Beratung zur Nachhaltigkeitskommunikation?<\/h2>\n\n\n\n<figure class=\"gb-block-image gb-block-image-f1be4083\"><img loading=\"lazy\" decoding=\"async\" width=\"1456\" height=\"816\" class=\"gb-image gb-image-f1be4083\" src=\"https:\/\/www.sisinternational.com\/wp-content\/uploads\/2025\/08\/Sustainability-5.jpg\" alt=\"SIS International Marktforschung &amp; Strategie\" title=\"Sustainability (5)\" srcset=\"https:\/\/www.sisinternational.com\/wp-content\/uploads\/2025\/08\/Sustainability-5.jpg 1456w, https:\/\/www.sisinternational.com\/wp-content\/uploads\/2025\/08\/Sustainability-5-300x168.jpg 300w, https:\/\/www.sisinternational.com\/wp-content\/uploads\/2025\/08\/Sustainability-5-1024x574.jpg 1024w, https:\/\/www.sisinternational.com\/wp-content\/uploads\/2025\/08\/Sustainability-5-768x430.jpg 768w, https:\/\/www.sisinternational.com\/wp-content\/uploads\/2025\/08\/Sustainability-5-18x10.jpg 18w\" sizes=\"auto, (max-width: 1456px) 100vw, 1456px\"><\/figure>\n\n\n\n<p><\/p>\n\n\n\n<p>Die Investition in eine Beratung zur Nachhaltigkeitskommunikation bietet Unternehmen, die ihre Umweltverantwortung und ihr \u00f6ffentliches Image verbessern m\u00f6chten, viele Vorteile. Diese spezialisierte Beratung bietet einen strategischen Rahmen f\u00fcr eine effektive Kommunikation und f\u00f6rdert eine tiefere Integration der Nachhaltigkeit in die Kerngesch\u00e4ftst\u00e4tigkeit des Unternehmens. Hier sind die wichtigsten Vorteile:<\/p>\n\n\n\n<ul class=\"wp-block-list\">\n<li><strong>Verbesserte Glaubw\u00fcrdigkeit und Vertrauen:<\/strong> Professionelle Beratung zur Nachhaltigkeitskommunikation hilft Unternehmen, ihre Umweltinitiativen transparent, authentisch und nachpr\u00fcfbar zu kommunizieren. Diese Transparenz ist entscheidend f\u00fcr den Aufbau und Erhalt des Vertrauens bei Verbrauchern, Investoren und anderen Interessengruppen, die die Umweltaussagen von Unternehmen zunehmend genauer pr\u00fcfen.<\/li>\n\n\n\n<li><strong>Erh\u00f6hte Markentreue:<\/strong> Unternehmen k\u00f6nnen ihre Verbindung zu umweltbewussten Verbrauchern vertiefen, indem sie ein echtes Engagement f\u00fcr Nachhaltigkeit kommunizieren. Diese Werte\u00fcbereinstimmung kann die Markentreue erh\u00f6hen, da Kunden eher Marken unterst\u00fctzen und bef\u00fcrworten, die ihr Umweltengagement widerspiegeln.<\/li>\n\n\n\n<li><strong>Wettbewerbsvorteil:<\/strong> Eine gut formulierte Nachhaltigkeitserz\u00e4hlung kann ein bedeutendes Differenzierungsmerkmal auf dem Markt sein. Unternehmen, die ihre Nachhaltigkeitserfolge und -ziele \u00fcberzeugend kommunizieren k\u00f6nnen, k\u00f6nnen sich einen Wettbewerbsvorteil verschaffen und Kunden und Partner anziehen, die \u00f6kologische Verantwortung priorisieren.<\/li>\n\n\n\n<li><strong>Risikominderung:<\/strong> Die Beratung zur Nachhaltigkeitskommunikation ist entscheidend, um die mit Greenwashing verbundenen Risiken zu mindern. Indem sie sicherstellen, dass ihre Kommunikation auf tats\u00e4chlichen Nachhaltigkeitspraktiken und -erfolgen basiert, k\u00f6nnen Unternehmen die potenziellen negativen Reaktionen und Reputationssch\u00e4den vermeiden, die mit unbegr\u00fcndeten Umweltaussagen einhergehen.<\/li>\n\n\n\n<li><strong>Einhaltung gesetzlicher Vorschriften und Chancen:<\/strong> Da die Vorschriften f\u00fcr die Nachhaltigkeitsberichterstattung immer strenger werden, kann eine wirksame Kommunikationsberatung Unternehmen dabei helfen, diese Vorschriften einzuhalten und sie zu nutzen, um ihre f\u00fchrende Rolle im Umweltschutz hervorzuheben.<\/li>\n\n\n\n<li><strong>Mitarbeiterengagement und -rekrutierung:<\/strong> Eine klare und \u00fcberzeugende Nachhaltigkeitserz\u00e4hlung kann die interne Unternehmenskultur verbessern. Sie kann aktuelle Mitarbeiter motivieren und neue Talente anziehen, indem sie das Engagement des Unternehmens f\u00fcr Werte demonstriert, die bei einer wachsenden Zahl von Menschen Anklang finden, die in ihrer Arbeit einen Sinn suchen.<\/li>\n<\/ul>\n\n\n\n<h2 class=\"wp-block-heading\">Wann ist eine Beratung zur Nachhaltigkeitskommunikation sinnvoll?<\/h2>\n\n\n\n<p>Die Ermittlung des optimalen Zeitpunkts f\u00fcr die Einbindung einer Nachhaltigkeitskommunikationsberatung kann die Wirksamkeit der Nachhaltigkeitsinitiativen eines Unternehmens und die \u00f6ffentliche Wahrnehmung erheblich steigern. Hier sind wichtige F\u00e4lle, in denen Unternehmen eine Nachhaltigkeitskommunikationsberatung in Betracht ziehen sollten:<\/p>\n\n\n\n<ul class=\"wp-block-list\">\n<li><strong>Einf\u00fchrung neuer Nachhaltigkeitsinitiativen:<\/strong> Wenn ein Unternehmen neue Nachhaltigkeitsinitiativen oder -programme starten m\u00f6chte, kann eine Beratung dabei helfen, die Narrative und Kommunikationsstrategie rund um diese Bem\u00fchungen zu entwickeln. Dies ist entscheidend, um sicherzustellen, dass die Botschaft klar und ansprechend ist und der Zielgruppe die Bedeutung und Wirkung der Initiative effektiv vermittelt.<\/li>\n\n\n\n<li><strong>Vor regulatorischen \u00c4nderungen:<\/strong> Anticipating or responding to new environmental regulations is another critical moment for sustainability communications consulting. <a href=\"https:\/\/www.sisinternational.com\/de\/sachverstand\/branchen\/dei-kommunikationsberatung\/\" title=\"DEI-Kommunikationsberatung\"  data-wpil-monitor-id=\"5031\">Consultants can assist in adjusting the communications<\/a> strategy to address these changes, ensuring that the company not only complies with new regulations but also leverages these changes as an opportunity to demonstrate leadership in sustainability.<\/li>\n\n\n\n<li><strong>Als Reaktion auf eine Krise oder negative Publizit\u00e4t:<\/strong> Nach einer Krise oder negativer Berichterstattung im Zusammenhang mit Umweltthemen kann eine Beratung zur Nachhaltigkeitskommunikation einem Unternehmen helfen, die Situation zu meistern. Berater geben Hilfestellung dabei, \u00f6ffentliche Bedenken anzusprechen, Sch\u00e4den am Image des Unternehmens zu beheben und durch transparente und wirksame Kommunikation das Vertrauen wiederherzustellen.<\/li>\n\n\n\n<li><strong>So verbessern Sie die Einbindung der Stakeholder:<\/strong> M\u00f6chte ein Unternehmen den Dialog mit den Stakeholdern \u2013 seien es Investoren, Kunden oder die Gesellschaft \u2013 in Nachhaltigkeitsfragen verbessern, kann eine Unternehmensberatung Strategien identifizieren und umsetzen, die die Bem\u00fchungen und Erfolge des Unternehmens besser kommunizieren und so engere Beziehungen f\u00f6rdern.<\/li>\n<\/ul>\n\n\n\n<h2 class=\"wp-block-heading\">Erwartete Ergebnisse unserer Beratung zur Nachhaltigkeitskommunikation<\/h2>\n\n\n\n<figure class=\"gb-block-image gb-block-image-ba95a258\"><img loading=\"lazy\" decoding=\"async\" width=\"1456\" height=\"816\" class=\"gb-image gb-image-ba95a258\" src=\"https:\/\/www.sisinternational.com\/wp-content\/uploads\/2025\/08\/Sustainability-1.jpg\" alt=\"SIS International Marktforschung &amp; Strategie\" title=\"Sustainability (1)\" srcset=\"https:\/\/www.sisinternational.com\/wp-content\/uploads\/2025\/08\/Sustainability-1.jpg 1456w, https:\/\/www.sisinternational.com\/wp-content\/uploads\/2025\/08\/Sustainability-1-300x168.jpg 300w, https:\/\/www.sisinternational.com\/wp-content\/uploads\/2025\/08\/Sustainability-1-1024x574.jpg 1024w, https:\/\/www.sisinternational.com\/wp-content\/uploads\/2025\/08\/Sustainability-1-768x430.jpg 768w, https:\/\/www.sisinternational.com\/wp-content\/uploads\/2025\/08\/Sustainability-1-18x10.jpg 18w\" sizes=\"auto, (max-width: 1456px) 100vw, 1456px\"><\/figure>\n\n\n\n<p>Die Beratung in Sachen Nachhaltigkeitskommunikation ist eine strategische Investition, von der Unternehmen profitieren k\u00f6nnen, die sich \u00f6kologischer und sozialer Verantwortung verpflichtet f\u00fchlen. Durch die Zusammenarbeit mit Experten auf diesem Gebiet k\u00f6nnen Unternehmen positive Ergebnisse erwarten, die ihre Nachhaltigkeitsdarstellung verbessern und ihre Marke und Marktposition st\u00e4rken.<\/p>\n\n\n\n<ul class=\"wp-block-list\">\n<li><strong>Klare und \u00fcberzeugende Nachhaltigkeitsbotschaften:<\/strong> Eines der wichtigsten Ergebnisse ist die Entwicklung einer klaren, \u00fcberzeugenden und konsistenten Botschaft, die die Nachhaltigkeitsanstrengungen des Unternehmens genau widerspiegelt. Dadurch wird sichergestellt, dass die gesamte Kommunikation, von Marketingmaterialien bis hin zu Nachhaltigkeitsberichten, die Umweltverpflichtungen und -erfolge des Unternehmens auf eine Weise vermittelt, die bei den Stakeholdern Anklang findet.<\/li>\n\n\n\n<li><strong>Verbessertes Markenimage und Vertrauen:<\/strong> Eine effektive Beratung zur Nachhaltigkeitskommunikation hilft beim Aufbau und Erhalt eines starken Markenrufs. Durch transparente und authentische Kommunikation von Nachhaltigkeitsinitiativen k\u00f6nnen Unternehmen das Vertrauen von Verbrauchern, Investoren und der breiten \u00d6ffentlichkeit st\u00e4rken und sich als Vorreiter in Sachen Unternehmensverantwortung positionieren.<\/li>\n\n\n\n<li><strong>Erh\u00f6htes Stakeholder Engagement:<\/strong> Mit einer ausgefeilten Kommunikationsstrategie k\u00f6nnen Unternehmen mit einem st\u00e4rkeren Engagement verschiedener Interessengruppen rechnen, darunter Kunden, Mitarbeiter, Investoren und Community-Mitglieder. Effektives Storytelling und Messaging ermutigen die Stakeholder, die Nachhaltigkeitsinitiativen des Unternehmens zu unterst\u00fctzen, an Dialogen teilzunehmen und zu den Nachhaltigkeitszielen des Unternehmens beizutragen.<\/li>\n\n\n\n<li><strong>Compliance und Risikominimierung:<\/strong> Unsere Beratungsleistungen unterst\u00fctzen Unternehmen dabei, sich in der komplexen Landschaft der Nachhaltigkeitsberichterstattung und der Einhaltung gesetzlicher Vorschriften zurechtzufinden und das Risiko von Nichteinhaltung und damit verbundenem Reputationsschaden zu verringern. Dazu geh\u00f6rt die Anleitung zur Einhaltung internationaler Standards und Rahmenbedingungen f\u00fcr die Nachhaltigkeitsberichterstattung sowie die Gew\u00e4hrleistung einer konformen und strategisch ausgerichteten Kommunikation.<\/li>\n\n\n\n<li><strong>Innovation und Marktchancen:<\/strong> Beratung zur Nachhaltigkeitskommunikation kann Innovationen anregen und neue Marktchancen aufdecken. Durch die effektive Kommunikation von Nachhaltigkeitserfolgen und -zielen k\u00f6nnen Unternehmen das Interesse potenzieller Partner, Mitarbeiter und Innovatoren wecken und so M\u00f6glichkeiten f\u00fcr neue Produkte, Dienstleistungen und Gesch\u00e4ftsmodelle rund um Nachhaltigkeit er\u00f6ffnen.<\/li>\n<\/ul>\n\n\n\n<h2 class=\"wp-block-heading\">M\u00f6glichkeiten in der Nachhaltigkeitskommunikationsberatung f\u00fcr Unternehmen<\/h2>\n\n\n\n<p>Durch die Einbindung einer Nachhaltigkeitskommunikationsberatung er\u00f6ffnen sich f\u00fcr Unternehmen zahlreiche M\u00f6glichkeiten, ihren Ruf zu verbessern, Stakeholder effektiver einzubinden und ihre Nachhaltigkeitsagenda voranzutreiben. Hier sind einige der wichtigsten Chancen, die die Nachhaltigkeitskommunikationsberatung Unternehmen bietet:<\/p>\n\n\n\n<ul class=\"wp-block-list\">\n<li><strong>St\u00e4rkung des Markenwertes und der Reputation:<\/strong> Unternehmen k\u00f6nnen den Ruf ihrer Marke durch die effektive Kommunikation ihrer Nachhaltigkeitsbem\u00fchungen deutlich steigern. Diese verbesserte Wahrnehmung kann die Kundentreue erh\u00f6hen und Verbraucher anziehen, die bei ihren Kaufentscheidungen auf Nachhaltigkeit Wert legen.<\/li>\n\n\n\n<li><strong>Investitionen anziehen:<\/strong> Eine klare und glaubw\u00fcrdige Kommunikation von Nachhaltigkeitsinitiativen und -erfolgen kann die Aufmerksamkeit von Investoren erregen, die zunehmend nach Unternehmen mit starken Umwelt-, Sozial- und Governance-Kriterien (ESG) suchen. Dies kann neue Finanzierungsm\u00f6glichkeiten er\u00f6ffnen und das Unternehmenswachstum unterst\u00fctzen.<\/li>\n\n\n\n<li><strong>F\u00f6rderung des Mitarbeiterengagements und der Gewinnung von Talenten:<\/strong> Ein starkes Nachhaltigkeitsnarrativ, das effektiv kommuniziert wird, kann die Arbeitsmoral der Mitarbeiter steigern und Top-Talente anziehen. Menschen m\u00f6chten f\u00fcr Unternehmen arbeiten, die ihre Werte widerspiegeln, und Nachhaltigkeit ist f\u00fcr Arbeitssuchende eine zunehmend wichtige \u00dcberlegung.<\/li>\n\n\n\n<li><strong>Verbesserung der Kundenbindung:<\/strong> Eine Beratung zur Nachhaltigkeitskommunikation kann Unternehmen dabei helfen, eine sinnvollere Beziehung zu ihren Kunden aufzubauen. Indem sie Geschichten \u00fcber Nachhaltigkeitsinitiativen teilen und Kunden zur Teilnahme auffordern, k\u00f6nnen Unternehmen st\u00e4rkere und engagiertere Communities rund um ihre Marken aufbauen.<\/li>\n\n\n\n<li><strong>Marktchancen erkennen:<\/strong> Berater k\u00f6nnen Einblicke in aufkommende Nachhaltigkeitstrends und Kundenerwartungen geben und Unternehmen dabei helfen, neue Marktchancen zu erkennen. Dies k\u00f6nnte die Entwicklung neuer Produkte, die Erschlie\u00dfung neuer M\u00e4rkte oder die Innovation bestehender Angebote umfassen, um der wachsenden Nachfrage nach nachhaltigen Optionen gerecht zu werden.<\/li>\n<\/ul>\n\n\n\n<h2 class=\"wp-block-heading\">Was zeichnet SIS Sustainability Communications Consulting aus?<\/h2>\n\n\n\n<figure class=\"gb-block-image gb-block-image-4dc86155\"><img loading=\"lazy\" decoding=\"async\" width=\"1456\" height=\"816\" class=\"gb-image gb-image-4dc86155\" src=\"https:\/\/www.sisinternational.com\/wp-content\/uploads\/2025\/08\/Sustainability-7.jpg\" alt=\"SIS International Marktforschung &amp; Strategie\" title=\"Sustainability (7)\" srcset=\"https:\/\/www.sisinternational.com\/wp-content\/uploads\/2025\/08\/Sustainability-7.jpg 1456w, https:\/\/www.sisinternational.com\/wp-content\/uploads\/2025\/08\/Sustainability-7-300x168.jpg 300w, https:\/\/www.sisinternational.com\/wp-content\/uploads\/2025\/08\/Sustainability-7-1024x574.jpg 1024w, https:\/\/www.sisinternational.com\/wp-content\/uploads\/2025\/08\/Sustainability-7-768x430.jpg 768w, https:\/\/www.sisinternational.com\/wp-content\/uploads\/2025\/08\/Sustainability-7-18x10.jpg 18w\" sizes=\"auto, (max-width: 1456px) 100vw, 1456px\"><\/figure>\n\n\n\n<p><\/p>\n\n\n\n<p><a class=\"wpil_keyword_link\" href=\"https:\/\/www.sisinternational.com\/de\/kontaktieren-sie-sis-international-market-research\/\"   title=\"Kontaktiere uns\" data-wpil-keyword-link=\"linked\"  data-wpil-monitor-id=\"600\">SIS International Forschung<\/a> stands out in sustainability communications consulting due to its unique approach that combines strategic insight, deep sustainability expertise, and a commitment to authentic storytelling. Here\u2019s what sets SIS\u2019s sustainability communications consulting services apart:<\/p>\n\n\n\n<ul class=\"wp-block-list\">\n<li><strong>Ma\u00dfgeschneiderte strategische Rahmenbedingungen:<\/strong> SIS ist sich bewusst, dass der Weg jedes Unternehmens zur Nachhaltigkeit einzigartig ist. Daher entwickelt SIS ma\u00dfgeschneiderte Kommunikationsstrategien, die auf die spezifischen Ziele, Werte und Herausforderungen jedes Kunden abgestimmt sind. Dieser ma\u00dfgeschneiderte Ansatz stellt sicher, dass die Nachhaltigkeitskommunikation effektiv ist und bei den Zielpublika gro\u00dfen Anklang findet.<\/li>\n\n\n\n<li><strong>Umfassende Nachhaltigkeitskompetenz:<\/strong> Mit einem Team von Experten, die auf verschiedene Aspekte der Nachhaltigkeit spezialisiert sind, bringt SIS eine F\u00fclle von Wissen in seine Beratungsdienste ein. Dank dieser Expertise kann SIS fundierte Beratung zu Best Practices, neuen Trends und gesetzlichen Anforderungen bieten und so sicherstellen, dass die Nachhaltigkeitskommunikation der Kunden glaubw\u00fcrdig und zukunftsorientiert ist.<\/li>\n\n\n\n<li><strong>Authentisches Geschichtenerz\u00e4hlen:<\/strong> Im Mittelpunkt des SIS-Ansatzes steht die Verpflichtung zu authentischem Storytelling. SIS hilft Unternehmen dabei, ihre Nachhaltigkeitsnarrative authentisch und transparent zu artikulieren und so Vertrauen und Glaubw\u00fcrdigkeit bei den Stakeholdern zu f\u00f6rdern. Dazu geh\u00f6rt das Hervorheben echter Erfolge, das Anerkennen von Herausforderungen und das Aufzeigen kontinuierlicher Verbesserungsbem\u00fchungen.<\/li>\n\n\n\n<li><strong>Umfassende Einbindung aller Stakeholder:<\/strong> SIS ist sich der Bedeutung der Sichtweisen der Stakeholder bewusst und setzt umfassende Engagement-Strategien ein, um Erkenntnisse verschiedener Stakeholder zu gewinnen. Dieser integrative Ansatz stellt sicher, dass die Nachhaltigkeitskommunikation die Anliegen und Interessen aller Stakeholdergruppen ber\u00fccksichtigt und so die Wirkung und Reichweite der Botschaft erh\u00f6ht.<\/li>\n\n\n\n<li><strong>Innovative Kommunikationsl\u00f6sungen:<\/strong> SIS nutzt die neuesten Technologien und Kommunikationsplattformen, um die Nachhaltigkeitsbotschaften seiner Kunden zu verst\u00e4rken. Von digitalen Medien bis hin zu interaktiven Berichten setzt SIS innovative L\u00f6sungen ein, um das Publikum einzubeziehen und Nachhaltigkeitsinitiativen zug\u00e4nglicher und \u00fcberzeugender zu machen.<\/li>\n\n\n\n<li><strong>Risikomanagement und Compliance:<\/strong> SIS bietet fachkundige Beratung zum Umgang mit den mit Greenwashing verbundenen Risiken und stellt sicher, dass die Nachhaltigkeitskommunikation der Kunden internationalen Standards und Vorschriften entspricht. Dieser Fokus auf das Risikomanagement sch\u00fctzt die Kunden vor m\u00f6glichen negativen Reaktionen und st\u00e4rkt ihren Ruf als Vorreiter in Sachen Nachhaltigkeit.<\/li>\n\n\n\n<li><strong>Laufende Unterst\u00fctzung und Messung:<\/strong> Da sich Nachhaltigkeit und die Erwartungen der Stakeholder st\u00e4ndig weiterentwickeln, bietet SIS fortlaufende Unterst\u00fctzung und Messdienste zur Beurteilung der Wirksamkeit von Kommunikationsstrategien an. Dies erm\u00f6glicht eine kontinuierliche Verbesserung und stellt sicher, dass die Nachhaltigkeitskommunikation im Laufe der Zeit relevant und wirkungsvoll bleibt.<\/li>\n<\/ul>\n\n\n\n<h2 class=\"wp-block-heading\"><strong>\u00dcber SIS International<\/strong><\/h2>\n\n\n\n<p><a href=\"https:\/\/www.sisinternational.com\/de\/\"><span style=\"font-weight: 400;\">SIS International<\/span><\/a><span style=\"font-weight: 400;\"> bietet quantitative, qualitative und strategische Forschung an. Wir liefern Daten, Tools, Strategien, Berichte und Erkenntnisse zur Entscheidungsfindung. Wir f\u00fchren auch Interviews, Umfragen, Fokusgruppen und andere Methoden und Ans\u00e4tze der Marktforschung durch.<\/span><a href=\"https:\/\/www.sisinternational.com\/de\/uber-sis-international-research\/contact-sis-international-market-research\/\"><span style=\"font-weight: 400;\"> Kontakt<\/span><\/a><span style=\"font-weight: 400;\"> f\u00fcr Ihr n\u00e4chstes Marktforschungsprojekt.<\/span><\/p>\n\n\n\n<p><\/p>","protected":false},"excerpt":{"rendered":"<p>Eine Beratung zur Nachhaltigkeitskommunikation unterst\u00fctzt Unternehmen dabei, ihre Nachhaltigkeitsbem\u00fchungen ihrem Zielpublikum mitzuteilen.<\/p>","protected":false},"author":1,"featured_media":62757,"parent":14567,"menu_order":43,"comment_status":"closed","ping_status":"closed","template":"","meta":{"footnotes":""},"class_list":["post-46613","page","type-page","status-publish","has-post-thumbnail"],"_links":{"self":[{"href":"https:\/\/www.sisinternational.com\/de\/wp-json\/wp\/v2\/pages\/46613","targetHints":{"allow":["GET"]}}],"collection":[{"href":"https:\/\/www.sisinternational.com\/de\/wp-json\/wp\/v2\/pages"}],"about":[{"href":"https:\/\/www.sisinternational.com\/de\/wp-json\/wp\/v2\/types\/page"}],"author":[{"embeddable":true,"href":"https:\/\/www.sisinternational.com\/de\/wp-json\/wp\/v2\/users\/1"}],"replies":[{"embeddable":true,"href":"https:\/\/www.sisinternational.com\/de\/wp-json\/wp\/v2\/comments?post=46613"}],"version-history":[{"count":10,"href":"https:\/\/www.sisinternational.com\/de\/wp-json\/wp\/v2\/pages\/46613\/revisions"}],"predecessor-version":[{"id":78938,"href":"https:\/\/www.sisinternational.com\/de\/wp-json\/wp\/v2\/pages\/46613\/revisions\/78938"}],"up":[{"embeddable":true,"href":"https:\/\/www.sisinternational.com\/de\/wp-json\/wp\/v2\/pages\/14567"}],"wp:featuredmedia":[{"embeddable":true,"href":"https:\/\/www.sisinternational.com\/de\/wp-json\/wp\/v2\/media\/62757"}],"wp:attachment":[{"href":"https:\/\/www.sisinternational.com\/de\/wp-json\/wp\/v2\/media?parent=46613"}],"curies":[{"name":"wp","href":"https:\/\/api.w.org\/{rel}","templated":true}]}}