{"id":46603,"date":"2024-03-01T11:45:19","date_gmt":"2024-03-01T16:45:19","guid":{"rendered":"https:\/\/www.sisinternational.com\/?page_id=46603"},"modified":"2026-01-19T23:24:20","modified_gmt":"2026-01-20T04:24:20","slug":"neue-segmente-marktforschung-strategieberatung","status":"publish","type":"page","link":"https:\/\/www.sisinternational.com\/de\/losungen\/strategieberatung\/neue-segmente-marktforschung-strategieberatung\/","title":{"rendered":"New Segments Consulting"},"content":{"rendered":"<h1 class=\"wp-block-heading\">New Segments Consulting<\/h1>\n\n\n\n<figure class=\"gb-block-image gb-block-image-9af3dd2a\"><img loading=\"lazy\" decoding=\"async\" width=\"1456\" height=\"816\" class=\"gb-image gb-image-9af3dd2a\" src=\"https:\/\/www.sisinternational.com\/wp-content\/uploads\/2025\/10\/New-Segments-2.jpg\" alt=\"SIS International Marktforschung &amp; Strategie\" title=\"New Segments (2)\" srcset=\"https:\/\/www.sisinternational.com\/wp-content\/uploads\/2025\/10\/New-Segments-2.jpg 1456w, https:\/\/www.sisinternational.com\/wp-content\/uploads\/2025\/10\/New-Segments-2-300x168.jpg 300w, https:\/\/www.sisinternational.com\/wp-content\/uploads\/2025\/10\/New-Segments-2-1024x574.jpg 1024w, https:\/\/www.sisinternational.com\/wp-content\/uploads\/2025\/10\/New-Segments-2-768x430.jpg 768w, https:\/\/www.sisinternational.com\/wp-content\/uploads\/2025\/10\/New-Segments-2-18x10.jpg 18w\" sizes=\"auto, (max-width: 1456px) 100vw, 1456px\"><\/figure>\n\n\n\n<p><\/p>\n\n\n\n<p>In der dynamischen Gesch\u00e4ftswelt ist das Verst\u00e4ndnis der Feinheiten des Verbraucherverhaltens und der Markttrends von gr\u00f6\u00dfter Bedeutung f\u00fcr den Erfolg. Aber was passiert, wenn herk\u00f6mmliche Methoden nicht mehr ausreichen? Wie entdeckt man neue Segmente und M\u00f6glichkeiten? Marktforschung und Strategieberatung f\u00fcr neue Marktsegmente bieten sehr effektive Tools, um neue Marktsegmente zu entdecken, die Unternehmen weltweit nutzen k\u00f6nnen.<\/p>\n\n\n\n<h2 class=\"wp-block-heading\">Neue Segmente verstehen Marktforschung und Strategieberatung<\/h2>\n\n\n\n<p>New segments <a class=\"wpil_keyword_link\" href=\"https:\/\/www.sisinternational.com\/de\/veroffentlichungen\/\"   title=\"Ver\u00f6ffentlichungen\" data-wpil-keyword-link=\"linked\"  data-wpil-monitor-id=\"601\">Marktforschung<\/a> and strategy consulting involve a comprehensive analysis of demographic data, consumer behavior patterns, and emerging trends across different regions and socio-economic strata. It identifies untapped market opportunities, niche consumer segments, and innovative pathways for growth.<\/p>\n\n\n\n<p>Die Entdeckung neuer Segmente geht \u00fcber das traditionelle demografische Profiling hinaus und umfasst psychografische Segmentierung, Lebensstilanalyse und pr\u00e4diktive Modellierung. Unternehmen k\u00f6nnen dadurch die Bed\u00fcrfnisse, W\u00fcnsche und Probleme ihrer Kunden besser verstehen und ihre Produkte, Dienstleistungen und Marketingstrategien effektiver anpassen.<\/p>\n\n\n\n<h2 class=\"wp-block-heading\">Bedeutung neuer Segmente Marktforschung und Strategieberatung<\/h2>\n\n\n\n<p>Durch Marktforschung und Strategieberatung f\u00fcr neue Segmente k\u00f6nnen Unternehmen ihren Kundenstamm diversifizieren und bisher unerschlossene M\u00e4rkte erschlie\u00dfen. Durch die Identifizierung neuer Trends und Nischensegmente k\u00f6nnen Unternehmen ihre Reichweite erweitern und die Risiken mindern, die mit einer \u00fcberm\u00e4\u00dfigen Abh\u00e4ngigkeit von bestehenden Kundensegmenten verbunden sind.<br>Zweitens erm\u00f6glicht die Entdeckung neuer Segmente Unternehmen, innovativ zu sein und sich auf einem \u00fcberf\u00fcllten Markt zu differenzieren. Durch das Verst\u00e4ndnis der individuellen Bed\u00fcrfnisse und Vorlieben verschiedener Verbrauchersegmente k\u00f6nnen Unternehmen ma\u00dfgeschneiderte Produkte, Dienstleistungen und Marketingstrategien entwickeln, die bei ihrer Zielgruppe Anklang finden.<\/p>\n\n\n\n<p>Moreover, it facilitates strategic decision-making by providing actionable <a href=\"https:\/\/www.sisinternational.com\/de\/global-beverage-market\/\" title=\"Global Beverage Market: Market Dynamics, Growth Projections &amp; Consumer Insights\"  data-wpil-monitor-id=\"10367\">insights into market dynamics<\/a>, competitive landscapes, and growth opportunities. But, it brings several other benefits for businesses, including:<\/p>\n\n\n\n<ul class=\"wp-block-list\">\n<li><strong>Enhanced <\/strong><a href=\"https:\/\/www.sisinternational.com\/de\/losungen\/qualitative-quantitative-forschungslosungen\/chaid-analyse-marktforschung\/\" title=\"CHAID Analyse Marktforschung\"  data-wpil-monitor-id=\"10379\">Market Understanding: Through comprehensive analysis<\/a> and segmentation, businesses gain a deeper understanding of their target audience, including their preferences, behaviors, and needs. This insight enables businesses to develop more targeted and effective marketing strategies, <a href=\"https:\/\/www.sisinternational.com\/de\/verbesserung-der-kundenbeziehungen\/\" title=\"So steigern Sie die Kundenzufriedenheit und begeistern unzufriedene Kunden\"  data-wpil-monitor-id=\"10369\">improving customer engagement and satisfaction<\/a>.<\/li>\n\n\n\n<li><strong>Erh\u00f6hte Wettbewerbsf\u00e4higkeit:<\/strong> Uncovering new segments allows businesses to stay ahead of competitors by identifying <a href=\"https:\/\/www.sisinternational.com\/de\/losungen\/sis-globales-wachstum\/strategieberatung-fur-schwellenmarkte\/\" title=\"Strategieberatung f\u00fcr Schwellenm\u00e4rkte\"  data-wpil-monitor-id=\"10382\">emerging trends and niche markets<\/a> before they become mainstream. By proactively addressing the needs of these segments, businesses can differentiate themselves in the market and gain a competitive edge.<\/li>\n\n\n\n<li><strong>Umsatzwachstum:<\/strong> Targeting new segments opens up additional revenue streams for businesses, driving growth and expansion. By diversifying their customer base, businesses can reduce their dependence on existing <a href=\"https:\/\/www.sisinternational.com\/de\/losungen\/fintech-strategieberatung-forschung\/kapitalmarktmarktforschung\/\" title=\"Kapitalmarktforschung\"  data-wpil-monitor-id=\"10376\">markets and capitalize<\/a> on new opportunities for revenue generation.<\/li>\n\n\n\n<li><strong>Innovation und Anpassungsf\u00e4higkeit:<\/strong> Marktforschung und Strategieberatung f\u00fcr neue Segmente f\u00f6rdern Innovation und Anpassungsf\u00e4higkeit, indem sie Unternehmen dazu anregen, \u00fcber den Tellerrand zu blicken und neue Wachstumswege zu erkunden. Indem sie Ver\u00e4nderungen annehmen und mit neuen Ideen experimentieren, k\u00f6nnen Unternehmen flexibel bleiben und auf sich ver\u00e4ndernde Marktdynamiken reagieren.<\/li>\n\n\n\n<li><strong>Langfristige Nachhaltigkeit:<\/strong> Die Erschlie\u00dfung neuer Segmente f\u00f6rdert die langfristige Nachhaltigkeit, indem sie Unternehmen f\u00fcr weiteres Wachstum und Relevanz auf dem Markt positioniert. Indem sie auf die sich \u00e4ndernden Verbraucherpr\u00e4ferenzen und Markttrends eingehen, k\u00f6nnen Unternehmen ihre Gesch\u00e4ftst\u00e4tigkeit zukunftssicher machen und anhaltenden Erfolg sicherstellen.<\/li>\n<\/ul>\n\n\n\n<h2 class=\"wp-block-heading\">Wann sollten Marktforschung und Strategieberatung f\u00fcr neue Segmente durchgef\u00fchrt werden?<\/h2>\n\n\n\n<figure class=\"gb-block-image gb-block-image-c7259a25\"><img loading=\"lazy\" decoding=\"async\" width=\"1456\" height=\"816\" class=\"gb-image gb-image-c7259a25\" src=\"https:\/\/www.sisinternational.com\/wp-content\/uploads\/2025\/10\/New-Segments-1.jpg\" alt=\"SIS International Marktforschung &amp; Strategie\" title=\"New Segments (1)\" srcset=\"https:\/\/www.sisinternational.com\/wp-content\/uploads\/2025\/10\/New-Segments-1.jpg 1456w, https:\/\/www.sisinternational.com\/wp-content\/uploads\/2025\/10\/New-Segments-1-300x168.jpg 300w, https:\/\/www.sisinternational.com\/wp-content\/uploads\/2025\/10\/New-Segments-1-1024x574.jpg 1024w, https:\/\/www.sisinternational.com\/wp-content\/uploads\/2025\/10\/New-Segments-1-768x430.jpg 768w, https:\/\/www.sisinternational.com\/wp-content\/uploads\/2025\/10\/New-Segments-1-18x10.jpg 18w\" sizes=\"auto, (max-width: 1456px) 100vw, 1456px\"><\/figure>\n\n\n\n<p><\/p>\n\n\n\n<p>Die Bestimmung des richtigen Zeitpunkts f\u00fcr die Durchf\u00fchrung von Marktforschung und Strategieberatung f\u00fcr neue Segmente h\u00e4ngt von mehreren Faktoren ab, darunter:<\/p>\n\n\n\n<ul class=\"wp-block-list\">\n<li><strong>Markts\u00e4ttigung:<\/strong> Wenn der Markt zunehmend ges\u00e4ttigt oder wettbewerbsintensiv wird, m\u00fcssen Unternehmen m\u00f6glicherweise neue Segmente erschlie\u00dfen, um ihr Wachstum aufrechtzuerhalten und ihren Wettbewerbsvorteil zu wahren.<\/li>\n\n\n\n<li><strong>Ver\u00e4nderte Verbrauchertrends:<\/strong> Ver\u00e4nderungen im Verbraucherverhalten, in den Pr\u00e4ferenzen oder in der Demografie k\u00f6nnen f\u00fcr Unternehmen ein Hinweis darauf sein, dass sie ihren Zielmarkt neu bewerten und neue Segmente erkunden m\u00fcssen, die den sich entwickelnden Trends entsprechen.<\/li>\n\n\n\n<li><strong>Strategische Planungszyklen:<\/strong> Viele Unternehmen f\u00fchren Marktforschung und Strategieberatung als Teil ihrer strategischen Planungszyklen durch, die j\u00e4hrlich, halbj\u00e4hrlich oder je nach Bedarf auf der Grundlage interner und externer Faktoren erfolgen k\u00f6nnen.<\/li>\n\n\n\n<li><strong>Als Reaktion auf Herausforderungen oder Chancen:<\/strong> Unternehmen k\u00f6nnen auch Marktforschung und Strategieberatung als Reaktion auf bestimmte Herausforderungen oder Chancen initiieren, die durch die kontinuierliche \u00dcberwachung der Marktbedingungen, des Kundenfeedbacks oder der Aktivit\u00e4ten der Konkurrenz identifiziert werden.<\/li>\n<\/ul>\n\n\n\n<h2 class=\"wp-block-heading\">Erwartete Ergebnisse aus unseren neuen Segmenten Marktforschung und Strategieberatung<\/h2>\n\n\n\n<p>Die Durchf\u00fchrung von Marktforschung und Strategieberatung in neuen Marktsegmenten zur Erschlie\u00dfung neuer Segmente kann f\u00fcr Unternehmen zu einer Reihe von Ergebnissen f\u00fchren, beispielsweise:<\/p>\n\n\n\n<ul class=\"wp-block-list\">\n<li><strong>Identifizierung ungenutzter Marktchancen:<\/strong> Durch die Erschlie\u00dfung neuer Segmente k\u00f6nnen Unternehmen ungenutzte Marktchancen und Nischenkundensegmente identifizieren, die bisher \u00fcbersehen oder unterversorgt wurden. Dies kann zur Entwicklung gezielter Produkte, Dienstleistungen und Marketingstrategien f\u00fchren, die bei diesen Segmenten Anklang finden und so Umsatzwachstum und Marktexpansion f\u00f6rdern.<\/li>\n\n\n\n<li><strong>Verbessertes Kundenverst\u00e4ndnis:<\/strong> Durch Marktforschung und Strategieberatung f\u00fcr neue Segmente erhalten Unternehmen ein tieferes Verst\u00e4ndnis ihrer Zielgruppe, einschlie\u00dflich ihrer Bed\u00fcrfnisse, Vorlieben und Schwachstellen. Dieses verbesserte Kundenverst\u00e4ndnis erm\u00f6glicht es Unternehmen, ihre Angebote effektiver anzupassen und so die Kundenzufriedenheit, Loyalit\u00e4t und Bindung zu erh\u00f6hen.<\/li>\n\n\n\n<li><strong>Verbesserter Wettbewerbsvorteil:<\/strong> Durch die Erschlie\u00dfung neuer Segmente k\u00f6nnen sich Unternehmen von der Konkurrenz abheben und sich einen Wettbewerbsvorteil auf dem Markt verschaffen. Indem sie Nischensegmente gezielt ansprechen und einzigartige Wertangebote machen, k\u00f6nnen sich Unternehmen eine klare Marktposition erarbeiten und Marktanteile effektiver gewinnen.<\/li>\n\n\n\n<li><strong>Innovative Produktentwicklung:<\/strong> Marktforschung und Strategieberatung f\u00fcr neue Segmente k\u00f6nnen Innovationen anregen, indem sie unerf\u00fcllte Bed\u00fcrfnisse oder aufkommende Trends in neuen Segmenten aufdecken. Diese Erkenntnisse k\u00f6nnen die Produktentwicklung unterst\u00fctzen und zur Schaffung innovativer L\u00f6sungen f\u00fchren, die den sich entwickelnden Kundenanforderungen und -pr\u00e4ferenzen gerecht werden.<\/li>\n\n\n\n<li><strong>Optimized <\/strong><a href=\"https:\/\/www.sisinternational.com\/de\/losungen\/fintech-strategieberatung-forschung\/betriebsunterbrechungsversicherung-marktforschung-strategieberatung\/\" title=\"Marktforschung und Strategieberatung zur Betriebsunterbrechungsversicherung\"  data-wpil-monitor-id=\"10365\">Marketing Strategies: Businesses<\/a> can develop more targeted and personalized marketing strategies with a deeper understanding of target segments. This can result in higher conversion rates, improved marketing ROI, and stronger brand affinity among target audiences.<\/li>\n<\/ul>\n\n\n\n<h2 class=\"wp-block-heading\">Der SIS-Ansatz f\u00fcr neue Segmente Marktforschung und Strategieberatung<\/h2>\n\n\n\n<figure class=\"gb-block-image gb-block-image-08ddbb08\"><img loading=\"lazy\" decoding=\"async\" width=\"1456\" height=\"816\" class=\"gb-image gb-image-08ddbb08\" src=\"https:\/\/www.sisinternational.com\/wp-content\/uploads\/2025\/10\/New-Segments-3.jpg\" alt=\"SIS International Marktforschung &amp; Strategie\" title=\"New Segments (3)\" srcset=\"https:\/\/www.sisinternational.com\/wp-content\/uploads\/2025\/10\/New-Segments-3.jpg 1456w, https:\/\/www.sisinternational.com\/wp-content\/uploads\/2025\/10\/New-Segments-3-300x168.jpg 300w, https:\/\/www.sisinternational.com\/wp-content\/uploads\/2025\/10\/New-Segments-3-1024x574.jpg 1024w, https:\/\/www.sisinternational.com\/wp-content\/uploads\/2025\/10\/New-Segments-3-768x430.jpg 768w, https:\/\/www.sisinternational.com\/wp-content\/uploads\/2025\/10\/New-Segments-3-18x10.jpg 18w\" sizes=\"auto, (max-width: 1456px) 100vw, 1456px\"><\/figure>\n\n\n\n<p><\/p>\n\n\n\n<p>Bei SIS sind wir bestrebt, wirkungsvolle L\u00f6sungen zu liefern, die nachhaltiges Wachstum und Wertsch\u00f6pfung f\u00fcr unsere Kunden f\u00f6rdern. Unser Ansatz umfasst mehrere Schl\u00fcsselprinzipien:<\/p>\n\n\n\n<ul class=\"wp-block-list\">\n<li><strong>Strategische Vorstellung:<\/strong> Wir beginnen mit der Entwicklung einer strategischen Vision, die mit den \u00fcbergeordneten Gesch\u00e4ftszielen und Wachstumsambitionen unserer Kunden \u00fcbereinstimmt. Dazu geh\u00f6rt eine gr\u00fcndliche Analyse der Marktdynamik, des Wettbewerbsumfelds und neuer Trends, um M\u00f6glichkeiten zur Segmenterschlie\u00dfung und Markterweiterung zu identifizieren.<\/li>\n\n\n\n<li><strong>Innovative Methoden:<\/strong> Leveraging innovative methodologies and best practices, we employ quantitative and <a class=\"wpil_keyword_link\" href=\"https:\/\/www.sisinternational.com\/de\/losungen\/qualitative-quantitative-forschungslosungen\/\"   title=\"Qualitative &amp; Quantitative Forschungsl\u00f6sungen\" data-wpil-keyword-link=\"linked\"  data-wpil-monitor-id=\"602\">qualitative research<\/a> techniques to uncover new segments and insights. From data-driven analytics to ethnographic research, we tailor our approach to the unique needs and challenges of each client, ensuring actionable and relevant results.<\/li>\n\n\n\n<li><strong>Integration von Nachhaltigkeit:<\/strong> Nachhaltigkeit ist ein zentraler Aspekt unseres Ansatzes und spiegelt unser Engagement f\u00fcr positive soziale, \u00f6kologische und wirtschaftliche Auswirkungen wider. Wir erkunden M\u00f6glichkeiten, Segmente zu entdecken, die mit nachhaltigen Gesch\u00e4ftspraktiken in Einklang stehen, wie z. B. gr\u00fcner Konsum, ethische Beschaffung und Initiativen mit sozialer Wirkung.<\/li>\n\n\n\n<li><strong>Kooperationspartnerschaft:<\/strong> We believe in fostering collaborative partnerships with our clients, working closely with them throughout the <a href=\"https:\/\/www.sisinternational.com\/de\/\" title=\"Startseite\"  data-wpil-monitor-id=\"10363\">research and strategy<\/a> consulting process. By engaging stakeholders from diverse backgrounds and perspectives, we ensure that our solutions are holistic, inclusive, and aligned with our clients&#8217; values and goals.<\/li>\n\n\n\n<li><strong>Kontinuierliches Lernen und Verbesserung:<\/strong> Unser Ansatz ist iterativ und adaptiv und wird durch kontinuierliches Lernen und Verbesserung vorangetrieben. Wir bewerten regelm\u00e4\u00dfig die Wirksamkeit unserer Strategien und Methoden und ber\u00fccksichtigen Feedback und Erkenntnisse, um unseren Ansatz zu verfeinern und unseren Kunden den gr\u00f6\u00dftm\u00f6glichen Nutzen zu bieten.<\/li>\n<\/ul>\n\n\n\n<h2 class=\"wp-block-heading\">Chancen in neuen Segmenten Marktforschung und Strategieberatung f\u00fcr Unternehmen<\/h2>\n\n\n\n<p>Marktforschung und Strategieberatung f\u00fcr neue Segmente liefern die Erkenntnisse und die Orientierung, die f\u00fcr fundierte Entscheidungen erforderlich sind. Hier ist ein \u00dcberblick \u00fcber die M\u00f6glichkeiten in neuen Segmenten durch Marktforschung und Strategieberatung f\u00fcr Unternehmen:<\/p>\n\n\n\n<ul class=\"wp-block-list\">\n<li><strong>Wettbewerbsanalyse:<\/strong> Das Verst\u00e4ndnis des Wettbewerbsumfelds ist bei der Erschlie\u00dfung neuer Marktsegmente von entscheidender Bedeutung. Eine Strategieberatung kann die St\u00e4rken und Schw\u00e4chen, die Marktpositionierung und die Strategien der Konkurrenz analysieren, einen Ma\u00dfstab bieten und Bereiche identifizieren, in denen sich Ihr Unternehmen von der Konkurrenz abheben kann.<\/li>\n\n\n\n<li><strong>Innovation und Produktentwicklung:<\/strong> Erkenntnisse aus neuen Marktsegmenten k\u00f6nnen Innovationen anregen und zur Entwicklung neuer oder zur Verbesserung bestehender Produkte f\u00fchren. Marktforschung und Strategieberatung f\u00fcr neue Marktsegmente k\u00f6nnen den Innovationsprozess leiten und sicherstellen, dass neue Produkte den Marktanforderungen entsprechen und einen Wettbewerbsvorteil haben.<\/li>\n\n\n\n<li><strong>Lokalisierungsstrategien:<\/strong> For global expansion, understanding local market nuances is key. Market research can uncover cultural, economic, and regulatory differences affecting market entry. Strategy <a href=\"https:\/\/www.sisinternational.com\/de\/losungen\/strategieberatung\/strategieentwicklung-umsetzungsberatung\/\" title=\"Strategieentwicklung und Umsetzungsberatung\"  data-wpil-monitor-id=\"10372\">consulting can then assist in developing<\/a> localization strategies to adapt products, marketing efforts, and business operations to local contexts.<\/li>\n<\/ul>","protected":false},"excerpt":{"rendered":"<p>Die Marktforschung und Strategieberatung von New Segments analysiert demografische Daten, Verbraucherverhalten und neue Trends.<\/p>","protected":false},"author":1,"featured_media":71962,"parent":14567,"menu_order":42,"comment_status":"closed","ping_status":"closed","template":"","meta":{"footnotes":""},"class_list":["post-46603","page","type-page","status-publish","has-post-thumbnail"],"_links":{"self":[{"href":"https:\/\/www.sisinternational.com\/de\/wp-json\/wp\/v2\/pages\/46603","targetHints":{"allow":["GET"]}}],"collection":[{"href":"https:\/\/www.sisinternational.com\/de\/wp-json\/wp\/v2\/pages"}],"about":[{"href":"https:\/\/www.sisinternational.com\/de\/wp-json\/wp\/v2\/types\/page"}],"author":[{"embeddable":true,"href":"https:\/\/www.sisinternational.com\/de\/wp-json\/wp\/v2\/users\/1"}],"replies":[{"embeddable":true,"href":"https:\/\/www.sisinternational.com\/de\/wp-json\/wp\/v2\/comments?post=46603"}],"version-history":[{"count":8,"href":"https:\/\/www.sisinternational.com\/de\/wp-json\/wp\/v2\/pages\/46603\/revisions"}],"predecessor-version":[{"id":81709,"href":"https:\/\/www.sisinternational.com\/de\/wp-json\/wp\/v2\/pages\/46603\/revisions\/81709"}],"up":[{"embeddable":true,"href":"https:\/\/www.sisinternational.com\/de\/wp-json\/wp\/v2\/pages\/14567"}],"wp:featuredmedia":[{"embeddable":true,"href":"https:\/\/www.sisinternational.com\/de\/wp-json\/wp\/v2\/media\/71962"}],"wp:attachment":[{"href":"https:\/\/www.sisinternational.com\/de\/wp-json\/wp\/v2\/media?parent=46603"}],"curies":[{"name":"wp","href":"https:\/\/api.w.org\/{rel}","templated":true}]}}