{"id":46567,"date":"2024-02-28T18:11:01","date_gmt":"2024-02-28T23:11:01","guid":{"rendered":"https:\/\/www.sisinternational.com\/?page_id=46567"},"modified":"2026-01-26T18:52:15","modified_gmt":"2026-01-26T23:52:15","slug":"sme-fintech-market-research-and-strategy-consulting","status":"publish","type":"page","link":"https:\/\/www.sisinternational.com\/de\/solutions\/fintech-strategy-consulting-research\/sme-fintech-market-research-and-strategy-consulting\/","title":{"rendered":"KMU-Fintech-Marktforschung und Strategieberatung"},"content":{"rendered":"<h1 class=\"wp-block-heading\">KMU-Fintech-Marktforschung und Strategieberatung<\/h1>\n\n\n\n<figure class=\"gb-block-image gb-block-image-3d2828ce\"><img loading=\"lazy\" decoding=\"async\" width=\"1456\" height=\"816\" class=\"gb-image gb-image-3d2828ce\" src=\"https:\/\/www.sisinternational.com\/wp-content\/uploads\/2025\/10\/SME-Fintech-3.jpg\" alt=\"SIS International Market Research &amp; Strategy\" title=\"SME Fintech (3)\" srcset=\"https:\/\/www.sisinternational.com\/wp-content\/uploads\/2025\/10\/SME-Fintech-3.jpg 1456w, https:\/\/www.sisinternational.com\/wp-content\/uploads\/2025\/10\/SME-Fintech-3-300x168.jpg 300w, https:\/\/www.sisinternational.com\/wp-content\/uploads\/2025\/10\/SME-Fintech-3-1024x574.jpg 1024w, https:\/\/www.sisinternational.com\/wp-content\/uploads\/2025\/10\/SME-Fintech-3-768x430.jpg 768w, https:\/\/www.sisinternational.com\/wp-content\/uploads\/2025\/10\/SME-Fintech-3-18x10.jpg 18w\" sizes=\"auto, (max-width: 1456px) 100vw, 1456px\"><\/figure>\n\n\n\n<p><\/p>\n\n\n\n<hr class=\"wp-block-separator has-alpha-channel-opacity\"\/>\n\n\n\n<p>Nutzen kleine und mittlere Unternehmen (KMU) die M\u00f6glichkeiten der Finanztechnologie (Fintech) effektiv, um ihr Wachstum voranzutreiben? Angesichts der rasanten Entwicklung des digitalen Finanzwesens ist diese Frage immer dringlicher geworden. Marktforschung und Strategieberatung sind f\u00fcr KMU wichtige Instrumente, um ihr Wachstum voranzutreiben und ein tiefes Verst\u00e4ndnis des Marktes zu erlangen.<\/p>\n\n\n\n<h2 class=\"wp-block-heading\">Was ist Marktforschung und Strategieberatung im Bereich Fintech f\u00fcr KMU?<\/h2>\n\n\n\n<p>SME f<a href=\"https:\/\/sisaisolutions.com\/application-of-ai-in-fintech\/\" target=\"_blank\" rel=\"noopener\">intech market research<\/a> and strategy consulting assist small and medium-sized enterprises navigate the complex intersection of financial technology and business strategy. Consultants in this field provide invaluable insights and guidance to SMEs seeking to optimize their use of fintech solutions in payments, lending, insurance, or other domains.<\/p>\n\n\n\n<h2 class=\"wp-block-heading\">Warum ist Marktforschung und Strategieberatung f\u00fcr Fintech-KMU so wichtig?<\/h2>\n\n\n\n<p>First and foremost, conducting thorough SME <a class=\"wpil_keyword_link\" href=\"https:\/\/www.sisinternational.com\/de\/solutions\/strategy-consulting\/fintech-market-research\/\" title=\"FinTech-Marktforschung\" data-wpil-keyword-link=\"linked\" data-wpil-monitor-id=\"282\">Fintech-Marktforschung<\/a> and strategy consulting is essential for SMEs to understand the fintech landscape deeply, including emerging trends, key players, regulatory frameworks, and potential opportunities and threats.&nbsp;<\/p>\n\n\n\n<p>Moreover, consultants work closely with SMEs to develop customized <a href=\"https:\/\/www.sisinternational.com\/de\/solutions\/strategy-consulting\/scenario-planning\/\" title=\"Szenarioplanung Strategieberatung\" data-wpil-monitor-id=\"7110\">strategies<\/a> aligned with their business goals, financial capabilities, and risk tolerance.&nbsp;In any case, embarking on an SME <a href=\"https:\/\/www.sisinternational.com\/de\/fintech-market-research-trends\/\" title=\"Fintech-Marktforschung Trends\" data-wpil-monitor-id=\"2852\">Fintech-Marktforschung<\/a> and strategy consulting journey brings forth many benefits for businesses aiming to thrive in today&#8217;s digital age. Its benefits include:<\/p>\n\n\n\n<ul class=\"wp-block-list\">\n<li><strong>Informierte Entscheidungsfindung:<\/strong> Durch Marktforschung und Beratung erhalten KMU wertvolle Einblicke in Fintech-Trends und k\u00f6nnen so fundierte Entscheidungen hinsichtlich der Einf\u00fchrung und Investition in Technologien treffen.<\/li>\n\n\n\n<li><strong>Risikominderung:<\/strong> By identifying potential risks and regulatory challenges early on, <a href=\"https:\/\/www.sisinternational.com\/de\/solutions\/fintech-strategy-consulting-research\/fintech-go-to-market-consulting\/\" title=\"FinTech Go-To-Market Beratung\" data-wpil-monitor-id=\"5866\">consultants help SMEs navigate the fintech<\/a> landscape more effectively, minimizing the likelihood of costly setbacks.<\/li>\n\n\n\n<li><strong>Verbesserte Effizienz:<\/strong> Die Implementierung von durch Beratungsdienste empfohlenen Fintech-L\u00f6sungen rationalisiert Gesch\u00e4ftsprozesse, verbessert die betriebliche Effizienz und erm\u00f6glicht Kosteneinsparungen.<\/li>\n\n\n\n<li><strong>Wettbewerbsvorteil:<\/strong> Durch den strategischen Einsatz von Fintech verschaffen sich KMU einen Wettbewerbsvorteil und k\u00f6nnen ihre Angebote differenzieren, Kunden gewinnen und ihren Marktanteil vergr\u00f6\u00dfern.<\/li>\n<\/ul>\n\n\n\n<h2 class=\"wp-block-heading\">Wer nutzt KMU-Fintech-Marktforschung und Strategieberatung<\/h2>\n\n\n\n<figure class=\"wp-block-image\"><img decoding=\"async\" src=\"https:\/\/www.sisinternational.com\/wp-content\/uploads\/2025\/02\/Fintech-21.jpeg\" alt=\"SIS International Market Research &amp; Strategy\" class=\"wp-image-56164\"><\/figure>\n\n\n\n<p><\/p>\n\n\n\n<p><strong>Small and Medium-Sized Enterprises<\/strong> often need more resources and expertise to navigate the complex fintech landscape independently.&nbsp;<\/p>\n\n\n\n<p>Dar\u00fcber hinaus, <strong>Startups<\/strong> seeking to disrupt traditional financial services can leverage consulting services to refine their business models, identify market opportunities, and secure funding from investors. Similarly, <strong>financial Institutions<\/strong> such as banks and credit unions are increasingly turning to SME <a href=\"https:\/\/www.sisinternational.com\/de\/fintech-trends-2025\/\" title=\"FinTech Trends\" data-wpil-monitor-id=\"6648\">fintech market research and strategy<\/a> consulting to enhance their offerings and stay competitive.<\/p>\n\n\n\n<p><strong>Investors and Venture Capitalists<\/strong> looking to capitalize on the growing fintech market also rely on consulting firms for due diligence and market analysis before making investment decisions. Consultants provide insights into market trends, competitive landscapes, and potential risks.<\/p>\n\n\n\n<h2 class=\"wp-block-heading\">Erwartete Ergebnisse unserer KMU-Fintech-Marktforschung und Strategieberatung<\/h2>\n\n\n\n<figure class=\"gb-block-image gb-block-image-4c3ee88c\"><img loading=\"lazy\" decoding=\"async\" width=\"1456\" height=\"816\" class=\"gb-image gb-image-4c3ee88c\" src=\"https:\/\/www.sisinternational.com\/wp-content\/uploads\/2025\/10\/SME-Fintech-1.jpg\" alt=\"SIS International Market Research &amp; Strategy\" title=\"SME Fintech (1)\" srcset=\"https:\/\/www.sisinternational.com\/wp-content\/uploads\/2025\/10\/SME-Fintech-1.jpg 1456w, https:\/\/www.sisinternational.com\/wp-content\/uploads\/2025\/10\/SME-Fintech-1-300x168.jpg 300w, https:\/\/www.sisinternational.com\/wp-content\/uploads\/2025\/10\/SME-Fintech-1-1024x574.jpg 1024w, https:\/\/www.sisinternational.com\/wp-content\/uploads\/2025\/10\/SME-Fintech-1-768x430.jpg 768w, https:\/\/www.sisinternational.com\/wp-content\/uploads\/2025\/10\/SME-Fintech-1-18x10.jpg 18w\" sizes=\"auto, (max-width: 1456px) 100vw, 1456px\"><\/figure>\n\n\n\n<p><\/p>\n\n\n\n<p>Durch Marktforschung und Strategieberatung im Bereich Fintech f\u00fcr KMU k\u00f6nnen Unternehmen eine Reihe von Ergebnissen erzielen, darunter:<\/p>\n\n\n\n<ul class=\"wp-block-list\">\n<li><strong>Verbesserte Betriebseffizienz:<\/strong> Durch die Implementierung empfohlener Fintech-L\u00f6sungen k\u00f6nnen KMU ihre Betriebsabl\u00e4ufe rationalisieren, manuelle Prozesse automatisieren und den Verwaltungsaufwand reduzieren, was zu Kosteneinsparungen und einer h\u00f6heren Produktivit\u00e4t f\u00fchrt.<\/li>\n\n\n\n<li><strong>Verbessertes Kundenerlebnis:<\/strong> Leveraging fintech enables SMEs to offer innovative products and services tailored to meet their customers&#8217; evolving needs, leading to higher levels of customer satisfaction, loyalty, and retention.<\/li>\n\n\n\n<li><strong>Erh\u00f6hter Wettbewerbsvorteil:<\/strong> Indem sie den Fintech-Trends einen Schritt voraus sind und die digitale Transformation vorantreiben, k\u00f6nnen sich KMU von der Konkurrenz abheben, neue Kunden gewinnen und ihren Marktanteil vergr\u00f6\u00dfern.<\/li>\n\n\n\n<li><strong>Zugang zu neuen M\u00e4rkten:<\/strong> Fintech-L\u00f6sungen wie E-Commerce-Plattformen, digitale Zahlungssysteme und Mobile-Banking-Apps erleichtern den Zugang zu globalen M\u00e4rkten und erm\u00f6glichen es KMU, Kunden jenseits traditioneller geografischer Grenzen zu erreichen.<\/li>\n\n\n\n<li><strong>Risikominimierung und Compliance:<\/strong> Through strategic consulting, SMEs can navigate regulatory challenges and mitigate compliance risks associated with fintech adoption.\u00a0<\/li>\n<\/ul>\n\n\n\n<h2 class=\"wp-block-heading\">Chancen in der KMU-Fintech-Marktforschung und Strategieberatung f\u00fcr Unternehmen<\/h2>\n\n\n\n<p>Die Erkundung von M\u00f6glichkeiten in der Marktforschung und Strategieberatung f\u00fcr Fintech-Unternehmen im KMU-Bereich er\u00f6ffnet viele M\u00f6glichkeiten f\u00fcr den Erfolg und die Weiterentwicklung der Unternehmen:<\/p>\n\n\n\n<ul class=\"wp-block-list\">\n<li><strong>Markterweiterung:<\/strong> Berater unterst\u00fctzen KMU dabei, Fintech-L\u00f6sungen zu nutzen, um ihre Marktreichweite zu erweitern und neue Kundensegmente und geografische M\u00e4rkte zu erschlie\u00dfen, die \u00fcber herk\u00f6mmliche Kan\u00e4le bislang nicht zug\u00e4nglich waren.<\/li>\n\n\n\n<li><strong>Produktinnovation:<\/strong> Durch Marktforschung und Strategieberatung k\u00f6nnen KMU Fintech nutzen, um ihr Produktangebot zu erneuern und neue Features, Funktionen und Mehrwertdienste einzuf\u00fchren, die bei den Kunden Anklang finden und sie von der Konkurrenz abheben.<\/li>\n\n\n\n<li><strong>Betriebseffizienz:<\/strong> Fintech-L\u00f6sungen rationalisieren interne Prozesse, automatisieren wiederkehrende Aufgaben und optimieren die Ressourcenzuweisung, was zu einer h\u00f6heren Betriebseffizienz, geringeren Kosten und einem verbesserten Endergebnis f\u00fchrt.<\/li>\n\n\n\n<li><strong>Risikomanagement:<\/strong> Berater helfen kleinen und mittleren Unternehmen (KMU) dabei, sich in der regulatorischen Komplexit\u00e4t zurechtzufinden und die mit der Einf\u00fchrung von Fintech verbundenen Risiken zu mindern. Sie sorgen f\u00fcr die Einhaltung gesetzlicher Anforderungen und sch\u00fctzen vor potenziellen Bedrohungen der Gesch\u00e4ftskontinuit\u00e4t.<\/li>\n\n\n\n<li><strong>Partnerschaftsm\u00f6glichkeiten:<\/strong> Beratungsfirmen f\u00f6rdern strategische Partnerschaften und Kooperationen zwischen KMU und Fintech-Anbietern und erm\u00f6glichen so den Zugang zu innovativen Technologien, gemeinsamen Ressourcen und neuen Einnahmequellen.<\/li>\n<\/ul>\n\n\n\n<h2 class=\"wp-block-heading\">Herausforderungen der KMU-Fintech-Marktforschung und Strategieberatung f\u00fcr Unternehmen<\/h2>\n\n\n\n<p>Trotz der zahlreichen Chancen sind mit der Marktforschung und Strategieberatung f\u00fcr FinTech-KMU auch einige Herausforderungen verbunden, die die Unternehmen bew\u00e4ltigen m\u00fcssen. Dazu geh\u00f6ren:<\/p>\n\n\n\n<ul class=\"wp-block-list\">\n<li><strong>Komplexit\u00e4t der Fintech-Landschaft:<\/strong> Angesichts der rasanten technologischen Innovation und der zunehmenden Verbreitung von Fintech-L\u00f6sungen ist es f\u00fcr Unternehmen eine Herausforderung, sich in der komplexen Landschaft der Optionen zurechtzufinden, ihre Eignung zu beurteilen und die effektivsten L\u00f6sungen f\u00fcr ihre spezifischen Anforderungen zu finden.<\/li>\n\n\n\n<li><strong>Einhaltung gesetzlicher Vorschriften:<\/strong> Die Einhaltung sich entwickelnder regulatorischer Anforderungen stellt f\u00fcr Unternehmen, die Fintech-L\u00f6sungen einf\u00fchren, eine gro\u00dfe Herausforderung dar. Die Einhaltung regulatorischer Rahmenbedingungen, die Gew\u00e4hrleistung der Datensicherheit und die Minderung von Compliance-Risiken erfordern spezielles Fachwissen und Ressourcen.<\/li>\n\n\n\n<li><strong>Integration und Implementierung:<\/strong> Die Integration neuer Fintech-L\u00f6sungen in bestehende Systeme und Arbeitsabl\u00e4ufe kann komplex und zeitaufw\u00e4ndig sein. Unternehmen m\u00fcssen eine nahtlose Integration, Dateninteroperabilit\u00e4t und Benutzerakzeptanz sicherstellen, um die Vorteile der Einf\u00fchrung von Fintech voll auszusch\u00f6pfen.<\/li>\n\n\n\n<li><strong>Cybersicherheitsrisiken:<\/strong> Die zunehmende Digitalisierung bringt erh\u00f6hte Cybersicherheitsrisiken mit sich, darunter Datenlecks, Cyberangriffe und Betrug. Unternehmen m\u00fcssen robuste Cybersicherheitsma\u00dfnahmen implementieren, um vertrauliche Informationen, Kundendaten und Finanztransaktionen vor Sicherheitsbedrohungen zu sch\u00fctzen.<\/li>\n<\/ul>\n\n\n\n<h2 class=\"wp-block-heading\">Was zeichnet die Marktforschung und Strategieberatung f\u00fcr KMU-Fintechs von SIS aus?<\/h2>\n\n\n\n<figure class=\"gb-block-image gb-block-image-80ccc030\"><img loading=\"lazy\" decoding=\"async\" width=\"1456\" height=\"816\" class=\"gb-image gb-image-80ccc030\" src=\"https:\/\/www.sisinternational.com\/wp-content\/uploads\/2025\/10\/SME-Fintech-2.jpg\" alt=\"SIS International Market Research &amp; Strategy\" title=\"SME Fintech (2)\" srcset=\"https:\/\/www.sisinternational.com\/wp-content\/uploads\/2025\/10\/SME-Fintech-2.jpg 1456w, https:\/\/www.sisinternational.com\/wp-content\/uploads\/2025\/10\/SME-Fintech-2-300x168.jpg 300w, https:\/\/www.sisinternational.com\/wp-content\/uploads\/2025\/10\/SME-Fintech-2-1024x574.jpg 1024w, https:\/\/www.sisinternational.com\/wp-content\/uploads\/2025\/10\/SME-Fintech-2-768x430.jpg 768w, https:\/\/www.sisinternational.com\/wp-content\/uploads\/2025\/10\/SME-Fintech-2-18x10.jpg 18w\" sizes=\"auto, (max-width: 1456px) 100vw, 1456px\"><\/figure>\n\n\n\n<p><\/p>\n\n\n\n<p><a href=\"https:\/\/www.linkedin.com\/company\/sisinternationalresearch\/posts\/?feedView=all\" target=\"_blank\" rel=\"noopener\">SIS<\/a> SME fintech market research and strategy consulting stand out for several distinctive features that set it apart from traditional consulting approaches:<\/p>\n\n\n\n<ul class=\"wp-block-list\">\n<li><strong>Kundenorientierter Ansatz:<\/strong> SIS Consulting legt gro\u00dfen Wert darauf, die individuellen Bed\u00fcrfnisse, Herausforderungen und W\u00fcnsche jedes Kunden zu verstehen. Die Berater verfolgen einen ma\u00dfgeschneiderten Ansatz und entwickeln individuelle L\u00f6sungen, die auf die Gesch\u00e4ftsziele und Branchendynamik des Kunden abgestimmt sind.<\/li>\n\n\n\n<li><strong>Ganzheitliche Perspektive:<\/strong> Rather than focusing solely on technology or strategy in isolation, SIS consulting takes a holistic view of the client&#8217;s business, considering factors such as market trends, regulatory requirements, competitive landscape, and organizational culture.\u00a0<\/li>\n\n\n\n<li><strong>Innovative L\u00f6sungen:<\/strong> SIS consultants leverage cutting-edge fintech solutions and creative methodologies to drive business transformation and unlock new growth opportunities.\u00a0<\/li>\n\n\n\n<li><strong>Kooperationspartnerschaft:<\/strong> SIS-Experten f\u00f6rdern eine partnerschaftliche Zusammenarbeit zwischen Beratern und Kunden, die auf Vertrauen, Transparenz und offener Kommunikation basiert. Berater arbeiten w\u00e4hrend des gesamten Beratungsprozesses eng mit Kunden zusammen, holen Feedback ein, geben Erkenntnisse weiter und entwickeln gemeinsam L\u00f6sungen, die einen greifbaren Mehrwert bieten.<\/li>\n\n\n\n<li><strong>Langfristige Auswirkungen:<\/strong> SIS priorisiert L\u00f6sungen, die nachhaltige, langfristige Auswirkungen f\u00fcr Kunden haben. Die Berater konzentrieren sich auf den Aufbau von F\u00e4higkeiten, die F\u00f6rderung der Belastbarkeit und die F\u00f6rderung kontinuierlicher Verbesserungen, um sicherzustellen, dass die Kunden f\u00fcr den Erfolg in der sich st\u00e4ndig ver\u00e4ndernden Fintech-Landschaft gut aufgestellt sind.<\/li>\n<\/ul>\n\n\n\n<h2 class=\"wp-block-heading\">Unser Standort in New York<\/h2>\n\n\n\n<p>  <iframe loading=\"lazy\" src=\"https:\/\/www.google.com\/maps\/embed?pb=!1m18!1m12!1m3!1d3022.976188376966!2d-73.99130312499956!3d40.740549471389315!2m3!1f0!2f0!3f0!3m2!1i1024!2i768!4f13.1!3m3!1m2!1s0x89c259a15798c731%3A0xd695d09bdd495f25!2s11%20E%2022nd%20St%20FL%202%2C%20New%20York%2C%20NY%2010010%2C%20USA!5e0!3m2!1sen!2spe!4v1726171763526!5m2!1sen!2spe\" width=\"600\" height=\"450\" allowfullscreen=\"allowfullscreen\" data-mce-fragment=\"1\"><\/iframe>  <\/p>\n\n\n\n<h3 class=\"wp-block-heading\">11 E 22nd Street, Floor 2, New York, NY 10010 T: +1(212) 505-6805<\/h3>\n\n\n\n<hr class=\"wp-block-separator has-alpha-channel-opacity\"\/>\n\n\n\n<h2 class=\"wp-block-heading\"><span style=\"font-weight: 400;\">\u00dcber SIS International<\/span><\/h2>\n\n\n\n<p><a href=\"https:\/\/www.sisinternational.com\/de\/\"><span style=\"font-weight: 400;\">SIS International<\/span><\/a><span style=\"font-weight: 400;\"> bietet quantitative, qualitative und strategische Forschung an. Wir liefern Daten, Tools, Strategien, Berichte und Erkenntnisse zur Entscheidungsfindung. Wir f\u00fchren auch Interviews, Umfragen, Fokusgruppen und andere Methoden und Ans\u00e4tze der Marktforschung durch.<\/span><a href=\"https:\/\/www.sisinternational.com\/de\/about-sis-international-research\/contact-sis-international-market-research\/\"><span style=\"font-weight: 400;\"> Kontakt<\/span><\/a><span style=\"font-weight: 400;\"> f\u00fcr Ihr n\u00e4chstes Marktforschungsprojekt.<\/span><\/p>","protected":false},"excerpt":{"rendered":"<p>Die Marktforschung und Strategieberatung f\u00fcr Fintech-Unternehmen im KMU-Bereich unterst\u00fctzt KMU mit Fintech-Technologien und Unternehmen bei Markttrends und der Formulierung von Strategien.<\/p>","protected":false},"author":1,"featured_media":71806,"parent":27462,"menu_order":71,"comment_status":"closed","ping_status":"closed","template":"","meta":{"footnotes":""},"class_list":["post-46567","page","type-page","status-publish","has-post-thumbnail"],"_links":{"self":[{"href":"https:\/\/www.sisinternational.com\/de\/wp-json\/wp\/v2\/pages\/46567","targetHints":{"allow":["GET"]}}],"collection":[{"href":"https:\/\/www.sisinternational.com\/de\/wp-json\/wp\/v2\/pages"}],"about":[{"href":"https:\/\/www.sisinternational.com\/de\/wp-json\/wp\/v2\/types\/page"}],"author":[{"embeddable":true,"href":"https:\/\/www.sisinternational.com\/de\/wp-json\/wp\/v2\/users\/1"}],"replies":[{"embeddable":true,"href":"https:\/\/www.sisinternational.com\/de\/wp-json\/wp\/v2\/comments?post=46567"}],"version-history":[{"count":17,"href":"https:\/\/www.sisinternational.com\/de\/wp-json\/wp\/v2\/pages\/46567\/revisions"}],"predecessor-version":[{"id":80674,"href":"https:\/\/www.sisinternational.com\/de\/wp-json\/wp\/v2\/pages\/46567\/revisions\/80674"}],"up":[{"embeddable":true,"href":"https:\/\/www.sisinternational.com\/de\/wp-json\/wp\/v2\/pages\/27462"}],"wp:featuredmedia":[{"embeddable":true,"href":"https:\/\/www.sisinternational.com\/de\/wp-json\/wp\/v2\/media\/71806"}],"wp:attachment":[{"href":"https:\/\/www.sisinternational.com\/de\/wp-json\/wp\/v2\/media?parent=46567"}],"curies":[{"name":"wp","href":"https:\/\/api.w.org\/{rel}","templated":true}]}}