{"id":46563,"date":"2024-02-28T13:29:46","date_gmt":"2024-02-28T18:29:46","guid":{"rendered":"https:\/\/www.sisinternational.com\/?page_id=46563"},"modified":"2026-01-27T16:48:52","modified_gmt":"2026-01-27T21:48:52","slug":"esg-investor-marktforschung-strategieberatung","status":"publish","type":"page","link":"https:\/\/www.sisinternational.com\/de\/losungen\/strategieberatung\/esg-investor-marktforschung-strategieberatung\/","title":{"rendered":"ESG Investor Strategy Consulting"},"content":{"rendered":"<h1 class=\"wp-block-heading\">ESG Investor Strategy Consulting<\/h1>\n\n\n\n<figure class=\"gb-block-image gb-block-image-1f30b83f\"><img loading=\"lazy\" decoding=\"async\" width=\"1456\" height=\"816\" class=\"gb-image gb-image-1f30b83f\" src=\"https:\/\/www.sisinternational.com\/wp-content\/uploads\/2025\/10\/ESG-Investor-3.jpg\" alt=\"SIS International Marktforschung &amp; Strategie\" title=\"ESG Investor (3)\" srcset=\"https:\/\/www.sisinternational.com\/wp-content\/uploads\/2025\/10\/ESG-Investor-3.jpg 1456w, https:\/\/www.sisinternational.com\/wp-content\/uploads\/2025\/10\/ESG-Investor-3-300x168.jpg 300w, https:\/\/www.sisinternational.com\/wp-content\/uploads\/2025\/10\/ESG-Investor-3-1024x574.jpg 1024w, https:\/\/www.sisinternational.com\/wp-content\/uploads\/2025\/10\/ESG-Investor-3-768x430.jpg 768w, https:\/\/www.sisinternational.com\/wp-content\/uploads\/2025\/10\/ESG-Investor-3-18x10.jpg 18w\" sizes=\"auto, (max-width: 1456px) 100vw, 1456px\"><\/figure>\n\n\n\n<p><\/p>\n\n\n\n<p>In der heutigen, sich rasch entwickelnden Finanzlandschaft hat sich nachhaltiges Investieren als Eckpfeiler f\u00fcr Anleger herauskristallisiert, die ihre finanziellen Ziele mit Umwelt-, Sozial- und Governance-Aspekten (ESG) in Einklang bringen m\u00f6chten. Da ESG-Investitionen immer st\u00e4rker in den Fokus r\u00fccken, wenden sich Unternehmen daher zunehmend der Marktforschung und Strategieberatung f\u00fcr ESG-Investoren zu, um sich in diesem komplexen Terrain effektiv zurechtzufinden.<\/p>\n\n\n\n<h2 class=\"wp-block-heading\">ESG-Investorenmarktforschung und Strategieberatung verstehen<\/h2>\n\n\n\n<p>Die Marktforschung und Strategieberatung f\u00fcr ESG-Investoren untersucht verschiedene Umwelt-, Sozial- und Governance-Kriterien, um ihre Auswirkungen auf die Anlageperformance und das Risikomanagement zu bewerten. Durch gr\u00fcndliche Marktforschung identifizieren Berater aufkommende Trends, bewerten die Stimmung der Anleger und bewerten die Wettbewerbslandschaft im Bereich ESG-Investitionen.<\/p>\n\n\n\n<p>Dar\u00fcber hinaus liefern Marktforschung und Strategieberatung umsetzbare Erkenntnisse, die Unternehmen dabei helfen, robuste ESG-Anlagestrategien zu entwickeln, die mit ihren finanziellen Zielen und Nachhaltigkeitszielen \u00fcbereinstimmen. Berater arbeiten eng mit Kunden zusammen, um deren individuelle Werte, Risikobereitschaft und Anlagepr\u00e4ferenzen zu verstehen, und geben ma\u00dfgeschneiderte Empfehlungen, um die Portfolioleistung zu optimieren und gleichzeitig verantwortungsvolle Anlagepraktiken zu f\u00f6rdern.<\/p>\n\n\n\n<h2 class=\"wp-block-heading\">Bedeutung der ESG-Investorenmarktforschung und Strategieberatung<\/h2>\n\n\n\n<figure class=\"gb-block-image gb-block-image-3898f360\"><img loading=\"lazy\" decoding=\"async\" width=\"1456\" height=\"816\" class=\"gb-image gb-image-3898f360\" src=\"https:\/\/www.sisinternational.com\/wp-content\/uploads\/2025\/10\/ESG-Investor-2.jpg\" alt=\"SIS International Marktforschung &amp; Strategie\" title=\"ESG Investor (2)\" srcset=\"https:\/\/www.sisinternational.com\/wp-content\/uploads\/2025\/10\/ESG-Investor-2.jpg 1456w, https:\/\/www.sisinternational.com\/wp-content\/uploads\/2025\/10\/ESG-Investor-2-300x168.jpg 300w, https:\/\/www.sisinternational.com\/wp-content\/uploads\/2025\/10\/ESG-Investor-2-1024x574.jpg 1024w, https:\/\/www.sisinternational.com\/wp-content\/uploads\/2025\/10\/ESG-Investor-2-768x430.jpg 768w, https:\/\/www.sisinternational.com\/wp-content\/uploads\/2025\/10\/ESG-Investor-2-18x10.jpg 18w\" sizes=\"auto, (max-width: 1456px) 100vw, 1456px\"><\/figure>\n\n\n\n<p><\/p>\n\n\n\n<p>ESG-Investorenmarktforschung und Strategieberatung helfen Unternehmen, Umwelt-, Sozial- und Governance-Risiken zu identifizieren und zu mindern, die sich auf ihre Anlageportfolios auswirken k\u00f6nnten. Durch die Integration von ESG-Faktoren in ihre Entscheidungsprozesse k\u00f6nnen Unternehmen ihre Investitionen sch\u00fctzen und den Aktion\u00e4rswert vor neu entstehenden Nachhaltigkeitsrisiken bewahren.<\/p>\n\n\n\n<p>Diese Marktforschung und Beratung vermittelt Unternehmen ein tieferes Verst\u00e4ndnis f\u00fcr die Chancen und Herausforderungen, die mit nachhaltigen Investitionen verbunden sind. Durch die Analyse von ESG-Daten und -Trends k\u00f6nnen Unternehmen fundierte Investitionsentscheidungen treffen, die mit ihren Werten und langfristigen finanziellen Zielen \u00fcbereinstimmen. Auf diese Weise k\u00f6nnen sie attraktive Investitionsm\u00f6glichkeiten in Sektoren mit starker ESG-Performance identifizieren und potenzielle Fallstricke vermeiden, die mit nicht nachhaltigen Praktiken verbunden sind.<\/p>\n\n\n\n<p>ESG-Investorenmarktforschung und Strategieberatung helfen Unternehmen auch dabei, ihre Beziehungen zu Stakeholdern wie Investoren, Kunden, Mitarbeitern und Aufsichtsbeh\u00f6rden zu verbessern. Sie demonstrieren ihr Engagement f\u00fcr Nachhaltigkeit und verantwortungsbewusstes Investieren, Unternehmen k\u00f6nnen ihren Ruf st\u00e4rken, sozial bewusste Investoren anziehen und mehr Vertrauen und Loyalit\u00e4t bei wichtigen Stakeholdern f\u00f6rdern. Es bietet Unternehmen jedoch noch viele weitere Vorteile, darunter:<\/p>\n\n\n\n<ul class=\"wp-block-list\">\n<li><strong>Verbessertes Risikomanagement:<\/strong> Mithilfe von Marktforschung und Strategieberatung k\u00f6nnen Unternehmen ESG-bezogene Risiken identifizieren und bewerten, die sich auf ihre Anlageportfolios auswirken k\u00f6nnten. Dar\u00fcber hinaus k\u00f6nnen Unternehmen durch die Einbeziehung von ESG-Faktoren in ihre Risikomanagementrahmen Widerstandsf\u00e4higkeit gegen neu entstehende Nachhaltigkeitsbedrohungen wie Klimawandel, regulatorische \u00c4nderungen und Reputationsrisiken aufbauen.<\/li>\n\n\n\n<li><strong>Verbesserte finanzielle Leistung:<\/strong> Zahlreiche Studien haben einen positiven Zusammenhang zwischen einer starken ESG-Performance und finanziellen Ertr\u00e4gen nachgewiesen. ESG-Investorenmarktforschung und Strategieberatung helfen Unternehmen dabei, Investitionsm\u00f6glichkeiten mit starken ESG-Referenzen zu identifizieren, was zu einer verbesserten finanziellen Performance und Wettbewerbsvorteilen f\u00fchrt.<\/li>\n\n\n\n<li><strong>Zugang zu Kapital und Investorennachfrage:<\/strong> Da die Nachfrage nach nachhaltigen Investitionen weiter steigt, sind Unternehmen, die ESG-Aspekten Priorit\u00e4t einr\u00e4umen, besser in der Lage, Kapital von sozial bewussten Investoren wie ESG-orientierten Fonds, Pensionsfonds und institutionellen Anlegern anzuziehen.<\/li>\n\n\n\n<li><strong>Verbessertes Stakeholder-Engagement und Reputation:<\/strong> Marktforschung und Strategieberatung helfen Unternehmen, die wichtigsten ESG-Probleme zu identifizieren, die f\u00fcr ihre Stakeholder am wichtigsten sind, und Strategien zu entwickeln, um diese Probleme effektiv anzugehen. Durch die Zusammenarbeit mit Stakeholdern in ESG-Fragen k\u00f6nnen Unternehmen ihren Ruf verbessern, Vertrauen aufbauen und langfristige Beziehungen pflegen, die ein nachhaltiges Unternehmenswachstum f\u00f6rdern.<\/li>\n\n\n\n<li><strong>Anpassung an regulatorische Anforderungen:<\/strong> Mithilfe von ESG-Investorenmarktforschung bleiben Unternehmen den sich entwickelnden ESG-Vorschriften und Berichtsstandards immer einen Schritt voraus und k\u00f6nnen so die Einhaltung gesetzlicher Anforderungen und branchen\u00fcblicher Best Practices sicherstellen. Durch die Einf\u00fchrung transparenter und robuster ESG-Berichtspraktiken k\u00f6nnen Unternehmen Rechenschaftspflicht nachweisen, regulatorische Risiken mindern und ihre Glaubw\u00fcrdigkeit bei Aufsichtsbeh\u00f6rden, Investoren und anderen Interessengruppen st\u00e4rken.<\/li>\n<\/ul>\n\n\n\n<h2 class=\"wp-block-heading\">Wer nutzt ESG-Investor-Marktforschung und Strategieberatung<\/h2>\n\n\n\n<p>Investment managers and asset owners such as pension funds, endowments, and sovereign wealth funds, use ESG investor market research and <a href=\"https:\/\/www.sisinternational.com\/de\/nachhaltigkeitsstrategien-fur-unternehmen-eine-fallstudie-von-siemens\/\" title=\"Nachhaltigkeitsstrategien f\u00fcr Unternehmen: Eine Siemens-Fallstudie\"  data-wpil-monitor-id=\"1751\">Strategieberatung<\/a> to identify investment opportunities that align with their sustainability objectives and financial goals. By integrating ESG considerations into their investment strategies, these stakeholders aim to generate long-term value, manage risk, and meet the growing demand for sustainable investment options from their clients and beneficiaries.<\/p>\n\n\n\n<p>Dar\u00fcber hinaus nutzen Unternehmensleiter und Vorst\u00e4nde Marktforschung und Strategieberatung, um die Erwartungen der Anleger zu verstehen, ESG-bezogene Risiken und Chancen zu identifizieren und die Corporate-Governance-Praktiken zu verbessern. Indem sie ESG-Faktoren in ihren Entscheidungsprozessen Priorit\u00e4t einr\u00e4umen, k\u00f6nnen diese Stakeholder ihre Wettbewerbsposition st\u00e4rken, die Beziehungen zu den Stakeholdern verbessern und eine langfristige Wertsch\u00f6pfung f\u00fcr ihre Organisationen und Aktion\u00e4re vorantreiben.<\/p>\n\n\n\n<p>Additionally, financial analysts and <a href=\"https:\/\/www.sisinternational.com\/de\/abdeckung\/die-amerikaner\/marktforschung-in-der-karibik\/marktforschung-guadeloupe\/\" title=\"Marktforschung in Guadeloupe\"  data-wpil-monitor-id=\"6096\">research firms use market<\/a> research and strategy consulting to assess companies&#8217; sustainability performance and risk profile across various sectors and industries. With the analysis and integration of ESG data into their investment models and research reports, these stakeholders provide valuable insights to investors, enabling them to make informed investment decisions based on financial and non-financial factors.<\/p>\n\n\n\n<p>Auch Regulierungsbeh\u00f6rden und politische Entscheidungstr\u00e4ger verlassen sich auf diese Marktforschung und Strategieberatung, um regulatorische Rahmenbedingungen zu entwickeln und umzusetzen, die Transparenz, Rechenschaftspflicht und Nachhaltigkeit auf den Finanzm\u00e4rkten f\u00f6rdern. Durch die \u00dcberwachung von ESG-Trends und -Praktiken, die Bewertung von Marktrisiken und die Zusammenarbeit mit Branchenteilnehmern k\u00f6nnen Regulierungsbeh\u00f6rden ein g\u00fcnstigeres Umfeld f\u00fcr verantwortungsbewusstes Investieren schaffen und die Integrit\u00e4t und Stabilit\u00e4t der Finanzm\u00e4rkte sicherstellen.<\/p>\n\n\n\n<h2 class=\"wp-block-heading\">Wann sollten Marktforschung und Strategieberatung zu ESG-Investoren durchgef\u00fchrt werden?<\/h2>\n\n\n\n<figure class=\"gb-block-image gb-block-image-9cac8af4\"><img loading=\"lazy\" decoding=\"async\" width=\"1456\" height=\"816\" class=\"gb-image gb-image-9cac8af4\" src=\"https:\/\/www.sisinternational.com\/wp-content\/uploads\/2025\/10\/ESG-Investor-4.jpg\" alt=\"SIS International Marktforschung &amp; Strategie\" title=\"ESG Investor (4)\" srcset=\"https:\/\/www.sisinternational.com\/wp-content\/uploads\/2025\/10\/ESG-Investor-4.jpg 1456w, https:\/\/www.sisinternational.com\/wp-content\/uploads\/2025\/10\/ESG-Investor-4-300x168.jpg 300w, https:\/\/www.sisinternational.com\/wp-content\/uploads\/2025\/10\/ESG-Investor-4-1024x574.jpg 1024w, https:\/\/www.sisinternational.com\/wp-content\/uploads\/2025\/10\/ESG-Investor-4-768x430.jpg 768w, https:\/\/www.sisinternational.com\/wp-content\/uploads\/2025\/10\/ESG-Investor-4-18x10.jpg 18w\" sizes=\"auto, (max-width: 1456px) 100vw, 1456px\"><\/figure>\n\n\n\n<p><\/p>\n\n\n\n<p>Determining the optimal timing for conducting <a href=\"https:\/\/www.sisinternational.com\/de\/optimierung-von-unternehmenswebsites-fur-den-roi\/\" title=\"Optimierung von Unternehmenswebsites f\u00fcr den ROI\"  data-wpil-monitor-id=\"7596\">ESG investor market research and strategy<\/a> consulting involves considering various factors and aligning with strategic objectives. Here are some key considerations:<\/p>\n\n\n\n<ul class=\"wp-block-list\">\n<li><strong>Unternehmensberichtszyklen:<\/strong> Unternehmen sollten den Zeitpunkt der ESG-Marktforschung f\u00fcr Investoren an die Berichtszyklen des Unternehmens, beispielsweise an j\u00e4hrliche oder viertelj\u00e4hrliche Berichtszeitr\u00e4ume, anpassen, um eine zeitnahe Offenlegung ESG-bezogener Informationen, die Einhaltung gesetzlicher Anforderungen und eine transparente Kommunikation mit den Stakeholdern sicherzustellen.<\/li>\n\n\n\n<li><strong>Due Diligence bei Fusionen und \u00dcbernahmen (M&amp;A):<\/strong> Die Durchf\u00fchrung von Marktforschung und Strategieberatung als Teil der Due-Diligence-Prozesse bei Fusionen und \u00dcbernahmen ist von entscheidender Bedeutung, um die mit den Zielunternehmen verbundenen ESG-Risiken und Chancen zu beurteilen, potenzielle Synergien und Integrationsherausforderungen einzusch\u00e4tzen und ESG-bezogene Risiken bei den Verhandlungsgespr\u00e4chen zu mindern.<\/li>\n\n\n\n<li><strong>Einhaltung gesetzlicher Vorschriften und Offenlegungspflichten:<\/strong> Es ist von entscheidender Bedeutung, \u00fcber die sich entwickelnden regulatorischen Anforderungen und Branchenstandards in Bezug auf ESG-Offenlegung, Berichterstattung und Compliance auf dem Laufenden zu bleiben und entsprechende ESG-Investorenmarktforschung durchzuf\u00fchren, um die Einhaltung regulatorischer Mandate sicherzustellen und regulatorische Risiken zu mindern.<\/li>\n<\/ul>\n\n\n\n<h2 class=\"wp-block-heading\">Erwartete Ergebnisse unserer ESG-Investorenmarktforschung und Strategieberatung<\/h2>\n\n\n\n<p>Die Teilnahme an ESG-Investorenmarktforschung und Strategieberatung kann f\u00fcr Organisationen, die sich der Nachhaltigkeit und verantwortungsvollen Gesch\u00e4ftspraktiken verschrieben haben, zu einer Reihe positiver Ergebnisse f\u00fchren \u2013 und hier sind einige der erwarteten Ergebnisse:<\/p>\n\n\n\n<ul class=\"wp-block-list\">\n<li><strong>Verbesserte ESG-Leistung:<\/strong> Durch gr\u00fcndliche Marktforschung und strategische Beratung k\u00f6nnen Unternehmen M\u00f6glichkeiten zur Verbesserung ihrer ESG-Leistung erkennen.<\/li>\n\n\n\n<li><strong>Verbessertes Risikomanagement:<\/strong> Marktforschung und Strategieberatung unterst\u00fctzen Unternehmen bei der Identifizierung und Minderung von ESG-bezogenen Risiken wie etwa Problemen bei der Einhaltung gesetzlicher Vorschriften, Lieferkettenunterbrechungen und Reputationssch\u00e4den.<\/li>\n\n\n\n<li><strong>Zugang zu Kapital:<\/strong> Durch die Demonstration einer starken ESG-Performance und eines Engagements f\u00fcr Nachhaltigkeit k\u00f6nnen Sie Anleger anziehen, die verantwortungsvollen Anlagekriterien Priorit\u00e4t einr\u00e4umen.<\/li>\n\n\n\n<li><strong>Verbessertes Stakeholder-Vertrauen:<\/strong> Durch transparente Berichterstattung und Kommunikation der ESG-Leistung k\u00f6nnen Unternehmen Vertrauen und Glaubw\u00fcrdigkeit bei Stakeholdern wie Investoren, Kunden, Mitarbeitern und der Gemeinschaft aufbauen.<\/li>\n\n\n\n<li><strong>Innovation und Gesch\u00e4ftswachstum:<\/strong> <a href=\"https:\/\/www.sisinternational.com\/de\/losungen\/ai-marktforschung-und-strategieberatung\/beratungsunternehmen-fur-wachstumsstrategien\/\" title=\"Beratungsunternehmen f\u00fcr Wachstumsstrategien\"  data-wpil-monitor-id=\"1696\">ESG investor market research and strategy consulting<\/a> can uncover opportunities for innovation, product development, and market expansion aligned with sustainability trends and stakeholder preferences.<\/li>\n<\/ul>\n\n\n\n<h2 class=\"wp-block-heading\">Der SIS-Ansatz zur Marktforschung und Strategieberatung f\u00fcr ESG-Investoren<\/h2>\n\n\n\n<figure class=\"gb-block-image gb-block-image-0fa1240c\"><img loading=\"lazy\" decoding=\"async\" width=\"1456\" height=\"816\" class=\"gb-image gb-image-0fa1240c\" src=\"https:\/\/www.sisinternational.com\/wp-content\/uploads\/2025\/10\/ESG-Investor-1.jpg\" alt=\"SIS International Marktforschung &amp; Strategie\" title=\"ESG Investor (1)\" srcset=\"https:\/\/www.sisinternational.com\/wp-content\/uploads\/2025\/10\/ESG-Investor-1.jpg 1456w, https:\/\/www.sisinternational.com\/wp-content\/uploads\/2025\/10\/ESG-Investor-1-300x168.jpg 300w, https:\/\/www.sisinternational.com\/wp-content\/uploads\/2025\/10\/ESG-Investor-1-1024x574.jpg 1024w, https:\/\/www.sisinternational.com\/wp-content\/uploads\/2025\/10\/ESG-Investor-1-768x430.jpg 768w, https:\/\/www.sisinternational.com\/wp-content\/uploads\/2025\/10\/ESG-Investor-1-18x10.jpg 18w\" sizes=\"auto, (max-width: 1456px) 100vw, 1456px\"><\/figure>\n\n\n\n<p><\/p>\n\n\n\n<p>Bei SIS basiert unser Ansatz f\u00fcr ESG-Investorenmarktforschung und Strategieberatung auf einem umfassenden und integrierten Rahmen, der Nachhaltigkeit, Wirkung und Stakeholder-Engagement umfasst. Durch die Konzentration auf diese Grundprinzipien streben wir eine nachhaltige Wertsch\u00f6pfung, positive soziale und \u00f6kologische Auswirkungen und ein sinnvolles Engagement mit Stakeholdern im gesamten Investment-\u00d6kosystem an.<\/p>\n\n\n\n<ul class=\"wp-block-list\">\n<li><strong>Nachhaltigkeit:<\/strong> Unser Ansatz beginnt mit einem tiefen Verst\u00e4ndnis der Prinzipien und Praktiken der Nachhaltigkeit und erkennt die Bedeutung langfristiger Wertsch\u00f6pfung, Umweltschutz und sozialer Verantwortung an. Wir arbeiten eng mit unseren Kunden zusammen, um ihre ESG-Leistung zu bewerten, wesentliche Probleme zu identifizieren und Strategien zur Integration der Nachhaltigkeit in ihre Anlageprozesse und Entscheidungsrahmen zu entwickeln.<\/li>\n\n\n\n<li><strong>Auswirkungen:<\/strong> Aufbauend auf dem Fundament der Nachhaltigkeit legen wir Wert darauf, die Auswirkungen in den Bereichen Umwelt, Soziales und Unternehmensf\u00fchrung zu messen und zu maximieren. Durch strenge Methoden und Kennzahlen zur Wirkungsbewertung helfen wir unseren Kunden, die konkreten Auswirkungen ihrer Investitionen auf wichtige Stakeholder, Gemeinschaften und den Planeten zu bewerten.<\/li>\n\n\n\n<li><strong>Einbindung der Stakeholder:<\/strong> Im Mittelpunkt unseres Ansatzes steht das Prinzip der Einbindung der Stakeholder. Wir sind uns bewusst, dass eine effektive Zusammenarbeit und ein Dialog mit Investoren, Unternehmen, Regulierungsbeh\u00f6rden und der Zivilgesellschaft f\u00fcr die F\u00f6rderung nachhaltiger Anlagepraktiken von entscheidender Bedeutung sind. Wir f\u00f6rdern transparente und integrative Prozesse zur Einbindung der Stakeholder, sodass unsere Kunden unterschiedliche Perspektiven einholen, Bedenken ansprechen und das Vertrauen der Stakeholder gewinnen k\u00f6nnen.<\/li>\n<\/ul>\n\n\n\n<p><\/p>","protected":false},"excerpt":{"rendered":"<p>Die ESG-Investorenmarktforschung und Strategieberatung bewertet ESG-Kriterien hinsichtlich Anlageperformance und Risikomanagement.<\/p>","protected":false},"author":1,"featured_media":71952,"parent":14567,"menu_order":40,"comment_status":"closed","ping_status":"closed","template":"","meta":{"footnotes":""},"class_list":["post-46563","page","type-page","status-publish","has-post-thumbnail"],"_links":{"self":[{"href":"https:\/\/www.sisinternational.com\/de\/wp-json\/wp\/v2\/pages\/46563","targetHints":{"allow":["GET"]}}],"collection":[{"href":"https:\/\/www.sisinternational.com\/de\/wp-json\/wp\/v2\/pages"}],"about":[{"href":"https:\/\/www.sisinternational.com\/de\/wp-json\/wp\/v2\/types\/page"}],"author":[{"embeddable":true,"href":"https:\/\/www.sisinternational.com\/de\/wp-json\/wp\/v2\/users\/1"}],"replies":[{"embeddable":true,"href":"https:\/\/www.sisinternational.com\/de\/wp-json\/wp\/v2\/comments?post=46563"}],"version-history":[{"count":11,"href":"https:\/\/www.sisinternational.com\/de\/wp-json\/wp\/v2\/pages\/46563\/revisions"}],"predecessor-version":[{"id":81219,"href":"https:\/\/www.sisinternational.com\/de\/wp-json\/wp\/v2\/pages\/46563\/revisions\/81219"}],"up":[{"embeddable":true,"href":"https:\/\/www.sisinternational.com\/de\/wp-json\/wp\/v2\/pages\/14567"}],"wp:featuredmedia":[{"embeddable":true,"href":"https:\/\/www.sisinternational.com\/de\/wp-json\/wp\/v2\/media\/71952"}],"wp:attachment":[{"href":"https:\/\/www.sisinternational.com\/de\/wp-json\/wp\/v2\/media?parent=46563"}],"curies":[{"name":"wp","href":"https:\/\/api.w.org\/{rel}","templated":true}]}}