{"id":46559,"date":"2024-02-28T18:12:29","date_gmt":"2024-02-28T23:12:29","guid":{"rendered":"https:\/\/www.sisinternational.com\/?page_id=46559"},"modified":"2026-01-27T16:38:52","modified_gmt":"2026-01-27T21:38:52","slug":"corporate-governance-beratung","status":"publish","type":"page","link":"https:\/\/www.sisinternational.com\/de\/losungen\/strategieberatung\/corporate-governance-beratung\/","title":{"rendered":"Corporate Governance Beratung"},"content":{"rendered":"<h1 class=\"wp-block-heading\">Corporate Governance Beratung<\/h1>\n\n\n\n<figure class=\"gb-block-image gb-block-image-cb8dd27f\"><img loading=\"lazy\" decoding=\"async\" width=\"1456\" height=\"816\" class=\"gb-image gb-image-cb8dd27f\" src=\"https:\/\/www.sisinternational.com\/wp-content\/uploads\/2025\/10\/Corporate-Governance-4.jpg\" alt=\"SIS International Marktforschung &amp; Strategie\" title=\"Corporate Governance (4)\" srcset=\"https:\/\/www.sisinternational.com\/wp-content\/uploads\/2025\/10\/Corporate-Governance-4.jpg 1456w, https:\/\/www.sisinternational.com\/wp-content\/uploads\/2025\/10\/Corporate-Governance-4-300x168.jpg 300w, https:\/\/www.sisinternational.com\/wp-content\/uploads\/2025\/10\/Corporate-Governance-4-1024x574.jpg 1024w, https:\/\/www.sisinternational.com\/wp-content\/uploads\/2025\/10\/Corporate-Governance-4-768x430.jpg 768w, https:\/\/www.sisinternational.com\/wp-content\/uploads\/2025\/10\/Corporate-Governance-4-18x10.jpg 18w\" sizes=\"auto, (max-width: 1456px) 100vw, 1456px\"><\/figure>\n\n\n\n<p><\/p>\n\n\n\n<p>Nutzt Ihr Unternehmen die volle Kraft einer effektiven Corporate Governance, um Erfolg und Nachhaltigkeit voranzutreiben? In der sich st\u00e4ndig weiterentwickelnden globalen Gesch\u00e4ftslandschaft hat sich die Corporate-Governance-Beratung als Eckpfeiler f\u00fcr Unternehmen herauskristallisiert, die ihre strategische Ausrichtung, betriebliche Integrit\u00e4t und das Vertrauen der Stakeholder verbessern m\u00f6chten. Dieser spezialisierte Beratungsdienst bietet das Fachwissen und die Erkenntnisse, die erforderlich sind, um die Komplexit\u00e4t der Governance zu meistern und sicherzustellen, dass Organisationen die gesetzlichen Anforderungen erf\u00fcllen und sich durch hervorragende Unternehmensf\u00fchrung und Rechenschaftspflicht auszeichnen.<\/p>\n\n\n\n<p>Was ist Corporate Governance-Beratung? Corporate Governance-Beratung unterst\u00fctzt Unternehmen bei der Entwicklung, Implementierung und Verbesserung ihrer Governance-Strukturen und -Praktiken, um sicherzustellen, dass ihre Governance-Rahmenwerke den Best Practices entsprechen und ihre strategischen Ziele unterst\u00fctzen.<\/p>\n\n\n\n<p>Der Schwerpunkt liegt auf den Mechanismen, Prozessen und Beziehungen, durch die Unternehmen kontrolliert und geleitet werden. Dazu geh\u00f6rt die Beratung hinsichtlich der Zusammensetzung und Struktur des Vorstands, der Verg\u00fctung der F\u00fchrungskr\u00e4fte, der Einbindung der Aktion\u00e4re und der Einhaltung nationaler und internationaler Governance-Standards. Berater in diesem Bereich arbeiten eng mit der Gesch\u00e4ftsleitung und den Vorstandsmitgliedern zusammen, um Schwachstellen in der Governance zu identifizieren, Strategien zur Behebung dieser Probleme zu entwickeln und Rahmenbedingungen zu implementieren, die Transparenz, Rechenschaftspflicht und effektive Entscheidungsfindung f\u00f6rdern.<\/p>\n\n\n\n<h2 class=\"wp-block-heading\">Bedeutung der Corporate Governance Beratung<\/h2>\n\n\n\n<p>Die Corporate-Governance-Beratung bietet Einblicke in lokale und internationale Governance-Standards und hilft Unternehmen, die Einhaltung sicherzustellen und potenzielle rechtliche und finanzielle Auswirkungen zu vermeiden. Dies ist insbesondere f\u00fcr Unternehmen wichtig, die in mehreren Rechtsr\u00e4umen t\u00e4tig sind, da die Komplexit\u00e4t der regulatorischen Anforderungen erhebliche Herausforderungen darstellen kann.<\/p>\n\n\n\n<p>Dar\u00fcber hinaus, <a href=\"https:\/\/www.sisinternational.com\/de\/losungen\/sis-globales-wachstum\/globales-projektmanagement\/\" title=\"Globale Projektmanagementberatung\"  data-wpil-monitor-id=\"10611\">consulting is crucial in risk management<\/a>. By evaluating and enhancing governance structures and practices, consultants help businesses identify and mitigate a wide range of risks, from financial and operational to reputational and strategic.<\/p>\n\n\n\n<p>Dar\u00fcber hinaus f\u00f6rdert diese Beratung ethische Gesch\u00e4ftspraktiken und Verantwortlichkeit. Berater unterst\u00fctzen Organisationen bei der Festlegung von Verhaltenskodizes, Ethikrichtlinien und Verantwortlichkeitsmechanismen, die mit den Werten des Unternehmens und den Erwartungen der Stakeholder \u00fcbereinstimmen. Dies steigert den Ruf der Organisation und tr\u00e4gt zu einer Unternehmenskultur bei, in der Integrit\u00e4t und ethische Entscheidungsfindung im Vordergrund stehen.<\/p>\n\n\n\n<h2 class=\"wp-block-heading\">Welche Vorteile bietet eine Corporate Governance-Beratung?<\/h2>\n\n\n\n<figure class=\"gb-block-image gb-block-image-815810a1\"><img loading=\"lazy\" decoding=\"async\" width=\"1456\" height=\"816\" class=\"gb-image gb-image-815810a1\" src=\"https:\/\/www.sisinternational.com\/wp-content\/uploads\/2025\/10\/Corporate-Governance-2.jpg\" alt=\"SIS International Marktforschung &amp; Strategie\" title=\"Corporate Governance (2)\" srcset=\"https:\/\/www.sisinternational.com\/wp-content\/uploads\/2025\/10\/Corporate-Governance-2.jpg 1456w, https:\/\/www.sisinternational.com\/wp-content\/uploads\/2025\/10\/Corporate-Governance-2-300x168.jpg 300w, https:\/\/www.sisinternational.com\/wp-content\/uploads\/2025\/10\/Corporate-Governance-2-1024x574.jpg 1024w, https:\/\/www.sisinternational.com\/wp-content\/uploads\/2025\/10\/Corporate-Governance-2-768x430.jpg 768w, https:\/\/www.sisinternational.com\/wp-content\/uploads\/2025\/10\/Corporate-Governance-2-18x10.jpg 18w\" sizes=\"auto, (max-width: 1456px) 100vw, 1456px\"><\/figure>\n\n\n\n<p><\/p>\n\n\n\n<p>Die Einbeziehung einer Corporate-Governance-Beratung bietet zahlreiche Vorteile, die die operative Integrit\u00e4t, den Ruf eines Unternehmens auf dem Markt und den strategischen Erfolg deutlich verbessern k\u00f6nnen. Hier sind einige der wichtigsten Vorteile:<\/p>\n\n\n\n<ul class=\"wp-block-list\">\n<li><strong>Verbessertes Risikomanagement:<\/strong> <a href=\"https:\/\/www.sisinternational.com\/de\/losungen\/strategieberatung\/\" title=\"Strategieberatung\"  data-wpil-monitor-id=\"10610\">Consultants provide the tools and strategies<\/a> needed to strengthen risk management frameworks, safeguarding the organization&#8217;s assets and reputation.<\/li>\n\n\n\n<li><strong>Mehr Transparenz und Rechenschaftspflicht:<\/strong> Beratungsdienste unterst\u00fctzen bei der Etablierung klarer Governance-Strukturen und -Prozesse, die Transparenz und Rechenschaftspflicht f\u00f6rdern.<\/li>\n\n\n\n<li><a href=\"https:\/\/www.sisinternational.com\/de\/losungen\/sis-globales-wachstum\/strategische-planungsberatung\/\" title=\"Strategische Planungsberatung\"  data-wpil-monitor-id=\"10621\">Strategic Alignment and Performance: This consulting<\/a> ensures that corporate governance frameworks support the organization&#8217;s strategic objectives.<\/li>\n\n\n\n<li><strong>F\u00f6rderung einer ethischen Unternehmenskultur:<\/strong> Berater helfen dabei, ethische Grunds\u00e4tze und eine Kultur der Integrit\u00e4t in der gesamten Organisation zu verankern. Diese Kultur ist der Schl\u00fcssel, um Talente zu gewinnen und zu halten, die Kundentreue aufrechtzuerhalten und die Marke zu sch\u00fctzen.<\/li>\n\n\n\n<li><strong>Verbesserte Stakeholder-Beziehungen:<\/strong> Durch die Verbesserung der Kommunikations- und Engagementmechanismen f\u00f6rdert diese Beratung st\u00e4rkere Beziehungen zu allen Interessengruppen, einschlie\u00dflich Investoren, Kunden, Mitarbeitern und der Community.<\/li>\n<\/ul>\n\n\n\n<h2 class=\"wp-block-heading\">Wer nutzt Corporate Governance Beratung<\/h2>\n\n\n\n<p>Beratungsdienste zur Unternehmensf\u00fchrung werden von einer Vielzahl von Unternehmen nachgefragt. Alle sind sich der entscheidenden Rolle bewusst, die eine effektive Unternehmensf\u00fchrung bei der Erreichung strategischer Ziele, der Gew\u00e4hrleistung der Compliance und der Aufrechterhaltung eines positiven Unternehmensrufs spielt. Hier ist ein \u00dcberblick dar\u00fcber, wer typischerweise Unternehmensf\u00fchrungsberatung in Anspruch nimmt und warum:<\/p>\n\n\n\n<ul class=\"wp-block-list\">\n<li><strong>B\u00f6rsennotierte Unternehmen:<\/strong> Durch die Beratung k\u00f6nnen sie sich im komplexen Regulierungsumfeld zurechtfinden, Offenlegungspflichten erf\u00fcllen und Best Practices in der Vorstandsf\u00fchrung und Aktion\u00e4rskommunikation implementieren, um Transparenz und Rechenschaftspflicht sicherzustellen.<\/li>\n\n\n\n<li><strong>Private Unternehmen:<\/strong> Private <a href=\"https:\/\/www.sisinternational.com\/de\/abdeckung\/die-amerikaner\/marktforschung-in-der-karibik\/strategieberatungsunternehmen-in-der-karibik\/\" title=\"Karibisches Strategieberatungsunternehmen\"  data-wpil-monitor-id=\"10615\">companies also benefit from consulting<\/a> to streamline operations, manage risks, and prepare for potential public offerings or other significant corporate events.<\/li>\n\n\n\n<li><strong>Familienunternehmen:<\/strong> Besondere Herausforderungen wie Nachfolgeplanung, Familiendynamik und der \u00dcbergang von F\u00fchrungsrollen machen die Corporate-Governance-Beratung f\u00fcr Familienunternehmen von unsch\u00e4tzbarem Wert.<\/li>\n\n\n\n<li><strong>Gemeinn\u00fctzige Organisationen:<\/strong> Good governance is crucial for non-profits to maintain donor trust, comply with regulatory requirements, and achieve their mission effectively. Governance <a href=\"https:\/\/www.sisinternational.com\/de\/losungen\/strategieberatung\/beratung-zur-partnerschaftsentwicklung\/\" title=\"Beratung zur Partnerschaftsentwicklung\"  data-wpil-monitor-id=\"10616\">consultants assist with board development<\/a>, ethical fundraising practices, and strategic planning.<\/li>\n\n\n\n<li><strong>Startups und Scale-ups:<\/strong> Neue Unternehmen engagieren h\u00e4ufig Corporate-Governance-Berater, um von Anfang an solide Governance-Rahmenwerke zu etablieren. Diese fr\u00fchzeitige Investition in die Governance hilft, Investoren anzuziehen, schnelles Wachstum zu steuern und den Grundstein f\u00fcr zuk\u00fcnftigen Erfolg zu legen.<\/li>\n\n\n\n<li><strong>Regierungsstellen und Organisationen des \u00f6ffentlichen Sektors:<\/strong> Diese Gruppen nutzen Corporate-Governance-Beratung, um die Transparenz, Effizienz und Verantwortlichkeit ihrer Gesch\u00e4ftst\u00e4tigkeit zu verbessern und sie an die Erwartungen der \u00d6ffentlichkeit und die gesetzlichen Standards anzupassen.<\/li>\n\n\n\n<li><strong>Finanzinstitutionen:<\/strong> Banken, Investmentfonds und Versicherungsunternehmen suchen eine Corporate-Governance-Beratung, um sich mit der Einhaltung gesetzlicher Vorschriften, dem Risikomanagement und ethischen Anlagepraktiken zu befassen und sicherzustellen, dass sie die hohen Standards erf\u00fcllen, die im Finanzsektor erwartet werden.<\/li>\n<\/ul>\n\n\n\n<h2 class=\"wp-block-heading\">Wann ist eine Corporate Governance-Beratung erforderlich?<\/h2>\n\n\n\n<figure class=\"gb-block-image gb-block-image-92bb762b\"><img loading=\"lazy\" decoding=\"async\" width=\"1456\" height=\"816\" class=\"gb-image gb-image-92bb762b\" src=\"https:\/\/www.sisinternational.com\/wp-content\/uploads\/2025\/10\/Corporate-Governance-3.jpg\" alt=\"SIS International Marktforschung &amp; Strategie\" title=\"Corporate Governance (3)\" srcset=\"https:\/\/www.sisinternational.com\/wp-content\/uploads\/2025\/10\/Corporate-Governance-3.jpg 1456w, https:\/\/www.sisinternational.com\/wp-content\/uploads\/2025\/10\/Corporate-Governance-3-300x168.jpg 300w, https:\/\/www.sisinternational.com\/wp-content\/uploads\/2025\/10\/Corporate-Governance-3-1024x574.jpg 1024w, https:\/\/www.sisinternational.com\/wp-content\/uploads\/2025\/10\/Corporate-Governance-3-768x430.jpg 768w, https:\/\/www.sisinternational.com\/wp-content\/uploads\/2025\/10\/Corporate-Governance-3-18x10.jpg 18w\" sizes=\"auto, (max-width: 1456px) 100vw, 1456px\"><\/figure>\n\n\n\n<p><\/p>\n\n\n\n<p><a href=\"https:\/\/www.sisinternational.com\/de\/optimierung-von-unternehmenswebsites-fur-den-roi\/\" title=\"Optimierung von Unternehmenswebsites f\u00fcr den ROI\"  data-wpil-monitor-id=\"1974\">Corporate governance consulting is a proactive strategy<\/a> organizations should consider under various circumstances to enhance their governance practices and strategic execution. Here are key situations when conducting corporate governance consulting becomes particularly essential:<\/p>\n\n\n\n<ul class=\"wp-block-list\">\n<li><strong>W\u00e4hrend der strategischen Planung und Umstrukturierung:<\/strong> Wenn eine Organisation eine umfassende strategische Planung oder Umstrukturierung durchf\u00fchrt, kann eine Corporate-Governance-Beratung wichtige Erkenntnisse liefern, um sicherzustellen, dass die Governance-Strukturen die neue strategische Ausrichtung unterst\u00fctzen. Dies ist von entscheidender Bedeutung, um die Unternehmensziele mit den Governance-Praktiken in Einklang zu bringen und so nachhaltige und wirksame Ver\u00e4nderungen sicherzustellen.<\/li>\n\n\n\n<li><strong>Als Reaktion auf das schnelle Wachstum:<\/strong> Unternehmen, die schnell wachsen oder eine Expansion planen, insbesondere in neue M\u00e4rkte oder Regionen, k\u00f6nnen durch Corporate Governance-Beratung die Komplexit\u00e4t der Skalierung bew\u00e4ltigen. Berater k\u00f6nnen bei der Anpassung von Governance-Strukturen beraten, um die zunehmende Komplexit\u00e4t zu bew\u00e4ltigen und die Einhaltung unterschiedlicher regulatorischer Rahmenbedingungen sicherzustellen.<\/li>\n\n\n\n<li><strong>Nach einer Fusion oder \u00dcbernahme:<\/strong> Fusionen und \u00dcbernahmen erfordern h\u00e4ufig eine gr\u00fcndliche \u00dcberpr\u00fcfung und Integration von Governance-Praktiken. Eine Corporate-Governance-Beratung w\u00e4hrend dieser \u00dcberg\u00e4nge stellt sicher, dass das fusionierte Unternehmen Best Practices anwendet, die Compliance aufrechterh\u00e4lt und die Governance-Strukturen an seinen strategischen Zielen ausrichtet.<\/li>\n\n\n\n<li><strong>So verbessern Sie die Effektivit\u00e4t des Vorstands:<\/strong> Organizations may seek corporate governance consulting to evaluate board composition, roles, and processes, or to implement board development and training programs, enhancing <a href=\"https:\/\/www.sisinternational.com\/de\/the-impact-of-desk-research-on-strategic-decision-making\/\" title=\"The Impact of Desk Research on Strategic Decision-Making\"  data-wpil-monitor-id=\"10618\">strategic oversight and decision-making<\/a>.<\/li>\n\n\n\n<li><strong>In Vorbereitung auf das \u00f6ffentliche Angebot:<\/strong> F\u00fcr private Unternehmen, die einen B\u00f6rsengang in Erw\u00e4gung ziehen, ist eine Beratung zur Unternehmensf\u00fchrung bei der Vorbereitung auf den \u00dcbergang von entscheidender Bedeutung. Berater k\u00f6nnen bei der Entwicklung von Governance-Rahmenwerken helfen, die den strengen Anforderungen der \u00f6ffentlichen M\u00e4rkte gerecht werden, das Vertrauen der Anleger st\u00e4rken und einen erfolgreichen B\u00f6rsengang erm\u00f6glichen.<\/li>\n<\/ul>\n\n\n\n<h2 class=\"wp-block-heading\">Erwartete Ergebnisse unserer Corporate Governance-Beratung<\/h2>\n\n\n\n<p>Durch eine Investition in eine Corporate-Governance-Beratung erhalten Sie die Strategien, Strukturen und Praktiken, die Sie brauchen, um sich im komplexen Gesch\u00e4ftsumfeld von heute erfolgreich zurechtzufinden. Hier sind einige der zu erwartenden Ergebnisse einer qualitativ hochwertigen Corporate-Governance-Beratung:<\/p>\n\n\n\n<ul class=\"wp-block-list\">\n<li><strong>Verbessertes Compliance- und Risikomanagement:<\/strong> Verbesserte Rahmenbedingungen f\u00fcr das Risikomanagement, die eine breite Palette strategischer, operativer und Reputationsrisiken proaktiv identifizieren, bewerten und mindern.<\/li>\n\n\n\n<li><strong>Gest\u00e4rkte Leistung des Vorstands:<\/strong> Entwickeln und Implementieren von Best Practices in der Vorstandsf\u00fchrung, einschlie\u00dflich klarer Rollen und Verantwortlichkeiten, effektiver Besprechungsprozesse und kontinuierlicher Schulung und Bewertung der Vorstandsmitglieder.<\/li>\n\n\n\n<li><strong>Erh\u00f6hte organisatorische Transparenz:<\/strong> Verbesserte Berichtsmechanismen, die den Stakeholdern klare und umfassende Einblicke in die Leistung, Governance-Praktiken und Nachhaltigkeitsbem\u00fchungen des Unternehmens bieten.<\/li>\n\n\n\n<li><strong>Verbessertes Stakeholder Engagement:<\/strong> Entwicklung von Kommunikationskan\u00e4len und -praktiken, die Offenheit, Dialog und gegenseitigen Respekt zwischen der Organisation und ihren Stakeholdern f\u00f6rdern.<\/li>\n<\/ul>\n\n\n\n<h2 class=\"wp-block-heading\">Der SIS-Ansatz zur Corporate Governance-Beratung<\/h2>\n\n\n\n<figure class=\"gb-block-image gb-block-image-b569fe33\"><img loading=\"lazy\" decoding=\"async\" width=\"1456\" height=\"816\" class=\"gb-image gb-image-b569fe33\" src=\"https:\/\/www.sisinternational.com\/wp-content\/uploads\/2025\/10\/Corporate-Governance-1.jpg\" alt=\"SIS International Marktforschung &amp; Strategie\" title=\"Corporate Governance (1)\" srcset=\"https:\/\/www.sisinternational.com\/wp-content\/uploads\/2025\/10\/Corporate-Governance-1.jpg 1456w, https:\/\/www.sisinternational.com\/wp-content\/uploads\/2025\/10\/Corporate-Governance-1-300x168.jpg 300w, https:\/\/www.sisinternational.com\/wp-content\/uploads\/2025\/10\/Corporate-Governance-1-1024x574.jpg 1024w, https:\/\/www.sisinternational.com\/wp-content\/uploads\/2025\/10\/Corporate-Governance-1-768x430.jpg 768w, https:\/\/www.sisinternational.com\/wp-content\/uploads\/2025\/10\/Corporate-Governance-1-18x10.jpg 18w\" sizes=\"auto, (max-width: 1456px) 100vw, 1456px\"><\/figure>\n\n\n\n<p><\/p>\n\n\n\n<p>Der SIS-Ansatz zur Corporate-Governance-Beratung zeichnet sich durch seine umfassende, ma\u00dfgeschneiderte und zukunftsorientierte Methodik aus. Dieser Ansatz bef\u00e4higt Unternehmen, hervorragende Governance-Praktiken zu erreichen und stellt sicher, dass sie gut ger\u00fcstet sind, um die Herausforderungen der modernen Gesch\u00e4ftslandschaft zu meistern und Wachstums- und Nachhaltigkeitschancen zu nutzen. So funktioniert der SIS-Ansatz:<\/p>\n\n\n\n<ul class=\"wp-block-list\">\n<li><strong>Ma\u00dfgeschneiderte Governance-L\u00f6sungen:<\/strong> Da jede Organisation einzigartige Governance-Anforderungen hat, beginnen die SIS-Experten mit einer gr\u00fcndlichen Bewertung des aktuellen Governance-Rahmens, der strategischen Ziele und der Erwartungen der Stakeholder. Auf diese Weise k\u00f6nnen ma\u00dfgeschneiderte L\u00f6sungen direkt auf die spezifischen Ziele und Herausforderungen der Organisation abgestimmt werden.<\/li>\n\n\n\n<li><strong>Integrierte Risiko- und Compliance-Frameworks:<\/strong> SIS consultants leverage their deep understanding of regulatory landscapes and <a href=\"https:\/\/www.sisinternational.com\/de\/sachverstand\/branchen\/marktforschung-im-industriedesign\/\" title=\"Marktforschung f\u00fcr Industriedesign\"  data-wpil-monitor-id=\"10613\">industry best practices to design<\/a> integrated risk management and compliance frameworks. These frameworks ensure that organizations meet current regulatory requirements and are prepared for future changes in the governance landscape.<\/li>\n\n\n\n<li><strong>Entwicklung und Effektivit\u00e4t des Vorstands:<\/strong> Ein Schwerpunkt des SIS-Ansatzes liegt auf der Verbesserung der Effektivit\u00e4t des Vorstands. Dazu geh\u00f6rt die Beratung bei der Zusammensetzung und Struktur des Vorstands, die Erleichterung von Vorstandsbewertungen und die Bereitstellung von Schulungs- und Entwicklungsprogrammen, um sicherzustellen, dass die Vorstandsmitglieder umfassend f\u00fcr die strategische Aufsicht und F\u00fchrung ger\u00fcstet sind.<\/li>\n\n\n\n<li><strong>Ethische und nachhaltige Unternehmensf\u00fchrung:<\/strong> SIS-Berater legen gro\u00dfen Wert auf ethische und nachhaltige Governance-Praktiken. Berater arbeiten mit Organisationen zusammen, um ethische Werte und Nachhaltigkeitsprinzipien in ihre Governance-Strukturen einzubetten und eine Kultur der Integrit\u00e4t und Verantwortung zu f\u00f6rdern, die bei den Stakeholdern Anklang findet und langfristigen Erfolg unterst\u00fctzt.<\/li>\n\n\n\n<li><strong>Strategien zur Einbindung der Stakeholder:<\/strong> Da wir uns der Bedeutung des Vertrauens und Engagements der Stakeholder bewusst sind, umfasst der SIS-Ansatz die Entwicklung umfassender Strategien zur Kommunikation und Einbindung der Stakeholder. Diese Strategien erh\u00f6hen die Transparenz, f\u00f6rdern den Dialog und bauen starke Beziehungen zu Aktion\u00e4ren, Kunden, Mitarbeitern und der breiteren \u00d6ffentlichkeit auf.<\/li>\n\n\n\n<li><strong>Laufende Unterst\u00fctzung und Anpassung:<\/strong> Die Unternehmensf\u00fchrung erfordert eine kontinuierliche Anpassung und Verbesserung. Daher bietet SIS Organisationen fortlaufende Unterst\u00fctzung, \u00dcberwachung und Beratung, um sicherzustellen, dass ihre Governance-Praktiken effektiv und reaktionsf\u00e4hig bleiben und mit sich entwickelnden gesch\u00e4ftlichen und regulatorischen Umgebungen im Einklang stehen.<\/li>\n<\/ul>\n\n\n\n<h2 class=\"wp-block-heading\">Chancen in der Corporate Governance-Beratung f\u00fcr Unternehmen<\/h2>\n\n\n\n\n\n<p><\/p>\n\n\n\n<p>Die Corporate Governance-Beratung bietet Unternehmen, die ihre Governance-Strukturen st\u00e4rken und ihre strategische Gesamtleistung verbessern m\u00f6chten, zahlreiche M\u00f6glichkeiten. Hier sind einige M\u00f6glichkeiten, die Unternehmen durch die Einbeziehung einer Corporate Governance-Beratung nutzen k\u00f6nnen:<\/p>\n\n\n\n<ul class=\"wp-block-list\">\n<li><strong>Verbesserung der Kompetenzen und Dynamik des Vorstands:<\/strong> Eine der wichtigsten M\u00f6glichkeiten liegt in der Optimierung der Zusammensetzung und Funktionalit\u00e4t des Vorstands. Beratungsleistungen k\u00f6nnen Einblicke in Best Practices f\u00fcr Vorstandsstruktur, Diversit\u00e4t und Dynamik geben und so die Entscheidungs- und Kontrollm\u00f6glichkeiten deutlich verbessern.<\/li>\n\n\n\n<li><strong>F\u00f6rderung ethischer und nachhaltiger Praktiken:<\/strong> As stakeholders increasingly value corporate responsibility and sustainability, businesses have the opportunity to lead in these areas. Corporate governance consulting can guide the integration of ethical considerations and <a href=\"https:\/\/www.sisinternational.com\/de\/nachhaltigkeitsstrategien-fur-unternehmen-eine-fallstudie-von-siemens\/\" title=\"Nachhaltigkeitsstrategien f\u00fcr Unternehmen: Eine Siemens-Fallstudie\"  data-wpil-monitor-id=\"7509\">sustainability goals into corporate strategies<\/a>, enhancing reputation and stakeholder trust.<\/li>\n\n\n\n<li><strong>Vorbereitung auf zuk\u00fcnftige Herausforderungen und Chancen:<\/strong> Corporate governance consulting can help businesses anticipate and prepare for future challenges and opportunities, ensuring they remain agile and adaptive in a rapidly evolving business environment. This forward-looking approach is vital for <a href=\"https:\/\/www.sisinternational.com\/de\/entwicklung-eines-nachhaltigen-wettbewerbsvorteils\/\" title=\"Entwicklung eines nachhaltigen Wettbewerbsvorteils\"  data-wpil-monitor-id=\"10620\">sustaining growth and competitiveness<\/a>.<\/li>\n<\/ul>","protected":false},"excerpt":{"rendered":"<p>Die Corporate-Governance-Beratung unterst\u00fctzt Unternehmen bei der Entwicklung und Implementierung wirksamer Governance-Strukturen und -Praktiken.<\/p>","protected":false},"author":1,"featured_media":71934,"parent":14567,"menu_order":41,"comment_status":"closed","ping_status":"closed","template":"","meta":{"footnotes":""},"class_list":["post-46559","page","type-page","status-publish","has-post-thumbnail"],"_links":{"self":[{"href":"https:\/\/www.sisinternational.com\/de\/wp-json\/wp\/v2\/pages\/46559","targetHints":{"allow":["GET"]}}],"collection":[{"href":"https:\/\/www.sisinternational.com\/de\/wp-json\/wp\/v2\/pages"}],"about":[{"href":"https:\/\/www.sisinternational.com\/de\/wp-json\/wp\/v2\/types\/page"}],"author":[{"embeddable":true,"href":"https:\/\/www.sisinternational.com\/de\/wp-json\/wp\/v2\/users\/1"}],"replies":[{"embeddable":true,"href":"https:\/\/www.sisinternational.com\/de\/wp-json\/wp\/v2\/comments?post=46559"}],"version-history":[{"count":10,"href":"https:\/\/www.sisinternational.com\/de\/wp-json\/wp\/v2\/pages\/46559\/revisions"}],"predecessor-version":[{"id":81740,"href":"https:\/\/www.sisinternational.com\/de\/wp-json\/wp\/v2\/pages\/46559\/revisions\/81740"}],"up":[{"embeddable":true,"href":"https:\/\/www.sisinternational.com\/de\/wp-json\/wp\/v2\/pages\/14567"}],"wp:featuredmedia":[{"embeddable":true,"href":"https:\/\/www.sisinternational.com\/de\/wp-json\/wp\/v2\/media\/71934"}],"wp:attachment":[{"href":"https:\/\/www.sisinternational.com\/de\/wp-json\/wp\/v2\/media?parent=46559"}],"curies":[{"name":"wp","href":"https:\/\/api.w.org\/{rel}","templated":true}]}}