{"id":46540,"date":"2024-02-28T11:24:53","date_gmt":"2024-02-28T16:24:53","guid":{"rendered":"https:\/\/www.sisinternational.com\/?page_id=46540"},"modified":"2025-10-22T23:48:21","modified_gmt":"2025-10-23T03:48:21","slug":"beratung-zu-erneuerbaren-energien","status":"publish","type":"page","link":"https:\/\/www.sisinternational.com\/de\/losungen\/strategieberatung\/beratung-zu-erneuerbaren-energien\/","title":{"rendered":"Beratung zu erneuerbaren Energien"},"content":{"rendered":"<h1 class=\"wp-block-heading\">Beratung zu erneuerbaren Energien<\/h1>\n\n\n\n<figure class=\"gb-block-image gb-block-image-7b747e55\"><img loading=\"lazy\" decoding=\"async\" width=\"1456\" height=\"816\" class=\"gb-image gb-image-7b747e55\" src=\"https:\/\/www.sisinternational.com\/wp-content\/uploads\/2025\/10\/Energy-Renewables-2.jpg\" alt=\"SIS International Marktforschung &amp; Strategie\" title=\"Energy Renewables (2)\" srcset=\"https:\/\/www.sisinternational.com\/wp-content\/uploads\/2025\/10\/Energy-Renewables-2.jpg 1456w, https:\/\/www.sisinternational.com\/wp-content\/uploads\/2025\/10\/Energy-Renewables-2-300x168.jpg 300w, https:\/\/www.sisinternational.com\/wp-content\/uploads\/2025\/10\/Energy-Renewables-2-1024x574.jpg 1024w, https:\/\/www.sisinternational.com\/wp-content\/uploads\/2025\/10\/Energy-Renewables-2-768x430.jpg 768w, https:\/\/www.sisinternational.com\/wp-content\/uploads\/2025\/10\/Energy-Renewables-2-18x10.jpg 18w\" sizes=\"auto, (max-width: 1456px) 100vw, 1456px\"><\/figure>\n\n\n\n<p><\/p>\n\n\n\n<p>Der \u00dcbergang zu gr\u00fcner Energie ist nicht nur ein \u00f6kologisches Gebot, sondern auch eine strategische Gesch\u00e4ftsentscheidung, die die Zukunft Ihres Betriebs bestimmen kann. Die Beratung zu erneuerbaren Energien steht bei diesem transformativen Prozess an vorderster Front und bietet fachkundige Beratung, um die komplizierten Wege zu nachhaltigen Energiel\u00f6sungen zu beschreiten.<\/p>\n\n\n\n<h2 class=\"wp-block-heading\">Was ist Beratung zu erneuerbaren Energien?<\/h2>\n\n\n\n<p>Die Beratung zu erneuerbaren Energien bietet Unternehmen Einblicke und Strategien, um die Energie erneuerbarer Ressourcen effektiv zu nutzen. Dieser Beratungsdienst ist f\u00fcr die weltweite Energiewende von entscheidender Bedeutung und erm\u00f6glicht es Unternehmen, die Komplexit\u00e4t der Einf\u00fchrung nachhaltiger Energiequellen zu meistern.<\/p>\n\n\n\n<p>At its core, energy renewables consulting is about more than just the transition to green energy; it&#8217;s a comprehensive approach to optimizing energy use, enhancing sustainability, and driving economic growth. <a href=\"https:\/\/www.sisinternational.com\/de\/prozessautomatisierungssysteme-in-den-usa\/\" title=\"Beratung zur Automatisierungsstrategie\"  data-wpil-monitor-id=\"8141\">Consultants in this field assess the energy<\/a> needs of their clients, evaluate the feasibility of various renewable energy technologies, and develop tailored strategies that align with the company&#8217;s goals and the broader sustainability agenda. This process involves a deep dive into renewable energy projects&#8217; technical, economic, and regulatory aspects, ensuring that businesses can make informed decisions and maximize their investments in green energy.<\/p>\n\n\n\n<p>Berater leisten unsch\u00e4tzbare Unterst\u00fctzung, indem sie die rentabelsten erneuerbaren Energiequellen f\u00fcr bestimmte Vorg\u00e4nge identifizieren, effiziente Energiesysteme entwerfen und die Finanzierung f\u00fcr Projekte im Bereich erneuerbare Energien sicherstellen.<\/p>\n\n\n\n<h2 class=\"wp-block-heading\">Warum Unternehmen Beratung zu erneuerbaren Energien ben\u00f6tigen<\/h2>\n\n\n\n<p>Energy renewables consulting offers the specialized knowledge and skills necessary to overcome these obstacles, ensuring businesses can implement sustainable energy solutions effectively and efficiently. Consultants bring a wealth of experience in assessing the viability of different renewable technologies, from solar panels and wind turbines to biomass systems and geothermal <a href=\"https:\/\/www.sisinternational.com\/de\/vom-winde-verweht-die-finanzkrise-und-die-windenergie\/\" title=\"Vom Winde verweht? Die Finanzkrise und die Windenergie\"  data-wpil-monitor-id=\"4492\">Energie<\/a>, providing a roadmap for integration that aligns with the business\u2019s operational requirements and sustainability objectives.<\/p>\n\n\n\n<p>Dar\u00fcber hinaus sind die finanziellen Auswirkungen von Investitionen in erneuerbare Energien erheblich. Die Beratung zu erneuerbaren Energien hilft Unternehmen, die Kosten-Nutzen-Analyse von Projekten im Bereich erneuerbare Energien zu verstehen, wobei die Anfangsinvestition, m\u00f6gliche Einsparungen bei den Energiekosten, Wartungskosten und die Kapitalrendite im Laufe der Zeit ber\u00fccksichtigt werden. Berater spielen auch eine entscheidende Rolle bei der Identifizierung von Finanzierungsm\u00f6glichkeiten, darunter Zusch\u00fcsse, Steueranreize und andere Finanzmechanismen, die die Einf\u00fchrung gr\u00fcner Energie unterst\u00fctzen sollen.<\/p>\n\n\n\n<p>Und schlie\u00dflich sind die Reputationsvorteile, die sich durch den Einsatz erneuerbarer Energien ergeben, von entscheidender Bedeutung. Verbraucher, Investoren und Stakeholder fordern von Unternehmen zunehmend nachhaltige Praktiken \u2013 und die Beratung zu erneuerbaren Energien unterst\u00fctzt Unternehmen dabei, diese Erwartungen zu erf\u00fcllen und ihr Engagement f\u00fcr Nachhaltigkeit zu kommunizieren, ihr Markenimage zu verbessern und Vertrauen bei ihrem Publikum aufzubauen.<\/p>\n\n\n\n<h2 class=\"wp-block-heading\">Welche Vorteile bietet die Beratung zu erneuerbaren Energien?<\/h2>\n\n\n\n<p>Die Beratung zu erneuerbaren Energien erleichtert diesen \u00dcbergang und bietet eine Reihe von Vorteilen, die weit \u00fcber die \u00f6kologische Nachhaltigkeit hinausgehen. Hier finden Sie eine \u00dcbersicht \u00fcber die wichtigsten Vorteile, die Unternehmen durch die Einbindung einer Beratung zu erneuerbaren Energien erzielen k\u00f6nnen.<\/p>\n\n\n\n<ul class=\"wp-block-list\">\n<li><strong>Reduzierte Energiekosten:<\/strong> Einer der greifbarsten Vorteile der Nutzung erneuerbarer Energien ist das Potenzial f\u00fcr erhebliche Energiekostensenkungen. Berater helfen Unternehmen dabei, die effizientesten L\u00f6sungen f\u00fcr erneuerbare Energien zu finden und umzusetzen, die auf ihre spezifischen Bed\u00fcrfnisse zugeschnitten sind. Dies f\u00fchrt im Laufe der Zeit zu niedrigeren Stromrechnungen und Betriebskosten.<\/li>\n\n\n\n<li><strong>Verbesserte Nachhaltigkeit:<\/strong> Die Beratung zu erneuerbaren Energien unterst\u00fctzt Unternehmen bei ihren Bem\u00fchungen, nachhaltiger zu werden. Durch die Umstellung auf erneuerbare Energiequellen k\u00f6nnen Unternehmen ihren CO2-Fu\u00dfabdruck und ihre Umweltbelastung drastisch reduzieren, sich an globalen Nachhaltigkeitszielen orientieren und zum Kampf gegen den Klimawandel beitragen.<\/li>\n\n\n\n<li><strong>Improved Brand <\/strong><a href=\"https:\/\/www.sisinternational.com\/de\/sachverstand\/branchen\/reputationsmarktforschung\/\" title=\"Reputationsmarktforschung\"  data-wpil-monitor-id=\"8146\">Reputation and Competitive Advantage: In today&#8217;s market<\/a>, sustainability is a key factor influencing consumer preferences and investment decisions. Businesses that demonstrate a commitment to renewable energy and sustainability can enhance their brand reputation, attract environmentally conscious consumers and employees, and gain a competitive edge in their industry.<\/li>\n\n\n\n<li><strong>Zugang zu Anreizen und Einhaltung von Vorschriften:<\/strong> Die Beratung zu erneuerbaren Energien bietet fachkundige Beratung bei der Ermittlung anwendbarer Anreize, der Sicherung finanzieller Vorteile und der Gew\u00e4hrleistung der Einhaltung lokaler, nationaler und internationaler gesetzlicher Anforderungen, um potenzielle Bu\u00dfgelder und Strafen zu vermeiden.<\/li>\n\n\n\n<li><strong>Risikomanagement und Resilienz:<\/strong> Fossil <a href=\"https:\/\/www.sisinternational.com\/de\/sachverstand\/branchen\/marktforschung-fur-dusentreibstoff\/\" title=\"Marktforschung f\u00fcr D\u00fcsentreibstoff\"  data-wpil-monitor-id=\"8145\">fuel dependence exposes businesses to market<\/a> volatility and geopolitical risks. With the assistance of energy renewables consulting, transitioning to renewable energy mitigates these risks, ensuring a more stable and predictable energy supply. This shift enhances operational resilience, preparing businesses to face future challenges in the energy sector.<\/li>\n<\/ul>\n\n\n\n<h2 class=\"wp-block-heading\">Wer nutzt Energy Renewables Consulting<\/h2>\n\n\n\n<p>Large Corporations and Industrial Players are among the primary users of energy renewables consulting. Reducing energy costs and meeting corporate sustainability goals are critical priorities for these entities. <a href=\"https:\/\/www.sisinternational.com\/de\/losungen\/strategieberatung\/strategische-roadmap-beratung\/\" title=\"Strategische Roadmap-Beratung\"  data-wpil-monitor-id=\"8143\">Consulting services provide them with strategic roadmaps<\/a> to deploy large-scale renewable energy projects, optimize energy consumption, and achieve carbon neutrality.<\/p>\n\n\n\n<p>Auch KMU profitieren stark von der Beratung zu erneuerbaren Energien. Obwohl sie m\u00f6glicherweise mit strengeren Budgetbeschr\u00e4nkungen konfrontiert sind, erkennen KMU zunehmend die Bedeutung von Nachhaltigkeit f\u00fcr Wettbewerbsf\u00e4higkeit und Compliance. Berater schneidern L\u00f6sungen, die den spezifischen Bed\u00fcrfnissen von KMU entsprechen, und helfen ihnen, kosteng\u00fcnstige Optionen f\u00fcr erneuerbare Energien zu finden, staatliche Anreize zu nutzen und energieeffiziente Praktiken umzusetzen, die erhebliche Einsparungen und Umweltvorteile bringen.<\/p>\n\n\n\n<p>Regierungen und \u00f6ffentliche Organisationen wenden sich an die Beratung f\u00fcr erneuerbare Energien, um die Entwicklung von Richtlinien, die Planung von Infrastrukturen und die F\u00f6rderung erneuerbarer Energien in ihren Zust\u00e4ndigkeitsbereichen zu unterst\u00fctzen. Berater bieten Einblicke in die neuesten Technologien, Markttrends und regulatorischen Rahmenbedingungen und erleichtern die Entwicklung von Richtlinien und Programmen, die die Einf\u00fchrung erneuerbarer Energien und Nachhaltigkeitsinitiativen in Gemeinden f\u00f6rdern.<\/p>\n\n\n\n<h2 class=\"wp-block-heading\">Kritische Erfolgsfaktoren f\u00fcr eine erfolgreiche Beratung im Bereich erneuerbare Energien<\/h2>\n\n\n\n<figure class=\"gb-block-image gb-block-image-1638e495\"><img loading=\"lazy\" decoding=\"async\" width=\"1456\" height=\"816\" class=\"gb-image gb-image-1638e495\" src=\"https:\/\/www.sisinternational.com\/wp-content\/uploads\/2025\/10\/Energy-Renewables-3.jpg\" alt=\"SIS International Marktforschung &amp; Strategie\" title=\"Energy Renewables (3)\" srcset=\"https:\/\/www.sisinternational.com\/wp-content\/uploads\/2025\/10\/Energy-Renewables-3.jpg 1456w, https:\/\/www.sisinternational.com\/wp-content\/uploads\/2025\/10\/Energy-Renewables-3-300x168.jpg 300w, https:\/\/www.sisinternational.com\/wp-content\/uploads\/2025\/10\/Energy-Renewables-3-1024x574.jpg 1024w, https:\/\/www.sisinternational.com\/wp-content\/uploads\/2025\/10\/Energy-Renewables-3-768x430.jpg 768w, https:\/\/www.sisinternational.com\/wp-content\/uploads\/2025\/10\/Energy-Renewables-3-18x10.jpg 18w\" sizes=\"auto, (max-width: 1456px) 100vw, 1456px\"><\/figure>\n\n\n\n<p><\/p>\n\n\n\n<p>Der Erfolg der Beratung zu erneuerbaren Energien h\u00e4ngt von mehreren Schl\u00fcsselfaktoren ab, die sicherstellen, dass Projekte erfolgreich sind und die gew\u00fcnschten Ergebnisse erzielen. Das Verst\u00e4ndnis dieser kritischen Erfolgsfaktoren ist f\u00fcr Unternehmen und Berater von entscheidender Bedeutung, wenn sie die Komplexit\u00e4t der Integration von L\u00f6sungen f\u00fcr erneuerbare Energien bew\u00e4ltigen m\u00fcssen.<\/p>\n\n\n\n<ul class=\"wp-block-list\">\n<li><strong>Ma\u00dfgeschneiderte L\u00f6sungen:<\/strong> Ein Einheitsansatz ist f\u00fcr Projekte im Bereich erneuerbare Energien nicht anwendbar, da die Energiebed\u00fcrfnisse, Betriebskontexte und Nachhaltigkeitsziele verschiedener Organisationen unterschiedlich sind. Erfolgreiche Beratung im Bereich erneuerbare Energien erfordert die Entwicklung ma\u00dfgeschneiderter L\u00f6sungen, die die spezifischen Umst\u00e4nde jedes Kunden ber\u00fccksichtigen. Um optimale Ergebnisse zu erzielen, ist es entscheidend, Strategien zu entwickeln, die den Zielen, Budgetbeschr\u00e4nkungen und Betriebsanforderungen des Kunden entsprechen.<\/li>\n\n\n\n<li><strong>Einbindung der Stakeholder:<\/strong> F\u00fcr die erfolgreiche Umsetzung von Projekten im Bereich erneuerbare Energien ist die Einbindung aller Beteiligten auf allen Ebenen, von der Gesch\u00e4ftsf\u00fchrung bis zum Betriebspersonal, von entscheidender Bedeutung. Effektive Kommunikation und Zusammenarbeit stellen sicher, dass alle Beteiligten die Ziele des Projekts verfolgen, ihre Rollen verstehen und sich f\u00fcr dessen Erfolg einsetzen.<\/li>\n\n\n\n<li><strong>Einhaltung gesetzlicher Vorschriften und Anreiznavigation:<\/strong> F\u00fcr die Rentabilit\u00e4t und den finanziellen Erfolg von Projekten im Bereich erneuerbare Energien ist es entscheidend, sich in der komplexen regulatorischen Landschaft zurechtzufinden und geeignete Anreize zu finden. Die Beratung zu erneuerbaren Energien muss fachkundige Beratung zur Einhaltung lokaler, nationaler und internationaler Vorschriften bieten und bei der Sicherung von Zusch\u00fcssen, Steuererleichterungen und anderen Anreizen helfen, die die Projektkosten erheblich senken und die Kapitalrendite steigern k\u00f6nnen.<\/li>\n<\/ul>\n\n\n\n<h2 class=\"wp-block-heading\">Hauptakteure auf dem Markt f\u00fcr erneuerbare Energien<\/h2>\n\n\n\n<p>Der <a href=\"https:\/\/www.sisinternational.com\/de\/sachverstand\/branchen\/marktforschung-fur-erneuerbare-energien\/\" title=\"Marktforschung f\u00fcr erneuerbare Energien\"  data-wpil-monitor-id=\"8142\">energy renewables market<\/a> is a rapidly evolving sector, driven by the increasing demand for sustainable and clean energy sources. Understanding these main players and their roles can provide valuable insights into the <a href=\"https:\/\/www.sisinternational.com\/de\/abdeckung\/die-amerikaner\/usa-berichterstattung\/marktforschung-im-staat-new-york\/\" title=\"Marktforschung im Staat New York\"  data-wpil-monitor-id=\"8147\">market&#8217;s current state<\/a> and future directions.<\/p>\n\n\n\n<ul class=\"wp-block-list\">\n<li><strong>Vestas Wind Systems A\/S<\/strong> is a <a href=\"https:\/\/www.sisinternational.com\/de\/veroffentlichungen\/uberkritische-losungen-globale-energiezukunft\/\" title=\"Globale Energiemarktforschung: \u00dcberkritische L\u00f6sungen f\u00fcr unsere Energiezukunft\"  data-wpil-monitor-id=\"8144\">global leader in wind energy solutions<\/a>. The company designs, manufactures, installs, and services wind turbines across the globe. Vestas is renowned for its commitment to quality and innovation, continually pushing the boundaries of wind technology to increase efficiency and reduce the cost of wind energy.<\/li>\n\n\n\n<li><strong>Siemens Gamesa Renewable Energy<\/strong> vereint die St\u00e4rken des Windkraftgesch\u00e4fts von Siemens mit der umfassenden Erfahrung von Gamesa in der Windindustrie. Das Unternehmen bietet verschiedene Windturbinendesigns und -dienstleistungen an und konzentriert sich auf nachhaltige Energiel\u00f6sungen, die zum globalen \u00dcbergang zu erneuerbaren Energien beitragen.<\/li>\n\n\n\n<li><strong>SolarEdge Technologies<\/strong> ist auf intelligente Energietechnologie spezialisiert, darunter Solarwechselrichter, Energiespeichersysteme und Energiemanagementl\u00f6sungen. Die innovativen Produkte von SolarEdge erm\u00f6glichen eine effizientere Nutzung und Verwaltung von Solarenergie und spielen eine entscheidende Rolle bei der Verbreitung der Solarenergie.<\/li>\n\n\n\n<li><strong>SunPower Corporation<\/strong> ist ein f\u00fchrender Anbieter von Solartechnologie und Energiedienstleistungen. SunPower ist f\u00fcr seine hocheffizienten Solarmodule und -systeme bekannt und bietet umfassende Solarl\u00f6sungen, die den Anforderungen privater, gewerblicher und industrieller Kunden gerecht werden und die Nutzung von Solarenergie vorantreiben.<\/li>\n\n\n\n<li><strong>GE Erneuerbare Energien<\/strong> ist eine Abteilung von General Electric, die sich auf die Bereitstellung von L\u00f6sungen f\u00fcr erneuerbare Energien konzentriert, darunter Wind-, Solar- und Wasserkraft. GE Renewable Energy kombiniert Spitzentechnologie mit umfassender Branchenerfahrung, um Kunden dabei zu helfen, die Kraft erneuerbarer Energien zu nutzen.<\/li>\n<\/ul>\n\n\n\n<h2 class=\"wp-block-heading\">Der SIS-Ansatz zur Beratung im Bereich erneuerbare Energien<\/h2>\n\n\n\n<p>Der SIS-Ansatz zur Beratung im Bereich erneuerbare Energien umfasst eine strategische, umfassende Methodik, die Unternehmen durch die Komplexit\u00e4t der Umstellung auf erneuerbare Energien f\u00fchrt. Dieser Ansatz integriert tiefgreifende Branchenkenntnisse, modernste Forschung und ma\u00dfgeschneiderte Strategien, um Kunden dabei zu unterst\u00fctzen, die Vorteile erneuerbarer Energien effektiv zu nutzen. Hier erfahren Sie, wie sich der SIS-Ansatz in der Beratung im Bereich erneuerbare Energien auszeichnet.<\/p>\n\n\n\n<ul class=\"wp-block-list\">\n<li><strong>Ma\u00dfgeschneiderte strategische Planung: <\/strong>Da jedes Unternehmen einen individuellen Energiebedarf und individuelle Nachhaltigkeitsziele hat, beginnt der SIS-Ansatz mit der Entwicklung eines ma\u00dfgeschneiderten strategischen Plans. Dieser Plan ist auf die spezifischen Umst\u00e4nde des Kunden zugeschnitten, einschlie\u00dflich seiner betrieblichen Anforderungen, finanziellen Ziele und langfristigen Vision f\u00fcr Nachhaltigkeit. Durch die Bereitstellung einer pers\u00f6nlichen Beratung stellt SIS sicher, dass die vorgeschlagenen L\u00f6sungen f\u00fcr erneuerbare Energien realisierbar und mit der allgemeinen Gesch\u00e4ftsstrategie des Kunden vereinbar sind.<\/li>\n\n\n\n<li><strong>Detaillierte Markt- und Machbarkeitsanalyse: <\/strong>A critical component of the SIS approach is conducting thorough <a href=\"https:\/\/www.sisinternational.com\/de\/fallstudien\/\" title=\"Fallstudien\"  data-wpil-monitor-id=\"8140\">market research and feasibility studies<\/a>. This analysis evaluates the latest renewable energy technologies, market trends, regulatory environments, and potential financial incentives. SIS leverages this data to assess the viability of various renewable energy projects, helping clients make informed decisions based on comprehensive insights into the opportunities and challenges within the renewable energy sector.<\/li>\n\n\n\n<li><strong>Fachwissen zu erneuerbaren Energietechnologien: <\/strong>Die Vielfalt erneuerbarer Energiequellen, von Solar- und Windenergie bis hin zu Biomasse und Geothermie, erfordert ein breites Spektrum an Fachwissen. SIS-Berater verf\u00fcgen \u00fcber Fachwissen zu diesen Technologien und stellen sicher, dass Kunden auf fachkundige Beratung zu den f\u00fcr ihre Anforderungen am besten geeigneten und effizientesten L\u00f6sungen zugreifen k\u00f6nnen. Dieses Fachwissen ist entscheidend, um die technischen Komplexit\u00e4ten von Projekten im Bereich erneuerbarer Energien zu meistern und optimale Leistung und Nachhaltigkeit zu erzielen.<\/li>\n\n\n\n<li><strong>Regulatorische Leitlinien und Anreiznavigation: <\/strong>F\u00fcr jedes Projekt im Bereich erneuerbarer Energien ist es unerl\u00e4sslich, sich in der regulatorischen Landschaft zurechtzufinden und anwendbare Anreize zu identifizieren. Der SIS-Ansatz umfasst die Bereitstellung von Expertenberatung f\u00fcr Kunden zur Einhaltung lokaler, nationaler und internationaler Vorschriften sowie Hilfe bei der Sicherung finanzieller Anreize, Zusch\u00fcsse und Steuervorteile. Diese Unterst\u00fctzung tr\u00e4gt dazu bei, rechtliche Risiken zu minimieren und die finanzielle Rendite von Investitionen in erneuerbare Energien zu maximieren.<\/li>\n\n\n\n<li><strong>Nachhaltigkeitsintegration und -berichterstattung: <\/strong>\u00dcber die Implementierung von L\u00f6sungen f\u00fcr erneuerbare Energien hinaus legt der SIS-Ansatz Wert darauf, Nachhaltigkeit in alle Aspekte der Gesch\u00e4ftst\u00e4tigkeit des Kunden zu integrieren. Dazu geh\u00f6rt die Entwicklung von Strategien f\u00fcr Energieeffizienz, Abfallreduzierung und nachhaltiges Ressourcenmanagement. SIS unterst\u00fctzt Kunden auch bei der Nachhaltigkeitsberichterstattung und -kommunikation, sodass sie ihren Stakeholdern ihr Engagement f\u00fcr erneuerbare Energien und Umweltschutz pr\u00e4sentieren k\u00f6nnen.<\/li>\n<\/ul>\n\n\n\n<h2 class=\"wp-block-heading\">Chancen im Bereich erneuerbarer Energien f\u00fcr Unternehmen<\/h2>\n\n\n\n<figure class=\"gb-block-image gb-block-image-dab6f5e5\"><img loading=\"lazy\" decoding=\"async\" width=\"1456\" height=\"816\" class=\"gb-image gb-image-dab6f5e5\" src=\"https:\/\/www.sisinternational.com\/wp-content\/uploads\/2025\/10\/Energy-Renewables-1.jpg\" alt=\"SIS International Marktforschung &amp; Strategie\" title=\"Energy Renewables (1)\" srcset=\"https:\/\/www.sisinternational.com\/wp-content\/uploads\/2025\/10\/Energy-Renewables-1.jpg 1456w, https:\/\/www.sisinternational.com\/wp-content\/uploads\/2025\/10\/Energy-Renewables-1-300x168.jpg 300w, https:\/\/www.sisinternational.com\/wp-content\/uploads\/2025\/10\/Energy-Renewables-1-1024x574.jpg 1024w, https:\/\/www.sisinternational.com\/wp-content\/uploads\/2025\/10\/Energy-Renewables-1-768x430.jpg 768w, https:\/\/www.sisinternational.com\/wp-content\/uploads\/2025\/10\/Energy-Renewables-1-18x10.jpg 18w\" sizes=\"auto, (max-width: 1456px) 100vw, 1456px\"><\/figure>\n\n\n\n<p><\/p>\n\n\n\n<p>Die Umstellung auf erneuerbare Energien er\u00f6ffnet zahlreiche Gesch\u00e4ftsm\u00f6glichkeiten in verschiedenen Sektoren. Durch die Nutzung erneuerbarer Energien k\u00f6nnen Unternehmen zum weltweiten Kampf gegen den Klimawandel beitragen und erhebliche wirtschaftliche, betriebliche und strategische Vorteile erzielen. Hier finden Sie eine \u00dcbersicht \u00fcber die wichtigsten Chancen, die erneuerbare Energien f\u00fcr Unternehmen bieten.<\/p>\n\n\n\n<ul class=\"wp-block-list\">\n<li><strong>Kosteneinsparungen und finanzielle Anreize:<\/strong> Einer der unmittelbarsten Vorteile von Investitionen in erneuerbare Energien ist das Potenzial f\u00fcr erhebliche Energiekosteneinsparungen. Erneuerbare Energiequellen wie Sonne und Wind bieten im Laufe der Zeit niedrigere Betriebskosten als herk\u00f6mmliche fossile Brennstoffe. Dar\u00fcber hinaus bieten Regierungen und internationale Organisationen h\u00e4ufig finanzielle Anreize wie Steuergutschriften, Zusch\u00fcsse und Subventionen, um Unternehmen zu ermutigen, L\u00f6sungen f\u00fcr erneuerbare Energien zu \u00fcbernehmen. Diese Anreize k\u00f6nnen die Anfangsinvestition erheblich reduzieren und die Kapitalrendite f\u00fcr Projekte im Bereich erneuerbarer Energien verbessern.<\/li>\n\n\n\n<li><strong>Betriebsstabilit\u00e4t und Energiesicherheit:<\/strong> Die Diversifizierung der Energiequellen durch die Einbeziehung erneuerbarer Energien kann die Betriebsstabilit\u00e4t und Energiesicherheit eines Unternehmens erheblich verbessern. Systeme f\u00fcr erneuerbare Energien, insbesondere solche vor Ort oder als Teil verteilter Energienetze, k\u00f6nnen eine zuverl\u00e4ssigere Energieversorgung gew\u00e4hrleisten und die Abh\u00e4ngigkeit vom Stromnetz verringern. Dies ist insbesondere in Regionen von Vorteil, in denen Energiepreise schwanken oder die Energieversorgung unzuverl\u00e4ssig sein kann.<\/li>\n\n\n\n<li><strong>Zugang zu aufstrebenden M\u00e4rkten und Technologien:<\/strong> Der Sektor der erneuerbaren Energien entwickelt sich rasant, wobei die Technologie st\u00e4ndig weiterentwickelt wird und die Kosten f\u00fcr erneuerbare Energiesysteme sinken. Durch die Einbindung einer Beratung zu erneuerbaren Energien k\u00f6nnen Unternehmen an der Spitze dieser Entwicklungen bleiben und fr\u00fchzeitig Zugang zu Schwellenm\u00e4rkten und Spitzentechnologien erhalten. Dies positioniert Unternehmen als Vorreiter in puncto Innovation und Nachhaltigkeit und verschafft ihnen einen Wettbewerbsvorteil in ihren jeweiligen Branchen.<\/li>\n\n\n\n<li><strong>Einhaltung gesetzlicher Vorschriften und Risikominderung:<\/strong> Angesichts des weltweit zunehmenden regulatorischen Drucks zur Reduzierung der CO2-Emissionen und Verbesserung der Nachhaltigkeitspraktiken k\u00f6nnen Unternehmen durch Investitionen in erneuerbare Energien diese Vorschriften proaktiv einhalten. Dies mindert das Risiko von Strafen und Bu\u00dfgeldern und positioniert das Unternehmen als verantwortungsbewusstes Mitglied der Gesellschaft, das globale Nachhaltigkeitsziele und -standards einh\u00e4lt.<\/li>\n<\/ul>","protected":false},"excerpt":{"rendered":"<p>Die Beratung zu erneuerbaren Energien bietet Unternehmen Einblicke und Strategien, um die Leistung erneuerbarer Ressourcen effektiv zu nutzen.<\/p>","protected":false},"author":1,"featured_media":71948,"parent":14567,"menu_order":35,"comment_status":"closed","ping_status":"closed","template":"","meta":{"footnotes":""},"class_list":["post-46540","page","type-page","status-publish","has-post-thumbnail"],"_links":{"self":[{"href":"https:\/\/www.sisinternational.com\/de\/wp-json\/wp\/v2\/pages\/46540","targetHints":{"allow":["GET"]}}],"collection":[{"href":"https:\/\/www.sisinternational.com\/de\/wp-json\/wp\/v2\/pages"}],"about":[{"href":"https:\/\/www.sisinternational.com\/de\/wp-json\/wp\/v2\/types\/page"}],"author":[{"embeddable":true,"href":"https:\/\/www.sisinternational.com\/de\/wp-json\/wp\/v2\/users\/1"}],"replies":[{"embeddable":true,"href":"https:\/\/www.sisinternational.com\/de\/wp-json\/wp\/v2\/comments?post=46540"}],"version-history":[{"count":9,"href":"https:\/\/www.sisinternational.com\/de\/wp-json\/wp\/v2\/pages\/46540\/revisions"}],"predecessor-version":[{"id":81370,"href":"https:\/\/www.sisinternational.com\/de\/wp-json\/wp\/v2\/pages\/46540\/revisions\/81370"}],"up":[{"embeddable":true,"href":"https:\/\/www.sisinternational.com\/de\/wp-json\/wp\/v2\/pages\/14567"}],"wp:featuredmedia":[{"embeddable":true,"href":"https:\/\/www.sisinternational.com\/de\/wp-json\/wp\/v2\/media\/71948"}],"wp:attachment":[{"href":"https:\/\/www.sisinternational.com\/de\/wp-json\/wp\/v2\/media?parent=46540"}],"curies":[{"name":"wp","href":"https:\/\/api.w.org\/{rel}","templated":true}]}}