{"id":46517,"date":"2024-02-28T11:39:10","date_gmt":"2024-02-28T16:39:10","guid":{"rendered":"https:\/\/www.sisinternational.com\/?page_id=46517"},"modified":"2026-01-26T14:34:54","modified_gmt":"2026-01-26T19:34:54","slug":"fahrzeug-zu-fahrzeug-kommunikationstechnologie-marktforschungsstrategieberatung","status":"publish","type":"page","link":"https:\/\/www.sisinternational.com\/de\/losungen\/strategieberatung\/fahrzeug-zu-fahrzeug-kommunikationstechnologie-marktforschungsstrategieberatung\/","title":{"rendered":"Automotive Consulting"},"content":{"rendered":"<h1 class=\"wp-block-heading\">Automotive Consulting<\/h1>\n\n\n\n<figure class=\"gb-block-image gb-block-image-bdde1652\"><img loading=\"lazy\" decoding=\"async\" width=\"1456\" height=\"816\" class=\"gb-image gb-image-bdde1652\" src=\"https:\/\/www.sisinternational.com\/wp-content\/uploads\/2025\/10\/Vehicle-to-Vehicle-Communication-4.jpg\" alt=\"SIS International Marktforschung &amp; Strategie\" title=\"Vehicle-to-Vehicle Communication (4)\" srcset=\"https:\/\/www.sisinternational.com\/wp-content\/uploads\/2025\/10\/Vehicle-to-Vehicle-Communication-4.jpg 1456w, https:\/\/www.sisinternational.com\/wp-content\/uploads\/2025\/10\/Vehicle-to-Vehicle-Communication-4-300x168.jpg 300w, https:\/\/www.sisinternational.com\/wp-content\/uploads\/2025\/10\/Vehicle-to-Vehicle-Communication-4-1024x574.jpg 1024w, https:\/\/www.sisinternational.com\/wp-content\/uploads\/2025\/10\/Vehicle-to-Vehicle-Communication-4-768x430.jpg 768w, https:\/\/www.sisinternational.com\/wp-content\/uploads\/2025\/10\/Vehicle-to-Vehicle-Communication-4-18x10.jpg 18w\" sizes=\"auto, (max-width: 1456px) 100vw, 1456px\"><\/figure>\n\n\n\n<p><\/p>\n\n\n\n<p>Da die Automobilindustrie auf eine zunehmend vernetzte Zukunft zusteuert, ist das Verst\u00e4ndnis der Dynamik der Fahrzeug-zu-Fahrzeug-Kommunikation (V2V) in einer Welt, in der eine nahtlose Interaktion zwischen Fahrzeugen mehr Sicherheit, Effizienz und Komfort verspricht, unerl\u00e4sslich. Aus diesem Grund ist es strategisch notwendig, sich mit der Marktforschung und Strategieberatung im Bereich der V2V-Kommunikationstechnologie zu befassen.<\/p>\n\n\n\n<h2 class=\"wp-block-heading\">Understanding Automotive Consulting<\/h2>\n\n\n\n<p>V2V communication enables vehicles to exchange information in real-time, paving the way for proactive safety measures, efficient traffic management, and enhanced driving experiences. For this reason, vehicle-to-vehicle <a href=\"https:\/\/www.sisinternational.com\/de\/sachverstand\/branchen\/dei-kommunikationsberatung\/\" title=\"DEI-Kommunikationsberatung\"  data-wpil-monitor-id=\"5042\">communication tech market research and strategy consulting<\/a> delve deep into deciphering consumer needs, technological advancements, regulatory landscapes, and competitive dynamics to chart a course toward successful integration and adoption of V2V communication technology.<\/p>\n\n\n\n<h2 class=\"wp-block-heading\">Importance of Automotive Consulting<\/h2>\n\n\n\n<p>Marktforschung und Strategieberatung f\u00fcr Fahrzeug-zu-Fahrzeug-Kommunikationstechnologie f\u00fchren Unternehmen zu nachhaltigem Wachstum und Wettbewerbsvorteilen. Durch die Analyse von Marktdynamik, Branchentrends und Verbraucherpr\u00e4ferenzen k\u00f6nnen Unternehmen wertvolle Erkenntnisse gewinnen, die ihre Produktentwicklung, Marketingstrategien und Markteintrittsentscheidungen beeinflussen.<\/p>\n\n\n\n<h2 class=\"wp-block-heading\">Automotive Consulting delivers many other benefits to businesses, including:<\/h2>\n\n\n\n<figure class=\"gb-block-image gb-block-image-f4d48f1a\"><img loading=\"lazy\" decoding=\"async\" width=\"1456\" height=\"816\" class=\"gb-image gb-image-f4d48f1a\" src=\"https:\/\/www.sisinternational.com\/wp-content\/uploads\/2025\/10\/Vehicle-to-Vehicle-Communication-3.jpg\" alt=\"SIS International Marktforschung &amp; Strategie\" title=\"Vehicle-to-Vehicle Communication (3)\" srcset=\"https:\/\/www.sisinternational.com\/wp-content\/uploads\/2025\/10\/Vehicle-to-Vehicle-Communication-3.jpg 1456w, https:\/\/www.sisinternational.com\/wp-content\/uploads\/2025\/10\/Vehicle-to-Vehicle-Communication-3-300x168.jpg 300w, https:\/\/www.sisinternational.com\/wp-content\/uploads\/2025\/10\/Vehicle-to-Vehicle-Communication-3-1024x574.jpg 1024w, https:\/\/www.sisinternational.com\/wp-content\/uploads\/2025\/10\/Vehicle-to-Vehicle-Communication-3-768x430.jpg 768w, https:\/\/www.sisinternational.com\/wp-content\/uploads\/2025\/10\/Vehicle-to-Vehicle-Communication-3-18x10.jpg 18w\" sizes=\"auto, (max-width: 1456px) 100vw, 1456px\"><\/figure>\n\n\n\n<ul class=\"wp-block-list\">\n<li><strong>Informierte Entscheidungsfindung:<\/strong> Durch Marktforschung und Strategieberatung im Bereich V2V-Kommunikationstechnologie erhalten Unternehmen wertvolle Einblicke in Verbraucherpr\u00e4ferenzen, Strategien der Konkurrenz und aufkommende Trends und k\u00f6nnen so in jeder Phase des Produktlebenszyklus fundierte Entscheidungen treffen.<\/li>\n\n\n\n<li><strong>Strategische Planung:<\/strong> Durch Marktforschung erhalten Unternehmen einen Fahrplan f\u00fcr den Erfolg. Sie hilft ihnen dabei, Marktchancen zu erkennen, ihre Wettbewerbsposition zu definieren und wirksame, auf ihre individuellen Bed\u00fcrfnisse und Ziele zugeschnittene Markteinf\u00fchrungsstrategien zu entwickeln.<\/li>\n\n\n\n<li><strong>Risikominderung:<\/strong> Through rigorous market analysis and <a class=\"wpil_keyword_link\" href=\"https:\/\/www.sisinternational.com\/de\/losungen\/schwerpunktgruppen\/szenarioplanung\/\"   title=\"Scenario Plannning\" data-wpil-keyword-link=\"linked\"  data-wpil-monitor-id=\"611\">Szenarioplanung<\/a>, businesses can identify and mitigate potential risks and challenges, minimizing the likelihood of costly setbacks and ensuring sustainable growth in an increasingly competitive marketplace.<\/li>\n\n\n\n<li><strong>Optimierte Ressourcenzuweisung:<\/strong> Unternehmen k\u00f6nnen dadurch ihre Ressourcen effektiv zuweisen, Investitionen in den Bereichen priorisieren, die die h\u00f6chsten Ertr\u00e4ge versprechen, und organisatorische F\u00e4higkeiten mit den Marktchancen in Einklang bringen, um eine maximale Wirkung zu erzielen.<\/li>\n<\/ul>\n\n\n\n<h2 class=\"wp-block-heading\">Who Leverages Automotive Consulting<\/h2>\n\n\n\n<p>F\u00fchrende Automobilhersteller verlassen sich auf Marktforschung und Strategieberatung im Bereich der Fahrzeug-zu-Fahrzeug-Kommunikationstechnologie, um die Verbrauchernachfrage vorherzusehen, ihre Produktentwicklungsbem\u00fchungen an neuen Trends auszurichten und sich einen Wettbewerbsvorteil auf dem Weltmarkt zu verschaffen.<\/p>\n\n\n\n<p>Ebenso nutzen auf V2V-Kommunikationstechnologie spezialisierte Unternehmen Erkenntnisse aus der Marktforschung, um ihr Produktangebot zu verfeinern, strategische Partnerschaften zu identifizieren und sich entwickelnde Marktchancen zu nutzen.<\/p>\n\n\n\n<p>Regulierungsbeh\u00f6rden, die die Verkehrsinfrastruktur und Sicherheitsstandards \u00fcberwachen, nutzen die Ergebnisse der Marktforschung auch als Grundlage f\u00fcr politische Entscheidungen, zur Festlegung regulatorischer Rahmenbedingungen und zur F\u00f6rderung der weitverbreiteten Einf\u00fchrung der V2V-Kommunikationstechnologie.<\/p>\n\n\n\n<p>Dar\u00fcber hinaus verlassen sich Investoren, die von der steigenden Nachfrage nach V2V-Kommunikationstechnologie profitieren m\u00f6chten, auf Marktforschung und Strategieberatung, um vielversprechende Investitionsm\u00f6glichkeiten zu identifizieren, das Marktpotenzial zu bewerten und Investitionsrisiken zu minimieren.<\/p>\n\n\n\n<h2 class=\"wp-block-heading\">Expected Results from Our Automotive Consulting<\/h2>\n\n\n\n<p>Durch die Teilnahme an unserer Marktforschung und Strategieberatung im Bereich Fahrzeug-zu-Fahrzeug-Kommunikationstechnologie k\u00f6nnen Unternehmen mit den folgenden Ergebnissen rechnen:<\/p>\n\n\n\n<ul class=\"wp-block-list\">\n<li><strong>Wettbewerbsvorteil:<\/strong> Ausgestattet mit einem umfassenden Verst\u00e4ndnis der Marktdynamik und des Wettbewerbsumfelds k\u00f6nnen Unternehmen einen Wettbewerbsvorteil erlangen, indem sie ungedeckte Bed\u00fcrfnisse identifizieren, ihre Angebote differenzieren und aufkommende Markttrends zu ihrem Vorteil nutzen.<\/li>\n\n\n\n<li><strong>M\u00f6glichkeiten zur Marktexpansion:<\/strong> Die strategischen Beratungsleistungen von SIS unterst\u00fctzen Unternehmen dabei, unerschlossene Marktsegmente zu identifizieren, die Machbarkeit eines Markteintritts einzusch\u00e4tzen und gezielte Expansionsstrategien zu entwickeln, um neue Wachstumschancen zu erschlie\u00dfen und die Marktdurchdringung zu maximieren.<\/li>\n\n\n\n<li><strong>Risikominderung:<\/strong> Durch die proaktive Identifizierung und Bew\u00e4ltigung potenzieller Risiken und Herausforderungen k\u00f6nnen Unternehmen Marktunsicherheiten, regulatorische H\u00fcrden und Wettbewerbsbedrohungen mildern, ihre Investitionen sch\u00fctzen und eine langfristige Rentabilit\u00e4t auf dem Markt f\u00fcr V2V-Kommunikationstechnologie sicherstellen.<\/li>\n\n\n\n<li><strong>Optimierter ROI:<\/strong> Unser datengesteuerter Ansatz f\u00fcr Marktforschung und Strategieberatung erm\u00f6glicht es Unternehmen, den Return on Investment zu optimieren, indem sie strategische Initiativen auf Marktchancen abstimmen, die Ressourcenverschwendung minimieren und das Umsatzpotenzial maximieren.<\/li>\n<\/ul>\n\n\n\n<h2 class=\"wp-block-heading\">Hauptakteure auf dem Markt f\u00fcr V2V-Kommunikationstechnologie<\/h2>\n\n\n\n<figure class=\"gb-block-image gb-block-image-9e8ccb5c\"><img loading=\"lazy\" decoding=\"async\" width=\"1456\" height=\"816\" class=\"gb-image gb-image-9e8ccb5c\" src=\"https:\/\/www.sisinternational.com\/wp-content\/uploads\/2025\/10\/Vehicle-to-Vehicle-Communication-2.jpg\" alt=\"SIS International Marktforschung &amp; Strategie\" title=\"Vehicle-to-Vehicle Communication (2)\" srcset=\"https:\/\/www.sisinternational.com\/wp-content\/uploads\/2025\/10\/Vehicle-to-Vehicle-Communication-2.jpg 1456w, https:\/\/www.sisinternational.com\/wp-content\/uploads\/2025\/10\/Vehicle-to-Vehicle-Communication-2-300x168.jpg 300w, https:\/\/www.sisinternational.com\/wp-content\/uploads\/2025\/10\/Vehicle-to-Vehicle-Communication-2-1024x574.jpg 1024w, https:\/\/www.sisinternational.com\/wp-content\/uploads\/2025\/10\/Vehicle-to-Vehicle-Communication-2-768x430.jpg 768w, https:\/\/www.sisinternational.com\/wp-content\/uploads\/2025\/10\/Vehicle-to-Vehicle-Communication-2-18x10.jpg 18w\" sizes=\"auto, (max-width: 1456px) 100vw, 1456px\"><\/figure>\n\n\n\n<p>ICH<\/p>\n\n\n\n<p>n the competitive landscape of V2V communication technology, several key players dominate the market, driving innovation and shaping industry trends \u2013 and here are some notable brands, companies, and products in the V2V communication tech market:<\/p>\n\n\n\n<ul class=\"wp-block-list\">\n<li><strong>Qualcomm:<\/strong> Qualcomm ist ein f\u00fchrender Anbieter von drahtlosen Kommunikationstechnologien, darunter L\u00f6sungen f\u00fcr V2V-Kommunikation. Die Snapdragon Automotive-Plattformen erm\u00f6glichen nahtlose Konnektivit\u00e4t und Kommunikation zwischen Fahrzeugen und ebnen so den Weg f\u00fcr mehr Sicherheit und Effizienz auf der Stra\u00dfe.<\/li>\n\n\n\n<li><strong>Bosch:<\/strong> Bosch ist ein weltweit f\u00fchrendes Unternehmen in der Automobiltechnologie und bietet eine Reihe von V2V-Kommunikationsl\u00f6sungen zur Verbesserung der Verkehrssicherheit und des Verkehrsmanagements. Die innovativen Hardware- und Softwarel\u00f6sungen erm\u00f6glichen Fahrzeugen den Austausch von Echtzeitdaten wie Geschwindigkeit, Position und Richtung, um Unf\u00e4lle zu vermeiden und den Verkehrsfluss zu optimieren.<\/li>\n\n\n\n<li><strong>Cisco-Systeme:<\/strong> Cisco ist ein f\u00fchrender Anbieter von Netzwerkl\u00f6sungen, darunter Technologien f\u00fcr V2V-Kommunikation und vernetzte Fahrzeuge. Die Netzwerkinfrastruktur- und Sicherheitsl\u00f6sungen von Cisco erm\u00f6glichen eine nahtlose Konnektivit\u00e4t und einen nahtlosen Datenaustausch zwischen Fahrzeugen, Cloud-Plattformen und Stra\u00dfeninfrastruktur und verbessern so die allgemeine Verkehrssicherheit und Verkehrseffizienz.<\/li>\n<\/ul>\n\n\n\n<h2 class=\"wp-block-heading\">Der SIS-Ansatz f\u00fcr Marktforschung und Strategieberatung im Bereich V2V-Kommunikationstechnologie<\/h2>\n\n\n\n<p>Bei SIS verfolgen wir einen umfassenden und datengesteuerten Ansatz f\u00fcr die Marktforschung und Strategieberatung im Bereich Fahrzeug-zu-Fahrzeug-Kommunikationstechnologie und stellen sicher, dass unsere Kunden umsetzbare Erkenntnisse und strategische Empfehlungen erhalten, die auf ihre spezifischen Bed\u00fcrfnisse und Ziele zugeschnitten sind. So gehen wir bei der Marktforschung und Strategieberatung im Bereich Fahrzeug-zu-Fahrzeug-Kommunikationstechnologie vor:<\/p>\n\n\n\n<ul class=\"wp-block-list\">\n<li><strong>Detaillierte Marktanalyse:<\/strong> We conduct thorough market analysis, leveraging primary and secondary <a href=\"https:\/\/www.sisinternational.com\/de\/abdeckung\/die-amerikaner\/marktforschung-in-der-karibik\/marktforschung-guadeloupe\/\" title=\"Marktforschung in Guadeloupe\"  data-wpil-monitor-id=\"6099\">research methods to gather data on market<\/a> trends, consumer preferences, competitor strategies, and regulatory landscapes. <\/li>\n\n\n\n<li><strong>Ma\u00dfgeschneiderte Strategieentwicklung:<\/strong> We work closely with clients to develop customized strategies aligned with their business goals and market opportunities. <\/li>\n\n\n\n<li><strong>Datengesteuerte Erkenntnisse:<\/strong> We employ advanced analytical techniques to derive actionable insights from data, including segmentation analysis, trend forecasting, and competitive benchmarking. <\/li>\n\n\n\n<li><strong>Kontinuierliche \u00dcberwachung und Optimierung:<\/strong> Our engagement doesn&#8217;t end with strategy development. We continuously monitor market dynamics, consumer behaviors, and competitive landscapes to ensure our clients remain agile and responsive to changing market conditions. <\/li>\n<\/ul>\n\n\n\n<h2 class=\"wp-block-heading\">Chancen in der V2V-Kommunikationstechnologie f\u00fcr Unternehmen<\/h2>\n\n\n\n<figure class=\"gb-block-image gb-block-image-3dd23fdb\"><img loading=\"lazy\" decoding=\"async\" width=\"1456\" height=\"816\" class=\"gb-image gb-image-3dd23fdb\" src=\"https:\/\/www.sisinternational.com\/wp-content\/uploads\/2025\/10\/Vehicle-to-Vehicle-Communication-1.jpg\" alt=\"SIS International Marktforschung &amp; Strategie\" title=\"Vehicle-to-Vehicle Communication (1)\" srcset=\"https:\/\/www.sisinternational.com\/wp-content\/uploads\/2025\/10\/Vehicle-to-Vehicle-Communication-1.jpg 1456w, https:\/\/www.sisinternational.com\/wp-content\/uploads\/2025\/10\/Vehicle-to-Vehicle-Communication-1-300x168.jpg 300w, https:\/\/www.sisinternational.com\/wp-content\/uploads\/2025\/10\/Vehicle-to-Vehicle-Communication-1-1024x574.jpg 1024w, https:\/\/www.sisinternational.com\/wp-content\/uploads\/2025\/10\/Vehicle-to-Vehicle-Communication-1-768x430.jpg 768w, https:\/\/www.sisinternational.com\/wp-content\/uploads\/2025\/10\/Vehicle-to-Vehicle-Communication-1-18x10.jpg 18w\" sizes=\"auto, (max-width: 1456px) 100vw, 1456px\"><\/figure>\n\n\n\n<p><\/p>\n\n\n\n<p>Laut Marktforschung und Strategieberatung im Bereich der Fahrzeug-zu-Fahrzeug-Kommunikationstechnologie stehen Unternehmen zahlreiche Chancen offen, die sie erkunden und nutzen k\u00f6nnen. Hier sind einige der wichtigsten M\u00f6glichkeiten, die Unternehmen nutzen k\u00f6nnen:<\/p>\n\n\n\n<ul class=\"wp-block-list\">\n<li><strong>L\u00f6sungen zur Verbesserung der Sicherheit:<\/strong> Businesses can develop and offer safety enhancement solutions that leverage V2V communication technology to prevent accidents, mitigate risks, and improve overall road safety. <\/li>\n\n\n\n<li><strong>Tools zur Effizienzoptimierung:<\/strong> V2V-Kommunikationstechnologie kann auch den Verkehrsfluss optimieren, Staus reduzieren und die Transporteffizienz verbessern. Unternehmen k\u00f6nnen adaptive Geschwindigkeitsregelungssysteme, kooperative adaptive Geschwindigkeitsregelungssysteme und Ampelkoordinationssysteme entwickeln, um den Verkehrsfluss zu optimieren und die Reisezeiten f\u00fcr Pendler und Nutzfahrzeuge zu minimieren.<\/li>\n\n\n\n<li><strong>Plattformen zur Datenmonetarisierung:<\/strong> With the proliferation of connected vehicles and V2V communication networks, businesses can capitalize on the vast amounts of data generated by these systems. <\/li>\n\n\n\n<li><strong>Flottenmanagement-L\u00f6sungen:<\/strong> V2V-Kommunikationstechnologie kann das Flottenmanagement erheblich verbessern, indem sie Echtzeit-Tracking, -\u00dcberwachung und Fahrzeugkommunikation erm\u00f6glicht. Unternehmen k\u00f6nnen Flottenmanagementl\u00f6sungen entwickeln, die V2V-Kommunikation zur Routenoptimierung, Fahrzeugdiagnose und \u00dcberwachung des Fahrerverhaltens nutzen, um die Betriebseffizienz zu steigern und die Kosten f\u00fcr Flottenbetreiber zu senken.<\/li>\n\n\n\n<li><strong>Integration mit neuen Technologien:<\/strong> Businesses can explore opportunities to integrate V2V communication technology with other emerging technologies such as autonomous driving, electric vehicles, and connected infrastructure.<\/li>\n<\/ul>","protected":false},"excerpt":{"rendered":"<p>Marktforschung und Strategieberatung im Bereich der Fahrzeug-zu-Fahrzeug-Kommunikationstechnologie verhelfen Unternehmen zu Wachstum und Wettbewerbsvorteilen.<\/p>","protected":false},"author":1,"featured_media":71898,"parent":14567,"menu_order":39,"comment_status":"closed","ping_status":"closed","template":"","meta":{"footnotes":""},"class_list":["post-46517","page","type-page","status-publish","has-post-thumbnail"],"_links":{"self":[{"href":"https:\/\/www.sisinternational.com\/de\/wp-json\/wp\/v2\/pages\/46517","targetHints":{"allow":["GET"]}}],"collection":[{"href":"https:\/\/www.sisinternational.com\/de\/wp-json\/wp\/v2\/pages"}],"about":[{"href":"https:\/\/www.sisinternational.com\/de\/wp-json\/wp\/v2\/types\/page"}],"author":[{"embeddable":true,"href":"https:\/\/www.sisinternational.com\/de\/wp-json\/wp\/v2\/users\/1"}],"replies":[{"embeddable":true,"href":"https:\/\/www.sisinternational.com\/de\/wp-json\/wp\/v2\/comments?post=46517"}],"version-history":[{"count":11,"href":"https:\/\/www.sisinternational.com\/de\/wp-json\/wp\/v2\/pages\/46517\/revisions"}],"predecessor-version":[{"id":79723,"href":"https:\/\/www.sisinternational.com\/de\/wp-json\/wp\/v2\/pages\/46517\/revisions\/79723"}],"up":[{"embeddable":true,"href":"https:\/\/www.sisinternational.com\/de\/wp-json\/wp\/v2\/pages\/14567"}],"wp:featuredmedia":[{"embeddable":true,"href":"https:\/\/www.sisinternational.com\/de\/wp-json\/wp\/v2\/media\/71898"}],"wp:attachment":[{"href":"https:\/\/www.sisinternational.com\/de\/wp-json\/wp\/v2\/media?parent=46517"}],"curies":[{"name":"wp","href":"https:\/\/api.w.org\/{rel}","templated":true}]}}