{"id":46448,"date":"2024-02-26T12:48:32","date_gmt":"2024-02-26T17:48:32","guid":{"rendered":"https:\/\/www.sisinternational.com\/?page_id=46448"},"modified":"2026-01-25T18:04:58","modified_gmt":"2026-01-25T23:04:58","slug":"geschmackstests-fur-lebensmittel-und-getranke","status":"publish","type":"page","link":"https:\/\/www.sisinternational.com\/de\/losungen\/geschmackstest\/geschmackstests-fur-lebensmittel-und-getranke\/","title":{"rendered":"Geschmackstests f\u00fcr Lebensmittel und Getr\u00e4nke"},"content":{"rendered":"<h1 class=\"wp-block-heading\">Geschmackstests f\u00fcr Lebensmittel und Getr\u00e4nke<\/h1>\n\n\n\n<figure class=\"gb-block-image gb-block-image-3185ed17\"><img loading=\"lazy\" decoding=\"async\" width=\"1456\" height=\"816\" class=\"gb-image gb-image-3185ed17\" src=\"https:\/\/www.sisinternational.com\/wp-content\/uploads\/2025\/08\/Beverages-5.jpg\" alt=\"SIS International Marktforschung &amp; Strategie\" title=\"Beverages (5)\" srcset=\"https:\/\/www.sisinternational.com\/wp-content\/uploads\/2025\/08\/Beverages-5.jpg 1456w, https:\/\/www.sisinternational.com\/wp-content\/uploads\/2025\/08\/Beverages-5-300x168.jpg 300w, https:\/\/www.sisinternational.com\/wp-content\/uploads\/2025\/08\/Beverages-5-1024x574.jpg 1024w, https:\/\/www.sisinternational.com\/wp-content\/uploads\/2025\/08\/Beverages-5-768x430.jpg 768w, https:\/\/www.sisinternational.com\/wp-content\/uploads\/2025\/08\/Beverages-5-18x10.jpg 18w\" sizes=\"auto, (max-width: 1456px) 100vw, 1456px\"><\/figure>\n\n\n\n<hr class=\"wp-block-separator has-alpha-channel-opacity is-style-dots\"\/>\n\n\n\n<h3 class=\"wp-block-heading\">Die Geschmackstestdienste von SIS International dienen dazu, aktuelle Produkte zu beurteilen, Innovationen anzuregen und \u00dcbereinstimmungen mit neuen Markttrends zu erkennen.<\/h3>\n\n\n\n<p>Die Geschmackstestdienste f\u00fcr Lebensmittel und Getr\u00e4nke von SIS International bieten eine strategische Kombination aus sensorischer Bewertung, Verbrauchereinblicken und globaler Expertise, die darauf ausgerichtet sind, Unternehmen dabei zu helfen, sich in der wettbewerbsintensiven Lebensmittel- und Getr\u00e4nkebranche hervorzutun.<\/p>\n\n\n\n<h2 class=\"wp-block-heading\">Was sind Geschmackstests f\u00fcr Lebensmittel und Getr\u00e4nke?<\/h2>\n\n\n\n<p><a href=\"https:\/\/sisaisolutions.com\/ai-in-food-testing\/\" target=\"_blank\" rel=\"noopener\">Food and beverage taste testing<\/a> assesses the sensory attributes of food and drink products. This systematic approach goes beyond mere preference to analyze the taste, aroma, texture, and overall appeal of culinary creations.<\/p>\n\n\n\n<p>Moreover, food and beverage <a class=\"wpil_keyword_link\" href=\"https:\/\/www.sisinternational.com\/de\/losungen\/geschmackstest\/\" title=\"Geschmackstest\" data-wpil-keyword-link=\"linked\" data-wpil-monitor-id=\"612\">Geschmackstest<\/a> is not just about identifying what works; it&#8217;s about understanding why. By dissecting the sensory experience, brands can pinpoint the elements that resonate most with consumers, tailoring their products to meet and exceed those expectations.<\/p>\n\n\n\n<h2 class=\"wp-block-heading\">Warum Unternehmen Geschmackstests f\u00fcr Lebensmittel und Getr\u00e4nke ben\u00f6tigen<\/h2>\n\n\n\n<p>Food and beverage taste testing offers critical insights into consumer preferences, providing a direct feedback loop from the target audience. This feedback is invaluable for tailoring products to meet and exceed consumer expectations, ensuring that new launches are well received and that existing products continue to satisfy.<\/p>\n\n\n\n<p>Zus\u00e4tzlich, <a href=\"https:\/\/www.sisinternational.com\/de\/claim-research-for-food-and-beverage-taste-tests-validating-your-product-claims\/\" title=\"Claim Research for Food and Beverage Taste Tests: Validating Your Product Claims\" data-wpil-monitor-id=\"1517\">food and beverage taste testing<\/a> ensures that products remain consistent across batches and locations, which is particularly critical for brands with multiple outlets. Moreover, taste testing facilitates innovation by allowing businesses to explore new flavors, ingredients, and culinary techniques safely. This exploration is essential for keeping the product lineup fresh and exciting, attracting new customers, and retaining existing ones.<\/p>\n\n\n\n<p>In jedem Fall bringt die Geschmackspr\u00fcfung von Lebensmitteln und Getr\u00e4nken viele Vorteile f\u00fcr Unternehmen mit sich, darunter:<\/p>\n\n\n\n<ul class=\"wp-block-list\">\n<li><strong>Erkenntnisse zu Verbraucherpr\u00e4ferenzen:<\/strong> Regelm\u00e4\u00dfige Geschmackstests liefern wertvolle Erkenntnisse \u00fcber die Vorlieben der Verbraucher und erm\u00f6glichen es den Unternehmen, ihr Angebot an den aktuellen Geschmack und die Trends anzupassen.<\/li>\n\n\n\n<li><strong>Innovation und Differenzierung:<\/strong> Geschmackstests dienen als Plattform f\u00fcr Innovationen und f\u00f6rdern die Erforschung neuer Geschmacksrichtungen, Zutaten und Kochtechniken.<\/li>\n\n\n\n<li><strong>Risikominderung:<\/strong> Taste testing helps identify potential issues or areas for improvement before products reach the market.<\/li>\n\n\n\n<li><strong>Markentreue und Vertrauen:<\/strong> Konstante Qualit\u00e4t und die Ber\u00fccksichtigung der Verbraucherpr\u00e4ferenzen, die durch kontinuierliche Geschmackstests erreicht werden, schaffen Markentreue und Vertrauen. Verbraucher bleiben Marken eher treu, die konstant hochwertige, ansprechende Produkte liefern, die ihren Geschmack und ihre Vorlieben widerspiegeln.<\/li>\n\n\n\n<li><strong>Strategische Marketinginhalte:<\/strong> Erkenntnisse aus Geschmackstests k\u00f6nnen zur Unterst\u00fctzung von Marketingstrategien dienen und authentische Inhalte liefern, die die sensorischen Eigenschaften und die Qualit\u00e4t der Produkte hervorheben.<\/li>\n<\/ul>\n\n\n\n<h2 class=\"wp-block-heading\">Wer nutzt Geschmackstests f\u00fcr Lebensmittel und Getr\u00e4nke?<\/h2>\n\n\n\n<p>Food manufacturers and processors rely on <a href=\"https:\/\/www.sisinternational.com\/de\/losungen\/geschmackstest\/food-product-tests-in-ny\/\" title=\"Food Product Tests In NY\" data-wpil-monitor-id=\"4595\">food and beverage taste testing<\/a> to ensure their products meet specific quality and taste standards before hitting the market. Beverage Companies also use taste testing to develop new flavors, assess market readiness for innovative products, and ensure the sensory quality of their offerings.<\/p>\n\n\n\n<p>Dar\u00fcber hinaus nutzen Restaurants und Lebensmitteldienstleister Geschmackstests, um Gerichte zu kreieren, die ihre Zielgruppe ansprechen, und stellen sicher, dass jedes Rezept Geschmack, Konsistenz und Optik \u00fcberzeugt. F\u00fcr diese Unternehmen sind Geschmackstests ein wesentlicher Bestandteil der Men\u00fcentwicklung, saisonaler Updates und einer hohen Kundenzufriedenheit.<\/p>\n\n\n\n<p>Dar\u00fcber hinaus nutzen Zutaten- und Aromahersteller Geschmackstests, um die Qualit\u00e4t und Vielseitigkeit ihrer Produkte zu demonstrieren. Diese Unternehmen spielen eine entscheidende Rolle bei der Entwicklung neuer und verbesserter Produkte, indem sie zeigen, wie ihre Zutaten das Geschmacksprofil von Lebensmitteln und Getr\u00e4nken verbessern k\u00f6nnen.<\/p>\n\n\n\n<p>Schlie\u00dflich nutzen Forschungs- und Entwicklungsteams (F&amp;E) Geschmackstests als Teil des Produktentwicklungsprozesses. Sie k\u00f6nnen damit mit neuen Rezepturen experimentieren, die Reaktion der Verbraucher auf innovative Konzepte bewerten und Produkte auf der Grundlage von Feedback verfeinern, um sicherzustellen, dass neue Produkteinf\u00fchrungen auf Erfolgskurs sind.<\/p>\n\n\n\n<h2 class=\"wp-block-heading\">Critical Success Factors for Successful Food and Beverage Taste Testing<\/h2>\n\n\n\n<figure class=\"gb-block-image gb-block-image-a64fb8a1\"><img loading=\"lazy\" decoding=\"async\" width=\"1456\" height=\"816\" class=\"gb-image gb-image-a64fb8a1\" src=\"https:\/\/www.sisinternational.com\/wp-content\/uploads\/2025\/08\/Food-taste-testing-9.jpg\" alt=\"SIS International Marktforschung &amp; Strategie\" title=\"Food taste testing (9)\" srcset=\"https:\/\/www.sisinternational.com\/wp-content\/uploads\/2025\/08\/Food-taste-testing-9.jpg 1456w, https:\/\/www.sisinternational.com\/wp-content\/uploads\/2025\/08\/Food-taste-testing-9-300x168.jpg 300w, https:\/\/www.sisinternational.com\/wp-content\/uploads\/2025\/08\/Food-taste-testing-9-1024x574.jpg 1024w, https:\/\/www.sisinternational.com\/wp-content\/uploads\/2025\/08\/Food-taste-testing-9-768x430.jpg 768w, https:\/\/www.sisinternational.com\/wp-content\/uploads\/2025\/08\/Food-taste-testing-9-18x10.jpg 18w\" sizes=\"auto, (max-width: 1456px) 100vw, 1456px\"><\/figure>\n\n\n\n<p><\/p>\n\n\n\n<p>Damit Geschmackstests f\u00fcr Lebensmittel und Getr\u00e4nke effektiv sind und wertvolle Erkenntnisse liefern, m\u00fcssen mehrere kritische Erfolgsfaktoren ber\u00fccksichtigt werden. Hier erfahren Sie, worauf sich Unternehmen f\u00fcr erfolgreiche Geschmackstests konzentrieren m\u00fcssen:<\/p>\n\n\n\n<ul class=\"wp-block-list\">\n<li><strong>Repr\u00e4sentative Stichprobengruppe:<\/strong> It is crucial to select a group of participants that accurately represents the target market. <\/li>\n\n\n\n<li><strong>Kontrollierte Testumgebung:<\/strong> To obtain reliable and consistent results, it&#8217;s important to conduct taste testing in a controlled environment where external factors such as noise, temperature, and odors are minimized. <\/li>\n\n\n\n<li><strong>Strukturierte Bewertungskriterien:<\/strong> Durch die Entwicklung eines strukturierten Bewertungsrahmens mit klaren Kriterien zur Beurteilung der sensorischen Eigenschaften des Produkts (wie Geschmack, Aroma, Textur und Aussehen) wird sichergestellt, dass das Feedback umfassend und \u00fcber verschiedene Produkte oder Testsessions hinweg vergleichbar ist.<\/li>\n\n\n\n<li><strong>Effektive Datenanalyse:<\/strong> Effectively collecting and analyzing the data is crucial for translating taste test results into actionable insights. <\/li>\n\n\n\n<li><strong>Folgema\u00dfnahmen:<\/strong> Der Erfolg eines Geschmackstests wird durch die Folgema\u00dfnahmen bestimmt, die auf der Grundlage der gewonnenen Erkenntnisse ergriffen werden. Um den vollen Wert von Geschmackstests auszusch\u00f6pfen, m\u00fcssen Verbesserungen umgesetzt, fundierte Entscheidungen \u00fcber Produkteinf\u00fchrungen getroffen und Produkte auf der Grundlage von Feedback kontinuierlich verfeinert werden.<\/li>\n<\/ul>\n\n\n\n<h2 class=\"wp-block-heading\">Wie SIS Unternehmen mit Geschmackstests f\u00fcr Lebensmittel und Getr\u00e4nke unterst\u00fctzt<\/h2>\n\n\n\n<p>The SIS International, food and beverage taste testing approach, leverages deep industry expertise and cutting-edge analytical techniques. This approach ensures businesses refine their product offerings and align them closely with consumer preferences and market trends. Here&#8217;s an overview of the SIS approach to food and beverage taste testing:<\/p>\n\n\n\n<ul class=\"wp-block-list\">\n<li><strong>Ma\u00dfgeschneidertes Testdesign:<\/strong> SIS International begins with a tailored testing design to meet each client&#8217;s specific objectives. <\/li>\n\n\n\n<li><strong>Auswahl vielf\u00e4ltiger Teilnehmer:<\/strong> Understanding that diverse consumer insights drive product success, SIS carefully selects many participants for taste testing. <\/li>\n\n\n\n<li><strong>Controlled <\/strong><a href=\"https:\/\/www.sisinternational.com\/de\/losungen\/qualitative-quantitative-forschungslosungen\/wine-taste-testing\/\" title=\"Wine Taste Testing\" data-wpil-monitor-id=\"1222\">Testing Environment: SIS conducts taste<\/a> tests in a controlled environment to ensure accurate and reliable results. <\/li>\n\n\n\n<li><strong>Fortgeschrittene Techniken der sensorischen Analyse:<\/strong> SIS utilizes advanced sensory analysis techniques to evaluate various product attributes, including taste, aroma, texture, and appearance. <\/li>\n\n\n\n<li><strong>Expertenanalyse und -interpretation:<\/strong> SIS&#8217;s food and beverage experts analyse the taste testing data, offering detailed interpretations and actionable recommendations. <\/li>\n\n\n\n<li><strong>Strategische Empfehlungen:<\/strong> Based on the taste-testing findings, SIS provides tailored recommendations for each client&#8217;s needs. <\/li>\n<\/ul>\n\n\n\n<h2 class=\"wp-block-heading\"><strong>What Makes SIS International a Top Food and Beverage Taste Testing Company?<\/strong><\/h2>\n\n\n\n<p><a href=\"https:\/\/www.linkedin.com\/company\/sisinternationalresearch\/\" target=\"_blank\" rel=\"noopener\"><span style=\"font-weight: 400;\">SIS International<\/span><\/a> is a food and beverage taste testing leader, helping brands refine their offerings to meet consumer expectations. With over 40 years of expertise, advanced methodologies, and a customer-focused approach, we deliver results that empower businesses to innovate and succeed in competitive markets.<\/p>\n\n\n\n<h4 class=\"wp-block-heading\"><strong>Extensive Expertise Across the Food and Beverage Industry<\/strong><\/h4>\n\n\n\n<p>Our experience spans diverse food and beverage categories, from packaged snacks and ready-to-eat meals to soft drinks and specialty beverages. We understand the unique challenges of each category and tailor our research to deliver actionable insights for improvement.<\/p>\n\n\n\n<h4 class=\"wp-block-heading\"><strong>State-of-the-Art Testing Facilities<\/strong><\/h4>\n\n\n\n<p>SIS International\u2019s facilities in New York are equipped with advanced sensory analysis tools and controlled environments. These resources enable precise evaluations of taste, aroma, texture, and appearance, ensuring reliable results for every study.<\/p>\n\n\n\n<h4 class=\"wp-block-heading\"><strong>Access to Diverse and Representative Consumer Panels<\/strong><\/h4>\n\n\n\n<p>New York\u2019s multicultural population provides a rich pool of participants for our taste tests. We recruit a broad range of demographics, ensuring feedback reflects the preferences of your target audience across various markets.<\/p>\n\n\n\n<h4 class=\"wp-block-heading\"><strong>Customized Testing Approaches for Every Brand<\/strong><\/h4>\n\n\n\n<p>No two businesses are the same. <a href=\"https:\/\/twitter.com\/SISIntlResearch\" target=\"_blank\" rel=\"noopener\"><span style=\"font-weight: 400;\">SIS<\/span><\/a> develops bespoke taste testing strategies, whether you need monadic testing, sequential analysis, or central location tests. Our solutions are designed to address your specific goals and challenges.<\/p>\n\n\n\n<h4 class=\"wp-block-heading\"><strong>Decades of Market Research Excellence<\/strong><\/h4>\n\n\n\n<p>Mit \u00fcber vier Jahrzehnten Erfahrung, <a href=\"https:\/\/medium.com\/@sisinternational\/sis-international-c17160da8fac\" target=\"_blank\" rel=\"noopener\"><span style=\"font-weight: 400;\">SIS<\/span><\/a> has built a reputation for delivering accurate and actionable research. Our expertise allows us to identify trends, uncover insights, and provide guidance that helps brands innovate and thrive.<\/p>\n\n\n\n<h4 class=\"wp-block-heading\"><strong>Cost-Effective, High-Value Services<\/strong><\/h4>\n\n\n\n<p>SIS offers top-tier taste testing services at competitive prices. We believe in making premium market research accessible to businesses of all sizes, ensuring high-value results without straining budgets.<\/p>\n\n\n\n<h4 class=\"wp-block-heading\"><strong>Rapid and Reliable Results<\/strong><\/h4>\n\n\n\n<p>In the fast-paced food and beverage industry, quick decision-making is essential. SIS ensures a streamlined process and fast turnaround times, enabling you to act on insights swiftly and efficiently.<\/p>\n\n\n\n<h4 class=\"wp-block-heading\"><strong>Actionable Insights That Drive Product Success<\/strong><\/h4>\n\n\n\n<p>Taste testing is more than collecting opinions. SIS analyzes data to deliver insights that guide product refinement, from flavor adjustments to packaging tweaks, ensuring your offerings align with consumer preferences.<\/p>\n\n\n\n<h4 class=\"wp-block-heading\"><strong>Commitment to Objectivity and Quality<\/strong><\/h4>\n\n\n\n<p>Our rigorous testing protocols eliminate bias and focus on consumer perceptions, ensuring objective results. SIS is committed to maintaining the highest quality standards in every research project.<\/p>\n\n\n\n<h4 class=\"wp-block-heading\"><strong>Partnering for Long-Term Success<\/strong><\/h4>\n\n\n\n<p>SIS International isn\u2019t just a service provider; we\u2019re a strategic partner. Our collaborative approach ensures clients receive personalized attention, actionable recommendations, and ongoing support to achieve their goals.<\/p>\n\n\n\n<div class=\"is-root-container is-desktop-preview is-layout-flow wp-block-post-content block-editor-block-list__layout\" spellcheck=\"false\">\n<div id=\"block-1f691011-6e3e-49d8-8d99-9463a64c265b\" class=\"block-editor-block-list__block wp-block is-selected wp-block-freeform is-hovered\" tabindex=\"0\" role=\"document\" aria-label=\"Block: Klassisch\" data-block=\"1f691011-6e3e-49d8-8d99-9463a64c265b\" data-type=\"core\/freeform\" data-title=\"Classic\">\n<div id=\"editor-1f691011-6e3e-49d8-8d99-9463a64c265b\" class=\"wp-block-freeform block-library-rich-text__tinymce mce-content-body html5-captions mce-edit-focus\" style=\"position: relative;\" contenteditable=\"true\">\n<h2>Unser Standort in New York<\/h2>\n<p>  <iframe loading=\"lazy\" src=\"https:\/\/www.google.com\/maps\/embed?pb=!1m18!1m12!1m3!1d3022.976188376966!2d-73.99130312499956!3d40.740549471389315!2m3!1f0!2f0!3f0!3m2!1i1024!2i768!4f13.1!3m3!1m2!1s0x89c259a15798c731%3A0xd695d09bdd495f25!2s11%20E%2022nd%20St%20FL%202%2C%20New%20York%2C%20NY%2010010%2C%20USA!5e0!3m2!1sen!2spe!4v1726171763526!5m2!1sen!2spe\" width=\"600\" height=\"450\" allowfullscreen=\"allowfullscreen\" data-mce-fragment=\"1\"><\/iframe>  <\/p>\n<h3 class=\"wp-block-heading\">11 E 22nd Street, Floor 2, New York, NY 10010 T: +1(212) 505-6805<\/h3>\n<hr>\n<h2><span style=\"font-weight: 400;\">\u00dcber SIS International<\/span><\/h2>\n<p><a href=\"https:\/\/www.sisinternational.com\/de\/\"><span style=\"font-weight: 400;\">SIS International<\/span><\/a><span style=\"font-weight: 400;\"> bietet quantitative, qualitative und strategische Forschung an. Wir liefern Daten, Tools, Strategien, Berichte und Erkenntnisse zur Entscheidungsfindung. Wir f\u00fchren auch Interviews, Umfragen, Fokusgruppen und andere Methoden und Ans\u00e4tze der Marktforschung durch.<\/span><a href=\"https:\/\/www.sisinternational.com\/de\/uber-sis-international-research\/contact-sis-international-market-research\/\"><span style=\"font-weight: 400;\"> Kontakt<\/span><\/a><span style=\"font-weight: 400;\"> f\u00fcr Ihr n\u00e4chstes Marktforschungsprojekt.<\/span><\/p>\n<hr><\/div>\n<\/div>\n<\/div>","protected":false},"excerpt":{"rendered":"<p>Bei Geschmackstests von Lebensmitteln und Getr\u00e4nken werden die sensorischen Eigenschaften von Lebensmitteln und Getr\u00e4nken beurteilt, darunter Geschmack, Aroma, Textur und Attraktivit\u00e4t.<\/p>","protected":false},"author":1,"featured_media":62625,"parent":47794,"menu_order":15,"comment_status":"closed","ping_status":"closed","template":"","meta":{"footnotes":""},"class_list":["post-46448","page","type-page","status-publish","has-post-thumbnail"],"_links":{"self":[{"href":"https:\/\/www.sisinternational.com\/de\/wp-json\/wp\/v2\/pages\/46448","targetHints":{"allow":["GET"]}}],"collection":[{"href":"https:\/\/www.sisinternational.com\/de\/wp-json\/wp\/v2\/pages"}],"about":[{"href":"https:\/\/www.sisinternational.com\/de\/wp-json\/wp\/v2\/types\/page"}],"author":[{"embeddable":true,"href":"https:\/\/www.sisinternational.com\/de\/wp-json\/wp\/v2\/users\/1"}],"replies":[{"embeddable":true,"href":"https:\/\/www.sisinternational.com\/de\/wp-json\/wp\/v2\/comments?post=46448"}],"version-history":[{"count":12,"href":"https:\/\/www.sisinternational.com\/de\/wp-json\/wp\/v2\/pages\/46448\/revisions"}],"predecessor-version":[{"id":78603,"href":"https:\/\/www.sisinternational.com\/de\/wp-json\/wp\/v2\/pages\/46448\/revisions\/78603"}],"up":[{"embeddable":true,"href":"https:\/\/www.sisinternational.com\/de\/wp-json\/wp\/v2\/pages\/47794"}],"wp:featuredmedia":[{"embeddable":true,"href":"https:\/\/www.sisinternational.com\/de\/wp-json\/wp\/v2\/media\/62625"}],"wp:attachment":[{"href":"https:\/\/www.sisinternational.com\/de\/wp-json\/wp\/v2\/media?parent=46448"}],"curies":[{"name":"wp","href":"https:\/\/api.w.org\/{rel}","templated":true}]}}