{"id":46362,"date":"2024-02-22T19:04:59","date_gmt":"2024-02-23T00:04:59","guid":{"rendered":"https:\/\/www.sisinternational.com\/?page_id=46362"},"modified":"2026-01-25T18:09:54","modified_gmt":"2026-01-25T23:09:54","slug":"ursachenanalyse-marktforschung-und-beratung","status":"publish","type":"page","link":"https:\/\/www.sisinternational.com\/de\/losungen\/strategieberatung\/ursachenanalyse-marktforschung-und-beratung\/","title":{"rendered":"Root Cause Analysis Market Research"},"content":{"rendered":"<h1 class=\"wp-block-heading\">Root Cause Analysis Market Research<\/h1>\n\n\n\n<figure class=\"gb-block-image gb-block-image-37518b8a\"><img loading=\"lazy\" decoding=\"async\" width=\"1456\" height=\"816\" class=\"gb-image gb-image-37518b8a\" src=\"https:\/\/www.sisinternational.com\/wp-content\/uploads\/2025\/10\/Co-Brand-Market-Research-3.jpg\" alt=\"SIS International Marktforschung &amp; Strategie\" title=\"Co-Brand Market Research (3)\" srcset=\"https:\/\/www.sisinternational.com\/wp-content\/uploads\/2025\/10\/Co-Brand-Market-Research-3.jpg 1456w, https:\/\/www.sisinternational.com\/wp-content\/uploads\/2025\/10\/Co-Brand-Market-Research-3-300x168.jpg 300w, https:\/\/www.sisinternational.com\/wp-content\/uploads\/2025\/10\/Co-Brand-Market-Research-3-1024x574.jpg 1024w, https:\/\/www.sisinternational.com\/wp-content\/uploads\/2025\/10\/Co-Brand-Market-Research-3-768x430.jpg 768w, https:\/\/www.sisinternational.com\/wp-content\/uploads\/2025\/10\/Co-Brand-Market-Research-3-18x10.jpg 18w\" sizes=\"auto, (max-width: 1456px) 100vw, 1456px\"><\/figure>\n\n\n\n<p><\/p>\n\n\n\n<p>In einer Welt, in der betriebliche Ineffizienzen und Systemfehler Unternehmen st\u00e4ndig vor Herausforderungen stellen, ist die Suche nach nachhaltigen L\u00f6sungen wichtiger denn je. Deshalb sind Marktforschung und Beratung zur Ursachenanalyse eine wichtige Ressource bei diesem Unterfangen, da sie die Einblicke und das Fachwissen bieten, die erforderlich sind, um die zugrunde liegenden Ursachen von Problemen aufzudecken, nicht nur ihre Symptome.<\/p>\n\n\n\n<h2 class=\"wp-block-heading\">Was ist Marktforschung und Beratung zur Ursachenanalyse?<\/h2>\n\n\n\n<p>Die Marktforschung und Beratung zur Ursachenanalyse identifiziert und befasst sich mit den zugrunde liegenden Ursachen von Problemen innerhalb von Organisationen. Dabei werden die Gr\u00fcnde f\u00fcr bestimmte Probleme oder Herausforderungen, mit denen ein Unternehmen konfrontiert ist, systematisch untersucht. Diese k\u00f6nnen von betrieblichen Ineffizienzen und Produktfehlern bis hin zu Kundendienstproblemen und R\u00fcckschl\u00e4gen bei der Marktpositionierung reichen.<\/p>\n\n\n\n<p>Furthermore, root cause <a href=\"https:\/\/www.sisinternational.com\/de\/losungen\/qualitative-quantitative-forschungslosungen\/maximizing-roi-with-decision-trees-analysis-in-market-research\/\" title=\"Decision Trees Analysis in Market Research\"  data-wpil-monitor-id=\"1170\">analysis market research<\/a> and consulting emphasizes the development of actionable solutions that address the root causes identified through the analysis. This may involve strategic recommendations, operational adjustments, process redesign, or organizational cultural changes.<\/p>\n\n\n\n<h2 class=\"wp-block-heading\">Warum Unternehmen Ursachenanalysen ben\u00f6tigen Marktforschung und Beratung<\/h2>\n\n\n\n<p>Root cause <a href=\"https:\/\/www.sisinternational.com\/de\/losungen\/qualitative-quantitative-forschungslosungen\/turf-analysis-market-research\/\" title=\"TURF Analysis Market Research\"  data-wpil-monitor-id=\"1511\">analysis market research<\/a> and consulting equip businesses with a deep understanding of the fundamental reasons behind their challenges, enabling informed strategic decision-making. By identifying the root causes of issues, companies can allocate resources more effectively, prioritize initiatives that offer the greatest impact, and avoid the pitfalls of symptomatic solutions.<\/p>\n\n\n\n<p>Ebenso hilft die Ursachenanalyse Unternehmen dabei, komplexe Betriebsprobleme zu analysieren, Ineffizienzen an ihrer Quelle aufzudecken und Prozessverbesserungen umzusetzen, die zu erheblichen Produktivit\u00e4tssteigerungen und Kosteneinsparungen f\u00fchren. Durch die Ursachenanalyse k\u00f6nnen Unternehmen die systemischen Ursachen von Qualit\u00e4tsproblemen und Kundenunzufriedenheit identifizieren und gezielte Interventionen durchf\u00fchren, die die Produktqualit\u00e4t verbessern, das Kundenerlebnis verbessern und die Markentreue st\u00e4rken.<\/p>\n\n\n\n<p>Moreover, root cause analysis can reveal compliance vulnerabilities and operational risks at their core, enabling businesses to implement robust controls, compliance processes, and risk mitigation strategies. However, root cause <a href=\"https:\/\/www.sisinternational.com\/de\/losungen\/qualitative-quantitative-forschungslosungen\/k-means-cluster-analysis-in-market-research\/\" title=\"K-Means Cluster Analysis in Market Research\"  data-wpil-monitor-id=\"1615\">analysis market research<\/a> and consulting presents many other benefits for businesses, including:<\/p>\n\n\n\n<ul class=\"wp-block-list\">\n<li><strong>Datengesteuerte Erkenntnisse:<\/strong> Root cause <a href=\"https:\/\/www.sisinternational.com\/de\/losungen\/qualitative-quantitative-forschungslosungen\/latent-class-analysis-in-market-research\/\" title=\"Latent Class Analysis in Market Research\"  data-wpil-monitor-id=\"1639\">analysis consulting integrates market research<\/a> to provide data-driven insights that reflect market dynamics, customer expectations, and competitive landscapes. These insights inform more effective and targeted strategies for addressing business challenges.<\/li>\n\n\n\n<li><strong>Verbesserte Betriebseffizienz:<\/strong> Das Erkennen und Beheben der Ursachen betrieblicher Ineffizienzen f\u00fchrt zu reibungsloseren Prozessen, weniger Abfall und niedrigeren Kosten. Unternehmen k\u00f6nnen eine h\u00f6here Produktivit\u00e4t und betriebliche Exzellenz erreichen und so ihren Wettbewerbsvorteil steigern.<\/li>\n\n\n\n<li><strong>Risikominderung und Gew\u00e4hrleistung der Einhaltung von Vorschriften:<\/strong> Mithilfe der Ursachenanalyse k\u00f6nnen Unternehmen Schwachstellen und Compliance-L\u00fccken identifizieren. Die Umsetzung von Korrekturma\u00dfnahmen auf Grundlage dieser Erkenntnisse mindert Risiken und gew\u00e4hrleistet die Einhaltung gesetzlicher Standards und branchen\u00fcblicher Best Practices.<\/li>\n\n\n\n<li><strong>Strategisches Wachstum und Innovation:<\/strong> Die Beratung zur Ursachenanalyse deckt die zugrunde liegenden Faktoren auf, die das Unternehmenswachstum oder die Innovation einschr\u00e4nken, und bietet so eine Grundlage f\u00fcr strategische Planung und Entwicklung. Unternehmen k\u00f6nnen diese Erkenntnisse nutzen, um neue Marktchancen zu nutzen, Produktangebote zu erneuern und ihre Marktpositionierung zu verfeinern.<\/li>\n<\/ul>\n\n\n\n<h2 class=\"wp-block-heading\">Wann ist eine Ursachenanalyse erforderlich? Marktforschung und Beratung<\/h2>\n\n\n\n<figure class=\"gb-block-image gb-block-image-4dabc124\"><img loading=\"lazy\" decoding=\"async\" width=\"1456\" height=\"816\" class=\"gb-image gb-image-4dabc124\" src=\"https:\/\/www.sisinternational.com\/wp-content\/uploads\/2025\/08\/B2Bjpg-3.jpg\" alt=\"SIS International Marktforschung &amp; Strategie\" title=\"B2Bjpg (3)\" srcset=\"https:\/\/www.sisinternational.com\/wp-content\/uploads\/2025\/08\/B2Bjpg-3.jpg 1456w, https:\/\/www.sisinternational.com\/wp-content\/uploads\/2025\/08\/B2Bjpg-3-300x168.jpg 300w, https:\/\/www.sisinternational.com\/wp-content\/uploads\/2025\/08\/B2Bjpg-3-1024x574.jpg 1024w, https:\/\/www.sisinternational.com\/wp-content\/uploads\/2025\/08\/B2Bjpg-3-768x430.jpg 768w, https:\/\/www.sisinternational.com\/wp-content\/uploads\/2025\/08\/B2Bjpg-3-18x10.jpg 18w\" sizes=\"auto, (max-width: 1456px) 100vw, 1456px\"><\/figure>\n\n\n\n<p><\/p>\n\n\n\n<p>Die Durchf\u00fchrung einer Ursachenanalyse zum richtigen Zeitpunkt ist entscheidend, um deren Nutzen und Wirkung zu maximieren. Ob als Reaktion auf bestimmte Probleme oder als Teil der regelm\u00e4\u00dfigen strategischen Planung: Wenn Unternehmen wissen, wann eine Ursachenanalyse durchgef\u00fchrt werden muss, k\u00f6nnen sie fundierte Entscheidungen treffen und ihren Wettbewerbsvorteil wahren.<\/p>\n\n\n\n<ul class=\"wp-block-list\">\n<li><strong>Anhaltende Betriebsprobleme:<\/strong> Wenn ein Unternehmen immer wieder mit Betriebsproblemen wie Produktionsverz\u00f6gerungen, Qualit\u00e4tsm\u00e4ngeln oder Lieferkettenunterbrechungen konfrontiert wird, ist das ein Zeichen daf\u00fcr, dass oberfl\u00e4chliche L\u00f6sungen nicht ausreichen. Ursachenanalyse, Marktforschung und Beratung k\u00f6nnen die systemischen Ursachen dieser Probleme aufdecken und zu effektiveren und dauerhafteren L\u00f6sungen f\u00fchren.<\/li>\n\n\n\n<li><strong>R\u00fcckgang der Kundenzufriedenheit:<\/strong> A noticeable decline in customer satisfaction, reflected through feedback, reviews, or loyalty metrics, often indicates deeper issues with product quality, service delivery, or customer experience. Conducting Root cause <a href=\"https:\/\/www.sisinternational.com\/de\/losungen\/qualitative-quantitative-forschungslosungen\/diskriminanzanalyse-marktforschung\/\" title=\"Diskriminanzanalyse Marktforschung\"  data-wpil-monitor-id=\"3278\">analysis market research<\/a> and consulting helps businesses identify and rectify these underlying issues, improving customer satisfaction and retention.<\/li>\n\n\n\n<li><strong>Compliance-Verst\u00f6\u00dfe und Risikoexposition:<\/strong> Wenn ein Unternehmen mit Compliance-Problemen konfrontiert ist oder erhebliche Risiken erkennt, ist eine Ursachenanalyse unerl\u00e4sslich, um die Ursachen dieser Herausforderungen zu verstehen. Dies kann zur Entwicklung robuster Compliance-Rahmenwerke und Risikomanagementstrategien beitragen und das Unternehmen vor m\u00f6glichen Geldbu\u00dfen, Reputationssch\u00e4den und Betriebsverlusten sch\u00fctzen.<\/li>\n\n\n\n<li><strong>Innovation und Produktentwicklung:<\/strong> In the context of innovation and product development, root cause <a href=\"https:\/\/www.sisinternational.com\/de\/losungen\/qualitative-quantitative-forschungslosungen\/tam-analyse-marktforschung\/\" title=\"TAM-Analyse Marktforschung\"  data-wpil-monitor-id=\"3589\">analysis market research<\/a> and consulting can be used to analyze market failures, customer feedback, and technological challenges. This insight drives more focused and successful innovation efforts, ensuring new products and services meet market needs and expectations.<\/li>\n\n\n\n<li><strong>Competitive Pressure and <\/strong><a href=\"https:\/\/www.sisinternational.com\/de\/losungen\/legal-market-research\/law-firm-competitive-analysis\/\" title=\"Law Firm Competitive Analysis\"  data-wpil-monitor-id=\"921\">Market Positioning: Root cause<\/a> analysis provides strategic insights into competitive dynamics, customer preferences, and market trends, guiding more effective positioning and differentiation strategies.<\/li>\n<\/ul>\n\n\n\n<h2 class=\"wp-block-heading\">Erwartete Ergebnisse aus unserer Ursachenanalyse Marktforschung und Beratungseinblicke<\/h2>\n\n\n\n<p>Die Zusammenarbeit zwischen Unternehmen und Beratern f\u00fcr Ursachenanalyse soll umsetzbare Erkenntnisse und strategische Leitlinien hervorbringen, die fundierte Entscheidungen erleichtern und betriebliche Strategien optimieren. Die Erkenntnisse aus dieser spezialisierten Beratung sind f\u00fcr das Erreichen mehrerer wichtiger Kundenergebnisse von entscheidender Bedeutung.<\/p>\n\n\n\n<ul class=\"wp-block-list\">\n<li><strong>Tiefgreifendes Verst\u00e4ndnis der zugrunde liegenden Probleme:<\/strong> Eines der wichtigsten Ergebnisse ist ein tiefes, differenziertes Verst\u00e4ndnis der Grundursachen f\u00fcr die gesch\u00e4ftlichen Herausforderungen. Dies geht \u00fcber oberfl\u00e4chliche Symptome hinaus und deckt systemische Probleme auf. Dies bietet eine solide Grundlage f\u00fcr eine effektive Probleml\u00f6sung.<\/li>\n\n\n\n<li><strong>Strategische Verbesserungspl\u00e4ne:<\/strong> Basierend auf der Ursachenanalyse k\u00f6nnen Unternehmen strategische Verbesserungspl\u00e4ne erwarten, die konkrete Schritte zur Behebung der identifizierten Probleme detailliert beschreiben. Diese Pl\u00e4ne sind auf den spezifischen Kontext, die Ressourcen und die Ziele der Organisation zugeschnitten und stellen so Relevanz und Durchf\u00fchrbarkeit sicher.<\/li>\n\n\n\n<li><strong>Verbesserte Betriebseffizienz:<\/strong> Die Beseitigung der Ursachen betrieblicher Ineffizienzen kann die Produktivit\u00e4t und Kosteneinsparungen von Unternehmen deutlich steigern. Dies kann Prozessoptimierungen, Technologie-Upgrades oder \u00c4nderungen der Managementpraktiken umfassen, die zu rationalisierten Abl\u00e4ufen und verbesserter Leistung f\u00fchren.<\/li>\n\n\n\n<li><strong>Verbesserte Produktqualit\u00e4t und Kundenzufriedenheit:<\/strong> Das Erkennen und Beheben der Ursachen von Produkt- oder Serviceproblemen tr\u00e4gt direkt zu qualitativ hochwertigeren Angeboten und einer h\u00f6heren Kundenzufriedenheit bei. Dies st\u00e4rkt die Markentreue und positioniert das Unternehmen in wettbewerbsintensiven M\u00e4rkten besser.<\/li>\n\n\n\n<li><strong>Risikominderung und Verbesserung der Compliance:<\/strong> Root cause <a href=\"https:\/\/www.sisinternational.com\/de\/losungen\/qualitative-quantitative-forschungslosungen\/conjoint-analyse-marktforschung\/\" title=\"Was ist Conjoint-Analyse-Marktforschung?\"  data-wpil-monitor-id=\"4025\">analysis market research<\/a> and consulting helps businesses identify potential risks and compliance gaps. Implementing the recommended corrective actions mitigates these risks, ensuring compliance with regulatory requirements and industry standards.<\/li>\n\n\n\n<li><strong>Kulturelle und organisatorische Ver\u00e4nderungen:<\/strong> Die Ursachen von Problemen h\u00e4ngen h\u00e4ufig mit der Unternehmenskultur oder strukturellen Problemen zusammen. Zu den erwarteten Ergebnissen geh\u00f6ren Empfehlungen f\u00fcr kulturelle Ver\u00e4nderungen oder organisatorische Neugestaltungen, die einen effektiveren, kollaborativeren und innovativeren Arbeitsplatz f\u00f6rdern.<\/li>\n<\/ul>\n\n\n\n<h2 class=\"wp-block-heading\">Der SIS-Ansatz zur Ursachenanalyse Marktforschung und Beratung<\/h2>\n\n\n\n<figure class=\"gb-block-image gb-block-image-fa3523b9\"><img loading=\"lazy\" decoding=\"async\" width=\"1456\" height=\"816\" class=\"gb-image gb-image-fa3523b9\" src=\"https:\/\/www.sisinternational.com\/wp-content\/uploads\/2025\/09\/Quantitative-research-4.jpg\" alt=\"SIS International Marktforschung &amp; Strategie\" title=\"Quantitative research (4)\" srcset=\"https:\/\/www.sisinternational.com\/wp-content\/uploads\/2025\/09\/Quantitative-research-4.jpg 1456w, https:\/\/www.sisinternational.com\/wp-content\/uploads\/2025\/09\/Quantitative-research-4-300x168.jpg 300w, https:\/\/www.sisinternational.com\/wp-content\/uploads\/2025\/09\/Quantitative-research-4-1024x574.jpg 1024w, https:\/\/www.sisinternational.com\/wp-content\/uploads\/2025\/09\/Quantitative-research-4-768x430.jpg 768w, https:\/\/www.sisinternational.com\/wp-content\/uploads\/2025\/09\/Quantitative-research-4-18x10.jpg 18w\" sizes=\"auto, (max-width: 1456px) 100vw, 1456px\"><\/figure>\n\n\n\n<p><\/p>\n\n\n\n<p>At SIS, we believe that true problem-solving requires digging beneath the surface to understand the fundamental reasons behind business challenges. Our approach to root cause <a href=\"https:\/\/www.sisinternational.com\/de\/losungen\/qualitative-quantitative-forschungslosungen\/kognitive-analyse-marktforschung\/\" title=\"Kognitive Analyse Marktforschung\"  data-wpil-monitor-id=\"4645\">analysis market research<\/a> and consulting combines rigorous analytical methods with deep market insights, offering clients strategic pathways to sustainable improvement and growth.<\/p>\n\n\n\n<ul class=\"wp-block-list\">\n<li><strong>Erste Einsch\u00e4tzung und Problemdefinition:<\/strong> Unser Prozess beginnt mit einer gr\u00fcndlichen Beurteilung der Situation des Kunden, einschlie\u00dflich einer eingehenden \u00dcberpr\u00fcfung der Symptome, Herausforderungen und Auswirkungen der Probleme. In dieser Phase arbeiten wir eng mit dem Kunden zusammen, um die Problembereiche zu definieren und den Rahmen f\u00fcr die Analyse festzulegen.<\/li>\n\n\n\n<li><strong>Datensammlung und Analyse:<\/strong> Leveraging both qualitative and <a class=\"wpil_keyword_link\" href=\"https:\/\/www.sisinternational.com\/de\/was-ist-quantitative-forschung-2\/\"   title=\"Was ist quantitative Forschung?\" data-wpil-keyword-link=\"linked\"  data-wpil-monitor-id=\"616\">quantitative Forschung<\/a> methods, we gather comprehensive data from various sources, including internal business metrics, customer feedback, and market trends. This data is then analyzed using advanced analytical tools and techniques to identify patterns, correlations, and potential root causes.<\/li>\n\n\n\n<li><strong>Entwicklung strategischer L\u00f6sungen:<\/strong> Mit einem klaren Verst\u00e4ndnis der Grundursachen entwickeln SIS-Berater ma\u00dfgeschneiderte, umsetzbare L\u00f6sungen zur Behebung der Kernprobleme. Diese L\u00f6sungen werden im Kontext der strategischen Ziele, der operativen F\u00e4higkeiten und der Marktbedingungen des Kunden entwickelt, um sicherzustellen, dass sie sowohl praktisch als auch wirkungsvoll sind.<\/li>\n\n\n\n<li><strong>Umsetzungsunterst\u00fctzung und Monitoring:<\/strong> Da der Erfolg jeder L\u00f6sung von einer effektiven Implementierung und Einf\u00fchrung abh\u00e4ngt, bietet SIS seinen Kunden w\u00e4hrend des gesamten Implementierungsprozesses kontinuierliche Unterst\u00fctzung. Dazu geh\u00f6rt Hilfe beim \u00c4nderungsmanagement, die \u00dcberwachung des Fortschritts und die Anpassung von Strategien auf der Grundlage von Feedback und sich \u00e4ndernden Bedingungen.<\/li>\n\n\n\n<li><strong>Kontinuierliche Verbesserung und strategische Beratung:<\/strong> Unser Engagement endet nicht mit der Implementierung von L\u00f6sungen. SIS ist auch weiterhin bestrebt, strategische Beratung und Unterst\u00fctzung f\u00fcr kontinuierliche Verbesserungen zu bieten und Kunden dabei zu helfen, sich an neue Herausforderungen anzupassen und neue Wachstumschancen zu nutzen.<\/li>\n<\/ul>\n\n\n\n<h2 class=\"wp-block-heading\"><strong>\u00dcber SIS International<\/strong><\/h2>\n\n\n\n<p><a href=\"https:\/\/www.sisinternational.com\/de\/\"><span style=\"font-weight: 400;\">SIS International<\/span><\/a><span style=\"font-weight: 400;\"> bietet quantitative, qualitative und strategische Forschung an. Wir liefern Daten, Tools, Strategien, Berichte und Erkenntnisse zur Entscheidungsfindung. Wir f\u00fchren auch Interviews, Umfragen, Fokusgruppen und andere Methoden und Ans\u00e4tze der Marktforschung durch.<\/span><a href=\"https:\/\/www.sisinternational.com\/de\/uber-sis-international-research\/contact-sis-international-market-research\/\"><span style=\"font-weight: 400;\"> Kontakt<\/span><\/a><span style=\"font-weight: 400;\"> f\u00fcr Ihr n\u00e4chstes Marktforschungsprojekt.<\/span><\/p>","protected":false},"excerpt":{"rendered":"<p>Bei der Marktforschung und Beratung zur Ursachenanalyse geht es darum, die zugrunde liegenden Gr\u00fcnde f\u00fcr bestimmte Probleme eines Unternehmens zu untersuchen.<\/p>","protected":false},"author":1,"featured_media":71925,"parent":14567,"menu_order":32,"comment_status":"closed","ping_status":"closed","template":"","meta":{"footnotes":""},"class_list":["post-46362","page","type-page","status-publish","has-post-thumbnail"],"_links":{"self":[{"href":"https:\/\/www.sisinternational.com\/de\/wp-json\/wp\/v2\/pages\/46362","targetHints":{"allow":["GET"]}}],"collection":[{"href":"https:\/\/www.sisinternational.com\/de\/wp-json\/wp\/v2\/pages"}],"about":[{"href":"https:\/\/www.sisinternational.com\/de\/wp-json\/wp\/v2\/types\/page"}],"author":[{"embeddable":true,"href":"https:\/\/www.sisinternational.com\/de\/wp-json\/wp\/v2\/users\/1"}],"replies":[{"embeddable":true,"href":"https:\/\/www.sisinternational.com\/de\/wp-json\/wp\/v2\/comments?post=46362"}],"version-history":[{"count":18,"href":"https:\/\/www.sisinternational.com\/de\/wp-json\/wp\/v2\/pages\/46362\/revisions"}],"predecessor-version":[{"id":78630,"href":"https:\/\/www.sisinternational.com\/de\/wp-json\/wp\/v2\/pages\/46362\/revisions\/78630"}],"up":[{"embeddable":true,"href":"https:\/\/www.sisinternational.com\/de\/wp-json\/wp\/v2\/pages\/14567"}],"wp:featuredmedia":[{"embeddable":true,"href":"https:\/\/www.sisinternational.com\/de\/wp-json\/wp\/v2\/media\/71925"}],"wp:attachment":[{"href":"https:\/\/www.sisinternational.com\/de\/wp-json\/wp\/v2\/media?parent=46362"}],"curies":[{"name":"wp","href":"https:\/\/api.w.org\/{rel}","templated":true}]}}