{"id":46333,"date":"2024-02-22T19:11:05","date_gmt":"2024-02-23T00:11:05","guid":{"rendered":"https:\/\/www.sisinternational.com\/?page_id=46333"},"modified":"2026-01-26T14:42:05","modified_gmt":"2026-01-26T19:42:05","slug":"user-centered-design-marktforschung","status":"publish","type":"page","link":"https:\/\/www.sisinternational.com\/de\/losungen\/strategieberatung\/user-centered-design-marktforschung\/","title":{"rendered":"User-Centered Design market Research"},"content":{"rendered":"<h1 class=\"wp-block-heading\">User-Centered Design market Research<\/h1>\n\n\n\n<figure class=\"gb-block-image gb-block-image-74b5cc2f\"><img loading=\"lazy\" decoding=\"async\" width=\"1456\" height=\"816\" class=\"gb-image gb-image-74b5cc2f\" src=\"https:\/\/www.sisinternational.com\/wp-content\/uploads\/2025\/10\/User-Centered-Design-1.jpg\" alt=\"SIS International Marktforschung &amp; Strategie\" title=\"User-Centered Design (1)\" srcset=\"https:\/\/www.sisinternational.com\/wp-content\/uploads\/2025\/10\/User-Centered-Design-1.jpg 1456w, https:\/\/www.sisinternational.com\/wp-content\/uploads\/2025\/10\/User-Centered-Design-1-300x168.jpg 300w, https:\/\/www.sisinternational.com\/wp-content\/uploads\/2025\/10\/User-Centered-Design-1-1024x574.jpg 1024w, https:\/\/www.sisinternational.com\/wp-content\/uploads\/2025\/10\/User-Centered-Design-1-768x430.jpg 768w, https:\/\/www.sisinternational.com\/wp-content\/uploads\/2025\/10\/User-Centered-Design-1-18x10.jpg 18w\" sizes=\"auto, (max-width: 1456px) 100vw, 1456px\"><\/figure>\n\n\n\n<p><\/p>\n\n\n\n<p>In einer Zeit, in der die Benutzererfahrung \u00fcber Erfolg oder Misserfolg eines Produkts entscheiden kann, steht eine Frage im Vordergrund: Wie gut kennen Sie Ihre Benutzer? Marktforschung zum benutzerzentrierten Design (UCD) hilft, diese Frage zu verstehen und zu beantworten, und bietet einen Leitfaden f\u00fcr die Entwicklung ma\u00dfgeschneiderter Produkte und Dienstleistungen, die bei den Endbenutzern gro\u00dfen Anklang finden.<\/p>\n\n\n\n<h2 class=\"wp-block-heading\">Marktforschung zum benutzerzentrierten Design verstehen<\/h2>\n\n\n\n<p>Bei der Marktforschung mit benutzerzentriertem Design steht das Verst\u00e4ndnis der Bed\u00fcrfnisse, Verhaltensweisen und Vorlieben der Benutzer im Mittelpunkt, um die Gestaltung und Entwicklung von Produkten und Dienstleistungen zu unterst\u00fctzen. Bei dieser Art der Forschung kommen verschiedene Methoden zum Einsatz, darunter Umfragen, Interviews, Usability-Tests und Beobachtungen, um umsetzbare Erkenntnisse \u00fcber die Zielgruppe zu gewinnen.<\/p>\n\n\n\n<p>The core objective of user-centered <a href=\"https:\/\/www.sisinternational.com\/de\/sachverstand\/branchen\/marktforschung-im-industriedesign\/\" title=\"Marktforschung f\u00fcr Industriedesign\"  data-wpil-monitor-id=\"4145\">design market research<\/a> is to ensure that the end product is functional, intuitive, accessible, and desirable to the user. This way, businesses can create solutions that meet the market&#8217;s demands by prioritizing the user&#8217;s perspective throughout the design process.<\/p>\n\n\n\n<h2 class=\"wp-block-heading\">Bedeutung der benutzerzentrierten Design-Marktforschung<\/h2>\n\n\n\n<p>Die Marktforschung von UCD verschafft Unternehmen wichtige Einblicke in die Welt der Benutzer. Sie vermittelt ein detailliertes Verst\u00e4ndnis ihrer Schwachstellen, Bed\u00fcrfnisse und ihrer Interaktion mit vorhandenen Produkten oder Dienstleistungen. Dieses Verst\u00e4ndnis ist entscheidend, um auf einem \u00fcberf\u00fcllten Markt M\u00f6glichkeiten f\u00fcr Innovation und Differenzierung zu erkennen.<\/p>\n\n\n\n<p>Dar\u00fcber hinaus f\u00f6rdert die Teilnahme an UCD-Marktforschung eine Kultur der Empathie innerhalb der Organisation. Sie ermutigt die Teams, die Perspektive des Benutzers einzunehmen, was zu durchdachteren und umfassenderen Designentscheidungen f\u00fchrt. Diese Empathie verbessert die Benutzerfreundlichkeit und Zug\u00e4nglichkeit des Produkts und stellt sicher, dass es einem breiten Spektrum von Benutzern gerecht wird, darunter auch Menschen mit Behinderungen. Der umfassende Charakter dieser Marktforschung tr\u00e4gt dazu bei, Produkte zu entwickeln, die ein breiteres Publikum ansprechen und so die Marktreichweite und -wirkung erh\u00f6hen.<\/p>\n\n\n\n<figure class=\"gb-block-image gb-block-image-4681afbb\"><img loading=\"lazy\" decoding=\"async\" width=\"1456\" height=\"816\" class=\"gb-image gb-image-4681afbb\" src=\"https:\/\/www.sisinternational.com\/wp-content\/uploads\/2025\/10\/User-Centered-Design-5.jpg\" alt=\"SIS International Marktforschung &amp; Strategie\" title=\"User-Centered Design (5)\" srcset=\"https:\/\/www.sisinternational.com\/wp-content\/uploads\/2025\/10\/User-Centered-Design-5.jpg 1456w, https:\/\/www.sisinternational.com\/wp-content\/uploads\/2025\/10\/User-Centered-Design-5-300x168.jpg 300w, https:\/\/www.sisinternational.com\/wp-content\/uploads\/2025\/10\/User-Centered-Design-5-1024x574.jpg 1024w, https:\/\/www.sisinternational.com\/wp-content\/uploads\/2025\/10\/User-Centered-Design-5-768x430.jpg 768w, https:\/\/www.sisinternational.com\/wp-content\/uploads\/2025\/10\/User-Centered-Design-5-18x10.jpg 18w\" sizes=\"auto, (max-width: 1456px) 100vw, 1456px\"><\/figure>\n\n\n\n<p><\/p>\n\n\n\n<p>Lastly, UCD market research is instrumental in reducing the risk of product failure. By continuously involving users throughout the design and development process, businesses can validate assumptions, refine ideas, and make informed adjustments based on user feedback. This iterative approach minimizes the chances of launching a product that does not meet user expectations, thereby safeguarding investment and resources. However, user-centered <a href=\"https:\/\/www.sisinternational.com\/de\/sachverstand\/branchen\/designfirma-marktforschung\/\" title=\"Marktforschung f\u00fcr Designfirmen\"  data-wpil-monitor-id=\"5588\">design market research<\/a> has some other benefits, including:<\/p>\n\n\n\n<ul class=\"wp-block-list\">\n<li><strong>Verbesserte Produktbenutzerfreundlichkeit:<\/strong> Im Mittelpunkt der UCD-Marktforschung steht das Ziel, die Benutzerfreundlichkeit von Produkten zu verbessern. Indem sie die spezifischen Bed\u00fcrfnisse und Herausforderungen der Benutzer verstehen, k\u00f6nnen Designer Schnittstellen und Erlebnisse schaffen, die intuitiv und einfach zu navigieren sind. Dieser Fokus auf Benutzerfreundlichkeit tr\u00e4gt dazu bei, die Lernkurve neuer Benutzer zu verk\u00fcrzen und die allgemeine Zufriedenheit mit dem Produkt zu steigern.<\/li>\n\n\n\n<li><strong>H\u00f6here Benutzerzufriedenheit:<\/strong> Produkte, die mit Benutzereingaben entwickelt wurden, erf\u00fcllen oder \u00fcbertreffen eher die Erwartungen, was zu einer h\u00f6heren Benutzerzufriedenheit f\u00fchrt. Zufriedene Benutzer sind loyaler und werden eher zu F\u00fcrsprechern des Produkts, die es in ihren Netzwerken bewerben. Diese Mundpropaganda kann f\u00fcr das Wachstum und die Akzeptanz des Produkts von unsch\u00e4tzbarem Wert sein.<\/li>\n\n\n\n<li><strong>Reduzierte Entwicklungskosten:<\/strong> Die fr\u00fchzeitige Einbeziehung von UCD-Marktforschung in den Entwicklungsprozess kann dazu beitragen, potenzielle Probleme und Benutzeranforderungen im Vorfeld zu erkennen, wodurch sp\u00e4tere kostspielige \u00dcberarbeitungen und Neugestaltungen vermieden werden. Durch die fr\u00fchzeitige Erkennung dieser Probleme k\u00f6nnen Unternehmen ihren Entwicklungsprozess optimieren und so Zeit und Ressourcen sparen.<\/li>\n\n\n\n<li><strong>Wettbewerbsvorteil:<\/strong> In a crowded marketplace, offering a superior user experience can be a significant differentiator. User-centered <a href=\"https:\/\/www.sisinternational.com\/de\/sachverstand\/branchen\/verpackungsdesign-marktforschung\/\" title=\"Marktforschung f\u00fcr Verpackungsdesign\"  data-wpil-monitor-id=\"6180\">design market research<\/a> provides the insights to create products that stand out from the competition by uniquely and effectively addressing user needs.<\/li>\n\n\n\n<li><strong>Verbesserte Zug\u00e4nglichkeit:<\/strong> Ein Fokus auf UCD f\u00f6rdert die Entwicklung zug\u00e4nglicher Produkte f\u00fcr alle Benutzer, auch f\u00fcr Menschen mit Behinderungen. Dies erweitert die potenzielle Benutzerbasis des Produkts und zeigt ein Engagement f\u00fcr Inklusivit\u00e4t, was den Ruf und die Attraktivit\u00e4t der Marke steigern kann.<\/li>\n<\/ul>\n\n\n\n<h2 class=\"wp-block-heading\">Wer nutzt User-Centered Design Marktforschung<\/h2>\n\n\n\n<p>User-centered <a href=\"https:\/\/www.sisinternational.com\/de\/losungen\/innovation\/designdenken\/\" title=\"Design Thinking Marktforschung\"  data-wpil-monitor-id=\"6674\">design market research<\/a> is a versatile tool employed by various stakeholders to inform the development of products, services, and systems that prioritize the user&#8217;s experience. Its main users include:<\/p>\n\n\n\n<ul class=\"wp-block-list\">\n<li><strong>Produktdesigner und -entwickler:<\/strong> Diese Fachleute verlassen sich bei jedem Aspekt des Designprozesses auf die Erkenntnisse der UCD, vom ersten Konzept bis zum Endprodukt. Indem sie die Bed\u00fcrfnisse, Verhaltensweisen und Vorlieben der Benutzer verstehen, k\u00f6nnen sie Produkte entwickeln, die nicht nur funktional, sondern auch intuitiv und angenehm zu verwenden sind.<\/li>\n\n\n\n<li><strong>Unternehmensstrategen:<\/strong> In gr\u00f6\u00dferen Organisationen nutzen Unternehmensstrategen die UCD-Marktforschung zur Steuerung von Produktentwicklungsstrategien und stellen sicher, dass neue Initiativen auf die Benutzeranforderungen und Marktanforderungen abgestimmt sind. Diese strategische Anwendung von UCD kann Innovation, Wettbewerbsdifferenzierung und langfristiges Wachstum vorantreiben.<\/li>\n\n\n\n<li><strong>Startups:<\/strong> Insbesondere Startups sch\u00e4tzen die Marktforschung von UCD enorm, da sie ihnen erm\u00f6glicht, Gesch\u00e4ftsideen zu validieren, Produktkonzepte zu verfeinern und sicherzustellen, dass ihre begrenzten Ressourcen in die Entwicklung von L\u00f6sungen investiert werden, die einem echten Benutzerbedarf entsprechen. Dieser Fokus auf benutzerzentriertes Design kann ein entscheidender Faktor f\u00fcr die F\u00e4higkeit eines Startups sein, sich schnell zu \u00e4ndern und einen gangbaren Weg zum Markterfolg zu finden.<\/li>\n<\/ul>\n\n\n\n<h2 class=\"wp-block-heading\">Der SIS-Ansatz zur benutzerzentrierten Design-Marktforschung<\/h2>\n\n\n\n<figure class=\"gb-block-image gb-block-image-970e202c\"><img loading=\"lazy\" decoding=\"async\" width=\"1456\" height=\"816\" class=\"gb-image gb-image-970e202c\" src=\"https:\/\/www.sisinternational.com\/wp-content\/uploads\/2025\/10\/User-Centered-Design-2.jpg\" alt=\"SIS International Marktforschung &amp; Strategie\" title=\"User-Centered Design (2)\" srcset=\"https:\/\/www.sisinternational.com\/wp-content\/uploads\/2025\/10\/User-Centered-Design-2.jpg 1456w, https:\/\/www.sisinternational.com\/wp-content\/uploads\/2025\/10\/User-Centered-Design-2-300x168.jpg 300w, https:\/\/www.sisinternational.com\/wp-content\/uploads\/2025\/10\/User-Centered-Design-2-1024x574.jpg 1024w, https:\/\/www.sisinternational.com\/wp-content\/uploads\/2025\/10\/User-Centered-Design-2-768x430.jpg 768w, https:\/\/www.sisinternational.com\/wp-content\/uploads\/2025\/10\/User-Centered-Design-2-18x10.jpg 18w\" sizes=\"auto, (max-width: 1456px) 100vw, 1456px\"><\/figure>\n\n\n\n<p><\/p>\n\n\n\n<p>The SIS approach to user-centered <a href=\"https:\/\/www.sisinternational.com\/de\/die-rolle-der-prozess-und-systementwicklung-fur-den-unternehmenserfolg\/\" title=\"Organisationsdesign Marktforschung\"  data-wpil-monitor-id=\"2924\">design<\/a> market research embodies a comprehensive strategy that prioritizes deep user insights to guide product development and design decisions. This approach is characterized by its meticulous attention to understanding user needs, behaviors, and preferences, ensuring that products and services are innovative and highly aligned with user expectations.<\/p>\n\n\n\n<p>At SIS, we explore the target user&#8217;s environment extensively, employing quantitative and <a class=\"wpil_keyword_link\" href=\"https:\/\/www.sisinternational.com\/de\/losungen\/qualitative-quantitative-forschungslosungen\/\"   title=\"Qualitative &amp; Quantitative Forschungsl\u00f6sungen\" data-wpil-keyword-link=\"linked\"  data-wpil-monitor-id=\"619\">qualitative research<\/a> methods to gather a broad spectrum of insights. This may include surveys, interviews, focus groups, and ethnographic studies, among other techniques.<\/p>\n\n\n\n<p>Sp\u00e4ter integrieren SIS-Experten regelm\u00e4\u00dfige Benutzertests und Feedbacksitzungen, um Hypothesen zu validieren und Designs zu verfeinern. Dieser iterative Ansatz erm\u00f6glicht kontinuierliche Verbesserungen und stellt sicher, dass das Endprodukt genau auf die Benutzeranforderungen abgestimmt ist.<\/p>\n\n\n\n<p>Ein weiterer wichtiger Aspekt des SIS-Ansatzes ist sein Fokus auf funktions\u00fcbergreifende Zusammenarbeit. SIS erkennt an, dass benutzerzentriertes Design eine multidisziplin\u00e4re Aufgabe ist, und f\u00f6rdert daher eine enge Zusammenarbeit zwischen Designern, Entwicklern, Marketingfachleuten und Strategen. Diese kollaborative Umgebung stellt sicher, dass alle Perspektiven ber\u00fccksichtigt werden und Benutzereinblicke nahtlos in jeden Aspekt des Produktentwicklungsprozesses integriert werden.<\/p>\n\n\n\n<p>Schlie\u00dflich basiert der SIS-Ansatz zur UCD-Marktforschung auf dem Engagement, die neuesten Tools und Technologien zur Erfassung und Analyse von Benutzerdaten zu nutzen. Von fortschrittlichen Analyseplattformen bis hin zu hochmoderner Benutzertestsoftware setzt SIS eine Reihe von Technologien ein, um sicherzustellen, dass die Erkenntnisse genau und umsetzbar sind und zu sinnvollen Verbesserungen im Produktdesign f\u00fchren k\u00f6nnen.<\/p>\n\n\n\n<h2 class=\"wp-block-heading\">M\u00f6glichkeiten der benutzerzentrierten Design-Marktforschung f\u00fcr Unternehmen<\/h2>\n\n\n\n<figure class=\"gb-block-image gb-block-image-ca451f7c\"><img loading=\"lazy\" decoding=\"async\" width=\"1456\" height=\"816\" class=\"gb-image gb-image-ca451f7c\" src=\"https:\/\/www.sisinternational.com\/wp-content\/uploads\/2025\/10\/User-Centered-Design-3.jpg\" alt=\"SIS International Marktforschung &amp; Strategie\" title=\"User-Centered Design (3)\" srcset=\"https:\/\/www.sisinternational.com\/wp-content\/uploads\/2025\/10\/User-Centered-Design-3.jpg 1456w, https:\/\/www.sisinternational.com\/wp-content\/uploads\/2025\/10\/User-Centered-Design-3-300x168.jpg 300w, https:\/\/www.sisinternational.com\/wp-content\/uploads\/2025\/10\/User-Centered-Design-3-1024x574.jpg 1024w, https:\/\/www.sisinternational.com\/wp-content\/uploads\/2025\/10\/User-Centered-Design-3-768x430.jpg 768w, https:\/\/www.sisinternational.com\/wp-content\/uploads\/2025\/10\/User-Centered-Design-3-18x10.jpg 18w\" sizes=\"auto, (max-width: 1456px) 100vw, 1456px\"><\/figure>\n\n\n\n<p><\/p>\n\n\n\n<p>The integration of user-centered <a href=\"https:\/\/www.sisinternational.com\/de\/sachverstand\/innenarchitekt-dekorateur-marktforschung\/\" title=\"Marktforschung f\u00fcr Innenarchitekten und Dekorateure\"  data-wpil-monitor-id=\"11450\">design market research<\/a> into business strategies presents many opportunities for organizations across all sectors. This approach enhances product development and user experience and opens new avenues for growth, innovation, and competitive differentiation.<\/p>\n\n\n\n<ul class=\"wp-block-list\">\n<li><strong>Innovation und Produktdifferenzierung:<\/strong> Durch ein umfassendes Verst\u00e4ndnis der Benutzerbed\u00fcrfnisse und -verhaltensweisen k\u00f6nnen Unternehmen unerf\u00fcllte Bed\u00fcrfnisse und Marktl\u00fccken identifizieren, Innovationen vorantreiben und Produkte entwickeln, die sich von der Masse abheben. Die Marktforschung von UCD liefert die notwendigen Erkenntnisse, um einzigartige Merkmale oder Funktionen zu entwickeln, die auf einem \u00fcberf\u00fcllten Markt als wichtige Differenzierungsmerkmale dienen k\u00f6nnen.<\/li>\n\n\n\n<li><strong>H\u00f6here Benutzertreue und -bindung:<\/strong> Produkte, die mit dem Benutzer im Mittelpunkt entwickelt wurden, finden bei der Zielgruppe mehr Anklang und f\u00fchren zu h\u00f6herer Zufriedenheit und Loyalit\u00e4t. Diese h\u00f6here Benutzerzufriedenheit kann zu besseren Bindungsraten und einem stabileren Kundenstamm f\u00fchren.<\/li>\n\n\n\n<li><strong>Verbesserte Markenwahrnehmung:<\/strong> Die Verpflichtung zu einem benutzerzentrierten Designansatz zeigt, dass ein Unternehmen bestrebt ist, die Erwartungen der Benutzer zu erf\u00fcllen und zu \u00fcbertreffen. Dieses Engagement kann die Markenwahrnehmung erheblich verbessern und das Unternehmen in den Augen aktueller und potenzieller Kunden als durchdacht, benutzerfreundlich und kundenorientiert etablieren.<\/li>\n\n\n\n<li><strong>Optimierte Entwicklungsprozesse:<\/strong> Mithilfe der Marktforschung von UCD lassen sich potenzielle Design- und Usability-Probleme bereits in einem fr\u00fchen Stadium des Entwicklungsprozesses erkennen. So k\u00f6nnen Anpassungen vorgenommen werden, bevor die Kosten steigen. Durch dieses fr\u00fchzeitige Eingreifen k\u00f6nnen Entwicklungsabl\u00e4ufe optimiert, die Markteinf\u00fchrungszeit verk\u00fcrzt und die Verschwendung von Ressourcen minimiert werden.<\/li>\n\n\n\n<li><strong>Zugang zu neuen M\u00e4rkten:<\/strong> Durch die Entwicklung von Produkten, die f\u00fcr ein breiteres Publikum zug\u00e4nglich und attraktiv sind, einschlie\u00dflich Menschen mit unterschiedlichen F\u00e4higkeiten und unterschiedlichem kulturellen Hintergrund, k\u00f6nnen Unternehmen neue M\u00e4rkte erschlie\u00dfen und ihre Reichweite erweitern. Die Marktforschung von UCD ist entscheidend, um die unterschiedlichen Bed\u00fcrfnisse und Vorlieben dieser potenziellen Benutzersegmente aufzudecken.<\/li>\n<\/ul>","protected":false},"excerpt":{"rendered":"<p>Die Marktforschung zum benutzerzentrierten Design konzentriert sich auf die Gestaltung von Produkten und Dienstleistungen durch das Verst\u00e4ndnis der Bed\u00fcrfnisse, Verhaltensweisen und Vorlieben der Benutzer.<\/p>","protected":false},"author":1,"featured_media":71999,"parent":14567,"menu_order":33,"comment_status":"closed","ping_status":"closed","template":"","meta":{"footnotes":""},"class_list":["post-46333","page","type-page","status-publish","has-post-thumbnail"],"_links":{"self":[{"href":"https:\/\/www.sisinternational.com\/de\/wp-json\/wp\/v2\/pages\/46333","targetHints":{"allow":["GET"]}}],"collection":[{"href":"https:\/\/www.sisinternational.com\/de\/wp-json\/wp\/v2\/pages"}],"about":[{"href":"https:\/\/www.sisinternational.com\/de\/wp-json\/wp\/v2\/types\/page"}],"author":[{"embeddable":true,"href":"https:\/\/www.sisinternational.com\/de\/wp-json\/wp\/v2\/users\/1"}],"replies":[{"embeddable":true,"href":"https:\/\/www.sisinternational.com\/de\/wp-json\/wp\/v2\/comments?post=46333"}],"version-history":[{"count":15,"href":"https:\/\/www.sisinternational.com\/de\/wp-json\/wp\/v2\/pages\/46333\/revisions"}],"predecessor-version":[{"id":85064,"href":"https:\/\/www.sisinternational.com\/de\/wp-json\/wp\/v2\/pages\/46333\/revisions\/85064"}],"up":[{"embeddable":true,"href":"https:\/\/www.sisinternational.com\/de\/wp-json\/wp\/v2\/pages\/14567"}],"wp:featuredmedia":[{"embeddable":true,"href":"https:\/\/www.sisinternational.com\/de\/wp-json\/wp\/v2\/media\/71999"}],"wp:attachment":[{"href":"https:\/\/www.sisinternational.com\/de\/wp-json\/wp\/v2\/media?parent=46333"}],"curies":[{"name":"wp","href":"https:\/\/api.w.org\/{rel}","templated":true}]}}