{"id":46331,"date":"2024-02-22T19:15:00","date_gmt":"2024-02-23T00:15:00","guid":{"rendered":"https:\/\/www.sisinternational.com\/?page_id=46331"},"modified":"2026-01-25T17:07:42","modified_gmt":"2026-01-25T22:07:42","slug":"ziele-und-schlusselergebnisse-rahmen-marktforschung","status":"publish","type":"page","link":"https:\/\/www.sisinternational.com\/de\/losungen\/strategieberatung\/ziele-und-schlusselergebnisse-rahmen-marktforschung\/","title":{"rendered":"Ziele und Schl\u00fcsselergebnisse Frameworks Marktforschung"},"content":{"rendered":"<h1 class=\"wp-block-heading\">Ziele und Schl\u00fcsselergebnisse Frameworks Marktforschung<\/h1>\n\n\n\n<figure class=\"gb-block-image gb-block-image-e8edb7d3\"><img loading=\"lazy\" decoding=\"async\" width=\"1456\" height=\"816\" class=\"gb-image gb-image-e8edb7d3\" src=\"https:\/\/www.sisinternational.com\/wp-content\/uploads\/2025\/10\/Objectives-and-Key-Results-2.jpg\" alt=\"SIS International Marktforschung &amp; Strategie\" title=\"Objectives and Key Results (2)\" srcset=\"https:\/\/www.sisinternational.com\/wp-content\/uploads\/2025\/10\/Objectives-and-Key-Results-2.jpg 1456w, https:\/\/www.sisinternational.com\/wp-content\/uploads\/2025\/10\/Objectives-and-Key-Results-2-300x168.jpg 300w, https:\/\/www.sisinternational.com\/wp-content\/uploads\/2025\/10\/Objectives-and-Key-Results-2-1024x574.jpg 1024w, https:\/\/www.sisinternational.com\/wp-content\/uploads\/2025\/10\/Objectives-and-Key-Results-2-768x430.jpg 768w, https:\/\/www.sisinternational.com\/wp-content\/uploads\/2025\/10\/Objectives-and-Key-Results-2-18x10.jpg 18w\" sizes=\"auto, (max-width: 1456px) 100vw, 1456px\"><\/figure>\n\n\n\n<p><\/p>\n\n\n\n<p>Wie k\u00f6nnen Unternehmen ihre t\u00e4glichen Abl\u00e4ufe an ihren \u00fcbergeordneten Zielen ausrichten, um Wachstum zu gew\u00e4hrleisten? Ziele und Schl\u00fcsselergebnisse (OKRs) haben sich als Eckpfeiler f\u00fcr Unternehmen herauskristallisiert, die die Komplexit\u00e4t der Marktdynamik meistern und gleichzeitig ein Umfeld der Verantwortlichkeit und Leistungsexzellenz f\u00f6rdern m\u00f6chten.<\/p>\n\n\n\n<h2 class=\"wp-block-heading\">Was sind Ziele und Schl\u00fcsselergebnisrahmen der Marktforschung?<\/h2>\n\n\n\n<p>Die Marktforschung zu Zielen und Schl\u00fcsselergebnisrahmen ist ein analytischer Prozess, der darauf abzielt, die Wirksamkeit und Anwendbarkeit der OKR-Methodik in verschiedenen Gesch\u00e4ftskontexten zu verstehen. Dabei wird bewertet, wie Organisationen klare, messbare Ziele (Ziele) in Verbindung mit umsetzbaren Ergebnissen (Schl\u00fcsselergebnisse) umsetzen und davon profitieren.<\/p>\n\n\n\n<p>Durch umfassende Analysen liefert die Marktforschung zu OKR-Frameworks Einblicke in die Best Practices, Herausforderungen und potenziellen Verbesserungsbereiche bei der Anwendung von OKRs. Mithilfe dieser Forschung k\u00f6nnen Unternehmen ihre OKR-Strategien an ihre individuellen betrieblichen Gegebenheiten und strategischen Ambitionen anpassen und so die Auswirkungen des Frameworks auf die Leistung und das Wachstum des Unternehmens maximieren.<\/p>\n\n\n\n<h2 class=\"wp-block-heading\">Warum Unternehmen Ziel- und Schl\u00fcsselergebnisrahmen ben\u00f6tigen Marktforschung<\/h2>\n\n\n\n<figure class=\"gb-block-image gb-block-image-a1863d27\"><img loading=\"lazy\" decoding=\"async\" width=\"1456\" height=\"816\" class=\"gb-image gb-image-a1863d27\" src=\"https:\/\/www.sisinternational.com\/wp-content\/uploads\/2025\/10\/Objectives-and-Key-Results-4.jpg\" alt=\"SIS International Marktforschung &amp; Strategie\" title=\"Objectives and Key Results (4)\" srcset=\"https:\/\/www.sisinternational.com\/wp-content\/uploads\/2025\/10\/Objectives-and-Key-Results-4.jpg 1456w, https:\/\/www.sisinternational.com\/wp-content\/uploads\/2025\/10\/Objectives-and-Key-Results-4-300x168.jpg 300w, https:\/\/www.sisinternational.com\/wp-content\/uploads\/2025\/10\/Objectives-and-Key-Results-4-1024x574.jpg 1024w, https:\/\/www.sisinternational.com\/wp-content\/uploads\/2025\/10\/Objectives-and-Key-Results-4-768x430.jpg 768w, https:\/\/www.sisinternational.com\/wp-content\/uploads\/2025\/10\/Objectives-and-Key-Results-4-18x10.jpg 18w\" sizes=\"auto, (max-width: 1456px) 100vw, 1456px\"><\/figure>\n\n\n\n<p><\/p>\n\n\n\n<p><a href=\"https:\/\/www.sisinternational.com\/de\/losungen\/ai-marktforschung-und-strategieberatung\/objekterkennung-ki-marktforschung\/\" title=\"Marktforschung zur Objekterkennung mit KI\"  data-wpil-monitor-id=\"2390\">Objectives and key results frameworks market research<\/a> enable businesses to benchmark their practices against industry standards and learn from the successes and pitfalls of others. It provides a roadmap for customizing the OKR framework to fit an organization&#8217;s unique needs, enhancing its relevance and effectiveness.<\/p>\n\n\n\n<h2 class=\"wp-block-heading\">Dar\u00fcber hinaus hilft die Marktforschung dabei, neue Trends und aufkommende Herausforderungen zu erkennen, sodass Unternehmen ihre OKR-Strategien proaktiv anpassen k\u00f6nnen.<\/h2>\n\n\n\n<p><\/p>\n\n\n\n<p>Ein weiterer wichtiger Aspekt ist die Ausrichtung der OKRs an der Vision und den strategischen Zielen des Unternehmens. Marktforschung zu OKR-Frameworks tr\u00e4gt dazu bei, eine nahtlose Integration zwischen den langfristigen Bestrebungen des Unternehmens und den f\u00fcr Teams und Einzelpersonen festgelegten operativen Zielen sicherzustellen. Diese Ausrichtung ist entscheidend, um den Fokus aufrechtzuerhalten und sicherzustellen, dass jede Anstrengung zu den umfassenderen Unternehmenszielen beitr\u00e4gt. Sie bringt jedoch noch viele weitere Vorteile f\u00fcr Unternehmen mit sich, darunter:<\/p>\n\n\n\n<ul class=\"wp-block-list\">\n<li><strong>Verbesserter strategischer Fokus:<\/strong> OKRs zwingen Organisationen dazu, ihre Ziele zu priorisieren und sich auf das Wesentliche zu konzentrieren. Diese Priorisierung stellt sicher, dass Ressourcen effizient zugewiesen werden, und motiviert Teams, sich auf Aktivit\u00e4ten mit hoher Wirkung zu konzentrieren.<\/li>\n\n\n\n<li><strong>Verbesserte Ausrichtung und Transparenz:<\/strong> Eine der wichtigsten St\u00e4rken des OKR-Frameworks ist seine F\u00e4higkeit, Einzel- und Teamziele mit der allgemeinen strategischen Vision des Unternehmens in Einklang zu bringen. Diese Ausrichtung wird durch eine transparente Festlegung und Weitergabe von OKRs erleichtert, wodurch sichergestellt wird, dass sich alle in die gleiche Richtung bewegen.<\/li>\n\n\n\n<li><strong>Erh\u00f6hte Rechenschaftspflicht:<\/strong> Objectives and <a href=\"https:\/\/www.sisinternational.com\/de\/schlusselfaktoren-fur-den-erfolg-in-der-automobilmarktforschung\/\" title=\"Erfolgsfaktoren in der Automobilmarktforschung\"  data-wpil-monitor-id=\"2515\">key results frameworks market research<\/a> reveal how accountability can be further enhanced through regular check-ins and progress reviews, encouraging a continuous feedback loop that drives performance.<\/li>\n\n\n\n<li><strong>Agilit\u00e4t und Flexibilit\u00e4t:<\/strong> Die dynamische Natur von OKRs erm\u00f6glicht es Organisationen, sich schnell an Ver\u00e4nderungen im Gesch\u00e4ftsumfeld anzupassen. Diese Agilit\u00e4t ist auf dem heutigen schnelllebigen Markt, auf dem Chancen und Herausforderungen ohne Vorwarnung entstehen, von entscheidender Bedeutung.<\/li>\n\n\n\n<li><strong>Datengesteuerte Entscheidungsfindung:<\/strong> Die Marktforschung mit OKR-Frameworks konzentriert sich auf einen datengesteuerten Ansatz zur Entscheidungsfindung, wobei die wichtigsten Ergebnisse h\u00e4ufig durch spezifische Kennzahlen quantifiziert werden. Diese Abh\u00e4ngigkeit von Daten hilft dabei, den Fortschritt objektiv zu bewerten und Verbesserungsbereiche zu identifizieren.<\/li>\n<\/ul>\n\n\n\n<h2 class=\"wp-block-heading\">Erwartete Ergebnisse aus unserem Rahmenwerk f\u00fcr Ziele und Schl\u00fcsselergebnisse<\/h2>\n\n\n\n<figure class=\"gb-block-image gb-block-image-9b7aa42b\"><img loading=\"lazy\" decoding=\"async\" width=\"1456\" height=\"816\" class=\"gb-image gb-image-9b7aa42b\" src=\"https:\/\/www.sisinternational.com\/wp-content\/uploads\/2025\/10\/Objectives-and-Key-Results-3.jpg\" alt=\"SIS International Marktforschung &amp; Strategie\" title=\"Objectives and Key Results (3)\" srcset=\"https:\/\/www.sisinternational.com\/wp-content\/uploads\/2025\/10\/Objectives-and-Key-Results-3.jpg 1456w, https:\/\/www.sisinternational.com\/wp-content\/uploads\/2025\/10\/Objectives-and-Key-Results-3-300x168.jpg 300w, https:\/\/www.sisinternational.com\/wp-content\/uploads\/2025\/10\/Objectives-and-Key-Results-3-1024x574.jpg 1024w, https:\/\/www.sisinternational.com\/wp-content\/uploads\/2025\/10\/Objectives-and-Key-Results-3-768x430.jpg 768w, https:\/\/www.sisinternational.com\/wp-content\/uploads\/2025\/10\/Objectives-and-Key-Results-3-18x10.jpg 18w\" sizes=\"auto, (max-width: 1456px) 100vw, 1456px\"><\/figure>\n\n\n\n<p><\/p>\n\n\n\n<p>When an organization implements <a href=\"https:\/\/www.sisinternational.com\/de\/sachverstand\/branchen\/marktforschung-fur-organische-chemikalien\/\" title=\"Marktforschung f\u00fcr organische Chemikalien\"  data-wpil-monitor-id=\"3324\">objectives and key results frameworks market<\/a> research with diligence and strategic foresight, it sets the stage for transformative outcomes \u2013 and here are the expected results from a well-executed OKR frameworks market research:<\/p>\n\n\n\n<ul class=\"wp-block-list\">\n<li><strong>Verbesserte organisatorische Ausrichtung:<\/strong> Ein Hauptergebnis der Einf\u00fchrung von OKRs ist eine verbesserte Abstimmung auf allen Ebenen der Organisation. Diese Abstimmung stellt sicher, dass jeder Einzelne und jedes Team auf einheitliche, strategische Ziele hinarbeitet, was die Effizienz und Effektivit\u00e4t der Bem\u00fchungen deutlich steigert.<\/li>\n\n\n\n<li><strong>Erh\u00f6htes Engagement der Mitarbeiter:<\/strong> When team members understand how their work directly contributes to the organization&#8217;s success, they are more motivated and committed to their roles. OKR frameworks <a href=\"https:\/\/www.sisinternational.com\/de\/what-is-a-value-proposition-canvas-the-game-changing-framework-that-prevents-product-failures\/\" title=\"What Is a Value Proposition Canvas? &#091;The Game-Changing Framework That Prevents Product Failures&#093;\"  data-wpil-monitor-id=\"1457\">Marktforschung<\/a> has shown that engaged employees exhibit higher productivity, better performance, and lower turnover rates, contributing to a more dynamic and resilient organization.<\/li>\n\n\n\n<li><strong>Agilit\u00e4t bei der strategischen Umsetzung:<\/strong> Durch die Einf\u00fchrung von OKRs k\u00f6nnen Unternehmen bei der Umsetzung ihrer Strategie flexibler werden. Diese Flexibilit\u00e4t erm\u00f6glicht es Unternehmen, schnell auf Marktver\u00e4nderungen zu reagieren, Strategien bei Bedarf anzupassen und neue Chancen zu nutzen.<\/li>\n\n\n\n<li><strong>Datengest\u00fctzte Entscheidungsfindung:<\/strong> A well-implemented objectives and <a href=\"https:\/\/www.sisinternational.com\/de\/abdeckung\/die-amerikaner\/usa-berichterstattung\/marktforschung-in-key-west-florida\/\" title=\"Marktforschung in Key West, Florida\"  data-wpil-monitor-id=\"3987\">key results frameworks market research<\/a> foster a culture of data-informed decision-making. By establishing clear metrics for success and regularly reviewing performance data, organizations can make strategic decisions based on solid evidence rather than intuition.<\/li>\n\n\n\n<li><strong>Kultur der kontinuierlichen Verbesserung:<\/strong> Ein effektives OKR-Framework schafft eine Kultur der kontinuierlichen Verbesserung innerhalb der Organisation. Diese Kultur f\u00f6rdert die fortlaufende Bewertung von Prozessen, Strategien und Ergebnissen mit st\u00e4ndigem Blick auf Optimierung und Wachstum.<\/li>\n<\/ul>\n\n\n\n<h2 class=\"wp-block-heading\">Der SIS-Ansatz f\u00fcr Ziele und Schl\u00fcsselergebnisrahmen Marktforschung<\/h2>\n\n\n\n<p>Der SIS-Ansatz zur Implementierung von Zielen und Schl\u00fcsselergebnisrahmen in der Marktforschung zeichnet sich durch eine sorgf\u00e4ltige, datengesteuerte Strategie aus, die eng auf die individuellen Bed\u00fcrfnisse und Ziele jeder Organisation abgestimmt ist. Dieser Ansatz ist keine Einheitsl\u00f6sung, sondern legt Wert auf Anpassung, Flexibilit\u00e4t und kontinuierliches Lernen, um sicherzustellen, dass der OKR-Rahmen maximalen Nutzen bringt.<\/p>\n\n\n\n<p>Zun\u00e4chst beginnt der SIS-Ansatz mit einer umfassenden Bewertung des aktuellen Zustands der Organisation, ihrer strategischen Ziele und spezifischen Herausforderungen. Diese erste Phase ist entscheidend f\u00fcr das Verst\u00e4ndnis des einzigartigen Kontexts, in dem das OKR-Framework eingesetzt wird, und erm\u00f6glicht eine ma\u00dfgeschneiderte Strategie, die den besonderen Anforderungen der Organisation gerecht wird.<\/p>\n\n\n\n<p>Nach dieser Bewertung konzentrieren sich die SIS-Experten auf die Entwicklung klarer, messbarer Ziele, die direkt mit den strategischen Zielen des Unternehmens verkn\u00fcpft sind. Diese Ziele sind so formuliert, dass sie ehrgeizig und dennoch erreichbar sind. Sie sind darauf ausgelegt, das Unternehmen zu fordern, aber dennoch im Bereich des M\u00f6glichen zu bleiben.<\/p>\n\n\n\n<p>Die Marktforschung zu OKR-Frameworks unterstreicht, wie wichtig es ist, OKRs auf verschiedenen Ebenen der Organisation abzustimmen, um einheitliche Bem\u00fchungen zur Erreichung gemeinsamer Ziele sicherzustellen. Die SIS-Methode erleichtert dies durch strukturierte Abstimmungssitzungen, klare Kommunikationskan\u00e4le und Tools, die Sichtbarkeit und Transparenz in der gesamten Organisation erm\u00f6glichen.<\/p>\n\n\n\n<p>Dar\u00fcber hinaus umfasst die SIS-Strategie auch regelm\u00e4\u00dfige \u00dcberpr\u00fcfungszyklen, in denen der Fortschritt in Richtung der Ziele beurteilt und wichtige Ergebnisse ausgewertet werden. Dieser iterative Prozess erm\u00f6glicht Echtzeitanpassungen der OKRs und stellt sicher, dass sie relevant bleiben und mit der sich entwickelnden strategischen Landschaft des Unternehmens \u00fcbereinstimmen. Die Flexibilit\u00e4t, OKRs zu \u00e4ndern und anzupassen, ist ein Eckpfeiler des SIS-Ansatzes und spiegelt die dynamische Natur des heutigen Gesch\u00e4ftsumfelds wider.<\/p>\n\n\n\n<h2 class=\"wp-block-heading\">Chancen in Zielen und Schl\u00fcsselergebnisrahmen f\u00fcr Unternehmen<\/h2>\n\n\n\n<figure class=\"gb-block-image gb-block-image-9c5d154f\"><img loading=\"lazy\" decoding=\"async\" width=\"1456\" height=\"816\" class=\"gb-image gb-image-9c5d154f\" src=\"https:\/\/www.sisinternational.com\/wp-content\/uploads\/2025\/10\/Objectives-and-Key-Results-1.jpg\" alt=\"SIS International Marktforschung &amp; Strategie\" title=\"Objectives and Key Results (1)\" srcset=\"https:\/\/www.sisinternational.com\/wp-content\/uploads\/2025\/10\/Objectives-and-Key-Results-1.jpg 1456w, https:\/\/www.sisinternational.com\/wp-content\/uploads\/2025\/10\/Objectives-and-Key-Results-1-300x168.jpg 300w, https:\/\/www.sisinternational.com\/wp-content\/uploads\/2025\/10\/Objectives-and-Key-Results-1-1024x574.jpg 1024w, https:\/\/www.sisinternational.com\/wp-content\/uploads\/2025\/10\/Objectives-and-Key-Results-1-768x430.jpg 768w, https:\/\/www.sisinternational.com\/wp-content\/uploads\/2025\/10\/Objectives-and-Key-Results-1-18x10.jpg 18w\" sizes=\"auto, (max-width: 1456px) 100vw, 1456px\"><\/figure>\n\n\n\n<p><\/p>\n\n\n\n<p>Die Einf\u00fchrung von Zielen und Schl\u00fcsselergebnisrahmen in der Marktforschung bietet Unternehmen, die ihre strategische Umsetzung optimieren und die Unternehmensleistung verbessern m\u00f6chten, mehrere M\u00f6glichkeiten. W\u00e4hrend Unternehmen sich in der Komplexit\u00e4t der modernen Gesch\u00e4ftslandschaft zurechtfinden, kann die Integration von OKR-Rahmenwerken auf Grundlage sorgf\u00e4ltiger Marktforschung in zahlreichen Schl\u00fcsselbereichen Potenzial freisetzen.<\/p>\n\n\n\n<ul class=\"wp-block-list\">\n<li><strong>Strategische Klarheit und Fokus:<\/strong> Die wichtigste Chance, die OKR-Frameworks bieten, ist die F\u00e4higkeit, beispiellose strategische Klarheit und Fokussierung zu erreichen. Unternehmen k\u00f6nnen ihre Bem\u00fchungen auf das Wesentliche konzentrieren, indem sie klare, messbare Ziele definieren, die mit der Vision des Unternehmens \u00fcbereinstimmen, und spezifische, umsetzbare Schl\u00fcsselergebnisse festlegen. Dieser Fokus stellt sicher, dass Ressourcen effizient zugewiesen werden, die Wirkung maximiert wird und erhebliche Fortschritte bei der Erreichung \u00fcbergeordneter Ziele erzielt werden.<\/li>\n\n\n\n<li><strong>Verbesserte organisatorische Ausrichtung:<\/strong> OKR-Frameworks f\u00f6rdern eine hohe Abstimmung innerhalb von Organisationen, von der Strategie auf h\u00f6chster Ebene bis hin zu individuellen Aufgaben. Diese Abstimmung stellt sicher, dass alle Mitarbeiter einheitlich auf gemeinsame Ziele hinarbeiten, Synergien f\u00f6rdern und Ineffizienzen reduzieren. Die Chance f\u00fcr Unternehmen, als einheitliche Einheit auf gemeinsame Ziele hinzuarbeiten, kann nicht hoch genug eingesch\u00e4tzt werden, da sie das Erfolgspotenzial erheblich steigert.<\/li>\n\n\n\n<li><strong>Kultureller Wandel:<\/strong> Die Implementierung von OKRs kann einen Wandel hin zu einer leistungsorientierten Kultur einleiten, die Transparenz, Verantwortlichkeit und kontinuierliche Verbesserung sch\u00e4tzt. Dieser kulturelle Wandel ist eine entscheidende Chance f\u00fcr Unternehmen, ihrer Belegschaft eine Denkweise der Exzellenz und Anpassungsf\u00e4higkeit zu vermitteln. Eine solche Kultur f\u00f6rdert die Leistung, zieht die besten Talente an und h\u00e4lt sie, was zur langfristigen Vitalit\u00e4t des Unternehmens beitr\u00e4gt.<\/li>\n<\/ul>","protected":false},"excerpt":{"rendered":"<p>Die Ziele und Schl\u00fcsselergebnisrahmen der Marktforschung zielen darauf ab, die Wirksamkeit der Methodik in verschiedenen Gesch\u00e4ftskontexten zu verstehen.<\/p>","protected":false},"author":1,"featured_media":71965,"parent":14567,"menu_order":34,"comment_status":"closed","ping_status":"closed","template":"","meta":{"footnotes":""},"class_list":["post-46331","page","type-page","status-publish","has-post-thumbnail"],"_links":{"self":[{"href":"https:\/\/www.sisinternational.com\/de\/wp-json\/wp\/v2\/pages\/46331","targetHints":{"allow":["GET"]}}],"collection":[{"href":"https:\/\/www.sisinternational.com\/de\/wp-json\/wp\/v2\/pages"}],"about":[{"href":"https:\/\/www.sisinternational.com\/de\/wp-json\/wp\/v2\/types\/page"}],"author":[{"embeddable":true,"href":"https:\/\/www.sisinternational.com\/de\/wp-json\/wp\/v2\/users\/1"}],"replies":[{"embeddable":true,"href":"https:\/\/www.sisinternational.com\/de\/wp-json\/wp\/v2\/comments?post=46331"}],"version-history":[{"count":11,"href":"https:\/\/www.sisinternational.com\/de\/wp-json\/wp\/v2\/pages\/46331\/revisions"}],"predecessor-version":[{"id":78131,"href":"https:\/\/www.sisinternational.com\/de\/wp-json\/wp\/v2\/pages\/46331\/revisions\/78131"}],"up":[{"embeddable":true,"href":"https:\/\/www.sisinternational.com\/de\/wp-json\/wp\/v2\/pages\/14567"}],"wp:featuredmedia":[{"embeddable":true,"href":"https:\/\/www.sisinternational.com\/de\/wp-json\/wp\/v2\/media\/71965"}],"wp:attachment":[{"href":"https:\/\/www.sisinternational.com\/de\/wp-json\/wp\/v2\/media?parent=46331"}],"curies":[{"name":"wp","href":"https:\/\/api.w.org\/{rel}","templated":true}]}}