{"id":46281,"date":"2024-02-22T14:11:29","date_gmt":"2024-02-22T19:11:29","guid":{"rendered":"https:\/\/www.sisinternational.com\/?page_id=46281"},"modified":"2026-03-24T18:21:53","modified_gmt":"2026-03-24T22:21:53","slug":"marktforschung-im-staat-new-york","status":"publish","type":"page","link":"https:\/\/www.sisinternational.com\/de\/abdeckung\/north-america\/usa-berichterstattung\/marktforschung-im-staat-new-york\/","title":{"rendered":"Marktforschung im Staat New York"},"content":{"rendered":"<h1 class=\"wp-block-heading\">Marktforschung im Staat New York<\/h1>\n\n\n\n<figure class=\"gb-block-image gb-block-image-8e4ccb23\"><img loading=\"lazy\" decoding=\"async\" width=\"1456\" height=\"816\" class=\"gb-image gb-image-8e4ccb23\" src=\"https:\/\/www.sisinternational.com\/wp-content\/uploads\/2025\/09\/New-York-15.jpg\" alt=\"SIS International Marktforschung &amp; Strategie\" title=\"New York (15)\" srcset=\"https:\/\/www.sisinternational.com\/wp-content\/uploads\/2025\/09\/New-York-15.jpg 1456w, https:\/\/www.sisinternational.com\/wp-content\/uploads\/2025\/09\/New-York-15-300x168.jpg 300w, https:\/\/www.sisinternational.com\/wp-content\/uploads\/2025\/09\/New-York-15-1024x574.jpg 1024w, https:\/\/www.sisinternational.com\/wp-content\/uploads\/2025\/09\/New-York-15-768x430.jpg 768w, https:\/\/www.sisinternational.com\/wp-content\/uploads\/2025\/09\/New-York-15-18x10.jpg 18w\" sizes=\"auto, (max-width: 1456px) 100vw, 1456px\"><\/figure>\n\n\n\n<hr class=\"wp-block-separator has-alpha-channel-opacity is-style-dots\"\/>\n\n\n\n<p>Die Marktforschung im Bundesstaat New York zeigt die Vorlieben und Trends eines dynamischen Marktes mit florierenden Branchen \u2013 und einem sich st\u00e4ndig weiterentwickelnden Verbraucherverhalten. Doch was zeichnet diesen Bundesstaat aus und welchen Einfluss hat seine einzigartige Landschaft auf die Marktforschung?<\/p>\n\n\n\n<h2 class=\"wp-block-heading\">What Is New York State market research?<\/h2>\n\n\n\n<p>Die Marktforschung des Staates New York untersucht verschiedene Sektoren wie Finanzen, Technologie, Gesundheitswesen und Tourismus und ihren Einfluss in diesem Staat. Von den gesch\u00e4ftigen Stra\u00dfen New Yorks bis zu den malerischen Landschaften im Norden des Staates New York tr\u00e4gt jede Region zur einzigartigen Marktlandschaft des Staates bei und stellt Marktforscher vor Herausforderungen und Chancen, Verbraucherpr\u00e4ferenzen, Branchentrends und Wettbewerbslandschaften zu entschl\u00fcsseln.<\/p>\n\n\n\n<h2 class=\"wp-block-heading\">Warum ist es wichtig? <\/h2>\n\n\n\n<p>Actually, New York State is a microcosm of diverse consumer preferences, industry dynamics, and market trends. So, conducting <a href=\"https:\/\/www.sisinternational.com\/de\/sachverstand\/branchen\/marktforschung-fur-unterhaltungsmedien\/wie-man-in-new-york-recherchen-zu-unterhaltung-und-film-durchfuhrt\/\" title=\"So f\u00fchren Sie in New York Recherchen zu Unterhaltung und Film durch\"  data-wpil-monitor-id=\"2119\">Marktforschung<\/a> enables businesses to gain a deeper understanding of the unique needs and preferences of New York consumers, thereby tailoring their products, services, and marketing strategies accordingly. Businesses can also identify opportunities for differentiation, innovation, and strategic positioning in the marketplace by analyzing market trends, competitor strategies, and consumer behaviors.<\/p>\n\n\n\n<p>Moreover, New <a href=\"https:\/\/www.sisinternational.com\/de\/losungen\/strategieberatung\/markteintrittschancenforschung\/new-yorker-markteintrittsforschung\/\" title=\"New Yorker Markteintrittsforschung\"  data-wpil-monitor-id=\"954\">York State market research<\/a> equips decision-makers with the data, insights, and intelligence to make strategic decisions confidently. Whether entering new markets, launching new products, or expanding operations, market research serves as a compass, guiding businesses toward growth and success.<\/p>\n\n\n\n<p>New <a href=\"https:\/\/www.sisinternational.com\/de\/abdeckung\/north-america\/usa-berichterstattung\/marktforschung-zur-new-york-city-auto-show\/\" title=\"Marktforschung zur New York City Auto Show\"  data-wpil-monitor-id=\"11426\">York State market research<\/a> offers many benefits for businesses, policymakers, and stakeholders. Here are some key advantages:<\/p>\n\n\n\n<ul class=\"wp-block-list\">\n<li><strong>Marktsegmentierung:<\/strong> Wenn Unternehmen die vielf\u00e4ltigen demografischen Merkmale und Vorlieben im Bundesstaat New York kennen, k\u00f6nnen sie ihre Zielm\u00e4rkte effektiv segmentieren. Indem sie Produkte, Dienstleistungen und Marketingstrategien auf bestimmte Verbrauchersegmente zuschneiden, k\u00f6nnen sie die Kundenzufriedenheit steigern, die Markentreue erh\u00f6hen und das Umsatzwachstum f\u00f6rdern.<\/li>\n\n\n\n<li><strong>Wettbewerbsintelligenz:<\/strong> New York State market research enables businesses to gather competitive intelligence and benchmark their performance against industry rivals. Companies can identify opportunities for differentiation, innovation, and strategic positioning by analyzing competitors&#8217; strategies, strengths, and weaknesses.<\/li>\n\n\n\n<li><strong>Risikomanagement:<\/strong> In einem dynamischen und sich st\u00e4ndig ver\u00e4ndernden Markt wie dem Staat New York spielt die Marktforschung eine entscheidende Rolle im Risikomanagement. Durch die \u00dcberwachung von Markttrends, regulatorischen \u00c4nderungen und neu auftretenden Risiken k\u00f6nnen Unternehmen potenzielle Bedrohungen f\u00fcr ihren Betrieb proaktiv identifizieren und eind\u00e4mmen und sich so vor finanziellen Verlusten und Reputationssch\u00e4den sch\u00fctzen.<\/li>\n\n\n\n<li><strong>Einblicke der Kunden:<\/strong> Die Marktforschung im Bundesstaat New York liefert wertvolle Einblicke in das Verhalten, die Vorlieben und Bed\u00fcrfnisse der Verbraucher. Durch die Durchf\u00fchrung von Umfragen, Fokusgruppen und Beobachtungsstudien k\u00f6nnen Unternehmen ein tieferes Verst\u00e4ndnis ihrer Zielgruppe gewinnen und so Produkte, Dienstleistungen und Marketingkampagnen entwickeln, die bei den Kunden Anklang finden und deren Engagement f\u00f6rdern.<\/li>\n<\/ul>\n\n\n\n<h2 class=\"wp-block-heading\">Critical Factors for Success<\/h2>\n\n\n\n<p>Success in conducting <a class=\"wpil_keyword_link\" href=\"https:\/\/www.sisinternational.com\/de\/abdeckung\/die-amerikaner\/usa-berichterstattung\/market-research-in-new-york\/\"   title=\"Market Research in New York\" data-wpil-keyword-link=\"linked\"  data-wpil-monitor-id=\"285\">market research in New York<\/a> State hinges on several critical factors such as:<\/p>\n\n\n\n<ul class=\"wp-block-list\">\n<li><strong>Lokale Expertise:<\/strong> Businesses need to leverage local expertise, whether through in-house teams with regional knowledge or by partnering with research firms familiar with the nuances of the New <a href=\"https:\/\/www.sisinternational.com\/de\/sachverstand\/branchen\/mrna-marktforschung\/\" title=\"mRNA-Marktforschung\"  data-wpil-monitor-id=\"4657\">York market<\/a>.<\/li>\n\n\n\n<li><strong>Datenqualit\u00e4t:<\/strong> Qualitativ hochwertige Daten sind die Grundlage effektiver Marktforschung. Unternehmen m\u00fcssen genaue, relevante und aktuelle Daten sammeln, um ihren Entscheidungsprozess zu unterst\u00fctzen. Dazu m\u00fcssen robuste Datenerfassungsmethoden wie Umfragen, Interviews und Beobachtungsstudien eingesetzt und die Integrit\u00e4t der gesammelten Daten streng \u00fcberpr\u00fcft werden.<\/li>\n\n\n\n<li><strong>Strategische Ausrichtung:<\/strong> New York State market research should closely align with the business&#8217;s strategic objectives and priorities. Businesses must clearly define their goals before embarking on any research initiative, identify key research questions, and outline the desired outcomes.<\/li>\n\n\n\n<li><strong>Ganzheitlicher Ansatz:<\/strong> Effektive Marktforschung geht \u00fcber das blo\u00dfe Sammeln von Daten hinaus; sie erfordert einen ganzheitlichen Ansatz, der mehrere Faktoren ber\u00fccksichtigt, die die Marktdynamik beeinflussen. Unternehmen m\u00fcssen Verbraucherpr\u00e4ferenzen und Wettbewerbsstrategien sowie wirtschaftliche Trends, regulatorische Entwicklungen und soziokulturelle Faktoren analysieren, die das New Yorker Marktumfeld pr\u00e4gen.<\/li>\n\n\n\n<li><strong>Funktions\u00fcbergreifende Zusammenarbeit:<\/strong> Businesses must foster collaboration among marketing, sales, product development, and other relevant teams to ensure research findings are effectively integrated into decision-making.<\/li>\n<\/ul>\n\n\n\n<h2 class=\"wp-block-heading\">The SIS Advantage<\/h2>\n\n\n\n<p>SIS verfolgt einen umfassenden Ansatz bei der Durchf\u00fchrung von Marktforschung im Bundesstaat New York und nutzt dabei unsere Expertise, Ressourcen und Branchenkenntnisse, um aussagekr\u00e4ftige Erkenntnisse zu liefern und strategischen Wert zu schaffen. Hier ist ein \u00dcberblick \u00fcber unseren Ansatz:<\/p>\n\n\n\n<ul class=\"wp-block-list\">\n<li><strong>Ma\u00dfgeschneiderte Methoden:<\/strong> Recognizing the unique characteristics of the New York market, we tailor our research methodologies to meet each client&#8217;s specific needs and objectives. <\/li>\n\n\n\n<li><strong>Multimodale Datenerfassung:<\/strong> To capture a holistic view of the New York market landscape, we employ a multi-modal approach. This may include quantitative surveys, qualitative interviews, social media analysis, and secondary data research, allowing us to gather diverse perspectives and triangulate findings for robust analysis.<\/li>\n\n\n\n<li><strong>Gr\u00fcndliche Analyse:<\/strong> Unser Team aus erfahrenen Analysten f\u00fchrt eine gr\u00fcndliche Analyse der erfassten Daten durch und setzt dabei fortschrittliche statistische Techniken, qualitative Kodierungsmethoden und Datenvisualisierungstools ein, um aussagekr\u00e4ftige Erkenntnisse zu gewinnen.<\/li>\n\n\n\n<li><strong>Strategische Interpretation:<\/strong> \u00dcber die Datenanalyse hinaus bieten wir eine strategische Interpretation von Forschungsergebnissen an und helfen unseren Kunden, Erkenntnisse in umsetzbare Strategien und Initiativen umzusetzen. Im Rahmen gemeinsamer Workshops, Executive Briefings und strategischer Beratungsauftr\u00e4ge arbeiten wir eng mit unseren Kunden zusammen, um ma\u00dfgeschneiderte L\u00f6sungen zu entwickeln, die ihre individuellen Herausforderungen angehen und Marktchancen nutzen.<\/li>\n\n\n\n<li><strong>Kontinuierliche \u00dcberwachung:<\/strong> Die Marktdynamik im Bundesstaat New York entwickelt sich st\u00e4ndig weiter und erfordert eine kontinuierliche \u00dcberwachung und Anpassung. Wir bieten kontinuierliche \u00dcberwachungsdienste an und verfolgen wichtige Kennzahlen, Markttrends und Aktivit\u00e4ten der Konkurrenz, um sicherzustellen, dass unsere Kunden informiert bleiben und bei ihren Entscheidungen flexibel bleiben.<\/li>\n\n\n\n<li><strong>Kundenorientierter Ansatz:<\/strong> At the heart of our approach is a commitment to client satisfaction and success. We partner closely with clients throughout the research process, soliciting feedback, addressing concerns, and adapting our approach to meet their evolving needs. <\/li>\n<\/ul>\n\n\n\n<h2 class=\"wp-block-heading\">Gelegenheiten<\/h2>\n\n\n\n<p>Der Markt im Bundesstaat New York bietet Unternehmen aus verschiedenen Branchen zahlreiche M\u00f6glichkeiten. Hier sind einige wichtige M\u00f6glichkeiten, die sich aus der Marktforschung im Bundesstaat New York ergeben:<\/p>\n\n\n\n<ul class=\"wp-block-list\">\n<li><strong>Zugang zu einer vielf\u00e4ltigen Verbraucherbasis:<\/strong> Der Staat New York bietet Unternehmen Zugang zu einer gro\u00dfen und vielf\u00e4ltigen Verbraucherbasis. Von urbanen Millennials in New York City bis hin zu Vorstadtfamilien auf Long Island und l\u00e4ndlichen Gemeinden im Norden des Staates k\u00f6nnen Unternehmen unterschiedliche Bev\u00f6lkerungsgruppen ansprechen und ihre Produkte und Dienstleistungen auf die unterschiedlichen Verbraucherbed\u00fcrfnisse zuschneiden.<\/li>\n\n\n\n<li><strong>Industriecluster:<\/strong> New York State is home to thriving industry clusters in sectors such as finance, technology, healthcare, media, and tourism. <\/li>\n\n\n\n<li><strong>Innovations-\u00d6kosystem:<\/strong> New York State boasts a vibrant ecosystem of world-renowned universities, research institutions, and startup incubators that drive technological advancements and entrepreneurship. Businesses can tap into this ecosystem to access cutting-edge research, talent, and funding opportunities, accelerating innovation and fueling growth.<\/li>\n\n\n\n<li><strong>Unterst\u00fctzendes Gesch\u00e4ftsumfeld:<\/strong> Der Staat New York bietet ein unterst\u00fctzendes Gesch\u00e4ftsumfeld mit Initiativen zur F\u00f6rderung von Unternehmertum, Innovation und wirtschaftlicher Entwicklung. Von Steueranreizen und Zusch\u00fcssen bis hin zu Gr\u00fcnderzentren und Accelerators k\u00f6nnen Unternehmen Ressourcen und Programme nutzen, um Hindernisse zu \u00fcberwinden, Kapital zu beschaffen und ihre Gesch\u00e4ftst\u00e4tigkeit effektiver zu skalieren.<\/li>\n\n\n\n<li><strong>Kulturelle Vielfalt:<\/strong> New York State&#8217;s rich cultural diversity allows businesses to engage with diverse communities and tap into niche markets. <\/li>\n<\/ul>\n\n\n\n<h2 class=\"wp-block-heading\">Why Conducting New York State market research with SIS International<\/h2>\n\n\n\n<p>SIS distinguishes itself in the New York State market research through expertise, innovation, and a client-centric approach. Here are some key factors that set us apart:<\/p>\n\n\n\n<ul class=\"wp-block-list\">\n<li><strong>Branchenexpertise:<\/strong> Mit jahrelanger Erfahrung und einem tiefen Verst\u00e4ndnis der New Yorker Marktlandschaft bringt unser Team beispiellose Branchenexpertise in jedes Forschungsprojekt ein. Wir nutzen unser Wissen \u00fcber lokale Trends, Verbraucherverhalten und Wettbewerbsdynamik, um Erkenntnisse zu liefern, die den strategischen Wert f\u00fcr unsere Kunden steigern.<\/li>\n\n\n\n<li><strong>Ma\u00dfgeschneiderte L\u00f6sungen:<\/strong> We offer tailored solutions to meet each client&#8217;s unique needs and objectives. <\/li>\n\n\n\n<li><strong>Innovative Ans\u00e4tze:<\/strong> At SIS, we embrace innovation and leverage cutting-edge methodologies and technologies to conduct market research. From advanced analytics and machine learning to social media monitoring and predictive modeling, we harness innovation to uncover deep insights and unlock new opportunities for our clients.<\/li>\n\n\n\n<li><strong>Zusammenarbeit mit dem Kunden:<\/strong> We believe in the power of collaboration and partner closely with our clients throughout the research process. <\/li>\n\n\n\n<li><strong>Qualit\u00e4tskontrolle:<\/strong> Quality is at the forefront of everything we do at SIS. From data collection to analysis to reporting, we adhere to rigorous quality assurance standards to ensure our research findings&#8217; accuracy, reliability, and integrity. Our commitment to quality ensures our clients can trust the insights we provide to inform their decision-making with confidence.<\/li>\n\n\n\n<li><strong>St\u00e4ndige Verbesserung:<\/strong> We are committed to constant improvement and strive to stay ahead of the curve in the fast-paced world of market research. Through ongoing learning, innovation, and adaptation, we continuously refine our methodologies and approaches to deliver best-in-class research solutions that meet the evolving needs of our clients.<\/li>\n<\/ul>\n\n\n\n<p><\/p>\n\n\n\n<h2 class=\"wp-block-heading\">&nbsp;<\/h2>","protected":false},"excerpt":{"rendered":"<p>Die Marktforschung des Staates New York untersucht Sektoren wie Finanzen, Technologie, Gesundheitswesen und Tourismus und ihren Einfluss in diesem Staat.<\/p>","protected":false},"author":1,"featured_media":66481,"parent":19303,"menu_order":76,"comment_status":"closed","ping_status":"closed","template":"","meta":{"footnotes":""},"class_list":["post-46281","page","type-page","status-publish","has-post-thumbnail"],"_links":{"self":[{"href":"https:\/\/www.sisinternational.com\/de\/wp-json\/wp\/v2\/pages\/46281","targetHints":{"allow":["GET"]}}],"collection":[{"href":"https:\/\/www.sisinternational.com\/de\/wp-json\/wp\/v2\/pages"}],"about":[{"href":"https:\/\/www.sisinternational.com\/de\/wp-json\/wp\/v2\/types\/page"}],"author":[{"embeddable":true,"href":"https:\/\/www.sisinternational.com\/de\/wp-json\/wp\/v2\/users\/1"}],"replies":[{"embeddable":true,"href":"https:\/\/www.sisinternational.com\/de\/wp-json\/wp\/v2\/comments?post=46281"}],"version-history":[{"count":16,"href":"https:\/\/www.sisinternational.com\/de\/wp-json\/wp\/v2\/pages\/46281\/revisions"}],"predecessor-version":[{"id":85013,"href":"https:\/\/www.sisinternational.com\/de\/wp-json\/wp\/v2\/pages\/46281\/revisions\/85013"}],"up":[{"embeddable":true,"href":"https:\/\/www.sisinternational.com\/de\/wp-json\/wp\/v2\/pages\/19303"}],"wp:featuredmedia":[{"embeddable":true,"href":"https:\/\/www.sisinternational.com\/de\/wp-json\/wp\/v2\/media\/66481"}],"wp:attachment":[{"href":"https:\/\/www.sisinternational.com\/de\/wp-json\/wp\/v2\/media?parent=46281"}],"curies":[{"name":"wp","href":"https:\/\/api.w.org\/{rel}","templated":true}]}}