{"id":46242,"date":"2024-02-22T14:21:22","date_gmt":"2024-02-22T19:21:22","guid":{"rendered":"https:\/\/www.sisinternational.com\/?page_id=46242"},"modified":"2026-01-26T17:31:28","modified_gmt":"2026-01-26T22:31:28","slug":"fremdkapitalmarktberatung","status":"publish","type":"page","link":"https:\/\/www.sisinternational.com\/de\/losungen\/fintech-strategieberatung-forschung\/fremdkapitalmarktberatung\/","title":{"rendered":"Debt Capital Markets Beratung"},"content":{"rendered":"<h1 class=\"wp-block-heading\">Debt Capital Markets Beratung<\/h1>\n\n\n\n<figure class=\"gb-block-image gb-block-image-b5a60bcc\"><img loading=\"lazy\" decoding=\"async\" width=\"1456\" height=\"816\" class=\"gb-image gb-image-b5a60bcc\" src=\"https:\/\/www.sisinternational.com\/wp-content\/uploads\/2025\/10\/Debt-Capital-Markets-1.jpg\" alt=\"SIS International Marktforschung &amp; Strategie\" title=\"Debt Capital Markets (1)\" srcset=\"https:\/\/www.sisinternational.com\/wp-content\/uploads\/2025\/10\/Debt-Capital-Markets-1.jpg 1456w, https:\/\/www.sisinternational.com\/wp-content\/uploads\/2025\/10\/Debt-Capital-Markets-1-300x168.jpg 300w, https:\/\/www.sisinternational.com\/wp-content\/uploads\/2025\/10\/Debt-Capital-Markets-1-1024x574.jpg 1024w, https:\/\/www.sisinternational.com\/wp-content\/uploads\/2025\/10\/Debt-Capital-Markets-1-768x430.jpg 768w, https:\/\/www.sisinternational.com\/wp-content\/uploads\/2025\/10\/Debt-Capital-Markets-1-18x10.jpg 18w\" sizes=\"auto, (max-width: 1456px) 100vw, 1456px\"><\/figure>\n\n\n\n<p><\/p>\n\n\n\n<hr class=\"wp-block-separator has-alpha-channel-opacity\"\/>\n\n\n\n<p>Die Debt Capital Markets (DCM)-Beratung optimiert Finanzierungsstrategien, strafft die Kapitalstruktur und hilft Unternehmen, sich im regulatorischen Umfeld zurechtzufinden. Da Unternehmen und Regierungen ihre Gesch\u00e4ftst\u00e4tigkeit finanzieren und in Wachstum investieren m\u00f6chten, ist die Fachkompetenz der DCM-Berater von entscheidender Bedeutung.<\/p>\n\n\n\n<h2 class=\"wp-block-heading\">Was ist Debt-Capital-Markets-Beratung?<\/h2>\n\n\n\n<p>Die Beratung zu Fremdkapitalm\u00e4rkten bietet strategische Beratung und L\u00f6sungen f\u00fcr Unternehmen, die Kapital durch Schuldtitel beschaffen m\u00f6chten. Sie unterst\u00fctzt Unternehmen, Regierungen und Finanzinstitute beim Zugang zu Fremdkapitalm\u00e4rkten, um ihren Finanzierungsbedarf zu decken. Dazu geh\u00f6ren verschiedene Schuldtitel wie Anleihen, Darlehen, Schuldverschreibungen und Commercial Papers.<\/p>\n\n\n\n<h2 class=\"wp-block-heading\">Warum ben\u00f6tigen Unternehmen eine Fremdkapitalmarktberatung?<\/h2>\n\n\n\n<figure class=\"gb-block-image gb-block-image-8eeecef5\"><img loading=\"lazy\" decoding=\"async\" width=\"1456\" height=\"816\" class=\"gb-image gb-image-8eeecef5\" src=\"https:\/\/www.sisinternational.com\/wp-content\/uploads\/2025\/10\/Debt-Capital-Markets-2.jpg\" alt=\"SIS International Marktforschung &amp; Strategie\" title=\"Debt Capital Markets (2)\" srcset=\"https:\/\/www.sisinternational.com\/wp-content\/uploads\/2025\/10\/Debt-Capital-Markets-2.jpg 1456w, https:\/\/www.sisinternational.com\/wp-content\/uploads\/2025\/10\/Debt-Capital-Markets-2-300x168.jpg 300w, https:\/\/www.sisinternational.com\/wp-content\/uploads\/2025\/10\/Debt-Capital-Markets-2-1024x574.jpg 1024w, https:\/\/www.sisinternational.com\/wp-content\/uploads\/2025\/10\/Debt-Capital-Markets-2-768x430.jpg 768w, https:\/\/www.sisinternational.com\/wp-content\/uploads\/2025\/10\/Debt-Capital-Markets-2-18x10.jpg 18w\" sizes=\"auto, (max-width: 1456px) 100vw, 1456px\"><\/figure>\n\n\n\n<p><\/p>\n\n\n\n<p>Durch die Fremdkapitalmarktberatung erhalten Unternehmen das Fachwissen, um sich in den Komplexit\u00e4ten des Marktes zurechtzufinden und die f\u00fcr ihren Bedarf am besten geeigneten Fremdkapitalinstrumente zu ermitteln und darauf zuzugreifen.<\/p>\n\n\n\n<p>Ein weiterer wichtiger Vorteil der DCM-Beratung ist der Zugang zu umfangreichen Investorennetzwerken und Kapitalquellen. Berater nutzen ihre Beziehungen zu Banken, institutionellen Anlegern und privaten Kreditgebern, um Kontakte und Verhandlungen zu erleichtern und so den potenziellen Finanzierungspool f\u00fcr ihre Kunden zu erweitern. Dies kann insbesondere f\u00fcr Unternehmen von Vorteil sein, die neue oder spezialisierte Segmente der Kreditm\u00e4rkte erschlie\u00dfen m\u00f6chten.<\/p>\n\n\n\n<p>Moreover, debt capital markets consulting ensures compliance and mitigates legal and reputational risks, providing expertise in managing the financial risks associated with debt financing such as interest rate and currency exposures, helping businesses to implement effective hedging strategies.<\/p>\n\n\n\n<p>In any case, it has many other benefits for businesses, including:<\/p>\n\n\n\n<ul class=\"wp-block-list\">\n<li><strong>Optimierte Kapitalstruktur:<\/strong> Debt capital markets consulting assists businesses in achieving an optimal capital structure that balances debt and equity to minimize the cost of capital while maximizing financial flexibility.\u00a0<\/li>\n\n\n\n<li><strong>Zugriff auf eine breite Palette an Finanzierungsm\u00f6glichkeiten:<\/strong> With deep insights into the debt markets, DCM consultants provide various financing solutions, from traditional bonds and loans to innovative instruments like green bonds and private placements.\u00a0<\/li>\n\n\n\n<li><strong>Strategic Advice on <\/strong><a href=\"https:\/\/www.sisinternational.com\/de\/losungen\/strategieberatung\/strategische-beschaffung\/\" title=\"Strategische Beschaffungsberatung\"  data-wpil-monitor-id=\"6550\">Market Timing and Pricing: Debt capital markets consulting<\/a> offers expert guidance on when to enter the market and how to price debt offerings to attract investors while minimizing costs, taking into account current market conditions and future outlooks.<\/li>\n\n\n\n<li><strong>Ma\u00dfgeschneiderte Finanzierungsl\u00f6sungen:<\/strong> DCM consultants work closely with clients to develop customized financing solutions that align with specific project needs, operational challenges, and strategic objectives, ensuring that debt capital is a tool for achieving business goals rather than a constraint.<\/li>\n<\/ul>\n\n\n\n<h2 class=\"wp-block-heading\">Wer nutzt Debt Capital Markets Consulting<\/h2>\n\n\n\n<p>Die Debt Capital Markets Consulting-Abteilung bedient viele Kunden, von gro\u00dfen Unternehmen und Finanzinstituten bis hin zu staatlichen Stellen und privaten Unternehmen. Das Fachwissen der DCM-Berater ist f\u00fcr jede Organisation von unsch\u00e4tzbarem Wert, die die Komplexit\u00e4t der Kapitalbeschaffung durch Kredite bew\u00e4ltigen m\u00f6chte.<\/p>\n\n\n\n<ul class=\"wp-block-list\">\n<li><strong>Unternehmen:<\/strong> Gro\u00dfe multinationale Konzerne nutzen h\u00e4ufig die Beratung zu Fremdkapitalm\u00e4rkten, um ihre Kapitalstruktur zu optimieren, bestehende Schulden zu refinanzieren oder Expansionspl\u00e4ne zu finanzieren. DCM-Berater unterst\u00fctzen diese Konzerne beim Zugang zu globalen Fremdkapitalm\u00e4rkten und beraten sie hinsichtlich des Zeitpunkts, der Struktur und der Preisgestaltung von Anleiheemissionen oder Konsortialkrediten, um g\u00fcnstige Konditionen sicherzustellen.<\/li>\n\n\n\n<li><strong>Finanzinstitutionen:<\/strong> Banks, insurance companies, and other financial institutions use DCM consulting to manage issuances. <a href=\"https:\/\/www.sisinternational.com\/de\/losungen\/reise-tourismus-und-gastgewerbeberatung\/marketingberatung-fur-dachrestaurants\/\" title=\"Marketingberatung f\u00fcr Dachrestaurants\"  data-wpil-monitor-id=\"4548\">Consultants provide insights into market<\/a> conditions, regulatory compliance, and risk management strategies, helping these institutions to serve their clients or manage their liquidity needs effectively.<\/li>\n\n\n\n<li><strong>Staatliche und kommunale Stellen:<\/strong> Governments and municipal bodies turn to DCM consulting for assistance in issuing sovereign bonds, municipal bonds, or other debt instruments to fund public projects, infrastructure development, or refinance existing debt.\u00a0\u00a0<\/li>\n\n\n\n<li><strong>Private Equity- und Venture Capital-Unternehmen:<\/strong> These firms often leverage debt capital markets consulting to structure debt financing for leveraged buyouts, acquisitions, or to provide portfolio companies with growth capital.\u00a0<\/li>\n\n\n\n<li><strong>Real Estate Investment Trusts (REITs) und Infrastrukturfonds:<\/strong> Entities focused on real estate and infrastructure investments utilize DCM consulting to secure financing for property acquisitions, development projects, or refinancing existing properties.\u00a0<\/li>\n<\/ul>\n\n\n\n<h2 class=\"wp-block-heading\">Der SIS-Ansatz zur DCM-Beratung<\/h2>\n\n\n\n<figure class=\"gb-block-image gb-block-image-23b1038f\"><img loading=\"lazy\" decoding=\"async\" width=\"1456\" height=\"816\" class=\"gb-image gb-image-23b1038f\" src=\"https:\/\/www.sisinternational.com\/wp-content\/uploads\/2025\/10\/Debt-Capital-Markets-3.jpg\" alt=\"SIS International Marktforschung &amp; Strategie\" title=\"Debt Capital Markets (3)\" srcset=\"https:\/\/www.sisinternational.com\/wp-content\/uploads\/2025\/10\/Debt-Capital-Markets-3.jpg 1456w, https:\/\/www.sisinternational.com\/wp-content\/uploads\/2025\/10\/Debt-Capital-Markets-3-300x168.jpg 300w, https:\/\/www.sisinternational.com\/wp-content\/uploads\/2025\/10\/Debt-Capital-Markets-3-1024x574.jpg 1024w, https:\/\/www.sisinternational.com\/wp-content\/uploads\/2025\/10\/Debt-Capital-Markets-3-768x430.jpg 768w, https:\/\/www.sisinternational.com\/wp-content\/uploads\/2025\/10\/Debt-Capital-Markets-3-18x10.jpg 18w\" sizes=\"auto, (max-width: 1456px) 100vw, 1456px\"><\/figure>\n\n\n\n<p><\/p>\n\n\n\n<p>Bei <a href=\"https:\/\/www.linkedin.com\/company\/sisinternationalresearch\/\" target=\"_blank\" rel=\"noopener\">SIS<\/a>, we understand that success in the debt capital markets requires more than just securing financing; it demands a strategic approach that aligns with the client&#8217;s overall business objectives and market conditions. Our DCM consulting services are tailored to meet the unique needs of each client, drawing on a deep well of market knowledge, financial expertise, and technological resources.<\/p>\n\n\n\n<ul class=\"wp-block-list\">\n<li><strong>Ma\u00dfgeschneiderte Kundenbindung:<\/strong> Every SIS debt capital markets consulting engagement begins with a thorough understanding of the client&#8217;s business, financial situation, and strategic goals.\u00a0<\/li>\n\n\n\n<li><strong>Markt- und Risikoanalyse:<\/strong> Utilizing advanced analytics tools and market research platforms, SIS conducts a comprehensive analysis of the current debt market conditions, interest rate environment, and credit risk factors relevant to the client&#8217;s situation.\u00a0<\/li>\n\n\n\n<li><strong>Strategische Finanzierungsl\u00f6sungen:<\/strong> Drawing on our extensive knowledge of debt instruments and financing structures, SIS develops customized financing solutions that meet the client&#8217;s specific needs.\u00a0<\/li>\n\n\n\n<li><strong>Unterst\u00fctzung bei der Einhaltung gesetzlicher Vorschriften und deren Umsetzung:<\/strong> SIS ber\u00e4t zu den regulatorischen Aspekten von Schuldverschreibungen und stellt sicher, dass die Kunden die geltenden Gesetze und Vorschriften einhalten. Wir bieten au\u00dferdem Unterst\u00fctzung w\u00e4hrend des gesamten Ausf\u00fchrungsprozesses, von der Vorbereitung der Angebotsunterlagen bis zur Koordination mit Underwritern, Ratingagenturen und Aufsichtsbeh\u00f6rden.<\/li>\n\n\n\n<li><strong>Laufende Beratung und Unterst\u00fctzung:<\/strong> Recognizing that the debt capital markets are dynamic and client needs may evolve, SIS offers ongoing advisory services.\u00a0<\/li>\n<\/ul>\n\n\n\n<h2 class=\"wp-block-heading\">Chancen in der Debt Capital Markets Beratung<\/h2>\n\n\n\n<p>The landscape of debt capital markets presents numerous opportunities for businesses seeking strategic financial solutions and advisory services. As companies navigate through various growth, investment, and restructuring stages, DCM consulting becomes an invaluable asset, providing expertise and insights that can significantly impact their financial strategies.<\/p>\n\n\n\n<ul class=\"wp-block-list\">\n<li><strong>Zugang zu innovativen Finanzierungsl\u00f6sungen:<\/strong> Debt capital markets consulting opens doors to various innovative financing options beyond traditional loans and bonds.\u00a0<\/li>\n\n\n\n<li><strong>Strategische Beratung zur Kapitalstrukturoptimierung:<\/strong> DCM consulting assists businesses in analyzing and optimizing their capital structure to enhance financial flexibility and shareholder value.\u00a0<\/li>\n\n\n\n<li><a href=\"https:\/\/www.sisinternational.com\/de\/abdeckung\/die-amerikaner\/marktforschung-in-lateinamerika-2\/markteintrittsberatung-brasilien\/\" title=\"Markteintrittsberatung in Brasilien\" data-wpil-monitor-id=\"4136\">Market Entry and Expansion Financing: DCM consulting<\/a> provides strategic guidance on securing the necessary capital for businesses looking to enter new markets or expand their operations. Consultants can offer insights into the most favorable markets and instruments for raising funds, considering the specific risks and opportunities of different regions and sectors.<\/li>\n\n\n\n<li><strong>Refinanzierung und Verbindlichkeitenmanagement:<\/strong> Debt capital markets consulting plays a crucial role in helping businesses identify and execute refinancing opportunities that can reduce interest costs, extend maturities, and improve covenant terms.\u00a0<\/li>\n\n\n\n<li><strong>Einhaltung gesetzlicher Vorschriften und Risikomanagement:<\/strong> Die Einhaltung der regulatorischen Anforderungen bei der Ausgabe von Schuldtiteln und die Bew\u00e4ltigung der damit verbundenen Risiken stellen f\u00fcr viele Unternehmen eine gro\u00dfe Herausforderung dar. DCM-Berater bieten Fachwissen in Compliance-Angelegenheiten, Zinsabsicherung, Kreditrisikomanagement und anderen Strategien zur Minderung finanzieller Risiken.<\/li>\n<\/ul>\n\n\n\n<h2 class=\"wp-block-heading\">Unser Standort in New York<\/h2>\n\n\n\n<p>  <iframe loading=\"lazy\" src=\"https:\/\/www.google.com\/maps\/embed?pb=!1m18!1m12!1m3!1d3022.976188376966!2d-73.99130312499956!3d40.740549471389315!2m3!1f0!2f0!3f0!3m2!1i1024!2i768!4f13.1!3m3!1m2!1s0x89c259a15798c731%3A0xd695d09bdd495f25!2s11%20E%2022nd%20St%20FL%202%2C%20New%20York%2C%20NY%2010010%2C%20USA!5e0!3m2!1sen!2spe!4v1726171763526!5m2!1sen!2spe\" width=\"600\" height=\"450\" allowfullscreen=\"allowfullscreen\" data-mce-fragment=\"1\"><\/iframe>  <\/p>\n\n\n\n<h3 class=\"wp-block-heading\">11 E 22nd Street, Floor 2, New York, NY 10010 T: +1(212) 505-6805<\/h3>\n\n\n\n<hr class=\"wp-block-separator has-alpha-channel-opacity\"\/>\n\n\n\n<h2 class=\"wp-block-heading\"><strong>\u00dcber SIS International<\/strong><\/h2>\n\n\n\n<p><a href=\"https:\/\/www.sisinternational.com\/de\/\"><span style=\"font-weight: 400;\">SIS International<\/span><\/a><span style=\"font-weight: 400;\"> bietet quantitative, qualitative und strategische Forschung an. Wir liefern Daten, Tools, Strategien, Berichte und Erkenntnisse zur Entscheidungsfindung. Wir f\u00fchren auch Interviews, Umfragen, Fokusgruppen und andere Methoden und Ans\u00e4tze der Marktforschung durch.<\/span><a href=\"https:\/\/www.sisinternational.com\/de\/uber-sis-international-research\/contact-sis-international-market-research\/\"><span style=\"font-weight: 400;\"> Kontakt<\/span><\/a><span style=\"font-weight: 400;\"> f\u00fcr Ihr n\u00e4chstes Marktforschungsprojekt.<\/span><\/p>\n\n\n\n<p><span style=\"font-weight: 400;\">&nbsp;<\/span><\/p>","protected":false},"excerpt":{"rendered":"<p>Die Fremdkapitalmarktberatung bietet strategische Beratung und L\u00f6sungen f\u00fcr Unternehmen, die Kapital \u00fcber Schuldtitel beschaffen m\u00f6chten.<\/p>","protected":false},"author":1,"featured_media":71741,"parent":27462,"menu_order":65,"comment_status":"closed","ping_status":"closed","template":"","meta":{"footnotes":""},"class_list":["post-46242","page","type-page","status-publish","has-post-thumbnail"],"_links":{"self":[{"href":"https:\/\/www.sisinternational.com\/de\/wp-json\/wp\/v2\/pages\/46242","targetHints":{"allow":["GET"]}}],"collection":[{"href":"https:\/\/www.sisinternational.com\/de\/wp-json\/wp\/v2\/pages"}],"about":[{"href":"https:\/\/www.sisinternational.com\/de\/wp-json\/wp\/v2\/types\/page"}],"author":[{"embeddable":true,"href":"https:\/\/www.sisinternational.com\/de\/wp-json\/wp\/v2\/users\/1"}],"replies":[{"embeddable":true,"href":"https:\/\/www.sisinternational.com\/de\/wp-json\/wp\/v2\/comments?post=46242"}],"version-history":[{"count":11,"href":"https:\/\/www.sisinternational.com\/de\/wp-json\/wp\/v2\/pages\/46242\/revisions"}],"predecessor-version":[{"id":80133,"href":"https:\/\/www.sisinternational.com\/de\/wp-json\/wp\/v2\/pages\/46242\/revisions\/80133"}],"up":[{"embeddable":true,"href":"https:\/\/www.sisinternational.com\/de\/wp-json\/wp\/v2\/pages\/27462"}],"wp:featuredmedia":[{"embeddable":true,"href":"https:\/\/www.sisinternational.com\/de\/wp-json\/wp\/v2\/media\/71741"}],"wp:attachment":[{"href":"https:\/\/www.sisinternational.com\/de\/wp-json\/wp\/v2\/media?parent=46242"}],"curies":[{"name":"wp","href":"https:\/\/api.w.org\/{rel}","templated":true}]}}