{"id":46233,"date":"2024-02-22T14:19:50","date_gmt":"2024-02-22T19:19:50","guid":{"rendered":"https:\/\/www.sisinternational.com\/?page_id=46233"},"modified":"2026-01-26T17:28:50","modified_gmt":"2026-01-26T22:28:50","slug":"marktforschung-im-zahlungsverkehr","status":"publish","type":"page","link":"https:\/\/www.sisinternational.com\/de\/losungen\/fintech-strategieberatung-forschung\/marktforschung-im-zahlungsverkehr\/","title":{"rendered":"Marktforschung im Zahlungsverkehr"},"content":{"rendered":"<h1 class=\"wp-block-heading\">Marktforschung im Zahlungsverkehr<\/h1>\n\n\n\n<figure class=\"gb-block-image gb-block-image-08d38003\"><img loading=\"lazy\" decoding=\"async\" width=\"1456\" height=\"816\" class=\"gb-image gb-image-08d38003\" src=\"https:\/\/www.sisinternational.com\/wp-content\/uploads\/2025\/10\/Peer-to-Peer-Payments-4.jpg\" alt=\"SIS International Marktforschung &amp; Strategie\" title=\"Peer-to-Peer Payments (4)\" srcset=\"https:\/\/www.sisinternational.com\/wp-content\/uploads\/2025\/10\/Peer-to-Peer-Payments-4.jpg 1456w, https:\/\/www.sisinternational.com\/wp-content\/uploads\/2025\/10\/Peer-to-Peer-Payments-4-300x168.jpg 300w, https:\/\/www.sisinternational.com\/wp-content\/uploads\/2025\/10\/Peer-to-Peer-Payments-4-1024x574.jpg 1024w, https:\/\/www.sisinternational.com\/wp-content\/uploads\/2025\/10\/Peer-to-Peer-Payments-4-768x430.jpg 768w, https:\/\/www.sisinternational.com\/wp-content\/uploads\/2025\/10\/Peer-to-Peer-Payments-4-18x10.jpg 18w\" sizes=\"auto, (max-width: 1456px) 100vw, 1456px\"><\/figure>\n\n\n\n<p><\/p>\n\n\n\n<hr class=\"wp-block-separator has-alpha-channel-opacity\"\/>\n\n\n\n<p>Die Marktforschung im Zahlungsverkehr untersucht die aktuelle Landschaft, in der traditionelle W\u00e4hrungen auf futuristische Fintech-Innovationen treffen und so ein dynamisches \u00d6kosystem von Transaktionen entsteht. W\u00e4hrend Unternehmen und Verbraucher sich durch die Komplexit\u00e4t neuer Zahlungstechnologien navigieren, ist es daher unerl\u00e4sslich, die Str\u00f6mungen zu verstehen, die diesen Markt antreiben, um sich \u00fcber Wasser zu halten und erfolgreich zu sein.<\/p>\n\n\n\n<h2 class=\"wp-block-heading\">Was ist Marktforschung im Zahlungsverkehr?<\/h2>\n\n\n\n<p>Die Marktforschung im Zahlungsverkehr ist eine umfassende Analyse der Art und Weise, wie Transaktionen zwischen K\u00e4ufern und Verk\u00e4ufern abgewickelt werden, wobei der Schwerpunkt auf den sich entwickelnden Zahlungsmethoden liegt. Diese Forschung ist f\u00fcr Unternehmen, die sich in der Komplexit\u00e4t der Zahlungsbranche zurechtfinden m\u00f6chten, von entscheidender Bedeutung, da sie Einblicke in Verbraucherpr\u00e4ferenzen, technologische Trends, regulatorische \u00c4nderungen und Wettbewerbslandschaften bietet.<\/p>\n\n\n\n<h2 class=\"wp-block-heading\">Warum Unternehmen Marktforschung im Zahlungsverkehr ben\u00f6tigen<\/h2>\n\n\n\n<p>Marktforschung im Zahlungsverkehr liefert Einblicke in die Vorlieben der Verbraucher und hilft Unternehmen, ihre Zahlungsoptionen an die Anforderungen der Verbraucher anzupassen und das Kundenerlebnis zu verbessern. Dar\u00fcber hinaus hilft sie Unternehmen, \u00fcber regulatorische \u00c4nderungen auf dem Laufenden zu bleiben, die Einhaltung der Vorschriften sicherzustellen und potenzielle rechtliche und finanzielle Strafen zu vermeiden.<\/p>\n\n\n\n<p>Dar\u00fcber hinaus bietet das rasante Tempo technologischer Innovationen im Zahlungssektor Unternehmen die M\u00f6glichkeit, Effizienz, Sicherheit und Kundenzufriedenheit zu verbessern. Die Marktforschung im Zahlungssektor identifiziert diese technologischen Trends, von Blockchain und Kryptow\u00e4hrung bis hin zu mobilen Geldb\u00f6rsen und kontaktlosen Zahlungen, und erm\u00f6glicht es Unternehmen, Spitzentechnologien in ihre Zahlungsprozesse zu integrieren.<\/p>\n\n\n\n<p>Furthermore, understanding the payment landscape is crucial for businesses looking to expand or enter new markets. Market research provides data on market size, growth projections, and emerging opportunities, guiding strategic planning and investment decisions to capitalize on growth trends in the payments sector.<\/p>\n\n\n\n<h2 class=\"wp-block-heading\">Vorteile der Marktforschung im Zahlungsverkehr<\/h2>\n\n\n\n<figure class=\"gb-block-image gb-block-image-52a64df1\"><img loading=\"lazy\" decoding=\"async\" width=\"1456\" height=\"816\" class=\"gb-image gb-image-52a64df1\" src=\"https:\/\/www.sisinternational.com\/wp-content\/uploads\/2025\/10\/Payments-FinTech-3.jpg\" alt=\"SIS International Marktforschung &amp; Strategie\" title=\"Payments FinTech (3)\" srcset=\"https:\/\/www.sisinternational.com\/wp-content\/uploads\/2025\/10\/Payments-FinTech-3.jpg 1456w, https:\/\/www.sisinternational.com\/wp-content\/uploads\/2025\/10\/Payments-FinTech-3-300x168.jpg 300w, https:\/\/www.sisinternational.com\/wp-content\/uploads\/2025\/10\/Payments-FinTech-3-1024x574.jpg 1024w, https:\/\/www.sisinternational.com\/wp-content\/uploads\/2025\/10\/Payments-FinTech-3-768x430.jpg 768w, https:\/\/www.sisinternational.com\/wp-content\/uploads\/2025\/10\/Payments-FinTech-3-18x10.jpg 18w\" sizes=\"auto, (max-width: 1456px) 100vw, 1456px\"><\/figure>\n\n\n\n<p><\/p>\n\n\n\n<p>Durch die Marktforschung im Zahlungsverkehr erhalten Unternehmen die Erkenntnisse, die sie brauchen, um die Komplexit\u00e4t des Zahlungs\u00f6kosystems zu meistern, wirksam zu innovieren und ihre Wettbewerbsposition zu verbessern.<\/p>\n\n\n\n<ul class=\"wp-block-list\">\n<li><strong>Verbesserter Wettbewerbsvorteil:<\/strong> Durch Einblicke in die Wettbewerbslandschaft k\u00f6nnen Unternehmen ihre einzigartigen Wertangebote erkennen und Strategien entwickeln, um Marktl\u00fccken auszunutzen.<\/li>\n\n\n\n<li><strong>Anpassung an Verbraucherpr\u00e4ferenzen:<\/strong> Einblicke in die Zahlungspr\u00e4ferenzen der Verbraucher erm\u00f6glichen es Unternehmen, ihre Zahlungsoptionen an die Kundenerwartungen anzupassen.<\/li>\n\n\n\n<li><strong>Risikominderung:<\/strong> Payments <a href=\"https:\/\/www.sisinternational.com\/de\/sachverstand\/branchen\/sicherheitsmarktforschung\/\" title=\"Sicherheitsmarktforschung\"  data-wpil-monitor-id=\"6534\">market research identifies potential security<\/a> threats and compliance issues associated with different payment methods.<\/li>\n\n\n\n<li><strong>Betriebseffizienz:<\/strong> Wenn Unternehmen die neuesten Technologien und Praktiken zur Zahlungsabwicklung kennen, k\u00f6nnen sie effizientere und kosteng\u00fcnstigere L\u00f6sungen einf\u00fchren.<\/li>\n\n\n\n<li><strong>M\u00f6glichkeiten zur Marktexpansion:<\/strong> Die Marktforschung im Zahlungsverkehr bietet Einblicke in Zahlungspr\u00e4ferenzen und -verhalten in verschiedenen Regionen oder Sektoren f\u00fcr Unternehmen, die in neue M\u00e4rkte eintreten oder ihren Kundenstamm erweitern m\u00f6chten.<\/li>\n<\/ul>\n\n\n\n<h2 class=\"wp-block-heading\">Erwartete Ergebnisse unserer Marktforschung im Zahlungsverkehr<\/h2>\n\n\n\n<p>Unternehmen k\u00f6nnen mit verschiedenen transformativen Ergebnissen rechnen, wenn sie in umfassende Marktforschung im Zahlungsverkehr investieren. Diese Erkenntnisse bieten eine Momentaufnahme der aktuellen Marktlandschaft und zeigen Wege f\u00fcr Wachstum, Innovation und verbesserte Servicebereitstellung im Zahlungsverkehr auf.<\/p>\n\n\n\n<ul class=\"wp-block-list\">\n<li><strong>Umfassendes Marktverst\u00e4ndnis:<\/strong> Unternehmen erhalten einen umfassenden \u00dcberblick \u00fcber den Zahlungsmarkt, einschlie\u00dflich Gr\u00f6\u00dfe, Wachstumstrends, demografischer Erkenntnisse und regulatorischer Rahmenbedingungen.<\/li>\n\n\n\n<li><strong>Detaillierte Einblicke in das Verbraucherverhalten:<\/strong> Die Marktforschung im Zahlungsverkehr liefert detaillierte Einblicke in die Zahlungspr\u00e4ferenzen, Verhaltensweisen und Erwartungen der Verbraucher. Diese Einblicke erm\u00f6glichen es Unternehmen, ihre Zahlungsl\u00f6sungen an die Marktnachfrage anzupassen, das Kundenerlebnis zu verbessern und die Transaktionskonversionsraten zu erh\u00f6hen.<\/li>\n\n\n\n<li><strong>Identifizierung von Wachstumschancen:<\/strong> Einblicke in aufkommende Trends, technologische Fortschritte und unerschlossene M\u00e4rkte zeigen potenzielle Bereiche f\u00fcr Innovation und Expansion auf. Unternehmen k\u00f6nnen diese Informationen nutzen, um neue Zahlungsl\u00f6sungen einzuf\u00fchren, neue M\u00e4rkte zu erschlie\u00dfen oder ihr Serviceangebot zu erweitern.<\/li>\n\n\n\n<li><strong>Strategien zur Risikominderung:<\/strong> By identifying potential challenges and shifts in the payments ecosystem, businesses can develop proactive strategies to mitigate these risks.\u00a0<\/li>\n\n\n\n<li><strong>Verbesserungen der Betriebseffizienz:<\/strong> Durch Marktforschung im Zahlungsverkehr k\u00f6nnen Bereiche bei der Zahlungsabwicklung und -verwaltung aufgezeigt werden, in denen Verbesserungen m\u00f6glich sind.<\/li>\n<\/ul>\n\n\n\n<h2 class=\"wp-block-heading\">Hauptakteure im Zahlungsmarkt<\/h2>\n\n\n\n<p>Als R\u00fcckgrat des globalen Handels umfasst der Zahlungsmarkt verschiedene Unternehmen und Organisationen, die alle eine entscheidende Rolle bei der Abwicklung von Finanztransaktionen spielen. Das Verst\u00e4ndnis dieser Hauptakteure ist f\u00fcr jeden, der sich auf dem Zahlungsmarkt zurechtfinden m\u00f6chte, unerl\u00e4sslich \u2013 sei es als Dienstleister, Investor oder Verbraucher.<\/p>\n\n\n\n<ul class=\"wp-block-list\">\n<li><strong>Zahlungsabwickler und -netzwerke:<\/strong> Unternehmen wie Visa, Mastercard und American Express betreiben umfangreiche Zahlungsnetzwerke, die j\u00e4hrlich Milliarden von Transaktionen verarbeiten. Diese Netzwerke erleichtern den Austausch von Zahlungsinformationen zwischen H\u00e4ndlern, Banken und Kartenausstellern und gew\u00e4hrleisten die Sicherheit und Effizienz kartenbasierter Transaktionen.<\/li>\n\n\n\n<li><strong>Fintech-Unternehmen:<\/strong> Unternehmen wie PayPal, Square und Stripe sind zu wichtigen Akteuren auf dem Zahlungsmarkt geworden und bieten digitale Geldb\u00f6rsen, mobile Zahlungs-Apps und Zahlungsabwicklungsdienste an, die den sich wandelnden Bed\u00fcrfnissen von Verbrauchern und H\u00e4ndlern gerecht werden.<\/li>\n\n\n\n<li><strong>Technologie-Giganten:<\/strong> Technologieunternehmen wie Apple, Google und Samsung sind mit ihren digitalen Geldb\u00f6rsen und mobilen Zahlungsl\u00f6sungen wie Apple Pay, Google Wallet und Samsung Pay in den Zahlungsbereich eingestiegen.<\/li>\n<\/ul>\n\n\n\n<h2 class=\"wp-block-heading\">Technologien und Tools, die SIS in der Marktforschung f\u00fcr Zahlungsmittel nutzt<\/h2>\n\n\n\n<figure class=\"gb-block-image gb-block-image-90fc2e32\"><img loading=\"lazy\" decoding=\"async\" width=\"1456\" height=\"816\" class=\"gb-image gb-image-90fc2e32\" src=\"https:\/\/www.sisinternational.com\/wp-content\/uploads\/2025\/10\/Payments-Market-Research-2.jpg\" alt=\"SIS International Marktforschung &amp; Strategie\" title=\"Payments Market Research (2)\" srcset=\"https:\/\/www.sisinternational.com\/wp-content\/uploads\/2025\/10\/Payments-Market-Research-2.jpg 1456w, https:\/\/www.sisinternational.com\/wp-content\/uploads\/2025\/10\/Payments-Market-Research-2-300x168.jpg 300w, https:\/\/www.sisinternational.com\/wp-content\/uploads\/2025\/10\/Payments-Market-Research-2-1024x574.jpg 1024w, https:\/\/www.sisinternational.com\/wp-content\/uploads\/2025\/10\/Payments-Market-Research-2-768x430.jpg 768w, https:\/\/www.sisinternational.com\/wp-content\/uploads\/2025\/10\/Payments-Market-Research-2-18x10.jpg 18w\" sizes=\"auto, (max-width: 1456px) 100vw, 1456px\"><\/figure>\n\n\n\n<p><\/p>\n\n\n\n<p>Bei der Durchf\u00fchrung von Marktforschungen im Zahlungsverkehr setzt SIS fortschrittliche Technologien und Analysetools ein, um Daten zu sammeln, zu verarbeiten und zu analysieren und so umfassende Einblicke in das Zahlungs\u00f6kosystem zu gew\u00e4hrleisten. Mit diesen Tools kann SIS komplexe Marktdynamiken, Verbraucherverhalten und technologische Trends entschl\u00fcsseln und seinen Kunden verwertbare Informationen f\u00fcr strategische Entscheidungen liefern.<\/p>\n\n\n\n<ul class=\"wp-block-list\">\n<li><strong>K\u00fcnstliche Intelligenz und maschinelles Lernen:<\/strong> AI and machine learning algorithms process vast amounts of unstructured data from social media, news articles, and financial reports.\u00a0<\/li>\n\n\n\n<li><strong>Blockchain-Analysetools:<\/strong> Angesichts der wachsenden Bedeutung von Kryptow\u00e4hrungen und Blockchain-Technologie im Zahlungsmarkt nutzt SIS Blockchain-Analysetools, um Transaktionsvolumen, Wallet-Adressen und Token-Bewegungen zu verfolgen. Dies bietet Einblicke in die Einf\u00fchrung und Verwendung von Kryptow\u00e4hrungen als Zahlungsmethode.<\/li>\n\n\n\n<li><strong>Tools zur Bewertung der Cybersicherheit:<\/strong> Um die Sicherheitslandschaft des Zahlungsmarktes zu bewerten, verwendet SIS Bewertungstools f\u00fcr Cybersicherheit, um Datenschutzverletzungen, Sicherheitsbedrohungen und die Einhaltung der Datensicherheitsstandards der Zahlungskartenbranche (PCI DSS) zu analysieren.<\/li>\n<\/ul>\n\n\n\n<h2 class=\"wp-block-heading\">Der SIS-Ansatz zur Marktforschung im Zahlungsverkehr<\/h2>\n\n\n\n<p>Bei <a href=\"https:\/\/www.linkedin.com\/company\/sisinternationalresearch\/posts\/?feedView=all\" target=\"_blank\" rel=\"noopener\">SIS<\/a>, we leverage our industry expertise and analytical prowess to deliver payments market research that addresses our clients&#8217; unique challenges and opportunities. Our approach is rooted in a commitment to providing strategic value, ensuring our clients can confidently navigate market complexities.<\/p>\n\n\n\n<ul class=\"wp-block-list\">\n<li><strong>Ma\u00dfgeschneidertes Forschungsdesign:<\/strong> SIS begins with a tailored research design by recognizing each client&#8217;s unique needs and objectives.\u00a0<\/li>\n\n\n\n<li><strong>Umfassende Datenerhebung:<\/strong> SIS employs a holistic data collection strategy, utilizing primary and secondary research methods.\u00a0<\/li>\n\n\n\n<li><strong>Fortgeschrittene Analysetechniken:<\/strong> Mithilfe modernster Datenanalyseplattformen und statistischer Methoden analysieren wir die gesammelten Daten, um zugrunde liegende Trends, Marktdynamiken und Verbraucherpr\u00e4ferenzen zu identifizieren. Unser Analyseprozess ist darauf ausgelegt, \u00fcber oberfl\u00e4chliche Erkenntnisse hinauszugehen und die strategischen Auswirkungen von Marktbewegungen und technologischen Fortschritten aufzudecken.<\/li>\n\n\n\n<li><strong>Strategische Empfehlungen:<\/strong> The culmination of our research is a set of strategic recommendations tailored to our clients&#8217; specific context and objectives. These recommendations are actionable, grounded in data, and aimed at guiding decision-making, enhancing market positioning, and driving growth.<\/li>\n\n\n\n<li><strong>Laufende Betreuung und Beratung:<\/strong> We view market research as a continuous process, integral to strategic planning and operational success. SIS provides continuing support and consultation to our clients, helping them adapt to new developments, respond to market shifts, and maintain a competitive edge over time.<\/li>\n<\/ul>\n\n\n\n<h2 class=\"wp-block-heading\">Unser Standort in New York<\/h2>\n\n\n\n<p>  <iframe loading=\"lazy\" src=\"https:\/\/www.google.com\/maps\/embed?pb=!1m18!1m12!1m3!1d3022.976188376966!2d-73.99130312499956!3d40.740549471389315!2m3!1f0!2f0!3f0!3m2!1i1024!2i768!4f13.1!3m3!1m2!1s0x89c259a15798c731%3A0xd695d09bdd495f25!2s11%20E%2022nd%20St%20FL%202%2C%20New%20York%2C%20NY%2010010%2C%20USA!5e0!3m2!1sen!2spe!4v1726171763526!5m2!1sen!2spe\" width=\"600\" height=\"450\" allowfullscreen=\"allowfullscreen\" data-mce-fragment=\"1\"><\/iframe>  <\/p>\n\n\n\n<h3 class=\"wp-block-heading\">11 E 22nd Street, Floor 2, New York, NY 10010 T: +1(212) 505-6805<\/h3>\n\n\n\n<hr class=\"wp-block-separator has-alpha-channel-opacity\"\/>\n\n\n\n<h2 class=\"wp-block-heading\"><span style=\"font-weight: 400;\">\u00dcber SIS International<\/span><\/h2>\n\n\n\n<p><a href=\"https:\/\/www.sisinternational.com\/de\/\"><span style=\"font-weight: 400;\">SIS International<\/span><\/a><span style=\"font-weight: 400;\"> bietet quantitative, qualitative und strategische Forschung an. Wir liefern Daten, Tools, Strategien, Berichte und Erkenntnisse zur Entscheidungsfindung. Wir f\u00fchren auch Interviews, Umfragen, Fokusgruppen und andere Methoden und Ans\u00e4tze der Marktforschung durch.<\/span><a href=\"https:\/\/www.sisinternational.com\/de\/uber-sis-international-research\/contact-sis-international-market-research\/\"><span style=\"font-weight: 400;\"> Kontakt<\/span><\/a><span style=\"font-weight: 400;\"> f\u00fcr Ihr n\u00e4chstes Marktforschungsprojekt.<\/span><\/p>","protected":false},"excerpt":{"rendered":"<p>Die Marktforschung zum Thema Zahlungen bietet eine umfassende Analyse der Art und Weise, wie Transaktionen zwischen K\u00e4ufern und Verk\u00e4ufern abgewickelt werden und sich die Zahlungsmethoden weiterentwickeln.<\/p>","protected":false},"author":1,"featured_media":71788,"parent":27462,"menu_order":62,"comment_status":"closed","ping_status":"closed","template":"","meta":{"footnotes":""},"class_list":["post-46233","page","type-page","status-publish","has-post-thumbnail"],"_links":{"self":[{"href":"https:\/\/www.sisinternational.com\/de\/wp-json\/wp\/v2\/pages\/46233","targetHints":{"allow":["GET"]}}],"collection":[{"href":"https:\/\/www.sisinternational.com\/de\/wp-json\/wp\/v2\/pages"}],"about":[{"href":"https:\/\/www.sisinternational.com\/de\/wp-json\/wp\/v2\/types\/page"}],"author":[{"embeddable":true,"href":"https:\/\/www.sisinternational.com\/de\/wp-json\/wp\/v2\/users\/1"}],"replies":[{"embeddable":true,"href":"https:\/\/www.sisinternational.com\/de\/wp-json\/wp\/v2\/comments?post=46233"}],"version-history":[{"count":10,"href":"https:\/\/www.sisinternational.com\/de\/wp-json\/wp\/v2\/pages\/46233\/revisions"}],"predecessor-version":[{"id":80117,"href":"https:\/\/www.sisinternational.com\/de\/wp-json\/wp\/v2\/pages\/46233\/revisions\/80117"}],"up":[{"embeddable":true,"href":"https:\/\/www.sisinternational.com\/de\/wp-json\/wp\/v2\/pages\/27462"}],"wp:featuredmedia":[{"embeddable":true,"href":"https:\/\/www.sisinternational.com\/de\/wp-json\/wp\/v2\/media\/71788"}],"wp:attachment":[{"href":"https:\/\/www.sisinternational.com\/de\/wp-json\/wp\/v2\/media?parent=46233"}],"curies":[{"name":"wp","href":"https:\/\/api.w.org\/{rel}","templated":true}]}}