{"id":46225,"date":"2024-02-22T14:20:18","date_gmt":"2024-02-22T19:20:18","guid":{"rendered":"https:\/\/www.sisinternational.com\/?page_id=46225"},"modified":"2026-01-25T18:39:34","modified_gmt":"2026-01-25T23:39:34","slug":"beratung-zu-non-deal-roadshows","status":"publish","type":"page","link":"https:\/\/www.sisinternational.com\/de\/losungen\/fintech-strategieberatung-forschung\/beratung-zu-non-deal-roadshows\/","title":{"rendered":"Beratung f\u00fcr Non-Deal-Roadshows"},"content":{"rendered":"<h1 class=\"wp-block-heading\">Beratung f\u00fcr Non-Deal-Roadshows<\/h1>\n\n\n\n<figure class=\"gb-block-image gb-block-image-1cc06e5e\"><img loading=\"lazy\" decoding=\"async\" width=\"1456\" height=\"816\" class=\"gb-image gb-image-1cc06e5e\" src=\"https:\/\/www.sisinternational.com\/wp-content\/uploads\/2025\/10\/Non-Deal-Roadshows-1.jpg\" alt=\"SIS International Marktforschung &amp; Strategie\" title=\"Non-Deal Roadshows (1)\" srcset=\"https:\/\/www.sisinternational.com\/wp-content\/uploads\/2025\/10\/Non-Deal-Roadshows-1.jpg 1456w, https:\/\/www.sisinternational.com\/wp-content\/uploads\/2025\/10\/Non-Deal-Roadshows-1-300x168.jpg 300w, https:\/\/www.sisinternational.com\/wp-content\/uploads\/2025\/10\/Non-Deal-Roadshows-1-1024x574.jpg 1024w, https:\/\/www.sisinternational.com\/wp-content\/uploads\/2025\/10\/Non-Deal-Roadshows-1-768x430.jpg 768w, https:\/\/www.sisinternational.com\/wp-content\/uploads\/2025\/10\/Non-Deal-Roadshows-1-18x10.jpg 18w\" sizes=\"auto, (max-width: 1456px) 100vw, 1456px\"><\/figure>\n\n\n\n<p><\/p>\n\n\n\n<hr class=\"wp-block-separator has-alpha-channel-opacity\"\/>\n\n\n\n<p>Im Bereich Unternehmensfinanzierung und Investor Relations kann die strategische Orchestrierung einer Non-Deal-Roadshow (NDR) die Marktpr\u00e4senz und das Engagement eines Unternehmens gegen\u00fcber Investoren deutlich steigern. Aber haben Sie schon einmal \u00fcber die differenzierte Strategie und die sorgf\u00e4ltige Planung nachgedacht, die einer erfolgreichen NDR zugrunde liegen? Die Beratung zu Non-Deal-Roadshows oder NDRs ist eine wichtige Dienstleistung f\u00fcr Unternehmen, die sich in diesem komplexen Umfeld effektiv zurechtfinden m\u00f6chten und sicherstellen m\u00f6chten, dass jede Interaktion mit Investoren ihre Marktposition st\u00e4rkt und langfristige Beziehungen aufbaut.<\/p>\n\n\n\n<h2 class=\"wp-block-heading\">Was ist Non-Deal-Roadshow-Beratung?<\/h2>\n\n\n\n<p>Die Beratung f\u00fcr Non-Deal-Roadshows unterst\u00fctzt Unternehmen bei der Planung, Organisation und Durchf\u00fchrung von Non-Deal-Roadshows. Bei diesen Roadshows handelt es sich um strategische Initiativen, mit denen Unternehmen aktuelle und potenzielle Investoren ansprechen m\u00f6chten, ohne dass sie unmittelbar die Absicht haben, Kapital zu beschaffen oder ein Gesch\u00e4ft abzuschlie\u00dfen.<\/p>\n\n\n\n<p>NDRs consulting focuses on developing a <a href=\"https:\/\/www.sisinternational.com\/de\/sachverstand\/branchen\/dei-kommunikationsberatung\/\" title=\"DEI-Kommunikationsberatung\"  data-wpil-monitor-id=\"5045\">roadshow<\/a> agenda that aligns with the company&#8217;s broader investor relations and corporate communication goals. It involves identifying key markets and investors, crafting compelling narratives around the company&#8217;s vision, performance, and strategic direction, and organizing meetings and presentations that effectively convey these messages to the investment community. The ultimate goal is to enhance the company&#8217;s visibility among investors, provide updates on corporate developments, and foster ongoing dialogue with the financial community.<\/p>\n\n\n\n<h2 class=\"wp-block-heading\">Warum Unternehmen eine Roadshow-Beratung ohne Vertragsabschluss ben\u00f6tigen<\/h2>\n\n\n\n<p>NDRs bieten Unternehmen eine Plattform, um direkt mit Investoren, Analysten und Finanzinstituten in Kontakt zu treten, ohne dem Druck eines bevorstehenden Deals oder einer Kapitalbeschaffung ausgesetzt zu sein. Daher hilft die NDR-Beratung Unternehmen dabei, diese Engagements strategisch zu planen, um sicherzustellen, dass sie die richtige Mischung aus aktuellen und potenziellen Investoren treffen und so die Wirkung der Roadshow auf Investor Relations und Marktwahrnehmung maximieren.<\/p>\n\n\n\n<p>NDR-Berater unterst\u00fctzen bei der Ausarbeitung und Verfeinerung der Unternehmensgeschichte, um sicherzustellen, dass sie bei der Investment-Community Anklang findet und das Wertversprechen und die zuk\u00fcnftigen Wachstumsaussichten des Unternehmens effektiv vermittelt. Dar\u00fcber hinaus stellt die Beratung bei Non-Deal-Roadshows sicher, dass jeder Aspekt der Roadshow, von der Auswahl der St\u00e4dte bis zum Pr\u00e4sentationsinhalt, zu einer positiven und koh\u00e4renten Marktpositionierung beitr\u00e4gt.<\/p>\n\n\n\n<p>Dar\u00fcber hinaus k\u00f6nnen Berater das Sammeln von Erkenntnissen von Investoren und Analysten erleichtern und Unternehmen so eine externe Perspektive auf ihre Leistung, ihren Marktruf und ihre Wettbewerbsposition bieten. Die Beratung bei Roadshows au\u00dferhalb des Deal-Bereichs bietet Unternehmen jedoch noch viele weitere Vorteile, darunter:<\/p>\n\n\n\n<ul class=\"wp-block-list\">\n<li><strong>Strategische Investorenansprache:<\/strong> Die Beratung von NDR erm\u00f6glicht eine pr\u00e4zise Ansprache aktueller und potenzieller Investoren. Berater helfen bei der Identifizierung und Priorisierung von Treffen mit Investoren, die echtes oder potenzielles Interesse am Unternehmen haben, und stellen sicher, dass die Roadshow-Bem\u00fchungen zielgerichtet und produktiv sind.<\/li>\n\n\n\n<li><strong>Verbesserte Marktwahrnehmung:<\/strong> Durch sorgf\u00e4ltig geplante NDRs k\u00f6nnen Unternehmen ihre Wahrnehmung in der Investorengemeinschaft deutlich verbessern. Berater unterst\u00fctzen die effektive Vermittlung von Kernbotschaften, Erfolgen und Pl\u00e4nen, was zu einem positiveren und robusteren Marktimage beitr\u00e4gt.<\/li>\n\n\n\n<li><strong>Effiziente Roadshow-Planung und -Durchf\u00fchrung:<\/strong> Die Beratung f\u00fcr Non-Deal-Roadshows bietet umfassende Unterst\u00fctzung bei der Planung und Durchf\u00fchrung von Roadshows, von der Terminplanung \u00fcber die Auswahl der Veranstaltungsorte bis hin zur Reiseplanung. Diese betriebliche Effizienz erm\u00f6glicht es den Unternehmensleitern, sich auf ihre Kernbotschaft und die Interaktion mit Investoren zu konzentrieren.<\/li>\n\n\n\n<li><strong>Wertvolle Markteinblicke und Feedback:<\/strong> Berater k\u00f6nnen w\u00e4hrend der Roadshow das Sammeln von Feedback und Erkenntnissen von Investoren erleichtern. Diese wertvollen Informationen geben Unternehmen eine externe Perspektive auf ihre Leistung, Strategie und Marktpositionierung und bilden die Grundlage f\u00fcr zuk\u00fcnftige Investor-Relations- und Gesch\u00e4ftsstrategien.<\/li>\n\n\n\n<li><strong>Aufbau langfristiger Beziehungen:<\/strong> Non-deal roadshows consulting helps ensure meaningful and effective interactions, laying the foundation for ongoing dialogue and investor engagement.<\/li>\n\n\n\n<li><strong>Risikominimierung und Compliance:<\/strong> Die Beratung von NDR stellt sicher, dass s\u00e4mtliche Materialien und Diskussionen den Wertpapiervorschriften entsprechen, und mindert potenzielle Risiken im Zusammenhang mit Finanzberichten und zukunftsorientierten Aussagen.<\/li>\n<\/ul>\n\n\n\n<h2 class=\"wp-block-heading\">Kritische Erfolgsfaktoren f\u00fcr eine erfolgreiche Non-Deal Roadshow-Beratung<\/h2>\n\n\n\n<figure class=\"gb-block-image gb-block-image-e9facfb9\"><img loading=\"lazy\" decoding=\"async\" width=\"1456\" height=\"816\" class=\"gb-image gb-image-e9facfb9\" src=\"https:\/\/www.sisinternational.com\/wp-content\/uploads\/2025\/10\/Non-Deal-Roadshows-3.jpg\" alt=\"SIS International Marktforschung &amp; Strategie\" title=\"Non-Deal Roadshows (3)\" srcset=\"https:\/\/www.sisinternational.com\/wp-content\/uploads\/2025\/10\/Non-Deal-Roadshows-3.jpg 1456w, https:\/\/www.sisinternational.com\/wp-content\/uploads\/2025\/10\/Non-Deal-Roadshows-3-300x168.jpg 300w, https:\/\/www.sisinternational.com\/wp-content\/uploads\/2025\/10\/Non-Deal-Roadshows-3-1024x574.jpg 1024w, https:\/\/www.sisinternational.com\/wp-content\/uploads\/2025\/10\/Non-Deal-Roadshows-3-768x430.jpg 768w, https:\/\/www.sisinternational.com\/wp-content\/uploads\/2025\/10\/Non-Deal-Roadshows-3-18x10.jpg 18w\" sizes=\"auto, (max-width: 1456px) 100vw, 1456px\"><\/figure>\n\n\n\n<p><\/p>\n\n\n\n<p>Um bei der NDR-Beratung erfolgreich zu sein, ist ein strategischer Ansatz erforderlich, der mehrere Schl\u00fcsselfaktoren umfasst. Diese kritischen Erfolgsfaktoren stellen sicher, dass der NDR den Wertvorschlag des Unternehmens der Investment-Community effektiv kommuniziert, die Beziehungen zu den Investoren st\u00e4rkt und langfristige Gesch\u00e4ftsziele unterst\u00fctzt.<\/p>\n\n\n\n<ul class=\"wp-block-list\">\n<li><strong>Tiefgreifendes Verst\u00e4ndnis der Strategie und Ziele des Unternehmens:<\/strong> Erfolg beginnt mit einem tiefen Verst\u00e4ndnis der strategischen Ziele, der finanziellen Leistung und der zuk\u00fcnftigen Wachstumspl\u00e4ne des Unternehmens. Dieses grundlegende Wissen erm\u00f6glicht es den Beratern von NDR, die Roadshow so zu gestalten, dass sie das einzigartige Wertversprechen und die Investitionsm\u00f6glichkeiten des Unternehmens widerspiegelt.<\/li>\n\n\n\n<li><strong>Gezielte Investorenidentifikation und -einbindung:<\/strong> A successful non-deal roadshow consulting strategy involves thorough research to pinpoint investors most likely to be interested in the company&#8217;s story. This ensures that roadshow meetings are productive and aligned with investor interests.<\/li>\n\n\n\n<li><strong>Effektive Kommunikation und Nachverfolgung:<\/strong> Eine effektive Kommunikation vor, w\u00e4hrend und nach dem NDR ist f\u00fcr den Aufbau und die Pflege von Investorenbeziehungen von entscheidender Bedeutung. Dazu geh\u00f6rt eine zeitnahe und informative Folgekommunikation, die die wichtigsten Botschaften verst\u00e4rkt und auf alle w\u00e4hrend der Besprechungen ge\u00e4u\u00dferten Fragen oder Bedenken eingeht.<\/li>\n\n\n\n<li><strong>Kontinuierliche R\u00fcckkopplungsschleife und Anpassung:<\/strong> A critical success factor is incorporating feedback from investors and adapting the roadshow approach as necessary. This ongoing evaluation process allows for the refinement of messaging and strategy, ensuring that the NDR remains effective and relevant.<\/li>\n\n\n\n<li><strong>Compliance und Einhaltung gesetzlicher Vorschriften:<\/strong> Es ist nicht verhandelbar, sicherzustellen, dass alle Aspekte des NDR den geltenden Wertpapiervorschriften und Offenlegungspflichten entsprechen. Dazu geh\u00f6rt die sorgf\u00e4ltige \u00dcberpr\u00fcfung von Pr\u00e4sentationsmaterialien und Mitteilungen, um die Verbreitung nicht \u00f6ffentlicher oder vertraulicher Informationen zu verhindern.<\/li>\n<\/ul>\n\n\n\n<h2 class=\"wp-block-heading\">Der SIS-Ansatz f\u00fcr Non-Deal-Roadshow-Beratung<\/h2>\n\n\n\n<p>Der SIS-Ansatz zur Non-Deal-Roadshow-Beratung zeichnet sich durch eine ma\u00dfgeschneiderte, ergebnisorientierte Methodik aus, die darauf abzielt, den strategischen Nutzen von NDRs f\u00fcr unsere Kunden zu maximieren. Dieser umfassende Ansatz umfasst detaillierte Planungs-, Durchf\u00fchrungs- und Nachverfolgungsphasen und stellt sicher, dass jeder NDR nicht nur ein Ereignis, sondern ein entscheidender Moment in der Investor-Relations-Strategie des Unternehmens ist. So liefert SIS wirkungsvolle NDR-Beratungsdienste:<\/p>\n\n\n\n<ul class=\"wp-block-list\">\n<li><strong>Ma\u00dfgeschneiderte Strategieentwicklung:<\/strong> At SIS, we begin by examining the client&#8217;s business objectives, financial performance, and investor relations goals in depth. This initial assessment forms the basis for developing a tailored NDR strategy that aligns with the company&#8217;s broader corporate strategy and targets the most relevant investor audiences.<\/li>\n\n\n\n<li><strong>Gezielte Investorenidentifikation:<\/strong> Mithilfe unseres umfangreichen Netzwerks und ausgefeilter Analysen identifizieren und priorisieren wir potenzielle Investoren, die am wahrscheinlichsten an der Geschichte des Unternehmens interessiert sind. Dieser zielgerichtete Ansatz stellt sicher, dass der NDR effizient die richtige Mischung aus aktuellen und potenziellen Investoren erreicht, was die Wirksamkeit der Engagement-Bem\u00fchungen steigert.<\/li>\n\n\n\n<li><strong>\u00dcberzeugende Nachrichten und Materialvorbereitung:<\/strong> Unser Team arbeitet eng mit Kunden zusammen, um \u00fcberzeugende Botschaften und hochwertige Pr\u00e4sentationsmaterialien zu entwickeln, die das Wertversprechen, die strategische Ausrichtung und die Investitionshighlights des Unternehmens klar zum Ausdruck bringen. Diese Vorbereitung ist entscheidend, um bei Investoren einen starken Eindruck zu hinterlassen und wichtige Botschaften effektiv zu kommunizieren.<\/li>\n\n\n\n<li><strong>Rigorose logistische Planung:<\/strong> SIS k\u00fcmmert sich um alle logistischen Aspekte der Roadshow, von der Terminplanung \u00fcber die Auswahl der Veranstaltungsorte bis hin zur Koordinierung der Reisevorbereitungen. Unsere sorgf\u00e4ltige Planung sorgt f\u00fcr ein reibungsloses Erlebnis f\u00fcr Unternehmensvertreter und Investoren.<\/li>\n\n\n\n<li><strong>Durchf\u00fchrung und Betreuung:<\/strong> During the NDR, SIS provides on-the-ground support to ensure the roadshow runs smoothly and promptly addresses any issues. Our team assists with presentation delivery, Q&amp;A preparation, and investor interaction, ensuring that company executives can focus on building meaningful relationships with investors.<\/li>\n\n\n\n<li><strong>Analyse und Feedback nach der Roadshow:<\/strong> Im Anschluss an den NDR analysiert SIS umfassend die Auswirkungen der Roadshow, einschlie\u00dflich des Feedbacks der Investoren, der Ergebnisse der Treffen und der Gesamteffektivit\u00e4t. Diese Nachbesprechung der Roadshow liefert wertvolle Erkenntnisse, die in zuk\u00fcnftige Investor-Relations-Strategien und Roadshow-Initiativen einflie\u00dfen k\u00f6nnen.<\/li>\n\n\n\n<li><strong>Kontinuierliche Verbesserung und strategische Beratung:<\/strong> Unser Engagement endet nicht mit der Roadshow. SIS bietet fortlaufende strategische Beratung an, um Kunden dabei zu helfen, die w\u00e4hrend des NDR gewonnenen Erkenntnisse und Beziehungen in ihre langfristige Investor-Relations-Strategie zu integrieren. Wir unterst\u00fctzen kontinuierliche Verbesserungsbem\u00fchungen und stellen sicher, dass jeder NDR auf dem Erfolg der vorherigen aufbaut.<\/li>\n<\/ul>\n\n\n\n<h2 class=\"wp-block-heading\">Chancen in der Non-Deal Roadshow-Beratung<\/h2>\n\n\n\n<figure class=\"gb-block-image gb-block-image-ce715558\"><img loading=\"lazy\" decoding=\"async\" width=\"1456\" height=\"816\" class=\"gb-image gb-image-ce715558\" src=\"https:\/\/www.sisinternational.com\/wp-content\/uploads\/2025\/10\/Non-Deal-Roadshows-2.jpg\" alt=\"SIS International Marktforschung &amp; Strategie\" title=\"Non-Deal Roadshows (2)\" srcset=\"https:\/\/www.sisinternational.com\/wp-content\/uploads\/2025\/10\/Non-Deal-Roadshows-2.jpg 1456w, https:\/\/www.sisinternational.com\/wp-content\/uploads\/2025\/10\/Non-Deal-Roadshows-2-300x168.jpg 300w, https:\/\/www.sisinternational.com\/wp-content\/uploads\/2025\/10\/Non-Deal-Roadshows-2-1024x574.jpg 1024w, https:\/\/www.sisinternational.com\/wp-content\/uploads\/2025\/10\/Non-Deal-Roadshows-2-768x430.jpg 768w, https:\/\/www.sisinternational.com\/wp-content\/uploads\/2025\/10\/Non-Deal-Roadshows-2-18x10.jpg 18w\" sizes=\"auto, (max-width: 1456px) 100vw, 1456px\"><\/figure>\n\n\n\n<p><\/p>\n\n\n\n<p>Die Beratung bei Roadshows au\u00dferhalb von Gesch\u00e4ftsabschl\u00fcssen bietet Unternehmen zahlreiche M\u00f6glichkeiten, ihr Engagement in der Investment-Community zu vertiefen, ihre Marktpositionierung zu verfeinern und ihre strategische Vision \u00fcberzeugend zu artikulieren. Diese spezialisierte Form der Beratung \u00f6ffnet T\u00fcren zu strategischen Engagements, die die Wahrnehmung eines Unternehmens bei Investoren und Analysten erheblich beeinflussen k\u00f6nnen.<\/p>\n\n\n\n<ul class=\"wp-block-list\">\n<li><strong>M\u00f6glichkeit zur personalisierten Interaktion:<\/strong> Die Beratung im Rahmen von Roadshows au\u00dferhalb des Deal-Umfelds erleichtert die direkte, pers\u00f6nliche Zusammenarbeit mit wichtigen Investoren und Analysten und bietet eine Plattform f\u00fcr den Aufbau und die St\u00e4rkung von Beziehungen, die Beantwortung von Fragen in Echtzeit und die Pr\u00e4sentation der Vision und Strategie des Unternehmens aus erster Hand.<\/li>\n\n\n\n<li><strong>Eine fesselnde Erz\u00e4hlung verfassen:<\/strong> Berater unterst\u00fctzen bei der Entwicklung einer strategischen Erz\u00e4hlung, die die St\u00e4rken, Erfolge und Aussichten des Unternehmens hervorhebt. Diese M\u00f6glichkeit erm\u00f6glicht es Unternehmen, ihre Geschichte zu kontrollieren und sicherzustellen, dass Investoren eine koh\u00e4rente und \u00fcberzeugende Botschaft \u00fcber das Wertversprechen des Unternehmens erhalten.<\/li>\n\n\n\n<li><strong>Wertvolle Marktinformationen:<\/strong> NDRs bieten eine einzigartige Gelegenheit, Erkenntnisse und Feedback direkt von der Investment-Community zu sammeln. Diese Informationen k\u00f6nnen als Grundlage f\u00fcr strategische Entscheidungen, Investor-Relations-Aktivit\u00e4ten und zuk\u00fcnftige Kommunikationsstrategien dienen.<\/li>\n\n\n\n<li><strong>Erweiterung des Investorenpools:<\/strong> Durch die Ansprache potenzieller Investoren in unterschiedlichen Regionen und mit unterschiedlichen Investitionsschwerpunkten unterst\u00fctzt die Beratung von NDR Unternehmen bei der Diversifizierung ihrer Investorenbasis, verringert die Abh\u00e4ngigkeit von einer begrenzten Investorengruppe und verbessert die Marktstabilit\u00e4t.<\/li>\n\n\n\n<li><strong>Steigerung der Unternehmenssichtbarkeit:<\/strong> Erfolgreiche NDRs k\u00f6nnen die Sichtbarkeit eines Unternehmens auf den Finanzm\u00e4rkten deutlich erh\u00f6hen, den Markennamen bekannter machen und das Unternehmen f\u00fcr einen breiteren Anlegerkreis attraktiver machen.<\/li>\n<\/ul>\n\n\n\n<h2 class=\"wp-block-heading\">Unser Standort in New York<\/h2>\n\n\n\n<p>  <iframe loading=\"lazy\" src=\"https:\/\/www.google.com\/maps\/embed?pb=!1m18!1m12!1m3!1d3022.976188376966!2d-73.99130312499956!3d40.740549471389315!2m3!1f0!2f0!3f0!3m2!1i1024!2i768!4f13.1!3m3!1m2!1s0x89c259a15798c731%3A0xd695d09bdd495f25!2s11%20E%2022nd%20St%20FL%202%2C%20New%20York%2C%20NY%2010010%2C%20USA!5e0!3m2!1sen!2spe!4v1726171763526!5m2!1sen!2spe\" width=\"600\" height=\"450\" allowfullscreen=\"allowfullscreen\" data-mce-fragment=\"1\"><\/iframe>  <\/p>\n\n\n\n<h3 class=\"wp-block-heading\">11 E 22nd Street, Floor 2, New York, NY 10010 T: +1(212) 505-6805<\/h3>\n\n\n\n<hr class=\"wp-block-separator has-alpha-channel-opacity\"\/>\n\n\n\n<h2 class=\"wp-block-heading\"><span style=\"font-weight: 400;\">\u00dcber SIS International<\/span><\/h2>\n\n\n\n<p><a href=\"https:\/\/www.sisinternational.com\/de\/\"><span style=\"font-weight: 400;\">SIS International<\/span><\/a><span style=\"font-weight: 400;\"> bietet quantitative, qualitative und strategische Forschung an. Wir liefern Daten, Tools, Strategien, Berichte und Erkenntnisse zur Entscheidungsfindung. Wir f\u00fchren auch Interviews, Umfragen, Fokusgruppen und andere Methoden und Ans\u00e4tze der Marktforschung durch.<\/span><a href=\"https:\/\/www.sisinternational.com\/de\/uber-sis-international-research\/contact-sis-international-market-research\/\"><span style=\"font-weight: 400;\"> Kontakt<\/span><\/a><span style=\"font-weight: 400;\"> f\u00fcr Ihr n\u00e4chstes Marktforschungsprojekt.<\/span><\/p>\n\n\n\n<p><\/p>\n\n\n\n<p><\/p>","protected":false},"excerpt":{"rendered":"<p>Die Beratung zu Non-Deal-Roadshows unterst\u00fctzt Unternehmen mit strategischen Initiativen dabei, mit Investoren in Kontakt zu treten, ohne Kapital aufzunehmen oder ein Gesch\u00e4ft abzuschlie\u00dfen.<\/p>","protected":false},"author":1,"featured_media":71771,"parent":27462,"menu_order":63,"comment_status":"closed","ping_status":"closed","template":"","meta":{"footnotes":""},"class_list":["post-46225","page","type-page","status-publish","has-post-thumbnail"],"_links":{"self":[{"href":"https:\/\/www.sisinternational.com\/de\/wp-json\/wp\/v2\/pages\/46225","targetHints":{"allow":["GET"]}}],"collection":[{"href":"https:\/\/www.sisinternational.com\/de\/wp-json\/wp\/v2\/pages"}],"about":[{"href":"https:\/\/www.sisinternational.com\/de\/wp-json\/wp\/v2\/types\/page"}],"author":[{"embeddable":true,"href":"https:\/\/www.sisinternational.com\/de\/wp-json\/wp\/v2\/users\/1"}],"replies":[{"embeddable":true,"href":"https:\/\/www.sisinternational.com\/de\/wp-json\/wp\/v2\/comments?post=46225"}],"version-history":[{"count":10,"href":"https:\/\/www.sisinternational.com\/de\/wp-json\/wp\/v2\/pages\/46225\/revisions"}],"predecessor-version":[{"id":78954,"href":"https:\/\/www.sisinternational.com\/de\/wp-json\/wp\/v2\/pages\/46225\/revisions\/78954"}],"up":[{"embeddable":true,"href":"https:\/\/www.sisinternational.com\/de\/wp-json\/wp\/v2\/pages\/27462"}],"wp:featuredmedia":[{"embeddable":true,"href":"https:\/\/www.sisinternational.com\/de\/wp-json\/wp\/v2\/media\/71771"}],"wp:attachment":[{"href":"https:\/\/www.sisinternational.com\/de\/wp-json\/wp\/v2\/media?parent=46225"}],"curies":[{"name":"wp","href":"https:\/\/api.w.org\/{rel}","templated":true}]}}