{"id":46220,"date":"2024-02-22T14:24:57","date_gmt":"2024-02-22T19:24:57","guid":{"rendered":"https:\/\/www.sisinternational.com\/?page_id=46220"},"modified":"2026-01-26T17:53:17","modified_gmt":"2026-01-26T22:53:17","slug":"fintech-go-to-market-beratung","status":"publish","type":"page","link":"https:\/\/www.sisinternational.com\/de\/losungen\/fintech-strategieberatung-forschung\/fintech-go-to-market-beratung\/","title":{"rendered":"FinTech Go-To-Market Beratung"},"content":{"rendered":"<h1 class=\"wp-block-heading\">FinTech Go-To-Market Beratung<\/h1>\n\n\n\n<figure class=\"gb-block-image gb-block-image-d48ffb7e\"><img loading=\"lazy\" decoding=\"async\" width=\"1456\" height=\"816\" class=\"gb-image gb-image-d48ffb7e\" src=\"https:\/\/www.sisinternational.com\/wp-content\/uploads\/2025\/09\/Fintech-5.jpg\" alt=\"SIS International Marktforschung &amp; Strategie\" title=\"Fintech (5)\" srcset=\"https:\/\/www.sisinternational.com\/wp-content\/uploads\/2025\/09\/Fintech-5.jpg 1456w, https:\/\/www.sisinternational.com\/wp-content\/uploads\/2025\/09\/Fintech-5-300x168.jpg 300w, https:\/\/www.sisinternational.com\/wp-content\/uploads\/2025\/09\/Fintech-5-1024x574.jpg 1024w, https:\/\/www.sisinternational.com\/wp-content\/uploads\/2025\/09\/Fintech-5-768x430.jpg 768w, https:\/\/www.sisinternational.com\/wp-content\/uploads\/2025\/09\/Fintech-5-18x10.jpg 18w\" sizes=\"auto, (max-width: 1456px) 100vw, 1456px\"><\/figure>\n\n\n\n<p><\/p>\n\n\n\n<hr class=\"wp-block-separator has-alpha-channel-opacity\"\/>\n\n\n\n<p>FinTech go-to-market consulting emerges as the critical catalyst for success, offering a strategic roadmap for navigating the complexities of market entry and scaling in the rapidly evolving FinTech ecosystem.&nbsp;<\/p>\n\n\n\n<h2 class=\"wp-block-heading\">FinTech Go-To-Market-Beratung verstehen<\/h2>\n\n\n\n<p><a href=\"https:\/\/sisaisolutions.com\/application-of-ai-in-fintech\/\" target=\"_blank\" rel=\"noopener\">FinTech go-to-market consulting<\/a> helps FinTech companies and financial institutions launch and scale their innovative products and services strategically. This consulting offers a deep understanding of the FinTech landscape, including customer behaviors, regulatory challenges, competitive dynamics, and technological advancements.<\/p>\n\n\n\n<p>Consultants leverage this knowledge to guide FinTech firms through the complexities of market entry, from identifying the most viable customer segments and developing compelling value propositions to selecting the optimal channels for customer engagement and conversion.<\/p>\n\n\n\n<h2 class=\"wp-block-heading\">Warum Unternehmen FinTech Go-To-Market-Beratung brauchen<\/h2>\n\n\n\n<p>FinTech-Go-to-Market-Beratung hilft Unternehmen, Trends immer einen Schritt voraus zu sein und sicherzustellen, dass ihre Angebote den Marktanforderungen entsprechen und auf Erfolg ausgerichtet sind. Dar\u00fcber hinaus bietet diese Beratung Einblicke in die Navigation durch diese regulatorischen Landschaften und stellt sicher, dass Produkte und Dienstleistungen alle gesetzlichen Anforderungen erf\u00fcllen und gleichzeitig den Markteintritt und das Wachstum optimieren.<\/p>\n\n\n\n<p>In der FinTech-Branche ist es von gr\u00f6\u00dfter Bedeutung, die richtigen Kundensegmente zu verstehen und zu erreichen. Go-to-Market-Beratung hilft bei der Definition gezielter Marketing- und Verkaufsstrategien, die Kunden effektiv gewinnen und binden, das Wachstum f\u00f6rdern und eine treue Nutzerbasis aufbauen.<\/p>\n\n\n\n<p>Dar\u00fcber hinaus bieten Berater FinTech-Unternehmen, die international wachsen oder expandieren m\u00f6chten, Strategien zur \u00dcberwindung von Markteintrittsbarrieren, zur Anpassung an lokale M\u00e4rkte und zur Bew\u00e4ltigung betrieblicher Komplexit\u00e4ten an, um so eine erfolgreiche Skalierung und globale Marktdurchdringung zu erm\u00f6glichen.<\/p>\n\n\n\n<h2 class=\"wp-block-heading\">Welche Vorteile bietet eine FinTech-Go-To-Market-Beratung?<\/h2>\n\n\n\n<figure class=\"gb-block-image gb-block-image-047dc766\"><img loading=\"lazy\" decoding=\"async\" width=\"1456\" height=\"816\" class=\"gb-image gb-image-047dc766\" src=\"https:\/\/www.sisinternational.com\/wp-content\/uploads\/2025\/10\/SME-Fintech-3.jpg\" alt=\"SIS International Marktforschung &amp; Strategie\" title=\"SME Fintech (3)\" srcset=\"https:\/\/www.sisinternational.com\/wp-content\/uploads\/2025\/10\/SME-Fintech-3.jpg 1456w, https:\/\/www.sisinternational.com\/wp-content\/uploads\/2025\/10\/SME-Fintech-3-300x168.jpg 300w, https:\/\/www.sisinternational.com\/wp-content\/uploads\/2025\/10\/SME-Fintech-3-1024x574.jpg 1024w, https:\/\/www.sisinternational.com\/wp-content\/uploads\/2025\/10\/SME-Fintech-3-768x430.jpg 768w, https:\/\/www.sisinternational.com\/wp-content\/uploads\/2025\/10\/SME-Fintech-3-18x10.jpg 18w\" sizes=\"auto, (max-width: 1456px) 100vw, 1456px\"><\/figure>\n\n\n\n<p><\/p>\n\n\n\n<p>FinTech Go-to-Market-Beratung bietet viele strategische Vorteile, die einen erfolgreichen Markteintritt erleichtern und eine solide Grundlage f\u00fcr nachhaltiges Wachstum und Marktf\u00fchrerschaft legen. Hier sind die wichtigsten Vorteile einer FinTech Go-to-Market-Beratung:<\/p>\n\n\n\n<ul class=\"wp-block-list\">\n<li><strong>Verbesserte Produktpositionierung:<\/strong> Mit fachkundiger Beratung k\u00f6nnen Unternehmen ihre einzigartigen Wertangebote identifizieren und artikulieren und so sicherstellen, dass ihre Produkte im \u00fcberf\u00fcllten FinTech-Bereich hervorstechen. Eine effektive Positionierung erh\u00f6ht die Sichtbarkeit und Attraktivit\u00e4t f\u00fcr die Zielkundensegmente.<\/li>\n\n\n\n<li><strong>Optimierte Startstrategien:<\/strong> FinTech go-to-market consulting helps craft and execute launch strategies that maximize market impact.\u00a0<\/li>\n\n\n\n<li><strong>Beschleunigte Markteinf\u00fchrung:<\/strong> Consulting services can significantly reduce the time it takes for FinTech solutions to reach the market by streamlining the go-to-market process and proactively addressing potential challenges, providing a competitive advantage.<\/li>\n\n\n\n<li><strong>Nachhaltige Wachstumsplanung:<\/strong> Beyond the initial market entry, FinTech <a href=\"https:\/\/www.sisinternational.com\/de\/fintech-trends-2025\/\" title=\"FinTech Trends\" data-wpil-monitor-id=\"6641\">go-to-market consulting focuses on long-term growth strategies<\/a>, including scaling operations, expanding into new markets, and continuously innovating to meet evolving customer needs.<\/li>\n\n\n\n<li><strong>Maximierte Kapitalrendite:<\/strong> Consulting services help maximize the return on investment for FinTech initiatives by aligning go-to-market strategies with market opportunities and optimizing resource allocation, ensuring financial viability and success.<\/li>\n<\/ul>\n\n\n\n<h2 class=\"wp-block-heading\">Erwartete Ergebnisse aus unseren FinTech Go-To-Market Consulting Insights<\/h2>\n\n\n\n<p>Die Nutzung von Erkenntnissen aus der FinTech-Go-to-Market-Beratung kann f\u00fcr Unternehmen, die ihre Finanztechnologiel\u00f6sungen einf\u00fchren oder skalieren m\u00f6chten, zu transformativen Ergebnissen f\u00fchren. Durch die Einbeziehung strategischer Beratung und branchenweit bew\u00e4hrter Verfahren k\u00f6nnen Unternehmen mit wichtigen Ergebnissen rechnen, wie beispielsweise:<\/p>\n\n\n\n<ul class=\"wp-block-list\">\n<li>Achieving a successful market entry that captures the target audience&#8217;s attention and gains immediate traction.<\/li>\n\n\n\n<li>Schaffen Sie einen starken Markennamen im FinTech-Bereich, differenzieren Sie Ihre Gesch\u00e4ftsl\u00f6sung von denen der Konkurrenz und bauen Sie eine Marke auf, die bei den Kunden Anklang findet und Vertrauen schafft.<\/li>\n\n\n\n<li>Erleben Sie eine beschleunigte Kundenakquise durch gezielte Marketingstrategien, \u00fcberzeugende Wertangebote und effektive Vertriebskan\u00e4le, die Ihre Zielgruppe ansprechen und Conversions f\u00f6rdern.<\/li>\n\n\n\n<li>Schaffen Sie die Grundlage f\u00fcr Skalierbarkeit und Wachstum mit einer Markteinf\u00fchrungsstrategie, die die Expansion unterst\u00fctzt, sich an Marktver\u00e4nderungen anpasst und mit Ihrem wachsenden Unternehmen mitw\u00e4chst.<\/li>\n\n\n\n<li>Establishing a sustainable business model ensures long-term viability, profitability, and relevance in the rapidly evolving FinTech ecosystem.<\/li>\n<\/ul>\n\n\n\n<h2 class=\"wp-block-heading\">Der SIS-Ansatz zur FinTech Go-To-Market-Beratung<\/h2>\n\n\n\n<p>Der Ansatz von SIS International zur FinTech-Markteinf\u00fchrungsberatung basiert auf einer umfassenden, kundenorientierten und datengesteuerten Methodik. Dieser Ansatz soll FinTech-Unternehmen die Erkenntnisse, Strategien und Tools vermitteln, die sie ben\u00f6tigen, um ihre Innovationen auf dem wettbewerbsintensiven Finanzdienstleistungsmarkt erfolgreich einzuf\u00fchren und zu skalieren. Hier ist ein genauerer Blick darauf, wie sich SIS im Bereich der FinTech-Markteinf\u00fchrungsberatung von der Konkurrenz abhebt:<\/p>\n\n\n\n<ul class=\"wp-block-list\">\n<li><strong>Ma\u00dfgeschneiderte Markteinblicke:<\/strong> SIS begins with an in-depth analysis of the FinTech industry, market trends, customer behaviors, and regulatory landscapes.\u00a0<\/li>\n\n\n\n<li><strong>Strategische Planung:<\/strong> SIS crafts a customized go-to-market strategy that aligns with the client&#8217;s business objectives, technological capabilities, and target market needs.\u00a0<\/li>\n\n\n\n<li><strong>Navigieren durch regulatorische Anforderungen:<\/strong> Recognizing the critical importance of compliance in the FinTech sector, SIS provides expert guidance on navigating complex regulatory environments.\u00a0<\/li>\n\n\n\n<li><strong>Technologische Fortschritte nutzen:<\/strong> SIS verf\u00fcgt \u00fcber umfassende Kenntnisse der neuesten FinTech-Innovationen und ber\u00e4t Kunden bei der Integration hochmoderner Technologien, die das Produktangebot erweitern, das Kundenerlebnis verbessern und ihnen einen Wettbewerbsvorteil auf dem Markt verschaffen.<\/li>\n\n\n\n<li><strong>Aufbau von Kundenbeziehungen:<\/strong> At the heart of the SIS approach is a commitment to creating exceptional customer experiences.\u00a0<\/li>\n\n\n\n<li><strong>Datengesteuerte Optimierung:<\/strong> SIS establishes clear metrics for success and implements mechanisms for tracking performance against these metrics.\u00a0<\/li>\n\n\n\n<li><strong>Laufende strategische Unterst\u00fctzung:<\/strong> \u00dcber den ersten Markteintritt hinaus bietet SIS seinen Kunden fortlaufende Unterst\u00fctzung und strategische Beratung. Diese langfristige Partnerschaft stellt sicher, dass FinTech-Unternehmen sich in der sich entwickelnden Branchenlandschaft zurechtfinden, neue Chancen nutzen und ihr Wachstum im wettbewerbsintensiven \u00d6kosystem der Finanzdienstleistungen aufrechterhalten k\u00f6nnen.<\/li>\n<\/ul>\n\n\n\n<h2 class=\"wp-block-heading\">Chancen in der FinTech Go-To-Market-Beratung f\u00fcr Unternehmen<\/h2>\n\n\n\n<figure class=\"gb-block-image gb-block-image-eb0d36c3\"><img loading=\"lazy\" decoding=\"async\" width=\"1456\" height=\"816\" class=\"gb-image gb-image-eb0d36c3\" src=\"https:\/\/www.sisinternational.com\/wp-content\/uploads\/2025\/09\/FinTech-Terch-technology-AI-artificial-intelligence-38.jpg\" alt=\"SIS International Marktforschung &amp; Strategie\" title=\"FinTech Terch technology AI artificial intelligence (38)\" srcset=\"https:\/\/www.sisinternational.com\/wp-content\/uploads\/2025\/09\/FinTech-Terch-technology-AI-artificial-intelligence-38.jpg 1456w, https:\/\/www.sisinternational.com\/wp-content\/uploads\/2025\/09\/FinTech-Terch-technology-AI-artificial-intelligence-38-300x168.jpg 300w, https:\/\/www.sisinternational.com\/wp-content\/uploads\/2025\/09\/FinTech-Terch-technology-AI-artificial-intelligence-38-1024x574.jpg 1024w, https:\/\/www.sisinternational.com\/wp-content\/uploads\/2025\/09\/FinTech-Terch-technology-AI-artificial-intelligence-38-768x430.jpg 768w, https:\/\/www.sisinternational.com\/wp-content\/uploads\/2025\/09\/FinTech-Terch-technology-AI-artificial-intelligence-38-18x10.jpg 18w\" sizes=\"auto, (max-width: 1456px) 100vw, 1456px\"><\/figure>\n\n\n\n<p><\/p>\n\n\n\n<p>Durch die Einbindung einer FinTech-Go-to-Market-Beratung er\u00f6ffnen sich zahlreiche Gesch\u00e4ftsm\u00f6glichkeiten im sich rasch entwickelnden FinTech-Sektor. Diese M\u00f6glichkeiten erleichtern den erfolgreichen Markteintritt und die Expansion und erm\u00f6glichen es Unternehmen, die Komplexit\u00e4t des FinTech-\u00d6kosystems mit strategischer Finesse zu meistern. Hier ist ein Blick auf die transformativen M\u00f6glichkeiten, die sich durch die Nutzung einer FinTech-Go-to-Market-Beratung ergeben:<\/p>\n\n\n\n<ul class=\"wp-block-list\">\n<li><strong>Strategische Marktdifferenzierung:<\/strong> Consulting helps businesses identify and articulate their unique selling propositions, enabling them to stand out in a crowded market.\u00a0<\/li>\n\n\n\n<li><strong>Gezielte Kundengewinnung:<\/strong> Durch Einblicke in das Kundenverhalten und die Kundenpr\u00e4ferenzen k\u00f6nnen Unternehmen ihre Marketing- und Produktstrategien anpassen, um potenzielle Kunden effektiv anzusprechen und zu binden, was zu h\u00f6heren Konversionsraten und beschleunigtem Wachstum f\u00fchrt.<\/li>\n\n\n\n<li><strong>Regulierungsnavigation und Compliance:<\/strong> Die FinTech-Branche ist stark reguliert und die Navigation in diesem regulatorischen Umfeld stellt eine gro\u00dfe Herausforderung dar. Go-to-Market-Beratung bietet Fachwissen zu Compliance-Strategien und stellt sicher, dass Unternehmen regulatorische Fallstricke vermeiden und regulatorische Erkenntnisse zu ihrem Wettbewerbsvorteil nutzen k\u00f6nnen.<\/li>\n\n\n\n<li><strong>Skalierbare Wachstumsstrategien:<\/strong> Consultants assist businesses in developing scalable go-to-market plans that support initial market entry and sustainable long-term growth.\u00a0<\/li>\n\n\n\n<li><strong>Innovative Produktentwicklung:<\/strong> Durch Nutzung der neuesten technologischen Fortschritte kann die Markteinf\u00fchrungsberatung Unternehmen dabei unterst\u00fctzen, ihr Produktangebot zu erneuern und zu verfeinern, um den Anforderungen aufstrebender M\u00e4rkte und Kundenerwartungen gerecht zu werden.<\/li>\n<\/ul>\n\n\n\n<h2 class=\"wp-block-heading\">Unser Standort in New York<\/h2>\n\n\n\n<p>  <iframe loading=\"lazy\" src=\"https:\/\/www.google.com\/maps\/embed?pb=!1m18!1m12!1m3!1d3022.976188376966!2d-73.99130312499956!3d40.740549471389315!2m3!1f0!2f0!3f0!3m2!1i1024!2i768!4f13.1!3m3!1m2!1s0x89c259a15798c731%3A0xd695d09bdd495f25!2s11%20E%2022nd%20St%20FL%202%2C%20New%20York%2C%20NY%2010010%2C%20USA!5e0!3m2!1sen!2spe!4v1726171763526!5m2!1sen!2spe\" width=\"600\" height=\"450\" allowfullscreen=\"allowfullscreen\" data-mce-fragment=\"1\"><\/iframe>  <\/p>\n\n\n\n<h3 class=\"wp-block-heading\">11 E 22nd Street, Floor 2, New York, NY 10010 T: +1(212) 505-6805<\/h3>\n\n\n\n<hr class=\"wp-block-separator has-alpha-channel-opacity\"\/>\n\n\n\n<h2 class=\"wp-block-heading\"><span style=\"font-weight: 400;\">\u00dcber SIS International<\/span><\/h2>\n\n\n\n<p><a href=\"https:\/\/www.sisinternational.com\/de\/\"><span style=\"font-weight: 400;\">SIS International<\/span><\/a><span style=\"font-weight: 400;\"> bietet quantitative, qualitative und strategische Forschung an. Wir liefern Daten, Tools, Strategien, Berichte und Erkenntnisse zur Entscheidungsfindung. Wir f\u00fchren auch Interviews, Umfragen, Fokusgruppen und andere Methoden und Ans\u00e4tze der Marktforschung durch.<\/span><a href=\"https:\/\/www.sisinternational.com\/de\/uber-sis-international-research\/contact-sis-international-market-research\/\"><span style=\"font-weight: 400;\"> Kontakt<\/span><\/a><span style=\"font-weight: 400;\"> f\u00fcr Ihr n\u00e4chstes Marktforschungsprojekt.<\/span><\/p>","protected":false},"excerpt":{"rendered":"<p>Die FinTech-Go-to-Market-Beratung unterst\u00fctzt FinTech-Unternehmen und Finanzinstitute dabei, innovative Produkte und Dienstleistungen strategisch zu pr\u00e4sentieren.<\/p>","protected":false},"author":1,"featured_media":69521,"parent":27462,"menu_order":66,"comment_status":"closed","ping_status":"closed","template":"","meta":{"footnotes":""},"class_list":["post-46220","page","type-page","status-publish","has-post-thumbnail"],"_links":{"self":[{"href":"https:\/\/www.sisinternational.com\/de\/wp-json\/wp\/v2\/pages\/46220","targetHints":{"allow":["GET"]}}],"collection":[{"href":"https:\/\/www.sisinternational.com\/de\/wp-json\/wp\/v2\/pages"}],"about":[{"href":"https:\/\/www.sisinternational.com\/de\/wp-json\/wp\/v2\/types\/page"}],"author":[{"embeddable":true,"href":"https:\/\/www.sisinternational.com\/de\/wp-json\/wp\/v2\/users\/1"}],"replies":[{"embeddable":true,"href":"https:\/\/www.sisinternational.com\/de\/wp-json\/wp\/v2\/comments?post=46220"}],"version-history":[{"count":11,"href":"https:\/\/www.sisinternational.com\/de\/wp-json\/wp\/v2\/pages\/46220\/revisions"}],"predecessor-version":[{"id":80221,"href":"https:\/\/www.sisinternational.com\/de\/wp-json\/wp\/v2\/pages\/46220\/revisions\/80221"}],"up":[{"embeddable":true,"href":"https:\/\/www.sisinternational.com\/de\/wp-json\/wp\/v2\/pages\/27462"}],"wp:featuredmedia":[{"embeddable":true,"href":"https:\/\/www.sisinternational.com\/de\/wp-json\/wp\/v2\/media\/69521"}],"wp:attachment":[{"href":"https:\/\/www.sisinternational.com\/de\/wp-json\/wp\/v2\/media?parent=46220"}],"curies":[{"name":"wp","href":"https:\/\/api.w.org\/{rel}","templated":true}]}}