{"id":46215,"date":"2024-02-23T23:12:02","date_gmt":"2024-02-24T04:12:02","guid":{"rendered":"https:\/\/www.sisinternational.com\/?page_id=46215"},"modified":"2026-03-16T23:48:34","modified_gmt":"2026-03-17T03:48:34","slug":"finanzdienstleistungen-markteinfuhrungsberatung","status":"publish","type":"page","link":"https:\/\/www.sisinternational.com\/de\/losungen\/strategieberatung\/financial-services-consulting\/finanzdienstleistungen-markteinfuhrungsberatung\/","title":{"rendered":"Go-To-Market-Beratung f\u00fcr Finanzdienstleistungen"},"content":{"rendered":"<h1 class=\"wp-block-heading\">Go-To-Market-Beratung f\u00fcr Finanzdienstleistungen<\/h1>\n\n\n\n<figure class=\"gb-block-image gb-block-image-e0b0bb64\"><img loading=\"lazy\" decoding=\"async\" width=\"1456\" height=\"816\" class=\"gb-image gb-image-e0b0bb64\" src=\"https:\/\/www.sisinternational.com\/wp-content\/uploads\/2025\/10\/Financial-Services-Go-To-Market-1.jpg\" alt=\"SIS International Marktforschung &amp; Strategie\" title=\"Financial Services Go-To-Market (1)\" srcset=\"https:\/\/www.sisinternational.com\/wp-content\/uploads\/2025\/10\/Financial-Services-Go-To-Market-1.jpg 1456w, https:\/\/www.sisinternational.com\/wp-content\/uploads\/2025\/10\/Financial-Services-Go-To-Market-1-300x168.jpg 300w, https:\/\/www.sisinternational.com\/wp-content\/uploads\/2025\/10\/Financial-Services-Go-To-Market-1-1024x574.jpg 1024w, https:\/\/www.sisinternational.com\/wp-content\/uploads\/2025\/10\/Financial-Services-Go-To-Market-1-768x430.jpg 768w, https:\/\/www.sisinternational.com\/wp-content\/uploads\/2025\/10\/Financial-Services-Go-To-Market-1-18x10.jpg 18w\" sizes=\"auto, (max-width: 1456px) 100vw, 1456px\"><\/figure>\n\n\n\n<hr class=\"wp-block-separator has-alpha-channel-opacity\"\/>\n\n\n\n<p>Financial services go-to-market consulting offers a blueprint for successfully launching and scaling financial solutions in today&#8217;s dynamic market. This specialized consulting service doesn&#8217;t just guide businesses through the market entry maze; it equips them with the insights and strategies to make a lasting impact. It ensures that their offerings reach the right audience and resonate deeply, fostering engagement and loyalty.<\/p>\n\n\n\n<h2 class=\"wp-block-heading\">Was ist Go-To-Market-Beratung f\u00fcr Finanzdienstleistungen?<\/h2>\n\n\n\n<p><a href=\"https:\/\/sisaisolutions.com\/application-of-ai-in-financial-services\/\" target=\"_blank\" rel=\"noopener\">Financial services go-to-market consulting<\/a> helps financial institutions and FinTech companies design and execute effective market entry and expansion strategies.<\/p>\n\n\n\n<p>This consulting focuses on understanding the unique value proposition of financial products and services, identifying target markets, and crafting compelling messaging and channels to reach and engage potential customers. The goal is ensuring businesses can launch new offerings effectively, penetrate markets, and achieve rapid growth.<\/p>\n\n\n\n<h2 class=\"wp-block-heading\">Warum ben\u00f6tigen Unternehmen eine Markteinf\u00fchrungsberatung f\u00fcr Finanzdienstleistungen?<\/h2>\n\n\n\n<figure class=\"gb-block-image gb-block-image-6533cb21\"><img loading=\"lazy\" decoding=\"async\" width=\"1456\" height=\"816\" class=\"gb-image gb-image-6533cb21\" src=\"https:\/\/www.sisinternational.com\/wp-content\/uploads\/2025\/10\/Financial-Services-Go-To-Market-3.jpg\" alt=\"SIS International Marktforschung &amp; Strategie\" title=\"Financial Services Go-To-Market (3)\" srcset=\"https:\/\/www.sisinternational.com\/wp-content\/uploads\/2025\/10\/Financial-Services-Go-To-Market-3.jpg 1456w, https:\/\/www.sisinternational.com\/wp-content\/uploads\/2025\/10\/Financial-Services-Go-To-Market-3-300x168.jpg 300w, https:\/\/www.sisinternational.com\/wp-content\/uploads\/2025\/10\/Financial-Services-Go-To-Market-3-1024x574.jpg 1024w, https:\/\/www.sisinternational.com\/wp-content\/uploads\/2025\/10\/Financial-Services-Go-To-Market-3-768x430.jpg 768w, https:\/\/www.sisinternational.com\/wp-content\/uploads\/2025\/10\/Financial-Services-Go-To-Market-3-18x10.jpg 18w\" sizes=\"auto, (max-width: 1456px) 100vw, 1456px\"><\/figure>\n\n\n\n<p><\/p>\n\n\n\n<p><a href=\"https:\/\/www.sisinternational.com\/de\/financial-services-consulting\/\" title=\"Financial Services Consulting\" data-wpil-monitor-id=\"2977\">Financial services go-to-market consulting<\/a> helps businesses identify and articulate what sets their offerings apart, ensuring that they are positioned strategically to capture the attention and loyalty of target customers. Consultants assist in dissecting the market into distinct segments and developing targeted strategies that resonate with each group, enhancing the effectiveness of marketing efforts and improving customer acquisition rates.<\/p>\n\n\n\n<p>Dar\u00fcber hinaus ist die Einf\u00fchrung eines neuen Finanzprodukts oder -dienstes mit erheblichem Aufwand verbunden. Die Go-to-Market-Beratung bietet einen Leitfaden f\u00fcr die Steuerung dieses Prozesses, von der Zeitplanung und der Nachrichten\u00fcbermittlung bis hin zur Kanalauswahl, der Minimierung von Risiken und der Maximierung der Wahrscheinlichkeit einer erfolgreichen Markteinf\u00fchrung. Berater arbeiten mit Unternehmen zusammen, um Pl\u00e4ne f\u00fcr die Skalierung des Betriebs, die Expansion in neue M\u00e4rkte und die kontinuierliche Innovation ihrer Angebote zu entwickeln.<\/p>\n\n\n\n<p>In any case, financial <a href=\"https:\/\/www.sisinternational.com\/de\/losungen\/reise-tourismus-und-gastgewerbeberatung\/concierge-service-beratung\/\" title=\"Concierge-Dienstleistungen Beratung\" data-wpil-monitor-id=\"4692\">services go-to-market consulting<\/a> brings many other benefits for businesses, including:<\/p>\n\n\n\n<ul class=\"wp-block-list\">\n<li><strong>Beschleunigte Markteinf\u00fchrung:<\/strong> Consulting services streamline the <a href=\"https:\/\/www.sisinternational.com\/de\/financial-services-consulting\/robotic-process-automation-in-financial-services\/\" title=\"Robotic Process Automation in Financial Services\" data-wpil-monitor-id=\"1065\">process of bringing new financial<\/a> products or services to market.\u00a0<\/li>\n\n\n\n<li><strong>Erh\u00f6hte Marktdurchdringung:<\/strong> Mit fachkundiger Beratung zu Zielgruppenansprache und Positionierung k\u00f6nnen Unternehmen eine tiefere Marktdurchdringung erreichen. Ma\u00dfgeschneiderte Markteinf\u00fchrungsstrategien stellen sicher, dass Marketingma\u00dfnahmen bei der Zielgruppe Anklang finden und so zu h\u00f6heren Konversionsraten und Kundenakquise f\u00fchren.<\/li>\n\n\n\n<li><strong>Verbesserte Markenbekanntheit:<\/strong> Effective financial services go-to-market consulting helps build and enhance brand recognition. Businesses can establish a strong brand presence by communicating a unique value proposition and delivering consistent messaging across channels.<\/li>\n\n\n\n<li><strong>Strategische Ressourcenzuweisung:<\/strong> Financial services go-to-market consulting provides insights into the most effective resource allocation, ensuring that marketing budgets are invested in channels and tactics that yield the highest return on investment.<\/li>\n\n\n\n<li><strong>Langfristige Kundenbindung:<\/strong> Beyond the initial market entry, go-to-market consulting focuses on building strategies for sustained customer engagement.\u00a0<\/li>\n\n\n\n<li><strong>Anpassungsf\u00e4higkeit an Marktver\u00e4nderungen:<\/strong> Die Landschaft der Finanzdienstleistungen entwickelt sich st\u00e4ndig weiter. Beratungsdienste erm\u00f6glichen es Unternehmen, sich an Marktver\u00e4nderungen anzupassen und sicherzustellen, dass ihre Markteinf\u00fchrungsstrategien im Laufe der Zeit relevant und effektiv bleiben.<\/li>\n<\/ul>\n\n\n\n<h2 class=\"wp-block-heading\">Der SIS-Ansatz zur Markteinf\u00fchrungsberatung f\u00fcr Finanzdienstleistungen<\/h2>\n\n\n\n<p>The SIS International financial services go-to-market consulting approach is comprehensive, data-driven, and client-centric. This approach is tailored to meet the unique challenges and opportunities faced by businesses in the financial services sector, ensuring they can successfully launch and scale their offerings. Here\u2019s how the SIS approach sets itself apart:<\/p>\n\n\n\n<ul class=\"wp-block-list\">\n<li><strong>Detaillierte Markt- und Wettbewerbseinblicke:<\/strong> SIS begins with a thorough market analysis, including customer needs, competitive landscape, and regulatory environment.\u00a0<\/li>\n\n\n\n<li><strong>Ma\u00dfgeschneiderte Go-To-Market-Pl\u00e4ne:<\/strong> SIS erkennt die einzigartigen Eigenschaften der Angebote jedes Kunden und entwickelt ma\u00dfgeschneiderte Markteinf\u00fchrungsstrategien, die auf die Ziele des Kunden, die Marktdynamik und die Kundenerwartungen abgestimmt sind. Dieser Ansatz stellt sicher, dass die Strategien \u00e4u\u00dferst zielgerichtet und effektiv sind.<\/li>\n\n\n\n<li><strong>Nutzung modernster Technologien:<\/strong> SIS keeps a keen eye on the latest technological advancements in financial services. It guides clients in integrating innovative solutions that enhance their offerings, improve customer experience, and provide a competitive edge.<\/li>\n\n\n\n<li><strong>Navigieren durch regulatorische Komplexit\u00e4ten:<\/strong> SIS bietet fachkundige Beratung zur Einhaltung gesetzlicher Vorschriften und hilft Kunden, die komplexe regulatorische Landschaft der Finanzdienstleistungen zu verstehen und sich darin zurechtzufinden. Dadurch wird sichergestellt, dass Markteinf\u00fchrungsstrategien effektiv sind und den aktuellen Vorschriften vollst\u00e4ndig entsprechen.<\/li>\n\n\n\n<li><strong>Aufbau ansprechender Kundenerlebnisse:<\/strong> At the heart of the <a href=\"https:\/\/www.linkedin.com\/company\/sisinternationalresearch\/posts\/?feedView=all\" target=\"_blank\" rel=\"noopener\">SIS approach<\/a> is a commitment to creating exceptional customer experiences. Through targeted marketing strategies and customer engagement plans, SIS helps clients build strong relationships with their target audience, driving acquisition and loyalty.<\/li>\n\n\n\n<li><strong>Datengesteuerte Leistungsmetriken:<\/strong> SIS establishes clear, measurable goals for go-to-market initiatives, using data analytics to track performance and inform continuous improvement.\u00a0<\/li>\n\n\n\n<li><strong>Laufende strategische Beratung:<\/strong> Beyond the initial go-to-market phase, SIS offers ongoing support and strategic guidance to clients.\u00a0<\/li>\n<\/ul>\n\n\n\n<h2 class=\"wp-block-heading\">Chancen in der Markteinf\u00fchrungsberatung f\u00fcr Finanzdienstleistungen f\u00fcr Unternehmen<\/h2>\n\n\n\n<figure class=\"gb-block-image gb-block-image-ea5523cc\"><img loading=\"lazy\" decoding=\"async\" width=\"1456\" height=\"816\" class=\"gb-image gb-image-ea5523cc\" src=\"https:\/\/www.sisinternational.com\/wp-content\/uploads\/2025\/10\/Financial-Services-Go-To-Market-2.jpg\" alt=\"SIS International Marktforschung &amp; Strategie\" title=\"Financial Services Go-To-Market (2)\" srcset=\"https:\/\/www.sisinternational.com\/wp-content\/uploads\/2025\/10\/Financial-Services-Go-To-Market-2.jpg 1456w, https:\/\/www.sisinternational.com\/wp-content\/uploads\/2025\/10\/Financial-Services-Go-To-Market-2-300x168.jpg 300w, https:\/\/www.sisinternational.com\/wp-content\/uploads\/2025\/10\/Financial-Services-Go-To-Market-2-1024x574.jpg 1024w, https:\/\/www.sisinternational.com\/wp-content\/uploads\/2025\/10\/Financial-Services-Go-To-Market-2-768x430.jpg 768w, https:\/\/www.sisinternational.com\/wp-content\/uploads\/2025\/10\/Financial-Services-Go-To-Market-2-18x10.jpg 18w\" sizes=\"auto, (max-width: 1456px) 100vw, 1456px\"><\/figure>\n\n\n\n<p><\/p>\n\n\n\n<p>Engaging in financial services go-to-market consulting opens up many opportunities for businesses aiming to launch or expand their offerings in the financial sector.&nbsp;<\/p>\n\n\n\n<ul class=\"wp-block-list\">\n<li><strong>Strategischer Markteintritt:<\/strong> Consulting services provide businesses with a strategic framework for entering new markets or launching new products.\u00a0<\/li>\n\n\n\n<li><strong>Wettbewerbsdifferenzierung:<\/strong> Durch die Markteinf\u00fchrungsberatung f\u00fcr Finanzdienstleistungen k\u00f6nnen Unternehmen ihr einzigartiges Wertversprechen formulieren, ihre Angebote von denen der Konkurrenz abheben und die Aufmerksamkeit potenzieller Kunden gewinnen.<\/li>\n\n\n\n<li><strong>Einhaltung gesetzlicher Vorschriften und Risikominderung:<\/strong> Die regulatorische Landschaft der Finanzdienstleistungsbranche zu durchschauen, kann eine gro\u00dfe Herausforderung sein. Berater bieten Fachwissen zur Einhaltung von Vorschriften und helfen Unternehmen, Risiken zu minimieren und potenzielle rechtliche Fallstricke zu vermeiden.<\/li>\n\n\n\n<li><strong>Technologieintegration und Innovation:<\/strong> Technology plays a crucial role in the financial services industry. Consulting services guide businesses in integrating the latest FinTech innovations into their offerings.\u00a0<\/li>\n\n\n\n<li><strong>Skalierbarkeit und Wachstum:<\/strong> <a href=\"https:\/\/www.sisinternational.com\/de\/losungen\/fintech-strategieberatung-forschung\/fintech-go-to-market-beratung\/\" title=\"FinTech Go-To-Market Beratung\" data-wpil-monitor-id=\"5858\">Consultants assist businesses in developing scalable go-to-market<\/a> strategies that support sustainable growth.\u00a0<\/li>\n\n\n\n<li><strong>Aufbau von Partnerschaften und \u00d6kosystemen:<\/strong> In der vernetzten Welt der Finanzdienstleistungen kann die Bildung strategischer Partnerschaften bahnbrechend sein. Die Markteinf\u00fchrungsberatung f\u00fcr Finanzdienstleistungen hilft dabei, potenzielle Partner zu identifizieren und \u00d6kosysteme aufzubauen, die den Wert der Angebote des Unternehmens steigern.<\/li>\n<\/ul>\n\n\n\n<h2 class=\"wp-block-heading\">Unser Standort in New York<\/h2>\n\n\n\n<p>  <iframe loading=\"lazy\" src=\"https:\/\/www.google.com\/maps\/embed?pb=!1m18!1m12!1m3!1d3022.976188376966!2d-73.99130312499956!3d40.740549471389315!2m3!1f0!2f0!3f0!3m2!1i1024!2i768!4f13.1!3m3!1m2!1s0x89c259a15798c731%3A0xd695d09bdd495f25!2s11%20E%2022nd%20St%20FL%202%2C%20New%20York%2C%20NY%2010010%2C%20USA!5e0!3m2!1sen!2spe!4v1726171763526!5m2!1sen!2spe\" width=\"600\" height=\"450\" allowfullscreen=\"allowfullscreen\" data-mce-fragment=\"1\"><\/iframe>  <\/p>\n\n\n\n<h3 class=\"wp-block-heading\">11 E 22nd Street, Floor 2, New York, NY 10010 T: +1(212) 505-6805<\/h3>\n\n\n\n<hr class=\"wp-block-separator has-alpha-channel-opacity\"\/>\n\n\n\n<h2 class=\"wp-block-heading\"><span style=\"font-weight: 400;\">\u00dcber SIS International<\/span><\/h2>\n\n\n\n<p><a href=\"https:\/\/www.sisinternational.com\/de\/\"><span style=\"font-weight: 400;\">SIS International<\/span><\/a><span style=\"font-weight: 400;\"> bietet quantitative, qualitative und strategische Forschung an. Wir liefern Daten, Tools, Strategien, Berichte und Erkenntnisse zur Entscheidungsfindung. Wir f\u00fchren auch Interviews, Umfragen, Fokusgruppen und andere Methoden und Ans\u00e4tze der Marktforschung durch.<\/span><a href=\"https:\/\/www.sisinternational.com\/de\/uber-sis-international-research\/contact-sis-international-market-research\/\"><span style=\"font-weight: 400;\"> Kontakt<\/span><\/a><span style=\"font-weight: 400;\"> f\u00fcr Ihr n\u00e4chstes Marktforschungsprojekt.<\/span><\/p>","protected":false},"excerpt":{"rendered":"<p>Die Go-to-Market-Beratung f\u00fcr Finanzdienstleistungen unterst\u00fctzt Finanzinstitute und FinTech-Unternehmen bei der Entwicklung und Umsetzung effektiver Strategien.<\/p>","protected":false},"author":1,"featured_media":71753,"parent":55793,"menu_order":69,"comment_status":"closed","ping_status":"closed","template":"","meta":{"footnotes":""},"class_list":["post-46215","page","type-page","status-publish","has-post-thumbnail"],"_links":{"self":[{"href":"https:\/\/www.sisinternational.com\/de\/wp-json\/wp\/v2\/pages\/46215","targetHints":{"allow":["GET"]}}],"collection":[{"href":"https:\/\/www.sisinternational.com\/de\/wp-json\/wp\/v2\/pages"}],"about":[{"href":"https:\/\/www.sisinternational.com\/de\/wp-json\/wp\/v2\/types\/page"}],"author":[{"embeddable":true,"href":"https:\/\/www.sisinternational.com\/de\/wp-json\/wp\/v2\/users\/1"}],"replies":[{"embeddable":true,"href":"https:\/\/www.sisinternational.com\/de\/wp-json\/wp\/v2\/comments?post=46215"}],"version-history":[{"count":13,"href":"https:\/\/www.sisinternational.com\/de\/wp-json\/wp\/v2\/pages\/46215\/revisions"}],"predecessor-version":[{"id":79548,"href":"https:\/\/www.sisinternational.com\/de\/wp-json\/wp\/v2\/pages\/46215\/revisions\/79548"}],"up":[{"embeddable":true,"href":"https:\/\/www.sisinternational.com\/de\/wp-json\/wp\/v2\/pages\/55793"}],"wp:featuredmedia":[{"embeddable":true,"href":"https:\/\/www.sisinternational.com\/de\/wp-json\/wp\/v2\/media\/71753"}],"wp:attachment":[{"href":"https:\/\/www.sisinternational.com\/de\/wp-json\/wp\/v2\/media?parent=46215"}],"curies":[{"name":"wp","href":"https:\/\/api.w.org\/{rel}","templated":true}]}}