{"id":46187,"date":"2024-02-22T14:16:53","date_gmt":"2024-02-22T19:16:53","guid":{"rendered":"https:\/\/www.sisinternational.com\/?page_id=46187"},"modified":"2026-02-19T01:22:07","modified_gmt":"2026-02-19T06:22:07","slug":"lackieren-beschichten-klebstoffe-automatisierung-kunstliche-intelligenz-beratung","status":"publish","type":"page","link":"https:\/\/www.sisinternational.com\/de\/losungen\/ai-marktforschung-und-strategieberatung\/lackieren-beschichten-klebstoffe-automatisierung-kunstliche-intelligenz-beratung\/","title":{"rendered":"Beratung zu Automatisierung und k\u00fcnstlicher Intelligenz im Lack- und Klebstoffbereich"},"content":{"rendered":"<h1 class=\"wp-block-heading\">Beratung zu Automatisierung und k\u00fcnstlicher Intelligenz in den Bereichen Farben, Lacke und Klebstoffe<\/h1>\n\n\n\n<figure class=\"gb-block-image gb-block-image-68bdbd93\"><img loading=\"lazy\" decoding=\"async\" width=\"1456\" height=\"816\" class=\"gb-image gb-image-68bdbd93\" src=\"https:\/\/www.sisinternational.com\/wp-content\/uploads\/2025\/08\/Automotive-15.jpg\" alt=\"SIS International Marktforschung &amp; Strategie\" title=\"Automotive (15)\" srcset=\"https:\/\/www.sisinternational.com\/wp-content\/uploads\/2025\/08\/Automotive-15.jpg 1456w, https:\/\/www.sisinternational.com\/wp-content\/uploads\/2025\/08\/Automotive-15-300x168.jpg 300w, https:\/\/www.sisinternational.com\/wp-content\/uploads\/2025\/08\/Automotive-15-1024x574.jpg 1024w, https:\/\/www.sisinternational.com\/wp-content\/uploads\/2025\/08\/Automotive-15-768x430.jpg 768w, https:\/\/www.sisinternational.com\/wp-content\/uploads\/2025\/08\/Automotive-15-18x10.jpg 18w\" sizes=\"auto, (max-width: 1456px) 100vw, 1456px\"><\/figure>\n\n\n\n<p><\/p>\n\n\n\n<p>Da Branchen weltweit nach Effizienz und Nachhaltigkeit streben, ist die Nachfrage nach Automatisierung und Beratung im Bereich k\u00fcnstliche Intelligenz in den Bereichen Farben, Lacke und Klebstoffe sprunghaft gestiegen. Dies bietet beispiellose M\u00f6glichkeiten f\u00fcr Innovationen in der Farben-, Lack- und Klebstoffindustrie \u2013 von der Verbesserung der Pr\u00e4zision der Farbabstimmung bis hin zur Optimierung von Rezepturen f\u00fcr eine bessere Leistung und geringere Umweltbelastung.<\/p>\n\n\n\n<h2 class=\"wp-block-heading\">Was ist Beratung zu Automatisierung und k\u00fcnstlicher Intelligenz in den Bereichen Farben, Beschichtungen und Klebstoffe?<\/h2>\n\n\n\n<p>Paint, coating, and adhesives automation and artificial intelligence consulting guides businesses in integrating cutting-edge technologies into their manufacturing processes. This <a title=\"Versand- und Logistikautomatisierung und KI-Beratung\" href=\"https:\/\/www.sisinternational.com\/de\/losungen\/ai-marktforschung-und-strategieberatung\/versand-logistik-automatisierung-ki-beratung\/\" data-wpil-monitor-id=\"4406\">consulting niche leverages automation<\/a> to streamline production and AI to enhance decision-making, quality control, and operational efficiency. The goal is to transform traditional manufacturing environments into smart, efficient, and sustainable operations that respond dynamically to market changes and customer needs.<\/p>\n\n\n\n<h2 class=\"wp-block-heading\">Bedeutung der Automatisierung und Beratung zu k\u00fcnstlicher Intelligenz in den Bereichen Farben, Beschichtungen und Klebstoffe<\/h2>\n\n\n\n<p>Paint, coating and adhesives <a title=\"Beratung zu LKW-Automatisierung und k\u00fcnstlicher Intelligenz\" href=\"https:\/\/www.sisinternational.com\/de\/losungen\/ai-marktforschung-und-strategieberatung\/lkw-automatisierung-beratung-zu-kunstlicher-intelligenz\/\" data-wpil-monitor-id=\"1414\">automation and artificial intelligence consulting<\/a> enables the analysis of vast amounts of data to identify trends and insights that can lead to the development of new products or the improvement of existing ones. Consulting services help businesses leverage these insights to stay ahead of market demands and regulatory changes.<\/p>\n\n\n\n<p>Furthermore, paint, coating and adhesives <a title=\"Beratung zu Vertriebsautomatisierung und k\u00fcnstlicher Intelligenz\" href=\"https:\/\/www.sisinternational.com\/de\/losungen\/ai-marktforschung-und-strategieberatung\/vertriebsautomatisierung-kunstliche-intelligenz-beratung\/\" data-wpil-monitor-id=\"1693\">automation and artificial intelligence consulting<\/a> services provide expert guidance on selecting and implementing the right technologies that align with the company&#8217;s needs and goals. However, this consulting brings many other benefits, including:<\/p>\n\n\n\n<ul class=\"wp-block-list\">\n<li><strong>Verbesserte Produktqualit\u00e4t:<\/strong> Automatisierung sorgt f\u00fcr eine konsistente Anwendung und Qualit\u00e4tskontrolle bei der Herstellung von Farben, Beschichtungen und Klebstoffen. KI verbessert dies durch \u00dcberwachung und Anpassung in Echtzeit und stellt sicher, dass die Produkte strenge Qualit\u00e4tsstandards erf\u00fcllen.<\/li>\n\n\n\n<li><strong>Kostenreduzierung:<\/strong> Implementing automation and AI can save substantial costs by reducing labor costs, minimizing waste, and optimizing resource use. Paint, coating and adhesives <a title=\"Beratung zur Online-Gaming-Automatisierung und k\u00fcnstlichen Intelligenz\" data-wpil-monitor-id=\"1720\" href=\"https:\/\/www.sisinternational.com\/de\/losungen\/ai-marktforschung-und-strategieberatung\/online-gaming-automatisierung-beratung-zu-kunstlicher-intelligenz\/\">automation and artificial intelligence consulting<\/a> identifies these opportunities, ensuring that investments in technology deliver a strong return on investment.<\/li>\n\n\n\n<li><strong>Wettbewerbsvorteil:<\/strong> Unternehmen, die Automatisierung und KI erfolgreich in ihre Betriebsabl\u00e4ufe integrieren, k\u00f6nnen einen erheblichen Wettbewerbsvorteil erzielen, indem sie qualitativ hochwertigere Produkte zu geringeren Kosten anbieten, schneller auf Marktver\u00e4nderungen reagieren und Innovationen in ihren Angeboten vorantreiben.<\/li>\n<\/ul>\n\n\n\n<h2 class=\"wp-block-heading\">Wer nutzt Beratung zu Automatisierung und k\u00fcnstlicher Intelligenz in den Bereichen Farben, Beschichtungen und Klebstoffe?<\/h2>\n\n\n\n<p>The utilization of paint, coating and adhesives automation and <a title=\"Beratung zu k\u00fcnstlicher Intelligenz in der Lebensmittel- und Getr\u00e4nkeindustrie\" href=\"https:\/\/www.sisinternational.com\/de\/losungen\/ai-marktforschung-und-strategieberatung\/beratung-zu-kunstlicher-intelligenz-im-lebensmittel-und-getrankebereich\/\" data-wpil-monitor-id=\"2008\">artificial intelligence consulting<\/a> spans a diverse range of entities such as:<\/p>\n\n\n\n<ul class=\"wp-block-list\">\n<li><strong>Hersteller von Farben und Lacken:<\/strong> Diese Unternehmen engagieren sich in der Beratung, um ihre Produktionsprozesse zu verbessern, die Produktqualit\u00e4t zu steigern und Kosten zu senken. Automatisierung und KI erm\u00f6glichen ihnen pr\u00e4zises Mischen, konsistentes Auftragen und Qualit\u00e4tskontrolle in Echtzeit und stellen so sicher, dass ihre Produkte den hohen Standards verschiedener Branchen entsprechen.<\/li>\n\n\n\n<li><strong>Klebstoffhersteller:<\/strong> Unternehmen der Klebstoffbranche nutzen Beratungsdienste, um ihre Produktionsabl\u00e4ufe von der Formulierung bis zur Verpackung zu optimieren. Automatisierung hilft dabei, eine hohe Pr\u00e4zision beim Mischen von Komponenten zu erreichen, w\u00e4hrend KI die Leistung von Klebstoffformulierungen unter verschiedenen Bedingungen vorhersagen und so die Produktentwicklung verbessern kann.<\/li>\n\n\n\n<li><strong>Zulieferer der Automobilindustrie:<\/strong> Suppliers in the automotive industry, where paints and coatings are critical for aesthetics and protection, seek <a title=\"Automatisierung und KI-Beratung im Bergbau und in der nat\u00fcrlichen Ressourcen\" data-wpil-monitor-id=\"5512\" href=\"https:\/\/www.sisinternational.com\/de\/losungen\/ai-marktforschung-und-strategieberatung\/bergbau-naturliche-ressourcen-automatisierung-kunstliche-intelligenz-beratung\/\">consulting to integrate advanced automation<\/a> and AI technologies. <\/li>\n\n\n\n<li><strong>Bau- und Baustoffunternehmen:<\/strong> Diese Unternehmen nutzen Beratung, um ihre Lackier- und Beschichtungsprozesse zu automatisieren und so Effizienz und Nachhaltigkeit zu verbessern. KI-gest\u00fctzte Erkenntnisse helfen ihnen, Produkte zu entwickeln, die den sich entwickelnden Anforderungen der Baubranche gerecht werden, beispielsweise umweltfreundliche und langlebige Optionen.<\/li>\n\n\n\n<li><strong>Auftragnehmer aus der Luft- und Raumfahrt- sowie Verteidigungsindustrie:<\/strong> In sectors where precision and quality are non-negotiable, such as aerospace and defense, consulting services are crucial. Paint, coating and adhesives automation and <a title=\"Go-To-Market Beratung zu K\u00fcnstlicher Intelligenz\" data-wpil-monitor-id=\"2047\" href=\"https:\/\/www.sisinternational.com\/de\/losungen\/ai-marktforschung-und-strategieberatung\/markteinfuhrung-kunstliche-intelligenz-beratung\/\">artificial intelligence consulting<\/a> ensure the accurate application of coatings.<\/li>\n\n\n\n<li><strong>Einrichtungen f\u00fcr Forschung und Entwicklung (F&amp;E):<\/strong> R&amp;D entities focused on developing new materials and formulations for paints, coatings, and adhesives leverage consulting to incorporate automation and AI into their research processes. <\/li>\n<\/ul>\n\n\n\n<h2 class=\"wp-block-heading\">Erwartete Ergebnisse unserer Beratung zu Automatisierung und k\u00fcnstlicher Intelligenz in den Bereichen Farben, Beschichtungen und Klebstoffe<\/h2>\n\n\n\n<p><a title=\"Einf\u00fchrung von K\u00fcnstlicher Intelligenz (KI) in kleinen Unternehmen\" href=\"https:\/\/www.sisinternational.com\/de\/einfuhrung-von-kunstlicher-intelligenz-in-kleinen-unternehmen\/\" data-wpil-monitor-id=\"2800\">Adopting automation and artificial intelligence<\/a> in the paint, coating, and adhesives industry, with the guidance of specialized consulting, can lead to a range of transformative outcomes \u2013 and here\u2019s what businesses can expect from using paint, coating, and adhesives automation and AI consulting:<\/p>\n\n\n\n<ul class=\"wp-block-list\">\n<li>Deutliche Steigerung der Produktionsgeschwindigkeit und -effizienz, da die Automatisierung die manuelle Arbeit reduziert und KI die Prozesse f\u00fcr minimale Ausfallzeiten und Abfall optimiert.<\/li>\n\n\n\n<li>Erreichen Sie ein h\u00f6heres Ma\u00df an Produktqualit\u00e4t und -konsistenz, da die Automatisierung eine pr\u00e4zise Anwendung und Mischung gew\u00e4hrleistet, w\u00e4hrend die KI die Qualit\u00e4t in Echtzeit \u00fcberwacht, um die Standards einzuhalten.<\/li>\n\n\n\n<li>Erhebliche Kosteneinsparungen durch geringeren Arbeitsaufwand, minimierten Abfall und optimierte Ressourcennutzung, was zu einer verbesserten Rentabilit\u00e4t f\u00fchrt.<\/li>\n\n\n\n<li>Beschleunigte Produktentwicklung und Innovation mit KI-gest\u00fctzten Erkenntnissen, die die Entwicklung neuer Formulierungen und Produkte erm\u00f6glichen, die den Bed\u00fcrfnissen der Schwellenm\u00e4rkte und gesetzlichen Anforderungen gerecht werden.<\/li>\n\n\n\n<li>Enhanced sustainability of production processes, as automation and AI contribute to reduced waste and <a title=\"Beratung zur Automatisierungsstrategie\" data-wpil-monitor-id=\"2711\" href=\"https:\/\/www.sisinternational.com\/de\/prozessautomatisierungssysteme-in-den-usa\/\">Energie<\/a> consumption, aligning with environmental goals and consumer expectations.<\/li>\n\n\n\n<li>Verbesserte Sicherheit am Arbeitsplatz und Einhaltung gesetzlicher Vorschriften, da gef\u00e4hrliche Aufgaben von der Automatisierung \u00fcbernommen werden und KI daf\u00fcr sorgt, dass die Prozesse den Industriestandards entsprechen.<\/li>\n\n\n\n<li>H\u00f6here Reaktionsf\u00e4higkeit und Agilit\u00e4t auf dem Markt, da KI-Analysen Einblicke in Markttrends und Verbraucherpr\u00e4ferenzen liefern und so eine schnelle Anpassung von Produktion und Strategie erm\u00f6glichen.<\/li>\n<\/ul>\n\n\n\n<h2 class=\"wp-block-heading\">Der SIS-Ansatz f\u00fcr Automatisierung und Beratung zu k\u00fcnstlicher Intelligenz in den Bereichen Farben, Lacke und Klebstoffe<\/h2>\n\n\n\n<p>The SIS International approach to paint, coating, and adhesives automation and artificial intelligence consulting has a deeply client-centric methodology. Here\u2019s how SIS sets itself apart in providing paint, coating and adhesives automation and artificial intelligence consulting:<\/p>\n\n\n\n<ul class=\"wp-block-list\">\n<li><strong>Ma\u00dfgeschneiderte L\u00f6sungen:<\/strong> SIS begins with an in-depth analysis of the client&#8217;s specific needs, challenges, and strategic goals. <\/li>\n\n\n\n<li><strong>Implementierung fortschrittlicher Technologie:<\/strong> With expertise in the latest advancements in automation and AI, SIS advises clients on selecting and implementing the most effective technologies for their specific production processes. <\/li>\n\n\n\n<li><strong>Betriebseffizienz und Umweltschutz:<\/strong> A key component of the SIS approach is enhancing operational efficiency while promoting sustainability. <\/li>\n\n\n\n<li><strong>Daten f\u00fcr strategische Vorteile nutzen:<\/strong> SIS utilizes data analytics to provide clients with actionable insights into their operations, market trends, and customer preferences. <\/li>\n\n\n\n<li><strong>Minderung von Risiken:<\/strong> Recognizing the importance of risk management, especially in highly regulated industries, SIS incorporates comprehensive risk assessment and management strategies into its consulting services. <\/li>\n\n\n\n<li><strong>Laufende Unterst\u00fctzung und Innovation:<\/strong> Beyond initial implementation, SIS offers ongoing support and advice to clients, fostering a culture of continuous improvement and innovation. <\/li>\n\n\n\n<li><strong>Strategische Lieferantenpartnerschaften:<\/strong> SIS assists clients in selecting the right technology vendors and managing these relationships effectively. <\/li>\n<\/ul>","protected":false},"excerpt":{"rendered":"<p>Beratung zu Automatisierung und k\u00fcnstlicher Intelligenz in der Farben- und Klebstoffbranche unterst\u00fctzt Unternehmen bei der Integration modernster KI-Technologien.<\/p>","protected":false},"author":1,"featured_media":62620,"parent":44406,"menu_order":70,"comment_status":"closed","ping_status":"closed","template":"","meta":{"footnotes":""},"class_list":["post-46187","page","type-page","status-publish","has-post-thumbnail"],"_links":{"self":[{"href":"https:\/\/www.sisinternational.com\/de\/wp-json\/wp\/v2\/pages\/46187","targetHints":{"allow":["GET"]}}],"collection":[{"href":"https:\/\/www.sisinternational.com\/de\/wp-json\/wp\/v2\/pages"}],"about":[{"href":"https:\/\/www.sisinternational.com\/de\/wp-json\/wp\/v2\/types\/page"}],"author":[{"embeddable":true,"href":"https:\/\/www.sisinternational.com\/de\/wp-json\/wp\/v2\/users\/1"}],"replies":[{"embeddable":true,"href":"https:\/\/www.sisinternational.com\/de\/wp-json\/wp\/v2\/comments?post=46187"}],"version-history":[{"count":23,"href":"https:\/\/www.sisinternational.com\/de\/wp-json\/wp\/v2\/pages\/46187\/revisions"}],"predecessor-version":[{"id":83094,"href":"https:\/\/www.sisinternational.com\/de\/wp-json\/wp\/v2\/pages\/46187\/revisions\/83094"}],"up":[{"embeddable":true,"href":"https:\/\/www.sisinternational.com\/de\/wp-json\/wp\/v2\/pages\/44406"}],"wp:featuredmedia":[{"embeddable":true,"href":"https:\/\/www.sisinternational.com\/de\/wp-json\/wp\/v2\/media\/62620"}],"wp:attachment":[{"href":"https:\/\/www.sisinternational.com\/de\/wp-json\/wp\/v2\/media?parent=46187"}],"curies":[{"name":"wp","href":"https:\/\/api.w.org\/{rel}","templated":true}]}}