{"id":46169,"date":"2024-02-22T14:16:12","date_gmt":"2024-02-22T19:16:12","guid":{"rendered":"https:\/\/www.sisinternational.com\/?page_id=46169"},"modified":"2026-01-25T19:15:01","modified_gmt":"2026-01-26T00:15:01","slug":"papier-zellstoff-forstprodukte-automatisierung-kunstliche-intelligenz-beratung","status":"publish","type":"page","link":"https:\/\/www.sisinternational.com\/de\/losungen\/ai-marktforschung-und-strategieberatung\/papier-zellstoff-forstprodukte-automatisierung-kunstliche-intelligenz-beratung\/","title":{"rendered":"Beratung zu Automatisierung von Forstprodukten und k\u00fcnstlicher Intelligenz"},"content":{"rendered":"<h1 class=\"gb-headline gb-headline-3bd493ef gb-headline-text\">Beratung zu Automatisierung und k\u00fcnstlicher Intelligenz f\u00fcr Papier-, Zellstoff- und Forstprodukte<\/h1>\n\n\n\n<figure class=\"gb-block-image gb-block-image-4ee5a457\"><img loading=\"lazy\" decoding=\"async\" width=\"1456\" height=\"816\" class=\"gb-image gb-image-4ee5a457\" src=\"https:\/\/www.sisinternational.com\/wp-content\/uploads\/2025\/10\/Forest-Products-Automatio-2.jpg\" alt=\"SIS International Marktforschung &amp; Strategie\" title=\"Forest Products Automatio (2)\" srcset=\"https:\/\/www.sisinternational.com\/wp-content\/uploads\/2025\/10\/Forest-Products-Automatio-2.jpg 1456w, https:\/\/www.sisinternational.com\/wp-content\/uploads\/2025\/10\/Forest-Products-Automatio-2-300x168.jpg 300w, https:\/\/www.sisinternational.com\/wp-content\/uploads\/2025\/10\/Forest-Products-Automatio-2-1024x574.jpg 1024w, https:\/\/www.sisinternational.com\/wp-content\/uploads\/2025\/10\/Forest-Products-Automatio-2-768x430.jpg 768w, https:\/\/www.sisinternational.com\/wp-content\/uploads\/2025\/10\/Forest-Products-Automatio-2-18x10.jpg 18w\" sizes=\"auto, (max-width: 1456px) 100vw, 1456px\"><\/figure>\n\n\n\n<p><\/p>\n\n\n\n<hr class=\"wp-block-separator has-alpha-channel-opacity\"\/>\n\n\n\n<p>As AI makes its way onto the horizon, traditional methods of production, processing and management are about to shift \u2013 and paper, pulp, and forest products automation and artificial intelligence consulting offer strategies that blend the age-old wisdom of forestry with the cutting-edge advancements of technology.<\/p>\n\n\n\n<h2 class=\"wp-block-heading\">What Is Paper, pulp, and forest products automation and artificial intelligence consulting?<\/h2>\n\n\n\n<p>Beratung zu Automatisierung und k\u00fcnstlicher Intelligenz in der Papier-, Zellstoff- und Forstproduktbranche unterst\u00fctzt Unternehmen bei der Umstellung von konventionellen Methoden auf effizientere, nachhaltigere und kosteng\u00fcnstigere Betriebsabl\u00e4ufe auf Basis von Automatisierung und k\u00fcnstlicher Intelligenz.<\/p>\n\n\n\n<p>It involves using technology to perform tasks traditionally done manually, including everything from harvesting and processing raw materials to producing and packaging finished products. Consultants work closely with businesses to identify opportunities where automation and AI can have the most significant impact, develop customized solutions to address specific challenges, and guide navigating the technological, regulatory, and workforce transitions required.<\/p>\n\n\n\n<h2 class=\"wp-block-heading\">Warum ist es wichtig?<\/h2>\n\n\n\n<p>The global marketplace for paper, pulp, and forest products is highly competitive. Businesses that leverage paper, pulp, and forest products <a href=\"https:\/\/www.sisinternational.com\/de\/losungen\/ai-marktforschung-und-strategieberatung\/franchising-automatisierung-kunstliche-intelligenz-beratung\/\" title=\"Beratung zu Franchising-Automatisierung und k\u00fcnstlicher Intelligenz\"  data-wpil-monitor-id=\"1140\">automation and artificial intelligence consulting<\/a> can significantly enhance their production efficiency, reduce costs, and improve product quality, giving them a distinct competitive edge.<\/p>\n\n\n\n<p>Similarly, with increasing regulatory pressures and consumer demand for sustainable practices, businesses in this sector are under scrutiny to minimize their environmental impact. Paper, pulp, and forest products <a href=\"https:\/\/www.sisinternational.com\/de\/losungen\/ai-marktforschung-und-strategieberatung\/lkw-automatisierung-beratung-zu-kunstlicher-intelligenz\/\" title=\"Beratung zu LKW-Automatisierung und k\u00fcnstlicher Intelligenz\"  data-wpil-monitor-id=\"1417\">automation and artificial intelligence consulting<\/a> can optimize resource use, reduce waste, and lower energy consumption, aligning operations with sustainability goals.<\/p>\n\n\n\n<p>Furthermore, automating routine and hazardous tasks boosts operational efficiency and significantly enhances workplace safety. Additionally, paper, pulp, and forest products <a href=\"https:\/\/www.sisinternational.com\/de\/losungen\/ai-marktforschung-und-strategieberatung\/vertriebsautomatisierung-kunstliche-intelligenz-beratung\/\" title=\"Beratung zu Vertriebsautomatisierung und k\u00fcnstlicher Intelligenz\"  data-wpil-monitor-id=\"1697\">automation and artificial intelligence consulting<\/a> can assist in workforce planning and management, optimizing labor use and improving employee satisfaction.<\/p>\n\n\n\n<h2 class=\"wp-block-heading\">The Key Benefits of Paper, pulp, and forest products automation and artificial intelligence consulting<\/h2>\n\n\n\n<figure class=\"gb-block-image gb-block-image-09d91481\"><img loading=\"lazy\" decoding=\"async\" width=\"1456\" height=\"816\" class=\"gb-image gb-image-09d91481\" src=\"https:\/\/www.sisinternational.com\/wp-content\/uploads\/2025\/10\/Forest-Products-Automatio-1.jpg\" alt=\"SIS International Marktforschung &amp; Strategie\" title=\"Forest Products Automatio (1)\" srcset=\"https:\/\/www.sisinternational.com\/wp-content\/uploads\/2025\/10\/Forest-Products-Automatio-1.jpg 1456w, https:\/\/www.sisinternational.com\/wp-content\/uploads\/2025\/10\/Forest-Products-Automatio-1-300x168.jpg 300w, https:\/\/www.sisinternational.com\/wp-content\/uploads\/2025\/10\/Forest-Products-Automatio-1-1024x574.jpg 1024w, https:\/\/www.sisinternational.com\/wp-content\/uploads\/2025\/10\/Forest-Products-Automatio-1-768x430.jpg 768w, https:\/\/www.sisinternational.com\/wp-content\/uploads\/2025\/10\/Forest-Products-Automatio-1-18x10.jpg 18w\" sizes=\"auto, (max-width: 1456px) 100vw, 1456px\"><\/figure>\n\n\n\n<p><\/p>\n\n\n\n<p>Der <a href=\"https:\/\/www.sisinternational.com\/de\/einfuhrung-von-kunstlicher-intelligenz-in-kleinen-unternehmen\/\" title=\"Einf\u00fchrung von K\u00fcnstlicher Intelligenz (KI) in kleinen Unternehmen\"  data-wpil-monitor-id=\"2804\">adoption of automation and artificial intelligence<\/a> in the paper, pulp, and forest products industry, brings many benefits. These advantages propel businesses toward greater operational efficiency and sustainability and enhance their market competitiveness \u2013 and here are some key benefits:<\/p>\n\n\n\n<ul class=\"wp-block-list\">\n<li><strong>Erh\u00f6hte Produktionseffizienz:<\/strong> Automation technologies streamline manufacturing processes, significantly reducing production times and increasing throughput.\u00a0<\/li>\n\n\n\n<li><strong>Kostenreduzierung:<\/strong> Businesses can achieve substantial cost savings by <a href=\"https:\/\/www.sisinternational.com\/de\/losungen\/ai-marktforschung-und-strategieberatung\/bergbau-naturliche-ressourcen-automatisierung-kunstliche-intelligenz-beratung\/\" title=\"Automatisierung und KI-Beratung im Bergbau und in der nat\u00fcrlichen Ressourcen\"  data-wpil-monitor-id=\"5514\">automating routine tasks and optimizing resource<\/a> use. Reduced waste, lower energy consumption, and optimized supply chain operations contribute to lowering overall operational expenses.<\/li>\n\n\n\n<li><strong>Verbesserte Produktqualit\u00e4t:<\/strong> Durch Automatisierung wird eine gleichbleibende Produktqualit\u00e4t gew\u00e4hrleistet, indem menschliche Fehler minimiert und die Produktionsparameter pr\u00e4zise kontrolliert werden. KI kann auch bei Qualit\u00e4tspr\u00fcfungsprozessen helfen und M\u00e4ngel identifizieren, die das menschliche Auge m\u00f6glicherweise \u00fcbersieht.<\/li>\n\n\n\n<li><strong>Verbesserte Nachhaltigkeit:<\/strong> Paper, pulp, and forest products <a href=\"https:\/\/www.sisinternational.com\/de\/losungen\/ai-marktforschung-und-strategieberatung\/online-gaming-automatisierung-beratung-zu-kunstlicher-intelligenz\/\" title=\"Beratung zur Online-Gaming-Automatisierung und k\u00fcnstlichen Intelligenz\"  data-wpil-monitor-id=\"1724\">automation and artificial intelligence consulting<\/a> enable more sustainable practices by optimizing raw materials and energy use.<\/li>\n\n\n\n<li><strong>Innovation und Produktentwicklung:<\/strong> KI-gesteuerte Marktanalysen und die Verarbeitung von Kundenfeedback k\u00f6nnen Innovationen anregen und Unternehmen dabei helfen, neue Produkte zu entwickeln oder bestehende zu verbessern, um den sich entwickelnden Marktanforderungen gerecht zu werden.<\/li>\n<\/ul>\n\n\n\n<h2 class=\"wp-block-heading\">Expected Results of Paper, pulp, and forest products automation and artificial intelligence consulting<\/h2>\n\n\n\n<p>Implementing automation and AI in the paper, pulp, and forest products industry, lead to significant transformative outcomes. These results reflect operational improvements and strategic advantages that position businesses for long-term success.<\/p>\n\n\n\n<p>Here are the expected results from engaging in paper, pulp, and forest <a href=\"https:\/\/www.sisinternational.com\/de\/losungen\/ai-marktforschung-und-strategieberatung\/automatisierung-von-korperpflegeprodukten-ki-beratung\/\" title=\"Automatisierung von K\u00f6rperpflegeprodukten und KI-Beratung\"  data-wpil-monitor-id=\"2477\">products automation and AI consulting<\/a>:<\/p>\n\n\n\n<ul class=\"wp-block-list\">\n<li>Verbesserte Betriebseffizienz und Produktivit\u00e4t durch Automatisierung routinem\u00e4\u00dfiger und arbeitsintensiver Prozesse, was zu schnelleren Produktionszeiten und geringeren Betriebskosten f\u00fchrt.<\/li>\n\n\n\n<li>H\u00f6here Produktqualit\u00e4t und -konsistenz durch Nutzung der Automatisierung zur pr\u00e4zisen Kontrolle der Herstellungsprozesse und k\u00fcnstlicher Intelligenz zur Echtzeit-Qualit\u00e4ts\u00fcberwachung und -anpassung.<\/li>\n\n\n\n<li>Wesentliche Verbesserungen der Nachhaltigkeit, darunter weniger Abfall, optimierte Ressourcennutzung und geringerer Energieverbrauch, tragen zum Umweltschutz und zur Einhaltung gesetzlicher Vorschriften bei.<\/li>\n\n\n\n<li>Effizientere und belastbarere Lieferketten auf Basis von KI-Analysen zur Bedarfsprognose, Bestandsverwaltung und Logistikoptimierung f\u00fchren zu geringeren Kosten und h\u00f6herer Kundenzufriedenheit.<\/li>\n\n\n\n<li>Beschleunigte Innovation und verbesserte Reaktionsf\u00e4higkeit auf den Markt mit KI-gest\u00fctzten Einblicken in Kundenpr\u00e4ferenzen und Markttrends, die die Produktentwicklung und strategische Entscheidungsfindung beeinflussen.<\/li>\n\n\n\n<li>Eine sicherere und leistungsf\u00e4higere Belegschaft, da gef\u00e4hrliche Aufgaben von der Automatisierung \u00fcbernommen werden und Mitarbeiter in h\u00f6herwertige Rollen versetzt werden, was zu h\u00f6herer Arbeitszufriedenheit und Produktivit\u00e4t f\u00fchrt.<\/li>\n\n\n\n<li>Ein gest\u00e4rkter Wettbewerbsvorteil auf dem Markt, da Unternehmen, die Automatisierung und KI einsetzen, besser in der Lage sind, innovative Produkte anzubieten, Kundenanforderungen zu erf\u00fcllen und nachhaltiger und effizienter zu wirtschaften.<\/li>\n<\/ul>\n\n\n\n<h2 class=\"wp-block-heading\">Technologies We Leverage in This Consulting<\/h2>\n\n\n\n<figure class=\"gb-block-image gb-block-image-48d2750a\"><img loading=\"lazy\" decoding=\"async\" width=\"1456\" height=\"816\" class=\"gb-image gb-image-48d2750a\" src=\"https:\/\/www.sisinternational.com\/wp-content\/uploads\/2025\/10\/Forest-Products-Automatio-3.jpg\" alt=\"SIS International Marktforschung &amp; Strategie\" title=\"Forest Products Automatio (3)\" srcset=\"https:\/\/www.sisinternational.com\/wp-content\/uploads\/2025\/10\/Forest-Products-Automatio-3.jpg 1456w, https:\/\/www.sisinternational.com\/wp-content\/uploads\/2025\/10\/Forest-Products-Automatio-3-300x168.jpg 300w, https:\/\/www.sisinternational.com\/wp-content\/uploads\/2025\/10\/Forest-Products-Automatio-3-1024x574.jpg 1024w, https:\/\/www.sisinternational.com\/wp-content\/uploads\/2025\/10\/Forest-Products-Automatio-3-768x430.jpg 768w, https:\/\/www.sisinternational.com\/wp-content\/uploads\/2025\/10\/Forest-Products-Automatio-3-18x10.jpg 18w\" sizes=\"auto, (max-width: 1456px) 100vw, 1456px\"><\/figure>\n\n\n\n<p><\/p>\n\n\n\n<p>In paper, pulp, and forest products automation and <a href=\"https:\/\/www.sisinternational.com\/de\/losungen\/ai-marktforschung-und-strategieberatung\/reiseberatung-mit-kunstlicher-intelligenz\/\" title=\"Beratung zu k\u00fcnstlicher Intelligenz im Reisebereich\"  data-wpil-monitor-id=\"1916\">artificial intelligence consulting<\/a>, SIS harnesses advanced technologies and tools. These are designed to address the industry&#8217;s unique challenges, enhancing operational efficiency, product quality, and environmental sustainability.<\/p>\n\n\n\n<p>Here\u2019s an overview of the technologies and methodologies SIS typically leverages:<\/p>\n\n\n\n<ul class=\"wp-block-list\">\n<li><strong>KI-Systeme zur Qualit\u00e4tskontrolle:<\/strong> Fortschrittliche KI-Systeme \u00fcberwachen die Produktqualit\u00e4t in Echtzeit, erkennen Abweichungen von Standards und erm\u00f6glichen sofortige Korrekturen, um eine gleichbleibende Produktqualit\u00e4t sicherzustellen.<\/li>\n\n\n\n<li><strong>Datenanalyse- und Visualisierungstools:<\/strong> Durch die Zusammenf\u00fchrung und Analyse von Daten aus verschiedenen Quellen liefern diese Tools umsetzbare Erkenntnisse zur Betriebsleistung, zu Markttrends und Kundenpr\u00e4ferenzen und unterst\u00fctzen so eine fundierte Entscheidungsfindung.<\/li>\n\n\n\n<li><strong>Automatisierte Materialhandhabungssysteme:<\/strong> Roboter- und Automatisierungstechnologien verbessern die Effizienz und Sicherheit von Materialhandhabungsprozessen, von der Rohstoffsammlung bis zur Verpackung des fertigen Produkts.<\/li>\n\n\n\n<li><strong>Blockchain f\u00fcr Transparenz in der Lieferkette:<\/strong> Die Blockchain-Technologie erstellt transparente und sichere Aufzeichnungen \u00fcber die Herkunft, Verarbeitung und Verteilung von Produkten und verbessert so die R\u00fcckverfolgbarkeit und das Vertrauen der Verbraucher.<\/li>\n<\/ul>\n\n\n\n<h2 class=\"wp-block-heading\">Why Engage with SIS International&#8217;s Paper, pulp, and forest products automation and artificial intelligence consulting<\/h2>\n\n\n\n<p>Der <a href=\"https:\/\/www.linkedin.com\/company\/sisinternationalresearch\/\" target=\"_blank\" rel=\"noopener\">SIS International<\/a> approach to paper, pulp, and forest products automation and artificial intelligence consulting has a holistic, strategic, and client-centric methodology. This approach ensures that clients not only navigate the transition toward automation and AI effectively but also harness these technologies to drive innovation, efficiency, and sustainability. Here&#8217;s an in-depth look at the SIS approach:<\/p>\n\n\n\n<ul class=\"wp-block-list\">\n<li><strong>Ma\u00dfgeschneiderte L\u00f6sungen:<\/strong> Understanding that each business faces unique challenges and opportunities, SIS begins with a comprehensive assessment of the client&#8217;s current operations, market position, and strategic goals.<\/li>\n\n\n\n<li><strong>Nutzung fortschrittlicher Technologien:<\/strong> With expertise in the latest automation and AI technologies, SIS advises clients on the most effective tools and systems to enhance their operations.\u00a0<\/li>\n\n\n\n<li><strong>Nachhaltige Praktiken:<\/strong> Eine Schl\u00fcsselkomponente des SIS-Ansatzes ist Nachhaltigkeit. Durch die Optimierung der Ressourcennutzung und die Reduzierung von Abfall durch Automatisierung und KI hilft SIS seinen Kunden, ihren \u00f6kologischen Fu\u00dfabdruck zu verbessern und eine h\u00f6here Betriebseffizienz zu erreichen.<\/li>\n\n\n\n<li><strong>Aufschlussreiche Analysen:<\/strong> SIS provides clients with actionable insights into their operations, market trends, and customer preferences. It enables more informed decision-making and strategic planning.<\/li>\n\n\n\n<li><strong>Unterst\u00fctzung des \u00dcbergangs:<\/strong> Recognizing the impact of automation and AI on the workforce, SIS offers guidance on workforce development and change management.\u00a0<\/li>\n\n\n\n<li><strong>Fortlaufende Unterst\u00fctzung:<\/strong> Beyond initial implementation, SIS provides continuing support and advice to clients, fostering continuous improvement and innovation.\u00a0<\/li>\n\n\n\n<li><strong>Bew\u00e4ltigung regulatorischer Herausforderungen:<\/strong> SIS unterst\u00fctzt Kunden dabei, sich im komplexen Regulierungsumfeld der Papier-, Zellstoff- und Forstproduktindustrie zurechtzufinden und stellt sicher, dass Automatisierungs- und KI-Initiativen allen relevanten Vorschriften und Standards entsprechen.<\/li>\n<\/ul>\n\n\n\n<div class=\"is-root-container is-desktop-preview is-layout-flow wp-block-post-content block-editor-block-list__layout\" spellcheck=\"false\">\n<div id=\"block-37fdf129-2515-4c97-9c3a-bd8432dd582f\" class=\"block-editor-block-list__block wp-block is-selected wp-block-freeform is-hovered\" tabindex=\"0\" role=\"document\" aria-label=\"Block: Klassisch\" data-block=\"37fdf129-2515-4c97-9c3a-bd8432dd582f\" data-type=\"core\/freeform\" data-title=\"Classic\">\n<div id=\"editor-37fdf129-2515-4c97-9c3a-bd8432dd582f\" class=\"wp-block-freeform block-library-rich-text__tinymce mce-content-body html5-captions mce-edit-focus\" style=\"position: relative;\" contenteditable=\"true\">\n<h2>Unser Standort in New York<\/h2>\n<p>  <iframe loading=\"lazy\" src=\"https:\/\/www.google.com\/maps\/embed?pb=!1m18!1m12!1m3!1d3022.976188376966!2d-73.99130312499956!3d40.740549471389315!2m3!1f0!2f0!3f0!3m2!1i1024!2i768!4f13.1!3m3!1m2!1s0x89c259a15798c731%3A0xd695d09bdd495f25!2s11%20E%2022nd%20St%20FL%202%2C%20New%20York%2C%20NY%2010010%2C%20USA!5e0!3m2!1sen!2spe!4v1726171763526!5m2!1sen!2spe\" width=\"600\" height=\"450\" allowfullscreen=\"allowfullscreen\" data-mce-fragment=\"1\"><\/iframe>  <\/p>\n<h3 class=\"wp-block-heading\">11 E 22nd Street, Floor 2, New York, NY 10010 T: +1(212) 505-6805<\/h3>\n<hr>\n<h2><span style=\"font-weight: 400;\">\u00dcber SIS International<\/span><\/h2>\n<p><a href=\"https:\/\/www.sisinternational.com\/de\/\"><span style=\"font-weight: 400;\">SIS International<\/span><\/a><span style=\"font-weight: 400;\"> bietet quantitative, qualitative und strategische Forschung an. Wir liefern Daten, Tools, Strategien, Berichte und Erkenntnisse zur Entscheidungsfindung. Wir f\u00fchren auch Interviews, Umfragen, Fokusgruppen und andere Methoden und Ans\u00e4tze der Marktforschung durch.<\/span><a href=\"https:\/\/www.sisinternational.com\/de\/uber-sis-international-research\/contact-sis-international-market-research\/\"><span style=\"font-weight: 400;\"> Kontakt<\/span><\/a><span style=\"font-weight: 400;\"> f\u00fcr Ihr n\u00e4chstes Marktforschungsprojekt.<\/span><\/p>\n<hr><\/div>\n<\/div>\n<\/div>\n\n\n\n<p><\/p>\n\n\n\n<p><\/p>","protected":false},"excerpt":{"rendered":"<p>Beratung zur Automatisierung von Forstprodukten und zu k\u00fcnstlicher Intelligenz. Unterst\u00fctzt Unternehmen bei der Umstellung auf einen effizienten und kosteng\u00fcnstigen Betrieb.<\/p>","protected":false},"author":1,"featured_media":71632,"parent":44406,"menu_order":69,"comment_status":"closed","ping_status":"closed","template":"","meta":{"footnotes":""},"class_list":["post-46169","page","type-page","status-publish","has-post-thumbnail"],"_links":{"self":[{"href":"https:\/\/www.sisinternational.com\/de\/wp-json\/wp\/v2\/pages\/46169","targetHints":{"allow":["GET"]}}],"collection":[{"href":"https:\/\/www.sisinternational.com\/de\/wp-json\/wp\/v2\/pages"}],"about":[{"href":"https:\/\/www.sisinternational.com\/de\/wp-json\/wp\/v2\/types\/page"}],"author":[{"embeddable":true,"href":"https:\/\/www.sisinternational.com\/de\/wp-json\/wp\/v2\/users\/1"}],"replies":[{"embeddable":true,"href":"https:\/\/www.sisinternational.com\/de\/wp-json\/wp\/v2\/comments?post=46169"}],"version-history":[{"count":24,"href":"https:\/\/www.sisinternational.com\/de\/wp-json\/wp\/v2\/pages\/46169\/revisions"}],"predecessor-version":[{"id":79281,"href":"https:\/\/www.sisinternational.com\/de\/wp-json\/wp\/v2\/pages\/46169\/revisions\/79281"}],"up":[{"embeddable":true,"href":"https:\/\/www.sisinternational.com\/de\/wp-json\/wp\/v2\/pages\/44406"}],"wp:featuredmedia":[{"embeddable":true,"href":"https:\/\/www.sisinternational.com\/de\/wp-json\/wp\/v2\/media\/71632"}],"wp:attachment":[{"href":"https:\/\/www.sisinternational.com\/de\/wp-json\/wp\/v2\/media?parent=46169"}],"curies":[{"name":"wp","href":"https:\/\/api.w.org\/{rel}","templated":true}]}}