{"id":46128,"date":"2024-02-19T14:57:00","date_gmt":"2024-02-19T19:57:00","guid":{"rendered":"https:\/\/www.sisinternational.com\/?page_id=46128"},"modified":"2026-01-26T18:52:10","modified_gmt":"2026-01-26T23:52:10","slug":"ki-strategieberatung","status":"publish","type":"page","link":"https:\/\/www.sisinternational.com\/de\/losungen\/ai-marktforschung-und-strategieberatung\/ki-strategieberatung\/","title":{"rendered":"KI-Strategieberatung"},"content":{"rendered":"<h1 class=\"wp-block-heading\">KI-Strategieberatung<\/h1>\n\n\n\n<figure class=\"gb-block-image gb-block-image-b5080a15\"><img loading=\"lazy\" decoding=\"async\" width=\"1456\" height=\"816\" class=\"gb-image gb-image-b5080a15\" src=\"https:\/\/www.sisinternational.com\/wp-content\/uploads\/2025\/10\/AI-Strategy-Consulting-2.jpg\" alt=\"SIS International Marktforschung &amp; Strategie\" title=\"AI Strategy Consulting (2)\" srcset=\"https:\/\/www.sisinternational.com\/wp-content\/uploads\/2025\/10\/AI-Strategy-Consulting-2.jpg 1456w, https:\/\/www.sisinternational.com\/wp-content\/uploads\/2025\/10\/AI-Strategy-Consulting-2-300x168.jpg 300w, https:\/\/www.sisinternational.com\/wp-content\/uploads\/2025\/10\/AI-Strategy-Consulting-2-1024x574.jpg 1024w, https:\/\/www.sisinternational.com\/wp-content\/uploads\/2025\/10\/AI-Strategy-Consulting-2-768x430.jpg 768w, https:\/\/www.sisinternational.com\/wp-content\/uploads\/2025\/10\/AI-Strategy-Consulting-2-18x10.jpg 18w\" sizes=\"auto, (max-width: 1456px) 100vw, 1456px\"><\/figure>\n\n\n\n<p><\/p>\n\n\n\n<hr class=\"wp-block-separator has-alpha-channel-opacity\"\/>\n\n\n\n<p>In an era where AI is reshaping the competitive landscape, businesses that fail to integrate AI into their strategic planning find themselves at a disadvantage\u2026 So, how can organizations harness AI&#8217;s transformative power to survive and thrive in this new era? AI strategy consulting delivers a roadmap for integrating AI technologies that align with business objectives and drive innovation \u2013 and ensures that AI initiatives are not siloed tech projects but integral elements of a holistic business strategy.<\/p>\n\n\n\n<h2 class=\"wp-block-heading\">What Is AI Strategy Consulting? Why Is It Important?<\/h2>\n\n\n\n<figure class=\"wp-block-image\"><img decoding=\"async\" src=\"https:\/\/www.sisinternational.com\/wp-content\/uploads\/2025\/06\/AI-9.jpg\" alt=\"SIS International Marktforschung &amp; Strategie\" class=\"wp-image-60063\"><\/figure>\n\n\n\n<p><\/p>\n\n\n\n<p>AI strategy consulting helps businesses navigate the complexities of AI integration, ensuring that technology investments align with business goals. It&#8217;s about transforming organizational processes, culture, and capabilities to leverage AI&#8217;s full potential. It equips companies with a clear vision and roadmap for AI adoption, ensuring that technological investments are innovative, strategic, and aligned with long-term goals. This foresight is essential in avoiding the common pitfall of investing in AI technologies without clearly understanding their potential impact on the business.<\/p>\n\n\n\n<p>Dar\u00fcber hinaus erfordern die Komplexit\u00e4t der KI-Technologien und das schnelle Tempo der digitalen Transformation Spezialwissen und Expertise. Die KI-Strategieberatung bietet Zugang zu Experten, die die technischen und strategischen Herausforderungen der KI-Integration meistern k\u00f6nnen, von der Datenverwaltung und Modellentwicklung bis hin zu ethischen \u00dcberlegungen und der Einhaltung gesetzlicher Vorschriften. Dieses Fachwissen ist von unsch\u00e4tzbarem Wert, um Risiken zu mindern, die Implementierung zu beschleunigen und den ROI von KI-Projekten zu maximieren.<\/p>\n\n\n\n<p>KI-Strategieberatung f\u00f6rdert auch eine Innovationskultur innerhalb von Organisationen. Durch die Einbeziehung funktions\u00fcbergreifender Teams in die Entwicklung und Umsetzung von KI-Strategien k\u00f6nnen Unternehmen die Zusammenarbeit, den Wissensaustausch und eine auf kontinuierliche Verbesserung und Innovation ausgerichtete Denkweise f\u00f6rdern. In jedem Fall bietet sie Unternehmen viele weitere Vorteile, darunter:<\/p>\n\n\n\n<ul class=\"wp-block-list\">\n<li><strong>Wettbewerbsvorteil:<\/strong> Durch die Nutzung von KI zur Betriebsoptimierung, Verbesserung des Kundenerlebnisses und Innovation bei Produkten und Dienstleistungen k\u00f6nnen sich Unternehmen einen deutlichen Wettbewerbsvorteil verschaffen.<\/li>\n\n\n\n<li><strong>Risikomanagement:<\/strong> Eine KI-Strategieberatung unterst\u00fctzt Unternehmen dabei, diese Komplexit\u00e4ten zu meistern und die Einhaltung von Vorschriften, einen ethischen Einsatz von KI und robuste Praktiken zur Datenverwaltung sicherzustellen.<\/li>\n\n\n\n<li><strong>Innovation und Wachstum:<\/strong> KI-Strategieberatung f\u00f6rdert eine Innovationskultur innerhalb von Organisationen, f\u00f6rdert die Erforschung neuer Ideen und die Einf\u00fchrung modernster Technologien. Diese Kultur ist von entscheidender Bedeutung f\u00fcr nachhaltiges Wachstum, die Anpassung an Marktver\u00e4nderungen und die Schaffung neuer Wertangebote, die den sich entwickelnden Kundenbed\u00fcrfnissen gerecht werden.<\/li>\n\n\n\n<li><strong>Verbesserte Entscheidungsfindung:<\/strong> Unternehmen k\u00f6nnen fundiertere, datengesteuerte Entscheidungen treffen, indem sie die Leistungsf\u00e4higkeit der KI f\u00fcr Datenanalyse und pr\u00e4diktive Analytik nutzen. Die KI-Strategieberatung f\u00fchrt durch die Integration von KI-Tools, die umsetzbare Erkenntnisse liefern und den strategischen Entscheidungsprozess verbessern.<\/li>\n\n\n\n<li><strong>Ma\u00dfgeschneiderte L\u00f6sungen:<\/strong> Die KI-Strategieberatung bietet ma\u00dfgeschneiderte L\u00f6sungen, die auf spezifische Gesch\u00e4ftsanforderungen zugeschnitten sind und sicherstellen, dass KI-Initiativen effektiv und skalierbar sind.<\/li>\n<\/ul>\n\n\n\n<h2 class=\"wp-block-heading\">Who benefits from AI Strategy Consulting<\/h2>\n\n\n\n<figure class=\"gb-block-image gb-block-image-d743a8e3\"><img loading=\"lazy\" decoding=\"async\" width=\"1456\" height=\"816\" class=\"gb-image gb-image-d743a8e3\" src=\"https:\/\/www.sisinternational.com\/wp-content\/uploads\/2025\/10\/AI-Strategy-Consulting-1.jpg\" alt=\"SIS International Marktforschung &amp; Strategie\" title=\"AI Strategy Consulting (1)\" srcset=\"https:\/\/www.sisinternational.com\/wp-content\/uploads\/2025\/10\/AI-Strategy-Consulting-1.jpg 1456w, https:\/\/www.sisinternational.com\/wp-content\/uploads\/2025\/10\/AI-Strategy-Consulting-1-300x168.jpg 300w, https:\/\/www.sisinternational.com\/wp-content\/uploads\/2025\/10\/AI-Strategy-Consulting-1-1024x574.jpg 1024w, https:\/\/www.sisinternational.com\/wp-content\/uploads\/2025\/10\/AI-Strategy-Consulting-1-768x430.jpg 768w, https:\/\/www.sisinternational.com\/wp-content\/uploads\/2025\/10\/AI-Strategy-Consulting-1-18x10.jpg 18w\" sizes=\"auto, (max-width: 1456px) 100vw, 1456px\"><\/figure>\n\n\n\n<p><\/p>\n\n\n\n<p>Die KI-Strategieberatung ist nicht auf einen bestimmten Sektor oder eine bestimmte Branche beschr\u00e4nkt; sie ist in vielen verschiedenen Unternehmen anwendbar, von Startups bis hin zu multinationalen Konzernen. Hier erfahren Sie genauer, wer die KI-Strategieberatung nutzt und warum sie zu einer unverzichtbaren Ressource geworden ist.<\/p>\n\n\n\n<ul class=\"wp-block-list\">\n<li><strong>Gro\u00dfe Unternehmen:<\/strong> Durch KI-Strategieberatung k\u00f6nnen diese Unternehmen KI nutzen, um Prozesse zu automatisieren, die Entscheidungsfindung zu verbessern und neue Gesch\u00e4ftsmodelle zu entwickeln. So stellen sie sicher, dass sie in sich rasch ver\u00e4ndernden M\u00e4rkten flexibel und wettbewerbsf\u00e4hig bleiben.<\/li>\n\n\n\n<li><strong>Startups und Scale-ups:<\/strong> Agilit\u00e4t und Innovation sind f\u00fcr Startups und Scale-ups, die traditionelle M\u00e4rkte aufmischen oder neue Nischen erobern wollen, von entscheidender Bedeutung. KI-Strategieberatung erm\u00f6glicht es ihnen, KI-Technologien von Anfang an zu nutzen, Intelligenz und Effizienz in ihre Abl\u00e4ufe, Produkte und Dienstleistungen einzubetten, das Wachstum zu beschleunigen und Investitionen anzuziehen.<\/li>\n\n\n\n<li><strong>Organisationen des \u00f6ffentlichen Sektors:<\/strong> Government agencies and entities are turning to AI strategy consulting to improve service delivery, enhance public welfare programs, and optimize resource management.<\/li>\n\n\n\n<li><strong>Gesundheitsdienstleister:<\/strong> Der <a href=\"https:\/\/www.sisinternational.com\/de\/losungen\/sis-blockchain-consulting\/blockchain-in-der-strategieberatung-im-gesundheitswesen\/\" title=\"Blockchain in der Strategieberatung im Gesundheitswesen\"  data-wpil-monitor-id=\"6424\">healthcare sector benefits from AI strategy consulting<\/a> by integrating AI into diagnostics, patient care, and operational efficiency. AI can help analyze vast amounts of data for better patient outcomes, personalized treatment plans, and streamlined administrative processes, improving the quality and accessibility of healthcare services.<\/li>\n\n\n\n<li><strong>Finanzdienstleistungen:<\/strong> Mithilfe von KI k\u00f6nnen diese Unternehmen ihr Risikomanagement, ihre Betrugserkennung, ihren Kundenservice und ihre Personalisierung verbessern und so sicherstellen, dass sie die sich wandelnden Erwartungen ihrer Kunden erf\u00fcllen.<\/li>\n\n\n\n<li><strong>Fertigung und Lieferkette:<\/strong> KI-Strategieberatung ist entscheidend f\u00fcr die Optimierung von Produktionsprozessen, die Verbesserung der Qualit\u00e4tskontrolle und die Verbesserung der Transparenz in der Lieferkette. KI-Technologien erm\u00f6glichen vorausschauende Wartung, Bedarfsprognosen und Entscheidungsfindung in Echtzeit und steigern so die Effizienz und Belastbarkeit des Betriebs.<\/li>\n\n\n\n<li><strong>Einzelhandel und E-Commerce:<\/strong> KI-Strategieberatung hilft Einzelhandelsunternehmen und E-Commerce-Plattformen dabei, Kundenerlebnisse zu personalisieren, die Bestandsverwaltung zu optimieren und effiziente Logistikl\u00f6sungen zu implementieren.<\/li>\n<\/ul>\n\n\n\n<h2 class=\"wp-block-heading\">When to Engage in AI Strategy Consulting<\/h2>\n\n\n\n<figure class=\"wp-block-image\"><img decoding=\"async\" src=\"https:\/\/www.sisinternational.com\/wp-content\/uploads\/2025\/06\/AI-43.jpg\" alt=\"SIS International Marktforschung &amp; Strategie\" class=\"wp-image-60058\"><\/figure>\n\n\n\n<p><\/p>\n\n\n\n<p>Die KI-Strategieberatung ist ein kontinuierlicher Prozess, der sich an der Entwicklung von Gesch\u00e4ftszielen und technologischen Fortschritten orientiert. Das Erkennen der richtigen Zeitpunkte f\u00fcr Investitionen in KI-Strategieberatung kann deren Wirksamkeit und Auswirkungen auf die Gesch\u00e4ftsergebnisse erheblich steigern.<\/p>\n\n\n\n<ul class=\"wp-block-list\">\n<li><strong>Vor gro\u00dfen Technologieinvestitionen:<\/strong> Bevor Sie sich zu erheblichen Investitionen in Technologie oder Infrastruktur verpflichten, kann die Beratung durch KI-Strategen dabei helfen, die wertvollsten KI-Chancen zu identifizieren und kostspielige Fehltritte zu vermeiden. Dieser proaktive Ansatz stellt sicher, dass Technologieinvestitionen strategisch und zielgerichtet sind und die gew\u00fcnschten Ergebnisse liefern k\u00f6nnen.<\/li>\n\n\n\n<li><strong>Als Reaktion auf den Wettbewerbsdruck:<\/strong> When competitors gain an edge through AI and technological innovation, AI strategy <a href=\"https:\/\/www.sisinternational.com\/de\/losungen\/strategieberatung\/szenarioplanung\/\" title=\"Szenarioplanung Strategieberatung\"  data-wpil-monitor-id=\"7102\">Beratung<\/a> can provide the insights and action plans needed to close the competitive gap and reposition your business as an industry leader.<\/li>\n\n\n\n<li><strong>Bei betrieblichen Ineffizienzen:<\/strong> Wenn betriebliche Engp\u00e4sse oder Ineffizienzen das Wachstum oder die Kundenzufriedenheit behindern, kann die KI-Strategieberatung Prozesse identifizieren, die f\u00fcr eine Automatisierung oder Verbesserung infrage kommen, um so die Effizienz zu steigern und die Leistung zu verbessern.<\/li>\n\n\n\n<li><strong>So nutzen Sie neue Marktchancen:<\/strong> Diese Beratung kann aufdecken, wie KI-Technologien neue M\u00e4rkte erschlie\u00dfen, neue Produktangebote schaffen oder Kundenerlebnisse neu definieren k\u00f6nnen, um sicherzustellen, dass Unternehmen an der Spitze ihrer Branche bleiben.<\/li>\n<\/ul>\n\n\n\n<h2 class=\"wp-block-heading\">AI Strategy Consulting with SIS International&nbsp;<\/h2>\n\n\n\n<figure class=\"gb-block-image gb-block-image-7b86b78c\"><img loading=\"lazy\" decoding=\"async\" width=\"1456\" height=\"816\" class=\"gb-image gb-image-7b86b78c\" src=\"https:\/\/www.sisinternational.com\/wp-content\/uploads\/2025\/10\/AI-Strategy-Consulting-3.jpg\" alt=\"SIS International Marktforschung &amp; Strategie\" title=\"AI Strategy Consulting (3)\" srcset=\"https:\/\/www.sisinternational.com\/wp-content\/uploads\/2025\/10\/AI-Strategy-Consulting-3.jpg 1456w, https:\/\/www.sisinternational.com\/wp-content\/uploads\/2025\/10\/AI-Strategy-Consulting-3-300x168.jpg 300w, https:\/\/www.sisinternational.com\/wp-content\/uploads\/2025\/10\/AI-Strategy-Consulting-3-1024x574.jpg 1024w, https:\/\/www.sisinternational.com\/wp-content\/uploads\/2025\/10\/AI-Strategy-Consulting-3-768x430.jpg 768w, https:\/\/www.sisinternational.com\/wp-content\/uploads\/2025\/10\/AI-Strategy-Consulting-3-18x10.jpg 18w\" sizes=\"auto, (max-width: 1456px) 100vw, 1456px\"><\/figure>\n\n\n\n<p><\/p>\n\n\n\n<p>Bei <a href=\"https:\/\/www.linkedin.com\/company\/sisinternationalresearch\/\" target=\"_blank\" rel=\"noopener\">SIS International<\/a>, AI strategy consulting is more than just a service; it&#8217;s a partnership. We work closely with our clients to understand their unique challenges, opportunities, and objectives. This deep understanding forms the foundation of our approach, enabling us to tailor AI strategies that are not only innovative but also practical and impactful.<\/p>\n\n\n\n<ul class=\"wp-block-list\">\n<li><strong>Detaillierte Branchenanalyse:<\/strong> Unser Ansatz beginnt mit einer gr\u00fcndlichen Analyse der Branche des Kunden, einschlie\u00dflich Wettbewerbsdynamik, regulatorischem Umfeld und neuen Trends. Dadurch wird sichergestellt, dass unsere KI-Strategien auf einem tiefen Verst\u00e4ndnis der Marktlandschaft basieren und darauf ausgelegt sind, spezifische Branchenchancen zu nutzen.<\/li>\n\n\n\n<li><strong>Ma\u00dfgeschneiderte Entwicklung einer KI-Roadmap:<\/strong> Auf der Grundlage der Erkenntnisse aus der Branchenanalyse entwickeln wir gemeinsam mit unseren Kunden einen ma\u00dfgeschneiderten KI-Fahrplan. Dieser Fahrplan umrei\u00dft strategische KI-Initiativen, Zeitpl\u00e4ne und Meilensteine und gew\u00e4hrleistet einen klaren Weg f\u00fcr die KI-Integration, der mit den strategischen Zielen des Kunden \u00fcbereinstimmt.<\/li>\n\n\n\n<li><strong>Einbindung und Abstimmung der Stakeholder:<\/strong> Der SIS-Ansatz umfasst eine umfassende Einbindung aller Stakeholder. Wir arbeiten daran, F\u00fchrungskr\u00e4fte, IT-Teams und Betriebspersonal auf die KI-Strategie auszurichten und eine Kultur der Zusammenarbeit und Innovation zu f\u00f6rdern.<\/li>\n\n\n\n<li><strong>Rahmen f\u00fcr ethische KI und Governance:<\/strong> Ethical considerations and data governance are at the heart of our <a href=\"https:\/\/www.sisinternational.com\/de\/sachverstand\/branchen\/beratung-zur-datenvisualisierung\/\" title=\"Datenvisualisierungsberatung\" data-wpil-monitor-id=\"5833\">AI strategy consulting<\/a>. We help clients develop frameworks that ensure AI is used responsibly and that data privacy and security are prioritized, aligning with regulatory requirements and ethical standards.<\/li>\n\n\n\n<li><strong>Implementierungsunterst\u00fctzung und Skalierung:<\/strong> Unsere Partnerschaft geht \u00fcber die Strategieentwicklung hinaus und unterst\u00fctzt auch die Implementierung und Skalierung von KI-Initiativen. Wir bieten kontinuierliche Beratung und Fachwissen, um sicherzustellen, dass KI-Projekte erfolgreich durchgef\u00fchrt werden und im Einklang mit dem Unternehmenswachstum skaliert werden k\u00f6nnen.<\/li>\n\n\n\n<li><strong>Messung und kontinuierliche Verbesserung:<\/strong> Unser Ansatz legt den Schwerpunkt auf die Messung von Ergebnissen und die F\u00f6rderung kontinuierlicher Verbesserungen. Wir helfen unseren Kunden dabei, Erfolgsma\u00dfst\u00e4be festzulegen und Prozesse zur kontinuierlichen Bewertung und Verfeinerung von KI-Initiativen zu implementieren.<\/li>\n<\/ul>\n\n\n\n<h2 class=\"wp-block-heading\">Unser Standort in New York<\/h2>\n\n\n\n<p>  <iframe loading=\"lazy\" src=\"https:\/\/www.google.com\/maps\/embed?pb=!1m18!1m12!1m3!1d3022.976188376966!2d-73.99130312499956!3d40.740549471389315!2m3!1f0!2f0!3f0!3m2!1i1024!2i768!4f13.1!3m3!1m2!1s0x89c259a15798c731%3A0xd695d09bdd495f25!2s11%20E%2022nd%20St%20FL%202%2C%20New%20York%2C%20NY%2010010%2C%20USA!5e0!3m2!1sen!2spe!4v1726171763526!5m2!1sen!2spe\" width=\"600\" height=\"450\" allowfullscreen=\"allowfullscreen\" data-mce-fragment=\"1\"><\/iframe>  <\/p>\n\n\n\n<h3 class=\"wp-block-heading\">11 E 22nd Street, Floor 2, New York, NY 10010 T: +1(212) 505-6805<\/h3>\n\n\n\n<hr class=\"wp-block-separator has-alpha-channel-opacity\"\/>\n\n\n\n<h2 class=\"wp-block-heading\"><span style=\"font-weight: 400;\">\u00dcber SIS International<\/span><\/h2>\n\n\n\n<p><a href=\"https:\/\/www.sisinternational.com\/de\/\"><span style=\"font-weight: 400;\">SIS International<\/span><\/a><span style=\"font-weight: 400;\"> bietet quantitative, qualitative und strategische Forschung an. Wir liefern Daten, Tools, Strategien, Berichte und Erkenntnisse zur Entscheidungsfindung. Wir f\u00fchren auch Interviews, Umfragen, Fokusgruppen und andere Methoden und Ans\u00e4tze der Marktforschung durch.<\/span><a href=\"https:\/\/www.sisinternational.com\/de\/uber-sis-international-research\/contact-sis-international-market-research\/\"><span style=\"font-weight: 400;\"> Kontakt<\/span><\/a><span style=\"font-weight: 400;\"> f\u00fcr Ihr n\u00e4chstes Marktforschungsprojekt.<\/span><\/p>\n\n\n\n<hr class=\"wp-block-separator has-alpha-channel-opacity\"\/>\n\n\n\n<h2 class=\"wp-block-heading\">&nbsp;<\/h2>\n\n\n\n<h2 class=\"wp-block-heading\">&nbsp;<\/h2>\n\n\n\n<p><\/p>\n\n\n\n<p><\/p>","protected":false},"excerpt":{"rendered":"<p>Durch KI-Strategieberatung werden Unternehmen dabei unterst\u00fctzt, die Komplexit\u00e4t der KI-Integration zu bew\u00e4ltigen, sodass ihre Technologieinvestitionen mit den Gesch\u00e4ftszielen \u00fcbereinstimmen.<\/p>","protected":false},"author":1,"featured_media":71617,"parent":44406,"menu_order":67,"comment_status":"closed","ping_status":"closed","template":"","meta":{"footnotes":""},"class_list":["post-46128","page","type-page","status-publish","has-post-thumbnail"],"_links":{"self":[{"href":"https:\/\/www.sisinternational.com\/de\/wp-json\/wp\/v2\/pages\/46128","targetHints":{"allow":["GET"]}}],"collection":[{"href":"https:\/\/www.sisinternational.com\/de\/wp-json\/wp\/v2\/pages"}],"about":[{"href":"https:\/\/www.sisinternational.com\/de\/wp-json\/wp\/v2\/types\/page"}],"author":[{"embeddable":true,"href":"https:\/\/www.sisinternational.com\/de\/wp-json\/wp\/v2\/users\/1"}],"replies":[{"embeddable":true,"href":"https:\/\/www.sisinternational.com\/de\/wp-json\/wp\/v2\/comments?post=46128"}],"version-history":[{"count":17,"href":"https:\/\/www.sisinternational.com\/de\/wp-json\/wp\/v2\/pages\/46128\/revisions"}],"predecessor-version":[{"id":80666,"href":"https:\/\/www.sisinternational.com\/de\/wp-json\/wp\/v2\/pages\/46128\/revisions\/80666"}],"up":[{"embeddable":true,"href":"https:\/\/www.sisinternational.com\/de\/wp-json\/wp\/v2\/pages\/44406"}],"wp:featuredmedia":[{"embeddable":true,"href":"https:\/\/www.sisinternational.com\/de\/wp-json\/wp\/v2\/media\/71617"}],"wp:attachment":[{"href":"https:\/\/www.sisinternational.com\/de\/wp-json\/wp\/v2\/media?parent=46128"}],"curies":[{"name":"wp","href":"https:\/\/api.w.org\/{rel}","templated":true}]}}