{"id":45887,"date":"2024-02-03T21:28:04","date_gmt":"2024-02-04T02:28:04","guid":{"rendered":"https:\/\/www.sisinternational.com\/?page_id=45887"},"modified":"2026-01-30T22:58:49","modified_gmt":"2026-01-31T03:58:49","slug":"wellnesshotelberatung","status":"publish","type":"page","link":"https:\/\/www.sisinternational.com\/de\/losungen\/reise-tourismus-und-gastgewerbeberatung\/wellnesshotelberatung\/","title":{"rendered":"Wellness Hotel Beratung"},"content":{"rendered":"<h1 class=\"wp-block-heading\">Wellness Hotel Beratung<\/h1>\n\n\n\n<figure class=\"gb-block-image gb-block-image-6e12a289\"><img loading=\"lazy\" decoding=\"async\" width=\"1456\" height=\"816\" class=\"gb-image gb-image-6e12a289\" src=\"https:\/\/www.sisinternational.com\/wp-content\/uploads\/2025\/08\/hotel-6.jpg\" alt=\"SIS International Marktforschung &amp; Strategie\" title=\"hotel (6)\" srcset=\"https:\/\/www.sisinternational.com\/wp-content\/uploads\/2025\/08\/hotel-6.jpg 1456w, https:\/\/www.sisinternational.com\/wp-content\/uploads\/2025\/08\/hotel-6-300x168.jpg 300w, https:\/\/www.sisinternational.com\/wp-content\/uploads\/2025\/08\/hotel-6-1024x574.jpg 1024w, https:\/\/www.sisinternational.com\/wp-content\/uploads\/2025\/08\/hotel-6-768x430.jpg 768w, https:\/\/www.sisinternational.com\/wp-content\/uploads\/2025\/08\/hotel-6-18x10.jpg 18w\" sizes=\"auto, (max-width: 1456px) 100vw, 1456px\"><\/figure>\n\n\n\n<p><\/p>\n\n\n\n<hr class=\"wp-block-separator has-alpha-channel-opacity is-style-dots\"\/>\n\n\n\n<p>Wellness is no longer an add-on; it is central to the guest experience and demands a holistic approach that permeates every aspect of a hotel&#8217;s operation. That&#8217;s why wellness hotel consulting reimagines the hotel experience to align with the growing demand for health, wellness, and balance in travel. <\/p>\n\n\n\n<h2 class=\"wp-block-heading\">Was ist Wellnesshotelberatung?<\/h2>\n\n\n\n<p><a href=\"https:\/\/www.sisinternational.com\/de\/losungen\/ai-marktforschung-und-strategieberatung\/beratung-zu-gesundheit-wellness-automatisierung-und-kunstlicher-intelligenz\/\" title=\"Automatisierung im Gesundheits- und Wellnessbereich sowie KI-Beratung\" data-wpil-monitor-id=\"5501\">Wellness hotel consulting<\/a> optimizes hotels into sanctuaries of health and well-being by integrating wellness into every facet of the guest experience \u2013 and crafting a holistic environment where each element contributes to the well-being of the guests.<\/p>\n\n\n\n<p>Dabei geht es um eine eingehende Auseinandersetzung mit den aktuellen Wellnesstrends und darum, wie diese authentisch in das Angebot des Hotels integriert werden k\u00f6nnen. Dies k\u00f6nnte bedeuten, R\u00e4ume neu zu gestalten, um ruhige Umgebungen zu schaffen, Wellnesstherapien einzubeziehen oder Programme wie Yoga-Retreats, Meditationssitzungen und Ern\u00e4hrungsworkshops anzubieten. Ziel ist es, einen Ort zu schaffen, an dem die G\u00e4ste Entspannung, Erholung und ein Gef\u00fchl der Ausgeglichenheit erreichen k\u00f6nnen.<\/p>\n\n\n\n<p>Neben konzeptionellen und Markenstrategien befasst sich die Wellnesshotelberatung auch mit operativen Aspekten. Dazu geh\u00f6rt die Schulung des Personals, um au\u00dfergew\u00f6hnliche Wellnesserlebnisse zu bieten, die Auswahl der richtigen Wellnessprodukte und -partner sowie die Umsetzung nachhaltiger Praktiken.<\/p>\n\n\n\n<h2 class=\"wp-block-heading\">Warum brauchen Unternehmen eine Wellnesshotel-Beratung?<\/h2>\n\n\n\n<p>In der heutigen schnelllebigen und gesundheitsbewussten Welt w\u00e4chst die Nachfrage nach wellnessorientierten Reiseerlebnissen rasant. Die Wellness-Hotelberatung unterst\u00fctzt Hotels dabei, diesen wachsenden Markt zu erschlie\u00dfen, indem sie Angebote entwickelt, die diesen Gesundheits- und Wellness-Bed\u00fcrfnissen gerecht werden.<\/p>\n\n\n\n<p>Da Wellness ein immer wichtigerer Bestandteil des Lebensstils der Menschen wird, m\u00fcssen Hotels ihre Dienstleistungen auf diesen Trend ausrichten, um relevant zu bleiben. Daher kann eine Wellness-Hotelberatung diese Ausrichtung unterst\u00fctzen und sicherstellen, dass die Angebote des Hotels den Erwartungen der heutigen G\u00e4ste entsprechen.<\/p>\n\n\n\n<h2 class=\"wp-block-heading\">Welche Vorteile bietet eine Wellnesshotel-Beratung?<\/h2>\n\n\n\n<p>Die Beratung f\u00fcr Wellnesshotels bietet eine Reihe bedeutender Vorteile zur Verbesserung der Marktposition des Hotels, der G\u00e4stezufriedenheit und der Gesamtrentabilit\u00e4t. Hier sind einige der wichtigsten Vorteile:<\/p>\n\n\n\n<ul class=\"wp-block-list\">\n<li><strong>Ausrichtung auf Wellness-Trends:<\/strong> <a title=\"Beratung zur Neugestaltung eines haustierfreundlichen Hotels\" data-wpil-monitor-id=\"2834\" href=\"https:\/\/www.sisinternational.com\/de\/losungen\/reise-tourismus-und-gastgewerbeberatung\/beratung-zur-neugestaltung-des-markenauftritts-von-haustierfreundlichen-hotels\/\">Consulting helps hotels<\/a> stay abreast of the latest wellness trends and integrate them into their offerings. This alignment ensures that the hotel remains relevant and attractive to modern travelers seeking wellness experiences.<\/li>\n\n\n\n<li><strong>Verbessertes Markenimage und Ansehen:<\/strong> Ein Schwerpunkt auf Wellness kann die Markenwahrnehmung eines Hotels erheblich verbessern. Es positioniert das Hotel als zukunftsorientiertes, g\u00e4steorientiertes Unternehmen und steigert seinen Ruf in der Hotelbranche.<\/li>\n\n\n\n<li><strong>Entwicklung einzigartiger Wellness-Programme:<\/strong> <a title=\"Tourismusentwicklungsberatung\" data-wpil-monitor-id=\"7135\" href=\"https:\/\/www.sisinternational.com\/de\/losungen\/reise-tourismus-und-gastgewerbeberatung\/tourismusentwicklungsberatung\/\">Wellness hotel consulting<\/a> assists in developing unique and innovative wellness programs that differentiate the hotel from competitors. These can include spa services, fitness classes, nutritional guidance, mindfulness sessions, and more.<\/li>\n\n\n\n<li><strong>Marketing- und Werbestrategie:<\/strong> Zur Beratung von Wellnesshotels geh\u00f6rt die Entwicklung wirksamer Marketingstrategien, die die Wellness-Angebote des Hotels hervorheben. Dies kann die Werbema\u00dfnahmen verbessern und mehr G\u00e4ste anziehen.<\/li>\n<\/ul>\n\n\n\n<h2 class=\"wp-block-heading\">Schl\u00fcsselfaktoren f\u00fcr den Erfolg<\/h2>\n\n\n\n<p>Damit die Beratung zu Wellnesshotels effektiv ist und die gew\u00fcnschten Ergebnisse bringt, m\u00fcssen Hotels bestimmte Schl\u00fcsselfaktoren f\u00fcr den Erfolg ber\u00fccksichtigen. Diese Faktoren sind entscheidend f\u00fcr die erfolgreiche Integration von Wellness in das Angebot und den Betrieb des Hotels.<\/p>\n\n\n\n<ul class=\"wp-block-list\">\n<li><strong>Starkes Engagement f\u00fcr die Wellness-Vision:<\/strong> Ein klares und starkes Bekenntnis der Hotelleitung zum Wohlbefinden ist von grundlegender Bedeutung. Dieses Bekenntnis sollte in der Mission, den Werten und den strategischen Zielen des Hotels zum Ausdruck kommen und eine Ausrichtung im gesamten Unternehmen gew\u00e4hrleisten.<\/li>\n\n\n\n<li><strong>Verst\u00e4ndnis des Wellness-Marktes:<\/strong> In-depth knowledge of the wellness market, including current trends, guest preferences, and competitive offerings, is vital. <\/li>\n\n\n\n<li><strong>Integration aller Hotelaspekte:<\/strong> Successful wellness hotel consulting requires the integration of wellness principles across all hotel aspects. <\/li>\n\n\n\n<li><strong>Qualit\u00e4t und Authentizit\u00e4t der Wellness-Angebote:<\/strong> Die angebotenen Wellnessprogramme und -dienstleistungen sollten von hoher Qualit\u00e4t und Authentizit\u00e4t sein. Partnerschaften mit renommierten Wellnessexperten und -marken k\u00f6nnen die Glaubw\u00fcrdigkeit und Attraktivit\u00e4t der Wellnessangebote des Hotels steigern.<\/li>\n\n\n\n<li><strong>Effektives Marketing und Kommunikation:<\/strong> Marketing- und Kommunikationsstrategien sollten das Wellness-Ethos und die Wellness-Angebote des Hotels effektiv vermitteln. Die Nutzung verschiedener Kan\u00e4le, einschlie\u00dflich sozialer Medien, zur Pr\u00e4sentation der Wellness-Erlebnisse kann ein breiteres Publikum ansprechen.<\/li>\n<\/ul>\n\n\n\n<h2 class=\"wp-block-heading\">Hauptakteure im Wellnesshotel<\/h2>\n\n\n\n<p>Die Wellness-Hotelbranche zeichnet sich durch eine dynamische Vielfalt an Akteuren aus, von denen jeder mit einzigartigen Ans\u00e4tzen in Bezug auf Wellness und Gastfreundschaft zum Markt beitr\u00e4gt. Hier ist ein Blick auf einige der wichtigsten Akteure der Wellness-Hotelbranche:<\/p>\n\n\n\n<ul class=\"wp-block-list\">\n<li><strong>Globale Hotelketten mit Wellness-Marken:<\/strong> Gro\u00dfe Hotelketten haben oft spezielle Wellnessmarken oder Wellnessangebote. Beispiele hierf\u00fcr sind die Marken Miraval und Exhale von Hyatt, die umfassende Wellnesserlebnisse bieten.<\/li>\n\n\n\n<li><strong>Luxus-Spa-Resorts:<\/strong> Luxus-Spa-Resorts wie die der Marken Six Senses und COMO Shambhala sind f\u00fcr ihre erstklassigen Spa-Dienstleistungen und luxuri\u00f6sen Wellnesseinrichtungen bekannt.<\/li>\n\n\n\n<li><strong>Zielort Kurorte:<\/strong> Gesundheitsorientierte Resorts wie Canyon Ranch und Chiva-Som bieten M\u00f6glichkeiten zur Gesundheitsf\u00f6rderung mit medizinischem und alternativem Gesundheitspersonal, Fitnessprogrammen, Ern\u00e4hrungsberatung und Behandlungen.<\/li>\n\n\n\n<li><strong>Erlebnis-Wellnesshotels:<\/strong> Diese Hotels, wie beispielsweise die der Marke BodyHoliday, kombinieren Wellness mit Abenteuer- und Sportaktivit\u00e4ten und richten sich an G\u00e4ste, die ein aktives und dennoch erholsames Urlaubserlebnis suchen.<\/li>\n<\/ul>\n\n\n\n<h2 class=\"wp-block-heading\">Technologien und Tools in der Wellnesshotelberatung<\/h2>\n\n\n\n<p>The integration of technology and the use of specific tools are crucial in modern <a href=\"https:\/\/www.sisinternational.com\/de\/losungen\/reise-tourismus-und-gastgewerbeberatung\/beratung-zu-intelligenter-hoteltechnologie\/\" title=\"Beratung zu intelligenter Hoteltechnologie\" data-wpil-monitor-id=\"2833\">Wellnesshotelberatung<\/a>. These technologies and tools not only enhance the guest experience but also streamline hotel operations and wellness program management.<\/p>\n\n\n\n<ul class=\"wp-block-list\">\n<li><strong>Wellness-Software und -Plattformen:<\/strong> Softwarel\u00f6sungen wie MINDBODY oder Spafinder werden zur Verwaltung von Wellnessprogrammen, zur Buchung von Behandlungen und zur Verfolgung von G\u00e4stepr\u00e4ferenzen verwendet. Diese Plattformen rationalisieren Abl\u00e4ufe und verbessern das Buchungserlebnis der G\u00e4ste.<\/li>\n\n\n\n<li><strong>Tragbare Wellness-Technologie:<\/strong> Ger\u00e4te wie Fitbit- oder Garmin-Wearables werden zunehmend in Wellnessprogramme integriert. Sie helfen dabei, die Fitnessaktivit\u00e4ten der G\u00e4ste zu verfolgen, Gesundheitswerte zu \u00fcberwachen und Wellnesserlebnisse zu personalisieren.<\/li>\n\n\n\n<li><strong>Virtual Reality (VR) f\u00fcr Wellness-Erlebnisse:<\/strong> Mithilfe von VR-Technologien wie Oculus k\u00f6nnen immersive Meditations- oder Yoga-Erlebnisse geboten werden, die es den G\u00e4sten erm\u00f6glichen, in ruhige virtuelle Umgebungen zu entfliehen.<\/li>\n\n\n\n<li><strong>Datenanalyse-Tools:<\/strong> Tools wie Google Analytics und Tableau helfen dabei, G\u00e4stedaten zu analysieren, Vorlieben zu verstehen und Wellnessangebote entsprechend anzupassen.<\/li>\n\n\n\n<li><strong>Telemedizin und Online-Beratungen:<\/strong> Plattformen wie Teladoc oder Amwell erm\u00f6glichen es Hotels, Online-Gesundheitsberatungen mit Wellness-Experten anzubieten und so das Leistungsangebot f\u00fcr G\u00e4ste zu erweitern.<\/li>\n<\/ul>\n\n\n\n<h2 class=\"wp-block-heading\">M\u00f6glichkeiten in der Wellnesshotel-Beratung f\u00fcr Unternehmen<\/h2>\n\n\n\n<p>Der Wellnesshotelsektor bietet Unternehmen im Gastgewerbe zahlreiche Chancen, da Gesundheit, Wohlbefinden und ein bewusster Lebensstil weltweit immer mehr im Mittelpunkt stehen. Hier sind einige der wichtigsten Chancen, die Wellnesshotels bieten:<\/p>\n\n\n\n<ul class=\"wp-block-list\">\n<li><strong>Attraktivit\u00e4t f\u00fcr Nischenm\u00e4rkte schaffen:<\/strong> Specializing in wellness allows hotels to cater to specific market segments, such as yoga enthusiasts, eco-tourists, or those seeking stress relief and mental well-being. <\/li>\n\n\n\n<li><strong>H\u00f6heres Umsatzpotenzial:<\/strong> Aufgrund ihrer Spezialisierung erzielen Wellnessangebote oft Premiumpreise. G\u00e4ste sind im Allgemeinen bereit, f\u00fcr Erlebnisse, die zu ihrer Gesundheit und ihrem Wohlbefinden beitragen, mehr zu zahlen, was zu h\u00f6heren Einnahmen pro Gast f\u00fchrt.<\/li>\n\n\n\n<li><strong>Aufbau langfristiger G\u00e4stebeziehungen:<\/strong> Wellness experiences tend to foster deeper <a class=\"wpil_keyword_link\" title=\"Emotionale Verbindungen in der Kosmetik aufbauen\" data-wpil-keyword-link=\"linked\" data-wpil-monitor-id=\"628\" href=\"https:\/\/www.sisinternational.com\/de\/aufbau-emotionaler-verbindungen-in-der-kosmetik-und-unsere-forschungsergebnisse\/\">emotional connections<\/a> with guests, leading to higher guest loyalty and repeat visits. The personal nature of wellness services encourages a more intimate guest-hotel relationship.<\/li>\n\n\n\n<li><strong>Erweiterung des Serviceangebots:<\/strong> Im Wellnessbereich gibt es viel Raum f\u00fcr Innovationen. Hotels k\u00f6nnen ihr Angebot kontinuierlich um neue Behandlungen, Programme und Wellness-Aktivit\u00e4ten erweitern und so das Erlebnis frisch und ansprechend halten.<\/li>\n\n\n\n<li><strong>F\u00f6rderung der lokalen Kultur und Traditionen:<\/strong> Wellnesshotels k\u00f6nnen lokale kulturelle Praktiken und traditionelle Heilmethoden nutzen und ihren G\u00e4sten einzigartige Erlebnisse bieten, die anderswo nicht nachgeahmt werden k\u00f6nnen.<\/li>\n<\/ul>","protected":false},"excerpt":{"rendered":"<p>Durch die Integration von Wellness in jeden Aspekt des G\u00e4steerlebnisses werden Hotels zu gesunden R\u00fcckzugsorten.<\/p>","protected":false},"author":1,"featured_media":63506,"parent":44644,"menu_order":22,"comment_status":"closed","ping_status":"closed","template":"","meta":{"footnotes":""},"class_list":["post-45887","page","type-page","status-publish","has-post-thumbnail"],"_links":{"self":[{"href":"https:\/\/www.sisinternational.com\/de\/wp-json\/wp\/v2\/pages\/45887","targetHints":{"allow":["GET"]}}],"collection":[{"href":"https:\/\/www.sisinternational.com\/de\/wp-json\/wp\/v2\/pages"}],"about":[{"href":"https:\/\/www.sisinternational.com\/de\/wp-json\/wp\/v2\/types\/page"}],"author":[{"embeddable":true,"href":"https:\/\/www.sisinternational.com\/de\/wp-json\/wp\/v2\/users\/1"}],"replies":[{"embeddable":true,"href":"https:\/\/www.sisinternational.com\/de\/wp-json\/wp\/v2\/comments?post=45887"}],"version-history":[{"count":11,"href":"https:\/\/www.sisinternational.com\/de\/wp-json\/wp\/v2\/pages\/45887\/revisions"}],"predecessor-version":[{"id":82058,"href":"https:\/\/www.sisinternational.com\/de\/wp-json\/wp\/v2\/pages\/45887\/revisions\/82058"}],"up":[{"embeddable":true,"href":"https:\/\/www.sisinternational.com\/de\/wp-json\/wp\/v2\/pages\/44644"}],"wp:featuredmedia":[{"embeddable":true,"href":"https:\/\/www.sisinternational.com\/de\/wp-json\/wp\/v2\/media\/63506"}],"wp:attachment":[{"href":"https:\/\/www.sisinternational.com\/de\/wp-json\/wp\/v2\/media?parent=45887"}],"curies":[{"name":"wp","href":"https:\/\/api.w.org\/{rel}","templated":true}]}}