{"id":45858,"date":"2024-02-03T13:20:29","date_gmt":"2024-02-03T18:20:29","guid":{"rendered":"https:\/\/www.sisinternational.com\/?page_id=45858"},"modified":"2026-01-31T18:04:53","modified_gmt":"2026-01-31T23:04:53","slug":"beratung-zu-intelligenter-hoteltechnologie","status":"publish","type":"page","link":"https:\/\/www.sisinternational.com\/de\/losungen\/reise-tourismus-und-gastgewerbeberatung\/beratung-zu-intelligenter-hoteltechnologie\/","title":{"rendered":"Beratung zu intelligenter Hoteltechnologie"},"content":{"rendered":"<h1 class=\"wp-block-heading\">Beratung zu intelligenter Hoteltechnologie<\/h1>\n\n\n\n<figure class=\"gb-block-image gb-block-image-b7624551\"><img loading=\"lazy\" decoding=\"async\" width=\"1456\" height=\"816\" class=\"gb-image gb-image-b7624551\" src=\"https:\/\/www.sisinternational.com\/wp-content\/uploads\/2025\/08\/Smart-home-5.jpg\" alt=\"SIS International Marktforschung &amp; Strategie\" title=\"Smart home (5)\" srcset=\"https:\/\/www.sisinternational.com\/wp-content\/uploads\/2025\/08\/Smart-home-5.jpg 1456w, https:\/\/www.sisinternational.com\/wp-content\/uploads\/2025\/08\/Smart-home-5-300x168.jpg 300w, https:\/\/www.sisinternational.com\/wp-content\/uploads\/2025\/08\/Smart-home-5-1024x574.jpg 1024w, https:\/\/www.sisinternational.com\/wp-content\/uploads\/2025\/08\/Smart-home-5-768x430.jpg 768w, https:\/\/www.sisinternational.com\/wp-content\/uploads\/2025\/08\/Smart-home-5-18x10.jpg 18w\" sizes=\"auto, (max-width: 1456px) 100vw, 1456px\"><\/figure>\n\n\n\n<p><\/p>\n\n\n\n<hr class=\"wp-block-separator has-alpha-channel-opacity is-style-dots\"\/>\n\n\n\n<p>Die Beratung zu intelligenter Hoteltechnologie umfasst die Integration modernster Technologien wie KI, IoT und Datenanalyse, um G\u00e4sten ein nahtloses, intuitives und unvergessliches Erlebnis zu bieten. Tats\u00e4chlich wird die Einf\u00fchrung intelligenter Hoteltechnologien schnell zum Ma\u00dfstab f\u00fcr den Erfolg in der Hotelbranche, sodass es f\u00fcr Hotels unerl\u00e4sslich ist, diese Technologien effektiv zu verstehen, zu implementieren und zu optimieren.<\/p>\n\n\n\n<h2 class=\"wp-block-heading\">Smart Hotel Technology Consulting verstehen<\/h2>\n\n\n\n<p>Smart <a title=\"Beratung zur Neupositionierung von Hotels\" href=\"https:\/\/www.sisinternational.com\/de\/losungen\/reise-tourismus-und-gastgewerbeberatung\/beratung-zur-neupositionierung-von-hotels\/\" data-wpil-monitor-id=\"2982\">hotel technology consulting<\/a> combines the nuances of hospitality management with the latest technological advancements. It transforms traditional hotel operations into highly efficient, guest-centric, and technologically advanced establishments.<\/p>\n\n\n\n<p>Dabei geht es darum, f\u00fcr jeden Gast ein pers\u00f6nlicheres, ansprechenderes und nahtloseres Erlebnis zu schaffen. Von der KI-gesteuerten Zimmeranpassung bis zum mobilen Ein- und Auschecken wird Technologie eingesetzt, um die individuellen Vorlieben jedes Gastes vorherzusehen und zu ber\u00fccksichtigen. Dar\u00fcber hinaus kann intelligente Technologie eine bessere Kommunikation zwischen Hotelpersonal und G\u00e4sten erm\u00f6glichen und sicherstellen, dass Anfragen und Feedback umgehend und effizient bearbeitet werden.<\/p>\n\n\n\n<p>The adoption of smart hotel technology consulting brings a multitude of benefits to the hospitality sector, including:<\/p>\n\n\n\n<ul class=\"wp-block-list\">\n<li><strong>Datengesteuerte Erkenntnisse:<\/strong> Der Einsatz intelligenter Technologien erm\u00f6glicht es Hotels, gro\u00dfe Datenmengen zu sammeln und zu analysieren. Diese Erkenntnisse sind von unsch\u00e4tzbarem Wert, um die Vorlieben der G\u00e4ste zu verstehen, Preisstrategien zu optimieren und fundierte Entscheidungen \u00fcber den Hotelbetrieb und das Marketing zu treffen.<\/li>\n\n\n\n<li><strong>Erh\u00f6hte Umsatzm\u00f6glichkeiten:<\/strong> Intelligente Technologie er\u00f6ffnet neue M\u00f6glichkeiten zur Umsatzgenerierung. So kann beispielsweise der Upselling personalisierter Dienste oder die Nutzung von Datenanalysen f\u00fcr gezielte Marketingkampagnen die Rentabilit\u00e4t eines Hotels deutlich steigern.<\/li>\n\n\n\n<li><strong>Verbesserungen der Nachhaltigkeit:<\/strong> Viele intelligente Technologien tragen zu Nachhaltigkeitsbem\u00fchungen bei, wie beispielsweise energieeffiziente Beleuchtungs- und Klimaanlagen.<\/li>\n\n\n\n<li><strong>Verbesserte Sicherheit:<\/strong> Intelligente Technologien wie digitale Schl\u00fcssel und fortschrittliche \u00dcberwachungssysteme sorgen f\u00fcr mehr Sicherheit und ein beruhigendes Gef\u00fchl bei G\u00e4sten und Personal.<\/li>\n<\/ul>\n\n\n\n<h2 class=\"wp-block-heading\">Wann ist eine Beratung zu Smart-Hotel-Technologie sinnvoll?<\/h2>\n\n\n\n<p>Here are some key moments to consider smart hotel technology consulting:<\/p>\n\n\n\n<ul class=\"wp-block-list\">\n<li><strong>Anpassung an ver\u00e4nderte G\u00e4steerwartungen: <\/strong>Wenn ein Hotel eine L\u00fccke zwischen seinen aktuellen Dienstleistungen und den sich entwickelnden Erwartungen der G\u00e4ste feststellt, insbesondere in Bezug auf Technologie und Personalisierung, ist es an der Zeit, eine intelligente Hoteltechnologieberatung in Anspruch zu nehmen. Die G\u00e4ste von heute suchen oft nach hochtechnologischen, personalisierten Erlebnissen, und wenn diese nicht bereitgestellt werden k\u00f6nnen, kann dies zu einem Wettbewerbsnachteil f\u00fcr ein Hotel f\u00fchren.<\/li>\n\n\n\n<li><strong>Betriebliche Ineffizienzen werden offensichtlich: <\/strong>Wenn ein Hotel mit betrieblichen Herausforderungen wie hohen Energiekosten, ineffizientem Personaleinsatz oder versp\u00e4teten Dienstleistungen zu k\u00e4mpfen hat, kann eine Beratung zu intelligenter Hoteltechnologie L\u00f6sungen bieten. Technologien wie IoT und KI k\u00f6nnen den Betrieb rationalisieren und ihn effizienter und kosteng\u00fcnstiger machen.<\/li>\n\n\n\n<li><strong>Ausweitung des Betriebs: <\/strong>Wenn ein Hotel w\u00e4chst oder sein Serviceangebot erweitert, ist die Integration intelligenter Technologien entscheidend, um diesen wachsenden Umfang effektiv zu bew\u00e4ltigen. Beratung kann bei der Implementierung skalierbarer L\u00f6sungen helfen, die das Wachstum bew\u00e4ltigen, ohne die Servicequalit\u00e4t zu beeintr\u00e4chtigen.<\/li>\n\n\n\n<li><strong>Reaktion auf den Wettbewerbsdruck: <\/strong>Wenn die Konkurrenz zunehmend intelligente Technologien einsetzt und Marktanteile gewinnt, ist das ein Zeichen daf\u00fcr, dass ein Hotel seinen Ansatz modernisieren muss. Um wettbewerbsf\u00e4hig zu bleiben, muss man oft \u00e4hnliche Technologien einsetzen, um vergleichbare oder bessere G\u00e4steerlebnisse zu bieten.<\/li>\n\n\n\n<li><strong>Notwendigkeit datenbasierter Entscheidungsfindung: <\/strong>In einer Zeit, in der Daten das Wichtigste sind, sollten Hotels, denen datenbasierte Erkenntnisse f\u00fcr die Entscheidungsfindung fehlen, eine Beratung zu intelligenter Hoteltechnologie in Betracht ziehen. Die F\u00e4higkeit, G\u00e4stedaten f\u00fcr personalisierte Dienste, effiziente Abl\u00e4ufe und strategisches Marketing zu analysieren, ist von unsch\u00e4tzbarem Wert.<\/li>\n<\/ul>\n\n\n\n<h2 class=\"wp-block-heading\">Hauptakteure auf dem Markt f\u00fcr intelligente Hoteltechnologie<\/h2>\n\n\n\n<p>Der Markt f\u00fcr intelligente Hoteltechnologie zeichnet sich durch eine Vielzahl unterschiedlicher Akteure aus, die jeweils innovative L\u00f6sungen beitragen und die Zukunft des Hotelbetriebs und des G\u00e4steerlebnisses gestalten. F\u00fcr jedes Hotel, das eine Reise in die Welt der intelligenten Technologie plant, ist es von entscheidender Bedeutung, diese wichtigen Akteure und ihre Angebote zu kennen.<\/p>\n\n\n\n<ul class=\"wp-block-list\">\n<li><strong>Globale Technologiegiganten:<\/strong> Unternehmen wie Google, Amazon und Apple haben gro\u00dfen Einfluss auf den Markt der intelligenten Hoteltechnologie, vor allem durch ihre sprachgesteuerten Ger\u00e4te und KI-gesteuerten Plattformen.<\/li>\n\n\n\n<li><strong>Anbieter von IoT-L\u00f6sungen:<\/strong> Unternehmen wie Control4 und Honeywell sind Vorreiter bei der Bereitstellung von Internet of Things (IoT)-L\u00f6sungen f\u00fcr Hotels. Dazu geh\u00f6ren intelligente Thermostate, Lichtsteuerungen und Energiemanagementsysteme, die die Betriebseffizienz und den Komfort der G\u00e4ste verbessern.<\/li>\n\n\n\n<li><strong>Spezialisten f\u00fcr Datensicherheit und Datenschutz:<\/strong> Da Hotels immer mehr G\u00e4stedaten sammeln und verwalten, werden Unternehmen, die sich auf Datensicherheit und Datenschutz spezialisiert haben, unverzichtbar. Firmen wie Symantec und McAfee bieten L\u00f6sungen zum Schutz von Hotels vor Datenlecks und Cyberbedrohungen.<\/li>\n\n\n\n<li><strong>Nachhaltigkeitsinnovatoren:<\/strong> Es gibt auch Akteure, die sich auf Nachhaltigkeit konzentrieren und umweltfreundliche Technologiel\u00f6sungen anbieten. Unternehmen wie Siemens und Schneider Electric bieten intelligente Energiemanagementsysteme an, die Hotels dabei helfen, ihren \u00f6kologischen Fu\u00dfabdruck zu verringern.<\/li>\n<\/ul>\n\n\n\n<h2 class=\"wp-block-heading\">Aktuelle Trends in der Smart Hotel Technology Consulting<\/h2>\n\n\n\n<p>Die Landschaft der intelligenten Hoteltechnologie entwickelt sich st\u00e4ndig weiter. Es entstehen neue Trends, da Hotels versuchen, das G\u00e4steerlebnis zu verbessern und den Betrieb zu rationalisieren. F\u00fcr Hotels ist es wichtig, mit diesen Trends Schritt zu halten, um in der Hotelbranche wettbewerbsf\u00e4hig und relevant zu bleiben.<\/p>\n\n\n\n<ul class=\"wp-block-list\">\n<li><strong>Personalisierung durch KI:<\/strong> One of the most significant trends is the use of Artificial Intelligence (AI) to personalize guest experiences. <\/li>\n\n\n\n<li><strong>Mobile Integration:<\/strong> Die Integration mobiler Technologie in den Hotelbetrieb ist weiterhin ein bedeutender Trend. Mobiles Ein- und Auschecken, digitale Zimmerschl\u00fcssel und die M\u00f6glichkeit, Zimmerfunktionen \u00fcber eine Smartphone-App zu steuern, werden f\u00fcr technisch versierte Reisende zu Standarderwartungen.<\/li>\n\n\n\n<li><strong>Internet der Dinge (IoT) f\u00fcr betriebliche Effizienz:<\/strong> IoT wird zunehmend eingesetzt, um die Betriebseffizienz in Hotels zu steigern. Intelligente Sensoren f\u00fcr das Energiemanagement, vorausschauende Wartung mithilfe von IoT-Daten und automatisiertes Bestandsmanagement sind Beispiele daf\u00fcr, wie IoT den Hotelbetrieb ver\u00e4ndert.<\/li>\n\n\n\n<li><strong>Verbesserte Konnektivit\u00e4t:<\/strong> Highspeed-Internet und robuste WLAN-Netzwerke werden wichtiger denn je. Hotels investieren in die Infrastruktur, um eine nahtlose Konnektivit\u00e4t zu gew\u00e4hrleisten, die f\u00fcr Streaming-Dienste, Remote-Arbeit und den Betrieb intelligenter Ger\u00e4te unerl\u00e4sslich ist.<\/li>\n<\/ul>\n\n\n\n<h2 class=\"wp-block-heading\">Chancen in der Smart Hotel Technology Consulting f\u00fcr Unternehmen<\/h2>\n\n\n\n<ul class=\"wp-block-list\">\n<li><strong>Rationalisierung der Betriebsabl\u00e4ufe:<\/strong> Mithilfe intelligenter Technologieberatung k\u00f6nnen Hotels ihre Betriebsabl\u00e4ufe optimieren und effizienter und kosteng\u00fcnstiger gestalten. Automatisierte Systeme f\u00fcr Check-in\/Check-out, Zimmerservice und Housekeeping-Planung k\u00f6nnen die Betriebskosten senken und die Produktivit\u00e4t des Personals steigern.<\/li>\n\n\n\n<li><strong>Datengesteuerte Entscheidungsfindung:<\/strong> Durch die Implementierung intelligenter Technologien k\u00f6nnen Hotels gro\u00dfe Datenmengen sammeln und analysieren. Diese Daten k\u00f6nnen verwendet werden, um fundierte Entscheidungen \u00fcber Marketingstrategien, betriebliche Verbesserungen und G\u00e4steservices zu treffen, was zu besseren Gesch\u00e4ftsergebnissen f\u00fchrt.<\/li>\n\n\n\n<li><strong>Verbesserung der Energieeffizienz und Nachhaltigkeit:<\/strong> Intelligente Hoteltechnologie kann die Energieeffizienz erheblich steigern, was zu Kosteneinsparungen und einer geringeren Umweltbelastung f\u00fchrt. Intelligente Beleuchtungs-, Heizungs- und K\u00fchlsysteme k\u00f6nnen sich automatisch an die Belegung und Vorlieben anpassen und so Energieverschwendung reduzieren.<\/li>\n<\/ul>","protected":false},"excerpt":{"rendered":"<p>Die intelligente Hoteltechnologieberatung kombiniert die Nuancen des Hospitality-Managements mit den neuesten technologischen Fortschritten. <\/p>","protected":false},"author":1,"featured_media":64962,"parent":44644,"menu_order":18,"comment_status":"closed","ping_status":"closed","template":"","meta":{"footnotes":""},"class_list":["post-45858","page","type-page","status-publish","has-post-thumbnail"],"_links":{"self":[{"href":"https:\/\/www.sisinternational.com\/de\/wp-json\/wp\/v2\/pages\/45858","targetHints":{"allow":["GET"]}}],"collection":[{"href":"https:\/\/www.sisinternational.com\/de\/wp-json\/wp\/v2\/pages"}],"about":[{"href":"https:\/\/www.sisinternational.com\/de\/wp-json\/wp\/v2\/types\/page"}],"author":[{"embeddable":true,"href":"https:\/\/www.sisinternational.com\/de\/wp-json\/wp\/v2\/users\/1"}],"replies":[{"embeddable":true,"href":"https:\/\/www.sisinternational.com\/de\/wp-json\/wp\/v2\/comments?post=45858"}],"version-history":[{"count":9,"href":"https:\/\/www.sisinternational.com\/de\/wp-json\/wp\/v2\/pages\/45858\/revisions"}],"predecessor-version":[{"id":82114,"href":"https:\/\/www.sisinternational.com\/de\/wp-json\/wp\/v2\/pages\/45858\/revisions\/82114"}],"up":[{"embeddable":true,"href":"https:\/\/www.sisinternational.com\/de\/wp-json\/wp\/v2\/pages\/44644"}],"wp:featuredmedia":[{"embeddable":true,"href":"https:\/\/www.sisinternational.com\/de\/wp-json\/wp\/v2\/media\/64962"}],"wp:attachment":[{"href":"https:\/\/www.sisinternational.com\/de\/wp-json\/wp\/v2\/media?parent=45858"}],"curies":[{"name":"wp","href":"https:\/\/api.w.org\/{rel}","templated":true}]}}