{"id":45850,"date":"2024-02-02T18:38:13","date_gmt":"2024-02-02T23:38:13","guid":{"rendered":"https:\/\/www.sisinternational.com\/?page_id=45850"},"modified":"2026-01-30T23:37:11","modified_gmt":"2026-01-31T04:37:11","slug":"beratung-zur-neugestaltung-des-markenauftritts-von-geschaftshotels","status":"publish","type":"page","link":"https:\/\/www.sisinternational.com\/de\/losungen\/reise-tourismus-und-gastgewerbeberatung\/beratung-zur-neugestaltung-des-markenauftritts-von-geschaftshotels\/","title":{"rendered":"Beratung zur Neugestaltung des Markenauftritts von Gesch\u00e4ftshotels"},"content":{"rendered":"<h1 class=\"wp-block-heading\">Beratung zur Neugestaltung des Markenauftritts von Gesch\u00e4ftshotels<\/h1>\n\n\n\n<figure class=\"gb-block-image gb-block-image-7456565a\"><img loading=\"lazy\" decoding=\"async\" width=\"1456\" height=\"816\" class=\"gb-image gb-image-7456565a\" src=\"https:\/\/www.sisinternational.com\/wp-content\/uploads\/2025\/10\/Management-Consulting-Automation-2.jpg\" alt=\"SIS International Marktforschung &amp; Strategie\" title=\"Management Consulting Automation (2)\" srcset=\"https:\/\/www.sisinternational.com\/wp-content\/uploads\/2025\/10\/Management-Consulting-Automation-2.jpg 1456w, https:\/\/www.sisinternational.com\/wp-content\/uploads\/2025\/10\/Management-Consulting-Automation-2-300x168.jpg 300w, https:\/\/www.sisinternational.com\/wp-content\/uploads\/2025\/10\/Management-Consulting-Automation-2-1024x574.jpg 1024w, https:\/\/www.sisinternational.com\/wp-content\/uploads\/2025\/10\/Management-Consulting-Automation-2-768x430.jpg 768w, https:\/\/www.sisinternational.com\/wp-content\/uploads\/2025\/10\/Management-Consulting-Automation-2-18x10.jpg 18w\" sizes=\"auto, (max-width: 1456px) 100vw, 1456px\"><\/figure>\n\n\n\n<p><\/p>\n\n\n\n<hr class=\"wp-block-separator has-alpha-channel-opacity is-style-dots\"\/>\n\n\n\n<p>Bei der Rebranding-Beratung f\u00fcr Businesshotels geht es darum, zu verstehen, dass im wettbewerbsintensiven Bereich der Gesch\u00e4ftsreisen jedes Detail z\u00e4hlt \u2013 von der Effizienz des Check-in-Services bis hin zur reibungslosen Nutzung der Konferenzeinrichtungen. Sie hilft Unternehmen dabei, ein Image zu schaffen, das von Komfort, Bequemlichkeit, Innovation, Konnektivit\u00e4t und beispielloser Professionalit\u00e4t spricht.<\/p>\n\n\n\n<h2 class=\"wp-block-heading\">Was ist eine Rebranding-Beratung f\u00fcr Gesch\u00e4ftshotels?<\/h2>\n\n\n\n<p>Business <a title=\"Beratung zur Neugestaltung eines haustierfreundlichen Hotels\" href=\"https:\/\/www.sisinternational.com\/de\/losungen\/reise-tourismus-und-gastgewerbeberatung\/beratung-zur-neugestaltung-des-markenauftritts-von-haustierfreundlichen-hotels\/\" data-wpil-monitor-id=\"2823\">hotel rebranding consulting<\/a> involves a comprehensive analysis of the hotel&#8217;s current market position, brand perception, and operational efficiencies to understand the hotel&#8217;s strengths, weaknesses, opportunities, and threats in the context of the current business travel market.<\/p>\n\n\n\n<p>Moreover, this form of <a title=\"Hotel der Zukunft Beratung\" href=\"https:\/\/www.sisinternational.com\/de\/losungen\/reise-tourismus-und-gastgewerbeberatung\/hotel-der-zukunft-beratung\/\" data-wpil-monitor-id=\"7389\">Beratung<\/a> is highly focused on aligning the hotel&#8217;s services and amenities with the specific needs of business travelers. From the design of meeting rooms and the speed of internet services to the efficiency of check-in and check-out processes, every aspect is scrutinized and optimized to ensure that the hotel caters effectively to its target clientele.<\/p>\n\n\n\n<h2 class=\"wp-block-heading\">Warum ist eine Beratung zum Rebranding von Gesch\u00e4ftshotels heute wichtig?<\/h2>\n\n\n\n<p>Business <a title=\"Beratung zur Neugestaltung des Markenauftritts von Budget-Hotels\" href=\"https:\/\/www.sisinternational.com\/de\/losungen\/reise-tourismus-und-gastgewerbeberatung\/beratung-zur-neugestaltung-des-markenauftritts-von-budgethotels\/\" data-wpil-monitor-id=\"2882\">hotel rebranding consulting<\/a> ensures that hotels accurately understand and meet the expectations of their clientele, helping hotels to identify these needs and reshape their offerings accordingly.<\/p>\n\n\n\n<p>Moreover, in an era where brand perception can significantly influence decision-making, rebranding consulting is essential for crafting a compelling brand narrative. It creates a brand identity that resonates with values such as professionalism, innovation, and excellence. This <a title=\"Rebranding eines Boutique-Hotels\" href=\"https:\/\/www.sisinternational.com\/de\/losungen\/reise-tourismus-und-gastgewerbeberatung\/rebranding-eines-boutique-hotels\/\" data-wpil-monitor-id=\"2901\">rebranding effort positions the hotel<\/a> not just as a lodging option but as a partner in the traveler&#8217;s business journey, enhancing brand loyalty and preference.<\/p>\n\n\n\n<h2 class=\"wp-block-heading\">Die wichtigsten Vorteile einer Rebranding-Beratung f\u00fcr Gesch\u00e4ftshotels<\/h2>\n\n\n\n<p>Die Beratung zur Neugestaltung eines Business-Hotels er\u00f6ffnet im hart umk\u00e4mpften Gesch\u00e4ftsreisemarkt unz\u00e4hlige Vorteile \u2013 und so kann sie eine Hotelmarke transformieren und aufwerten:<\/p>\n\n\n\n<ul class=\"wp-block-list\">\n<li><strong>Wettbewerbsvorteile auf dem Markt:<\/strong> In a fiercely competitive industry, business hotel <a title=\"So k\u00f6nnen Sie Ihr Gesch\u00e4ft ausbauen\" data-wpil-monitor-id=\"1945\" href=\"https:\/\/www.sisinternational.com\/de\/so-konnen-sie-ihr-geschaft-ausbauen\/\">rebranding consulting provides the insights and strategies<\/a> necessary to differentiate the hotel from its competitors. <\/li>\n\n\n\n<li><strong>Operative Exzellenz:<\/strong> Diese Beratung befasst sich mit der Optimierung der Betriebseffizienz und stellt sicher, dass jeder Aspekt des Hotelbetriebs auf die neue Markenstrategie abgestimmt ist.<\/li>\n\n\n\n<li><strong>Robuste digitale Pr\u00e4senz:<\/strong> Durch die Rebranding-Beratung f\u00fcr Gesch\u00e4ftshotels wird sichergestellt, dass die digitalen Strategien des Hotels \u2013 von der Website bis zu den Social-Media-Kan\u00e4len \u2013 ansprechend sind, mit der neuen Markenidentit\u00e4t \u00fcbereinstimmen und effektiv umgesetzt werden, um die Sichtbarkeit und die Interaktion mit den G\u00e4sten zu verbessern.<\/li>\n<\/ul>\n\n\n\n<h2 class=\"wp-block-heading\">Wie wird eine Rebranding-Beratung f\u00fcr Gesch\u00e4ftshotels durchgef\u00fchrt?<\/h2>\n\n\n\n<p>The process begins with a thorough assessment phase, where the consulting team conducts an in-depth analysis of the hotel&#8217;s current brand position, market performance, guest feedback, and operational efficiencies. <\/p>\n\n\n\n<p>Die n\u00e4chste Phase ist die strategische Planung. In dieser Phase arbeitet das Beratungsteam mit dem Hotelmanagement zusammen, um die neue Markenvision, -mission und -werte zu definieren. Wichtige Aspekte wie der Zielmarkt des Hotels, Markendifferenzierungsmerkmale und Servicestandards werden besprochen und verfeinert.<\/p>\n\n\n\n<p>Sobald die Strategie definiert ist, liegt der Schwerpunkt auf der Umsetzung. In dieser Phase geht es darum, die strategische Vision in konkrete Ma\u00dfnahmen und \u00c4nderungen umzusetzen. Dazu kann die Neugestaltung der visuellen Identit\u00e4t des Hotels (wie Logos und Markenmaterialien), die \u00dcberarbeitung von Marketing- und Kommunikationsstrategien, die Verbesserung von Servicebereitstellungsmodellen und m\u00f6glicherweise die Renovierung physischer R\u00e4umlichkeiten geh\u00f6ren. Die Umsetzungsphase ist durch ein detailliertes Projektmanagement gekennzeichnet, das sicherstellt, dass jeder Aspekt der Neugestaltung p\u00fcnktlich, innerhalb des Budgets und nach h\u00f6chstem Standard umgesetzt wird.<\/p>\n\n\n\n<h2 class=\"wp-block-heading\">Rebranding-Beratung f\u00fcr Gesch\u00e4ftshotels vs. traditionelle Marktforschung<\/h2>\n\n\n\n<p>Der Umfang der Rebranding-Beratung f\u00fcr Gesch\u00e4ftshotels ist viel breiter als die traditionelle Marktforschung. W\u00e4hrend sich die Marktforschung normalerweise auf das Sammeln von Daten \u00fcber den Markt, die Wettbewerber und die Verbraucher konzentriert, geht die Rebranding-Beratung einen Schritt weiter. Sie beinhaltet die strategische Anwendung von Daten, um grundlegende \u00c4nderungen in der Markenidentit\u00e4t des Hotels, den G\u00e4steerlebnissen und den Betriebsstrategien voranzutreiben.<\/p>\n\n\n\n<p> The insights gained from market research are used as a foundation to develop and implement a comprehensive rebranding strategy, encompassing everything from visual identity and service offerings to marketing strategies and internal processes.<\/p>\n\n\n\n<p>Schlie\u00dflich h\u00e4ngt der Erfolg der Rebranding-Beratung f\u00fcr Gesch\u00e4ftshotels direkt von den Auswirkungen der Rebranding-Bem\u00fchungen auf die Leistung des Hotels ab. W\u00e4hrend traditionelle Marktforschung den Erfolg anhand der Genauigkeit und Relevanz der gesammelten Daten misst, misst die Rebranding-Beratung den Erfolg anhand greifbarer Ergebnisse \u2013 wie etwa verbesserter G\u00e4stezufriedenheit, erh\u00f6hter Markentreue und verbesserter finanzieller Leistung.<\/p>\n\n\n\n<h2 class=\"wp-block-heading\">M\u00f6glichkeiten der Neugestaltung von Gesch\u00e4ftshotels f\u00fcr Unternehmen<\/h2>\n\n\n\n<p>Die Beratung zur Neugestaltung von Gesch\u00e4ftshotels bietet Hotels zahlreiche M\u00f6glichkeiten, ihre Marke neu zu beleben, das G\u00e4steerlebnis zu verbessern und ihre Position auf dem wettbewerbsintensiven Gesch\u00e4ftsreisemarkt zu st\u00e4rken. So kann die Beratung zur Neugestaltung von Gesch\u00e4ftshotels bedeutende Chancen f\u00fcr Unternehmen schaffen:<\/p>\n\n\n\n<ul class=\"wp-block-list\">\n<li><strong>Neue Gesch\u00e4ftsfelder im Visier:<\/strong> Durch ein Rebranding k\u00f6nnen neue Segmente von Gesch\u00e4ftsreisenden angesprochen werden. Durch ein umfassendes Verst\u00e4ndnis und die Ausrichtung auf die spezifischen Bed\u00fcrfnisse von Nischen wie Technologieunternehmern, Teilnehmern internationaler Konferenzen oder Organisatoren von Firmenausfl\u00fcgen k\u00f6nnen Hotels neue Einnahmequellen erschlie\u00dfen und ihren Kundenstamm erweitern.<\/li>\n\n\n\n<li><strong>St\u00e4rkung der Markentreue:<\/strong> Ein erfolgreiches Rebranding kann die Markenwahrnehmung eines Hotels bei seinen G\u00e4sten deutlich verbessern. Indem Hotels das neue Markenversprechen erf\u00fcllen und die Erwartungen der G\u00e4ste \u00fcbertreffen, k\u00f6nnen sie eine st\u00e4rkere Markentreue f\u00f6rdern und zufriedene G\u00e4ste zu Markenbotschaftern und Stammkunden machen.<\/li>\n\n\n\n<li><strong>Innovation bei Dienstleistungen und Annehmlichkeiten vorantreiben:<\/strong> Business hotel rebranding consulting encourages innovation in services and amenities tailored for business travelers. <\/li>\n<\/ul>","protected":false},"excerpt":{"rendered":"<p>Die Beratung zur Neugestaltung des Markenauftritts von Gesch\u00e4ftshotels wei\u00df, dass es bei Gesch\u00e4ftsreisen auf jedes Detail ankommt, vom Check-in bis zu den Konferenzeinrichtungen.<\/p>","protected":false},"author":1,"featured_media":71588,"parent":44644,"menu_order":16,"comment_status":"closed","ping_status":"closed","template":"","meta":{"footnotes":""},"class_list":["post-45850","page","type-page","status-publish","has-post-thumbnail"],"_links":{"self":[{"href":"https:\/\/www.sisinternational.com\/de\/wp-json\/wp\/v2\/pages\/45850","targetHints":{"allow":["GET"]}}],"collection":[{"href":"https:\/\/www.sisinternational.com\/de\/wp-json\/wp\/v2\/pages"}],"about":[{"href":"https:\/\/www.sisinternational.com\/de\/wp-json\/wp\/v2\/types\/page"}],"author":[{"embeddable":true,"href":"https:\/\/www.sisinternational.com\/de\/wp-json\/wp\/v2\/users\/1"}],"replies":[{"embeddable":true,"href":"https:\/\/www.sisinternational.com\/de\/wp-json\/wp\/v2\/comments?post=45850"}],"version-history":[{"count":12,"href":"https:\/\/www.sisinternational.com\/de\/wp-json\/wp\/v2\/pages\/45850\/revisions"}],"predecessor-version":[{"id":82072,"href":"https:\/\/www.sisinternational.com\/de\/wp-json\/wp\/v2\/pages\/45850\/revisions\/82072"}],"up":[{"embeddable":true,"href":"https:\/\/www.sisinternational.com\/de\/wp-json\/wp\/v2\/pages\/44644"}],"wp:featuredmedia":[{"embeddable":true,"href":"https:\/\/www.sisinternational.com\/de\/wp-json\/wp\/v2\/media\/71588"}],"wp:attachment":[{"href":"https:\/\/www.sisinternational.com\/de\/wp-json\/wp\/v2\/media?parent=45850"}],"curies":[{"name":"wp","href":"https:\/\/api.w.org\/{rel}","templated":true}]}}