{"id":45846,"date":"2024-02-02T18:25:12","date_gmt":"2024-02-02T23:25:12","guid":{"rendered":"https:\/\/www.sisinternational.com\/?page_id=45846"},"modified":"2026-01-31T18:14:45","modified_gmt":"2026-01-31T23:14:45","slug":"beratung-zur-neugestaltung-von-resorts","status":"publish","type":"page","link":"https:\/\/www.sisinternational.com\/de\/losungen\/reise-tourismus-und-gastgewerbeberatung\/beratung-zur-neugestaltung-von-resorts\/","title":{"rendered":"Beratung zur Neugestaltung von Resorts"},"content":{"rendered":"<h1 class=\"wp-block-heading\">Beratung zur Neugestaltung von Resorts<\/h1>\n\n\n\n<figure class=\"gb-block-image gb-block-image-6fdd8c11\"><img loading=\"lazy\" decoding=\"async\" width=\"1456\" height=\"816\" class=\"gb-image gb-image-6fdd8c11\" src=\"https:\/\/www.sisinternational.com\/wp-content\/uploads\/2025\/08\/Hotel-furniture-3.jpg\" alt=\"SIS International Marktforschung &amp; Strategie\" title=\"Hotel furniture (3)\" srcset=\"https:\/\/www.sisinternational.com\/wp-content\/uploads\/2025\/08\/Hotel-furniture-3.jpg 1456w, https:\/\/www.sisinternational.com\/wp-content\/uploads\/2025\/08\/Hotel-furniture-3-300x168.jpg 300w, https:\/\/www.sisinternational.com\/wp-content\/uploads\/2025\/08\/Hotel-furniture-3-1024x574.jpg 1024w, https:\/\/www.sisinternational.com\/wp-content\/uploads\/2025\/08\/Hotel-furniture-3-768x430.jpg 768w, https:\/\/www.sisinternational.com\/wp-content\/uploads\/2025\/08\/Hotel-furniture-3-18x10.jpg 18w\" sizes=\"auto, (max-width: 1456px) 100vw, 1456px\"><\/figure>\n\n\n\n<p><\/p>\n\n\n\n<hr class=\"wp-block-separator has-alpha-channel-opacity is-style-dots\"\/>\n\n\n\n<p>Die Beratung zur Neugestaltung eines Resorts ist mehr als nur eine Dienstleistung. Es ist eine Partnerschaft, um ein Resort in ein beliebtes Reiseziel zu verwandeln. Es geht darum zu verstehen, dass in der Hotellerie die Magie im Detail liegt \u2013 und jede Interaktion und Erinnerung ein integraler Bestandteil der neuen Markengeschichte des Resorts ist.<\/p>\n\n\n\n<h2 class=\"wp-block-heading\">Resort Rebranding Consulting verstehen<\/h2>\n\n\n\n<p><a title=\"Rebranding Marktforschung\" href=\"https:\/\/www.sisinternational.com\/de\/losungen\/branding-und-kundenforschungslosungen\/rebranding-marktforschung\/\" data-wpil-monitor-id=\"6695\">Resort rebranding consulting<\/a> aligns the resort&#8217;s essence with the evolving market trends, guest preferences, and competitive landscape through the analysis of the resort&#8217;s current market position, brand perception, and operational efficiencies. It&#8217;s about taking a step back to view the resort from a bird&#8217;s-eye perspective, understanding its strengths, weaknesses, and unique selling propositions.<\/p>\n\n\n\n<p>Dar\u00fcber hinaus konzentriert sich diese Beratung stark auf das G\u00e4steerlebnis. Das ultimative Ziel besteht darin, das Resort so umzugestalten, dass es ein frisches Markenimage widerspiegelt und das G\u00e4steerlebnis auf ein neues Niveau hebt.<\/p>\n\n\n\n<h2 class=\"wp-block-heading\">Warum ist die Beratung zur Resort-Rebranding-Beratung heute ein wichtiges Instrument?<\/h2>\n\n\n\n<p>Bei der Beratung zur Neugestaltung eines Resorts geht es darum, die einzigartige Identit\u00e4t und Geschichte des Resorts genau zu verstehen. So kann eine \u00fcberzeugende Markengeschichte entwickelt werden, die bei den G\u00e4sten emotional ankommt und ihren Aufenthalt zu einem unvergesslichen Erlebnis macht.<\/p>\n\n\n\n<p>Resort rebranding consulting also addresses the online presence by integrating digital strategies into the rebranding process. From a robust online presence to engaging <a title=\"Social-Media-Strategien f\u00fcr kleine Unternehmen\" href=\"https:\/\/www.sisinternational.com\/de\/soziale-medien-in-kleinen-unternehmen\/\" data-wpil-monitor-id=\"8149\">social media strategies<\/a>, it ensures that the resort&#8217;s digital persona is a true reflection of its brand and an effective tool for engaging with guests.<\/p>\n\n\n\n<h2 class=\"wp-block-heading\">Wie wird eine Resort-Rebranding-Beratung durchgef\u00fchrt?<\/h2>\n\n\n\n<p>Initially, the process begins with a thorough assessment of the resort&#8217;s current brand position, market performance, and operational efficiencies. This involves an in-depth <a title=\"CHAID Analyse Marktforschung\" href=\"https:\/\/www.sisinternational.com\/de\/losungen\/qualitative-quantitative-forschungslosungen\/chaid-analyse-marktforschung\/\" data-wpil-monitor-id=\"8154\">analysis of market<\/a> trends, competitive landscape, guest feedback, and internal processes. The aim is to build a comprehensive picture of where the resort stands and identify the areas where rebranding can make the most significant impact.<\/p>\n\n\n\n<p>Die n\u00e4chste Phase ist die strategische Planung. In dieser Phase arbeitet das Beratungsteam mit der Leitung des Resorts zusammen, um die neue Markenvision, -mission und -werte zu definieren. In dieser Phase geht es darum, die einzigartige Geschichte der Marke zu entwickeln, sie an die Erwartungen des Zielmarkts anzupassen und klare, messbare Ziele f\u00fcr die Rebranding-Initiative festzulegen.<\/p>\n\n\n\n<p>Sobald die Strategie steht, liegt der Schwerpunkt auf der Umsetzung. Dabei geht es darum, die strategische Vision in konkrete Ver\u00e4nderungen umzusetzen. Dazu kann beispielsweise die Neugestaltung der visuellen Identit\u00e4t des Resorts, die \u00dcberarbeitung von Marketingmaterialien, die Verbesserung von Servicebereitstellungsmodellen und sogar die Renovierung physischer R\u00e4umlichkeiten geh\u00f6ren.<\/p>\n\n\n\n<p>Schlie\u00dflich wird der Erfolg des Beratungsprozesses zur Neugestaltung des Resorts kontinuierlich \u00fcberwacht und anhand der vorab festgelegten Ziele bewertet. Dabei werden die wichtigsten Leistungsindikatoren verfolgt, das Feedback der G\u00e4ste eingeholt und bei Bedarf Anpassungen vorgenommen. Ziel ist es sicherzustellen, dass die Neugestaltung die Ziele nicht nur erreicht, sondern \u00fcbertrifft und so den Weg f\u00fcr langfristigen Erfolg und Nachhaltigkeit ebnet.<\/p>\n\n\n\n<h2 class=\"wp-block-heading\"><a title=\"Erfolgsfaktoren in der Automobilmarktforschung\" href=\"https:\/\/www.sisinternational.com\/de\/schlusselfaktoren-fur-den-erfolg-in-der-automobilmarktforschung\/\" data-wpil-monitor-id=\"8150\">Schl\u00fcsselfaktoren f\u00fcr den Erfolg<\/a><\/h2>\n\n\n\n<p>Damit die Beratung zur Markenneugestaltung eines Resorts seine Markenidentit\u00e4t und Marktposition wirksam ver\u00e4ndern kann, m\u00fcssen die Resorts bestimmte Kriterien erf\u00fcllen, um sicherzustellen, dass die neue Marke des Resorts bei den G\u00e4sten Anklang findet und sich im wettbewerbsintensiven Hotel- und Gastst\u00e4ttengewerbe abhebt.<\/p>\n\n\n\n<ul class=\"wp-block-list\">\n<li><strong>Strategische Klarheit und Ausrichtung:<\/strong> The foundation of a successful rebranding initiative is a clear, well-defined strategy that aligns with the resort&#8217;s long-term vision and goals. <\/li>\n\n\n\n<li><strong>G\u00e4stezentrierter Ansatz:<\/strong> Im Mittelpunkt der Beratung zur Neugestaltung des Resorts steht das G\u00e4steerlebnis. Es ist entscheidend, die Bed\u00fcrfnisse, Vorlieben und Verhaltensweisen der G\u00e4ste zu verstehen und vorherzusehen. Bei der Neugestaltung sollte es darum gehen, das G\u00e4steerlebnis an jedem Kontaktpunkt zu verbessern, es pers\u00f6nlicher und einpr\u00e4gsamer zu gestalten und es mit dem Markenversprechen in Einklang zu bringen.<\/li>\n\n\n\n<li><strong>Effektive Stakeholder-Kommunikation und -Einbindung:<\/strong> Ein erfolgreiches Rebranding erfordert die Zustimmung und Unterst\u00fctzung aller Beteiligten, einschlie\u00dflich Management, Personal, G\u00e4ste und Partner. Transparente Kommunikation, die Einbeziehung aller Beteiligten in den Rebranding-Prozess und die proaktive Auseinandersetzung mit Anliegen sind f\u00fcr einen reibungslosen \u00dcbergang und eine breite Akzeptanz der neuen Marke von entscheidender Bedeutung.<\/li>\n\n\n\n<li><strong>Konsistenz \u00fcber alle Kan\u00e4le hinweg:<\/strong> Eine einheitliche Vermittlung der Markenbotschaft \u00fcber alle Kan\u00e4le hinweg \u2013 vom digitalen Marketing bis hin zu Interaktionen vor Ort \u2013 ist unerl\u00e4sslich. Jeder Aspekt des Resorts, einschlie\u00dflich Marketingmaterialien, G\u00e4steservices und digitaler Pr\u00e4senz, sollte die Ziele der Neugestaltung widerspiegeln und ein einheitliches und umfassendes Markenerlebnis bieten.<\/li>\n\n\n\n<li><strong>Kontinuierliche \u00dcberwachung und Anpassung:<\/strong> Rebranding is not a one-time event but an ongoing process of evolution. Continuous <a title=\"F\u00fchrendes Unternehmen zur \u00dcberwachung von B2B-Markttrends\" data-wpil-monitor-id=\"8152\" href=\"https:\/\/www.sisinternational.com\/de\/fuhrendes-unternehmen-zur-uberwachung-von-b2b-markttrends\/\">monitoring of market trends<\/a>, guest feedback, and performance metrics is crucial. The resort must be prepared to adapt and refine its <a title=\"Organisationsdesign Marktforschung\" data-wpil-monitor-id=\"8148\" href=\"https:\/\/www.sisinternational.com\/de\/die-rolle-der-prozess-und-systementwicklung-fur-den-unternehmenserfolg\/\">strategies<\/a> in response to new insights and changing market dynamics, ensuring the brand remains relevant and competitive.<\/li>\n<\/ul>\n\n\n\n<h2 class=\"wp-block-heading\">Aktuelle Trends in der Resort-Rebranding-Beratung<\/h2>\n\n\n\n<p>Resort rebranding consulting is an ever-evolving field, shaped by emerging trends in consumer behavior, technological advancements, and <a title=\"Global Beverage Market: Market Dynamics, Growth Projections &amp; Consumer Insights\" href=\"https:\/\/www.sisinternational.com\/de\/global-beverage-market\/\" data-wpil-monitor-id=\"8151\">global market dynamics<\/a> \u2013 and here are some of the current trends that are defining the landscape of resort rebranding consulting:<\/p>\n\n\n\n<ul class=\"wp-block-list\">\n<li><strong>Nachhaltigkeit und umweltbewusstes Branding:<\/strong> Resorts integrieren zunehmend umweltfreundliche Praktiken und Nachhaltigkeitsprinzipien in ihre Rebranding-Strategien. Bei diesem Trend geht es darum, eine Markenerz\u00e4hlung zu schaffen, die bei der wachsenden Bev\u00f6lkerungsgruppe umweltbewusster Reisender Anklang findet und das Resort als verantwortungsvolle, ethische Wahl hervorhebt.<\/li>\n\n\n\n<li><strong>Erlebnisorientiertes und immersives Branding:<\/strong> Die Reisenden von heute suchen einzigartige, authentische Erlebnisse. Die Beratung zur Neugestaltung von Resorts konzentriert sich auf die Entwicklung umfassender, erlebnisorientierter Markenkonzepte, die \u00fcber die traditionelle Gastfreundschaft hinausgehen. Dies k\u00f6nnte die Integration der lokalen Kultur, das Angebot ma\u00dfgeschneiderter Erlebnisse oder die Schaffung umfassender Umgebungen umfassen, in denen sich die G\u00e4ste voll und ganz auf die Markengeschichte des Resorts einlassen k\u00f6nnen.<\/li>\n\n\n\n<li><strong>Personalisierung und Anpassung:<\/strong> Moderne Reisende legen Wert auf Erlebnisse, die auf ihre Vorlieben und Erwartungen zugeschnitten sind. Resorts nutzen Datenanalysen und G\u00e4steeinblicke, um ihre Dienstleistungen, ihr Marketing und ihre Interaktion mit G\u00e4sten anzupassen und so ein personalisiertes, h\u00f6chst ansprechendes G\u00e4steerlebnis zu gew\u00e4hrleisten.<\/li>\n<\/ul>","protected":false},"excerpt":{"rendered":"<p>Durch die Beratung zur Neugestaltung eines Resorts wird die Essenz des Resorts an die sich entwickelnden Markttrends, G\u00e4stepr\u00e4ferenzen und das Wettbewerbsumfeld angepasst.<\/p>","protected":false},"author":1,"featured_media":63576,"parent":44644,"menu_order":15,"comment_status":"closed","ping_status":"closed","template":"","meta":{"footnotes":""},"class_list":["post-45846","page","type-page","status-publish","has-post-thumbnail"],"_links":{"self":[{"href":"https:\/\/www.sisinternational.com\/de\/wp-json\/wp\/v2\/pages\/45846","targetHints":{"allow":["GET"]}}],"collection":[{"href":"https:\/\/www.sisinternational.com\/de\/wp-json\/wp\/v2\/pages"}],"about":[{"href":"https:\/\/www.sisinternational.com\/de\/wp-json\/wp\/v2\/types\/page"}],"author":[{"embeddable":true,"href":"https:\/\/www.sisinternational.com\/de\/wp-json\/wp\/v2\/users\/1"}],"replies":[{"embeddable":true,"href":"https:\/\/www.sisinternational.com\/de\/wp-json\/wp\/v2\/comments?post=45846"}],"version-history":[{"count":9,"href":"https:\/\/www.sisinternational.com\/de\/wp-json\/wp\/v2\/pages\/45846\/revisions"}],"predecessor-version":[{"id":82116,"href":"https:\/\/www.sisinternational.com\/de\/wp-json\/wp\/v2\/pages\/45846\/revisions\/82116"}],"up":[{"embeddable":true,"href":"https:\/\/www.sisinternational.com\/de\/wp-json\/wp\/v2\/pages\/44644"}],"wp:featuredmedia":[{"embeddable":true,"href":"https:\/\/www.sisinternational.com\/de\/wp-json\/wp\/v2\/media\/63576"}],"wp:attachment":[{"href":"https:\/\/www.sisinternational.com\/de\/wp-json\/wp\/v2\/media?parent=45846"}],"curies":[{"name":"wp","href":"https:\/\/api.w.org\/{rel}","templated":true}]}}