{"id":45635,"date":"2024-01-26T18:03:46","date_gmt":"2024-01-26T23:03:46","guid":{"rendered":"https:\/\/www.sisinternational.com\/?page_id=45635"},"modified":"2026-01-30T23:56:05","modified_gmt":"2026-01-31T04:56:05","slug":"marktforschung-fur-hotelketten","status":"publish","type":"page","link":"https:\/\/www.sisinternational.com\/de\/losungen\/reise-tourismus-und-gastgewerbeberatung\/marktforschung-fur-hotelketten\/","title":{"rendered":"Marktforschung f\u00fcr Hotelketten"},"content":{"rendered":"<h1 class=\"wp-block-heading\">Marktforschung f\u00fcr Hotelketten<\/h1>\n\n\n\n<figure class=\"gb-block-image gb-block-image-d0892460\"><img loading=\"lazy\" decoding=\"async\" width=\"1456\" height=\"816\" class=\"gb-image gb-image-d0892460\" src=\"https:\/\/www.sisinternational.com\/wp-content\/uploads\/2025\/08\/Hotel-furniture-4.jpg\" alt=\"SIS International Marktforschung &amp; Strategie\" title=\"Hotel furniture (4)\" srcset=\"https:\/\/www.sisinternational.com\/wp-content\/uploads\/2025\/08\/Hotel-furniture-4.jpg 1456w, https:\/\/www.sisinternational.com\/wp-content\/uploads\/2025\/08\/Hotel-furniture-4-300x168.jpg 300w, https:\/\/www.sisinternational.com\/wp-content\/uploads\/2025\/08\/Hotel-furniture-4-1024x574.jpg 1024w, https:\/\/www.sisinternational.com\/wp-content\/uploads\/2025\/08\/Hotel-furniture-4-768x430.jpg 768w, https:\/\/www.sisinternational.com\/wp-content\/uploads\/2025\/08\/Hotel-furniture-4-18x10.jpg 18w\" sizes=\"auto, (max-width: 1456px) 100vw, 1456px\"><\/figure>\n\n\n\n<p><\/p>\n\n\n\n<hr class=\"wp-block-separator has-alpha-channel-opacity is-style-dots\"\/>\n\n\n\n<p>Wie k\u00f6nnen Hotelketten in einem hart umk\u00e4mpften Umfeld die Nase vorn behalten? Die Antwort ist in der Regel Marktforschung f\u00fcr Hotelketten. Sie hilft Hotelketten dabei, sich in der Marktdynamik, den sich entwickelnden Verbraucherpr\u00e4ferenzen und dem sich st\u00e4ndig \u00e4ndernden Wettbewerbsumfeld im Gastgewerbe zurechtzufinden.<\/p>\n\n\n\n<h2 class=\"wp-block-heading\">Was ist Marktforschung f\u00fcr Hotelketten?<\/h2>\n\n\n\n<p>Chain <a title=\"Marktforschung f\u00fcr Hotelm\u00f6bel\" data-wpil-monitor-id=\"3820\" href=\"https:\/\/www.sisinternational.com\/de\/sachverstand\/branchen\/marktforschung-fur-hotelmobel\/\">Hotelmarktforschung<\/a> studies the evolving needs and preferences of guests, from budget travelers to luxury seekers. This research helps chain hotels in fine-tuning their services, amenities, and operational strategies to meet these diverse expectations. Moreover, it helps chain hotels to identify and capitalize on emerging trends, whether it\u2019s in technology adoption, customer service innovations, or sustainability practices.<\/p>\n\n\n\n<h2 class=\"wp-block-heading\">Warum Unternehmen Marktforschung f\u00fcr Hotelketten ben\u00f6tigen<\/h2>\n\n\n\n<p>Chain <a title=\"Hotelumfrage Marktforschung\" href=\"https:\/\/www.sisinternational.com\/de\/sachverstand\/branchen\/hotelumfrage-marktforschung\/\" data-wpil-monitor-id=\"6254\">Hotelmarktforschung<\/a> offers numerous benefits in the hospitality industry, including:<\/p>\n\n\n\n<ul class=\"wp-block-list\">\n<li><strong>Informierte Gesch\u00e4ftsstrategien:<\/strong> Marktforschung liefert wertvolle Einblicke in Markttrends, Verbraucherverhalten und Branchendynamik. Diese Informationen sind entscheidend f\u00fcr die Entwicklung fundierter Gesch\u00e4ftsstrategien, von der Expansion und Renovierung bis hin zur Serviceverbesserung und Markenpositionierung.<\/li>\n\n\n\n<li><strong>Verbessertes G\u00e4steerlebnis und Zufriedenheit:<\/strong> Understanding guest preferences and expectations is vital for chain hotels. <a title=\"Marktforschung f\u00fcr die Lieferkette\" data-wpil-monitor-id=\"6547\" href=\"https:\/\/www.sisinternational.com\/de\/losungen\/strategieberatung\/marktforschung-fur-die-lieferkette\/\">Chain hotel market research<\/a> helps in tailoring services and amenities to meet these needs, thereby enhancing guest satisfaction and loyalty. It also aids in identifying areas for improvement in guest experiences.<\/li>\n\n\n\n<li><strong>Risikominimierung und Zukunftsplanung:<\/strong> Marktforschung hilft bei der Identifizierung potenzieller Risiken und Herausforderungen in der Hotellerie. Diese Vorausschau ist entscheidend f\u00fcr die Risikominderung und die Zukunftssicherheit des Unternehmens gegen\u00fcber Konjunkturabschw\u00fcngen, sich \u00e4ndernden Verbrauchertrends und technologischen Umbr\u00fcchen.<\/li>\n\n\n\n<li><strong>Datengesteuerte Entscheidungsfindung:<\/strong> Entscheidungen, die auf soliden Daten und Forschung basieren, f\u00fchren eher zum Erfolg. Marktforschung liefert die Daten, die f\u00fcr fundierte Entscheidungen in verschiedenen Aspekten des Hotelmanagements und -betriebs erforderlich sind.<\/li>\n<\/ul>\n\n\n\n<h2 class=\"wp-block-heading\">Unterscheidet sich die Marktforschung f\u00fcr Hotelketten von der traditionellen Marktforschung?<\/h2>\n\n\n\n<p>Chain hotel market research, while <a title=\"Marktforschung f\u00fcr Mitfahrgelegenheiten\" href=\"https:\/\/www.sisinternational.com\/de\/sachverstand\/branchen\/marktforschung-zur-ridesharing-branche\/\" data-wpil-monitor-id=\"6378\">sharing similarities with traditional market research<\/a>, has distinct characteristics tailored to the unique needs and dynamics of the hotel industry \u2013 and here are some ways in which chain hotel market research differs:<\/p>\n\n\n\n<ul class=\"wp-block-list\">\n<li><strong>Branchenspezifischer Fokus:<\/strong> Chain <a class=\"wpil_keyword_link\" href=\"https:\/\/www.sisinternational.com\/de\/sachverstand\/branchen\/hotelmarktforschung\/\"   title=\"Hotelmarktforschung\" data-wpil-keyword-link=\"linked\"  data-wpil-monitor-id=\"11326\">Hotelmarktforschung<\/a> is specifically tailored to the hospitality industry, focusing on factors like occupancy rates, average daily rates, revenue per available room, guest satisfaction, and loyalty metrics. <\/li>\n\n\n\n<li><strong>Schwerpunkt auf G\u00e4steerlebnis und -zufriedenheit:<\/strong> While traditional market research may focus on general consumer behavior and preferences, chain hotel market research places a greater emphasis on understanding and enhancing the guest experience. <\/li>\n\n\n\n<li><strong>Integration von Online-Buchungstrends:<\/strong> Die Recherche umfasst h\u00e4ufig eine Analyse von Online-Buchungstrends, Buchungsplattformen von Drittanbietern und digitalen Marketingstrategien, die entscheidende Komponenten des modernen Hotelmarketings und -betriebs sind.<\/li>\n\n\n\n<li><strong>Fokus auf betriebliche Effizienz:<\/strong> Die Marktforschung f\u00fcr Kettenhotels untersucht Aspekte der Betriebseffizienz, die f\u00fcr die Hotelbranche einzigartig sind, wie etwa die Effizienz des Zimmerservice, die Standards der Hauswirtschaft und die M\u00f6glichkeiten des Veranstaltungsmanagements.<\/li>\n\n\n\n<li><strong>Bewertung saisonaler und zyklischer Trends:<\/strong> Die Hotelbranche unterliegt erheblichen saisonalen und zyklischen Schwankungen. Die Marktforschung f\u00fcr Kettenhotels untersucht diese Muster genau, um die Nachfrage vorherzusagen und die Preis- und Marketingstrategien entsprechend zu optimieren.<\/li>\n<\/ul>\n\n\n\n<h2 class=\"wp-block-heading\">Was Sie von der Marktforschung f\u00fcr Hotelketten erwarten k\u00f6nnen<\/h2>\n\n\n\n<p>Durch Marktforschung gewinnen Unternehmen eine F\u00fclle von Informationen, die f\u00fcr die strategische Entscheidungsfindung und den effizienten Betrieb in der Hotel- und Gastronomiebranche von entscheidender Bedeutung sind. Und hier erfahren Sie, was die Beteiligten von dieser spezialisierten Marktforschung erwarten k\u00f6nnen:<\/p>\n\n\n\n<ul class=\"wp-block-list\">\n<li><strong>Detaillierte Wettbewerbsanalyse:<\/strong> This research includes a comprehensive assessment of competitors. It provides an understanding of competitors&#8217; strategies, strengths, weaknesses, and market positioning. <\/li>\n\n\n\n<li><strong>Erkenntnisse zur betrieblichen Effizienz:<\/strong> Businesses can anticipate insights into operational efficiency aspects of chain hotels, including room utilization, staff productivity, service quality, and cost management. <\/li>\n\n\n\n<li><strong>Technologische Trends und Einf\u00fchrung:<\/strong> Die Marktforschung wird auch die technologischen Trends in der Hotelbranche abdecken, wie etwa den Einsatz von KI, IoT und digitalen Plattformen zur Verbesserung des Kundenerlebnisses und der Betriebseffizienz.<\/li>\n\n\n\n<li><strong>Wirtschaftliche und regulatorische Faktoren:<\/strong> <a title=\"Wirtschaftsausblick und Marktforschung f\u00fcr Katar\" data-wpil-monitor-id=\"3570\" href=\"https:\/\/www.sisinternational.com\/de\/wirtschaftsausblick-fur-katar\/\">Chain hotel market research<\/a> encompasses the analysis of economic trends and regulatory factors impacting the hotel industry. <\/li>\n\n\n\n<li><strong>Future <\/strong><a title=\"Musik-Streaming-Marktforschung\" data-wpil-monitor-id=\"2580\" href=\"https:\/\/www.sisinternational.com\/de\/musik-streaming-marktforschung\/\">Market Predictions and Trends: This research<\/a> will often include predictions about future market trends and shifts. These forecasts are essential for long-term strategic planning and ensuring that the business remains relevant and competitive in the evolving hospitality landscape.<\/li>\n<\/ul>\n\n\n\n<h2 class=\"wp-block-heading\">M\u00f6glichkeiten der Marktforschung f\u00fcr Hotelketten<\/h2>\n\n\n\n<p>Marktforschung er\u00f6ffnet Unternehmen im Gastgewerbe zahlreiche M\u00f6glichkeiten und hilft ihnen, in einem wettbewerbsintensiven Umfeld wirksame Strategien zu entwickeln. Zu den wichtigsten M\u00f6glichkeiten z\u00e4hlen:<\/p>\n\n\n\n<ul class=\"wp-block-list\">\n<li><strong>Markterweiterung und Diversifizierung:<\/strong> Durch Marktforschung f\u00fcr Hotelketten k\u00f6nnen neue geografische M\u00e4rkte oder Kundensegmente identifiziert werden, die reif f\u00fcr eine Expansion sind. Hotelketten k\u00f6nnen diese Erkenntnisse nutzen, um ihr Portfolio zu diversifizieren und neue oder unterversorgte M\u00e4rkte zu erschlie\u00dfen.<\/li>\n\n\n\n<li><strong>Verbesserung von Service und Erlebnis:<\/strong> Wenn Hotelketten die Vorlieben und Erwartungen ihrer Kunden kennen, k\u00f6nnen sie ihre Dienstleistungen und das G\u00e4steerlebnis verbessern. Dies kann von der Verbesserung der Ausstattung bis hin zur Personalisierung der Interaktion mit den G\u00e4sten reichen, alles mit dem Ziel, die Kundenzufriedenheit und -treue zu erh\u00f6hen.<\/li>\n\n\n\n<li><strong>Entwicklung einer Wettbewerbsstrategie:<\/strong> Mithilfe einer detaillierten Wettbewerbsanalyse k\u00f6nnen Hotelketten Strategien entwickeln, um ihr Angebot von der Konkurrenz abzuheben. Dies k\u00f6nnen einzigartige Marketingstrategien, innovative Serviceangebote oder wettbewerbsf\u00e4hige Preismodelle sein.<\/li>\n\n\n\n<li><strong>Technologieintegration und Innovation:<\/strong> Einblicke in technologische Trends und Kundenerwartungen in Bezug auf Technologie k\u00f6nnen Kettenhotels bei der Integration der neuesten Innovationen unterst\u00fctzen. Dazu k\u00f6nnen digitale Check-ins, intelligente Zimmerfunktionen oder Daten geh\u00f6ren.<\/li>\n<\/ul>\n\n\n\n<h2 class=\"wp-block-heading\">Herausforderungen der Marktforschung f\u00fcr Hotelketten<\/h2>\n\n\n\n<p>W\u00e4hrend Marktforschung f\u00fcr Hotelketten f\u00fcr die strategische Planung und Entscheidungsfindung von unsch\u00e4tzbarem Wert ist, bringt sie auch einige Herausforderungen mit sich, die Unternehmen in der Hotelbranche bew\u00e4ltigen m\u00fcssen. Diese Herausforderungen k\u00f6nnen sich auf die Wirksamkeit der Forschung und die Umsetzung ihrer Ergebnisse auswirken.<\/p>\n\n\n\n<ul class=\"wp-block-list\">\n<li><strong>Abw\u00e4gung globaler und lokaler Erkenntnisse:<\/strong> F\u00fcr Hotelketten mit mehreren Standorten ist es eine gro\u00dfe Herausforderung, globale Trends mit lokalen Marktnuancen in Einklang zu bringen. Die Forschung muss umfassend genug sein, um globale Muster abzudecken, und gleichzeitig detailliert genug, um Erkenntnisse zu liefern, die f\u00fcr bestimmte lokale M\u00e4rkte relevant sind.<\/li>\n\n\n\n<li><strong>Integrating Online and Offline Guest Feedback: <\/strong>In the digital age, guest feedback comes from various online and offline sources. Consolidating and making sense of this feedback to gain a comprehensive understanding of guest satisfaction and preferences can be challenging.<\/li>\n\n\n\n<li><strong>Sammeln von Wettbewerbsinformationen:<\/strong> Es kann schwierig sein, genaue und umfassende Informationen \u00fcber die Konkurrenz zu erhalten, insbesondere wenn es sich um zahlreiche Konkurrenten handelt oder diese in unterschiedlichen Marktsegmenten t\u00e4tig sind.<\/li>\n\n\n\n<li><strong>Anpassung an technologische Innovationen:<\/strong> Das rasante Tempo technologischer Innovationen im Gastgewerbe, etwa in den Bereichen KI, IoT und Mobiltechnologien, erfordert eine kontinuierliche Anpassung der Marktforschungsmethoden.<\/li>\n\n\n\n<li><strong>Regulatorische und Compliance-Faktoren:<\/strong> Das Navigieren durch die komplexe Regulierungslandschaft kann, insbesondere f\u00fcr Hotelketten, die in mehreren Rechtsr\u00e4umen t\u00e4tig sind, eine Herausforderung sein. Marktforschung f\u00fcr Hotelketten hilft dabei, diese unterschiedlichen Regulierungsumgebungen und ihre Auswirkungen auf den Hotelbetrieb zu ber\u00fccksichtigen.<\/li>\n<\/ul>","protected":false},"excerpt":{"rendered":"<p>Die Marktforschung f\u00fcr Hotelketten untersucht die sich entwickelnden Bed\u00fcrfnisse und unterschiedlichen Servicepr\u00e4ferenzen der G\u00e4ste, vom preisbewussten Reisenden bis zum Luxussuchenden.<\/p>","protected":false},"author":1,"featured_media":63577,"parent":44644,"menu_order":12,"comment_status":"closed","ping_status":"closed","template":"","meta":{"footnotes":""},"class_list":["post-45635","page","type-page","status-publish","has-post-thumbnail"],"_links":{"self":[{"href":"https:\/\/www.sisinternational.com\/de\/wp-json\/wp\/v2\/pages\/45635","targetHints":{"allow":["GET"]}}],"collection":[{"href":"https:\/\/www.sisinternational.com\/de\/wp-json\/wp\/v2\/pages"}],"about":[{"href":"https:\/\/www.sisinternational.com\/de\/wp-json\/wp\/v2\/types\/page"}],"author":[{"embeddable":true,"href":"https:\/\/www.sisinternational.com\/de\/wp-json\/wp\/v2\/users\/1"}],"replies":[{"embeddable":true,"href":"https:\/\/www.sisinternational.com\/de\/wp-json\/wp\/v2\/comments?post=45635"}],"version-history":[{"count":11,"href":"https:\/\/www.sisinternational.com\/de\/wp-json\/wp\/v2\/pages\/45635\/revisions"}],"predecessor-version":[{"id":82077,"href":"https:\/\/www.sisinternational.com\/de\/wp-json\/wp\/v2\/pages\/45635\/revisions\/82077"}],"up":[{"embeddable":true,"href":"https:\/\/www.sisinternational.com\/de\/wp-json\/wp\/v2\/pages\/44644"}],"wp:featuredmedia":[{"embeddable":true,"href":"https:\/\/www.sisinternational.com\/de\/wp-json\/wp\/v2\/media\/63577"}],"wp:attachment":[{"href":"https:\/\/www.sisinternational.com\/de\/wp-json\/wp\/v2\/media?parent=45635"}],"curies":[{"name":"wp","href":"https:\/\/api.w.org\/{rel}","templated":true}]}}